{"id":12650,"date":"2024-05-13T20:49:41","date_gmt":"2024-05-13T18:49:41","guid":{"rendered":"https:\/\/andreaskalcker.com\/envio-de-testimonios-para-la-nueva-edicion-del-libro-salud-prohibida\/"},"modified":"2024-05-14T12:05:16","modified_gmt":"2024-05-14T10:05:16","slug":"testimonials-fuer-die-neue-ausgabe-des-buches-gesundheit-verboten","status":"publish","type":"page","link":"https:\/\/andreaskalcker.com\/de\/testimonials-fuer-die-neue-ausgabe-des-buches-gesundheit-verboten\/","title":{"rendered":"Testimonials f\u00fcr die neue Ausgabe des Buches Gesundheit verboten"},"content":{"rendered":"\t\t<div data-elementor-type=\"wp-page\" data-elementor-id=\"12650\" class=\"elementor elementor-12650 elementor-12645\" data-elementor-post-type=\"page\">\n\t\t\t\t\t\t<section class=\"elementor-section elementor-top-section elementor-element elementor-element-26583fe elementor-section-boxed elementor-section-height-default elementor-section-height-default wpr-particle-no wpr-jarallax-no wpr-parallax-no wpr-sticky-section-no\" data-id=\"26583fe\" data-element_type=\"section\">\n\t\t\t\t\t\t<div class=\"elementor-container elementor-column-gap-default\">\n\t\t\t\t\t<div class=\"elementor-column elementor-col-100 elementor-top-column elementor-element elementor-element-2446590\" data-id=\"2446590\" data-element_type=\"column\">\n\t\t\t<div class=\"elementor-widget-wrap elementor-element-populated\">\n\t\t\t\t\t\t<div class=\"elementor-element elementor-element-300ce74 elementor-widget elementor-widget-text-editor\" data-id=\"300ce74\" data-element_type=\"widget\" data-widget_type=\"text-editor.default\">\n\t\t\t\t<div class=\"elementor-widget-container\">\n\t\t\t\t\t\t\t\t\t<h4><b>Teilen Sie Ihren Erfahrungsbericht<\/b><\/h4><p>Ihre Erfahrung ist wichtig f\u00fcr uns und kann andere inspirieren. Beteiligen Sie sich an der neuen Ausgabe des Buches &#8222;Gesundheit verboten&#8220;, indem Sie Ihre Geschichte mitteilen.<\/p><h4>\u00a0<\/h4><h4><b>Wie man mitmacht<\/b><\/h4><p><b style=\"background-color: var(--base-3); color: var(--contrast);\">Pers\u00f6nliche Informationen:<\/b><\/p><ul><li aria-level=\"\u201e1\u201c\"><b>Voller Vor- und Nachname:<\/b> wird in der gedruckten Version des Buches erscheinen.<\/li><li aria-level=\"\u201e1\u201c\"><b>Optional contact:<\/b> teilen Sie Ihre E-Mail, soziale Medien oder Telegram. Diese Informationen werden ausschlie\u00dflich in digitaler Form zug\u00e4nglich sein, damit die Leser Sie kontaktieren k\u00f6nnen.<\/li><\/ul><p><b style=\"background-color: var(--base-3); color: var(--contrast);\">Unterst\u00fctzende Dokumentation:<\/b><\/p><ul><li style=\"list-style-type: none;\"><ul><li aria-level=\"\u201e1\u201c\"><strong>F\u00fcgen Sie grafische Beweise oder medizinische Dokumente bei, die Ihre Aussage untermauern<\/strong>. Diese sind wichtig, um den Wahrheitsgehalt Ihrer Geschichte zu belegen..<\/li><\/ul><\/li><\/ul><p><b>Detaillieren Sie Ihre Erfahrung:<\/b>.<\/p><ul><li aria-level=\"\u201e1\u201c\">Z\u00e4hlen Sie die Verbesserungen auf, die mit den in unserem Formular angegebenen Bedingungen zusammenh\u00e4ngen.<\/li><\/ul><h4><b>Einreichungsfrist: 28. Mai 2024<\/b><\/h4><p>.<\/p>\t\t\t\t\t\t\t\t<\/div>\n\t\t\t\t<\/div>\n\t\t\t\t<div class=\"elementor-element elementor-element-36f911d elementor-widget elementor-widget-text-editor\" data-id=\"36f911d\" data-element_type=\"widget\" data-widget_type=\"text-editor.default\">\n\t\t\t\t<div class=\"elementor-widget-container\">\n\t\t\t\t\t\t\t\t\t<p><strong>Ihre Geschichte ist wichtig. Helfen Sie anderen, indem Sie erz\u00e4hlen, wie Sie die gesundheitlichen Probleme mit Chlordioxid \u00fcberwunden haben.<\/strong><\/p><p>Wir danken Ihnen f\u00fcr Ihren wertvollen Beitrag.<\/p><p>Andreas Kalcker<\/p>\t\t\t\t\t\t\t\t<\/div>\n\t\t\t\t<\/div>\n\t\t\t\t<div class=\"elementor-element elementor-element-52ff593 elementor-widget elementor-widget-spacer\" data-id=\"52ff593\" data-element_type=\"widget\" data-widget_type=\"spacer.default\">\n\t\t\t\t<div class=\"elementor-widget-container\">\n\t\t\t\t\t\t\t<div class=\"elementor-spacer\">\n\t\t\t<div class=\"elementor-spacer-inner\"><\/div>\n\t\t<\/div>\n\t\t\t\t\t\t<\/div>\n\t\t\t\t<\/div>\n\t\t\t\t<div class=\"elementor-element elementor-element-c719059 elementor-align-center elementor-widget elementor-widget-button\" data-id=\"c719059\" data-element_type=\"widget\" data-widget_type=\"button.default\">\n\t\t\t\t<div class=\"elementor-widget-container\">\n\t\t\t\t\t\t\t\t\t<div class=\"elementor-button-wrapper\">\n\t\t\t\t\t<a class=\"elementor-button elementor-button-link elementor-size-sm\" href=\"https:\/\/opnform.com\/forms\/formularanfrage-xeznos\">\n\t\t\t\t\t\t<span class=\"elementor-button-content-wrapper\">\n\t\t\t\t\t\t\t\t\t<span class=\"elementor-button-text\">Mein Zeugnis jetzt abschicken<\/span>\n\t\t\t\t\t<\/span>\n\t\t\t\t\t<\/a>\n\t\t\t\t<\/div>\n\t\t\t\t\t\t\t\t<\/div>\n\t\t\t\t<\/div>\n\t\t\t\t<div class=\"elementor-element elementor-element-0fcc4da elementor-widget elementor-widget-spacer\" data-id=\"0fcc4da\" data-element_type=\"widget\" data-widget_type=\"spacer.default\">\n\t\t\t\t<div class=\"elementor-widget-container\">\n\t\t\t\t\t\t\t<div class=\"elementor-spacer\">\n\t\t\t<div class=\"elementor-spacer-inner\"><\/div>\n\t\t<\/div>\n\t\t\t\t\t\t<\/div>\n\t\t\t\t<\/div>\n\t\t\t\t\t<\/div>\n\t\t<\/div>\n\t\t\t\t\t<\/div>\n\t\t<\/section>\n\t\t\t\t<\/div>\n\t\t","protected":false},"excerpt":{"rendered":"<p>Teilen Sie Ihren Erfahrungsbericht Ihre Erfahrung ist wichtig f\u00fcr uns und kann andere inspirieren. Beteiligen Sie sich an der neuen Ausgabe des Buches &#8222;Gesundheit verboten&#8220;, indem Sie Ihre Geschichte mitteilen. Wie man mitmacht Pers\u00f6nliche Informationen: Voller Vor- und Nachname: wird in der gedruckten Version des Buches erscheinen. Optional contact: teilen Sie Ihre E-Mail, soziale Medien oder Telegram. Diese Informationen werden ausschlie\u00dflich in digitaler Form zug\u00e4nglich sein, damit die Leser Sie kontaktieren k\u00f6nnen. Unterst\u00fctzende Dokumentation: F\u00fcgen Sie grafische Beweise oder medizinische Dokumente bei, die Ihre Aussage untermauern. Diese sind wichtig, um den Wahrheitsgehalt Ihrer Geschichte zu belegen.. Detaillieren Sie Ihre Erfahrung:. Z\u00e4hlen Sie die Verbesserungen auf, die mit den in unserem Formular angegebenen Bedingungen zusammenh\u00e4ngen. Einreichungsfrist: 28. Mai 2024 . Ihre Geschichte ist wichtig. Helfen Sie anderen, indem Sie erz\u00e4hlen, wie Sie die gesundheitlichen Probleme mit Chlordioxid \u00fcberwunden haben. Wir danken Ihnen f\u00fcr Ihren wertvollen Beitrag. Andreas Kalcker Mein Zeugnis jetzt abschicken<\/p>\n","protected":false},"author":1,"featured_media":0,"parent":0,"menu_order":0,"comment_status":"closed","ping_status":"closed","template":"","meta":{"footnotes":""},"class_list":["post-12650","page","type-page","status-publish"],"yoast_head":"<!-- This site is optimized with the Yoast SEO Premium plugin v22.2 (Yoast SEO v25.8) - https:\/\/yoast.com\/wordpress\/plugins\/seo\/ -->\n<title>Testimonials f\u00fcr die neue Ausgabe des Buches Gesundheit verboten - Andreas Kalcker<\/title>\n<meta name=\"robots\" content=\"index, follow, max-snippet:-1, max-image-preview:large, max-video-preview:-1\" \/>\n<link rel=\"canonical\" href=\"https:\/\/andreaskalcker.com\/envio-de-testimonios-para-la-nueva-edicion-del-libro-salud-prohibida\/\" \/>\n<meta property=\"og:locale\" content=\"de_DE\" \/>\n<meta property=\"og:type\" content=\"article\" \/>\n<meta property=\"og:title\" content=\"Testimonials f\u00fcr die neue Ausgabe des Buches Gesundheit verboten\" \/>\n<meta property=\"og:description\" content=\"Teilen Sie Ihren Erfahrungsbericht Ihre Erfahrung ist wichtig f\u00fcr uns und kann andere inspirieren. Beteiligen Sie sich an der neuen Ausgabe des Buches &#8222;Gesundheit verboten&#8220;, indem Sie Ihre Geschichte mitteilen. Wie man mitmacht Pers\u00f6nliche Informationen: Voller Vor- und Nachname: wird in der gedruckten Version des Buches erscheinen. Optional contact: teilen Sie Ihre E-Mail, soziale Medien oder Telegram. Diese Informationen werden ausschlie\u00dflich in digitaler Form zug\u00e4nglich sein, damit die Leser Sie kontaktieren k\u00f6nnen. Unterst\u00fctzende Dokumentation: F\u00fcgen Sie grafische Beweise oder medizinische Dokumente bei, die Ihre Aussage untermauern. Diese sind wichtig, um den Wahrheitsgehalt Ihrer Geschichte zu belegen.. Detaillieren Sie Ihre Erfahrung:. Z\u00e4hlen Sie die Verbesserungen auf, die mit den in unserem Formular angegebenen Bedingungen zusammenh\u00e4ngen. Einreichungsfrist: 28. Mai 2024 . Ihre Geschichte ist wichtig. Helfen Sie anderen, indem Sie erz\u00e4hlen, wie Sie die gesundheitlichen Probleme mit Chlordioxid \u00fcberwunden haben. Wir danken Ihnen f\u00fcr Ihren wertvollen Beitrag. Andreas Kalcker Mein Zeugnis jetzt abschicken\" \/>\n<meta property=\"og:url\" content=\"https:\/\/andreaskalcker.com\/envio-de-testimonios-para-la-nueva-edicion-del-libro-salud-prohibida\/\" \/>\n<meta property=\"og:site_name\" content=\"Andreas Kalcker\" \/>\n<meta property=\"article:modified_time\" content=\"2024-05-14T10:05:16+00:00\" \/>\n<meta name=\"twitter:card\" content=\"summary_large_image\" \/>\n<meta name=\"twitter:label1\" content=\"Gesch\u00e4tzte Lesezeit\" \/>\n\t<meta name=\"twitter:data1\" content=\"1\u00a0Minute\" \/>\n<script type=\"application\/ld+json\" class=\"yoast-schema-graph\">{\"@context\":\"https:\/\/schema.org\",\"@graph\":[{\"@type\":\"WebPage\",\"@id\":\"https:\/\/andreaskalcker.com\/envio-de-testimonios-para-la-nueva-edicion-del-libro-salud-prohibida\/\",\"url\":\"https:\/\/andreaskalcker.com\/envio-de-testimonios-para-la-nueva-edicion-del-libro-salud-prohibida\/\",\"name\":\"Testimonials f\u00fcr die neue Ausgabe des Buches Gesundheit verboten - Andreas Kalcker\",\"isPartOf\":{\"@id\":\"https:\/\/andreaskalcker.com\/#website\"},\"datePublished\":\"2024-05-13T18:49:41+00:00\",\"dateModified\":\"2024-05-14T10:05:16+00:00\",\"breadcrumb\":{\"@id\":\"https:\/\/andreaskalcker.com\/envio-de-testimonios-para-la-nueva-edicion-del-libro-salud-prohibida\/#breadcrumb\"},\"inLanguage\":\"de\",\"potentialAction\":[{\"@type\":\"ReadAction\",\"target\":[\"https:\/\/andreaskalcker.com\/envio-de-testimonios-para-la-nueva-edicion-del-libro-salud-prohibida\/\"]}]},{\"@type\":\"BreadcrumbList\",\"@id\":\"https:\/\/andreaskalcker.com\/envio-de-testimonios-para-la-nueva-edicion-del-libro-salud-prohibida\/#breadcrumb\",\"itemListElement\":[{\"@type\":\"ListItem\",\"position\":1,\"name\":\"Portada\",\"item\":\"https:\/\/andreaskalcker.com\/\"},{\"@type\":\"ListItem\",\"position\":2,\"name\":\"Testimonials f\u00fcr die neue Ausgabe des Buches Gesundheit verboten\"}]},{\"@type\":\"WebSite\",\"@id\":\"https:\/\/andreaskalcker.com\/#website\",\"url\":\"https:\/\/andreaskalcker.com\/\",\"name\":\"Andreas Kalcker\",\"description\":\"Official website\",\"potentialAction\":[{\"@type\":\"SearchAction\",\"target\":{\"@type\":\"EntryPoint\",\"urlTemplate\":\"https:\/\/andreaskalcker.com\/?s={search_term_string}\"},\"query-input\":{\"@type\":\"PropertyValueSpecification\",\"valueRequired\":true,\"valueName\":\"search_term_string\"}}],\"inLanguage\":\"de\"}]}<\/script>\n<!-- \/ Yoast SEO Premium plugin. -->","yoast_head_json":{"title":"Testimonials f\u00fcr die neue Ausgabe des Buches Gesundheit verboten - Andreas Kalcker","robots":{"index":"index","follow":"follow","max-snippet":"max-snippet:-1","max-image-preview":"max-image-preview:large","max-video-preview":"max-video-preview:-1"},"canonical":"https:\/\/andreaskalcker.com\/envio-de-testimonios-para-la-nueva-edicion-del-libro-salud-prohibida\/","og_locale":"de_DE","og_type":"article","og_title":"Testimonials f\u00fcr die neue Ausgabe des Buches Gesundheit verboten","og_description":"Teilen Sie Ihren Erfahrungsbericht Ihre Erfahrung ist wichtig f\u00fcr uns und kann andere inspirieren. Beteiligen Sie sich an der neuen Ausgabe des Buches &#8222;Gesundheit verboten&#8220;, indem Sie Ihre Geschichte mitteilen. Wie man mitmacht Pers\u00f6nliche Informationen: Voller Vor- und Nachname: wird in der gedruckten Version des Buches erscheinen. Optional contact: teilen Sie Ihre E-Mail, soziale Medien oder Telegram. Diese Informationen werden ausschlie\u00dflich in digitaler Form zug\u00e4nglich sein, damit die Leser Sie kontaktieren k\u00f6nnen. Unterst\u00fctzende Dokumentation: F\u00fcgen Sie grafische Beweise oder medizinische Dokumente bei, die Ihre Aussage untermauern. Diese sind wichtig, um den Wahrheitsgehalt Ihrer Geschichte zu belegen.. Detaillieren Sie Ihre Erfahrung:. Z\u00e4hlen Sie die Verbesserungen auf, die mit den in unserem Formular angegebenen Bedingungen zusammenh\u00e4ngen. Einreichungsfrist: 28. Mai 2024 . Ihre Geschichte ist wichtig. Helfen Sie anderen, indem Sie erz\u00e4hlen, wie Sie die gesundheitlichen Probleme mit Chlordioxid \u00fcberwunden haben. Wir danken Ihnen f\u00fcr Ihren wertvollen Beitrag. Andreas Kalcker Mein Zeugnis jetzt abschicken","og_url":"https:\/\/andreaskalcker.com\/envio-de-testimonios-para-la-nueva-edicion-del-libro-salud-prohibida\/","og_site_name":"Andreas Kalcker","article_modified_time":"2024-05-14T10:05:16+00:00","twitter_card":"summary_large_image","twitter_misc":{"Gesch\u00e4tzte Lesezeit":"1\u00a0Minute"},"schema":{"@context":"https:\/\/schema.org","@graph":[{"@type":"WebPage","@id":"https:\/\/andreaskalcker.com\/envio-de-testimonios-para-la-nueva-edicion-del-libro-salud-prohibida\/","url":"https:\/\/andreaskalcker.com\/envio-de-testimonios-para-la-nueva-edicion-del-libro-salud-prohibida\/","name":"Testimonials f\u00fcr die neue Ausgabe des Buches Gesundheit verboten - Andreas Kalcker","isPartOf":{"@id":"https:\/\/andreaskalcker.com\/#website"},"datePublished":"2024-05-13T18:49:41+00:00","dateModified":"2024-05-14T10:05:16+00:00","breadcrumb":{"@id":"https:\/\/andreaskalcker.com\/envio-de-testimonios-para-la-nueva-edicion-del-libro-salud-prohibida\/#breadcrumb"},"inLanguage":"de","potentialAction":[{"@type":"ReadAction","target":["https:\/\/andreaskalcker.com\/envio-de-testimonios-para-la-nueva-edicion-del-libro-salud-prohibida\/"]}]},{"@type":"BreadcrumbList","@id":"https:\/\/andreaskalcker.com\/envio-de-testimonios-para-la-nueva-edicion-del-libro-salud-prohibida\/#breadcrumb","itemListElement":[{"@type":"ListItem","position":1,"name":"Portada","item":"https:\/\/andreaskalcker.com\/"},{"@type":"ListItem","position":2,"name":"Testimonials f\u00fcr die neue Ausgabe des Buches Gesundheit verboten"}]},{"@type":"WebSite","@id":"https:\/\/andreaskalcker.com\/#website","url":"https:\/\/andreaskalcker.com\/","name":"Andreas Kalcker","description":"Official website","potentialAction":[{"@type":"SearchAction","target":{"@type":"EntryPoint","urlTemplate":"https:\/\/andreaskalcker.com\/?s={search_term_string}"},"query-input":{"@type":"PropertyValueSpecification","valueRequired":true,"valueName":"search_term_string"}}],"inLanguage":"de"}]}},"_links":{"self":[{"href":"https:\/\/andreaskalcker.com\/de\/wp-json\/wp\/v2\/pages\/12650","targetHints":{"allow":["GET"]}}],"collection":[{"href":"https:\/\/andreaskalcker.com\/de\/wp-json\/wp\/v2\/pages"}],"about":[{"href":"https:\/\/andreaskalcker.com\/de\/wp-json\/wp\/v2\/types\/page"}],"author":[{"embeddable":true,"href":"https:\/\/andreaskalcker.com\/de\/wp-json\/wp\/v2\/users\/1"}],"replies":[{"embeddable":true,"href":"https:\/\/andreaskalcker.com\/de\/wp-json\/wp\/v2\/comments?post=12650"}],"version-history":[{"count":0,"href":"https:\/\/andreaskalcker.com\/de\/wp-json\/wp\/v2\/pages\/12650\/revisions"}],"wp:attachment":[{"href":"https:\/\/andreaskalcker.com\/de\/wp-json\/wp\/v2\/media?parent=12650"}],"curies":[{"name":"wp","href":"https:\/\/api.w.org\/{rel}","templated":true}]}}