{"id":13851,"date":"2023-07-17T19:29:41","date_gmt":"2023-07-17T17:29:41","guid":{"rendered":"https:\/\/andreaskalcker.com\/beispielseite\/"},"modified":"2025-02-17T11:13:47","modified_gmt":"2025-02-17T10:13:47","slug":"beispielseite","status":"publish","type":"page","link":"https:\/\/andreaskalcker.com\/de\/beispielseite\/","title":{"rendered":"Beispielseite"},"content":{"rendered":"\n<p>Dies ist eine Beispielseite. Er unterscheidet sich von einem Blogbeitrag, da er an einem Ort verbleibt und in der Navigation Ihrer Website erscheint (in den meisten Themes). Die meisten beginnen mit einer &#8222;\u00dcber&#8220;-Seite, auf der sie sich den potenziellen Besuchern der Website vorstellen. Sie k\u00f6nnten etwas in dieser Art sagen:<\/p>\n\n<blockquote class=\"wp-block-quote is-layout-flow wp-block-quote-is-layout-flow\"><p>Hallo! Tags\u00fcber bin ich Kellner, nachts ein aufstrebender Schauspieler und dies ist meine Website. Ich wohne in Mairena del Alcor, ich habe einen Hund namens Firulais und ich mag Rebujito. (Und lange Nachmittage mit Kaffee).<\/p><\/blockquote>\n\n<p>&#8230;oder so etwas in der Art:<\/p>\n\n<blockquote class=\"wp-block-quote is-layout-flow wp-block-quote-is-layout-flow\"><p>Das Unternehmen &#8222;Mariscos Recio&#8220; wurde von Antonio Recio Mata gegr\u00fcndet. Es begann als kleines Unternehmen, das Hotels und Restaurants mit Meeresfr\u00fcchten belieferte, hat sich aber nach und nach zu einem riesigen Imperium entwickelt. Mariscos Recio, das Meer zum besten Preis.<\/p><\/blockquote>\n\n<p>Als neuer WordPress-Benutzer sollten Sie zu <a href=\"https:\/\/andreaskalcker.com\/wp-admin\/\">Ihrem Desktop<\/a> gehen, um diese Seite zu l\u00f6schen und neue Seiten f\u00fcr Ihre Inhalte zu erstellen. Viel Spa\u00df!<\/p>\n","protected":false},"excerpt":{"rendered":"<p>Dies ist eine Beispielseite. Er unterscheidet sich von einem Blogbeitrag, da er an einem Ort verbleibt und in der Navigation Ihrer Website erscheint (in den meisten Themes). Die meisten beginnen mit einer &#8222;\u00dcber&#8220;-Seite, auf der sie sich den potenziellen Besuchern der Website vorstellen. Sie k\u00f6nnten etwas in dieser Art sagen: Hallo! Tags\u00fcber bin ich Kellner, nachts ein aufstrebender Schauspieler und dies ist meine Website. Ich wohne in Mairena del Alcor, ich habe einen Hund namens Firulais und ich mag Rebujito. (Und lange Nachmittage mit Kaffee). &#8230;oder so etwas in der Art: Das Unternehmen &#8222;Mariscos Recio&#8220; wurde von Antonio Recio Mata gegr\u00fcndet. Es begann als kleines Unternehmen, das Hotels und Restaurants mit Meeresfr\u00fcchten belieferte, hat sich aber nach und nach zu einem riesigen Imperium entwickelt. Mariscos Recio, das Meer zum besten Preis. Als neuer WordPress-Benutzer sollten Sie zu Ihrem Desktop gehen, um diese Seite zu l\u00f6schen und neue Seiten f\u00fcr Ihre Inhalte zu erstellen. Viel Spa\u00df!<\/p>\n","protected":false},"author":1,"featured_media":0,"parent":0,"menu_order":0,"comment_status":"closed","ping_status":"open","template":"","meta":{"footnotes":""},"class_list":["post-13851","page","type-page","status-publish"],"yoast_head":"<!-- This site is optimized with the Yoast SEO Premium plugin v22.2 (Yoast SEO v25.8) - https:\/\/yoast.com\/wordpress\/plugins\/seo\/ -->\n<title>Beispielseite - Andreas Kalcker<\/title>\n<meta name=\"robots\" content=\"index, follow, max-snippet:-1, max-image-preview:large, max-video-preview:-1\" \/>\n<link rel=\"canonical\" href=\"https:\/\/andreaskalcker.com\/pagina-ejemplo\/\" \/>\n<meta property=\"og:locale\" content=\"de_DE\" \/>\n<meta property=\"og:type\" content=\"article\" \/>\n<meta property=\"og:title\" content=\"Beispielseite\" \/>\n<meta property=\"og:description\" content=\"Dies ist eine Beispielseite. Er unterscheidet sich von einem Blogbeitrag, da er an einem Ort verbleibt und in der Navigation Ihrer Website erscheint (in den meisten Themes). Die meisten beginnen mit einer &#8222;\u00dcber&#8220;-Seite, auf der sie sich den potenziellen Besuchern der Website vorstellen. Sie k\u00f6nnten etwas in dieser Art sagen: Hallo! Tags\u00fcber bin ich Kellner, nachts ein aufstrebender Schauspieler und dies ist meine Website. Ich wohne in Mairena del Alcor, ich habe einen Hund namens Firulais und ich mag Rebujito. (Und lange Nachmittage mit Kaffee). &#8230;oder so etwas in der Art: Das Unternehmen &#8222;Mariscos Recio&#8220; wurde von Antonio Recio Mata gegr\u00fcndet. Es begann als kleines Unternehmen, das Hotels und Restaurants mit Meeresfr\u00fcchten belieferte, hat sich aber nach und nach zu einem riesigen Imperium entwickelt. Mariscos Recio, das Meer zum besten Preis. Als neuer WordPress-Benutzer sollten Sie zu Ihrem Desktop gehen, um diese Seite zu l\u00f6schen und neue Seiten f\u00fcr Ihre Inhalte zu erstellen. Viel Spa\u00df!\" \/>\n<meta property=\"og:url\" content=\"https:\/\/andreaskalcker.com\/pagina-ejemplo\/\" \/>\n<meta property=\"og:site_name\" content=\"Andreas Kalcker\" \/>\n<meta property=\"article:modified_time\" content=\"2025-02-17T10:13:47+00:00\" \/>\n<meta name=\"twitter:card\" content=\"summary_large_image\" \/>\n<meta name=\"twitter:label1\" content=\"Gesch\u00e4tzte Lesezeit\" \/>\n\t<meta name=\"twitter:data1\" content=\"1\u00a0Minute\" \/>\n<script type=\"application\/ld+json\" class=\"yoast-schema-graph\">{\"@context\":\"https:\/\/schema.org\",\"@graph\":[{\"@type\":\"WebPage\",\"@id\":\"https:\/\/andreaskalcker.com\/pagina-ejemplo\/\",\"url\":\"https:\/\/andreaskalcker.com\/pagina-ejemplo\/\",\"name\":\"Beispielseite - Andreas Kalcker\",\"isPartOf\":{\"@id\":\"https:\/\/andreaskalcker.com\/#website\"},\"datePublished\":\"2023-07-17T17:29:41+00:00\",\"dateModified\":\"2025-02-17T10:13:47+00:00\",\"breadcrumb\":{\"@id\":\"https:\/\/andreaskalcker.com\/pagina-ejemplo\/#breadcrumb\"},\"inLanguage\":\"de\",\"potentialAction\":[{\"@type\":\"ReadAction\",\"target\":[\"https:\/\/andreaskalcker.com\/pagina-ejemplo\/\"]}]},{\"@type\":\"BreadcrumbList\",\"@id\":\"https:\/\/andreaskalcker.com\/pagina-ejemplo\/#breadcrumb\",\"itemListElement\":[{\"@type\":\"ListItem\",\"position\":1,\"name\":\"Portada\",\"item\":\"https:\/\/andreaskalcker.com\/\"},{\"@type\":\"ListItem\",\"position\":2,\"name\":\"Beispielseite\"}]},{\"@type\":\"WebSite\",\"@id\":\"https:\/\/andreaskalcker.com\/#website\",\"url\":\"https:\/\/andreaskalcker.com\/\",\"name\":\"Andreas Kalcker\",\"description\":\"Official website\",\"potentialAction\":[{\"@type\":\"SearchAction\",\"target\":{\"@type\":\"EntryPoint\",\"urlTemplate\":\"https:\/\/andreaskalcker.com\/?s={search_term_string}\"},\"query-input\":{\"@type\":\"PropertyValueSpecification\",\"valueRequired\":true,\"valueName\":\"search_term_string\"}}],\"inLanguage\":\"de\"}]}<\/script>\n<!-- \/ Yoast SEO Premium plugin. -->","yoast_head_json":{"title":"Beispielseite - Andreas Kalcker","robots":{"index":"index","follow":"follow","max-snippet":"max-snippet:-1","max-image-preview":"max-image-preview:large","max-video-preview":"max-video-preview:-1"},"canonical":"https:\/\/andreaskalcker.com\/pagina-ejemplo\/","og_locale":"de_DE","og_type":"article","og_title":"Beispielseite","og_description":"Dies ist eine Beispielseite. Er unterscheidet sich von einem Blogbeitrag, da er an einem Ort verbleibt und in der Navigation Ihrer Website erscheint (in den meisten Themes). Die meisten beginnen mit einer &#8222;\u00dcber&#8220;-Seite, auf der sie sich den potenziellen Besuchern der Website vorstellen. Sie k\u00f6nnten etwas in dieser Art sagen: Hallo! Tags\u00fcber bin ich Kellner, nachts ein aufstrebender Schauspieler und dies ist meine Website. Ich wohne in Mairena del Alcor, ich habe einen Hund namens Firulais und ich mag Rebujito. (Und lange Nachmittage mit Kaffee). &#8230;oder so etwas in der Art: Das Unternehmen &#8222;Mariscos Recio&#8220; wurde von Antonio Recio Mata gegr\u00fcndet. Es begann als kleines Unternehmen, das Hotels und Restaurants mit Meeresfr\u00fcchten belieferte, hat sich aber nach und nach zu einem riesigen Imperium entwickelt. Mariscos Recio, das Meer zum besten Preis. Als neuer WordPress-Benutzer sollten Sie zu Ihrem Desktop gehen, um diese Seite zu l\u00f6schen und neue Seiten f\u00fcr Ihre Inhalte zu erstellen. Viel Spa\u00df!","og_url":"https:\/\/andreaskalcker.com\/pagina-ejemplo\/","og_site_name":"Andreas Kalcker","article_modified_time":"2025-02-17T10:13:47+00:00","twitter_card":"summary_large_image","twitter_misc":{"Gesch\u00e4tzte Lesezeit":"1\u00a0Minute"},"schema":{"@context":"https:\/\/schema.org","@graph":[{"@type":"WebPage","@id":"https:\/\/andreaskalcker.com\/pagina-ejemplo\/","url":"https:\/\/andreaskalcker.com\/pagina-ejemplo\/","name":"Beispielseite - Andreas Kalcker","isPartOf":{"@id":"https:\/\/andreaskalcker.com\/#website"},"datePublished":"2023-07-17T17:29:41+00:00","dateModified":"2025-02-17T10:13:47+00:00","breadcrumb":{"@id":"https:\/\/andreaskalcker.com\/pagina-ejemplo\/#breadcrumb"},"inLanguage":"de","potentialAction":[{"@type":"ReadAction","target":["https:\/\/andreaskalcker.com\/pagina-ejemplo\/"]}]},{"@type":"BreadcrumbList","@id":"https:\/\/andreaskalcker.com\/pagina-ejemplo\/#breadcrumb","itemListElement":[{"@type":"ListItem","position":1,"name":"Portada","item":"https:\/\/andreaskalcker.com\/"},{"@type":"ListItem","position":2,"name":"Beispielseite"}]},{"@type":"WebSite","@id":"https:\/\/andreaskalcker.com\/#website","url":"https:\/\/andreaskalcker.com\/","name":"Andreas Kalcker","description":"Official website","potentialAction":[{"@type":"SearchAction","target":{"@type":"EntryPoint","urlTemplate":"https:\/\/andreaskalcker.com\/?s={search_term_string}"},"query-input":{"@type":"PropertyValueSpecification","valueRequired":true,"valueName":"search_term_string"}}],"inLanguage":"de"}]}},"_links":{"self":[{"href":"https:\/\/andreaskalcker.com\/de\/wp-json\/wp\/v2\/pages\/13851","targetHints":{"allow":["GET"]}}],"collection":[{"href":"https:\/\/andreaskalcker.com\/de\/wp-json\/wp\/v2\/pages"}],"about":[{"href":"https:\/\/andreaskalcker.com\/de\/wp-json\/wp\/v2\/types\/page"}],"author":[{"embeddable":true,"href":"https:\/\/andreaskalcker.com\/de\/wp-json\/wp\/v2\/users\/1"}],"replies":[{"embeddable":true,"href":"https:\/\/andreaskalcker.com\/de\/wp-json\/wp\/v2\/comments?post=13851"}],"version-history":[{"count":0,"href":"https:\/\/andreaskalcker.com\/de\/wp-json\/wp\/v2\/pages\/13851\/revisions"}],"wp:attachment":[{"href":"https:\/\/andreaskalcker.com\/de\/wp-json\/wp\/v2\/media?parent=13851"}],"curies":[{"name":"wp","href":"https:\/\/api.w.org\/{rel}","templated":true}]}}