{"id":14345,"date":"2024-03-18T08:28:42","date_gmt":"2024-03-18T07:28:42","guid":{"rendered":"https:\/\/andreaskalcker.com\/ai-fragen-sie-unsere-kuenstliche-intelligenz\/"},"modified":"2025-02-17T11:31:07","modified_gmt":"2025-02-17T10:31:07","slug":"ai-fragen-sie-unsere-kuenstliche-intelligenz","status":"publish","type":"page","link":"https:\/\/andreaskalcker.com\/de\/ai-fragen-sie-unsere-kuenstliche-intelligenz\/","title":{"rendered":"AI Fragen Sie unsere k\u00fcnstliche Intelligenz"},"content":{"rendered":"\t\t<div data-elementor-type=\"wp-page\" data-elementor-id=\"14345\" class=\"elementor elementor-14345 elementor-11870\" data-elementor-post-type=\"page\">\n\t\t\t\t\t\t<section class=\"elementor-section elementor-top-section elementor-element elementor-element-505c104a elementor-section-boxed elementor-section-height-default elementor-section-height-default wpr-particle-no wpr-jarallax-no wpr-parallax-no wpr-sticky-section-no\" data-id=\"505c104a\" data-element_type=\"section\" data-settings=\"{&quot;background_background&quot;:&quot;gradient&quot;,&quot;background_motion_fx_motion_fx_scrolling&quot;:&quot;yes&quot;,&quot;background_motion_fx_motion_fx_mouse&quot;:&quot;yes&quot;,&quot;background_motion_fx_mouseTrack_effect&quot;:&quot;yes&quot;,&quot;background_motion_fx_devices&quot;:[&quot;desktop&quot;,&quot;tablet&quot;,&quot;mobile&quot;],&quot;background_motion_fx_mouseTrack_speed&quot;:{&quot;unit&quot;:&quot;px&quot;,&quot;size&quot;:1,&quot;sizes&quot;:[]}}\">\n\t\t\t\t\t\t<div class=\"elementor-container elementor-column-gap-default\">\n\t\t\t\t\t<div class=\"elementor-column elementor-col-100 elementor-top-column elementor-element elementor-element-b9d58d9\" data-id=\"b9d58d9\" data-element_type=\"column\">\n\t\t\t<div class=\"elementor-widget-wrap elementor-element-populated\">\n\t\t\t\t\t\t<div class=\"elementor-element elementor-element-4e1bedf1 elementor-widget elementor-widget-heading\" data-id=\"4e1bedf1\" data-element_type=\"widget\" data-widget_type=\"heading.default\">\n\t\t\t\t<div class=\"elementor-widget-container\">\n\t\t\t\t\t<h2 class=\"elementor-heading-title elementor-size-default\">AI Fragen Sie unsere k\u00fcnstliche Intelligenz<\/h2>\t\t\t\t<\/div>\n\t\t\t\t<\/div>\n\t\t\t\t\t<\/div>\n\t\t<\/div>\n\t\t\t\t\t<\/div>\n\t\t<\/section>\n\t\t\t\t<section class=\"elementor-section elementor-top-section elementor-element elementor-element-651a4b5 elementor-section-boxed elementor-section-height-default elementor-section-height-default wpr-particle-no wpr-jarallax-no wpr-parallax-no wpr-sticky-section-no\" data-id=\"651a4b5\" data-element_type=\"section\">\n\t\t\t\t\t\t<div class=\"elementor-container elementor-column-gap-default\">\n\t\t\t\t\t<div class=\"elementor-column elementor-col-100 elementor-top-column elementor-element elementor-element-358b473\" data-id=\"358b473\" data-element_type=\"column\">\n\t\t\t<div class=\"elementor-widget-wrap elementor-element-populated\">\n\t\t\t\t\t\t<div class=\"elementor-element elementor-element-1d65db0 elementor-widget elementor-widget-text-editor\" data-id=\"1d65db0\" data-element_type=\"widget\" data-widget_type=\"text-editor.default\">\n\t\t\t\t<div class=\"elementor-widget-container\">\n\t\t\t\t\t\t\t\t\t<p><strong>Willkommen bei unserer Plattform f\u00fcr intelligente Unterst\u00fctzung<\/strong><\/p><p><strong> <\/strong><\/p><p>In diesem Bereich unserer Website bieten wir Ihnen ein einzigartiges und leistungsf\u00e4higes Tool an: einen direkten Zugang zu unserem Assistenten mit k\u00fcnstlicher Intelligenz, der Sie f\u00fchren und Ihnen schnelle Antworten zu den Inhalten und Ressourcen unserer Website geben soll. Dieses Tool wird <b>auf Testbasis ver\u00f6ffentlicht<\/b>.<\/p><p> <\/p><p>Dieser Assistent ist eine au\u00dfergew\u00f6hnliche Ressource, die Ihnen hilft, sich in unserem umfangreichen Angebot an Informationen, Artikeln, Forschungsergebnissen und mehr zurechtzufinden. Es ist jedoch wichtig zu verstehen, dass dieses Tool zwar dazu dient, Ihnen die Suche nach Wissen zu erleichtern und Ihre Zweifel effizient zu beseitigen, dass es jedoch <strong>nicht die direkten Worte oder Ratschl\u00e4ge von Andreas Kalcker wieder<\/strong>gibt.<\/p><p> <\/p><p>K\u00fcnstliche Intelligenz ist eine fortschrittliche Technologie, die aus gro\u00dfen Mengen von Informationen lernt und sich bem\u00fcht, genaue und relevante Antworten zu geben. Doch wie alle Technologien ist auch diese nicht narrensicher. Es ist m\u00f6glich, dass die von diesem Assistenten zur Verf\u00fcgung gestellten Informationen gelegentlich nicht ganz korrekt sind oder im Vergleich zu den neuesten Erkenntnissen oder Ver\u00f6ffentlichungen auf unserer offiziellen Website <a href=\"https:\/\/andreaskalcker.com\/de\/\" target=\"_blank\" rel=\"noopener\">andreaskalcker.com veraltet sind .<\/a><\/p><p> <\/p><p>Wir bitten Sie daher dringend, diesen Service als Ausgangspunkt zu nutzen, als erste Hilfe bei Ihrer Suche nach Informationen. Denken Sie aber immer daran, <strong>die Informationen mit den direkt auf unserer offiziellen Website ver\u00f6ffentlichten Inhalten abzugleichen<\/strong>. So stellen Sie sicher, dass Ihre Entscheidungen auf der Grundlage der genauesten und aktuellsten Informationen getroffen werden.<\/p><p> <\/p><p>Unser Ziel ist es, Sie mit Wissen zu versorgen und Ihnen Zugang zu wichtigen Informationen zu verschaffen. Wir sind hier, um Ihnen zu helfen, aber Ihr Urteilsverm\u00f6gen und Ihre \u00dcberpr\u00fcfung sind der Schl\u00fcssel zu einer vollst\u00e4ndigen und genauen Informationserfahrung.<\/p><p> <\/p><p><strong>Wie Sie diesen Service nutzen<\/strong><\/p><p><strong> <\/strong><\/p><p>Klicken Sie auf dieser Website auf die schwebende Schaltfl\u00e4che mit dem andreas AI-Bild und geben Sie einfach Ihre Frage in das daf\u00fcr vorgesehene Textfeld ein. Unser Assistent mit k\u00fcnstlicher Intelligenz wird dann versuchen, Ihnen eine Antwort zu geben, die auf den umfangreichen Inhalten unserer Website basiert. Ganz gleich, ob Sie Fragen zu einer bestimmten Recherche haben, nach Artikeln zu einem bestimmten Thema suchen oder Hinweise darauf ben\u00f6tigen, wo Sie bestimmte Ressourcen finden k\u00f6nnen, unser Assistent hilft Ihnen dabei.<\/p><p> <\/p><p><b>Denken Sie daran: Die Informationen, die dieses Tool liefert, sind ein Leitfaden. Ihre beste Ressource werden immer die gepr\u00fcften Inhalte sein, die Andreas Kalcker und sein Team auf <a href=\"https:\/\/andreaskalcker.com\/de\/\" target=\"_blank\" rel=\"noopener\">andreaskalcker.com bereitstellen .<\/a><\/b><\/p><p> <\/p><p><strong>Vielen Dank f\u00fcr Ihren Besuch und Ihr Interesse. Wir sind hier, um Ihnen beim Entdecken und Erforschen zu helfen!<\/strong><\/p>\t\t\t\t\t\t\t\t<\/div>\n\t\t\t\t<\/div>\n\t\t\t\t<div class=\"elementor-element elementor-element-d033a3d elementor-widget elementor-widget-html\" data-id=\"d033a3d\" data-element_type=\"widget\" data-widget_type=\"html.default\">\n\t\t\t\t<div class=\"elementor-widget-container\">\n\t\t\t\t\t<script>var script = document.createElement(\"script\");\n                    script.async = true;\n                    script.id = \"chatbotscript\";\n                    script.dataset.accountid = \"hyk2IvGD5SGuGBiDWtrGgg==\";\n                    script.dataset.websiteid = \"hiW1WmQNNIba1r5TlLDQgg==\";\n                    script.src = \"https:\/\/app.robofy.ai\/bot\/js\/encChatWidget.js?v=\" + new Date().getTime();\n                    document.head.appendChild(script);\n            <\/script>\t\t\t\t<\/div>\n\t\t\t\t<\/div>\n\t\t\t\t\t<\/div>\n\t\t<\/div>\n\t\t\t\t\t<\/div>\n\t\t<\/section>\n\t\t\t\t<\/div>\n\t\t","protected":false},"excerpt":{"rendered":"<p>Willkommen bei unserer Plattform f\u00fcr intelligente Unterst\u00fctzung In diesem Bereich unserer Website bieten wir Ihnen ein einzigartiges und leistungsf\u00e4higes Tool an: einen direkten Zugang zu unserem Assistenten mit k\u00fcnstlicher Intelligenz, der Sie f\u00fchren und Ihnen schnelle Antworten zu den Inhalten und Ressourcen unserer Website geben soll. Dieses Tool wird auf Testbasis ver\u00f6ffentlicht. Dieser Assistent ist eine au\u00dfergew\u00f6hnliche Ressource, die Ihnen hilft, sich in unserem umfangreichen Angebot an Informationen, Artikeln, Forschungsergebnissen und mehr zurechtzufinden. Es ist jedoch wichtig zu verstehen, dass dieses Tool zwar dazu dient, Ihnen die Suche nach Wissen zu erleichtern und Ihre Zweifel effizient zu beseitigen, dass es jedoch nicht die direkten Worte oder Ratschl\u00e4ge von Andreas Kalcker wiedergibt. K\u00fcnstliche Intelligenz ist eine fortschrittliche Technologie, die aus gro\u00dfen Mengen von Informationen lernt und sich bem\u00fcht, genaue und relevante Antworten zu geben. Doch wie alle Technologien ist auch diese nicht narrensicher. Es ist m\u00f6glich, dass die von diesem Assistenten zur Verf\u00fcgung gestellten Informationen gelegentlich nicht ganz korrekt sind oder im Vergleich zu den neuesten Erkenntnissen oder Ver\u00f6ffentlichungen auf unserer offiziellen Website andreaskalcker.com veraltet sind . Wir bitten Sie daher dringend, diesen Service als Ausgangspunkt zu nutzen, als erste Hilfe bei Ihrer Suche nach Informationen. Denken Sie aber immer daran, die Informationen mit den direkt auf unserer offiziellen Website ver\u00f6ffentlichten Inhalten abzugleichen. So stellen Sie sicher, dass Ihre Entscheidungen auf der Grundlage der genauesten und aktuellsten Informationen getroffen werden. Unser Ziel ist es, Sie mit Wissen zu versorgen und Ihnen Zugang zu wichtigen Informationen zu verschaffen. Wir sind hier, um Ihnen zu helfen, aber Ihr Urteilsverm\u00f6gen und Ihre \u00dcberpr\u00fcfung sind der Schl\u00fcssel zu einer vollst\u00e4ndigen und genauen Informationserfahrung. Wie Sie diesen Service nutzen Klicken Sie auf dieser Website auf die schwebende Schaltfl\u00e4che mit dem andreas AI-Bild und geben Sie einfach Ihre Frage in das daf\u00fcr vorgesehene Textfeld ein. Unser Assistent mit k\u00fcnstlicher Intelligenz wird dann versuchen, Ihnen eine Antwort zu geben, die auf den umfangreichen Inhalten unserer Website basiert. Ganz gleich, ob Sie Fragen zu einer bestimmten Recherche haben, nach Artikeln zu einem bestimmten Thema suchen oder Hinweise darauf ben\u00f6tigen, wo Sie bestimmte Ressourcen finden k\u00f6nnen, unser Assistent hilft Ihnen dabei. Denken Sie daran: Die Informationen, die dieses Tool liefert, sind ein Leitfaden. Ihre beste Ressource werden immer die gepr\u00fcften Inhalte sein, die Andreas Kalcker und sein Team auf andreaskalcker.com bereitstellen . Vielen Dank f\u00fcr Ihren Besuch und Ihr Interesse. Wir sind hier, um Ihnen beim Entdecken und Erforschen zu helfen!<\/p>\n","protected":false},"author":1,"featured_media":0,"parent":0,"menu_order":0,"comment_status":"closed","ping_status":"closed","template":"","meta":{"footnotes":""},"class_list":["post-14345","page","type-page","status-publish"],"yoast_head":"<!-- This site is optimized with the Yoast SEO Premium plugin v22.2 (Yoast SEO v25.8) - https:\/\/yoast.com\/wordpress\/plugins\/seo\/ -->\n<title>AI Fragen Sie unsere k\u00fcnstliche Intelligenz - Andreas Kalcker<\/title>\n<meta name=\"robots\" content=\"index, follow, max-snippet:-1, max-image-preview:large, max-video-preview:-1\" \/>\n<link rel=\"canonical\" href=\"https:\/\/andreaskalcker.com\/ia-pregunta-a-nuestra-inteligencia-artificial\/\" \/>\n<meta property=\"og:locale\" content=\"de_DE\" \/>\n<meta property=\"og:type\" content=\"article\" \/>\n<meta property=\"og:title\" content=\"AI Fragen Sie unsere k\u00fcnstliche Intelligenz\" \/>\n<meta property=\"og:description\" content=\"Willkommen bei unserer Plattform f\u00fcr intelligente Unterst\u00fctzung In diesem Bereich unserer Website bieten wir Ihnen ein einzigartiges und leistungsf\u00e4higes Tool an: einen direkten Zugang zu unserem Assistenten mit k\u00fcnstlicher Intelligenz, der Sie f\u00fchren und Ihnen schnelle Antworten zu den Inhalten und Ressourcen unserer Website geben soll. Dieses Tool wird auf Testbasis ver\u00f6ffentlicht. Dieser Assistent ist eine au\u00dfergew\u00f6hnliche Ressource, die Ihnen hilft, sich in unserem umfangreichen Angebot an Informationen, Artikeln, Forschungsergebnissen und mehr zurechtzufinden. Es ist jedoch wichtig zu verstehen, dass dieses Tool zwar dazu dient, Ihnen die Suche nach Wissen zu erleichtern und Ihre Zweifel effizient zu beseitigen, dass es jedoch nicht die direkten Worte oder Ratschl\u00e4ge von Andreas Kalcker wiedergibt. K\u00fcnstliche Intelligenz ist eine fortschrittliche Technologie, die aus gro\u00dfen Mengen von Informationen lernt und sich bem\u00fcht, genaue und relevante Antworten zu geben. Doch wie alle Technologien ist auch diese nicht narrensicher. Es ist m\u00f6glich, dass die von diesem Assistenten zur Verf\u00fcgung gestellten Informationen gelegentlich nicht ganz korrekt sind oder im Vergleich zu den neuesten Erkenntnissen oder Ver\u00f6ffentlichungen auf unserer offiziellen Website andreaskalcker.com veraltet sind . Wir bitten Sie daher dringend, diesen Service als Ausgangspunkt zu nutzen, als erste Hilfe bei Ihrer Suche nach Informationen. Denken Sie aber immer daran, die Informationen mit den direkt auf unserer offiziellen Website ver\u00f6ffentlichten Inhalten abzugleichen. So stellen Sie sicher, dass Ihre Entscheidungen auf der Grundlage der genauesten und aktuellsten Informationen getroffen werden. Unser Ziel ist es, Sie mit Wissen zu versorgen und Ihnen Zugang zu wichtigen Informationen zu verschaffen. Wir sind hier, um Ihnen zu helfen, aber Ihr Urteilsverm\u00f6gen und Ihre \u00dcberpr\u00fcfung sind der Schl\u00fcssel zu einer vollst\u00e4ndigen und genauen Informationserfahrung. Wie Sie diesen Service nutzen Klicken Sie auf dieser Website auf die schwebende Schaltfl\u00e4che mit dem andreas AI-Bild und geben Sie einfach Ihre Frage in das daf\u00fcr vorgesehene Textfeld ein. Unser Assistent mit k\u00fcnstlicher Intelligenz wird dann versuchen, Ihnen eine Antwort zu geben, die auf den umfangreichen Inhalten unserer Website basiert. Ganz gleich, ob Sie Fragen zu einer bestimmten Recherche haben, nach Artikeln zu einem bestimmten Thema suchen oder Hinweise darauf ben\u00f6tigen, wo Sie bestimmte Ressourcen finden k\u00f6nnen, unser Assistent hilft Ihnen dabei. Denken Sie daran: Die Informationen, die dieses Tool liefert, sind ein Leitfaden. Ihre beste Ressource werden immer die gepr\u00fcften Inhalte sein, die Andreas Kalcker und sein Team auf andreaskalcker.com bereitstellen . Vielen Dank f\u00fcr Ihren Besuch und Ihr Interesse. Wir sind hier, um Ihnen beim Entdecken und Erforschen zu helfen!\" \/>\n<meta property=\"og:url\" content=\"https:\/\/andreaskalcker.com\/ia-pregunta-a-nuestra-inteligencia-artificial\/\" \/>\n<meta property=\"og:site_name\" content=\"Andreas Kalcker\" \/>\n<meta property=\"article:modified_time\" content=\"2025-02-17T10:31:07+00:00\" \/>\n<meta name=\"twitter:card\" content=\"summary_large_image\" \/>\n<meta name=\"twitter:label1\" content=\"Gesch\u00e4tzte Lesezeit\" \/>\n\t<meta name=\"twitter:data1\" content=\"2\u00a0Minuten\" \/>\n<script type=\"application\/ld+json\" class=\"yoast-schema-graph\">{\"@context\":\"https:\/\/schema.org\",\"@graph\":[{\"@type\":\"WebPage\",\"@id\":\"https:\/\/andreaskalcker.com\/ia-pregunta-a-nuestra-inteligencia-artificial\/\",\"url\":\"https:\/\/andreaskalcker.com\/ia-pregunta-a-nuestra-inteligencia-artificial\/\",\"name\":\"AI Fragen Sie unsere k\u00fcnstliche Intelligenz - Andreas Kalcker\",\"isPartOf\":{\"@id\":\"https:\/\/andreaskalcker.com\/#website\"},\"datePublished\":\"2024-03-18T07:28:42+00:00\",\"dateModified\":\"2025-02-17T10:31:07+00:00\",\"breadcrumb\":{\"@id\":\"https:\/\/andreaskalcker.com\/ia-pregunta-a-nuestra-inteligencia-artificial\/#breadcrumb\"},\"inLanguage\":\"de\",\"potentialAction\":[{\"@type\":\"ReadAction\",\"target\":[\"https:\/\/andreaskalcker.com\/ia-pregunta-a-nuestra-inteligencia-artificial\/\"]}]},{\"@type\":\"BreadcrumbList\",\"@id\":\"https:\/\/andreaskalcker.com\/ia-pregunta-a-nuestra-inteligencia-artificial\/#breadcrumb\",\"itemListElement\":[{\"@type\":\"ListItem\",\"position\":1,\"name\":\"Portada\",\"item\":\"https:\/\/andreaskalcker.com\/\"},{\"@type\":\"ListItem\",\"position\":2,\"name\":\"AI Fragen Sie unsere k\u00fcnstliche Intelligenz\"}]},{\"@type\":\"WebSite\",\"@id\":\"https:\/\/andreaskalcker.com\/#website\",\"url\":\"https:\/\/andreaskalcker.com\/\",\"name\":\"Andreas Kalcker\",\"description\":\"Official website\",\"potentialAction\":[{\"@type\":\"SearchAction\",\"target\":{\"@type\":\"EntryPoint\",\"urlTemplate\":\"https:\/\/andreaskalcker.com\/?s={search_term_string}\"},\"query-input\":{\"@type\":\"PropertyValueSpecification\",\"valueRequired\":true,\"valueName\":\"search_term_string\"}}],\"inLanguage\":\"de\"}]}<\/script>\n<!-- \/ Yoast SEO Premium plugin. -->","yoast_head_json":{"title":"AI Fragen Sie unsere k\u00fcnstliche Intelligenz - Andreas Kalcker","robots":{"index":"index","follow":"follow","max-snippet":"max-snippet:-1","max-image-preview":"max-image-preview:large","max-video-preview":"max-video-preview:-1"},"canonical":"https:\/\/andreaskalcker.com\/ia-pregunta-a-nuestra-inteligencia-artificial\/","og_locale":"de_DE","og_type":"article","og_title":"AI Fragen Sie unsere k\u00fcnstliche Intelligenz","og_description":"Willkommen bei unserer Plattform f\u00fcr intelligente Unterst\u00fctzung In diesem Bereich unserer Website bieten wir Ihnen ein einzigartiges und leistungsf\u00e4higes Tool an: einen direkten Zugang zu unserem Assistenten mit k\u00fcnstlicher Intelligenz, der Sie f\u00fchren und Ihnen schnelle Antworten zu den Inhalten und Ressourcen unserer Website geben soll. Dieses Tool wird auf Testbasis ver\u00f6ffentlicht. Dieser Assistent ist eine au\u00dfergew\u00f6hnliche Ressource, die Ihnen hilft, sich in unserem umfangreichen Angebot an Informationen, Artikeln, Forschungsergebnissen und mehr zurechtzufinden. Es ist jedoch wichtig zu verstehen, dass dieses Tool zwar dazu dient, Ihnen die Suche nach Wissen zu erleichtern und Ihre Zweifel effizient zu beseitigen, dass es jedoch nicht die direkten Worte oder Ratschl\u00e4ge von Andreas Kalcker wiedergibt. K\u00fcnstliche Intelligenz ist eine fortschrittliche Technologie, die aus gro\u00dfen Mengen von Informationen lernt und sich bem\u00fcht, genaue und relevante Antworten zu geben. Doch wie alle Technologien ist auch diese nicht narrensicher. Es ist m\u00f6glich, dass die von diesem Assistenten zur Verf\u00fcgung gestellten Informationen gelegentlich nicht ganz korrekt sind oder im Vergleich zu den neuesten Erkenntnissen oder Ver\u00f6ffentlichungen auf unserer offiziellen Website andreaskalcker.com veraltet sind . Wir bitten Sie daher dringend, diesen Service als Ausgangspunkt zu nutzen, als erste Hilfe bei Ihrer Suche nach Informationen. Denken Sie aber immer daran, die Informationen mit den direkt auf unserer offiziellen Website ver\u00f6ffentlichten Inhalten abzugleichen. So stellen Sie sicher, dass Ihre Entscheidungen auf der Grundlage der genauesten und aktuellsten Informationen getroffen werden. Unser Ziel ist es, Sie mit Wissen zu versorgen und Ihnen Zugang zu wichtigen Informationen zu verschaffen. Wir sind hier, um Ihnen zu helfen, aber Ihr Urteilsverm\u00f6gen und Ihre \u00dcberpr\u00fcfung sind der Schl\u00fcssel zu einer vollst\u00e4ndigen und genauen Informationserfahrung. Wie Sie diesen Service nutzen Klicken Sie auf dieser Website auf die schwebende Schaltfl\u00e4che mit dem andreas AI-Bild und geben Sie einfach Ihre Frage in das daf\u00fcr vorgesehene Textfeld ein. Unser Assistent mit k\u00fcnstlicher Intelligenz wird dann versuchen, Ihnen eine Antwort zu geben, die auf den umfangreichen Inhalten unserer Website basiert. Ganz gleich, ob Sie Fragen zu einer bestimmten Recherche haben, nach Artikeln zu einem bestimmten Thema suchen oder Hinweise darauf ben\u00f6tigen, wo Sie bestimmte Ressourcen finden k\u00f6nnen, unser Assistent hilft Ihnen dabei. Denken Sie daran: Die Informationen, die dieses Tool liefert, sind ein Leitfaden. Ihre beste Ressource werden immer die gepr\u00fcften Inhalte sein, die Andreas Kalcker und sein Team auf andreaskalcker.com bereitstellen . Vielen Dank f\u00fcr Ihren Besuch und Ihr Interesse. Wir sind hier, um Ihnen beim Entdecken und Erforschen zu helfen!","og_url":"https:\/\/andreaskalcker.com\/ia-pregunta-a-nuestra-inteligencia-artificial\/","og_site_name":"Andreas Kalcker","article_modified_time":"2025-02-17T10:31:07+00:00","twitter_card":"summary_large_image","twitter_misc":{"Gesch\u00e4tzte Lesezeit":"2\u00a0Minuten"},"schema":{"@context":"https:\/\/schema.org","@graph":[{"@type":"WebPage","@id":"https:\/\/andreaskalcker.com\/ia-pregunta-a-nuestra-inteligencia-artificial\/","url":"https:\/\/andreaskalcker.com\/ia-pregunta-a-nuestra-inteligencia-artificial\/","name":"AI Fragen Sie unsere k\u00fcnstliche Intelligenz - Andreas Kalcker","isPartOf":{"@id":"https:\/\/andreaskalcker.com\/#website"},"datePublished":"2024-03-18T07:28:42+00:00","dateModified":"2025-02-17T10:31:07+00:00","breadcrumb":{"@id":"https:\/\/andreaskalcker.com\/ia-pregunta-a-nuestra-inteligencia-artificial\/#breadcrumb"},"inLanguage":"de","potentialAction":[{"@type":"ReadAction","target":["https:\/\/andreaskalcker.com\/ia-pregunta-a-nuestra-inteligencia-artificial\/"]}]},{"@type":"BreadcrumbList","@id":"https:\/\/andreaskalcker.com\/ia-pregunta-a-nuestra-inteligencia-artificial\/#breadcrumb","itemListElement":[{"@type":"ListItem","position":1,"name":"Portada","item":"https:\/\/andreaskalcker.com\/"},{"@type":"ListItem","position":2,"name":"AI Fragen Sie unsere k\u00fcnstliche Intelligenz"}]},{"@type":"WebSite","@id":"https:\/\/andreaskalcker.com\/#website","url":"https:\/\/andreaskalcker.com\/","name":"Andreas Kalcker","description":"Official website","potentialAction":[{"@type":"SearchAction","target":{"@type":"EntryPoint","urlTemplate":"https:\/\/andreaskalcker.com\/?s={search_term_string}"},"query-input":{"@type":"PropertyValueSpecification","valueRequired":true,"valueName":"search_term_string"}}],"inLanguage":"de"}]}},"_links":{"self":[{"href":"https:\/\/andreaskalcker.com\/de\/wp-json\/wp\/v2\/pages\/14345","targetHints":{"allow":["GET"]}}],"collection":[{"href":"https:\/\/andreaskalcker.com\/de\/wp-json\/wp\/v2\/pages"}],"about":[{"href":"https:\/\/andreaskalcker.com\/de\/wp-json\/wp\/v2\/types\/page"}],"author":[{"embeddable":true,"href":"https:\/\/andreaskalcker.com\/de\/wp-json\/wp\/v2\/users\/1"}],"replies":[{"embeddable":true,"href":"https:\/\/andreaskalcker.com\/de\/wp-json\/wp\/v2\/comments?post=14345"}],"version-history":[{"count":0,"href":"https:\/\/andreaskalcker.com\/de\/wp-json\/wp\/v2\/pages\/14345\/revisions"}],"wp:attachment":[{"href":"https:\/\/andreaskalcker.com\/de\/wp-json\/wp\/v2\/media?parent=14345"}],"curies":[{"name":"wp","href":"https:\/\/api.w.org\/{rel}","templated":true}]}}