{"id":1632,"date":"2023-08-02T14:27:18","date_gmt":"2023-08-02T12:27:18","guid":{"rendered":"https:\/\/andreaskalcker.com\/por-que-enfermamos\/"},"modified":"2024-01-18T14:30:21","modified_gmt":"2024-01-18T13:30:21","slug":"warum-werden-wir-krank","status":"publish","type":"page","link":"https:\/\/andreaskalcker.com\/de\/warum-werden-wir-krank\/","title":{"rendered":"Warum werden wir krank?"},"content":{"rendered":"\t\t<div data-elementor-type=\"wp-page\" data-elementor-id=\"1632\" class=\"elementor elementor-1632 elementor-574\" data-elementor-post-type=\"page\">\n\t\t\t\t\t\t<section class=\"elementor-section elementor-top-section elementor-element elementor-element-6be4d820 elementor-section-boxed elementor-section-height-default elementor-section-height-default wpr-particle-no wpr-jarallax-no wpr-parallax-no wpr-sticky-section-no\" data-id=\"6be4d820\" data-element_type=\"section\" data-settings=\"{&quot;background_background&quot;:&quot;classic&quot;,&quot;background_motion_fx_motion_fx_scrolling&quot;:&quot;yes&quot;,&quot;background_motion_fx_motion_fx_mouse&quot;:&quot;yes&quot;,&quot;background_motion_fx_mouseTrack_effect&quot;:&quot;yes&quot;,&quot;background_motion_fx_devices&quot;:[&quot;desktop&quot;,&quot;tablet&quot;,&quot;mobile&quot;],&quot;background_motion_fx_mouseTrack_speed&quot;:{&quot;unit&quot;:&quot;px&quot;,&quot;size&quot;:1,&quot;sizes&quot;:[]}}\">\n\t\t\t\t\t\t<div class=\"elementor-container elementor-column-gap-default\">\n\t\t\t\t\t<div class=\"elementor-column elementor-col-100 elementor-top-column elementor-element elementor-element-236e5766\" data-id=\"236e5766\" data-element_type=\"column\">\n\t\t\t<div class=\"elementor-widget-wrap elementor-element-populated\">\n\t\t\t\t\t\t<div class=\"elementor-element elementor-element-616abb86 elementor-widget elementor-widget-heading\" data-id=\"616abb86\" data-element_type=\"widget\" data-widget_type=\"heading.default\">\n\t\t\t\t<div class=\"elementor-widget-container\">\n\t\t\t\t\t<h2 class=\"elementor-heading-title elementor-size-default\">Warum werden wir krank?<\/h2>\t\t\t\t<\/div>\n\t\t\t\t<\/div>\n\t\t\t\t\t<\/div>\n\t\t<\/div>\n\t\t\t\t\t<\/div>\n\t\t<\/section>\n\t\t\t\t<section class=\"elementor-section elementor-top-section elementor-element elementor-element-a4ce9c3 elementor-section-boxed elementor-section-height-default elementor-section-height-default wpr-particle-no wpr-jarallax-no wpr-parallax-no wpr-sticky-section-no\" data-id=\"a4ce9c3\" data-element_type=\"section\">\n\t\t\t\t\t\t<div class=\"elementor-container elementor-column-gap-default\">\n\t\t\t\t\t<div class=\"elementor-column elementor-col-100 elementor-top-column elementor-element elementor-element-41bf5bf\" data-id=\"41bf5bf\" data-element_type=\"column\">\n\t\t\t<div class=\"elementor-widget-wrap elementor-element-populated\">\n\t\t\t\t\t\t<div class=\"elementor-element elementor-element-18dfc176 elementor-widget elementor-widget-text-editor\" data-id=\"18dfc176\" data-element_type=\"widget\" data-widget_type=\"text-editor.default\">\n\t\t\t\t<div class=\"elementor-widget-container\">\n\t\t\t\t\t\t\t\t\t<p><strong>Alle Krankheiten haben eines gemeinsam: Krankheit ist ein Mangel an Energie.<\/strong><\/p><p>Krankheit ist das Ergebnis eines Ungleichgewichts im Gesundheitszustand eines Menschen. Eine Krankheit liegt vor, wenn der menschliche Organismus in seiner Funktionsweise beeintr\u00e4chtigt ist. Bei allen Krankheiten ist das nat\u00fcrliche Abwehrsystem des K\u00f6rpers geschw\u00e4cht, was auf einen Mangel an Gesundheit hindeutet. Wenn der K\u00f6rper nicht gen\u00fcgend Energie hat, um ordnungsgem\u00e4\u00df zu funktionieren, entsteht ein Ungleichgewicht und der Krankheitszustand entwickelt sich.<\/p><p>\u00a0<\/p><p><strong>Es ist also der Mangel an Energie, der uns krank macht.<\/strong><\/p><p>Das wirft die Frage auf: Wie erzeugen wir Energie in unserem K\u00f6rper?<\/p><p>Unser K\u00f6rper gewinnt seine Energie haupts\u00e4chlich durch Verbrennung. Wir verbrennen Zucker, Fette und Proteine aus der Nahrung zur Energiegewinnung. Die Verbrennung von Kalorien ist f\u00fcr die Energiegewinnung unerl\u00e4sslich, aber nicht nur der Brennstoff ist wichtig, sondern auch ein anderer Faktor, der ebenso wichtig oder sogar noch wichtiger ist: Sauerstoff.<\/p><p>\u00a0<\/p><p><strong>F\u00fcr jede Verbrennung wird Sauerstoff ben\u00f6tigt, denn ohne ihn kann es keine Flamme geben.<\/strong><\/p><p>Diese einfache Tatsache wird in der biochemischen Forschung oft nicht ausreichend ber\u00fccksichtigt. Die Verbrennung ist verantwortlich f\u00fcr die Erzeugung von W\u00e4rme und Energie, die f\u00fcr das Funktionieren des menschlichen K\u00f6rpers notwendig sind, und erzeugt gleichzeitig Elektrizit\u00e4t, die die Essenz der Lebensenergie darstellt.<\/p><p>\u00a0<\/p><p>Der einzige Unterschied zwischen einem lebenden und einem toten K\u00f6rper ist das Fehlen von Elektrizit\u00e4t. Wir sind energetische elektrische Wesen, die von einem K\u00f6rper abh\u00e4ngig sind, der seine optimale Energie durch biochemische Verbrennung erh\u00e4lt.<\/p><p>\u00a0<\/p><p>Chlordioxid liefert bioverf\u00fcgbaren Sauerstoff und erh\u00f6ht die Belastung der Erythrozyten, was in der ven\u00f6sen Blutgasanalyse nach intraven\u00f6ser Infusion deutlich zu erkennen ist. Diese wissenschaftlichen Analysen zeigen, dass Chlordioxid im Blutserum dissoziiert und bioverf\u00fcgbaren Sauerstoff auf molekularer Ebene freisetzt.<\/p>\t\t\t\t\t\t\t\t<\/div>\n\t\t\t\t<\/div>\n\t\t\t\t\t<\/div>\n\t\t<\/div>\n\t\t\t\t\t<\/div>\n\t\t<\/section>\n\t\t\t\t<section class=\"elementor-section elementor-top-section elementor-element elementor-element-2f0d8f77 elementor-section-content-middle elementor-section-boxed elementor-section-height-default elementor-section-height-default wpr-particle-no wpr-jarallax-no wpr-parallax-no wpr-sticky-section-no\" data-id=\"2f0d8f77\" data-element_type=\"section\">\n\t\t\t\t\t\t<div class=\"elementor-container elementor-column-gap-default\">\n\t\t\t\t\t<div class=\"elementor-column elementor-col-100 elementor-top-column elementor-element elementor-element-4bfb06e\" data-id=\"4bfb06e\" data-element_type=\"column\">\n\t\t\t<div class=\"elementor-widget-wrap elementor-element-populated\">\n\t\t\t\t\t\t<div class=\"elementor-element elementor-element-75fdb2b elementor-widget elementor-widget-image\" data-id=\"75fdb2b\" data-element_type=\"widget\" data-widget_type=\"image.default\">\n\t\t\t\t<div class=\"elementor-widget-container\">\n\t\t\t\t\t\t\t\t\t\t\t\t<figure class=\"wp-caption\">\n\t\t\t\t\t\t\t\t\t\t<img fetchpriority=\"high\" decoding=\"async\" width=\"769\" height=\"650\" src=\"https:\/\/andreaskalcker.com\/wp-content\/uploads\/2023\/08\/descarga-1.png\" class=\"attachment-large size-large wp-image-1068\" alt=\"\" srcset=\"https:\/\/andreaskalcker.com\/wp-content\/uploads\/2023\/08\/descarga-1.png 769w, https:\/\/andreaskalcker.com\/wp-content\/uploads\/2023\/08\/descarga-1-300x254.png 300w\" sizes=\"(max-width: 769px) 100vw, 769px\" \/>\t\t\t\t\t\t\t\t\t\t\t<figcaption class=\"widget-image-caption wp-caption-text\">ABBILDUNG 1: Vor, nach einer Stunde und nach 4 Stunden der Infusion von 5 ml in 500 ml Kochsalzl\u00f6sung.<\/figcaption>\n\t\t\t\t\t\t\t\t\t\t<\/figure>\n\t\t\t\t\t\t\t\t\t<\/div>\n\t\t\t\t<\/div>\n\t\t\t\t\t<\/div>\n\t\t<\/div>\n\t\t\t\t\t<\/div>\n\t\t<\/section>\n\t\t\t\t<section class=\"elementor-section elementor-top-section elementor-element elementor-element-4c23fc05 elementor-section-boxed elementor-section-height-default elementor-section-height-default wpr-particle-no wpr-jarallax-no wpr-parallax-no wpr-sticky-section-no\" data-id=\"4c23fc05\" data-element_type=\"section\">\n\t\t\t\t\t\t<div class=\"elementor-container elementor-column-gap-default\">\n\t\t\t\t\t<div class=\"elementor-column elementor-col-50 elementor-top-column elementor-element elementor-element-69a31160\" data-id=\"69a31160\" data-element_type=\"column\">\n\t\t\t<div class=\"elementor-widget-wrap elementor-element-populated\">\n\t\t\t\t\t\t<div class=\"elementor-element elementor-element-190be906 elementor-mobile-align-justify elementor-widget-mobile__width-inherit elementor-align-justify elementor-widget elementor-widget-button\" data-id=\"190be906\" data-element_type=\"widget\" data-widget_type=\"button.default\">\n\t\t\t\t<div class=\"elementor-widget-container\">\n\t\t\t\t\t\t\t\t\t<div class=\"elementor-button-wrapper\">\n\t\t\t\t\t<a class=\"elementor-button elementor-button-link elementor-size-xl\" href=\"\/de\/elektromolekulare-medizin\/\">\n\t\t\t\t\t\t<span class=\"elementor-button-content-wrapper\">\n\t\t\t\t\t\t<span class=\"elementor-button-icon\">\n\t\t\t\t<svg aria-hidden=\"true\" class=\"e-font-icon-svg e-far-arrow-alt-circle-left\" viewBox=\"0 0 512 512\" xmlns=\"http:\/\/www.w3.org\/2000\/svg\"><path d=\"M8 256c0 137 111 248 248 248s248-111 248-248S393 8 256 8 8 119 8 256zm448 0c0 110.5-89.5 200-200 200S56 366.5 56 256 145.5 56 256 56s200 89.5 200 200zm-72-20v40c0 6.6-5.4 12-12 12H256v67c0 10.7-12.9 16-20.5 8.5l-99-99c-4.7-4.7-4.7-12.3 0-17l99-99c7.6-7.6 20.5-2.2 20.5 8.5v67h116c6.6 0 12 5.4 12 12z\"><\/path><\/svg>\t\t\t<\/span>\n\t\t\t\t\t\t\t\t\t<span class=\"elementor-button-text\">Elektromolekulare Medizin<\/span>\n\t\t\t\t\t<\/span>\n\t\t\t\t\t<\/a>\n\t\t\t\t<\/div>\n\t\t\t\t\t\t\t\t<\/div>\n\t\t\t\t<\/div>\n\t\t\t\t\t<\/div>\n\t\t<\/div>\n\t\t\t\t<div class=\"elementor-column elementor-col-50 elementor-top-column elementor-element elementor-element-6fc0e33f\" data-id=\"6fc0e33f\" data-element_type=\"column\">\n\t\t\t<div class=\"elementor-widget-wrap elementor-element-populated\">\n\t\t\t\t\t\t<div class=\"elementor-element elementor-element-29cb320e elementor-mobile-align-justify elementor-widget-mobile__width-inherit elementor-align-justify elementor-widget elementor-widget-button\" data-id=\"29cb320e\" data-element_type=\"widget\" data-widget_type=\"button.default\">\n\t\t\t\t<div class=\"elementor-widget-container\">\n\t\t\t\t\t\t\t\t\t<div class=\"elementor-button-wrapper\">\n\t\t\t\t\t<a class=\"elementor-button elementor-button-link elementor-size-xl\" href=\"\/de\/lebensenergie\/\">\n\t\t\t\t\t\t<span class=\"elementor-button-content-wrapper\">\n\t\t\t\t\t\t<span class=\"elementor-button-icon\">\n\t\t\t\t<svg aria-hidden=\"true\" class=\"e-font-icon-svg e-far-arrow-alt-circle-right\" viewBox=\"0 0 512 512\" xmlns=\"http:\/\/www.w3.org\/2000\/svg\"><path d=\"M504 256C504 119 393 8 256 8S8 119 8 256s111 248 248 248 248-111 248-248zm-448 0c0-110.5 89.5-200 200-200s200 89.5 200 200-89.5 200-200 200S56 366.5 56 256zm72 20v-40c0-6.6 5.4-12 12-12h116v-67c0-10.7 12.9-16 20.5-8.5l99 99c4.7 4.7 4.7 12.3 0 17l-99 99c-7.6 7.6-20.5 2.2-20.5-8.5v-67H140c-6.6 0-12-5.4-12-12z\"><\/path><\/svg>\t\t\t<\/span>\n\t\t\t\t\t\t\t\t\t<span class=\"elementor-button-text\">Lebensenergie<\/span>\n\t\t\t\t\t<\/span>\n\t\t\t\t\t<\/a>\n\t\t\t\t<\/div>\n\t\t\t\t\t\t\t\t<\/div>\n\t\t\t\t<\/div>\n\t\t\t\t\t<\/div>\n\t\t<\/div>\n\t\t\t\t\t<\/div>\n\t\t<\/section>\n\t\t\t\t<\/div>\n\t\t","protected":false},"excerpt":{"rendered":"<p>Alle Krankheiten haben eines gemeinsam: Krankheit ist ein Mangel an Energie. Krankheit ist das Ergebnis eines Ungleichgewichts im Gesundheitszustand eines Menschen. Eine Krankheit liegt vor, wenn der menschliche Organismus in seiner Funktionsweise beeintr\u00e4chtigt ist. Bei allen Krankheiten ist das nat\u00fcrliche Abwehrsystem des K\u00f6rpers geschw\u00e4cht, was auf einen Mangel an Gesundheit hindeutet. Wenn der K\u00f6rper nicht gen\u00fcgend Energie hat, um ordnungsgem\u00e4\u00df zu funktionieren, entsteht ein Ungleichgewicht und der Krankheitszustand entwickelt sich. \u00a0 Es ist also der Mangel an Energie, der uns krank macht. Das wirft die Frage auf: Wie erzeugen wir Energie in unserem K\u00f6rper? Unser K\u00f6rper gewinnt seine Energie haupts\u00e4chlich durch Verbrennung. Wir verbrennen Zucker, Fette und Proteine aus der Nahrung zur Energiegewinnung. Die Verbrennung von Kalorien ist f\u00fcr die Energiegewinnung unerl\u00e4sslich, aber nicht nur der Brennstoff ist wichtig, sondern auch ein anderer Faktor, der ebenso wichtig oder sogar noch wichtiger ist: Sauerstoff. \u00a0 F\u00fcr jede Verbrennung wird Sauerstoff ben\u00f6tigt, denn ohne ihn kann es keine Flamme geben. Diese einfache Tatsache wird in der biochemischen Forschung oft nicht ausreichend ber\u00fccksichtigt. Die Verbrennung ist verantwortlich f\u00fcr die Erzeugung von W\u00e4rme und Energie, die f\u00fcr das Funktionieren des menschlichen K\u00f6rpers notwendig sind, und erzeugt gleichzeitig Elektrizit\u00e4t, die die Essenz der Lebensenergie darstellt. \u00a0 Der einzige Unterschied zwischen einem lebenden und einem toten K\u00f6rper ist das Fehlen von Elektrizit\u00e4t. Wir sind energetische elektrische Wesen, die von einem K\u00f6rper abh\u00e4ngig sind, der seine optimale Energie durch biochemische Verbrennung erh\u00e4lt. \u00a0 Chlordioxid liefert bioverf\u00fcgbaren Sauerstoff und erh\u00f6ht die Belastung der Erythrozyten, was in der ven\u00f6sen Blutgasanalyse nach intraven\u00f6ser Infusion deutlich zu erkennen ist. Diese wissenschaftlichen Analysen zeigen, dass Chlordioxid im Blutserum dissoziiert und bioverf\u00fcgbaren Sauerstoff auf molekularer Ebene freisetzt. ABBILDUNG 1: Vor, nach einer Stunde und nach 4 Stunden der Infusion von 5 ml in 500 ml Kochsalzl\u00f6sung. Elektromolekulare Medizin Lebensenergie<\/p>\n","protected":false},"author":1,"featured_media":0,"parent":0,"menu_order":0,"comment_status":"closed","ping_status":"closed","template":"","meta":{"footnotes":""},"class_list":["post-1632","page","type-page","status-publish"],"yoast_head":"<!-- This site is optimized with the Yoast SEO Premium plugin v22.2 (Yoast SEO v25.8) - https:\/\/yoast.com\/wordpress\/plugins\/seo\/ -->\n<title>Warum werden wir krank? - Andreas Kalcker<\/title>\n<meta name=\"robots\" content=\"index, follow, max-snippet:-1, max-image-preview:large, max-video-preview:-1\" \/>\n<link rel=\"canonical\" href=\"https:\/\/andreaskalcker.com\/de\/warum-werden-wir-krank\/\" \/>\n<meta property=\"og:locale\" content=\"de_DE\" \/>\n<meta property=\"og:type\" content=\"article\" \/>\n<meta property=\"og:title\" content=\"Warum werden wir krank?\" \/>\n<meta property=\"og:description\" content=\"Alle Krankheiten haben eines gemeinsam: Krankheit ist ein Mangel an Energie. Krankheit ist das Ergebnis eines Ungleichgewichts im Gesundheitszustand eines Menschen. Eine Krankheit liegt vor, wenn der menschliche Organismus in seiner Funktionsweise beeintr\u00e4chtigt ist. Bei allen Krankheiten ist das nat\u00fcrliche Abwehrsystem des K\u00f6rpers geschw\u00e4cht, was auf einen Mangel an Gesundheit hindeutet. Wenn der K\u00f6rper nicht gen\u00fcgend Energie hat, um ordnungsgem\u00e4\u00df zu funktionieren, entsteht ein Ungleichgewicht und der Krankheitszustand entwickelt sich. \u00a0 Es ist also der Mangel an Energie, der uns krank macht. Das wirft die Frage auf: Wie erzeugen wir Energie in unserem K\u00f6rper? Unser K\u00f6rper gewinnt seine Energie haupts\u00e4chlich durch Verbrennung. Wir verbrennen Zucker, Fette und Proteine aus der Nahrung zur Energiegewinnung. Die Verbrennung von Kalorien ist f\u00fcr die Energiegewinnung unerl\u00e4sslich, aber nicht nur der Brennstoff ist wichtig, sondern auch ein anderer Faktor, der ebenso wichtig oder sogar noch wichtiger ist: Sauerstoff. \u00a0 F\u00fcr jede Verbrennung wird Sauerstoff ben\u00f6tigt, denn ohne ihn kann es keine Flamme geben. Diese einfache Tatsache wird in der biochemischen Forschung oft nicht ausreichend ber\u00fccksichtigt. Die Verbrennung ist verantwortlich f\u00fcr die Erzeugung von W\u00e4rme und Energie, die f\u00fcr das Funktionieren des menschlichen K\u00f6rpers notwendig sind, und erzeugt gleichzeitig Elektrizit\u00e4t, die die Essenz der Lebensenergie darstellt. \u00a0 Der einzige Unterschied zwischen einem lebenden und einem toten K\u00f6rper ist das Fehlen von Elektrizit\u00e4t. Wir sind energetische elektrische Wesen, die von einem K\u00f6rper abh\u00e4ngig sind, der seine optimale Energie durch biochemische Verbrennung erh\u00e4lt. \u00a0 Chlordioxid liefert bioverf\u00fcgbaren Sauerstoff und erh\u00f6ht die Belastung der Erythrozyten, was in der ven\u00f6sen Blutgasanalyse nach intraven\u00f6ser Infusion deutlich zu erkennen ist. Diese wissenschaftlichen Analysen zeigen, dass Chlordioxid im Blutserum dissoziiert und bioverf\u00fcgbaren Sauerstoff auf molekularer Ebene freisetzt. ABBILDUNG 1: Vor, nach einer Stunde und nach 4 Stunden der Infusion von 5 ml in 500 ml Kochsalzl\u00f6sung. Elektromolekulare Medizin Lebensenergie\" \/>\n<meta property=\"og:url\" content=\"https:\/\/andreaskalcker.com\/de\/warum-werden-wir-krank\/\" \/>\n<meta property=\"og:site_name\" content=\"Andreas Kalcker\" \/>\n<meta property=\"article:modified_time\" content=\"2024-01-18T13:30:21+00:00\" \/>\n<meta property=\"og:image\" content=\"https:\/\/andreaskalcker.com\/wp-content\/uploads\/2023\/08\/descarga-1.png\" \/>\n<meta name=\"twitter:card\" content=\"summary_large_image\" \/>\n<meta name=\"twitter:label1\" content=\"Gesch\u00e4tzte Lesezeit\" \/>\n\t<meta name=\"twitter:data1\" content=\"2\u00a0Minuten\" \/>\n<script type=\"application\/ld+json\" class=\"yoast-schema-graph\">{\"@context\":\"https:\/\/schema.org\",\"@graph\":[{\"@type\":\"WebPage\",\"@id\":\"https:\/\/andreaskalcker.com\/de\/warum-werden-wir-krank\/\",\"url\":\"https:\/\/andreaskalcker.com\/de\/warum-werden-wir-krank\/\",\"name\":\"Warum werden wir krank? - Andreas Kalcker\",\"isPartOf\":{\"@id\":\"https:\/\/andreaskalcker.com\/#website\"},\"primaryImageOfPage\":{\"@id\":\"https:\/\/andreaskalcker.com\/de\/warum-werden-wir-krank\/#primaryimage\"},\"image\":{\"@id\":\"https:\/\/andreaskalcker.com\/de\/warum-werden-wir-krank\/#primaryimage\"},\"thumbnailUrl\":\"https:\/\/andreaskalcker.com\/wp-content\/uploads\/2023\/08\/descarga-1.png\",\"datePublished\":\"2023-08-02T12:27:18+00:00\",\"dateModified\":\"2024-01-18T13:30:21+00:00\",\"breadcrumb\":{\"@id\":\"https:\/\/andreaskalcker.com\/de\/warum-werden-wir-krank\/#breadcrumb\"},\"inLanguage\":\"de\",\"potentialAction\":[{\"@type\":\"ReadAction\",\"target\":[\"https:\/\/andreaskalcker.com\/de\/warum-werden-wir-krank\/\"]}]},{\"@type\":\"ImageObject\",\"inLanguage\":\"de\",\"@id\":\"https:\/\/andreaskalcker.com\/de\/warum-werden-wir-krank\/#primaryimage\",\"url\":\"https:\/\/andreaskalcker.com\/wp-content\/uploads\/2023\/08\/descarga-1.png\",\"contentUrl\":\"https:\/\/andreaskalcker.com\/wp-content\/uploads\/2023\/08\/descarga-1.png\"},{\"@type\":\"BreadcrumbList\",\"@id\":\"https:\/\/andreaskalcker.com\/de\/warum-werden-wir-krank\/#breadcrumb\",\"itemListElement\":[{\"@type\":\"ListItem\",\"position\":1,\"name\":\"Portada\",\"item\":\"https:\/\/andreaskalcker.com\/\"},{\"@type\":\"ListItem\",\"position\":2,\"name\":\"Warum werden wir krank?\"}]},{\"@type\":\"WebSite\",\"@id\":\"https:\/\/andreaskalcker.com\/#website\",\"url\":\"https:\/\/andreaskalcker.com\/\",\"name\":\"Andreas Kalcker\",\"description\":\"Official website\",\"potentialAction\":[{\"@type\":\"SearchAction\",\"target\":{\"@type\":\"EntryPoint\",\"urlTemplate\":\"https:\/\/andreaskalcker.com\/?s={search_term_string}\"},\"query-input\":{\"@type\":\"PropertyValueSpecification\",\"valueRequired\":true,\"valueName\":\"search_term_string\"}}],\"inLanguage\":\"de\"}]}<\/script>\n<!-- \/ Yoast SEO Premium plugin. -->","yoast_head_json":{"title":"Warum werden wir krank? - Andreas Kalcker","robots":{"index":"index","follow":"follow","max-snippet":"max-snippet:-1","max-image-preview":"max-image-preview:large","max-video-preview":"max-video-preview:-1"},"canonical":"https:\/\/andreaskalcker.com\/de\/warum-werden-wir-krank\/","og_locale":"de_DE","og_type":"article","og_title":"Warum werden wir krank?","og_description":"Alle Krankheiten haben eines gemeinsam: Krankheit ist ein Mangel an Energie. Krankheit ist das Ergebnis eines Ungleichgewichts im Gesundheitszustand eines Menschen. Eine Krankheit liegt vor, wenn der menschliche Organismus in seiner Funktionsweise beeintr\u00e4chtigt ist. Bei allen Krankheiten ist das nat\u00fcrliche Abwehrsystem des K\u00f6rpers geschw\u00e4cht, was auf einen Mangel an Gesundheit hindeutet. Wenn der K\u00f6rper nicht gen\u00fcgend Energie hat, um ordnungsgem\u00e4\u00df zu funktionieren, entsteht ein Ungleichgewicht und der Krankheitszustand entwickelt sich. \u00a0 Es ist also der Mangel an Energie, der uns krank macht. Das wirft die Frage auf: Wie erzeugen wir Energie in unserem K\u00f6rper? Unser K\u00f6rper gewinnt seine Energie haupts\u00e4chlich durch Verbrennung. Wir verbrennen Zucker, Fette und Proteine aus der Nahrung zur Energiegewinnung. Die Verbrennung von Kalorien ist f\u00fcr die Energiegewinnung unerl\u00e4sslich, aber nicht nur der Brennstoff ist wichtig, sondern auch ein anderer Faktor, der ebenso wichtig oder sogar noch wichtiger ist: Sauerstoff. \u00a0 F\u00fcr jede Verbrennung wird Sauerstoff ben\u00f6tigt, denn ohne ihn kann es keine Flamme geben. Diese einfache Tatsache wird in der biochemischen Forschung oft nicht ausreichend ber\u00fccksichtigt. Die Verbrennung ist verantwortlich f\u00fcr die Erzeugung von W\u00e4rme und Energie, die f\u00fcr das Funktionieren des menschlichen K\u00f6rpers notwendig sind, und erzeugt gleichzeitig Elektrizit\u00e4t, die die Essenz der Lebensenergie darstellt. \u00a0 Der einzige Unterschied zwischen einem lebenden und einem toten K\u00f6rper ist das Fehlen von Elektrizit\u00e4t. Wir sind energetische elektrische Wesen, die von einem K\u00f6rper abh\u00e4ngig sind, der seine optimale Energie durch biochemische Verbrennung erh\u00e4lt. \u00a0 Chlordioxid liefert bioverf\u00fcgbaren Sauerstoff und erh\u00f6ht die Belastung der Erythrozyten, was in der ven\u00f6sen Blutgasanalyse nach intraven\u00f6ser Infusion deutlich zu erkennen ist. Diese wissenschaftlichen Analysen zeigen, dass Chlordioxid im Blutserum dissoziiert und bioverf\u00fcgbaren Sauerstoff auf molekularer Ebene freisetzt. ABBILDUNG 1: Vor, nach einer Stunde und nach 4 Stunden der Infusion von 5 ml in 500 ml Kochsalzl\u00f6sung. Elektromolekulare Medizin Lebensenergie","og_url":"https:\/\/andreaskalcker.com\/de\/warum-werden-wir-krank\/","og_site_name":"Andreas Kalcker","article_modified_time":"2024-01-18T13:30:21+00:00","og_image":[{"url":"https:\/\/andreaskalcker.com\/wp-content\/uploads\/2023\/08\/descarga-1.png","type":"","width":"","height":""}],"twitter_card":"summary_large_image","twitter_misc":{"Gesch\u00e4tzte Lesezeit":"2\u00a0Minuten"},"schema":{"@context":"https:\/\/schema.org","@graph":[{"@type":"WebPage","@id":"https:\/\/andreaskalcker.com\/de\/warum-werden-wir-krank\/","url":"https:\/\/andreaskalcker.com\/de\/warum-werden-wir-krank\/","name":"Warum werden wir krank? - Andreas Kalcker","isPartOf":{"@id":"https:\/\/andreaskalcker.com\/#website"},"primaryImageOfPage":{"@id":"https:\/\/andreaskalcker.com\/de\/warum-werden-wir-krank\/#primaryimage"},"image":{"@id":"https:\/\/andreaskalcker.com\/de\/warum-werden-wir-krank\/#primaryimage"},"thumbnailUrl":"https:\/\/andreaskalcker.com\/wp-content\/uploads\/2023\/08\/descarga-1.png","datePublished":"2023-08-02T12:27:18+00:00","dateModified":"2024-01-18T13:30:21+00:00","breadcrumb":{"@id":"https:\/\/andreaskalcker.com\/de\/warum-werden-wir-krank\/#breadcrumb"},"inLanguage":"de","potentialAction":[{"@type":"ReadAction","target":["https:\/\/andreaskalcker.com\/de\/warum-werden-wir-krank\/"]}]},{"@type":"ImageObject","inLanguage":"de","@id":"https:\/\/andreaskalcker.com\/de\/warum-werden-wir-krank\/#primaryimage","url":"https:\/\/andreaskalcker.com\/wp-content\/uploads\/2023\/08\/descarga-1.png","contentUrl":"https:\/\/andreaskalcker.com\/wp-content\/uploads\/2023\/08\/descarga-1.png"},{"@type":"BreadcrumbList","@id":"https:\/\/andreaskalcker.com\/de\/warum-werden-wir-krank\/#breadcrumb","itemListElement":[{"@type":"ListItem","position":1,"name":"Portada","item":"https:\/\/andreaskalcker.com\/"},{"@type":"ListItem","position":2,"name":"Warum werden wir krank?"}]},{"@type":"WebSite","@id":"https:\/\/andreaskalcker.com\/#website","url":"https:\/\/andreaskalcker.com\/","name":"Andreas Kalcker","description":"Official website","potentialAction":[{"@type":"SearchAction","target":{"@type":"EntryPoint","urlTemplate":"https:\/\/andreaskalcker.com\/?s={search_term_string}"},"query-input":{"@type":"PropertyValueSpecification","valueRequired":true,"valueName":"search_term_string"}}],"inLanguage":"de"}]}},"_links":{"self":[{"href":"https:\/\/andreaskalcker.com\/de\/wp-json\/wp\/v2\/pages\/1632","targetHints":{"allow":["GET"]}}],"collection":[{"href":"https:\/\/andreaskalcker.com\/de\/wp-json\/wp\/v2\/pages"}],"about":[{"href":"https:\/\/andreaskalcker.com\/de\/wp-json\/wp\/v2\/types\/page"}],"author":[{"embeddable":true,"href":"https:\/\/andreaskalcker.com\/de\/wp-json\/wp\/v2\/users\/1"}],"replies":[{"embeddable":true,"href":"https:\/\/andreaskalcker.com\/de\/wp-json\/wp\/v2\/comments?post=1632"}],"version-history":[{"count":0,"href":"https:\/\/andreaskalcker.com\/de\/wp-json\/wp\/v2\/pages\/1632\/revisions"}],"wp:attachment":[{"href":"https:\/\/andreaskalcker.com\/de\/wp-json\/wp\/v2\/media?parent=1632"}],"curies":[{"name":"wp","href":"https:\/\/api.w.org\/{rel}","templated":true}]}}