{"id":1727,"date":"2023-07-17T20:26:34","date_gmt":"2023-07-17T18:26:34","guid":{"rendered":"https:\/\/andreaskalcker.com\/cursos-base\/"},"modified":"2025-02-17T11:21:35","modified_gmt":"2025-02-17T10:21:35","slug":"grundkurse","status":"publish","type":"page","link":"https:\/\/andreaskalcker.com\/de\/grundkurse\/","title":{"rendered":"Grundkurse"},"content":{"rendered":"\t\t<div data-elementor-type=\"wp-page\" data-elementor-id=\"1727\" class=\"elementor elementor-1727 elementor-82\" data-elementor-post-type=\"page\">\n\t\t\t\t\t\t<section class=\"elementor-section elementor-top-section elementor-element elementor-element-5d5a602 elementor-section-boxed elementor-section-height-default elementor-section-height-default wpr-particle-no wpr-jarallax-no wpr-parallax-no wpr-sticky-section-no\" data-id=\"5d5a602\" data-element_type=\"section\" data-settings=\"{&quot;background_background&quot;:&quot;classic&quot;,&quot;background_motion_fx_motion_fx_scrolling&quot;:&quot;yes&quot;,&quot;background_motion_fx_motion_fx_mouse&quot;:&quot;yes&quot;,&quot;background_motion_fx_mouseTrack_effect&quot;:&quot;yes&quot;,&quot;background_motion_fx_devices&quot;:[&quot;desktop&quot;,&quot;tablet&quot;,&quot;mobile&quot;],&quot;background_motion_fx_mouseTrack_speed&quot;:{&quot;unit&quot;:&quot;px&quot;,&quot;size&quot;:1,&quot;sizes&quot;:[]}}\">\n\t\t\t\t\t\t<div class=\"elementor-container elementor-column-gap-default\">\n\t\t\t\t\t<div class=\"elementor-column elementor-col-100 elementor-top-column elementor-element elementor-element-1d0a22a5\" data-id=\"1d0a22a5\" data-element_type=\"column\">\n\t\t\t<div class=\"elementor-widget-wrap elementor-element-populated\">\n\t\t\t\t\t\t<div class=\"elementor-element elementor-element-2205598a elementor-widget elementor-widget-heading\" data-id=\"2205598a\" data-element_type=\"widget\" data-widget_type=\"heading.default\">\n\t\t\t\t<div class=\"elementor-widget-container\">\n\t\t\t\t\t<h2 class=\"elementor-heading-title elementor-size-default\">Grundkurse<\/h2>\t\t\t\t<\/div>\n\t\t\t\t<\/div>\n\t\t\t\t<div class=\"elementor-element elementor-element-44f36a8 elementor-widget elementor-widget-heading\" data-id=\"44f36a8\" data-element_type=\"widget\" data-widget_type=\"heading.default\">\n\t\t\t\t<div class=\"elementor-widget-container\">\n\t\t\t\t\t<h5 class=\"elementor-heading-title elementor-size-default\">Nat\u00fcrliche Biophysik<\/h5>\t\t\t\t<\/div>\n\t\t\t\t<\/div>\n\t\t\t\t\t<\/div>\n\t\t<\/div>\n\t\t\t\t\t<\/div>\n\t\t<\/section>\n\t\t\t\t<section class=\"elementor-section elementor-top-section elementor-element elementor-element-c91bb2d elementor-section-boxed elementor-section-height-default elementor-section-height-default wpr-particle-no wpr-jarallax-no wpr-parallax-no wpr-sticky-section-no\" data-id=\"c91bb2d\" data-element_type=\"section\">\n\t\t\t\t\t\t<div class=\"elementor-container elementor-column-gap-default\">\n\t\t\t\t\t<div class=\"elementor-column elementor-col-100 elementor-top-column elementor-element elementor-element-7a4450f\" data-id=\"7a4450f\" data-element_type=\"column\">\n\t\t\t<div class=\"elementor-widget-wrap elementor-element-populated\">\n\t\t\t\t\t\t<div class=\"elementor-element elementor-element-790e580 elementor-widget elementor-widget-image\" data-id=\"790e580\" data-element_type=\"widget\" data-widget_type=\"image.default\">\n\t\t\t\t<div class=\"elementor-widget-container\">\n\t\t\t\t\t\t\t\t\t\t\t\t\t\t\t<img decoding=\"async\" src=\"https:\/\/andreaskalcker.com\/wp-content\/uploads\/elementor\/thumbs\/IMG_6aa5698c64464c6c9c2a22f3e9853961-1-re9njydbbn0672hw6ofasyw3asjjku7wrj8qc0asqo.png\" title=\"IMG_6aa5698c64464c6c9c2a22f3e9853961.png\" alt=\"IMG_6aa5698c64464c6c9c2a22f3e9853961.png\" loading=\"lazy\" \/>\t\t\t\t\t\t\t\t\t\t\t\t\t\t\t<\/div>\n\t\t\t\t<\/div>\n\t\t\t\t<div class=\"elementor-element elementor-element-e38d9ac elementor-widget elementor-widget-text-editor\" data-id=\"e38d9ac\" data-element_type=\"widget\" data-widget_type=\"text-editor.default\">\n\t\t\t\t<div class=\"elementor-widget-container\">\n\t\t\t\t\t\t\t\t\t<p>Wir stellen Ihnen den ersten Grundkurs unserer Online-Schulung vor. Es handelt sich um einen Einf\u00fchrungskurs f\u00fcr Einsteiger, den wir so einfach wie m\u00f6glich gestaltet haben, damit jeder die Grundlagen erlernen kann: was Chlordioxid ist und wie es funktioniert, sowie wie man es herstellt und sicher zu Hause anwendet. Unsere Absicht ist es, die Informationen, die wir nach mehr als 10 Jahren Forschung erhalten haben, mit allen zu teilen. Es geht um F\u00e4lle von Menschen, die vertrieben wurden, ohne dass es eine medizinische L\u00f6sung gab, und die den Mut hatten, ihr Leben selbst in die Hand zu nehmen und es f\u00fcr immer zu ver\u00e4ndern.<\/p><p> <\/p><p><strong>Diese Informationen sind zu wertvoll, um sie im Verborgenen zu halten<\/strong>. Deshalb haben wir uns entschlossen, einen Schritt nach vorne zu machen, zugunsten der Freiheit jedes Einzelnen, damit jeder seine eigenen Entscheidungen treffen kann und wei\u00df, dass es trotz der Behauptungen, die uns erz\u00e4hlt werden, Alternativen gibt.  <\/p><p><span style=\"color: var( --e-global-color-3a0c7dc ); background-color: var(--base-3);\">Dieser Kurs ist den uners\u00e4ttlich Neugierigen gewidmet, die immer auf der Suche nach etwas Neuem sind, den Nonkonformisten, die sich nicht damit zufrieden geben, alles zu glauben, was ihnen gesagt wird, den Skeptikern, die die Dinge selbst \u00fcberpr\u00fcfen m\u00fcssen, um ihre eigene Wahrheit zu schaffen, all den Menschen, denen die selbsternannte &#8222;Wissenschaft der Wahrheit&#8220; gesagt hat, dass es keine L\u00f6sung f\u00fcr ihr Problem gibt und die sich entschieden haben, nicht aufzugeben&#8230; kurz gesagt, all denjenigen, die den Mut haben, ihr Leben in die Hand zu nehmen und zu sagen: <\/span><strong style=\"color: var( --e-global-color-3a0c7dc ); background-color: var(--base-3);\">Ich entscheide jetzt!<\/strong><span style=\"color: var( --e-global-color-3a0c7dc ); background-color: var(--base-3);\"> <\/span><\/p><p><span style=\"color: var( --e-global-color-3a0c7dc ); background-color: var(--base-3);\"> <\/span><\/p><p>Nehmen Sie an dem vom Institut f\u00fcr nat\u00fcrliche Biophysik angebotenen Grundkurs teil, in dem Sie die Verwendung von Chlordioxid von Grund auf lernen.<\/p><p>Dieses Wissen ist wichtig f\u00fcr diejenigen, die aktuelle Informationen \u00fcber den CDS aus erster Hand erhalten m\u00f6chten.<\/p>\t\t\t\t\t\t\t\t<\/div>\n\t\t\t\t<\/div>\n\t\t\t\t<div class=\"elementor-element elementor-element-9815e03 elementor-mobile-align-justify elementor-widget-mobile__width-inherit elementor-align-center elementor-widget elementor-widget-button\" data-id=\"9815e03\" data-element_type=\"widget\" data-widget_type=\"button.default\">\n\t\t\t\t<div class=\"elementor-widget-container\">\n\t\t\t\t\t\t\t\t\t<div class=\"elementor-button-wrapper\">\n\t\t\t\t\t<a class=\"elementor-button elementor-button-link elementor-size-md\" href=\"https:\/\/elopage.com\/epl\/QThFH1_UQokmTRqk1Ha9\" target=\"_blank\">\n\t\t\t\t\t\t<span class=\"elementor-button-content-wrapper\">\n\t\t\t\t\t\t\t\t\t<span class=\"elementor-button-text\">Zugang zu Grundkursen<\/span>\n\t\t\t\t\t<\/span>\n\t\t\t\t\t<\/a>\n\t\t\t\t<\/div>\n\t\t\t\t\t\t\t\t<\/div>\n\t\t\t\t<\/div>\n\t\t\t\t\t<\/div>\n\t\t<\/div>\n\t\t\t\t\t<\/div>\n\t\t<\/section>\n\t\t\t\t<\/div>\n\t\t","protected":false},"excerpt":{"rendered":"<p>Nat\u00fcrliche Biophysik Wir stellen Ihnen den ersten Grundkurs unserer Online-Schulung vor. Es handelt sich um einen Einf\u00fchrungskurs f\u00fcr Einsteiger, den wir so einfach wie m\u00f6glich gestaltet haben, damit jeder die Grundlagen erlernen kann: was Chlordioxid ist und wie es funktioniert, sowie wie man es herstellt und sicher zu Hause anwendet. Unsere Absicht ist es, die Informationen, die wir nach mehr als 10 Jahren Forschung erhalten haben, mit allen zu teilen. Es geht um F\u00e4lle von Menschen, die vertrieben wurden, ohne dass es eine medizinische L\u00f6sung gab, und die den Mut hatten, ihr Leben selbst in die Hand zu nehmen und es f\u00fcr immer zu ver\u00e4ndern. Diese Informationen sind zu wertvoll, um sie im Verborgenen zu halten. Deshalb haben wir uns entschlossen, einen Schritt nach vorne zu machen, zugunsten der Freiheit jedes Einzelnen, damit jeder seine eigenen Entscheidungen treffen kann und wei\u00df, dass es trotz der Behauptungen, die uns erz\u00e4hlt werden, Alternativen gibt. Dieser Kurs ist den uners\u00e4ttlich Neugierigen gewidmet, die immer auf der Suche nach etwas Neuem sind, den Nonkonformisten, die sich nicht damit zufrieden geben, alles zu glauben, was ihnen gesagt wird, den Skeptikern, die die Dinge selbst \u00fcberpr\u00fcfen m\u00fcssen, um ihre eigene Wahrheit zu schaffen, all den Menschen, denen die selbsternannte &#8222;Wissenschaft der Wahrheit&#8220; gesagt hat, dass es keine L\u00f6sung f\u00fcr ihr Problem gibt und die sich entschieden haben, nicht aufzugeben&#8230; kurz gesagt, all denjenigen, die den Mut haben, ihr Leben in die Hand zu nehmen und zu sagen: Ich entscheide jetzt! Nehmen Sie an dem vom Institut f\u00fcr nat\u00fcrliche Biophysik angebotenen Grundkurs teil, in dem Sie die Verwendung von Chlordioxid von Grund auf lernen. Dieses Wissen ist wichtig f\u00fcr diejenigen, die aktuelle Informationen \u00fcber den CDS aus erster Hand erhalten m\u00f6chten. Zugang zu Grundkursen<\/p>\n","protected":false},"author":1,"featured_media":0,"parent":0,"menu_order":0,"comment_status":"closed","ping_status":"closed","template":"","meta":{"footnotes":""},"class_list":["post-1727","page","type-page","status-publish"],"yoast_head":"<!-- This site is optimized with the Yoast SEO Premium plugin v22.2 (Yoast SEO v25.8) - https:\/\/yoast.com\/wordpress\/plugins\/seo\/ -->\n<title>Grundkurse - Andreas Kalcker<\/title>\n<meta name=\"robots\" content=\"index, follow, max-snippet:-1, max-image-preview:large, max-video-preview:-1\" \/>\n<link rel=\"canonical\" href=\"https:\/\/andreaskalcker.com\/de\/grundkurse\/\" \/>\n<meta property=\"og:locale\" content=\"de_DE\" \/>\n<meta property=\"og:type\" content=\"article\" \/>\n<meta property=\"og:title\" content=\"Grundkurse\" \/>\n<meta property=\"og:description\" content=\"Nat\u00fcrliche Biophysik Wir stellen Ihnen den ersten Grundkurs unserer Online-Schulung vor. Es handelt sich um einen Einf\u00fchrungskurs f\u00fcr Einsteiger, den wir so einfach wie m\u00f6glich gestaltet haben, damit jeder die Grundlagen erlernen kann: was Chlordioxid ist und wie es funktioniert, sowie wie man es herstellt und sicher zu Hause anwendet. Unsere Absicht ist es, die Informationen, die wir nach mehr als 10 Jahren Forschung erhalten haben, mit allen zu teilen. Es geht um F\u00e4lle von Menschen, die vertrieben wurden, ohne dass es eine medizinische L\u00f6sung gab, und die den Mut hatten, ihr Leben selbst in die Hand zu nehmen und es f\u00fcr immer zu ver\u00e4ndern. Diese Informationen sind zu wertvoll, um sie im Verborgenen zu halten. Deshalb haben wir uns entschlossen, einen Schritt nach vorne zu machen, zugunsten der Freiheit jedes Einzelnen, damit jeder seine eigenen Entscheidungen treffen kann und wei\u00df, dass es trotz der Behauptungen, die uns erz\u00e4hlt werden, Alternativen gibt. Dieser Kurs ist den uners\u00e4ttlich Neugierigen gewidmet, die immer auf der Suche nach etwas Neuem sind, den Nonkonformisten, die sich nicht damit zufrieden geben, alles zu glauben, was ihnen gesagt wird, den Skeptikern, die die Dinge selbst \u00fcberpr\u00fcfen m\u00fcssen, um ihre eigene Wahrheit zu schaffen, all den Menschen, denen die selbsternannte &#8222;Wissenschaft der Wahrheit&#8220; gesagt hat, dass es keine L\u00f6sung f\u00fcr ihr Problem gibt und die sich entschieden haben, nicht aufzugeben&#8230; kurz gesagt, all denjenigen, die den Mut haben, ihr Leben in die Hand zu nehmen und zu sagen: Ich entscheide jetzt! Nehmen Sie an dem vom Institut f\u00fcr nat\u00fcrliche Biophysik angebotenen Grundkurs teil, in dem Sie die Verwendung von Chlordioxid von Grund auf lernen. Dieses Wissen ist wichtig f\u00fcr diejenigen, die aktuelle Informationen \u00fcber den CDS aus erster Hand erhalten m\u00f6chten. Zugang zu Grundkursen\" \/>\n<meta property=\"og:url\" content=\"https:\/\/andreaskalcker.com\/de\/grundkurse\/\" \/>\n<meta property=\"og:site_name\" content=\"Andreas Kalcker\" \/>\n<meta property=\"article:modified_time\" content=\"2025-02-17T10:21:35+00:00\" \/>\n<meta property=\"og:image\" content=\"https:\/\/andreaskalcker.com\/wp-content\/uploads\/elementor\/thumbs\/IMG_6aa5698c64464c6c9c2a22f3e9853961-1-ql5ym3732bns5t324w6aek4va0jkht66ko5u8qitj4.png\" \/>\n<meta name=\"twitter:card\" content=\"summary_large_image\" \/>\n<meta name=\"twitter:label1\" content=\"Gesch\u00e4tzte Lesezeit\" \/>\n\t<meta name=\"twitter:data1\" content=\"2\u00a0Minuten\" \/>\n<script type=\"application\/ld+json\" class=\"yoast-schema-graph\">{\"@context\":\"https:\/\/schema.org\",\"@graph\":[{\"@type\":\"WebPage\",\"@id\":\"https:\/\/andreaskalcker.com\/de\/grundkurse\/\",\"url\":\"https:\/\/andreaskalcker.com\/de\/grundkurse\/\",\"name\":\"Grundkurse - Andreas Kalcker\",\"isPartOf\":{\"@id\":\"https:\/\/andreaskalcker.com\/#website\"},\"primaryImageOfPage\":{\"@id\":\"https:\/\/andreaskalcker.com\/de\/grundkurse\/#primaryimage\"},\"image\":{\"@id\":\"https:\/\/andreaskalcker.com\/de\/grundkurse\/#primaryimage\"},\"thumbnailUrl\":\"https:\/\/andreaskalcker.com\/wp-content\/uploads\/elementor\/thumbs\/IMG_6aa5698c64464c6c9c2a22f3e9853961-1-ql5ym3732bns5t324w6aek4va0jkht66ko5u8qitj4.png\",\"datePublished\":\"2023-07-17T18:26:34+00:00\",\"dateModified\":\"2025-02-17T10:21:35+00:00\",\"breadcrumb\":{\"@id\":\"https:\/\/andreaskalcker.com\/de\/grundkurse\/#breadcrumb\"},\"inLanguage\":\"de\",\"potentialAction\":[{\"@type\":\"ReadAction\",\"target\":[\"https:\/\/andreaskalcker.com\/de\/grundkurse\/\"]}]},{\"@type\":\"ImageObject\",\"inLanguage\":\"de\",\"@id\":\"https:\/\/andreaskalcker.com\/de\/grundkurse\/#primaryimage\",\"url\":\"https:\/\/andreaskalcker.com\/wp-content\/uploads\/elementor\/thumbs\/IMG_6aa5698c64464c6c9c2a22f3e9853961-1-ql5ym3732bns5t324w6aek4va0jkht66ko5u8qitj4.png\",\"contentUrl\":\"https:\/\/andreaskalcker.com\/wp-content\/uploads\/elementor\/thumbs\/IMG_6aa5698c64464c6c9c2a22f3e9853961-1-ql5ym3732bns5t324w6aek4va0jkht66ko5u8qitj4.png\"},{\"@type\":\"BreadcrumbList\",\"@id\":\"https:\/\/andreaskalcker.com\/de\/grundkurse\/#breadcrumb\",\"itemListElement\":[{\"@type\":\"ListItem\",\"position\":1,\"name\":\"Portada\",\"item\":\"https:\/\/andreaskalcker.com\/\"},{\"@type\":\"ListItem\",\"position\":2,\"name\":\"Grundkurse\"}]},{\"@type\":\"WebSite\",\"@id\":\"https:\/\/andreaskalcker.com\/#website\",\"url\":\"https:\/\/andreaskalcker.com\/\",\"name\":\"Andreas Kalcker\",\"description\":\"Official website\",\"potentialAction\":[{\"@type\":\"SearchAction\",\"target\":{\"@type\":\"EntryPoint\",\"urlTemplate\":\"https:\/\/andreaskalcker.com\/?s={search_term_string}\"},\"query-input\":{\"@type\":\"PropertyValueSpecification\",\"valueRequired\":true,\"valueName\":\"search_term_string\"}}],\"inLanguage\":\"de\"}]}<\/script>\n<!-- \/ Yoast SEO Premium plugin. -->","yoast_head_json":{"title":"Grundkurse - Andreas Kalcker","robots":{"index":"index","follow":"follow","max-snippet":"max-snippet:-1","max-image-preview":"max-image-preview:large","max-video-preview":"max-video-preview:-1"},"canonical":"https:\/\/andreaskalcker.com\/de\/grundkurse\/","og_locale":"de_DE","og_type":"article","og_title":"Grundkurse","og_description":"Nat\u00fcrliche Biophysik Wir stellen Ihnen den ersten Grundkurs unserer Online-Schulung vor. Es handelt sich um einen Einf\u00fchrungskurs f\u00fcr Einsteiger, den wir so einfach wie m\u00f6glich gestaltet haben, damit jeder die Grundlagen erlernen kann: was Chlordioxid ist und wie es funktioniert, sowie wie man es herstellt und sicher zu Hause anwendet. Unsere Absicht ist es, die Informationen, die wir nach mehr als 10 Jahren Forschung erhalten haben, mit allen zu teilen. Es geht um F\u00e4lle von Menschen, die vertrieben wurden, ohne dass es eine medizinische L\u00f6sung gab, und die den Mut hatten, ihr Leben selbst in die Hand zu nehmen und es f\u00fcr immer zu ver\u00e4ndern. Diese Informationen sind zu wertvoll, um sie im Verborgenen zu halten. Deshalb haben wir uns entschlossen, einen Schritt nach vorne zu machen, zugunsten der Freiheit jedes Einzelnen, damit jeder seine eigenen Entscheidungen treffen kann und wei\u00df, dass es trotz der Behauptungen, die uns erz\u00e4hlt werden, Alternativen gibt. Dieser Kurs ist den uners\u00e4ttlich Neugierigen gewidmet, die immer auf der Suche nach etwas Neuem sind, den Nonkonformisten, die sich nicht damit zufrieden geben, alles zu glauben, was ihnen gesagt wird, den Skeptikern, die die Dinge selbst \u00fcberpr\u00fcfen m\u00fcssen, um ihre eigene Wahrheit zu schaffen, all den Menschen, denen die selbsternannte &#8222;Wissenschaft der Wahrheit&#8220; gesagt hat, dass es keine L\u00f6sung f\u00fcr ihr Problem gibt und die sich entschieden haben, nicht aufzugeben&#8230; kurz gesagt, all denjenigen, die den Mut haben, ihr Leben in die Hand zu nehmen und zu sagen: Ich entscheide jetzt! Nehmen Sie an dem vom Institut f\u00fcr nat\u00fcrliche Biophysik angebotenen Grundkurs teil, in dem Sie die Verwendung von Chlordioxid von Grund auf lernen. Dieses Wissen ist wichtig f\u00fcr diejenigen, die aktuelle Informationen \u00fcber den CDS aus erster Hand erhalten m\u00f6chten. Zugang zu Grundkursen","og_url":"https:\/\/andreaskalcker.com\/de\/grundkurse\/","og_site_name":"Andreas Kalcker","article_modified_time":"2025-02-17T10:21:35+00:00","og_image":[{"url":"https:\/\/andreaskalcker.com\/wp-content\/uploads\/elementor\/thumbs\/IMG_6aa5698c64464c6c9c2a22f3e9853961-1-ql5ym3732bns5t324w6aek4va0jkht66ko5u8qitj4.png","type":"","width":"","height":""}],"twitter_card":"summary_large_image","twitter_misc":{"Gesch\u00e4tzte Lesezeit":"2\u00a0Minuten"},"schema":{"@context":"https:\/\/schema.org","@graph":[{"@type":"WebPage","@id":"https:\/\/andreaskalcker.com\/de\/grundkurse\/","url":"https:\/\/andreaskalcker.com\/de\/grundkurse\/","name":"Grundkurse - Andreas Kalcker","isPartOf":{"@id":"https:\/\/andreaskalcker.com\/#website"},"primaryImageOfPage":{"@id":"https:\/\/andreaskalcker.com\/de\/grundkurse\/#primaryimage"},"image":{"@id":"https:\/\/andreaskalcker.com\/de\/grundkurse\/#primaryimage"},"thumbnailUrl":"https:\/\/andreaskalcker.com\/wp-content\/uploads\/elementor\/thumbs\/IMG_6aa5698c64464c6c9c2a22f3e9853961-1-ql5ym3732bns5t324w6aek4va0jkht66ko5u8qitj4.png","datePublished":"2023-07-17T18:26:34+00:00","dateModified":"2025-02-17T10:21:35+00:00","breadcrumb":{"@id":"https:\/\/andreaskalcker.com\/de\/grundkurse\/#breadcrumb"},"inLanguage":"de","potentialAction":[{"@type":"ReadAction","target":["https:\/\/andreaskalcker.com\/de\/grundkurse\/"]}]},{"@type":"ImageObject","inLanguage":"de","@id":"https:\/\/andreaskalcker.com\/de\/grundkurse\/#primaryimage","url":"https:\/\/andreaskalcker.com\/wp-content\/uploads\/elementor\/thumbs\/IMG_6aa5698c64464c6c9c2a22f3e9853961-1-ql5ym3732bns5t324w6aek4va0jkht66ko5u8qitj4.png","contentUrl":"https:\/\/andreaskalcker.com\/wp-content\/uploads\/elementor\/thumbs\/IMG_6aa5698c64464c6c9c2a22f3e9853961-1-ql5ym3732bns5t324w6aek4va0jkht66ko5u8qitj4.png"},{"@type":"BreadcrumbList","@id":"https:\/\/andreaskalcker.com\/de\/grundkurse\/#breadcrumb","itemListElement":[{"@type":"ListItem","position":1,"name":"Portada","item":"https:\/\/andreaskalcker.com\/"},{"@type":"ListItem","position":2,"name":"Grundkurse"}]},{"@type":"WebSite","@id":"https:\/\/andreaskalcker.com\/#website","url":"https:\/\/andreaskalcker.com\/","name":"Andreas Kalcker","description":"Official website","potentialAction":[{"@type":"SearchAction","target":{"@type":"EntryPoint","urlTemplate":"https:\/\/andreaskalcker.com\/?s={search_term_string}"},"query-input":{"@type":"PropertyValueSpecification","valueRequired":true,"valueName":"search_term_string"}}],"inLanguage":"de"}]}},"_links":{"self":[{"href":"https:\/\/andreaskalcker.com\/de\/wp-json\/wp\/v2\/pages\/1727","targetHints":{"allow":["GET"]}}],"collection":[{"href":"https:\/\/andreaskalcker.com\/de\/wp-json\/wp\/v2\/pages"}],"about":[{"href":"https:\/\/andreaskalcker.com\/de\/wp-json\/wp\/v2\/types\/page"}],"author":[{"embeddable":true,"href":"https:\/\/andreaskalcker.com\/de\/wp-json\/wp\/v2\/users\/1"}],"replies":[{"embeddable":true,"href":"https:\/\/andreaskalcker.com\/de\/wp-json\/wp\/v2\/comments?post=1727"}],"version-history":[{"count":0,"href":"https:\/\/andreaskalcker.com\/de\/wp-json\/wp\/v2\/pages\/1727\/revisions"}],"wp:attachment":[{"href":"https:\/\/andreaskalcker.com\/de\/wp-json\/wp\/v2\/media?parent=1727"}],"curies":[{"name":"wp","href":"https:\/\/api.w.org\/{rel}","templated":true}]}}