{"id":1734,"date":"2023-07-17T20:26:03","date_gmt":"2023-07-17T18:26:03","guid":{"rendered":"https:\/\/andreaskalcker.com\/seminarios-avanzados\/"},"modified":"2025-02-17T11:21:39","modified_gmt":"2025-02-17T10:21:39","slug":"fortgeschrittene-seminare","status":"publish","type":"page","link":"https:\/\/andreaskalcker.com\/de\/fortgeschrittene-seminare\/","title":{"rendered":"Seminare f\u00fcr Fortgeschrittene"},"content":{"rendered":"\t\t<div data-elementor-type=\"wp-page\" data-elementor-id=\"1734\" class=\"elementor elementor-1734 elementor-80\" data-elementor-post-type=\"page\">\n\t\t\t\t\t\t<section class=\"elementor-section elementor-top-section elementor-element elementor-element-7823bbcd elementor-section-boxed elementor-section-height-default elementor-section-height-default wpr-particle-no wpr-jarallax-no wpr-parallax-no wpr-sticky-section-no\" data-id=\"7823bbcd\" data-element_type=\"section\" data-settings=\"{&quot;background_background&quot;:&quot;classic&quot;,&quot;background_motion_fx_motion_fx_scrolling&quot;:&quot;yes&quot;,&quot;background_motion_fx_motion_fx_mouse&quot;:&quot;yes&quot;,&quot;background_motion_fx_mouseTrack_effect&quot;:&quot;yes&quot;,&quot;background_motion_fx_devices&quot;:[&quot;desktop&quot;,&quot;tablet&quot;,&quot;mobile&quot;],&quot;background_motion_fx_mouseTrack_speed&quot;:{&quot;unit&quot;:&quot;px&quot;,&quot;size&quot;:1,&quot;sizes&quot;:[]}}\">\n\t\t\t\t\t\t<div class=\"elementor-container elementor-column-gap-default\">\n\t\t\t\t\t<div class=\"elementor-column elementor-col-100 elementor-top-column elementor-element elementor-element-98ea543\" data-id=\"98ea543\" data-element_type=\"column\">\n\t\t\t<div class=\"elementor-widget-wrap elementor-element-populated\">\n\t\t\t\t\t\t<div class=\"elementor-element elementor-element-17413439 elementor-widget elementor-widget-heading\" data-id=\"17413439\" data-element_type=\"widget\" data-widget_type=\"heading.default\">\n\t\t\t\t<div class=\"elementor-widget-container\">\n\t\t\t\t\t<h2 class=\"elementor-heading-title elementor-size-default\">Seminare f\u00fcr Fortgeschrittene<\/h2>\t\t\t\t<\/div>\n\t\t\t\t<\/div>\n\t\t\t\t<div class=\"elementor-element elementor-element-2eef631 elementor-widget elementor-widget-heading\" data-id=\"2eef631\" data-element_type=\"widget\" data-widget_type=\"heading.default\">\n\t\t\t\t<div class=\"elementor-widget-container\">\n\t\t\t\t\t<h5 class=\"elementor-heading-title elementor-size-default\">Kalcker Institut<\/h5>\t\t\t\t<\/div>\n\t\t\t\t<\/div>\n\t\t\t\t\t<\/div>\n\t\t<\/div>\n\t\t\t\t\t<\/div>\n\t\t<\/section>\n\t\t\t\t<section class=\"elementor-section elementor-top-section elementor-element elementor-element-34b3b03 elementor-section-boxed elementor-section-height-default elementor-section-height-default wpr-particle-no wpr-jarallax-no wpr-parallax-no wpr-sticky-section-no\" data-id=\"34b3b03\" data-element_type=\"section\">\n\t\t\t\t\t\t<div class=\"elementor-container elementor-column-gap-default\">\n\t\t\t\t\t<div class=\"elementor-column elementor-col-100 elementor-top-column elementor-element elementor-element-84b53d2\" data-id=\"84b53d2\" data-element_type=\"column\">\n\t\t\t<div class=\"elementor-widget-wrap elementor-element-populated\">\n\t\t\t\t\t\t<div class=\"elementor-element elementor-element-9848c62 elementor-widget elementor-widget-image\" data-id=\"9848c62\" data-element_type=\"widget\" data-widget_type=\"image.default\">\n\t\t\t\t<div class=\"elementor-widget-container\">\n\t\t\t\t\t\t\t\t\t\t\t\t\t\t\t<img decoding=\"async\" src=\"https:\/\/andreaskalcker.com\/wp-content\/uploads\/elementor\/thumbs\/logo-KI-B-1-re9njydbbn0672hw6ofasyw3asjjku7wrj8qc0asqo.png\" title=\"logo-KI-B.png\" alt=\"logo-KI-B.png\" loading=\"lazy\" \/>\t\t\t\t\t\t\t\t\t\t\t\t\t\t\t<\/div>\n\t\t\t\t<\/div>\n\t\t\t\t<div class=\"elementor-element elementor-element-af40f6e elementor-widget elementor-widget-text-editor\" data-id=\"af40f6e\" data-element_type=\"widget\" data-widget_type=\"text-editor.default\">\n\t\t\t\t<div class=\"elementor-widget-container\">\n\t\t\t\t\t\t\t\t\t<p>Entdecken Sie Ihre Bestimmung, <b>entschl\u00fcsseln Sie die Schl\u00fcssel zur Verbesserung Ihrer Gesundheit oder entfachen Sie Ihre Leidenschaft f\u00fcr den Beruf des Mediziners neu<\/b>, um nur einige Beispiele zu nennen. Was auch immer Sie suchen, Online-Kurse k\u00f6nnen Sie zu Ihrem idealen Webinar-Erlebnis mit Dr. Andreas Kalcker f\u00fchren.<\/p><p> <\/p><p> <\/p><p>Nach mehr als zehn Jahren m\u00fchsamer und ersch\u00f6pfender Forschungsarbeit freuen wir uns, die wertvollen Ergebnisse dieses Prozesses mit Ihnen teilen zu k\u00f6nnen.<\/p><p> <\/p><p> <\/p><p>Die Seminare und Programme von Dr. Andreas Kalcker erm\u00f6glichen es Ihnen, <b>auf einem soliden Fundament von erworbenem Wissen aufzubauen<\/b>. Sie erhalten die Werkzeuge, die Sie ben\u00f6tigen, um Ihre F\u00e4higkeiten zu erweitern und zum Wachstum einer unaufhaltsamen Bewegung zum Wohle aller Menschen beizutragen. Diese Fortbildungsm\u00f6glichkeiten erm\u00f6glichen es Ihnen, Ihr Verst\u00e4ndnis der von Dr. Kalcker vorgestellten Konzepte zu vertiefen sowie neue Perspektiven und praktische Anwendungen seiner Lehren zu erkunden. Durch diese Programme erhalten Sie ein <b>umfassenderes und detaillierteres Verst\u00e4ndnis<\/b> der behandelten Themen, so dass Sie innovative und effektive L\u00f6sungen f\u00fcr die Herausforderungen unserer Zeit entwickeln k\u00f6nnen.  <\/p><p> <\/p><p>Dar\u00fcber hinaus haben Sie die M\u00f6glichkeit, <b>mit anderen Teilnehmern in Kontakt zu treten und an gemeinsamen Projekten zu arbeiten<\/b>, was eine kollaborative und bereichernde Lernumgebung f\u00f6rdert. Kurzum, die Seminare und Programme von Dr. Andreas Kalcker sind eine unsch\u00e4tzbare Gelegenheit, Ihr Wissen zu erweitern, Ihre F\u00e4higkeiten zu entwickeln und Teil einer transformativen Bewegung zu werden, die die Lebensqualit\u00e4t von Menschen auf der ganzen Welt verbessern will.<\/p><p> <\/p><p> <\/p><p>Sie werden nicht nur lernen, sondern auch verstehen und tun. Sie werden eine bereichernde Erfahrung machen, bei der Sie jeden Tag in eine Welt des Lernens und des pers\u00f6nlichen Wachstums eintauchen werden. Sie werden die Luft der Motivation und Begeisterung atmen und sp\u00fcren, wie jedes erworbene Wissen zu einem wichtigen Teil Ihrer Identit\u00e4t wird. Sie werden die Werkzeuge und Techniken, die Sie erlernen, auf praktische und konsequente Weise anwenden, so dass sie in Ihrem t\u00e4glichen Leben Fu\u00df fassen und zu einem wesentlichen Bestandteil Ihres Lebens werden.<\/p><p> <\/p><p> <\/p><p>Sie sind bereit, sich Herausforderungen zu stellen und Hindernisse zu \u00fcberwinden, indem Sie sich auf Ihre F\u00e4higkeiten und Fertigkeiten verlassen, um bei jedem Projekt und jedem Ziel, das Sie sich setzen, erfolgreich zu sein. Auf diese Weise werden Sie zu einer authentischen und selbstbewussten Person, die in der Lage ist, sich jeder Herausforderung zu stellen, die auf Sie zukommt.<\/p><p> <\/p><p> <\/p><h4><b>  Gesundheitswissen wird Ihnen ein Leben lang dienen.<\/b><\/h4>\t\t\t\t\t\t\t\t<\/div>\n\t\t\t\t<\/div>\n\t\t\t\t<div class=\"elementor-element elementor-element-e1c890c elementor-widget elementor-widget-text-editor\" data-id=\"e1c890c\" data-element_type=\"widget\" data-widget_type=\"text-editor.default\">\n\t\t\t\t<div class=\"elementor-widget-container\">\n\t\t\t\t\t\t\t\t\t<p><strong>Die Anmeldung f\u00fcr die CDS-Webinare ist jetzt m\u00f6glich.<\/strong><\/p><p><strong> <\/strong><\/p><p>Die Seminare werden mit Live-Videos und Fragen mit Dr. Andreas Kalcker durchgef\u00fchrt. Wer kann teilnehmen? Die Seminare richten sich an alle, die sich f\u00fcr fortgeschrittene Gesundheitsfragen interessieren, sowohl auf pers\u00f6nlicher als auch auf beruflicher Ebene. Unser Ziel ist es, das Wissen zu erweitern und dem Gesundheitssektor eine neue Perspektive zu geben. Sie haben Zugang zu einer Online-Plattform, auf der Sie alle Informationen zu den neuen Seminaren einfach und bequem verfolgen k\u00f6nnen.<\/p>\t\t\t\t\t\t\t\t<\/div>\n\t\t\t\t<\/div>\n\t\t\t\t<div class=\"elementor-element elementor-element-60addf9 elementor-mobile-align-justify elementor-widget-mobile__width-inherit elementor-align-center elementor-widget elementor-widget-global elementor-global-8460 elementor-widget-button\" data-id=\"60addf9\" data-element_type=\"widget\" data-widget_type=\"button.default\">\n\t\t\t\t<div class=\"elementor-widget-container\">\n\t\t\t\t\t\t\t\t\t<div class=\"elementor-button-wrapper\">\n\t\t\t\t\t<a class=\"elementor-button elementor-button-link elementor-size-md\" href=\"https:\/\/kalckerinstitute.com\/\" target=\"_blank\">\n\t\t\t\t\t\t<span class=\"elementor-button-content-wrapper\">\n\t\t\t\t\t\t\t\t\t<span class=\"elementor-button-text\">Acceso a Seminarios Avanzados<\/span>\n\t\t\t\t\t<\/span>\n\t\t\t\t\t<\/a>\n\t\t\t\t<\/div>\n\t\t\t\t\t\t\t\t<\/div>\n\t\t\t\t<\/div>\n\t\t\t\t<div class=\"elementor-element elementor-element-3af17ef elementor-widget elementor-widget-spacer\" data-id=\"3af17ef\" data-element_type=\"widget\" data-widget_type=\"spacer.default\">\n\t\t\t\t<div class=\"elementor-widget-container\">\n\t\t\t\t\t\t\t<div class=\"elementor-spacer\">\n\t\t\t<div class=\"elementor-spacer-inner\"><\/div>\n\t\t<\/div>\n\t\t\t\t\t\t<\/div>\n\t\t\t\t<\/div>\n\t\t\t\t\t<\/div>\n\t\t<\/div>\n\t\t\t\t\t<\/div>\n\t\t<\/section>\n\t\t\t\t<\/div>\n\t\t","protected":false},"excerpt":{"rendered":"<p>Kalcker Institut Entdecken Sie Ihre Bestimmung, entschl\u00fcsseln Sie die Schl\u00fcssel zur Verbesserung Ihrer Gesundheit oder entfachen Sie Ihre Leidenschaft f\u00fcr den Beruf des Mediziners neu, um nur einige Beispiele zu nennen. Was auch immer Sie suchen, Online-Kurse k\u00f6nnen Sie zu Ihrem idealen Webinar-Erlebnis mit Dr. Andreas Kalcker f\u00fchren. Nach mehr als zehn Jahren m\u00fchsamer und ersch\u00f6pfender Forschungsarbeit freuen wir uns, die wertvollen Ergebnisse dieses Prozesses mit Ihnen teilen zu k\u00f6nnen. Die Seminare und Programme von Dr. Andreas Kalcker erm\u00f6glichen es Ihnen, auf einem soliden Fundament von erworbenem Wissen aufzubauen. Sie erhalten die Werkzeuge, die Sie ben\u00f6tigen, um Ihre F\u00e4higkeiten zu erweitern und zum Wachstum einer unaufhaltsamen Bewegung zum Wohle aller Menschen beizutragen. Diese Fortbildungsm\u00f6glichkeiten erm\u00f6glichen es Ihnen, Ihr Verst\u00e4ndnis der von Dr. Kalcker vorgestellten Konzepte zu vertiefen sowie neue Perspektiven und praktische Anwendungen seiner Lehren zu erkunden. Durch diese Programme erhalten Sie ein umfassenderes und detaillierteres Verst\u00e4ndnis der behandelten Themen, so dass Sie innovative und effektive L\u00f6sungen f\u00fcr die Herausforderungen unserer Zeit entwickeln k\u00f6nnen. Dar\u00fcber hinaus haben Sie die M\u00f6glichkeit, mit anderen Teilnehmern in Kontakt zu treten und an gemeinsamen Projekten zu arbeiten, was eine kollaborative und bereichernde Lernumgebung f\u00f6rdert. Kurzum, die Seminare und Programme von Dr. Andreas Kalcker sind eine unsch\u00e4tzbare Gelegenheit, Ihr Wissen zu erweitern, Ihre F\u00e4higkeiten zu entwickeln und Teil einer transformativen Bewegung zu werden, die die Lebensqualit\u00e4t von Menschen auf der ganzen Welt verbessern will. Sie werden nicht nur lernen, sondern auch verstehen und tun. Sie werden eine bereichernde Erfahrung machen, bei der Sie jeden Tag in eine Welt des Lernens und des pers\u00f6nlichen Wachstums eintauchen werden. Sie werden die Luft der Motivation und Begeisterung atmen und sp\u00fcren, wie jedes erworbene Wissen zu einem wichtigen Teil Ihrer Identit\u00e4t wird. Sie werden die Werkzeuge und Techniken, die Sie erlernen, auf praktische und konsequente Weise anwenden, so dass sie in Ihrem t\u00e4glichen Leben Fu\u00df fassen und zu einem wesentlichen Bestandteil Ihres Lebens werden. Sie sind bereit, sich Herausforderungen zu stellen und Hindernisse zu \u00fcberwinden, indem Sie sich auf Ihre F\u00e4higkeiten und Fertigkeiten verlassen, um bei jedem Projekt und jedem Ziel, das Sie sich setzen, erfolgreich zu sein. Auf diese Weise werden Sie zu einer authentischen und selbstbewussten Person, die in der Lage ist, sich jeder Herausforderung zu stellen, die auf Sie zukommt. Gesundheitswissen wird Ihnen ein Leben lang dienen. Die Anmeldung f\u00fcr die CDS-Webinare ist jetzt m\u00f6glich. Die Seminare werden mit Live-Videos und Fragen mit Dr. Andreas Kalcker durchgef\u00fchrt. Wer kann teilnehmen? Die Seminare richten sich an alle, die sich f\u00fcr fortgeschrittene Gesundheitsfragen interessieren, sowohl auf pers\u00f6nlicher als auch auf beruflicher Ebene. Unser Ziel ist es, das Wissen zu erweitern und dem Gesundheitssektor eine neue Perspektive zu geben. Sie haben Zugang zu einer Online-Plattform, auf der Sie alle Informationen zu den neuen Seminaren einfach und bequem verfolgen k\u00f6nnen. Acceso a Seminarios Avanzados<\/p>\n","protected":false},"author":1,"featured_media":0,"parent":0,"menu_order":0,"comment_status":"closed","ping_status":"closed","template":"","meta":{"footnotes":""},"class_list":["post-1734","page","type-page","status-publish"],"yoast_head":"<!-- This site is optimized with the Yoast SEO Premium plugin v22.2 (Yoast SEO v25.8) - https:\/\/yoast.com\/wordpress\/plugins\/seo\/ -->\n<title>Seminare f\u00fcr Fortgeschrittene - Andreas Kalcker<\/title>\n<meta name=\"robots\" content=\"index, follow, max-snippet:-1, max-image-preview:large, max-video-preview:-1\" \/>\n<link rel=\"canonical\" href=\"https:\/\/andreaskalcker.com\/de\/fortgeschrittene-seminare\/\" \/>\n<meta property=\"og:locale\" content=\"de_DE\" \/>\n<meta property=\"og:type\" content=\"article\" \/>\n<meta property=\"og:title\" content=\"Seminare f\u00fcr Fortgeschrittene\" \/>\n<meta property=\"og:description\" content=\"Kalcker Institut Entdecken Sie Ihre Bestimmung, entschl\u00fcsseln Sie die Schl\u00fcssel zur Verbesserung Ihrer Gesundheit oder entfachen Sie Ihre Leidenschaft f\u00fcr den Beruf des Mediziners neu, um nur einige Beispiele zu nennen. Was auch immer Sie suchen, Online-Kurse k\u00f6nnen Sie zu Ihrem idealen Webinar-Erlebnis mit Dr. Andreas Kalcker f\u00fchren. Nach mehr als zehn Jahren m\u00fchsamer und ersch\u00f6pfender Forschungsarbeit freuen wir uns, die wertvollen Ergebnisse dieses Prozesses mit Ihnen teilen zu k\u00f6nnen. Die Seminare und Programme von Dr. Andreas Kalcker erm\u00f6glichen es Ihnen, auf einem soliden Fundament von erworbenem Wissen aufzubauen. Sie erhalten die Werkzeuge, die Sie ben\u00f6tigen, um Ihre F\u00e4higkeiten zu erweitern und zum Wachstum einer unaufhaltsamen Bewegung zum Wohle aller Menschen beizutragen. Diese Fortbildungsm\u00f6glichkeiten erm\u00f6glichen es Ihnen, Ihr Verst\u00e4ndnis der von Dr. Kalcker vorgestellten Konzepte zu vertiefen sowie neue Perspektiven und praktische Anwendungen seiner Lehren zu erkunden. Durch diese Programme erhalten Sie ein umfassenderes und detaillierteres Verst\u00e4ndnis der behandelten Themen, so dass Sie innovative und effektive L\u00f6sungen f\u00fcr die Herausforderungen unserer Zeit entwickeln k\u00f6nnen. Dar\u00fcber hinaus haben Sie die M\u00f6glichkeit, mit anderen Teilnehmern in Kontakt zu treten und an gemeinsamen Projekten zu arbeiten, was eine kollaborative und bereichernde Lernumgebung f\u00f6rdert. Kurzum, die Seminare und Programme von Dr. Andreas Kalcker sind eine unsch\u00e4tzbare Gelegenheit, Ihr Wissen zu erweitern, Ihre F\u00e4higkeiten zu entwickeln und Teil einer transformativen Bewegung zu werden, die die Lebensqualit\u00e4t von Menschen auf der ganzen Welt verbessern will. Sie werden nicht nur lernen, sondern auch verstehen und tun. Sie werden eine bereichernde Erfahrung machen, bei der Sie jeden Tag in eine Welt des Lernens und des pers\u00f6nlichen Wachstums eintauchen werden. Sie werden die Luft der Motivation und Begeisterung atmen und sp\u00fcren, wie jedes erworbene Wissen zu einem wichtigen Teil Ihrer Identit\u00e4t wird. Sie werden die Werkzeuge und Techniken, die Sie erlernen, auf praktische und konsequente Weise anwenden, so dass sie in Ihrem t\u00e4glichen Leben Fu\u00df fassen und zu einem wesentlichen Bestandteil Ihres Lebens werden. Sie sind bereit, sich Herausforderungen zu stellen und Hindernisse zu \u00fcberwinden, indem Sie sich auf Ihre F\u00e4higkeiten und Fertigkeiten verlassen, um bei jedem Projekt und jedem Ziel, das Sie sich setzen, erfolgreich zu sein. Auf diese Weise werden Sie zu einer authentischen und selbstbewussten Person, die in der Lage ist, sich jeder Herausforderung zu stellen, die auf Sie zukommt. Gesundheitswissen wird Ihnen ein Leben lang dienen. Die Anmeldung f\u00fcr die CDS-Webinare ist jetzt m\u00f6glich. Die Seminare werden mit Live-Videos und Fragen mit Dr. Andreas Kalcker durchgef\u00fchrt. Wer kann teilnehmen? Die Seminare richten sich an alle, die sich f\u00fcr fortgeschrittene Gesundheitsfragen interessieren, sowohl auf pers\u00f6nlicher als auch auf beruflicher Ebene. Unser Ziel ist es, das Wissen zu erweitern und dem Gesundheitssektor eine neue Perspektive zu geben. Sie haben Zugang zu einer Online-Plattform, auf der Sie alle Informationen zu den neuen Seminaren einfach und bequem verfolgen k\u00f6nnen. Acceso a Seminarios Avanzados\" \/>\n<meta property=\"og:url\" content=\"https:\/\/andreaskalcker.com\/de\/fortgeschrittene-seminare\/\" \/>\n<meta property=\"og:site_name\" content=\"Andreas Kalcker\" \/>\n<meta property=\"article:modified_time\" content=\"2025-02-17T10:21:39+00:00\" \/>\n<meta property=\"og:image\" content=\"https:\/\/andreaskalcker.com\/wp-content\/uploads\/elementor\/thumbs\/logo-KI-B-1-ql5ywapzajmw9c97it1ezhe3jo833gp8b78ovxdvy8.png\" \/>\n<meta name=\"twitter:card\" content=\"summary_large_image\" \/>\n<meta name=\"twitter:label1\" content=\"Gesch\u00e4tzte Lesezeit\" \/>\n\t<meta name=\"twitter:data1\" content=\"2\u00a0Minuten\" \/>\n<script type=\"application\/ld+json\" class=\"yoast-schema-graph\">{\"@context\":\"https:\/\/schema.org\",\"@graph\":[{\"@type\":\"WebPage\",\"@id\":\"https:\/\/andreaskalcker.com\/de\/fortgeschrittene-seminare\/\",\"url\":\"https:\/\/andreaskalcker.com\/de\/fortgeschrittene-seminare\/\",\"name\":\"Seminare f\u00fcr Fortgeschrittene - Andreas Kalcker\",\"isPartOf\":{\"@id\":\"https:\/\/andreaskalcker.com\/#website\"},\"primaryImageOfPage\":{\"@id\":\"https:\/\/andreaskalcker.com\/de\/fortgeschrittene-seminare\/#primaryimage\"},\"image\":{\"@id\":\"https:\/\/andreaskalcker.com\/de\/fortgeschrittene-seminare\/#primaryimage\"},\"thumbnailUrl\":\"https:\/\/andreaskalcker.com\/wp-content\/uploads\/elementor\/thumbs\/logo-KI-B-1-ql5ywapzajmw9c97it1ezhe3jo833gp8b78ovxdvy8.png\",\"datePublished\":\"2023-07-17T18:26:03+00:00\",\"dateModified\":\"2025-02-17T10:21:39+00:00\",\"breadcrumb\":{\"@id\":\"https:\/\/andreaskalcker.com\/de\/fortgeschrittene-seminare\/#breadcrumb\"},\"inLanguage\":\"de\",\"potentialAction\":[{\"@type\":\"ReadAction\",\"target\":[\"https:\/\/andreaskalcker.com\/de\/fortgeschrittene-seminare\/\"]}]},{\"@type\":\"ImageObject\",\"inLanguage\":\"de\",\"@id\":\"https:\/\/andreaskalcker.com\/de\/fortgeschrittene-seminare\/#primaryimage\",\"url\":\"https:\/\/andreaskalcker.com\/wp-content\/uploads\/elementor\/thumbs\/logo-KI-B-1-ql5ywapzajmw9c97it1ezhe3jo833gp8b78ovxdvy8.png\",\"contentUrl\":\"https:\/\/andreaskalcker.com\/wp-content\/uploads\/elementor\/thumbs\/logo-KI-B-1-ql5ywapzajmw9c97it1ezhe3jo833gp8b78ovxdvy8.png\"},{\"@type\":\"BreadcrumbList\",\"@id\":\"https:\/\/andreaskalcker.com\/de\/fortgeschrittene-seminare\/#breadcrumb\",\"itemListElement\":[{\"@type\":\"ListItem\",\"position\":1,\"name\":\"Portada\",\"item\":\"https:\/\/andreaskalcker.com\/\"},{\"@type\":\"ListItem\",\"position\":2,\"name\":\"Seminare f\u00fcr Fortgeschrittene\"}]},{\"@type\":\"WebSite\",\"@id\":\"https:\/\/andreaskalcker.com\/#website\",\"url\":\"https:\/\/andreaskalcker.com\/\",\"name\":\"Andreas Kalcker\",\"description\":\"Official website\",\"potentialAction\":[{\"@type\":\"SearchAction\",\"target\":{\"@type\":\"EntryPoint\",\"urlTemplate\":\"https:\/\/andreaskalcker.com\/?s={search_term_string}\"},\"query-input\":{\"@type\":\"PropertyValueSpecification\",\"valueRequired\":true,\"valueName\":\"search_term_string\"}}],\"inLanguage\":\"de\"}]}<\/script>\n<!-- \/ Yoast SEO Premium plugin. -->","yoast_head_json":{"title":"Seminare f\u00fcr Fortgeschrittene - Andreas Kalcker","robots":{"index":"index","follow":"follow","max-snippet":"max-snippet:-1","max-image-preview":"max-image-preview:large","max-video-preview":"max-video-preview:-1"},"canonical":"https:\/\/andreaskalcker.com\/de\/fortgeschrittene-seminare\/","og_locale":"de_DE","og_type":"article","og_title":"Seminare f\u00fcr Fortgeschrittene","og_description":"Kalcker Institut Entdecken Sie Ihre Bestimmung, entschl\u00fcsseln Sie die Schl\u00fcssel zur Verbesserung Ihrer Gesundheit oder entfachen Sie Ihre Leidenschaft f\u00fcr den Beruf des Mediziners neu, um nur einige Beispiele zu nennen. Was auch immer Sie suchen, Online-Kurse k\u00f6nnen Sie zu Ihrem idealen Webinar-Erlebnis mit Dr. Andreas Kalcker f\u00fchren. Nach mehr als zehn Jahren m\u00fchsamer und ersch\u00f6pfender Forschungsarbeit freuen wir uns, die wertvollen Ergebnisse dieses Prozesses mit Ihnen teilen zu k\u00f6nnen. Die Seminare und Programme von Dr. Andreas Kalcker erm\u00f6glichen es Ihnen, auf einem soliden Fundament von erworbenem Wissen aufzubauen. Sie erhalten die Werkzeuge, die Sie ben\u00f6tigen, um Ihre F\u00e4higkeiten zu erweitern und zum Wachstum einer unaufhaltsamen Bewegung zum Wohle aller Menschen beizutragen. Diese Fortbildungsm\u00f6glichkeiten erm\u00f6glichen es Ihnen, Ihr Verst\u00e4ndnis der von Dr. Kalcker vorgestellten Konzepte zu vertiefen sowie neue Perspektiven und praktische Anwendungen seiner Lehren zu erkunden. Durch diese Programme erhalten Sie ein umfassenderes und detaillierteres Verst\u00e4ndnis der behandelten Themen, so dass Sie innovative und effektive L\u00f6sungen f\u00fcr die Herausforderungen unserer Zeit entwickeln k\u00f6nnen. Dar\u00fcber hinaus haben Sie die M\u00f6glichkeit, mit anderen Teilnehmern in Kontakt zu treten und an gemeinsamen Projekten zu arbeiten, was eine kollaborative und bereichernde Lernumgebung f\u00f6rdert. Kurzum, die Seminare und Programme von Dr. Andreas Kalcker sind eine unsch\u00e4tzbare Gelegenheit, Ihr Wissen zu erweitern, Ihre F\u00e4higkeiten zu entwickeln und Teil einer transformativen Bewegung zu werden, die die Lebensqualit\u00e4t von Menschen auf der ganzen Welt verbessern will. Sie werden nicht nur lernen, sondern auch verstehen und tun. Sie werden eine bereichernde Erfahrung machen, bei der Sie jeden Tag in eine Welt des Lernens und des pers\u00f6nlichen Wachstums eintauchen werden. Sie werden die Luft der Motivation und Begeisterung atmen und sp\u00fcren, wie jedes erworbene Wissen zu einem wichtigen Teil Ihrer Identit\u00e4t wird. Sie werden die Werkzeuge und Techniken, die Sie erlernen, auf praktische und konsequente Weise anwenden, so dass sie in Ihrem t\u00e4glichen Leben Fu\u00df fassen und zu einem wesentlichen Bestandteil Ihres Lebens werden. Sie sind bereit, sich Herausforderungen zu stellen und Hindernisse zu \u00fcberwinden, indem Sie sich auf Ihre F\u00e4higkeiten und Fertigkeiten verlassen, um bei jedem Projekt und jedem Ziel, das Sie sich setzen, erfolgreich zu sein. Auf diese Weise werden Sie zu einer authentischen und selbstbewussten Person, die in der Lage ist, sich jeder Herausforderung zu stellen, die auf Sie zukommt. Gesundheitswissen wird Ihnen ein Leben lang dienen. Die Anmeldung f\u00fcr die CDS-Webinare ist jetzt m\u00f6glich. Die Seminare werden mit Live-Videos und Fragen mit Dr. Andreas Kalcker durchgef\u00fchrt. Wer kann teilnehmen? Die Seminare richten sich an alle, die sich f\u00fcr fortgeschrittene Gesundheitsfragen interessieren, sowohl auf pers\u00f6nlicher als auch auf beruflicher Ebene. Unser Ziel ist es, das Wissen zu erweitern und dem Gesundheitssektor eine neue Perspektive zu geben. Sie haben Zugang zu einer Online-Plattform, auf der Sie alle Informationen zu den neuen Seminaren einfach und bequem verfolgen k\u00f6nnen. Acceso a Seminarios Avanzados","og_url":"https:\/\/andreaskalcker.com\/de\/fortgeschrittene-seminare\/","og_site_name":"Andreas Kalcker","article_modified_time":"2025-02-17T10:21:39+00:00","og_image":[{"url":"https:\/\/andreaskalcker.com\/wp-content\/uploads\/elementor\/thumbs\/logo-KI-B-1-ql5ywapzajmw9c97it1ezhe3jo833gp8b78ovxdvy8.png","type":"","width":"","height":""}],"twitter_card":"summary_large_image","twitter_misc":{"Gesch\u00e4tzte Lesezeit":"2\u00a0Minuten"},"schema":{"@context":"https:\/\/schema.org","@graph":[{"@type":"WebPage","@id":"https:\/\/andreaskalcker.com\/de\/fortgeschrittene-seminare\/","url":"https:\/\/andreaskalcker.com\/de\/fortgeschrittene-seminare\/","name":"Seminare f\u00fcr Fortgeschrittene - Andreas Kalcker","isPartOf":{"@id":"https:\/\/andreaskalcker.com\/#website"},"primaryImageOfPage":{"@id":"https:\/\/andreaskalcker.com\/de\/fortgeschrittene-seminare\/#primaryimage"},"image":{"@id":"https:\/\/andreaskalcker.com\/de\/fortgeschrittene-seminare\/#primaryimage"},"thumbnailUrl":"https:\/\/andreaskalcker.com\/wp-content\/uploads\/elementor\/thumbs\/logo-KI-B-1-ql5ywapzajmw9c97it1ezhe3jo833gp8b78ovxdvy8.png","datePublished":"2023-07-17T18:26:03+00:00","dateModified":"2025-02-17T10:21:39+00:00","breadcrumb":{"@id":"https:\/\/andreaskalcker.com\/de\/fortgeschrittene-seminare\/#breadcrumb"},"inLanguage":"de","potentialAction":[{"@type":"ReadAction","target":["https:\/\/andreaskalcker.com\/de\/fortgeschrittene-seminare\/"]}]},{"@type":"ImageObject","inLanguage":"de","@id":"https:\/\/andreaskalcker.com\/de\/fortgeschrittene-seminare\/#primaryimage","url":"https:\/\/andreaskalcker.com\/wp-content\/uploads\/elementor\/thumbs\/logo-KI-B-1-ql5ywapzajmw9c97it1ezhe3jo833gp8b78ovxdvy8.png","contentUrl":"https:\/\/andreaskalcker.com\/wp-content\/uploads\/elementor\/thumbs\/logo-KI-B-1-ql5ywapzajmw9c97it1ezhe3jo833gp8b78ovxdvy8.png"},{"@type":"BreadcrumbList","@id":"https:\/\/andreaskalcker.com\/de\/fortgeschrittene-seminare\/#breadcrumb","itemListElement":[{"@type":"ListItem","position":1,"name":"Portada","item":"https:\/\/andreaskalcker.com\/"},{"@type":"ListItem","position":2,"name":"Seminare f\u00fcr Fortgeschrittene"}]},{"@type":"WebSite","@id":"https:\/\/andreaskalcker.com\/#website","url":"https:\/\/andreaskalcker.com\/","name":"Andreas Kalcker","description":"Official website","potentialAction":[{"@type":"SearchAction","target":{"@type":"EntryPoint","urlTemplate":"https:\/\/andreaskalcker.com\/?s={search_term_string}"},"query-input":{"@type":"PropertyValueSpecification","valueRequired":true,"valueName":"search_term_string"}}],"inLanguage":"de"}]}},"_links":{"self":[{"href":"https:\/\/andreaskalcker.com\/de\/wp-json\/wp\/v2\/pages\/1734","targetHints":{"allow":["GET"]}}],"collection":[{"href":"https:\/\/andreaskalcker.com\/de\/wp-json\/wp\/v2\/pages"}],"about":[{"href":"https:\/\/andreaskalcker.com\/de\/wp-json\/wp\/v2\/types\/page"}],"author":[{"embeddable":true,"href":"https:\/\/andreaskalcker.com\/de\/wp-json\/wp\/v2\/users\/1"}],"replies":[{"embeddable":true,"href":"https:\/\/andreaskalcker.com\/de\/wp-json\/wp\/v2\/comments?post=1734"}],"version-history":[{"count":0,"href":"https:\/\/andreaskalcker.com\/de\/wp-json\/wp\/v2\/pages\/1734\/revisions"}],"wp:attachment":[{"href":"https:\/\/andreaskalcker.com\/de\/wp-json\/wp\/v2\/media?parent=1734"}],"curies":[{"name":"wp","href":"https:\/\/api.w.org\/{rel}","templated":true}]}}