{"id":4179,"date":"2023-10-31T09:33:27","date_gmt":"2023-10-31T08:33:27","guid":{"rendered":"https:\/\/andreaskalcker.com\/calculadora-ppm\/"},"modified":"2025-04-26T09:44:22","modified_gmt":"2025-04-26T07:44:22","slug":"natrium-clorit-pulver-verduennungsrechner","status":"publish","type":"page","link":"https:\/\/andreaskalcker.com\/de\/natrium-clorit-pulver-verduennungsrechner\/","title":{"rendered":"Natriumchlorit-Rechner"},"content":{"rendered":"\t\t<div data-elementor-type=\"wp-page\" data-elementor-id=\"4179\" class=\"elementor elementor-4179 elementor-4164\" data-elementor-post-type=\"page\">\n\t\t\t\t\t\t<section class=\"elementor-section elementor-top-section elementor-element elementor-element-3e27558d elementor-section-boxed elementor-section-height-default elementor-section-height-default wpr-particle-no wpr-jarallax-no wpr-parallax-no wpr-sticky-section-no\" data-id=\"3e27558d\" data-element_type=\"section\" data-settings=\"{&quot;background_background&quot;:&quot;classic&quot;,&quot;background_motion_fx_motion_fx_scrolling&quot;:&quot;yes&quot;,&quot;background_motion_fx_motion_fx_mouse&quot;:&quot;yes&quot;,&quot;background_motion_fx_mouseTrack_effect&quot;:&quot;yes&quot;,&quot;background_motion_fx_devices&quot;:[&quot;desktop&quot;,&quot;tablet&quot;,&quot;mobile&quot;],&quot;background_motion_fx_mouseTrack_speed&quot;:{&quot;unit&quot;:&quot;px&quot;,&quot;size&quot;:1,&quot;sizes&quot;:[]}}\">\n\t\t\t\t\t\t<div class=\"elementor-container elementor-column-gap-default\">\n\t\t\t\t\t<div class=\"elementor-column elementor-col-100 elementor-top-column elementor-element elementor-element-15e13ced\" data-id=\"15e13ced\" data-element_type=\"column\">\n\t\t\t<div class=\"elementor-widget-wrap elementor-element-populated\">\n\t\t\t\t\t\t<div class=\"elementor-element elementor-element-78cc5c9e elementor-widget elementor-widget-heading\" data-id=\"78cc5c9e\" data-element_type=\"widget\" data-widget_type=\"heading.default\">\n\t\t\t\t<div class=\"elementor-widget-container\">\n\t\t\t\t\t<h2 class=\"elementor-heading-title elementor-size-default\">Natriumchlorit-Rechner<\/h2>\t\t\t\t<\/div>\n\t\t\t\t<\/div>\n\t\t\t\t<div class=\"elementor-element elementor-element-793a4b9 elementor-widget elementor-widget-heading\" data-id=\"793a4b9\" data-element_type=\"widget\" data-widget_type=\"heading.default\">\n\t\t\t\t<div class=\"elementor-widget-container\">\n\t\t\t\t\t<h5 class=\"elementor-heading-title elementor-size-default\">berechnet die gew\u00fcnschte Konzentration<\/h5>\t\t\t\t<\/div>\n\t\t\t\t<\/div>\n\t\t\t\t\t<\/div>\n\t\t<\/div>\n\t\t\t\t\t<\/div>\n\t\t<\/section>\n\t\t\t\t<section class=\"elementor-section elementor-top-section elementor-element elementor-element-59a840b elementor-section-boxed elementor-section-height-default elementor-section-height-default wpr-particle-no wpr-jarallax-no wpr-parallax-no wpr-sticky-section-no\" data-id=\"59a840b\" data-element_type=\"section\">\n\t\t\t\t\t\t<div class=\"elementor-container elementor-column-gap-default\">\n\t\t\t\t\t<div class=\"elementor-column elementor-col-100 elementor-top-column elementor-element elementor-element-a52ea32\" data-id=\"a52ea32\" data-element_type=\"column\">\n\t\t\t<div class=\"elementor-widget-wrap elementor-element-populated\">\n\t\t\t\t\t\t<div class=\"elementor-element elementor-element-7212940 elementor-widget elementor-widget-text-editor\" data-id=\"7212940\" data-element_type=\"widget\" data-widget_type=\"text-editor.default\">\n\t\t\t\t<div class=\"elementor-widget-container\">\n\t\t\t\t\t\t\t\t\t<p><b>Mit diesem Rechner k\u00f6nnen Sie die Wassermenge ermitteln, die ben\u00f6tigt wird, um eine gew\u00fcnschte Konzentration einer pulverf\u00f6rmigen Substanz zu erreichen.<\/b><\/p><p> <\/p><p>Um diesen Rechner zu verwenden, gehen Sie folgenderma\u00dfen vor:<\/p><p> <\/p><ol><li>Geben Sie den Wert &#8222;Pulverreinheit (%)&#8220; in das entsprechende Feld ein.<\/li><li>Geben Sie die &#8222;Menge des Pulvers (Gramm)&#8220; in das entsprechende Feld ein.<\/li><li>Geben Sie die &#8222;Gew\u00fcnschte Konzentration (%)&#8220; in das entsprechende Feld ein.<\/li><li>Klicken Sie auf die Schaltfl\u00e4che &#8222;Berechnen&#8220;.<\/li><li>Das Ergebnis, die &#8222;Wassermenge (ml)&#8220;, wird in dem entsprechenden Feld angezeigt.<\/li><\/ol><p>Wenn Sie die eingegebenen Werte l\u00f6schen und neu beginnen m\u00f6chten, k\u00f6nnen Sie auf die Schaltfl\u00e4che <b>L\u00f6schen<\/b> klicken.<\/p>\t\t\t\t\t\t\t\t<\/div>\n\t\t\t\t<\/div>\n\t\t\t\t<div class=\"elementor-element elementor-element-830658b elementor-widget-divider--view-line elementor-widget elementor-widget-divider\" data-id=\"830658b\" data-element_type=\"widget\" data-widget_type=\"divider.default\">\n\t\t\t\t<div class=\"elementor-widget-container\">\n\t\t\t\t\t\t\t<div class=\"elementor-divider\">\n\t\t\t<span class=\"elementor-divider-separator\">\n\t\t\t\t\t\t<\/span>\n\t\t<\/div>\n\t\t\t\t\t\t<\/div>\n\t\t\t\t<\/div>\n\t\t\t\t\t<\/div>\n\t\t<\/div>\n\t\t\t\t\t<\/div>\n\t\t<\/section>\n\t\t\t\t<section class=\"elementor-section elementor-top-section elementor-element elementor-element-25cbb62 elementor-section-boxed elementor-section-height-default elementor-section-height-default wpr-particle-no wpr-jarallax-no wpr-parallax-no wpr-sticky-section-no\" data-id=\"25cbb62\" data-element_type=\"section\" data-settings=\"{&quot;background_background&quot;:&quot;classic&quot;}\">\n\t\t\t\t\t\t<div class=\"elementor-container elementor-column-gap-default\">\n\t\t\t\t\t<div class=\"elementor-column elementor-col-100 elementor-top-column elementor-element elementor-element-3e00097\" data-id=\"3e00097\" data-element_type=\"column\">\n\t\t\t<div class=\"elementor-widget-wrap elementor-element-populated\">\n\t\t\t\t\t\t<div class=\"elementor-element elementor-element-eaae9f5 elementor-widget elementor-widget-html\" data-id=\"eaae9f5\" data-element_type=\"widget\" data-widget_type=\"html.default\">\n\t\t\t\t<div class=\"elementor-widget-container\">\n\t\t\t\t\t<div class=\"calculator\">\n    <label for=\"purity\">Reinheit des Pulvers (%)<\/label>\n    <input type=\"number\" id=\"purity\" class=\"input-field\">\n    \n    <label for=\"amount\">Menge des Pulvers (Gramm)<\/label>\n    <input type=\"number\" id=\"amount\" class=\"input-field\">\n    \n    <label for=\"concentration\">Gew\u00fcnschte Konzentration (%)<\/label>\n    <input type=\"number\" id=\"concentration\" class=\"input-field\">\n    \n    <!-- Espacio para mostrar el resultado en formato de texto justo encima de los botones -->\n    <p id=\"resultText\"><\/p>\n    \n    <div class=\"button-container\">\n        <button onclick=\"calculate()\" class=\"button\">Berechnen Sie<\/button>\n        <button onclick=\"clearFields()\" class=\"button clear\">Sauber<\/button>\n    <\/div>\n<\/div>\t\t\t\t<\/div>\n\t\t\t\t<\/div>\n\t\t\t\t\t<\/div>\n\t\t<\/div>\n\t\t\t\t\t<\/div>\n\t\t<\/section>\n\t\t\t\t<section class=\"elementor-section elementor-top-section elementor-element elementor-element-bf83f42 elementor-section-boxed elementor-section-height-default elementor-section-height-default wpr-particle-no wpr-jarallax-no wpr-parallax-no wpr-sticky-section-no\" data-id=\"bf83f42\" data-element_type=\"section\">\n\t\t\t\t\t\t<div class=\"elementor-container elementor-column-gap-default\">\n\t\t\t\t\t<div class=\"elementor-column elementor-col-100 elementor-top-column elementor-element elementor-element-1d13b41\" data-id=\"1d13b41\" data-element_type=\"column\">\n\t\t\t<div class=\"elementor-widget-wrap elementor-element-populated\">\n\t\t\t\t\t\t<div class=\"elementor-element elementor-element-f69b7c9 elementor-widget elementor-widget-spacer\" data-id=\"f69b7c9\" data-element_type=\"widget\" data-widget_type=\"spacer.default\">\n\t\t\t\t<div class=\"elementor-widget-container\">\n\t\t\t\t\t\t\t<div class=\"elementor-spacer\">\n\t\t\t<div class=\"elementor-spacer-inner\"><\/div>\n\t\t<\/div>\n\t\t\t\t\t\t<\/div>\n\t\t\t\t<\/div>\n\t\t\t\t\t<\/div>\n\t\t<\/div>\n\t\t\t\t\t<\/div>\n\t\t<\/section>\n\t\t\t\t<\/div>\n\t\t","protected":false},"excerpt":{"rendered":"<p>berechnet die gew\u00fcnschte Konzentration Mit diesem Rechner k\u00f6nnen Sie die Wassermenge ermitteln, die ben\u00f6tigt wird, um eine gew\u00fcnschte Konzentration einer pulverf\u00f6rmigen Substanz zu erreichen. Um diesen Rechner zu verwenden, gehen Sie folgenderma\u00dfen vor: Geben Sie den Wert &#8222;Pulverreinheit (%)&#8220; in das entsprechende Feld ein. Geben Sie die &#8222;Menge des Pulvers (Gramm)&#8220; in das entsprechende Feld ein. Geben Sie die &#8222;Gew\u00fcnschte Konzentration (%)&#8220; in das entsprechende Feld ein. Klicken Sie auf die Schaltfl\u00e4che &#8222;Berechnen&#8220;. Das Ergebnis, die &#8222;Wassermenge (ml)&#8220;, wird in dem entsprechenden Feld angezeigt. Wenn Sie die eingegebenen Werte l\u00f6schen und neu beginnen m\u00f6chten, k\u00f6nnen Sie auf die Schaltfl\u00e4che L\u00f6schen klicken. Reinheit des Pulvers (%) Menge des Pulvers (Gramm) Gew\u00fcnschte Konzentration (%) Berechnen Sie Sauber<\/p>\n","protected":false},"author":1,"featured_media":0,"parent":0,"menu_order":0,"comment_status":"closed","ping_status":"closed","template":"","meta":{"footnotes":""},"class_list":["post-4179","page","type-page","status-publish"],"yoast_head":"<!-- This site is optimized with the Yoast SEO Premium plugin v22.2 (Yoast SEO v25.8) - https:\/\/yoast.com\/wordpress\/plugins\/seo\/ -->\n<title>Natriumchlorit-Rechner - Andreas Kalcker<\/title>\n<meta name=\"description\" content=\"Natriumchlorit-Rechner. Mit diesem Rechner k\u00f6nnen Sie die Wassermenge ermitteln, die ben\u00f6tigt wird, um eine gew\u00fcnschte Konzentration einer pulverf\u00f6rmigen Substanz zu erreichen.\" \/>\n<meta name=\"robots\" content=\"index, follow, max-snippet:-1, max-image-preview:large, max-video-preview:-1\" \/>\n<link rel=\"canonical\" href=\"https:\/\/andreaskalcker.com\/de\/natrium-clorit-pulver-verduennungsrechner\/\" \/>\n<meta property=\"og:locale\" content=\"de_DE\" \/>\n<meta property=\"og:type\" content=\"article\" \/>\n<meta property=\"og:title\" content=\"Natriumchlorit-Rechner\" \/>\n<meta property=\"og:description\" content=\"Natriumchlorit-Rechner. Mit diesem Rechner k\u00f6nnen Sie die Wassermenge ermitteln, die ben\u00f6tigt wird, um eine gew\u00fcnschte Konzentration einer pulverf\u00f6rmigen Substanz zu erreichen.\" \/>\n<meta property=\"og:url\" content=\"https:\/\/andreaskalcker.com\/de\/natrium-clorit-pulver-verduennungsrechner\/\" \/>\n<meta property=\"og:site_name\" content=\"Andreas Kalcker\" \/>\n<meta property=\"article:modified_time\" content=\"2025-04-26T07:44:22+00:00\" \/>\n<meta name=\"twitter:card\" content=\"summary_large_image\" \/>\n<meta name=\"twitter:label1\" content=\"Gesch\u00e4tzte Lesezeit\" \/>\n\t<meta name=\"twitter:data1\" content=\"1\u00a0Minute\" \/>\n<script type=\"application\/ld+json\" class=\"yoast-schema-graph\">{\"@context\":\"https:\/\/schema.org\",\"@graph\":[{\"@type\":\"WebPage\",\"@id\":\"https:\/\/andreaskalcker.com\/de\/natrium-clorit-pulver-verduennungsrechner\/\",\"url\":\"https:\/\/andreaskalcker.com\/de\/natrium-clorit-pulver-verduennungsrechner\/\",\"name\":\"Natriumchlorit-Rechner - Andreas Kalcker\",\"isPartOf\":{\"@id\":\"https:\/\/andreaskalcker.com\/#website\"},\"datePublished\":\"2023-10-31T08:33:27+00:00\",\"dateModified\":\"2025-04-26T07:44:22+00:00\",\"description\":\"Natriumchlorit-Rechner. Mit diesem Rechner k\u00f6nnen Sie die Wassermenge ermitteln, die ben\u00f6tigt wird, um eine gew\u00fcnschte Konzentration einer pulverf\u00f6rmigen Substanz zu erreichen.\",\"breadcrumb\":{\"@id\":\"https:\/\/andreaskalcker.com\/de\/natrium-clorit-pulver-verduennungsrechner\/#breadcrumb\"},\"inLanguage\":\"de\",\"potentialAction\":[{\"@type\":\"ReadAction\",\"target\":[\"https:\/\/andreaskalcker.com\/de\/natrium-clorit-pulver-verduennungsrechner\/\"]}]},{\"@type\":\"BreadcrumbList\",\"@id\":\"https:\/\/andreaskalcker.com\/de\/natrium-clorit-pulver-verduennungsrechner\/#breadcrumb\",\"itemListElement\":[{\"@type\":\"ListItem\",\"position\":1,\"name\":\"Portada\",\"item\":\"https:\/\/andreaskalcker.com\/\"},{\"@type\":\"ListItem\",\"position\":2,\"name\":\"Natriumchlorit-Rechner\"}]},{\"@type\":\"WebSite\",\"@id\":\"https:\/\/andreaskalcker.com\/#website\",\"url\":\"https:\/\/andreaskalcker.com\/\",\"name\":\"Andreas Kalcker\",\"description\":\"Official website\",\"potentialAction\":[{\"@type\":\"SearchAction\",\"target\":{\"@type\":\"EntryPoint\",\"urlTemplate\":\"https:\/\/andreaskalcker.com\/?s={search_term_string}\"},\"query-input\":{\"@type\":\"PropertyValueSpecification\",\"valueRequired\":true,\"valueName\":\"search_term_string\"}}],\"inLanguage\":\"de\"}]}<\/script>\n<!-- \/ Yoast SEO Premium plugin. -->","yoast_head_json":{"title":"Natriumchlorit-Rechner - Andreas Kalcker","description":"Natriumchlorit-Rechner. Mit diesem Rechner k\u00f6nnen Sie die Wassermenge ermitteln, die ben\u00f6tigt wird, um eine gew\u00fcnschte Konzentration einer pulverf\u00f6rmigen Substanz zu erreichen.","robots":{"index":"index","follow":"follow","max-snippet":"max-snippet:-1","max-image-preview":"max-image-preview:large","max-video-preview":"max-video-preview:-1"},"canonical":"https:\/\/andreaskalcker.com\/de\/natrium-clorit-pulver-verduennungsrechner\/","og_locale":"de_DE","og_type":"article","og_title":"Natriumchlorit-Rechner","og_description":"Natriumchlorit-Rechner. Mit diesem Rechner k\u00f6nnen Sie die Wassermenge ermitteln, die ben\u00f6tigt wird, um eine gew\u00fcnschte Konzentration einer pulverf\u00f6rmigen Substanz zu erreichen.","og_url":"https:\/\/andreaskalcker.com\/de\/natrium-clorit-pulver-verduennungsrechner\/","og_site_name":"Andreas Kalcker","article_modified_time":"2025-04-26T07:44:22+00:00","twitter_card":"summary_large_image","twitter_misc":{"Gesch\u00e4tzte Lesezeit":"1\u00a0Minute"},"schema":{"@context":"https:\/\/schema.org","@graph":[{"@type":"WebPage","@id":"https:\/\/andreaskalcker.com\/de\/natrium-clorit-pulver-verduennungsrechner\/","url":"https:\/\/andreaskalcker.com\/de\/natrium-clorit-pulver-verduennungsrechner\/","name":"Natriumchlorit-Rechner - Andreas Kalcker","isPartOf":{"@id":"https:\/\/andreaskalcker.com\/#website"},"datePublished":"2023-10-31T08:33:27+00:00","dateModified":"2025-04-26T07:44:22+00:00","description":"Natriumchlorit-Rechner. Mit diesem Rechner k\u00f6nnen Sie die Wassermenge ermitteln, die ben\u00f6tigt wird, um eine gew\u00fcnschte Konzentration einer pulverf\u00f6rmigen Substanz zu erreichen.","breadcrumb":{"@id":"https:\/\/andreaskalcker.com\/de\/natrium-clorit-pulver-verduennungsrechner\/#breadcrumb"},"inLanguage":"de","potentialAction":[{"@type":"ReadAction","target":["https:\/\/andreaskalcker.com\/de\/natrium-clorit-pulver-verduennungsrechner\/"]}]},{"@type":"BreadcrumbList","@id":"https:\/\/andreaskalcker.com\/de\/natrium-clorit-pulver-verduennungsrechner\/#breadcrumb","itemListElement":[{"@type":"ListItem","position":1,"name":"Portada","item":"https:\/\/andreaskalcker.com\/"},{"@type":"ListItem","position":2,"name":"Natriumchlorit-Rechner"}]},{"@type":"WebSite","@id":"https:\/\/andreaskalcker.com\/#website","url":"https:\/\/andreaskalcker.com\/","name":"Andreas Kalcker","description":"Official website","potentialAction":[{"@type":"SearchAction","target":{"@type":"EntryPoint","urlTemplate":"https:\/\/andreaskalcker.com\/?s={search_term_string}"},"query-input":{"@type":"PropertyValueSpecification","valueRequired":true,"valueName":"search_term_string"}}],"inLanguage":"de"}]}},"_links":{"self":[{"href":"https:\/\/andreaskalcker.com\/de\/wp-json\/wp\/v2\/pages\/4179","targetHints":{"allow":["GET"]}}],"collection":[{"href":"https:\/\/andreaskalcker.com\/de\/wp-json\/wp\/v2\/pages"}],"about":[{"href":"https:\/\/andreaskalcker.com\/de\/wp-json\/wp\/v2\/types\/page"}],"author":[{"embeddable":true,"href":"https:\/\/andreaskalcker.com\/de\/wp-json\/wp\/v2\/users\/1"}],"replies":[{"embeddable":true,"href":"https:\/\/andreaskalcker.com\/de\/wp-json\/wp\/v2\/comments?post=4179"}],"version-history":[{"count":0,"href":"https:\/\/andreaskalcker.com\/de\/wp-json\/wp\/v2\/pages\/4179\/revisions"}],"wp:attachment":[{"href":"https:\/\/andreaskalcker.com\/de\/wp-json\/wp\/v2\/media?parent=4179"}],"curies":[{"name":"wp","href":"https:\/\/api.w.org\/{rel}","templated":true}]}}