{"id":4197,"date":"2023-10-31T13:00:16","date_gmt":"2023-10-31T12:00:16","guid":{"rendered":"https:\/\/andreaskalcker.com\/calculadora-dilucion-cds\/"},"modified":"2025-04-26T09:48:25","modified_gmt":"2025-04-26T07:48:25","slug":"calculadora-dilucion-cds","status":"publish","type":"page","link":"https:\/\/andreaskalcker.com\/de\/calculadora-dilucion-cds\/","title":{"rendered":"Calculadora diluci\u00f3n CDS"},"content":{"rendered":"\t\t<div data-elementor-type=\"wp-page\" data-elementor-id=\"4197\" class=\"elementor elementor-4197 elementor-4189\" data-elementor-post-type=\"page\">\n\t\t\t\t\t\t<section class=\"elementor-section elementor-top-section elementor-element elementor-element-7392bb09 elementor-section-boxed elementor-section-height-default elementor-section-height-default wpr-particle-no wpr-jarallax-no wpr-parallax-no wpr-sticky-section-no\" data-id=\"7392bb09\" data-element_type=\"section\" data-settings=\"{&quot;background_background&quot;:&quot;classic&quot;,&quot;background_motion_fx_motion_fx_scrolling&quot;:&quot;yes&quot;,&quot;background_motion_fx_motion_fx_mouse&quot;:&quot;yes&quot;,&quot;background_motion_fx_mouseTrack_effect&quot;:&quot;yes&quot;,&quot;background_motion_fx_devices&quot;:[&quot;desktop&quot;,&quot;tablet&quot;,&quot;mobile&quot;],&quot;background_motion_fx_mouseTrack_speed&quot;:{&quot;unit&quot;:&quot;px&quot;,&quot;size&quot;:1,&quot;sizes&quot;:[]}}\">\n\t\t\t\t\t\t<div class=\"elementor-container elementor-column-gap-default\">\n\t\t\t\t\t<div class=\"elementor-column elementor-col-100 elementor-top-column elementor-element elementor-element-38ef62ba\" data-id=\"38ef62ba\" data-element_type=\"column\">\n\t\t\t<div class=\"elementor-widget-wrap elementor-element-populated\">\n\t\t\t\t\t\t<div class=\"elementor-element elementor-element-2eda11bb elementor-widget elementor-widget-heading\" data-id=\"2eda11bb\" data-element_type=\"widget\" data-widget_type=\"heading.default\">\n\t\t\t\t<div class=\"elementor-widget-container\">\n\t\t\t\t\t<h2 class=\"elementor-heading-title elementor-size-default\">CDS-Verd\u00fcnnungs-Rechner<\/h2>\t\t\t\t<\/div>\n\t\t\t\t<\/div>\n\t\t\t\t<div class=\"elementor-element elementor-element-e21d01d elementor-widget elementor-widget-heading\" data-id=\"e21d01d\" data-element_type=\"widget\" data-widget_type=\"heading.default\">\n\t\t\t\t<div class=\"elementor-widget-container\">\n\t\t\t\t\t<h5 class=\"elementor-heading-title elementor-size-default\">PROTOKOLLE C10, C15, C20 und C25.<\/h5>\t\t\t\t<\/div>\n\t\t\t\t<\/div>\n\t\t\t\t\t<\/div>\n\t\t<\/div>\n\t\t\t\t\t<\/div>\n\t\t<\/section>\n\t\t\t\t<section class=\"elementor-section elementor-top-section elementor-element elementor-element-4c9ff01 elementor-section-boxed elementor-section-height-default elementor-section-height-default wpr-particle-no wpr-jarallax-no wpr-parallax-no wpr-sticky-section-no\" data-id=\"4c9ff01\" data-element_type=\"section\">\n\t\t\t\t\t\t<div class=\"elementor-container elementor-column-gap-default\">\n\t\t\t\t\t<div class=\"elementor-column elementor-col-100 elementor-top-column elementor-element elementor-element-d99cd64\" data-id=\"d99cd64\" data-element_type=\"column\">\n\t\t\t<div class=\"elementor-widget-wrap elementor-element-populated\">\n\t\t\t\t\t\t<div class=\"elementor-element elementor-element-f92266f elementor-widget elementor-widget-text-editor\" data-id=\"f92266f\" data-element_type=\"widget\" data-widget_type=\"text-editor.default\">\n\t\t\t\t<div class=\"elementor-widget-container\">\n\t\t\t\t\t\t\t\t\t<p><b style=\"background-color: var(--base-3); color: var(--contrast);\">Der bereitgestellte Rechner ist ein Instrument, mit dem Sie die Ergebnisse verschiedener Protokolle auf der Grundlage eines bestimmten Wertes namens PPM (parts per million) von CDS (stabilisiertes Chlordioxid) pro 1 Liter Wasser berechnen k\u00f6nnen.<\/b><\/p><p><b>\u00a0<\/b><\/p><p><b>So verwenden Sie den Rechner:<\/b><\/p><ol><li>Geben Sie den CDS PPM-Wert in das Feld &#8222;PPM&#8220; ein.<\/li><li>Klicken Sie auf die Schaltfl\u00e4che &#8222;Berechnen&#8220;.<\/li><li>Die Ergebnisse der Protokolle C10, C15, C20 und C25 sind in Milliliter (ml) anzugeben\u00a0pro 1 Liter Wasser berechnen k\u00f6nnen.<\/li><li>Wenn Sie die eingegebenen Felder und die erhaltenen Ergebnisse l\u00f6schen m\u00f6chten, klicken Sie auf die Schaltfl\u00e4che &#8222;L\u00f6schen&#8220;.<\/li><\/ol><p>Das war&#8217;s! Mit diesen einfachen Schritten k\u00f6nnen Sie den Rechner verwenden, um die gew\u00fcnschten Ergebnisse zu erzielen. Denken Sie daran, dass dieses Tool n\u00fctzlich ist, um die erforderlichen Mengen an CDS in verschiedenen Protokollen entsprechend dem eingegebenen PPM-Wert zu berechnen.<\/p>\t\t\t\t\t\t\t\t<\/div>\n\t\t\t\t<\/div>\n\t\t\t\t<div class=\"elementor-element elementor-element-b1d2049 elementor-widget-divider--view-line elementor-widget elementor-widget-divider\" data-id=\"b1d2049\" data-element_type=\"widget\" data-widget_type=\"divider.default\">\n\t\t\t\t<div class=\"elementor-widget-container\">\n\t\t\t\t\t\t\t<div class=\"elementor-divider\">\n\t\t\t<span class=\"elementor-divider-separator\">\n\t\t\t\t\t\t<\/span>\n\t\t<\/div>\n\t\t\t\t\t\t<\/div>\n\t\t\t\t<\/div>\n\t\t\t\t\t<\/div>\n\t\t<\/div>\n\t\t\t\t\t<\/div>\n\t\t<\/section>\n\t\t\t\t<section class=\"elementor-section elementor-top-section elementor-element elementor-element-7d569efc elementor-section-boxed elementor-section-height-default elementor-section-height-default wpr-particle-no wpr-jarallax-no wpr-parallax-no wpr-sticky-section-no\" data-id=\"7d569efc\" data-element_type=\"section\" data-settings=\"{&quot;background_background&quot;:&quot;classic&quot;}\">\n\t\t\t\t\t\t<div class=\"elementor-container elementor-column-gap-default\">\n\t\t\t\t\t<div class=\"elementor-column elementor-col-100 elementor-top-column elementor-element elementor-element-289bf5ec\" data-id=\"289bf5ec\" data-element_type=\"column\">\n\t\t\t<div class=\"elementor-widget-wrap elementor-element-populated\">\n\t\t\t\t\t\t<div class=\"elementor-element elementor-element-4c79be15 elementor-widget elementor-widget-html\" data-id=\"4c79be15\" data-element_type=\"widget\" data-widget_type=\"html.default\">\n\t\t\t\t<div class=\"elementor-widget-container\">\n\t\t\t\t\t<div class=\"container\">\r\n\r\n        <div class=\"input-field\">\r\n            <label for=\"ppm\">PPM de CDS:<\/label>\r\n            <input type=\"number\" id=\"ppm\" min=\"0\" step=\"any\">\r\n        <\/div>\r\n        <button class=\"btn\" onclick=\"calculate()\">Berechnen Sie<\/button>\r\n        <button class=\"btn btn-clear\" onclick=\"clearFields()\">L\u00f6schen<\/button>\r\n        \r\n        <h4>Resultados:<\/h4>\r\n        <p>Protokoll C10: <span id=\"protocolC10\"><\/span> ml<\/p>\r\n        <p>Protokoll C15: <span id=\"protocolC15\"><\/span> ml<\/p>\r\n        <p>Protokoll C20: <span id=\"protocolC20\"><\/span> ml<\/p>\r\n        <p>Protokoll C25: <span id=\"protocolC25\"><\/span> ml<\/p>\r\n\t\t\t\t<\/div>\n\t\t\t\t<\/div>\n\t\t\t\t\t<\/div>\n\t\t<\/div>\n\t\t\t\t\t<\/div>\n\t\t<\/section>\n\t\t\t\t<\/div>\n\t\t","protected":false},"excerpt":{"rendered":"<p>CDS-Verd\u00fcnnungs-Rechner PROTOKOLLE C10, C15, C20 und C25. Der bereitgestellte Rechner ist ein Instrument, mit dem Sie die Ergebnisse verschiedener Protokolle auf der Grundlage eines bestimmten Wertes namens PPM (parts per million) von CDS (stabilisiertes Chlordioxid) pro 1 Liter Wasser berechnen k\u00f6nnen. \u00a0 So verwenden Sie den Rechner: Geben Sie den CDS PPM-Wert in das Feld &#8222;PPM&#8220; ein. Klicken Sie auf die Schaltfl\u00e4che &#8222;Berechnen&#8220;. Die Ergebnisse der Protokolle C10, C15, C20 und C25 sind in Milliliter (ml) anzugeben\u00a0pro 1 Liter Wasser berechnen k\u00f6nnen. Wenn Sie die eingegebenen Felder und die erhaltenen Ergebnisse l\u00f6schen m\u00f6chten, klicken Sie auf die Schaltfl\u00e4che &#8222;L\u00f6schen&#8220;. Das war&#8217;s! Mit diesen einfachen Schritten k\u00f6nnen Sie den Rechner verwenden, um die gew\u00fcnschten Ergebnisse zu erzielen. Denken Sie daran, dass dieses Tool n\u00fctzlich ist, um die erforderlichen Mengen an CDS in verschiedenen Protokollen entsprechend dem eingegebenen PPM-Wert zu berechnen. PPM de CDS: Berechnen Sie L\u00f6schen Resultados: Protokoll C10: ml Protokoll C15: ml Protokoll C20: ml Protokoll C25: ml<\/p>\n","protected":false},"author":1,"featured_media":0,"parent":0,"menu_order":0,"comment_status":"closed","ping_status":"closed","template":"","meta":{"footnotes":""},"class_list":["post-4197","page","type-page","status-publish"],"yoast_head":"<!-- This site is optimized with the Yoast SEO Premium plugin v22.2 (Yoast SEO v25.8) - https:\/\/yoast.com\/wordpress\/plugins\/seo\/ -->\n<title>Calculadora diluci\u00f3n CDS - Andreas Kalcker<\/title>\n<meta name=\"description\" content=\"CDS-Verd\u00fcnnungs-Rechner. Der bereitgestellte Rechner ist ein Instrument, mit dem Sie die Ergebnisse verschiedener Protokolle auf der Grundlage eines bestimmten Wertes namens PPM (parts per million) von CDS (stabilisiertes Chlordioxid) pro 1 Liter Wasser berechnen k\u00f6nnen.\" \/>\n<meta name=\"robots\" content=\"index, follow, max-snippet:-1, max-image-preview:large, max-video-preview:-1\" \/>\n<link rel=\"canonical\" href=\"https:\/\/andreaskalcker.com\/de\/calculadora-dilucion-cds\/\" \/>\n<meta property=\"og:locale\" content=\"de_DE\" \/>\n<meta property=\"og:type\" content=\"article\" \/>\n<meta property=\"og:title\" content=\"Calculadora diluci\u00f3n CDS\" \/>\n<meta property=\"og:description\" content=\"CDS-Verd\u00fcnnungs-Rechner. Der bereitgestellte Rechner ist ein Instrument, mit dem Sie die Ergebnisse verschiedener Protokolle auf der Grundlage eines bestimmten Wertes namens PPM (parts per million) von CDS (stabilisiertes Chlordioxid) pro 1 Liter Wasser berechnen k\u00f6nnen.\" \/>\n<meta property=\"og:url\" content=\"https:\/\/andreaskalcker.com\/de\/calculadora-dilucion-cds\/\" \/>\n<meta property=\"og:site_name\" content=\"Andreas Kalcker\" \/>\n<meta property=\"article:modified_time\" content=\"2025-04-26T07:48:25+00:00\" \/>\n<meta name=\"twitter:card\" content=\"summary_large_image\" \/>\n<meta name=\"twitter:label1\" content=\"Gesch\u00e4tzte Lesezeit\" \/>\n\t<meta name=\"twitter:data1\" content=\"1\u00a0Minute\" \/>\n<script type=\"application\/ld+json\" class=\"yoast-schema-graph\">{\"@context\":\"https:\/\/schema.org\",\"@graph\":[{\"@type\":\"WebPage\",\"@id\":\"https:\/\/andreaskalcker.com\/de\/calculadora-dilucion-cds\/\",\"url\":\"https:\/\/andreaskalcker.com\/de\/calculadora-dilucion-cds\/\",\"name\":\"Calculadora diluci\u00f3n CDS - Andreas Kalcker\",\"isPartOf\":{\"@id\":\"https:\/\/andreaskalcker.com\/#website\"},\"datePublished\":\"2023-10-31T12:00:16+00:00\",\"dateModified\":\"2025-04-26T07:48:25+00:00\",\"description\":\"CDS-Verd\u00fcnnungs-Rechner. Der bereitgestellte Rechner ist ein Instrument, mit dem Sie die Ergebnisse verschiedener Protokolle auf der Grundlage eines bestimmten Wertes namens PPM (parts per million) von CDS (stabilisiertes Chlordioxid) pro 1 Liter Wasser berechnen k\u00f6nnen.\",\"breadcrumb\":{\"@id\":\"https:\/\/andreaskalcker.com\/de\/calculadora-dilucion-cds\/#breadcrumb\"},\"inLanguage\":\"de\",\"potentialAction\":[{\"@type\":\"ReadAction\",\"target\":[\"https:\/\/andreaskalcker.com\/de\/calculadora-dilucion-cds\/\"]}]},{\"@type\":\"BreadcrumbList\",\"@id\":\"https:\/\/andreaskalcker.com\/de\/calculadora-dilucion-cds\/#breadcrumb\",\"itemListElement\":[{\"@type\":\"ListItem\",\"position\":1,\"name\":\"Portada\",\"item\":\"https:\/\/andreaskalcker.com\/\"},{\"@type\":\"ListItem\",\"position\":2,\"name\":\"Calculadora diluci\u00f3n CDS\"}]},{\"@type\":\"WebSite\",\"@id\":\"https:\/\/andreaskalcker.com\/#website\",\"url\":\"https:\/\/andreaskalcker.com\/\",\"name\":\"Andreas Kalcker\",\"description\":\"Official website\",\"potentialAction\":[{\"@type\":\"SearchAction\",\"target\":{\"@type\":\"EntryPoint\",\"urlTemplate\":\"https:\/\/andreaskalcker.com\/?s={search_term_string}\"},\"query-input\":{\"@type\":\"PropertyValueSpecification\",\"valueRequired\":true,\"valueName\":\"search_term_string\"}}],\"inLanguage\":\"de\"}]}<\/script>\n<!-- \/ Yoast SEO Premium plugin. -->","yoast_head_json":{"title":"Calculadora diluci\u00f3n CDS - Andreas Kalcker","description":"CDS-Verd\u00fcnnungs-Rechner. Der bereitgestellte Rechner ist ein Instrument, mit dem Sie die Ergebnisse verschiedener Protokolle auf der Grundlage eines bestimmten Wertes namens PPM (parts per million) von CDS (stabilisiertes Chlordioxid) pro 1 Liter Wasser berechnen k\u00f6nnen.","robots":{"index":"index","follow":"follow","max-snippet":"max-snippet:-1","max-image-preview":"max-image-preview:large","max-video-preview":"max-video-preview:-1"},"canonical":"https:\/\/andreaskalcker.com\/de\/calculadora-dilucion-cds\/","og_locale":"de_DE","og_type":"article","og_title":"Calculadora diluci\u00f3n CDS","og_description":"CDS-Verd\u00fcnnungs-Rechner. Der bereitgestellte Rechner ist ein Instrument, mit dem Sie die Ergebnisse verschiedener Protokolle auf der Grundlage eines bestimmten Wertes namens PPM (parts per million) von CDS (stabilisiertes Chlordioxid) pro 1 Liter Wasser berechnen k\u00f6nnen.","og_url":"https:\/\/andreaskalcker.com\/de\/calculadora-dilucion-cds\/","og_site_name":"Andreas Kalcker","article_modified_time":"2025-04-26T07:48:25+00:00","twitter_card":"summary_large_image","twitter_misc":{"Gesch\u00e4tzte Lesezeit":"1\u00a0Minute"},"schema":{"@context":"https:\/\/schema.org","@graph":[{"@type":"WebPage","@id":"https:\/\/andreaskalcker.com\/de\/calculadora-dilucion-cds\/","url":"https:\/\/andreaskalcker.com\/de\/calculadora-dilucion-cds\/","name":"Calculadora diluci\u00f3n CDS - Andreas Kalcker","isPartOf":{"@id":"https:\/\/andreaskalcker.com\/#website"},"datePublished":"2023-10-31T12:00:16+00:00","dateModified":"2025-04-26T07:48:25+00:00","description":"CDS-Verd\u00fcnnungs-Rechner. Der bereitgestellte Rechner ist ein Instrument, mit dem Sie die Ergebnisse verschiedener Protokolle auf der Grundlage eines bestimmten Wertes namens PPM (parts per million) von CDS (stabilisiertes Chlordioxid) pro 1 Liter Wasser berechnen k\u00f6nnen.","breadcrumb":{"@id":"https:\/\/andreaskalcker.com\/de\/calculadora-dilucion-cds\/#breadcrumb"},"inLanguage":"de","potentialAction":[{"@type":"ReadAction","target":["https:\/\/andreaskalcker.com\/de\/calculadora-dilucion-cds\/"]}]},{"@type":"BreadcrumbList","@id":"https:\/\/andreaskalcker.com\/de\/calculadora-dilucion-cds\/#breadcrumb","itemListElement":[{"@type":"ListItem","position":1,"name":"Portada","item":"https:\/\/andreaskalcker.com\/"},{"@type":"ListItem","position":2,"name":"Calculadora diluci\u00f3n CDS"}]},{"@type":"WebSite","@id":"https:\/\/andreaskalcker.com\/#website","url":"https:\/\/andreaskalcker.com\/","name":"Andreas Kalcker","description":"Official website","potentialAction":[{"@type":"SearchAction","target":{"@type":"EntryPoint","urlTemplate":"https:\/\/andreaskalcker.com\/?s={search_term_string}"},"query-input":{"@type":"PropertyValueSpecification","valueRequired":true,"valueName":"search_term_string"}}],"inLanguage":"de"}]}},"_links":{"self":[{"href":"https:\/\/andreaskalcker.com\/de\/wp-json\/wp\/v2\/pages\/4197","targetHints":{"allow":["GET"]}}],"collection":[{"href":"https:\/\/andreaskalcker.com\/de\/wp-json\/wp\/v2\/pages"}],"about":[{"href":"https:\/\/andreaskalcker.com\/de\/wp-json\/wp\/v2\/types\/page"}],"author":[{"embeddable":true,"href":"https:\/\/andreaskalcker.com\/de\/wp-json\/wp\/v2\/users\/1"}],"replies":[{"embeddable":true,"href":"https:\/\/andreaskalcker.com\/de\/wp-json\/wp\/v2\/comments?post=4197"}],"version-history":[{"count":0,"href":"https:\/\/andreaskalcker.com\/de\/wp-json\/wp\/v2\/pages\/4197\/revisions"}],"wp:attachment":[{"href":"https:\/\/andreaskalcker.com\/de\/wp-json\/wp\/v2\/media?parent=4197"}],"curies":[{"name":"wp","href":"https:\/\/api.w.org\/{rel}","templated":true}]}}