{"id":8061,"date":"2023-07-17T20:45:03","date_gmt":"2023-07-17T18:45:03","guid":{"rendered":"https:\/\/andreaskalcker.com\/?page_id=8061"},"modified":"2024-03-13T19:52:35","modified_gmt":"2024-03-13T18:52:35","slug":"foundation","status":"publish","type":"page","link":"https:\/\/andreaskalcker.com\/de\/foundation\/","title":{"rendered":"Foundation"},"content":{"rendered":"\t\t<div data-elementor-type=\"wp-page\" data-elementor-id=\"8061\" class=\"elementor elementor-8061 elementor-107\" data-elementor-post-type=\"page\">\n\t\t\t\t\t\t<section class=\"elementor-section elementor-top-section elementor-element elementor-element-d2eb231 elementor-section-boxed elementor-section-height-default elementor-section-height-default wpr-particle-no wpr-jarallax-no wpr-parallax-no wpr-sticky-section-no\" data-id=\"d2eb231\" data-element_type=\"section\" data-settings=\"{&quot;background_background&quot;:&quot;classic&quot;,&quot;background_motion_fx_motion_fx_scrolling&quot;:&quot;yes&quot;,&quot;background_motion_fx_motion_fx_mouse&quot;:&quot;yes&quot;,&quot;background_motion_fx_mouseTrack_effect&quot;:&quot;yes&quot;,&quot;background_motion_fx_devices&quot;:[&quot;desktop&quot;,&quot;tablet&quot;,&quot;mobile&quot;],&quot;background_motion_fx_mouseTrack_speed&quot;:{&quot;unit&quot;:&quot;px&quot;,&quot;size&quot;:1,&quot;sizes&quot;:[]}}\">\n\t\t\t\t\t\t<div class=\"elementor-container elementor-column-gap-default\">\n\t\t\t\t\t<div class=\"elementor-column elementor-col-100 elementor-top-column elementor-element elementor-element-4319566\" data-id=\"4319566\" data-element_type=\"column\">\n\t\t\t<div class=\"elementor-widget-wrap elementor-element-populated\">\n\t\t\t\t\t\t<div class=\"elementor-element elementor-element-81bd7f5 elementor-widget elementor-widget-heading\" data-id=\"81bd7f5\" data-element_type=\"widget\" data-widget_type=\"heading.default\">\n\t\t\t\t<div class=\"elementor-widget-container\">\n\t\t\t\t\t<h2 class=\"elementor-heading-title elementor-size-default\">ALK Foundation<\/h2>\t\t\t\t<\/div>\n\t\t\t\t<\/div>\n\t\t\t\t<div class=\"elementor-element elementor-element-0722193 elementor-widget elementor-widget-heading\" data-id=\"0722193\" data-element_type=\"widget\" data-widget_type=\"heading.default\">\n\t\t\t\t<div class=\"elementor-widget-container\">\n\t\t\t\t\t<h5 class=\"elementor-heading-title elementor-size-default\">Saving lives together\n\n<\/h5>\t\t\t\t<\/div>\n\t\t\t\t<\/div>\n\t\t\t\t\t<\/div>\n\t\t<\/div>\n\t\t\t\t\t<\/div>\n\t\t<\/section>\n\t\t\t\t<section class=\"elementor-section elementor-top-section elementor-element elementor-element-cc16448 elementor-section-boxed elementor-section-height-default elementor-section-height-default wpr-particle-no wpr-jarallax-no wpr-parallax-no wpr-sticky-section-no\" data-id=\"cc16448\" data-element_type=\"section\">\n\t\t\t\t\t\t<div class=\"elementor-container elementor-column-gap-default\">\n\t\t\t\t\t<div class=\"elementor-column elementor-col-100 elementor-top-column elementor-element elementor-element-cd687bc\" data-id=\"cd687bc\" data-element_type=\"column\">\n\t\t\t<div class=\"elementor-widget-wrap elementor-element-populated\">\n\t\t\t\t\t\t<div class=\"elementor-element elementor-element-7aa48af elementor-widget elementor-widget-spacer\" data-id=\"7aa48af\" data-element_type=\"widget\" data-widget_type=\"spacer.default\">\n\t\t\t\t<div class=\"elementor-widget-container\">\n\t\t\t\t\t\t\t<div class=\"elementor-spacer\">\n\t\t\t<div class=\"elementor-spacer-inner\"><\/div>\n\t\t<\/div>\n\t\t\t\t\t\t<\/div>\n\t\t\t\t<\/div>\n\t\t\t\t<div class=\"elementor-element elementor-element-991e79d elementor-widget elementor-widget-text-editor\" data-id=\"991e79d\" data-element_type=\"widget\" data-widget_type=\"text-editor.default\">\n\t\t\t\t<div class=\"elementor-widget-container\">\n\t\t\t\t\t\t\t\t\t<p>Die ALK-Stiftung widmet sich der Erforschung, Professionalisierung und Verbreitung des ClO\u2082 Molek\u00fcls in Form von CDS sowie der Verbreitung der Grundlagen der elektromolekularen Medizin in der Welt.<\/p><p>\u00a0<\/p><p>Wir verf\u00fcgen \u00fcber ein Ende 2021 gespendetes Geb\u00e4ude mit Sitz in Jalisco, Mexiko, in dem sich die Verwaltungsb\u00fcros, der Schulungsraum, die Forschungsabteilung, der Bereich f\u00fcr innovative Therapien und, dank Spenden, das klinische Labor befinden, das die Bereiche Blutchemie, H\u00e4matologie, Immunologie, Parasitologie und Mikrobiologie umfassen wird, zum Nutzen der Menschheit und im Dienste unserer Mitglieder.<\/p>\t\t\t\t\t\t\t\t<\/div>\n\t\t\t\t<\/div>\n\t\t\t\t<div class=\"elementor-element elementor-element-4f5f4b3 elementor-widget elementor-widget-spacer\" data-id=\"4f5f4b3\" data-element_type=\"widget\" data-widget_type=\"spacer.default\">\n\t\t\t\t<div class=\"elementor-widget-container\">\n\t\t\t\t\t\t\t<div class=\"elementor-spacer\">\n\t\t\t<div class=\"elementor-spacer-inner\"><\/div>\n\t\t<\/div>\n\t\t\t\t\t\t<\/div>\n\t\t\t\t<\/div>\n\t\t\t\t<div class=\"elementor-element elementor-element-637a445 elementor-widget elementor-widget-image\" data-id=\"637a445\" data-element_type=\"widget\" data-widget_type=\"image.default\">\n\t\t\t\t<div class=\"elementor-widget-container\">\n\t\t\t\t\t\t\t\t\t\t\t\t\t\t\t<img fetchpriority=\"high\" decoding=\"async\" width=\"768\" height=\"487\" src=\"https:\/\/andreaskalcker.com\/wp-content\/uploads\/2024\/03\/DSC7440-3-1-768x487.jpg\" class=\"attachment-medium_large size-medium_large wp-image-11277\" alt=\"\" srcset=\"https:\/\/andreaskalcker.com\/wp-content\/uploads\/2024\/03\/DSC7440-3-1-768x487.jpg 768w, https:\/\/andreaskalcker.com\/wp-content\/uploads\/2024\/03\/DSC7440-3-1-300x190.jpg 300w, https:\/\/andreaskalcker.com\/wp-content\/uploads\/2024\/03\/DSC7440-3-1.jpg 920w\" sizes=\"(max-width: 768px) 100vw, 768px\" \/>\t\t\t\t\t\t\t\t\t\t\t\t\t\t\t<\/div>\n\t\t\t\t<\/div>\n\t\t\t\t<div class=\"elementor-element elementor-element-43edee2 elementor-widget elementor-widget-spacer\" data-id=\"43edee2\" data-element_type=\"widget\" data-widget_type=\"spacer.default\">\n\t\t\t\t<div class=\"elementor-widget-container\">\n\t\t\t\t\t\t\t<div class=\"elementor-spacer\">\n\t\t\t<div class=\"elementor-spacer-inner\"><\/div>\n\t\t<\/div>\n\t\t\t\t\t\t<\/div>\n\t\t\t\t<\/div>\n\t\t\t\t<div class=\"elementor-element elementor-element-bba8f68 elementor-align-center elementor-widget elementor-widget-button\" data-id=\"bba8f68\" data-element_type=\"widget\" data-widget_type=\"button.default\">\n\t\t\t\t<div class=\"elementor-widget-container\">\n\t\t\t\t\t\t\t\t\t<div class=\"elementor-button-wrapper\">\n\t\t\t\t\t<a class=\"elementor-button elementor-button-link elementor-size-sm\" href=\"https:\/\/alkfoundation.com\/de\" target=\"_blank\">\n\t\t\t\t\t\t<span class=\"elementor-button-content-wrapper\">\n\t\t\t\t\t\t\t\t\t<span class=\"elementor-button-text\">Besuchen Sie unsere Website<\/span>\n\t\t\t\t\t<\/span>\n\t\t\t\t\t<\/a>\n\t\t\t\t<\/div>\n\t\t\t\t\t\t\t\t<\/div>\n\t\t\t\t<\/div>\n\t\t\t\t<div class=\"elementor-element elementor-element-13d37f4 elementor-widget elementor-widget-spacer\" data-id=\"13d37f4\" data-element_type=\"widget\" data-widget_type=\"spacer.default\">\n\t\t\t\t<div class=\"elementor-widget-container\">\n\t\t\t\t\t\t\t<div class=\"elementor-spacer\">\n\t\t\t<div class=\"elementor-spacer-inner\"><\/div>\n\t\t<\/div>\n\t\t\t\t\t\t<\/div>\n\t\t\t\t<\/div>\n\t\t\t\t\t<\/div>\n\t\t<\/div>\n\t\t\t\t\t<\/div>\n\t\t<\/section>\n\t\t\t\t<\/div>\n\t\t","protected":false},"excerpt":{"rendered":"<p>ALK Foundation Saving lives together Die ALK-Stiftung widmet sich der Erforschung, Professionalisierung und Verbreitung des ClO\u2082 Molek\u00fcls in Form von CDS sowie der Verbreitung der Grundlagen der elektromolekularen Medizin in der Welt. \u00a0 Wir verf\u00fcgen \u00fcber ein Ende 2021 gespendetes Geb\u00e4ude mit Sitz in Jalisco, Mexiko, in dem sich die Verwaltungsb\u00fcros, der Schulungsraum, die Forschungsabteilung, der Bereich f\u00fcr innovative Therapien und, dank Spenden, das klinische Labor befinden, das die Bereiche Blutchemie, H\u00e4matologie, Immunologie, Parasitologie und Mikrobiologie umfassen wird, zum Nutzen der Menschheit und im Dienste unserer Mitglieder. Besuchen Sie unsere Website<\/p>\n","protected":false},"author":1,"featured_media":0,"parent":0,"menu_order":0,"comment_status":"closed","ping_status":"closed","template":"","meta":{"footnotes":""},"class_list":["post-8061","page","type-page","status-publish"],"yoast_head":"<!-- This site is optimized with the Yoast SEO Premium plugin v22.2 (Yoast SEO v25.8) - https:\/\/yoast.com\/wordpress\/plugins\/seo\/ -->\n<title>Foundation - Andreas Kalcker<\/title>\n<meta name=\"robots\" content=\"index, follow, max-snippet:-1, max-image-preview:large, max-video-preview:-1\" \/>\n<link rel=\"canonical\" href=\"https:\/\/andreaskalcker.com\/de\/foundation\/\" \/>\n<meta property=\"og:locale\" content=\"de_DE\" \/>\n<meta property=\"og:type\" content=\"article\" \/>\n<meta property=\"og:title\" content=\"Foundation\" \/>\n<meta property=\"og:description\" content=\"ALK Foundation Saving lives together Die ALK-Stiftung widmet sich der Erforschung, Professionalisierung und Verbreitung des ClO\u2082 Molek\u00fcls in Form von CDS sowie der Verbreitung der Grundlagen der elektromolekularen Medizin in der Welt. \u00a0 Wir verf\u00fcgen \u00fcber ein Ende 2021 gespendetes Geb\u00e4ude mit Sitz in Jalisco, Mexiko, in dem sich die Verwaltungsb\u00fcros, der Schulungsraum, die Forschungsabteilung, der Bereich f\u00fcr innovative Therapien und, dank Spenden, das klinische Labor befinden, das die Bereiche Blutchemie, H\u00e4matologie, Immunologie, Parasitologie und Mikrobiologie umfassen wird, zum Nutzen der Menschheit und im Dienste unserer Mitglieder. Besuchen Sie unsere Website\" \/>\n<meta property=\"og:url\" content=\"https:\/\/andreaskalcker.com\/de\/foundation\/\" \/>\n<meta property=\"og:site_name\" content=\"Andreas Kalcker\" \/>\n<meta property=\"article:modified_time\" content=\"2024-03-13T18:52:35+00:00\" \/>\n<meta property=\"og:image\" content=\"https:\/\/andreaskalcker.com\/wp-content\/uploads\/2024\/03\/DSC7440-3-1-768x487.jpg\" \/>\n<meta name=\"twitter:card\" content=\"summary_large_image\" \/>\n<script type=\"application\/ld+json\" class=\"yoast-schema-graph\">{\"@context\":\"https:\/\/schema.org\",\"@graph\":[{\"@type\":\"WebPage\",\"@id\":\"https:\/\/andreaskalcker.com\/de\/foundation\/\",\"url\":\"https:\/\/andreaskalcker.com\/de\/foundation\/\",\"name\":\"Foundation - Andreas Kalcker\",\"isPartOf\":{\"@id\":\"https:\/\/andreaskalcker.com\/#website\"},\"primaryImageOfPage\":{\"@id\":\"https:\/\/andreaskalcker.com\/de\/foundation\/#primaryimage\"},\"image\":{\"@id\":\"https:\/\/andreaskalcker.com\/de\/foundation\/#primaryimage\"},\"thumbnailUrl\":\"https:\/\/andreaskalcker.com\/wp-content\/uploads\/2024\/03\/DSC7440-3-1-768x487.jpg\",\"datePublished\":\"2023-07-17T18:45:03+00:00\",\"dateModified\":\"2024-03-13T18:52:35+00:00\",\"breadcrumb\":{\"@id\":\"https:\/\/andreaskalcker.com\/de\/foundation\/#breadcrumb\"},\"inLanguage\":\"de\",\"potentialAction\":[{\"@type\":\"ReadAction\",\"target\":[\"https:\/\/andreaskalcker.com\/de\/foundation\/\"]}]},{\"@type\":\"ImageObject\",\"inLanguage\":\"de\",\"@id\":\"https:\/\/andreaskalcker.com\/de\/foundation\/#primaryimage\",\"url\":\"https:\/\/andreaskalcker.com\/wp-content\/uploads\/2024\/03\/DSC7440-3-1-768x487.jpg\",\"contentUrl\":\"https:\/\/andreaskalcker.com\/wp-content\/uploads\/2024\/03\/DSC7440-3-1-768x487.jpg\"},{\"@type\":\"BreadcrumbList\",\"@id\":\"https:\/\/andreaskalcker.com\/de\/foundation\/#breadcrumb\",\"itemListElement\":[{\"@type\":\"ListItem\",\"position\":1,\"name\":\"Portada\",\"item\":\"https:\/\/andreaskalcker.com\/\"},{\"@type\":\"ListItem\",\"position\":2,\"name\":\"Foundation\"}]},{\"@type\":\"WebSite\",\"@id\":\"https:\/\/andreaskalcker.com\/#website\",\"url\":\"https:\/\/andreaskalcker.com\/\",\"name\":\"Andreas Kalcker\",\"description\":\"Official website\",\"potentialAction\":[{\"@type\":\"SearchAction\",\"target\":{\"@type\":\"EntryPoint\",\"urlTemplate\":\"https:\/\/andreaskalcker.com\/?s={search_term_string}\"},\"query-input\":{\"@type\":\"PropertyValueSpecification\",\"valueRequired\":true,\"valueName\":\"search_term_string\"}}],\"inLanguage\":\"de\"}]}<\/script>\n<!-- \/ Yoast SEO Premium plugin. -->","yoast_head_json":{"title":"Foundation - Andreas Kalcker","robots":{"index":"index","follow":"follow","max-snippet":"max-snippet:-1","max-image-preview":"max-image-preview:large","max-video-preview":"max-video-preview:-1"},"canonical":"https:\/\/andreaskalcker.com\/de\/foundation\/","og_locale":"de_DE","og_type":"article","og_title":"Foundation","og_description":"ALK Foundation Saving lives together Die ALK-Stiftung widmet sich der Erforschung, Professionalisierung und Verbreitung des ClO\u2082 Molek\u00fcls in Form von CDS sowie der Verbreitung der Grundlagen der elektromolekularen Medizin in der Welt. \u00a0 Wir verf\u00fcgen \u00fcber ein Ende 2021 gespendetes Geb\u00e4ude mit Sitz in Jalisco, Mexiko, in dem sich die Verwaltungsb\u00fcros, der Schulungsraum, die Forschungsabteilung, der Bereich f\u00fcr innovative Therapien und, dank Spenden, das klinische Labor befinden, das die Bereiche Blutchemie, H\u00e4matologie, Immunologie, Parasitologie und Mikrobiologie umfassen wird, zum Nutzen der Menschheit und im Dienste unserer Mitglieder. Besuchen Sie unsere Website","og_url":"https:\/\/andreaskalcker.com\/de\/foundation\/","og_site_name":"Andreas Kalcker","article_modified_time":"2024-03-13T18:52:35+00:00","og_image":[{"url":"https:\/\/andreaskalcker.com\/wp-content\/uploads\/2024\/03\/DSC7440-3-1-768x487.jpg","type":"","width":"","height":""}],"twitter_card":"summary_large_image","schema":{"@context":"https:\/\/schema.org","@graph":[{"@type":"WebPage","@id":"https:\/\/andreaskalcker.com\/de\/foundation\/","url":"https:\/\/andreaskalcker.com\/de\/foundation\/","name":"Foundation - Andreas Kalcker","isPartOf":{"@id":"https:\/\/andreaskalcker.com\/#website"},"primaryImageOfPage":{"@id":"https:\/\/andreaskalcker.com\/de\/foundation\/#primaryimage"},"image":{"@id":"https:\/\/andreaskalcker.com\/de\/foundation\/#primaryimage"},"thumbnailUrl":"https:\/\/andreaskalcker.com\/wp-content\/uploads\/2024\/03\/DSC7440-3-1-768x487.jpg","datePublished":"2023-07-17T18:45:03+00:00","dateModified":"2024-03-13T18:52:35+00:00","breadcrumb":{"@id":"https:\/\/andreaskalcker.com\/de\/foundation\/#breadcrumb"},"inLanguage":"de","potentialAction":[{"@type":"ReadAction","target":["https:\/\/andreaskalcker.com\/de\/foundation\/"]}]},{"@type":"ImageObject","inLanguage":"de","@id":"https:\/\/andreaskalcker.com\/de\/foundation\/#primaryimage","url":"https:\/\/andreaskalcker.com\/wp-content\/uploads\/2024\/03\/DSC7440-3-1-768x487.jpg","contentUrl":"https:\/\/andreaskalcker.com\/wp-content\/uploads\/2024\/03\/DSC7440-3-1-768x487.jpg"},{"@type":"BreadcrumbList","@id":"https:\/\/andreaskalcker.com\/de\/foundation\/#breadcrumb","itemListElement":[{"@type":"ListItem","position":1,"name":"Portada","item":"https:\/\/andreaskalcker.com\/"},{"@type":"ListItem","position":2,"name":"Foundation"}]},{"@type":"WebSite","@id":"https:\/\/andreaskalcker.com\/#website","url":"https:\/\/andreaskalcker.com\/","name":"Andreas Kalcker","description":"Official website","potentialAction":[{"@type":"SearchAction","target":{"@type":"EntryPoint","urlTemplate":"https:\/\/andreaskalcker.com\/?s={search_term_string}"},"query-input":{"@type":"PropertyValueSpecification","valueRequired":true,"valueName":"search_term_string"}}],"inLanguage":"de"}]}},"_links":{"self":[{"href":"https:\/\/andreaskalcker.com\/de\/wp-json\/wp\/v2\/pages\/8061","targetHints":{"allow":["GET"]}}],"collection":[{"href":"https:\/\/andreaskalcker.com\/de\/wp-json\/wp\/v2\/pages"}],"about":[{"href":"https:\/\/andreaskalcker.com\/de\/wp-json\/wp\/v2\/types\/page"}],"author":[{"embeddable":true,"href":"https:\/\/andreaskalcker.com\/de\/wp-json\/wp\/v2\/users\/1"}],"replies":[{"embeddable":true,"href":"https:\/\/andreaskalcker.com\/de\/wp-json\/wp\/v2\/comments?post=8061"}],"version-history":[{"count":0,"href":"https:\/\/andreaskalcker.com\/de\/wp-json\/wp\/v2\/pages\/8061\/revisions"}],"wp:attachment":[{"href":"https:\/\/andreaskalcker.com\/de\/wp-json\/wp\/v2\/media?parent=8061"}],"curies":[{"name":"wp","href":"https:\/\/api.w.org\/{rel}","templated":true}]}}