{"id":9368,"date":"2024-01-09T15:00:10","date_gmt":"2024-01-09T14:00:10","guid":{"rendered":"https:\/\/andreaskalcker.com\/newsletter\/"},"modified":"2024-01-10T01:42:13","modified_gmt":"2024-01-10T00:42:13","slug":"newsletter","status":"publish","type":"page","link":"https:\/\/andreaskalcker.com\/de\/newsletter\/","title":{"rendered":"Newsletter DE"},"content":{"rendered":"\t\t<div data-elementor-type=\"wp-page\" data-elementor-id=\"9368\" class=\"elementor elementor-9368 elementor-8505\" data-elementor-post-type=\"page\">\n\t\t\t\t\t\t<section class=\"elementor-section elementor-top-section elementor-element elementor-element-5f52c2c4 elementor-section-boxed elementor-section-height-default elementor-section-height-default wpr-particle-no wpr-jarallax-no wpr-parallax-no wpr-sticky-section-no\" data-id=\"5f52c2c4\" data-element_type=\"section\" data-settings=\"{&quot;background_background&quot;:&quot;classic&quot;,&quot;background_motion_fx_motion_fx_scrolling&quot;:&quot;yes&quot;,&quot;background_motion_fx_motion_fx_mouse&quot;:&quot;yes&quot;,&quot;background_motion_fx_mouseTrack_effect&quot;:&quot;yes&quot;,&quot;background_motion_fx_devices&quot;:[&quot;desktop&quot;,&quot;tablet&quot;,&quot;mobile&quot;],&quot;background_motion_fx_mouseTrack_speed&quot;:{&quot;unit&quot;:&quot;px&quot;,&quot;size&quot;:1,&quot;sizes&quot;:[]}}\">\n\t\t\t\t\t\t<div class=\"elementor-container elementor-column-gap-default\">\n\t\t\t\t\t<div class=\"elementor-column elementor-col-100 elementor-top-column elementor-element elementor-element-723c1444\" data-id=\"723c1444\" data-element_type=\"column\">\n\t\t\t<div class=\"elementor-widget-wrap elementor-element-populated\">\n\t\t\t\t\t\t<div class=\"elementor-element elementor-element-ece1afb elementor-widget elementor-widget-heading\" data-id=\"ece1afb\" data-element_type=\"widget\" data-widget_type=\"heading.default\">\n\t\t\t\t<div class=\"elementor-widget-container\">\n\t\t\t\t\t<h2 class=\"elementor-heading-title elementor-size-default\">Newsletter<\/h2>\t\t\t\t<\/div>\n\t\t\t\t<\/div>\n\t\t\t\t\t<\/div>\n\t\t<\/div>\n\t\t\t\t\t<\/div>\n\t\t<\/section>\n\t\t\t\t<section class=\"elementor-section elementor-top-section elementor-element elementor-element-0c8eacd elementor-section-boxed elementor-section-height-default elementor-section-height-default wpr-particle-no wpr-jarallax-no wpr-parallax-no wpr-sticky-section-no\" data-id=\"0c8eacd\" data-element_type=\"section\" data-settings=\"{&quot;background_background&quot;:&quot;classic&quot;}\">\n\t\t\t\t\t\t<div class=\"elementor-container elementor-column-gap-default\">\n\t\t\t\t\t<div class=\"elementor-column elementor-col-100 elementor-top-column elementor-element elementor-element-4d6d576\" data-id=\"4d6d576\" data-element_type=\"column\" data-settings=\"{&quot;background_background&quot;:&quot;classic&quot;}\">\n\t\t\t<div class=\"elementor-widget-wrap elementor-element-populated\">\n\t\t\t\t\t\t<div class=\"elementor-element elementor-element-1571950 elementor-widget elementor-widget-html\" data-id=\"1571950\" data-element_type=\"widget\" data-widget_type=\"html.default\">\n\t\t\t\t<div class=\"elementor-widget-container\">\n\t\t\t\t\t<!-- Form Acumbamail -->\n<form action=\"https:\/\/acumbamail.com\/newform\/subscribe\/cvWwO3iVaty9c7Q4a2OFEmOqjy9ICXDLcmVtkqp3hZO9wngFZKYpKJ9\/34200\/\" method=\"post\" class=\"yourFormCustomContainer\">\n\t<div class=\"yourFormCustomStyle\">\n\t\t<div style=\"width: 100%; position:relative;\">\n\t\t\t<label for=\"r0c0m1i1\">Name<\/label><input id=\"r0c0m1i1\" name=\"char_02\" type=\"text\" maxlength=\"128\" placeholder=\"\"\/><br \/>\n\t\t\t<label for=\"r0c0m1i2\">Email<\/label><input id=\"r0c0m1i2\" name=\"email_1\" type=\"email\" placeholder=\"\" required=\"\"\/><br \/>\n\t\t\t<span class=\"bee-form-option-wrapper\"><input id=\"r0c0m1i4\" name=\"boolean_1\" type=\"checkbox\" required=\"\"\/><label class=\"inline\" for=\"r0c0m1i4\">Ich stimme der Anmeldung zu.<\/label><\/span><br \/>\n\t\t\t <!-- Do not delete the following fields, is important in order to protect you from spam :)\n                                No borres los siguientes campos, es importante para protegerte del spam :)  -->\n\t\t\t\n                        <input type=\"text\" name=\"a692525c\" tabindex=\"-1\" value=\"\" style=\"position: absolute; left: -4900px;\" aria-hidden=\"true\" id=\"a692525c\" autocomplete=\"off\"\/>\n                        <br \/>\n\t\t\t\n                        <input type=\"email\" name=\"b692525c\" tabindex=\"-1\" value=\"\" style=\"position: absolute; left: -5000px;\" aria-hidden=\"true\" id=\"b692525c\" autocomplete=\"off\"\/>\n                        <br \/>\n\t\t\t\n                        <input type=\"checkbox\" name=\"c692525c\" tabindex=\"-1\" style=\"position: absolute; left: -5100px;\" aria-hidden=\"true\" id=\"c692525c\" autocomplete=\"off\"\/>\n                        <br \/>\n\t\t<\/div>\n\t<\/div>\n\t<input type=\"hidden\" name=\"ok_redirect\" id=\"id_redirect\" value=\"\/*Puedes insertar aqu\u00ed la url a la que quieres redirigir tras un registro v\u00e1lido *\/\">\n\t<input type=\"submit\" value=\"Suscribirme a la lista\" class=\"yourButtonCustomStyle\">\n<\/form>\n<!-- End Form -->\t\t\t\t<\/div>\n\t\t\t\t<\/div>\n\t\t\t\t\t<\/div>\n\t\t<\/div>\n\t\t\t\t\t<\/div>\n\t\t<\/section>\n\t\t\t\t<section class=\"elementor-section elementor-top-section elementor-element elementor-element-e0707d3 elementor-section-boxed elementor-section-height-default elementor-section-height-default wpr-particle-no wpr-jarallax-no wpr-parallax-no wpr-sticky-section-no\" data-id=\"e0707d3\" data-element_type=\"section\" data-settings=\"{&quot;background_background&quot;:&quot;classic&quot;}\">\n\t\t\t\t\t\t<div class=\"elementor-container elementor-column-gap-default\">\n\t\t\t\t\t<div class=\"elementor-column elementor-col-100 elementor-top-column elementor-element elementor-element-c1a3295\" data-id=\"c1a3295\" data-element_type=\"column\">\n\t\t\t<div class=\"elementor-widget-wrap elementor-element-populated\">\n\t\t\t\t\t\t<div class=\"elementor-element elementor-element-bf70a85 elementor-widget elementor-widget-heading\" data-id=\"bf70a85\" data-element_type=\"widget\" data-widget_type=\"heading.default\">\n\t\t\t\t<div class=\"elementor-widget-container\">\n\t\t\t\t\t<h5 class=\"elementor-heading-title elementor-size-default\">W\u00e4hlen Sie eine Sprache f\u00fcr den Empfang von Mitteilungen<\/h5>\t\t\t\t<\/div>\n\t\t\t\t<\/div>\n\t\t\t\t<section class=\"elementor-section elementor-inner-section elementor-element elementor-element-a2f1c4e elementor-section-boxed elementor-section-height-default elementor-section-height-default wpr-particle-no wpr-jarallax-no wpr-parallax-no wpr-sticky-section-no\" data-id=\"a2f1c4e\" data-element_type=\"section\">\n\t\t\t\t\t\t<div class=\"elementor-container elementor-column-gap-default\">\n\t\t\t\t\t<div class=\"elementor-column elementor-col-33 elementor-inner-column elementor-element elementor-element-48029d8\" data-id=\"48029d8\" data-element_type=\"column\">\n\t\t\t<div class=\"elementor-widget-wrap elementor-element-populated\">\n\t\t\t\t\t\t<div class=\"elementor-element elementor-element-b4ab1e6 elementor-widget elementor-widget-image\" data-id=\"b4ab1e6\" data-element_type=\"widget\" data-widget_type=\"image.default\">\n\t\t\t\t<div class=\"elementor-widget-container\">\n\t\t\t\t\t\t\t\t\t\t\t\t<figure class=\"wp-caption\">\n\t\t\t\t\t\t\t\t\t\t\t<a href=\"\/en\/newsletter\">\n\t\t\t\t\t\t\t<img decoding=\"async\" width=\"128\" height=\"128\" src=\"https:\/\/andreaskalcker.com\/wp-content\/uploads\/2024\/01\/en.png\" class=\"attachment-full size-full wp-image-8511\" alt=\"\" \/>\t\t\t\t\t\t\t\t<\/a>\n\t\t\t\t\t\t\t\t\t\t\t<figcaption class=\"widget-image-caption wp-caption-text\">Ingl\u00e9s<\/figcaption>\n\t\t\t\t\t\t\t\t\t\t<\/figure>\n\t\t\t\t\t\t\t\t\t<\/div>\n\t\t\t\t<\/div>\n\t\t\t\t\t<\/div>\n\t\t<\/div>\n\t\t\t\t<div class=\"elementor-column elementor-col-33 elementor-inner-column elementor-element elementor-element-73a43df\" data-id=\"73a43df\" data-element_type=\"column\">\n\t\t\t<div class=\"elementor-widget-wrap elementor-element-populated\">\n\t\t\t\t\t\t<div class=\"elementor-element elementor-element-411dc01 elementor-widget elementor-widget-image\" data-id=\"411dc01\" data-element_type=\"widget\" data-widget_type=\"image.default\">\n\t\t\t\t<div class=\"elementor-widget-container\">\n\t\t\t\t\t\t\t\t\t\t\t\t<figure class=\"wp-caption\">\n\t\t\t\t\t\t\t\t\t\t\t<a href=\"\/de\/newsletter\">\n\t\t\t\t\t\t\t<img decoding=\"async\" width=\"128\" height=\"128\" src=\"https:\/\/andreaskalcker.com\/wp-content\/uploads\/2024\/01\/de.png\" class=\"attachment-full size-full wp-image-8508\" alt=\"\" \/>\t\t\t\t\t\t\t\t<\/a>\n\t\t\t\t\t\t\t\t\t\t\t<figcaption class=\"widget-image-caption wp-caption-text\">Alem\u00e1n<\/figcaption>\n\t\t\t\t\t\t\t\t\t\t<\/figure>\n\t\t\t\t\t\t\t\t\t<\/div>\n\t\t\t\t<\/div>\n\t\t\t\t\t<\/div>\n\t\t<\/div>\n\t\t\t\t<div class=\"elementor-column elementor-col-33 elementor-inner-column elementor-element elementor-element-cc6d0c5\" data-id=\"cc6d0c5\" data-element_type=\"column\">\n\t\t\t<div class=\"elementor-widget-wrap elementor-element-populated\">\n\t\t\t\t\t\t<div class=\"elementor-element elementor-element-197fe60 elementor-widget elementor-widget-image\" data-id=\"197fe60\" data-element_type=\"widget\" data-widget_type=\"image.default\">\n\t\t\t\t<div class=\"elementor-widget-container\">\n\t\t\t\t\t\t\t\t\t\t\t\t<figure class=\"wp-caption\">\n\t\t\t\t\t\t\t\t\t\t\t<a href=\"\/fr\/newsletter\">\n\t\t\t\t\t\t\t<img decoding=\"async\" width=\"128\" height=\"128\" src=\"https:\/\/andreaskalcker.com\/wp-content\/uploads\/2024\/01\/fr.png\" class=\"attachment-full size-full wp-image-8517\" alt=\"\" \/>\t\t\t\t\t\t\t\t<\/a>\n\t\t\t\t\t\t\t\t\t\t\t<figcaption class=\"widget-image-caption wp-caption-text\">Franc\u00e9s<\/figcaption>\n\t\t\t\t\t\t\t\t\t\t<\/figure>\n\t\t\t\t\t\t\t\t\t<\/div>\n\t\t\t\t<\/div>\n\t\t\t\t\t<\/div>\n\t\t<\/div>\n\t\t\t\t\t<\/div>\n\t\t<\/section>\n\t\t\t\t\t<\/div>\n\t\t<\/div>\n\t\t\t\t\t<\/div>\n\t\t<\/section>\n\t\t\t\t<\/div>\n\t\t","protected":false},"excerpt":{"rendered":"<p>Newsletter Name Email Ich stimme der Anmeldung zu. W\u00e4hlen Sie eine Sprache f\u00fcr den Empfang von Mitteilungen Ingl\u00e9s Alem\u00e1n Franc\u00e9s<\/p>\n","protected":false},"author":1,"featured_media":0,"parent":0,"menu_order":0,"comment_status":"closed","ping_status":"closed","template":"","meta":{"footnotes":""},"class_list":["post-9368","page","type-page","status-publish"],"yoast_head":"<!-- This site is optimized with the Yoast SEO Premium plugin v22.2 (Yoast SEO v25.8) - https:\/\/yoast.com\/wordpress\/plugins\/seo\/ -->\n<title>Newsletter DE - Andreas Kalcker<\/title>\n<meta name=\"robots\" content=\"index, follow, max-snippet:-1, max-image-preview:large, max-video-preview:-1\" \/>\n<link rel=\"canonical\" href=\"https:\/\/andreaskalcker.com\/de\/newsletter\/\" \/>\n<meta property=\"og:locale\" content=\"de_DE\" \/>\n<meta property=\"og:type\" content=\"article\" \/>\n<meta property=\"og:title\" content=\"Newsletter DE\" \/>\n<meta property=\"og:description\" content=\"Newsletter Name Email Ich stimme der Anmeldung zu. W\u00e4hlen Sie eine Sprache f\u00fcr den Empfang von Mitteilungen Ingl\u00e9s Alem\u00e1n Franc\u00e9s\" \/>\n<meta property=\"og:url\" content=\"https:\/\/andreaskalcker.com\/de\/newsletter\/\" \/>\n<meta property=\"og:site_name\" content=\"Andreas Kalcker\" \/>\n<meta property=\"article:modified_time\" content=\"2024-01-10T00:42:13+00:00\" \/>\n<meta property=\"og:image\" content=\"https:\/\/andreaskalcker.com\/wp-content\/uploads\/2024\/01\/en.png\" \/>\n<meta name=\"twitter:card\" content=\"summary_large_image\" \/>\n<script type=\"application\/ld+json\" class=\"yoast-schema-graph\">{\"@context\":\"https:\/\/schema.org\",\"@graph\":[{\"@type\":\"WebPage\",\"@id\":\"https:\/\/andreaskalcker.com\/de\/newsletter\/\",\"url\":\"https:\/\/andreaskalcker.com\/de\/newsletter\/\",\"name\":\"Newsletter DE - Andreas Kalcker\",\"isPartOf\":{\"@id\":\"https:\/\/andreaskalcker.com\/#website\"},\"primaryImageOfPage\":{\"@id\":\"https:\/\/andreaskalcker.com\/de\/newsletter\/#primaryimage\"},\"image\":{\"@id\":\"https:\/\/andreaskalcker.com\/de\/newsletter\/#primaryimage\"},\"thumbnailUrl\":\"https:\/\/andreaskalcker.com\/wp-content\/uploads\/2024\/01\/en.png\",\"datePublished\":\"2024-01-09T14:00:10+00:00\",\"dateModified\":\"2024-01-10T00:42:13+00:00\",\"breadcrumb\":{\"@id\":\"https:\/\/andreaskalcker.com\/de\/newsletter\/#breadcrumb\"},\"inLanguage\":\"de\",\"potentialAction\":[{\"@type\":\"ReadAction\",\"target\":[\"https:\/\/andreaskalcker.com\/de\/newsletter\/\"]}]},{\"@type\":\"ImageObject\",\"inLanguage\":\"de\",\"@id\":\"https:\/\/andreaskalcker.com\/de\/newsletter\/#primaryimage\",\"url\":\"https:\/\/andreaskalcker.com\/wp-content\/uploads\/2024\/01\/en.png\",\"contentUrl\":\"https:\/\/andreaskalcker.com\/wp-content\/uploads\/2024\/01\/en.png\"},{\"@type\":\"BreadcrumbList\",\"@id\":\"https:\/\/andreaskalcker.com\/de\/newsletter\/#breadcrumb\",\"itemListElement\":[{\"@type\":\"ListItem\",\"position\":1,\"name\":\"Portada\",\"item\":\"https:\/\/andreaskalcker.com\/\"},{\"@type\":\"ListItem\",\"position\":2,\"name\":\"Newsletter DE\"}]},{\"@type\":\"WebSite\",\"@id\":\"https:\/\/andreaskalcker.com\/#website\",\"url\":\"https:\/\/andreaskalcker.com\/\",\"name\":\"Andreas Kalcker\",\"description\":\"Official website\",\"potentialAction\":[{\"@type\":\"SearchAction\",\"target\":{\"@type\":\"EntryPoint\",\"urlTemplate\":\"https:\/\/andreaskalcker.com\/?s={search_term_string}\"},\"query-input\":{\"@type\":\"PropertyValueSpecification\",\"valueRequired\":true,\"valueName\":\"search_term_string\"}}],\"inLanguage\":\"de\"}]}<\/script>\n<!-- \/ Yoast SEO Premium plugin. -->","yoast_head_json":{"title":"Newsletter DE - Andreas Kalcker","robots":{"index":"index","follow":"follow","max-snippet":"max-snippet:-1","max-image-preview":"max-image-preview:large","max-video-preview":"max-video-preview:-1"},"canonical":"https:\/\/andreaskalcker.com\/de\/newsletter\/","og_locale":"de_DE","og_type":"article","og_title":"Newsletter DE","og_description":"Newsletter Name Email Ich stimme der Anmeldung zu. W\u00e4hlen Sie eine Sprache f\u00fcr den Empfang von Mitteilungen Ingl\u00e9s Alem\u00e1n Franc\u00e9s","og_url":"https:\/\/andreaskalcker.com\/de\/newsletter\/","og_site_name":"Andreas Kalcker","article_modified_time":"2024-01-10T00:42:13+00:00","og_image":[{"url":"https:\/\/andreaskalcker.com\/wp-content\/uploads\/2024\/01\/en.png","type":"","width":"","height":""}],"twitter_card":"summary_large_image","schema":{"@context":"https:\/\/schema.org","@graph":[{"@type":"WebPage","@id":"https:\/\/andreaskalcker.com\/de\/newsletter\/","url":"https:\/\/andreaskalcker.com\/de\/newsletter\/","name":"Newsletter DE - Andreas Kalcker","isPartOf":{"@id":"https:\/\/andreaskalcker.com\/#website"},"primaryImageOfPage":{"@id":"https:\/\/andreaskalcker.com\/de\/newsletter\/#primaryimage"},"image":{"@id":"https:\/\/andreaskalcker.com\/de\/newsletter\/#primaryimage"},"thumbnailUrl":"https:\/\/andreaskalcker.com\/wp-content\/uploads\/2024\/01\/en.png","datePublished":"2024-01-09T14:00:10+00:00","dateModified":"2024-01-10T00:42:13+00:00","breadcrumb":{"@id":"https:\/\/andreaskalcker.com\/de\/newsletter\/#breadcrumb"},"inLanguage":"de","potentialAction":[{"@type":"ReadAction","target":["https:\/\/andreaskalcker.com\/de\/newsletter\/"]}]},{"@type":"ImageObject","inLanguage":"de","@id":"https:\/\/andreaskalcker.com\/de\/newsletter\/#primaryimage","url":"https:\/\/andreaskalcker.com\/wp-content\/uploads\/2024\/01\/en.png","contentUrl":"https:\/\/andreaskalcker.com\/wp-content\/uploads\/2024\/01\/en.png"},{"@type":"BreadcrumbList","@id":"https:\/\/andreaskalcker.com\/de\/newsletter\/#breadcrumb","itemListElement":[{"@type":"ListItem","position":1,"name":"Portada","item":"https:\/\/andreaskalcker.com\/"},{"@type":"ListItem","position":2,"name":"Newsletter DE"}]},{"@type":"WebSite","@id":"https:\/\/andreaskalcker.com\/#website","url":"https:\/\/andreaskalcker.com\/","name":"Andreas Kalcker","description":"Official website","potentialAction":[{"@type":"SearchAction","target":{"@type":"EntryPoint","urlTemplate":"https:\/\/andreaskalcker.com\/?s={search_term_string}"},"query-input":{"@type":"PropertyValueSpecification","valueRequired":true,"valueName":"search_term_string"}}],"inLanguage":"de"}]}},"_links":{"self":[{"href":"https:\/\/andreaskalcker.com\/de\/wp-json\/wp\/v2\/pages\/9368","targetHints":{"allow":["GET"]}}],"collection":[{"href":"https:\/\/andreaskalcker.com\/de\/wp-json\/wp\/v2\/pages"}],"about":[{"href":"https:\/\/andreaskalcker.com\/de\/wp-json\/wp\/v2\/types\/page"}],"author":[{"embeddable":true,"href":"https:\/\/andreaskalcker.com\/de\/wp-json\/wp\/v2\/users\/1"}],"replies":[{"embeddable":true,"href":"https:\/\/andreaskalcker.com\/de\/wp-json\/wp\/v2\/comments?post=9368"}],"version-history":[{"count":0,"href":"https:\/\/andreaskalcker.com\/de\/wp-json\/wp\/v2\/pages\/9368\/revisions"}],"wp:attachment":[{"href":"https:\/\/andreaskalcker.com\/de\/wp-json\/wp\/v2\/media?parent=9368"}],"curies":[{"name":"wp","href":"https:\/\/api.w.org\/{rel}","templated":true}]}}