{"id":14336,"date":"2024-05-14T08:49:36","date_gmt":"2024-05-14T06:49:36","guid":{"rendered":"https:\/\/andreaskalcker.com\/demande-de-temoignages\/"},"modified":"2025-02-17T11:30:58","modified_gmt":"2025-02-17T10:30:58","slug":"demande-de-temoignages","status":"publish","type":"page","link":"https:\/\/andreaskalcker.com\/en\/demande-de-temoignages\/","title":{"rendered":"Demande de t\u00e9moignages"},"content":{"rendered":"\t\t<div data-elementor-type=\"wp-page\" data-elementor-id=\"14336\" class=\"elementor elementor-14336 elementor-12812\" data-elementor-post-type=\"page\">\n\t\t\t\t\t\t<section class=\"elementor-section elementor-top-section elementor-element elementor-element-33599d4 elementor-section-boxed elementor-section-height-default elementor-section-height-default wpr-particle-no wpr-jarallax-no wpr-parallax-no wpr-sticky-section-no\" data-id=\"33599d4\" data-element_type=\"section\">\n\t\t\t\t\t\t<div class=\"elementor-container elementor-column-gap-default\">\n\t\t\t\t\t<div class=\"elementor-column elementor-col-100 elementor-top-column elementor-element elementor-element-5f1eae2\" data-id=\"5f1eae2\" data-element_type=\"column\">\n\t\t\t<div class=\"elementor-widget-wrap elementor-element-populated\">\n\t\t\t\t\t\t<div class=\"elementor-element elementor-element-3f7c6a7 elementor-widget elementor-widget-image\" data-id=\"3f7c6a7\" data-element_type=\"widget\" data-widget_type=\"image.default\">\n\t\t\t\t<div class=\"elementor-widget-container\">\n\t\t\t\t\t\t\t\t\t\t\t\t\t\t\t<img decoding=\"async\" src=\"https:\/\/img.icons8.com\/fluency\/50\/000000\/france-circular.png\" title=\"\" alt=\"\" loading=\"lazy\" \/>\t\t\t\t\t\t\t\t\t\t\t\t\t\t\t<\/div>\n\t\t\t\t<\/div>\n\t\t\t\t<div class=\"elementor-element elementor-element-5731927 elementor-widget elementor-widget-text-editor\" data-id=\"5731927\" data-element_type=\"widget\" data-widget_type=\"text-editor.default\">\n\t\t\t\t<div class=\"elementor-widget-container\">\n\t\t\t\t\t\t\t\t\t<h4><b>Partagez votre t\u00e9moignage<\/b><\/h4><p>Your experience is important to us and may inspire others. Participate in the new edition of the book Sant\u00e9 interdite by including your message.<b><\/b><\/p><p> <\/p><h4><b>Comment participer:<\/b><\/h4><h4><b style=\"background-color: var(--base-3); color: var(--contrast); font-family: Roboto, sans-serif; font-size: 18px;\">Personal information:<\/b><\/h4><ul><li aria-level=\"\u00ab\"><b>Name and first name:<\/b> will appear in the printed version of the book.<\/li><li aria-level=\"\u00ab\"><b>Optional contact:<\/b> share your email, your social media or Telegram. This information will be accessible exclusively in digital format so that readers can contact you.<\/li><\/ul><p><b style=\"background-color: var(--base-3); color: var(--contrast);\">Documentation d&#8217;appui:<\/b><\/p><ul><li style=\"list-style-type: none;\"><ul><li aria-level=\"\u00ab\"><strong>Attach graphic evidence or medical documents that validate your diagnosis<\/strong>. These elements are essential to prove the truthfulness of your story.<\/li><\/ul><\/li><\/ul><p><b>Destaillez votre exp\u00e9rience:<\/b>.<\/p><ul><li aria-level=\"\u00ab\">List the improvements related to the conditions specified in our form.<\/li><\/ul><h4><b>Date : May 28, 2024<\/b><\/h4><p>.<\/p>\t\t\t\t\t\t\t\t<\/div>\n\t\t\t\t<\/div>\n\t\t\t\t<div class=\"elementor-element elementor-element-3f04906 elementor-widget elementor-widget-text-editor\" data-id=\"3f04906\" data-element_type=\"widget\" data-widget_type=\"text-editor.default\">\n\t\t\t\t<div class=\"elementor-widget-container\">\n\t\t\t\t\t\t\t\t\t<p><strong>Tell your story, help others by telling how you overcame the health problems related to chlore dioxide.<\/strong><\/p><p> <\/p><p>Merci de votre pr\u00e9cieuse contribution.<\/p><p>Andreas Kalcker<\/p>\t\t\t\t\t\t\t\t<\/div>\n\t\t\t\t<\/div>\n\t\t\t\t<div class=\"elementor-element elementor-element-5f69d86 elementor-widget elementor-widget-spacer\" data-id=\"5f69d86\" data-element_type=\"widget\" data-widget_type=\"spacer.default\">\n\t\t\t\t<div class=\"elementor-widget-container\">\n\t\t\t\t\t\t\t<div class=\"elementor-spacer\">\n\t\t\t<div class=\"elementor-spacer-inner\"><\/div>\n\t\t<\/div>\n\t\t\t\t\t\t<\/div>\n\t\t\t\t<\/div>\n\t\t\t\t<div class=\"elementor-element elementor-element-ea060d1 elementor-align-center elementor-widget elementor-widget-button\" data-id=\"ea060d1\" data-element_type=\"widget\" data-widget_type=\"button.default\">\n\t\t\t\t<div class=\"elementor-widget-container\">\n\t\t\t\t\t\t\t\t\t<div class=\"elementor-button-wrapper\">\n\t\t\t\t\t<a class=\"elementor-button elementor-button-link elementor-size-sm\" href=\"https:\/\/opnform.com\/forms\/formulario-de-testimonio-dprd8o-1\">\n\t\t\t\t\t\t<span class=\"elementor-button-content-wrapper\">\n\t\t\t\t\t\t\t\t\t<span class=\"elementor-button-text\">Send my message<\/span>\n\t\t\t\t\t<\/span>\n\t\t\t\t\t<\/a>\n\t\t\t\t<\/div>\n\t\t\t\t\t\t\t\t<\/div>\n\t\t\t\t<\/div>\n\t\t\t\t<div class=\"elementor-element elementor-element-d19c68c elementor-widget elementor-widget-spacer\" data-id=\"d19c68c\" data-element_type=\"widget\" data-widget_type=\"spacer.default\">\n\t\t\t\t<div class=\"elementor-widget-container\">\n\t\t\t\t\t\t\t<div class=\"elementor-spacer\">\n\t\t\t<div class=\"elementor-spacer-inner\"><\/div>\n\t\t<\/div>\n\t\t\t\t\t\t<\/div>\n\t\t\t\t<\/div>\n\t\t\t\t\t<\/div>\n\t\t<\/div>\n\t\t\t\t\t<\/div>\n\t\t<\/section>\n\t\t\t\t<\/div>\n\t\t","protected":false},"excerpt":{"rendered":"<p>Partagez votre t\u00e9moignage Your experience is important to us and may inspire others. Participate in the new edition of the book Sant\u00e9 interdite by including your message. Comment participer: Personal information: Name and first name: will appear in the printed version of the book. Optional contact: share your email, your social media or Telegram. This information will be accessible exclusively in digital format so that readers can contact you. Documentation d&#8217;appui: Attach graphic evidence or medical documents that validate your diagnosis. These elements are essential to prove the truthfulness of your story. Destaillez votre exp\u00e9rience:. List the improvements related to the conditions specified in our form. Date : May 28, 2024 . Tell your story, help others by telling how you overcame the health problems related to chlore dioxide. Merci de votre pr\u00e9cieuse contribution. Andreas Kalcker Send my message<\/p>\n","protected":false},"author":1,"featured_media":0,"parent":0,"menu_order":0,"comment_status":"closed","ping_status":"closed","template":"","meta":{"footnotes":""},"class_list":["post-14336","page","type-page","status-publish"],"yoast_head":"<!-- This site is optimized with the Yoast SEO Premium plugin v22.2 (Yoast SEO v25.8) - https:\/\/yoast.com\/wordpress\/plugins\/seo\/ -->\n<title>Demande de t\u00e9moignages - Andreas Kalcker<\/title>\n<meta name=\"robots\" content=\"index, follow, max-snippet:-1, max-image-preview:large, max-video-preview:-1\" \/>\n<link rel=\"canonical\" href=\"https:\/\/andreaskalcker.com\/demande-de-temoignages\/\" \/>\n<meta property=\"og:locale\" content=\"en_US\" \/>\n<meta property=\"og:type\" content=\"article\" \/>\n<meta property=\"og:title\" content=\"Demande de t\u00e9moignages\" \/>\n<meta property=\"og:description\" content=\"Partagez votre t\u00e9moignage Your experience is important to us and may inspire others. Participate in the new edition of the book Sant\u00e9 interdite by including your message. Comment participer: Personal information: Name and first name: will appear in the printed version of the book. Optional contact: share your email, your social media or Telegram. This information will be accessible exclusively in digital format so that readers can contact you. Documentation d&#8217;appui: Attach graphic evidence or medical documents that validate your diagnosis. These elements are essential to prove the truthfulness of your story. Destaillez votre exp\u00e9rience:. List the improvements related to the conditions specified in our form. Date : May 28, 2024 . Tell your story, help others by telling how you overcame the health problems related to chlore dioxide. Merci de votre pr\u00e9cieuse contribution. Andreas Kalcker Send my message\" \/>\n<meta property=\"og:url\" content=\"https:\/\/andreaskalcker.com\/demande-de-temoignages\/\" \/>\n<meta property=\"og:site_name\" content=\"Andreas Kalcker\" \/>\n<meta property=\"article:modified_time\" content=\"2025-02-17T10:30:58+00:00\" \/>\n<meta property=\"og:image\" content=\"https:\/\/img.icons8.com\/fluency\/50\/000000\/france-circular.png\" \/>\n<meta name=\"twitter:card\" content=\"summary_large_image\" \/>\n<meta name=\"twitter:label1\" content=\"Est. reading time\" \/>\n\t<meta name=\"twitter:data1\" content=\"1 minute\" \/>\n<script type=\"application\/ld+json\" class=\"yoast-schema-graph\">{\"@context\":\"https:\/\/schema.org\",\"@graph\":[{\"@type\":\"WebPage\",\"@id\":\"https:\/\/andreaskalcker.com\/demande-de-temoignages\/\",\"url\":\"https:\/\/andreaskalcker.com\/demande-de-temoignages\/\",\"name\":\"Demande de t\u00e9moignages - Andreas Kalcker\",\"isPartOf\":{\"@id\":\"https:\/\/andreaskalcker.com\/#website\"},\"primaryImageOfPage\":{\"@id\":\"https:\/\/andreaskalcker.com\/demande-de-temoignages\/#primaryimage\"},\"image\":{\"@id\":\"https:\/\/andreaskalcker.com\/demande-de-temoignages\/#primaryimage\"},\"thumbnailUrl\":\"https:\/\/img.icons8.com\/fluency\/50\/000000\/france-circular.png\",\"datePublished\":\"2024-05-14T06:49:36+00:00\",\"dateModified\":\"2025-02-17T10:30:58+00:00\",\"breadcrumb\":{\"@id\":\"https:\/\/andreaskalcker.com\/demande-de-temoignages\/#breadcrumb\"},\"inLanguage\":\"en-US\",\"potentialAction\":[{\"@type\":\"ReadAction\",\"target\":[\"https:\/\/andreaskalcker.com\/demande-de-temoignages\/\"]}]},{\"@type\":\"ImageObject\",\"inLanguage\":\"en-US\",\"@id\":\"https:\/\/andreaskalcker.com\/demande-de-temoignages\/#primaryimage\",\"url\":\"https:\/\/img.icons8.com\/fluency\/50\/000000\/france-circular.png\",\"contentUrl\":\"https:\/\/img.icons8.com\/fluency\/50\/000000\/france-circular.png\"},{\"@type\":\"BreadcrumbList\",\"@id\":\"https:\/\/andreaskalcker.com\/demande-de-temoignages\/#breadcrumb\",\"itemListElement\":[{\"@type\":\"ListItem\",\"position\":1,\"name\":\"Portada\",\"item\":\"https:\/\/andreaskalcker.com\/\"},{\"@type\":\"ListItem\",\"position\":2,\"name\":\"Demande de t\u00e9moignages\"}]},{\"@type\":\"WebSite\",\"@id\":\"https:\/\/andreaskalcker.com\/#website\",\"url\":\"https:\/\/andreaskalcker.com\/\",\"name\":\"Andreas Kalcker\",\"description\":\"Official website\",\"potentialAction\":[{\"@type\":\"SearchAction\",\"target\":{\"@type\":\"EntryPoint\",\"urlTemplate\":\"https:\/\/andreaskalcker.com\/?s={search_term_string}\"},\"query-input\":{\"@type\":\"PropertyValueSpecification\",\"valueRequired\":true,\"valueName\":\"search_term_string\"}}],\"inLanguage\":\"en-US\"}]}<\/script>\n<!-- \/ Yoast SEO Premium plugin. -->","yoast_head_json":{"title":"Demande de t\u00e9moignages - Andreas Kalcker","robots":{"index":"index","follow":"follow","max-snippet":"max-snippet:-1","max-image-preview":"max-image-preview:large","max-video-preview":"max-video-preview:-1"},"canonical":"https:\/\/andreaskalcker.com\/demande-de-temoignages\/","og_locale":"en_US","og_type":"article","og_title":"Demande de t\u00e9moignages","og_description":"Partagez votre t\u00e9moignage Your experience is important to us and may inspire others. Participate in the new edition of the book Sant\u00e9 interdite by including your message. Comment participer: Personal information: Name and first name: will appear in the printed version of the book. Optional contact: share your email, your social media or Telegram. This information will be accessible exclusively in digital format so that readers can contact you. Documentation d&#8217;appui: Attach graphic evidence or medical documents that validate your diagnosis. These elements are essential to prove the truthfulness of your story. Destaillez votre exp\u00e9rience:. List the improvements related to the conditions specified in our form. Date : May 28, 2024 . Tell your story, help others by telling how you overcame the health problems related to chlore dioxide. Merci de votre pr\u00e9cieuse contribution. Andreas Kalcker Send my message","og_url":"https:\/\/andreaskalcker.com\/demande-de-temoignages\/","og_site_name":"Andreas Kalcker","article_modified_time":"2025-02-17T10:30:58+00:00","og_image":[{"url":"https:\/\/img.icons8.com\/fluency\/50\/000000\/france-circular.png","type":"","width":"","height":""}],"twitter_card":"summary_large_image","twitter_misc":{"Est. reading time":"1 minute"},"schema":{"@context":"https:\/\/schema.org","@graph":[{"@type":"WebPage","@id":"https:\/\/andreaskalcker.com\/demande-de-temoignages\/","url":"https:\/\/andreaskalcker.com\/demande-de-temoignages\/","name":"Demande de t\u00e9moignages - Andreas Kalcker","isPartOf":{"@id":"https:\/\/andreaskalcker.com\/#website"},"primaryImageOfPage":{"@id":"https:\/\/andreaskalcker.com\/demande-de-temoignages\/#primaryimage"},"image":{"@id":"https:\/\/andreaskalcker.com\/demande-de-temoignages\/#primaryimage"},"thumbnailUrl":"https:\/\/img.icons8.com\/fluency\/50\/000000\/france-circular.png","datePublished":"2024-05-14T06:49:36+00:00","dateModified":"2025-02-17T10:30:58+00:00","breadcrumb":{"@id":"https:\/\/andreaskalcker.com\/demande-de-temoignages\/#breadcrumb"},"inLanguage":"en-US","potentialAction":[{"@type":"ReadAction","target":["https:\/\/andreaskalcker.com\/demande-de-temoignages\/"]}]},{"@type":"ImageObject","inLanguage":"en-US","@id":"https:\/\/andreaskalcker.com\/demande-de-temoignages\/#primaryimage","url":"https:\/\/img.icons8.com\/fluency\/50\/000000\/france-circular.png","contentUrl":"https:\/\/img.icons8.com\/fluency\/50\/000000\/france-circular.png"},{"@type":"BreadcrumbList","@id":"https:\/\/andreaskalcker.com\/demande-de-temoignages\/#breadcrumb","itemListElement":[{"@type":"ListItem","position":1,"name":"Portada","item":"https:\/\/andreaskalcker.com\/"},{"@type":"ListItem","position":2,"name":"Demande de t\u00e9moignages"}]},{"@type":"WebSite","@id":"https:\/\/andreaskalcker.com\/#website","url":"https:\/\/andreaskalcker.com\/","name":"Andreas Kalcker","description":"Official website","potentialAction":[{"@type":"SearchAction","target":{"@type":"EntryPoint","urlTemplate":"https:\/\/andreaskalcker.com\/?s={search_term_string}"},"query-input":{"@type":"PropertyValueSpecification","valueRequired":true,"valueName":"search_term_string"}}],"inLanguage":"en-US"}]}},"_links":{"self":[{"href":"https:\/\/andreaskalcker.com\/en\/wp-json\/wp\/v2\/pages\/14336","targetHints":{"allow":["GET"]}}],"collection":[{"href":"https:\/\/andreaskalcker.com\/en\/wp-json\/wp\/v2\/pages"}],"about":[{"href":"https:\/\/andreaskalcker.com\/en\/wp-json\/wp\/v2\/types\/page"}],"author":[{"embeddable":true,"href":"https:\/\/andreaskalcker.com\/en\/wp-json\/wp\/v2\/users\/1"}],"replies":[{"embeddable":true,"href":"https:\/\/andreaskalcker.com\/en\/wp-json\/wp\/v2\/comments?post=14336"}],"version-history":[{"count":0,"href":"https:\/\/andreaskalcker.com\/en\/wp-json\/wp\/v2\/pages\/14336\/revisions"}],"wp:attachment":[{"href":"https:\/\/andreaskalcker.com\/en\/wp-json\/wp\/v2\/media?parent=14336"}],"curies":[{"name":"wp","href":"https:\/\/api.w.org\/{rel}","templated":true}]}}