{"id":12649,"date":"2024-05-13T20:49:41","date_gmt":"2024-05-13T18:49:41","guid":{"rendered":"https:\/\/andreaskalcker.com\/envio-de-testimonios-para-la-nueva-edicion-del-libro-salud-prohibida\/"},"modified":"2024-05-14T07:53:53","modified_gmt":"2024-05-14T05:53:53","slug":"envio-de-testimonios-para-la-nueva-edicion-del-libro-salud-prohibida","status":"publish","type":"page","link":"https:\/\/andreaskalcker.com\/fr\/envio-de-testimonios-para-la-nueva-edicion-del-libro-salud-prohibida\/","title":{"rendered":"T\u00e9moignages sur la nouvelle \u00e9dition du livre Salud Prohibida"},"content":{"rendered":"\t\t<div data-elementor-type=\"wp-page\" data-elementor-id=\"12649\" class=\"elementor elementor-12649 elementor-12645\" data-elementor-post-type=\"page\">\n\t\t\t\t\t\t<section class=\"elementor-section elementor-top-section elementor-element elementor-element-26583fe elementor-section-boxed elementor-section-height-default elementor-section-height-default wpr-particle-no wpr-jarallax-no wpr-parallax-no wpr-sticky-section-no\" data-id=\"26583fe\" data-element_type=\"section\">\n\t\t\t\t\t\t<div class=\"elementor-container elementor-column-gap-default\">\n\t\t\t\t\t<div class=\"elementor-column elementor-col-100 elementor-top-column elementor-element elementor-element-2446590\" data-id=\"2446590\" data-element_type=\"column\">\n\t\t\t<div class=\"elementor-widget-wrap elementor-element-populated\">\n\t\t\t\t\t\t<div class=\"elementor-element elementor-element-300ce74 elementor-widget elementor-widget-text-editor\" data-id=\"300ce74\" data-element_type=\"widget\" data-widget_type=\"text-editor.default\">\n\t\t\t\t<div class=\"elementor-widget-container\">\n\t\t\t\t\t\t\t\t\t<h4><b>Partagez votre t\u00e9moignage<\/b><\/h4><p>Votre exp\u00e9rience est importante pour nous et peut inspirer d&rsquo;autres personnes. Participez \u00e0 la nouvelle \u00e9dition du livre Sant\u00e9 interdite en incluant votre t\u00e9moignage.<b><\/b><\/p><p>\u00a0<\/p><h4><b>Comment participer:<\/b><\/h4><h4><b style=\"background-color: var(--base-3); color: var(--contrast); font-family: Roboto, sans-serif; font-size: 18px;\">Informations personnelles:<\/b><\/h4><ul><li aria-level=\"\u00ab\"><b>Nom et pr\u00e9nom:<\/b> appara\u00eetront dans la version imprim\u00e9e du livre.<\/li><li aria-level=\"\u00ab\"><b>Contact facultatif:<\/b> partagez votre courriel, vos m\u00e9dias sociaux ou Telegram. Ces informations seront accessibles en format num\u00e9rique exclusivement afin que les lecteurs puissent vous contacter.<\/li><\/ul><p><b style=\"background-color: var(--base-3); color: var(--contrast);\">Documentation d&rsquo;appui:<\/b><\/p><ul><li style=\"list-style-type: none;\"><ul><li aria-level=\"\u00ab\"><strong>Joindre des preuves graphiques ou des documents m\u00e9dicaux qui valident votre t\u00e9moignage<\/strong>. Ces \u00e9l\u00e9ments sont essentiels pour prouver la v\u00e9racit\u00e9 de votre histoire.<\/li><\/ul><\/li><\/ul><p><b>D\u00e9taillez votre exp\u00e9rience:<\/b>.<\/p><ul><li aria-level=\"\u00ab\">Listez les am\u00e9liorations li\u00e9es aux conditions sp\u00e9cifi\u00e9es dans notre formulaire.<\/li><\/ul><h4><b>D\u00e9lai : 28 mai 2024<\/b><\/h4><p>.<\/p>\t\t\t\t\t\t\t\t<\/div>\n\t\t\t\t<\/div>\n\t\t\t\t<div class=\"elementor-element elementor-element-36f911d elementor-widget elementor-widget-text-editor\" data-id=\"36f911d\" data-element_type=\"widget\" data-widget_type=\"text-editor.default\">\n\t\t\t\t<div class=\"elementor-widget-container\">\n\t\t\t\t\t\t\t\t\t<p><strong>Votre histoire compte, aidez les autres en racontant comment vous avez surmont\u00e9 les probl\u00e8mes de sant\u00e9 li\u00e9s au dioxyde de chlore.<\/strong><\/p><p>\u00a0<\/p><p>Merci de votre pr\u00e9cieuse contribution.<\/p><p>Andreas Kalcker<\/p>\t\t\t\t\t\t\t\t<\/div>\n\t\t\t\t<\/div>\n\t\t\t\t<div class=\"elementor-element elementor-element-52ff593 elementor-widget elementor-widget-spacer\" data-id=\"52ff593\" data-element_type=\"widget\" data-widget_type=\"spacer.default\">\n\t\t\t\t<div class=\"elementor-widget-container\">\n\t\t\t\t\t\t\t<div class=\"elementor-spacer\">\n\t\t\t<div class=\"elementor-spacer-inner\"><\/div>\n\t\t<\/div>\n\t\t\t\t\t\t<\/div>\n\t\t\t\t<\/div>\n\t\t\t\t<div class=\"elementor-element elementor-element-c719059 elementor-align-center elementor-widget elementor-widget-button\" data-id=\"c719059\" data-element_type=\"widget\" data-widget_type=\"button.default\">\n\t\t\t\t<div class=\"elementor-widget-container\">\n\t\t\t\t\t\t\t\t\t<div class=\"elementor-button-wrapper\">\n\t\t\t\t\t<a class=\"elementor-button elementor-button-link elementor-size-sm\" href=\"https:\/\/opnform.com\/forms\/formulario-de-testimonio-dprd8o-1\">\n\t\t\t\t\t\t<span class=\"elementor-button-content-wrapper\">\n\t\t\t\t\t\t\t\t\t<span class=\"elementor-button-text\">Envoyer mon t\u00e9moignage<\/span>\n\t\t\t\t\t<\/span>\n\t\t\t\t\t<\/a>\n\t\t\t\t<\/div>\n\t\t\t\t\t\t\t\t<\/div>\n\t\t\t\t<\/div>\n\t\t\t\t<div class=\"elementor-element elementor-element-0fcc4da elementor-widget elementor-widget-spacer\" data-id=\"0fcc4da\" data-element_type=\"widget\" data-widget_type=\"spacer.default\">\n\t\t\t\t<div class=\"elementor-widget-container\">\n\t\t\t\t\t\t\t<div class=\"elementor-spacer\">\n\t\t\t<div class=\"elementor-spacer-inner\"><\/div>\n\t\t<\/div>\n\t\t\t\t\t\t<\/div>\n\t\t\t\t<\/div>\n\t\t\t\t\t<\/div>\n\t\t<\/div>\n\t\t\t\t\t<\/div>\n\t\t<\/section>\n\t\t\t\t<\/div>\n\t\t","protected":false},"excerpt":{"rendered":"<p>Partagez votre t\u00e9moignage Votre exp\u00e9rience est importante pour nous et peut inspirer d&rsquo;autres personnes. Participez \u00e0 la nouvelle \u00e9dition du livre Sant\u00e9 interdite en incluant votre t\u00e9moignage. \u00a0 Comment participer: Informations personnelles: Nom et pr\u00e9nom: appara\u00eetront dans la version imprim\u00e9e du livre. Contact facultatif: partagez votre courriel, vos m\u00e9dias sociaux ou Telegram. Ces informations seront accessibles en format num\u00e9rique exclusivement afin que les lecteurs puissent vous contacter. Documentation d&rsquo;appui: Joindre des preuves graphiques ou des documents m\u00e9dicaux qui valident votre t\u00e9moignage. Ces \u00e9l\u00e9ments sont essentiels pour prouver la v\u00e9racit\u00e9 de votre histoire. D\u00e9taillez votre exp\u00e9rience:. Listez les am\u00e9liorations li\u00e9es aux conditions sp\u00e9cifi\u00e9es dans notre formulaire. D\u00e9lai : 28 mai 2024 . Votre histoire compte, aidez les autres en racontant comment vous avez surmont\u00e9 les probl\u00e8mes de sant\u00e9 li\u00e9s au dioxyde de chlore. \u00a0 Merci de votre pr\u00e9cieuse contribution. Andreas Kalcker Envoyer mon t\u00e9moignage<\/p>\n","protected":false},"author":1,"featured_media":0,"parent":0,"menu_order":0,"comment_status":"closed","ping_status":"closed","template":"","meta":{"footnotes":""},"class_list":["post-12649","page","type-page","status-publish"],"yoast_head":"<!-- This site is optimized with the Yoast SEO Premium plugin v22.2 (Yoast SEO v25.8) - https:\/\/yoast.com\/wordpress\/plugins\/seo\/ -->\n<title>T\u00e9moignages sur la nouvelle \u00e9dition du livre Salud Prohibida - Andreas Kalcker<\/title>\n<meta name=\"robots\" content=\"index, follow, max-snippet:-1, max-image-preview:large, max-video-preview:-1\" \/>\n<link rel=\"canonical\" href=\"https:\/\/andreaskalcker.com\/envio-de-testimonios-para-la-nueva-edicion-del-libro-salud-prohibida\/\" \/>\n<meta property=\"og:locale\" content=\"fr_FR\" \/>\n<meta property=\"og:type\" content=\"article\" \/>\n<meta property=\"og:title\" content=\"T\u00e9moignages sur la nouvelle \u00e9dition du livre Salud Prohibida\" \/>\n<meta property=\"og:description\" content=\"Partagez votre t\u00e9moignage Votre exp\u00e9rience est importante pour nous et peut inspirer d&rsquo;autres personnes. Participez \u00e0 la nouvelle \u00e9dition du livre Sant\u00e9 interdite en incluant votre t\u00e9moignage. \u00a0 Comment participer: Informations personnelles: Nom et pr\u00e9nom: appara\u00eetront dans la version imprim\u00e9e du livre. Contact facultatif: partagez votre courriel, vos m\u00e9dias sociaux ou Telegram. Ces informations seront accessibles en format num\u00e9rique exclusivement afin que les lecteurs puissent vous contacter. Documentation d&rsquo;appui: Joindre des preuves graphiques ou des documents m\u00e9dicaux qui valident votre t\u00e9moignage. Ces \u00e9l\u00e9ments sont essentiels pour prouver la v\u00e9racit\u00e9 de votre histoire. D\u00e9taillez votre exp\u00e9rience:. Listez les am\u00e9liorations li\u00e9es aux conditions sp\u00e9cifi\u00e9es dans notre formulaire. D\u00e9lai : 28 mai 2024 . Votre histoire compte, aidez les autres en racontant comment vous avez surmont\u00e9 les probl\u00e8mes de sant\u00e9 li\u00e9s au dioxyde de chlore. \u00a0 Merci de votre pr\u00e9cieuse contribution. Andreas Kalcker Envoyer mon t\u00e9moignage\" \/>\n<meta property=\"og:url\" content=\"https:\/\/andreaskalcker.com\/envio-de-testimonios-para-la-nueva-edicion-del-libro-salud-prohibida\/\" \/>\n<meta property=\"og:site_name\" content=\"Andreas Kalcker\" \/>\n<meta property=\"article:modified_time\" content=\"2024-05-14T05:53:53+00:00\" \/>\n<meta name=\"twitter:card\" content=\"summary_large_image\" \/>\n<meta name=\"twitter:label1\" content=\"Dur\u00e9e de lecture estim\u00e9e\" \/>\n\t<meta name=\"twitter:data1\" content=\"1 minute\" \/>\n<script type=\"application\/ld+json\" class=\"yoast-schema-graph\">{\"@context\":\"https:\/\/schema.org\",\"@graph\":[{\"@type\":\"WebPage\",\"@id\":\"https:\/\/andreaskalcker.com\/envio-de-testimonios-para-la-nueva-edicion-del-libro-salud-prohibida\/\",\"url\":\"https:\/\/andreaskalcker.com\/envio-de-testimonios-para-la-nueva-edicion-del-libro-salud-prohibida\/\",\"name\":\"T\u00e9moignages sur la nouvelle \u00e9dition du livre Salud Prohibida - Andreas Kalcker\",\"isPartOf\":{\"@id\":\"https:\/\/andreaskalcker.com\/#website\"},\"datePublished\":\"2024-05-13T18:49:41+00:00\",\"dateModified\":\"2024-05-14T05:53:53+00:00\",\"breadcrumb\":{\"@id\":\"https:\/\/andreaskalcker.com\/envio-de-testimonios-para-la-nueva-edicion-del-libro-salud-prohibida\/#breadcrumb\"},\"inLanguage\":\"fr-FR\",\"potentialAction\":[{\"@type\":\"ReadAction\",\"target\":[\"https:\/\/andreaskalcker.com\/envio-de-testimonios-para-la-nueva-edicion-del-libro-salud-prohibida\/\"]}]},{\"@type\":\"BreadcrumbList\",\"@id\":\"https:\/\/andreaskalcker.com\/envio-de-testimonios-para-la-nueva-edicion-del-libro-salud-prohibida\/#breadcrumb\",\"itemListElement\":[{\"@type\":\"ListItem\",\"position\":1,\"name\":\"Portada\",\"item\":\"https:\/\/andreaskalcker.com\/\"},{\"@type\":\"ListItem\",\"position\":2,\"name\":\"T\u00e9moignages sur la nouvelle \u00e9dition du livre Salud Prohibida\"}]},{\"@type\":\"WebSite\",\"@id\":\"https:\/\/andreaskalcker.com\/#website\",\"url\":\"https:\/\/andreaskalcker.com\/\",\"name\":\"Andreas Kalcker\",\"description\":\"Official website\",\"potentialAction\":[{\"@type\":\"SearchAction\",\"target\":{\"@type\":\"EntryPoint\",\"urlTemplate\":\"https:\/\/andreaskalcker.com\/?s={search_term_string}\"},\"query-input\":{\"@type\":\"PropertyValueSpecification\",\"valueRequired\":true,\"valueName\":\"search_term_string\"}}],\"inLanguage\":\"fr-FR\"}]}<\/script>\n<!-- \/ Yoast SEO Premium plugin. -->","yoast_head_json":{"title":"T\u00e9moignages sur la nouvelle \u00e9dition du livre Salud Prohibida - Andreas Kalcker","robots":{"index":"index","follow":"follow","max-snippet":"max-snippet:-1","max-image-preview":"max-image-preview:large","max-video-preview":"max-video-preview:-1"},"canonical":"https:\/\/andreaskalcker.com\/envio-de-testimonios-para-la-nueva-edicion-del-libro-salud-prohibida\/","og_locale":"fr_FR","og_type":"article","og_title":"T\u00e9moignages sur la nouvelle \u00e9dition du livre Salud Prohibida","og_description":"Partagez votre t\u00e9moignage Votre exp\u00e9rience est importante pour nous et peut inspirer d&rsquo;autres personnes. Participez \u00e0 la nouvelle \u00e9dition du livre Sant\u00e9 interdite en incluant votre t\u00e9moignage. \u00a0 Comment participer: Informations personnelles: Nom et pr\u00e9nom: appara\u00eetront dans la version imprim\u00e9e du livre. Contact facultatif: partagez votre courriel, vos m\u00e9dias sociaux ou Telegram. Ces informations seront accessibles en format num\u00e9rique exclusivement afin que les lecteurs puissent vous contacter. Documentation d&rsquo;appui: Joindre des preuves graphiques ou des documents m\u00e9dicaux qui valident votre t\u00e9moignage. Ces \u00e9l\u00e9ments sont essentiels pour prouver la v\u00e9racit\u00e9 de votre histoire. D\u00e9taillez votre exp\u00e9rience:. Listez les am\u00e9liorations li\u00e9es aux conditions sp\u00e9cifi\u00e9es dans notre formulaire. D\u00e9lai : 28 mai 2024 . Votre histoire compte, aidez les autres en racontant comment vous avez surmont\u00e9 les probl\u00e8mes de sant\u00e9 li\u00e9s au dioxyde de chlore. \u00a0 Merci de votre pr\u00e9cieuse contribution. Andreas Kalcker Envoyer mon t\u00e9moignage","og_url":"https:\/\/andreaskalcker.com\/envio-de-testimonios-para-la-nueva-edicion-del-libro-salud-prohibida\/","og_site_name":"Andreas Kalcker","article_modified_time":"2024-05-14T05:53:53+00:00","twitter_card":"summary_large_image","twitter_misc":{"Dur\u00e9e de lecture estim\u00e9e":"1 minute"},"schema":{"@context":"https:\/\/schema.org","@graph":[{"@type":"WebPage","@id":"https:\/\/andreaskalcker.com\/envio-de-testimonios-para-la-nueva-edicion-del-libro-salud-prohibida\/","url":"https:\/\/andreaskalcker.com\/envio-de-testimonios-para-la-nueva-edicion-del-libro-salud-prohibida\/","name":"T\u00e9moignages sur la nouvelle \u00e9dition du livre Salud Prohibida - Andreas Kalcker","isPartOf":{"@id":"https:\/\/andreaskalcker.com\/#website"},"datePublished":"2024-05-13T18:49:41+00:00","dateModified":"2024-05-14T05:53:53+00:00","breadcrumb":{"@id":"https:\/\/andreaskalcker.com\/envio-de-testimonios-para-la-nueva-edicion-del-libro-salud-prohibida\/#breadcrumb"},"inLanguage":"fr-FR","potentialAction":[{"@type":"ReadAction","target":["https:\/\/andreaskalcker.com\/envio-de-testimonios-para-la-nueva-edicion-del-libro-salud-prohibida\/"]}]},{"@type":"BreadcrumbList","@id":"https:\/\/andreaskalcker.com\/envio-de-testimonios-para-la-nueva-edicion-del-libro-salud-prohibida\/#breadcrumb","itemListElement":[{"@type":"ListItem","position":1,"name":"Portada","item":"https:\/\/andreaskalcker.com\/"},{"@type":"ListItem","position":2,"name":"T\u00e9moignages sur la nouvelle \u00e9dition du livre Salud Prohibida"}]},{"@type":"WebSite","@id":"https:\/\/andreaskalcker.com\/#website","url":"https:\/\/andreaskalcker.com\/","name":"Andreas Kalcker","description":"Official website","potentialAction":[{"@type":"SearchAction","target":{"@type":"EntryPoint","urlTemplate":"https:\/\/andreaskalcker.com\/?s={search_term_string}"},"query-input":{"@type":"PropertyValueSpecification","valueRequired":true,"valueName":"search_term_string"}}],"inLanguage":"fr-FR"}]}},"_links":{"self":[{"href":"https:\/\/andreaskalcker.com\/fr\/wp-json\/wp\/v2\/pages\/12649","targetHints":{"allow":["GET"]}}],"collection":[{"href":"https:\/\/andreaskalcker.com\/fr\/wp-json\/wp\/v2\/pages"}],"about":[{"href":"https:\/\/andreaskalcker.com\/fr\/wp-json\/wp\/v2\/types\/page"}],"author":[{"embeddable":true,"href":"https:\/\/andreaskalcker.com\/fr\/wp-json\/wp\/v2\/users\/1"}],"replies":[{"embeddable":true,"href":"https:\/\/andreaskalcker.com\/fr\/wp-json\/wp\/v2\/comments?post=12649"}],"version-history":[{"count":0,"href":"https:\/\/andreaskalcker.com\/fr\/wp-json\/wp\/v2\/pages\/12649\/revisions"}],"wp:attachment":[{"href":"https:\/\/andreaskalcker.com\/fr\/wp-json\/wp\/v2\/media?parent=12649"}],"curies":[{"name":"wp","href":"https:\/\/api.w.org\/{rel}","templated":true}]}}