{"id":12844,"date":"2023-08-02T14:27:18","date_gmt":"2023-08-02T12:27:18","guid":{"rendered":"https:\/\/andreaskalcker.com\/pourquoi-tombons-nous-malades\/"},"modified":"2024-06-19T00:43:38","modified_gmt":"2024-06-18T22:43:38","slug":"pourquoi-tombons-nous-malades","status":"publish","type":"page","link":"https:\/\/andreaskalcker.com\/fr\/pourquoi-tombons-nous-malades\/","title":{"rendered":"Pourquoi tombons-nous malades ?"},"content":{"rendered":"\t\t<div data-elementor-type=\"wp-page\" data-elementor-id=\"12844\" class=\"elementor elementor-12844 elementor-574\" data-elementor-post-type=\"page\">\n\t\t\t\t\t\t<section class=\"elementor-section elementor-top-section elementor-element elementor-element-3d90fc36 elementor-section-boxed elementor-section-height-default elementor-section-height-default wpr-particle-no wpr-jarallax-no wpr-parallax-no wpr-sticky-section-no\" data-id=\"3d90fc36\" data-element_type=\"section\" data-settings=\"{&quot;background_background&quot;:&quot;classic&quot;,&quot;background_motion_fx_motion_fx_scrolling&quot;:&quot;yes&quot;,&quot;background_motion_fx_motion_fx_mouse&quot;:&quot;yes&quot;,&quot;background_motion_fx_mouseTrack_effect&quot;:&quot;yes&quot;,&quot;background_motion_fx_devices&quot;:[&quot;desktop&quot;,&quot;tablet&quot;,&quot;mobile&quot;],&quot;background_motion_fx_mouseTrack_speed&quot;:{&quot;unit&quot;:&quot;px&quot;,&quot;size&quot;:1,&quot;sizes&quot;:[]}}\">\n\t\t\t\t\t\t<div class=\"elementor-container elementor-column-gap-default\">\n\t\t\t\t\t<div class=\"elementor-column elementor-col-100 elementor-top-column elementor-element elementor-element-1da7f1c2\" data-id=\"1da7f1c2\" data-element_type=\"column\">\n\t\t\t<div class=\"elementor-widget-wrap elementor-element-populated\">\n\t\t\t\t\t\t<div class=\"elementor-element elementor-element-6e4ae46a elementor-widget elementor-widget-heading\" data-id=\"6e4ae46a\" data-element_type=\"widget\" data-widget_type=\"heading.default\">\n\t\t\t\t<div class=\"elementor-widget-container\">\n\t\t\t\t\t<h2 class=\"elementor-heading-title elementor-size-default\">Pourquoi tombons-nous malades ?<\/h2>\t\t\t\t<\/div>\n\t\t\t\t<\/div>\n\t\t\t\t\t<\/div>\n\t\t<\/div>\n\t\t\t\t\t<\/div>\n\t\t<\/section>\n\t\t\t\t<section class=\"elementor-section elementor-top-section elementor-element elementor-element-e7b2d76 elementor-section-content-middle elementor-section-boxed elementor-section-height-default elementor-section-height-default wpr-particle-no wpr-jarallax-no wpr-parallax-no wpr-sticky-section-no\" data-id=\"e7b2d76\" data-element_type=\"section\">\n\t\t\t\t\t\t<div class=\"elementor-container elementor-column-gap-default\">\n\t\t\t\t\t<div class=\"elementor-column elementor-col-100 elementor-top-column elementor-element elementor-element-5a849b5\" data-id=\"5a849b5\" data-element_type=\"column\">\n\t\t\t<div class=\"elementor-widget-wrap elementor-element-populated\">\n\t\t\t\t\t\t<div class=\"elementor-element elementor-element-2c9875b elementor-widget elementor-widget-text-editor\" data-id=\"2c9875b\" data-element_type=\"widget\" data-widget_type=\"text-editor.default\">\n\t\t\t\t<div class=\"elementor-widget-container\">\n\t\t\t\t\t\t\t\t\t<p><strong>Toutes les maladies ont un point commun : la maladie est un manque d&rsquo;\u00e9nergie.<br><\/strong><span style=\"font-size: inherit; font-family: -apple-system, system-ui, BlinkMacSystemFont, 'Segoe UI', Helvetica, Arial, sans-serif, 'Apple Color Emoji', 'Segoe UI Emoji', 'Segoe UI Symbol';\"><br>La maladie est le r\u00e9sultat d&rsquo;un d\u00e9s\u00e9quilibre dans l&rsquo;\u00e9tat de sant\u00e9 d&rsquo;une personne. On consid\u00e8re qu&rsquo;il y a maladie lorsque l&rsquo;organisme humain subit une d\u00e9gradation dans son fonctionnement. Dans toutes les maladies, on observe un affaiblissement du syst\u00e8me de d\u00e9fense naturel de l&rsquo;organisme qui t\u00e9moigne d&rsquo;un mauvais \u00e9tat de sant\u00e9. Lorsque l&rsquo;organisme ne dispose pas de l&rsquo;\u00e9nergie n\u00e9cessaire pour fonctionner correctement, il en r\u00e9sulte un d\u00e9s\u00e9quilibre qui conduit \u00e0 l&rsquo;apparition de l&rsquo;\u00e9tat pathologique.<br><br><\/span><strong>C&rsquo;est donc le manque d&rsquo;\u00e9nergie qui nous rend malades.<br><br><\/strong>Cela am\u00e8ne \u00e0 la question suivante : comment g\u00e9n\u00e9rons-nous de l&rsquo;\u00e9nergie dans notre corps ?<br><br>Notre corps obtient principalement son \u00e9nergie \u00e0 travers la combustion. Nous br\u00fblons des sucres, des graisses et des prot\u00e9ines provenant des aliments pour obtenir de l&rsquo;\u00e9nergie. La combustion des calories est essentielle pour obtenir de l&rsquo;\u00e9nergie. Mais il n&rsquo;y a pas que le combustible qui est important, il y a aussi un autre facteur qui l&rsquo;est tout autant, voire plus : l&rsquo;oxyg\u00e8ne.<br><br><strong>Toute combustion n\u00e9cessite de l&rsquo;oxyg\u00e8ne, car sans lui, il n&rsquo;y a pas de flamme.<br><br><\/strong>Ce simple fait n&rsquo;est souvent pas suffisamment pris en compte dans la recherche biochimique. La combustion est responsable de la production de la chaleur et de l&rsquo;\u00e9nergie n\u00e9cessaires au fonctionnement du corps humain, en m\u00eame temps qu&rsquo;elle g\u00e9n\u00e8re de l&rsquo;\u00e9lectricit\u00e9, qui est l&rsquo;essence de l&rsquo;\u00e9nergie vitale.<br><br>La seule diff\u00e9rence entre un corps vivant et un corps mort est l&rsquo;absence d&rsquo;\u00e9lectricit\u00e9. Nous sommes des \u00eatres \u00e9nerg\u00e9tiques \u00e9lectriques d\u00e9pendant d&rsquo;un corps qui obtient son \u00e9nergie optimale par combustion biochimique.<br><br>Le dioxyde de chlore fournit de l&rsquo;oxyg\u00e8ne biodisponible et augmente la charge des \u00e9rythrocytes, ce qui est clairement visible dans une gazom\u00e9trie veineuse apr\u00e8s une perfusion intraveineuse. Ces analyses scientifiques montrent que le dioxyde de chlore se dissocie dans le s\u00e9rum sanguin, lib\u00e9rant de l&rsquo;oxyg\u00e8ne biodisponible au niveau mol\u00e9culaire.<\/p>\t\t\t\t\t\t\t\t<\/div>\n\t\t\t\t<\/div>\n\t\t\t\t<div class=\"elementor-element elementor-element-75fdb2b elementor-widget elementor-widget-image\" data-id=\"75fdb2b\" data-element_type=\"widget\" data-widget_type=\"image.default\">\n\t\t\t\t<div class=\"elementor-widget-container\">\n\t\t\t\t\t\t\t\t\t\t\t\t<figure class=\"wp-caption\">\n\t\t\t\t\t\t\t\t\t\t\t<a href=\"https:\/\/andreaskalcker.com\/wp-content\/uploads\/2023\/08\/descarga-1.png\" data-elementor-open-lightbox=\"yes\" data-elementor-lightbox-title=\"descarga\" data-e-action-hash=\"#elementor-action%3Aaction%3Dlightbox%26settings%3DeyJpZCI6MTIwOTksInVybCI6Imh0dHBzOlwvXC9hbmRyZWFza2FsY2tlci5jb21cL3dwLWNvbnRlbnRcL3VwbG9hZHNcLzIwMjNcLzA4XC9kZXNjYXJnYS0xLnBuZyJ9\">\n\t\t\t\t\t\t\t<img fetchpriority=\"high\" decoding=\"async\" width=\"769\" height=\"650\" src=\"https:\/\/andreaskalcker.com\/wp-content\/uploads\/2023\/08\/descarga-1.png\" class=\"attachment-large size-large wp-image-12099\" alt=\"\" srcset=\"https:\/\/andreaskalcker.com\/wp-content\/uploads\/2023\/08\/descarga-1.png 769w, https:\/\/andreaskalcker.com\/wp-content\/uploads\/2023\/08\/descarga-1-300x254.png 300w\" sizes=\"(max-width: 769px) 100vw, 769px\" \/>\t\t\t\t\t\t\t\t<\/a>\n\t\t\t\t\t\t\t\t\t\t\t<figcaption class=\"widget-image-caption wp-caption-text\">FIGURE 1 : Avant, apr\u00e8s une heure et apr\u00e8s 4 heures de perfusion de 5 ml dans 500 ml de solution saline.<\/figcaption>\n\t\t\t\t\t\t\t\t\t\t<\/figure>\n\t\t\t\t\t\t\t\t\t<\/div>\n\t\t\t\t<\/div>\n\t\t\t\t\t<\/div>\n\t\t<\/div>\n\t\t\t\t\t<\/div>\n\t\t<\/section>\n\t\t\t\t<section class=\"elementor-section elementor-top-section elementor-element elementor-element-2612b229 elementor-section-boxed elementor-section-height-default elementor-section-height-default wpr-particle-no wpr-jarallax-no wpr-parallax-no wpr-sticky-section-no\" data-id=\"2612b229\" data-element_type=\"section\">\n\t\t\t\t\t\t<div class=\"elementor-container elementor-column-gap-default\">\n\t\t\t\t\t<div class=\"elementor-column elementor-col-50 elementor-top-column elementor-element elementor-element-3171b8de\" data-id=\"3171b8de\" data-element_type=\"column\">\n\t\t\t<div class=\"elementor-widget-wrap elementor-element-populated\">\n\t\t\t\t\t\t<div class=\"elementor-element elementor-element-3d3ea67f elementor-mobile-align-justify elementor-widget-mobile__width-inherit elementor-align-justify elementor-widget elementor-widget-button\" data-id=\"3d3ea67f\" data-element_type=\"widget\" data-widget_type=\"button.default\">\n\t\t\t\t<div class=\"elementor-widget-container\">\n\t\t\t\t\t\t\t\t\t<div class=\"elementor-button-wrapper\">\n\t\t\t\t\t<a class=\"elementor-button elementor-button-link elementor-size-xl\" href=\"https:\/\/andreaskalcker.com\/medicina-electromolecular\/\">\n\t\t\t\t\t\t<span class=\"elementor-button-content-wrapper\">\n\t\t\t\t\t\t<span class=\"elementor-button-icon\">\n\t\t\t\t<svg aria-hidden=\"true\" class=\"e-font-icon-svg e-far-arrow-alt-circle-left\" viewBox=\"0 0 512 512\" xmlns=\"http:\/\/www.w3.org\/2000\/svg\"><path d=\"M8 256c0 137 111 248 248 248s248-111 248-248S393 8 256 8 8 119 8 256zm448 0c0 110.5-89.5 200-200 200S56 366.5 56 256 145.5 56 256 56s200 89.5 200 200zm-72-20v40c0 6.6-5.4 12-12 12H256v67c0 10.7-12.9 16-20.5 8.5l-99-99c-4.7-4.7-4.7-12.3 0-17l99-99c7.6-7.6 20.5-2.2 20.5 8.5v67h116c6.6 0 12 5.4 12 12z\"><\/path><\/svg>\t\t\t<\/span>\n\t\t\t\t\t\t\t\t\t<span class=\"elementor-button-text\">M\u00e9decine \u00c9lectromol\u00e9culaire<\/span>\n\t\t\t\t\t<\/span>\n\t\t\t\t\t<\/a>\n\t\t\t\t<\/div>\n\t\t\t\t\t\t\t\t<\/div>\n\t\t\t\t<\/div>\n\t\t\t\t\t<\/div>\n\t\t<\/div>\n\t\t\t\t<div class=\"elementor-column elementor-col-50 elementor-top-column elementor-element elementor-element-2754b49f\" data-id=\"2754b49f\" data-element_type=\"column\">\n\t\t\t<div class=\"elementor-widget-wrap elementor-element-populated\">\n\t\t\t\t\t\t<div class=\"elementor-element elementor-element-1fe45f29 elementor-mobile-align-justify elementor-widget-mobile__width-inherit elementor-align-justify elementor-widget elementor-widget-button\" data-id=\"1fe45f29\" data-element_type=\"widget\" data-widget_type=\"button.default\">\n\t\t\t\t<div class=\"elementor-widget-container\">\n\t\t\t\t\t\t\t\t\t<div class=\"elementor-button-wrapper\">\n\t\t\t\t\t<a class=\"elementor-button elementor-button-link elementor-size-xl\" href=\"https:\/\/andreaskalcker.com\/energia-vital\/\">\n\t\t\t\t\t\t<span class=\"elementor-button-content-wrapper\">\n\t\t\t\t\t\t<span class=\"elementor-button-icon\">\n\t\t\t\t<svg aria-hidden=\"true\" class=\"e-font-icon-svg e-far-arrow-alt-circle-right\" viewBox=\"0 0 512 512\" xmlns=\"http:\/\/www.w3.org\/2000\/svg\"><path d=\"M504 256C504 119 393 8 256 8S8 119 8 256s111 248 248 248 248-111 248-248zm-448 0c0-110.5 89.5-200 200-200s200 89.5 200 200-89.5 200-200 200S56 366.5 56 256zm72 20v-40c0-6.6 5.4-12 12-12h116v-67c0-10.7 12.9-16 20.5-8.5l99 99c4.7 4.7 4.7 12.3 0 17l-99 99c-7.6 7.6-20.5 2.2-20.5-8.5v-67H140c-6.6 0-12-5.4-12-12z\"><\/path><\/svg>\t\t\t<\/span>\n\t\t\t\t\t\t\t\t\t<span class=\"elementor-button-text\">\u00c9nergie vitale<\/span>\n\t\t\t\t\t<\/span>\n\t\t\t\t\t<\/a>\n\t\t\t\t<\/div>\n\t\t\t\t\t\t\t\t<\/div>\n\t\t\t\t<\/div>\n\t\t\t\t\t<\/div>\n\t\t<\/div>\n\t\t\t\t\t<\/div>\n\t\t<\/section>\n\t\t\t\t<\/div>\n\t\t","protected":false},"excerpt":{"rendered":"<p>Pourquoi tombons-nous malades ? Toutes les maladies ont un point commun : la maladie est un manque d&rsquo;\u00e9nergie.La maladie est le r\u00e9sultat d&rsquo;un d\u00e9s\u00e9quilibre dans l&rsquo;\u00e9tat de sant\u00e9 d&rsquo;une personne. On consid\u00e8re qu&rsquo;il y a maladie lorsque l&rsquo;organisme humain subit une d\u00e9gradation dans son fonctionnement. Dans toutes les maladies, on observe un affaiblissement du syst\u00e8me de d\u00e9fense naturel de l&rsquo;organisme qui t\u00e9moigne d&rsquo;un mauvais \u00e9tat de sant\u00e9. Lorsque l&rsquo;organisme ne dispose pas de l&rsquo;\u00e9nergie n\u00e9cessaire pour fonctionner correctement, il en r\u00e9sulte un d\u00e9s\u00e9quilibre qui conduit \u00e0 l&rsquo;apparition de l&rsquo;\u00e9tat pathologique. C&rsquo;est donc le manque d&rsquo;\u00e9nergie qui nous rend malades. Cela am\u00e8ne \u00e0 la question suivante : comment g\u00e9n\u00e9rons-nous de l&rsquo;\u00e9nergie dans notre corps ? Notre corps obtient principalement son \u00e9nergie \u00e0 travers la combustion. Nous br\u00fblons des sucres, des graisses et des prot\u00e9ines provenant des aliments pour obtenir de l&rsquo;\u00e9nergie. La combustion des calories est essentielle pour obtenir de l&rsquo;\u00e9nergie. Mais il n&rsquo;y a pas que le combustible qui est important, il y a aussi un autre facteur qui l&rsquo;est tout autant, voire plus : l&rsquo;oxyg\u00e8ne. Toute combustion n\u00e9cessite de l&rsquo;oxyg\u00e8ne, car sans lui, il n&rsquo;y a pas de flamme. Ce simple fait n&rsquo;est souvent pas suffisamment pris en compte dans la recherche biochimique. La combustion est responsable de la production de la chaleur et de l&rsquo;\u00e9nergie n\u00e9cessaires au fonctionnement du corps humain, en m\u00eame temps qu&rsquo;elle g\u00e9n\u00e8re de l&rsquo;\u00e9lectricit\u00e9, qui est l&rsquo;essence de l&rsquo;\u00e9nergie vitale. La seule diff\u00e9rence entre un corps vivant et un corps mort est l&rsquo;absence d&rsquo;\u00e9lectricit\u00e9. Nous sommes des \u00eatres \u00e9nerg\u00e9tiques \u00e9lectriques d\u00e9pendant d&rsquo;un corps qui obtient son \u00e9nergie optimale par combustion biochimique. Le dioxyde de chlore fournit de l&rsquo;oxyg\u00e8ne biodisponible et augmente la charge des \u00e9rythrocytes, ce qui est clairement visible dans une gazom\u00e9trie veineuse apr\u00e8s une perfusion intraveineuse. Ces analyses scientifiques montrent que le dioxyde de chlore se dissocie dans le s\u00e9rum sanguin, lib\u00e9rant de l&rsquo;oxyg\u00e8ne biodisponible au niveau mol\u00e9culaire. FIGURE 1 : Avant, apr\u00e8s une heure et apr\u00e8s 4 heures de perfusion de 5 ml dans 500 ml de solution saline. M\u00e9decine \u00c9lectromol\u00e9culaire \u00c9nergie vitale<\/p>\n","protected":false},"author":1,"featured_media":0,"parent":0,"menu_order":0,"comment_status":"closed","ping_status":"closed","template":"","meta":{"footnotes":""},"class_list":["post-12844","page","type-page","status-publish"],"yoast_head":"<!-- This site is optimized with the Yoast SEO Premium plugin v22.2 (Yoast SEO v25.8) - https:\/\/yoast.com\/wordpress\/plugins\/seo\/ -->\n<title>Pourquoi tombons-nous malades ? - Andreas Kalcker<\/title>\n<meta name=\"robots\" content=\"index, follow, max-snippet:-1, max-image-preview:large, max-video-preview:-1\" \/>\n<link rel=\"canonical\" href=\"https:\/\/andreaskalcker.com\/fr\/pourquoi-tombons-nous-malades\/\" \/>\n<meta property=\"og:locale\" content=\"fr_FR\" \/>\n<meta property=\"og:type\" content=\"article\" \/>\n<meta property=\"og:title\" content=\"Pourquoi tombons-nous malades ?\" \/>\n<meta property=\"og:description\" content=\"Pourquoi tombons-nous malades ? Toutes les maladies ont un point commun : la maladie est un manque d&rsquo;\u00e9nergie.La maladie est le r\u00e9sultat d&rsquo;un d\u00e9s\u00e9quilibre dans l&rsquo;\u00e9tat de sant\u00e9 d&rsquo;une personne. On consid\u00e8re qu&rsquo;il y a maladie lorsque l&rsquo;organisme humain subit une d\u00e9gradation dans son fonctionnement. Dans toutes les maladies, on observe un affaiblissement du syst\u00e8me de d\u00e9fense naturel de l&rsquo;organisme qui t\u00e9moigne d&rsquo;un mauvais \u00e9tat de sant\u00e9. Lorsque l&rsquo;organisme ne dispose pas de l&rsquo;\u00e9nergie n\u00e9cessaire pour fonctionner correctement, il en r\u00e9sulte un d\u00e9s\u00e9quilibre qui conduit \u00e0 l&rsquo;apparition de l&rsquo;\u00e9tat pathologique. C&rsquo;est donc le manque d&rsquo;\u00e9nergie qui nous rend malades. Cela am\u00e8ne \u00e0 la question suivante : comment g\u00e9n\u00e9rons-nous de l&rsquo;\u00e9nergie dans notre corps ? Notre corps obtient principalement son \u00e9nergie \u00e0 travers la combustion. Nous br\u00fblons des sucres, des graisses et des prot\u00e9ines provenant des aliments pour obtenir de l&rsquo;\u00e9nergie. La combustion des calories est essentielle pour obtenir de l&rsquo;\u00e9nergie. Mais il n&rsquo;y a pas que le combustible qui est important, il y a aussi un autre facteur qui l&rsquo;est tout autant, voire plus : l&rsquo;oxyg\u00e8ne. Toute combustion n\u00e9cessite de l&rsquo;oxyg\u00e8ne, car sans lui, il n&rsquo;y a pas de flamme. Ce simple fait n&rsquo;est souvent pas suffisamment pris en compte dans la recherche biochimique. La combustion est responsable de la production de la chaleur et de l&rsquo;\u00e9nergie n\u00e9cessaires au fonctionnement du corps humain, en m\u00eame temps qu&rsquo;elle g\u00e9n\u00e8re de l&rsquo;\u00e9lectricit\u00e9, qui est l&rsquo;essence de l&rsquo;\u00e9nergie vitale. La seule diff\u00e9rence entre un corps vivant et un corps mort est l&rsquo;absence d&rsquo;\u00e9lectricit\u00e9. Nous sommes des \u00eatres \u00e9nerg\u00e9tiques \u00e9lectriques d\u00e9pendant d&rsquo;un corps qui obtient son \u00e9nergie optimale par combustion biochimique. Le dioxyde de chlore fournit de l&rsquo;oxyg\u00e8ne biodisponible et augmente la charge des \u00e9rythrocytes, ce qui est clairement visible dans une gazom\u00e9trie veineuse apr\u00e8s une perfusion intraveineuse. Ces analyses scientifiques montrent que le dioxyde de chlore se dissocie dans le s\u00e9rum sanguin, lib\u00e9rant de l&rsquo;oxyg\u00e8ne biodisponible au niveau mol\u00e9culaire. FIGURE 1 : Avant, apr\u00e8s une heure et apr\u00e8s 4 heures de perfusion de 5 ml dans 500 ml de solution saline. M\u00e9decine \u00c9lectromol\u00e9culaire \u00c9nergie vitale\" \/>\n<meta property=\"og:url\" content=\"https:\/\/andreaskalcker.com\/fr\/pourquoi-tombons-nous-malades\/\" \/>\n<meta property=\"og:site_name\" content=\"Andreas Kalcker\" \/>\n<meta property=\"article:modified_time\" content=\"2024-06-18T22:43:38+00:00\" \/>\n<meta property=\"og:image\" content=\"https:\/\/andreaskalcker.com\/wp-content\/uploads\/2023\/08\/descarga-1.png\" \/>\n<meta name=\"twitter:card\" content=\"summary_large_image\" \/>\n<meta name=\"twitter:label1\" content=\"Dur\u00e9e de lecture estim\u00e9e\" \/>\n\t<meta name=\"twitter:data1\" content=\"2 minutes\" \/>\n<script type=\"application\/ld+json\" class=\"yoast-schema-graph\">{\"@context\":\"https:\/\/schema.org\",\"@graph\":[{\"@type\":\"WebPage\",\"@id\":\"https:\/\/andreaskalcker.com\/fr\/pourquoi-tombons-nous-malades\/\",\"url\":\"https:\/\/andreaskalcker.com\/fr\/pourquoi-tombons-nous-malades\/\",\"name\":\"Pourquoi tombons-nous malades ? - Andreas Kalcker\",\"isPartOf\":{\"@id\":\"https:\/\/andreaskalcker.com\/#website\"},\"primaryImageOfPage\":{\"@id\":\"https:\/\/andreaskalcker.com\/fr\/pourquoi-tombons-nous-malades\/#primaryimage\"},\"image\":{\"@id\":\"https:\/\/andreaskalcker.com\/fr\/pourquoi-tombons-nous-malades\/#primaryimage\"},\"thumbnailUrl\":\"https:\/\/andreaskalcker.com\/wp-content\/uploads\/2023\/08\/descarga-1.png\",\"datePublished\":\"2023-08-02T12:27:18+00:00\",\"dateModified\":\"2024-06-18T22:43:38+00:00\",\"breadcrumb\":{\"@id\":\"https:\/\/andreaskalcker.com\/fr\/pourquoi-tombons-nous-malades\/#breadcrumb\"},\"inLanguage\":\"fr-FR\",\"potentialAction\":[{\"@type\":\"ReadAction\",\"target\":[\"https:\/\/andreaskalcker.com\/fr\/pourquoi-tombons-nous-malades\/\"]}]},{\"@type\":\"ImageObject\",\"inLanguage\":\"fr-FR\",\"@id\":\"https:\/\/andreaskalcker.com\/fr\/pourquoi-tombons-nous-malades\/#primaryimage\",\"url\":\"https:\/\/andreaskalcker.com\/wp-content\/uploads\/2023\/08\/descarga-1.png\",\"contentUrl\":\"https:\/\/andreaskalcker.com\/wp-content\/uploads\/2023\/08\/descarga-1.png\"},{\"@type\":\"BreadcrumbList\",\"@id\":\"https:\/\/andreaskalcker.com\/fr\/pourquoi-tombons-nous-malades\/#breadcrumb\",\"itemListElement\":[{\"@type\":\"ListItem\",\"position\":1,\"name\":\"Portada\",\"item\":\"https:\/\/andreaskalcker.com\/\"},{\"@type\":\"ListItem\",\"position\":2,\"name\":\"Pourquoi tombons-nous malades ?\"}]},{\"@type\":\"WebSite\",\"@id\":\"https:\/\/andreaskalcker.com\/#website\",\"url\":\"https:\/\/andreaskalcker.com\/\",\"name\":\"Andreas Kalcker\",\"description\":\"Official website\",\"potentialAction\":[{\"@type\":\"SearchAction\",\"target\":{\"@type\":\"EntryPoint\",\"urlTemplate\":\"https:\/\/andreaskalcker.com\/?s={search_term_string}\"},\"query-input\":{\"@type\":\"PropertyValueSpecification\",\"valueRequired\":true,\"valueName\":\"search_term_string\"}}],\"inLanguage\":\"fr-FR\"}]}<\/script>\n<!-- \/ Yoast SEO Premium plugin. -->","yoast_head_json":{"title":"Pourquoi tombons-nous malades ? - Andreas Kalcker","robots":{"index":"index","follow":"follow","max-snippet":"max-snippet:-1","max-image-preview":"max-image-preview:large","max-video-preview":"max-video-preview:-1"},"canonical":"https:\/\/andreaskalcker.com\/fr\/pourquoi-tombons-nous-malades\/","og_locale":"fr_FR","og_type":"article","og_title":"Pourquoi tombons-nous malades ?","og_description":"Pourquoi tombons-nous malades ? Toutes les maladies ont un point commun : la maladie est un manque d&rsquo;\u00e9nergie.La maladie est le r\u00e9sultat d&rsquo;un d\u00e9s\u00e9quilibre dans l&rsquo;\u00e9tat de sant\u00e9 d&rsquo;une personne. On consid\u00e8re qu&rsquo;il y a maladie lorsque l&rsquo;organisme humain subit une d\u00e9gradation dans son fonctionnement. Dans toutes les maladies, on observe un affaiblissement du syst\u00e8me de d\u00e9fense naturel de l&rsquo;organisme qui t\u00e9moigne d&rsquo;un mauvais \u00e9tat de sant\u00e9. Lorsque l&rsquo;organisme ne dispose pas de l&rsquo;\u00e9nergie n\u00e9cessaire pour fonctionner correctement, il en r\u00e9sulte un d\u00e9s\u00e9quilibre qui conduit \u00e0 l&rsquo;apparition de l&rsquo;\u00e9tat pathologique. C&rsquo;est donc le manque d&rsquo;\u00e9nergie qui nous rend malades. Cela am\u00e8ne \u00e0 la question suivante : comment g\u00e9n\u00e9rons-nous de l&rsquo;\u00e9nergie dans notre corps ? Notre corps obtient principalement son \u00e9nergie \u00e0 travers la combustion. Nous br\u00fblons des sucres, des graisses et des prot\u00e9ines provenant des aliments pour obtenir de l&rsquo;\u00e9nergie. La combustion des calories est essentielle pour obtenir de l&rsquo;\u00e9nergie. Mais il n&rsquo;y a pas que le combustible qui est important, il y a aussi un autre facteur qui l&rsquo;est tout autant, voire plus : l&rsquo;oxyg\u00e8ne. Toute combustion n\u00e9cessite de l&rsquo;oxyg\u00e8ne, car sans lui, il n&rsquo;y a pas de flamme. Ce simple fait n&rsquo;est souvent pas suffisamment pris en compte dans la recherche biochimique. La combustion est responsable de la production de la chaleur et de l&rsquo;\u00e9nergie n\u00e9cessaires au fonctionnement du corps humain, en m\u00eame temps qu&rsquo;elle g\u00e9n\u00e8re de l&rsquo;\u00e9lectricit\u00e9, qui est l&rsquo;essence de l&rsquo;\u00e9nergie vitale. La seule diff\u00e9rence entre un corps vivant et un corps mort est l&rsquo;absence d&rsquo;\u00e9lectricit\u00e9. Nous sommes des \u00eatres \u00e9nerg\u00e9tiques \u00e9lectriques d\u00e9pendant d&rsquo;un corps qui obtient son \u00e9nergie optimale par combustion biochimique. Le dioxyde de chlore fournit de l&rsquo;oxyg\u00e8ne biodisponible et augmente la charge des \u00e9rythrocytes, ce qui est clairement visible dans une gazom\u00e9trie veineuse apr\u00e8s une perfusion intraveineuse. Ces analyses scientifiques montrent que le dioxyde de chlore se dissocie dans le s\u00e9rum sanguin, lib\u00e9rant de l&rsquo;oxyg\u00e8ne biodisponible au niveau mol\u00e9culaire. FIGURE 1 : Avant, apr\u00e8s une heure et apr\u00e8s 4 heures de perfusion de 5 ml dans 500 ml de solution saline. M\u00e9decine \u00c9lectromol\u00e9culaire \u00c9nergie vitale","og_url":"https:\/\/andreaskalcker.com\/fr\/pourquoi-tombons-nous-malades\/","og_site_name":"Andreas Kalcker","article_modified_time":"2024-06-18T22:43:38+00:00","og_image":[{"url":"https:\/\/andreaskalcker.com\/wp-content\/uploads\/2023\/08\/descarga-1.png","type":"","width":"","height":""}],"twitter_card":"summary_large_image","twitter_misc":{"Dur\u00e9e de lecture estim\u00e9e":"2 minutes"},"schema":{"@context":"https:\/\/schema.org","@graph":[{"@type":"WebPage","@id":"https:\/\/andreaskalcker.com\/fr\/pourquoi-tombons-nous-malades\/","url":"https:\/\/andreaskalcker.com\/fr\/pourquoi-tombons-nous-malades\/","name":"Pourquoi tombons-nous malades ? - Andreas Kalcker","isPartOf":{"@id":"https:\/\/andreaskalcker.com\/#website"},"primaryImageOfPage":{"@id":"https:\/\/andreaskalcker.com\/fr\/pourquoi-tombons-nous-malades\/#primaryimage"},"image":{"@id":"https:\/\/andreaskalcker.com\/fr\/pourquoi-tombons-nous-malades\/#primaryimage"},"thumbnailUrl":"https:\/\/andreaskalcker.com\/wp-content\/uploads\/2023\/08\/descarga-1.png","datePublished":"2023-08-02T12:27:18+00:00","dateModified":"2024-06-18T22:43:38+00:00","breadcrumb":{"@id":"https:\/\/andreaskalcker.com\/fr\/pourquoi-tombons-nous-malades\/#breadcrumb"},"inLanguage":"fr-FR","potentialAction":[{"@type":"ReadAction","target":["https:\/\/andreaskalcker.com\/fr\/pourquoi-tombons-nous-malades\/"]}]},{"@type":"ImageObject","inLanguage":"fr-FR","@id":"https:\/\/andreaskalcker.com\/fr\/pourquoi-tombons-nous-malades\/#primaryimage","url":"https:\/\/andreaskalcker.com\/wp-content\/uploads\/2023\/08\/descarga-1.png","contentUrl":"https:\/\/andreaskalcker.com\/wp-content\/uploads\/2023\/08\/descarga-1.png"},{"@type":"BreadcrumbList","@id":"https:\/\/andreaskalcker.com\/fr\/pourquoi-tombons-nous-malades\/#breadcrumb","itemListElement":[{"@type":"ListItem","position":1,"name":"Portada","item":"https:\/\/andreaskalcker.com\/"},{"@type":"ListItem","position":2,"name":"Pourquoi tombons-nous malades ?"}]},{"@type":"WebSite","@id":"https:\/\/andreaskalcker.com\/#website","url":"https:\/\/andreaskalcker.com\/","name":"Andreas Kalcker","description":"Official website","potentialAction":[{"@type":"SearchAction","target":{"@type":"EntryPoint","urlTemplate":"https:\/\/andreaskalcker.com\/?s={search_term_string}"},"query-input":{"@type":"PropertyValueSpecification","valueRequired":true,"valueName":"search_term_string"}}],"inLanguage":"fr-FR"}]}},"_links":{"self":[{"href":"https:\/\/andreaskalcker.com\/fr\/wp-json\/wp\/v2\/pages\/12844","targetHints":{"allow":["GET"]}}],"collection":[{"href":"https:\/\/andreaskalcker.com\/fr\/wp-json\/wp\/v2\/pages"}],"about":[{"href":"https:\/\/andreaskalcker.com\/fr\/wp-json\/wp\/v2\/types\/page"}],"author":[{"embeddable":true,"href":"https:\/\/andreaskalcker.com\/fr\/wp-json\/wp\/v2\/users\/1"}],"replies":[{"embeddable":true,"href":"https:\/\/andreaskalcker.com\/fr\/wp-json\/wp\/v2\/comments?post=12844"}],"version-history":[{"count":0,"href":"https:\/\/andreaskalcker.com\/fr\/wp-json\/wp\/v2\/pages\/12844\/revisions"}],"wp:attachment":[{"href":"https:\/\/andreaskalcker.com\/fr\/wp-json\/wp\/v2\/media?parent=12844"}],"curies":[{"name":"wp","href":"https:\/\/api.w.org\/{rel}","templated":true}]}}