{"id":13838,"date":"2023-07-17T19:29:41","date_gmt":"2023-07-17T17:29:41","guid":{"rendered":"https:\/\/andreaskalcker.com\/exemple-de-page\/"},"modified":"2025-02-17T11:13:42","modified_gmt":"2025-02-17T10:13:42","slug":"exemple-de-page","status":"publish","type":"page","link":"https:\/\/andreaskalcker.com\/fr\/exemple-de-page\/","title":{"rendered":"Exemple de page"},"content":{"rendered":"\n<p>Il s&rsquo;agit d&rsquo;une page d&rsquo;exemple. Il est diff\u00e9rent d&rsquo;un article de blog car il reste \u00e0 un seul endroit et appara\u00eet dans la navigation de votre site (dans la plupart des th\u00e8mes). La plupart des gens commencent par une page \u00ab\u00a0\u00c0 propos\u00a0\u00bb qui les pr\u00e9sente aux visiteurs potentiels du site. Vous pourriez dire quelque chose comme ceci :<\/p>\n\n<blockquote class=\"wp-block-quote is-layout-flow wp-block-quote-is-layout-flow\"><p>Salut ! Je suis serveur le jour, acteur en herbe la nuit, et voici mon site web. J&rsquo;habite \u00e0 Mairena del Alcor, j&rsquo;ai un chien qui s&rsquo;appelle Firulais et j&rsquo;aime le rebujito. (Et de longs apr\u00e8s-midi avec du caf\u00e9).<\/p><\/blockquote>\n\n<p>&#8230;ou quelque chose comme \u00e7a :<\/p>\n\n<blockquote class=\"wp-block-quote is-layout-flow wp-block-quote-is-layout-flow\"><p>L&rsquo;entreprise \u00ab\u00a0Mariscos Recio\u00a0\u00bb a \u00e9t\u00e9 fond\u00e9e par Antonio Recio Mata. Au d\u00e9part, il s&rsquo;agissait d&rsquo;une petite entreprise qui fournissait des fruits de mer aux h\u00f4tels et aux restaurants, mais elle s&rsquo;est progressivement transform\u00e9e en un immense empire. Mariscos Recio, la mer au meilleur prix.<\/p><\/blockquote>\n\n<p>En tant que nouvel utilisateur de WordPress, vous devez vous rendre <a href=\"https:\/\/andreaskalcker.com\/wp-admin\/\">\u00e0 l&rsquo;adresse suivante<\/a> pour supprimer cette page et cr\u00e9er de nouvelles pages pour votre contenu Passe-le bien !<\/p>\n","protected":false},"excerpt":{"rendered":"<p>Il s&rsquo;agit d&rsquo;une page d&rsquo;exemple. Il est diff\u00e9rent d&rsquo;un article de blog car il reste \u00e0 un seul endroit et appara\u00eet dans la navigation de votre site (dans la plupart des th\u00e8mes). La plupart des gens commencent par une page \u00ab\u00a0\u00c0 propos\u00a0\u00bb qui les pr\u00e9sente aux visiteurs potentiels du site. Vous pourriez dire quelque chose comme ceci : Salut ! Je suis serveur le jour, acteur en herbe la nuit, et voici mon site web. J&rsquo;habite \u00e0 Mairena del Alcor, j&rsquo;ai un chien qui s&rsquo;appelle Firulais et j&rsquo;aime le rebujito. (Et de longs apr\u00e8s-midi avec du caf\u00e9). &#8230;ou quelque chose comme \u00e7a : L&rsquo;entreprise \u00ab\u00a0Mariscos Recio\u00a0\u00bb a \u00e9t\u00e9 fond\u00e9e par Antonio Recio Mata. Au d\u00e9part, il s&rsquo;agissait d&rsquo;une petite entreprise qui fournissait des fruits de mer aux h\u00f4tels et aux restaurants, mais elle s&rsquo;est progressivement transform\u00e9e en un immense empire. Mariscos Recio, la mer au meilleur prix. En tant que nouvel utilisateur de WordPress, vous devez vous rendre \u00e0 l&rsquo;adresse suivante pour supprimer cette page et cr\u00e9er de nouvelles pages pour votre contenu Passe-le bien !<\/p>\n","protected":false},"author":1,"featured_media":0,"parent":0,"menu_order":0,"comment_status":"closed","ping_status":"open","template":"","meta":{"footnotes":""},"class_list":["post-13838","page","type-page","status-publish"],"yoast_head":"<!-- This site is optimized with the Yoast SEO Premium plugin v22.2 (Yoast SEO v25.8) - https:\/\/yoast.com\/wordpress\/plugins\/seo\/ -->\n<title>Exemple de page - Andreas Kalcker<\/title>\n<meta name=\"robots\" content=\"index, follow, max-snippet:-1, max-image-preview:large, max-video-preview:-1\" \/>\n<link rel=\"canonical\" href=\"https:\/\/andreaskalcker.com\/pagina-ejemplo\/\" \/>\n<meta property=\"og:locale\" content=\"fr_FR\" \/>\n<meta property=\"og:type\" content=\"article\" \/>\n<meta property=\"og:title\" content=\"Exemple de page\" \/>\n<meta property=\"og:description\" content=\"Il s&rsquo;agit d&rsquo;une page d&rsquo;exemple. Il est diff\u00e9rent d&rsquo;un article de blog car il reste \u00e0 un seul endroit et appara\u00eet dans la navigation de votre site (dans la plupart des th\u00e8mes). La plupart des gens commencent par une page \u00ab\u00a0\u00c0 propos\u00a0\u00bb qui les pr\u00e9sente aux visiteurs potentiels du site. Vous pourriez dire quelque chose comme ceci : Salut ! Je suis serveur le jour, acteur en herbe la nuit, et voici mon site web. J&rsquo;habite \u00e0 Mairena del Alcor, j&rsquo;ai un chien qui s&rsquo;appelle Firulais et j&rsquo;aime le rebujito. (Et de longs apr\u00e8s-midi avec du caf\u00e9). &#8230;ou quelque chose comme \u00e7a : L&rsquo;entreprise \u00ab\u00a0Mariscos Recio\u00a0\u00bb a \u00e9t\u00e9 fond\u00e9e par Antonio Recio Mata. Au d\u00e9part, il s&rsquo;agissait d&rsquo;une petite entreprise qui fournissait des fruits de mer aux h\u00f4tels et aux restaurants, mais elle s&rsquo;est progressivement transform\u00e9e en un immense empire. Mariscos Recio, la mer au meilleur prix. En tant que nouvel utilisateur de WordPress, vous devez vous rendre \u00e0 l&rsquo;adresse suivante pour supprimer cette page et cr\u00e9er de nouvelles pages pour votre contenu Passe-le bien !\" \/>\n<meta property=\"og:url\" content=\"https:\/\/andreaskalcker.com\/pagina-ejemplo\/\" \/>\n<meta property=\"og:site_name\" content=\"Andreas Kalcker\" \/>\n<meta property=\"article:modified_time\" content=\"2025-02-17T10:13:42+00:00\" \/>\n<meta name=\"twitter:card\" content=\"summary_large_image\" \/>\n<meta name=\"twitter:label1\" content=\"Dur\u00e9e de lecture estim\u00e9e\" \/>\n\t<meta name=\"twitter:data1\" content=\"1 minute\" \/>\n<script type=\"application\/ld+json\" class=\"yoast-schema-graph\">{\"@context\":\"https:\/\/schema.org\",\"@graph\":[{\"@type\":\"WebPage\",\"@id\":\"https:\/\/andreaskalcker.com\/pagina-ejemplo\/\",\"url\":\"https:\/\/andreaskalcker.com\/pagina-ejemplo\/\",\"name\":\"Exemple de page - Andreas Kalcker\",\"isPartOf\":{\"@id\":\"https:\/\/andreaskalcker.com\/#website\"},\"datePublished\":\"2023-07-17T17:29:41+00:00\",\"dateModified\":\"2025-02-17T10:13:42+00:00\",\"breadcrumb\":{\"@id\":\"https:\/\/andreaskalcker.com\/pagina-ejemplo\/#breadcrumb\"},\"inLanguage\":\"fr-FR\",\"potentialAction\":[{\"@type\":\"ReadAction\",\"target\":[\"https:\/\/andreaskalcker.com\/pagina-ejemplo\/\"]}]},{\"@type\":\"BreadcrumbList\",\"@id\":\"https:\/\/andreaskalcker.com\/pagina-ejemplo\/#breadcrumb\",\"itemListElement\":[{\"@type\":\"ListItem\",\"position\":1,\"name\":\"Portada\",\"item\":\"https:\/\/andreaskalcker.com\/\"},{\"@type\":\"ListItem\",\"position\":2,\"name\":\"Exemple de page\"}]},{\"@type\":\"WebSite\",\"@id\":\"https:\/\/andreaskalcker.com\/#website\",\"url\":\"https:\/\/andreaskalcker.com\/\",\"name\":\"Andreas Kalcker\",\"description\":\"Official website\",\"potentialAction\":[{\"@type\":\"SearchAction\",\"target\":{\"@type\":\"EntryPoint\",\"urlTemplate\":\"https:\/\/andreaskalcker.com\/?s={search_term_string}\"},\"query-input\":{\"@type\":\"PropertyValueSpecification\",\"valueRequired\":true,\"valueName\":\"search_term_string\"}}],\"inLanguage\":\"fr-FR\"}]}<\/script>\n<!-- \/ Yoast SEO Premium plugin. -->","yoast_head_json":{"title":"Exemple de page - Andreas Kalcker","robots":{"index":"index","follow":"follow","max-snippet":"max-snippet:-1","max-image-preview":"max-image-preview:large","max-video-preview":"max-video-preview:-1"},"canonical":"https:\/\/andreaskalcker.com\/pagina-ejemplo\/","og_locale":"fr_FR","og_type":"article","og_title":"Exemple de page","og_description":"Il s&rsquo;agit d&rsquo;une page d&rsquo;exemple. Il est diff\u00e9rent d&rsquo;un article de blog car il reste \u00e0 un seul endroit et appara\u00eet dans la navigation de votre site (dans la plupart des th\u00e8mes). La plupart des gens commencent par une page \u00ab\u00a0\u00c0 propos\u00a0\u00bb qui les pr\u00e9sente aux visiteurs potentiels du site. Vous pourriez dire quelque chose comme ceci : Salut ! Je suis serveur le jour, acteur en herbe la nuit, et voici mon site web. J&rsquo;habite \u00e0 Mairena del Alcor, j&rsquo;ai un chien qui s&rsquo;appelle Firulais et j&rsquo;aime le rebujito. (Et de longs apr\u00e8s-midi avec du caf\u00e9). &#8230;ou quelque chose comme \u00e7a : L&rsquo;entreprise \u00ab\u00a0Mariscos Recio\u00a0\u00bb a \u00e9t\u00e9 fond\u00e9e par Antonio Recio Mata. Au d\u00e9part, il s&rsquo;agissait d&rsquo;une petite entreprise qui fournissait des fruits de mer aux h\u00f4tels et aux restaurants, mais elle s&rsquo;est progressivement transform\u00e9e en un immense empire. Mariscos Recio, la mer au meilleur prix. En tant que nouvel utilisateur de WordPress, vous devez vous rendre \u00e0 l&rsquo;adresse suivante pour supprimer cette page et cr\u00e9er de nouvelles pages pour votre contenu Passe-le bien !","og_url":"https:\/\/andreaskalcker.com\/pagina-ejemplo\/","og_site_name":"Andreas Kalcker","article_modified_time":"2025-02-17T10:13:42+00:00","twitter_card":"summary_large_image","twitter_misc":{"Dur\u00e9e de lecture estim\u00e9e":"1 minute"},"schema":{"@context":"https:\/\/schema.org","@graph":[{"@type":"WebPage","@id":"https:\/\/andreaskalcker.com\/pagina-ejemplo\/","url":"https:\/\/andreaskalcker.com\/pagina-ejemplo\/","name":"Exemple de page - Andreas Kalcker","isPartOf":{"@id":"https:\/\/andreaskalcker.com\/#website"},"datePublished":"2023-07-17T17:29:41+00:00","dateModified":"2025-02-17T10:13:42+00:00","breadcrumb":{"@id":"https:\/\/andreaskalcker.com\/pagina-ejemplo\/#breadcrumb"},"inLanguage":"fr-FR","potentialAction":[{"@type":"ReadAction","target":["https:\/\/andreaskalcker.com\/pagina-ejemplo\/"]}]},{"@type":"BreadcrumbList","@id":"https:\/\/andreaskalcker.com\/pagina-ejemplo\/#breadcrumb","itemListElement":[{"@type":"ListItem","position":1,"name":"Portada","item":"https:\/\/andreaskalcker.com\/"},{"@type":"ListItem","position":2,"name":"Exemple de page"}]},{"@type":"WebSite","@id":"https:\/\/andreaskalcker.com\/#website","url":"https:\/\/andreaskalcker.com\/","name":"Andreas Kalcker","description":"Official website","potentialAction":[{"@type":"SearchAction","target":{"@type":"EntryPoint","urlTemplate":"https:\/\/andreaskalcker.com\/?s={search_term_string}"},"query-input":{"@type":"PropertyValueSpecification","valueRequired":true,"valueName":"search_term_string"}}],"inLanguage":"fr-FR"}]}},"_links":{"self":[{"href":"https:\/\/andreaskalcker.com\/fr\/wp-json\/wp\/v2\/pages\/13838","targetHints":{"allow":["GET"]}}],"collection":[{"href":"https:\/\/andreaskalcker.com\/fr\/wp-json\/wp\/v2\/pages"}],"about":[{"href":"https:\/\/andreaskalcker.com\/fr\/wp-json\/wp\/v2\/types\/page"}],"author":[{"embeddable":true,"href":"https:\/\/andreaskalcker.com\/fr\/wp-json\/wp\/v2\/users\/1"}],"replies":[{"embeddable":true,"href":"https:\/\/andreaskalcker.com\/fr\/wp-json\/wp\/v2\/comments?post=13838"}],"version-history":[{"count":0,"href":"https:\/\/andreaskalcker.com\/fr\/wp-json\/wp\/v2\/pages\/13838\/revisions"}],"wp:attachment":[{"href":"https:\/\/andreaskalcker.com\/fr\/wp-json\/wp\/v2\/media?parent=13838"}],"curies":[{"name":"wp","href":"https:\/\/api.w.org\/{rel}","templated":true}]}}