{"id":13938,"date":"2023-07-17T20:26:34","date_gmt":"2023-07-17T18:26:34","guid":{"rendered":"https:\/\/andreaskalcker.com\/cours-de-base\/"},"modified":"2025-02-17T11:21:45","modified_gmt":"2025-02-17T10:21:45","slug":"cours-de-base","status":"publish","type":"page","link":"https:\/\/andreaskalcker.com\/fr\/cours-de-base\/","title":{"rendered":"Cours de base"},"content":{"rendered":"\t\t<div data-elementor-type=\"wp-page\" data-elementor-id=\"13938\" class=\"elementor elementor-13938 elementor-82\" data-elementor-post-type=\"page\">\n\t\t\t\t\t\t<section class=\"elementor-section elementor-top-section elementor-element elementor-element-5d5a602 elementor-section-boxed elementor-section-height-default elementor-section-height-default wpr-particle-no wpr-jarallax-no wpr-parallax-no wpr-sticky-section-no\" data-id=\"5d5a602\" data-element_type=\"section\" data-settings=\"{&quot;background_background&quot;:&quot;classic&quot;,&quot;background_motion_fx_motion_fx_scrolling&quot;:&quot;yes&quot;,&quot;background_motion_fx_motion_fx_mouse&quot;:&quot;yes&quot;,&quot;background_motion_fx_mouseTrack_effect&quot;:&quot;yes&quot;,&quot;background_motion_fx_devices&quot;:[&quot;desktop&quot;,&quot;tablet&quot;,&quot;mobile&quot;],&quot;background_motion_fx_mouseTrack_speed&quot;:{&quot;unit&quot;:&quot;px&quot;,&quot;size&quot;:1,&quot;sizes&quot;:[]}}\">\n\t\t\t\t\t\t<div class=\"elementor-container elementor-column-gap-default\">\n\t\t\t\t\t<div class=\"elementor-column elementor-col-100 elementor-top-column elementor-element elementor-element-1d0a22a5\" data-id=\"1d0a22a5\" data-element_type=\"column\">\n\t\t\t<div class=\"elementor-widget-wrap elementor-element-populated\">\n\t\t\t\t\t\t<div class=\"elementor-element elementor-element-2205598a elementor-widget elementor-widget-heading\" data-id=\"2205598a\" data-element_type=\"widget\" data-widget_type=\"heading.default\">\n\t\t\t\t<div class=\"elementor-widget-container\">\n\t\t\t\t\t<h2 class=\"elementor-heading-title elementor-size-default\">Cours de base<\/h2>\t\t\t\t<\/div>\n\t\t\t\t<\/div>\n\t\t\t\t<div class=\"elementor-element elementor-element-44f36a8 elementor-widget elementor-widget-heading\" data-id=\"44f36a8\" data-element_type=\"widget\" data-widget_type=\"heading.default\">\n\t\t\t\t<div class=\"elementor-widget-container\">\n\t\t\t\t\t<h5 class=\"elementor-heading-title elementor-size-default\">Biophysique naturelle<\/h5>\t\t\t\t<\/div>\n\t\t\t\t<\/div>\n\t\t\t\t\t<\/div>\n\t\t<\/div>\n\t\t\t\t\t<\/div>\n\t\t<\/section>\n\t\t\t\t<section class=\"elementor-section elementor-top-section elementor-element elementor-element-c91bb2d elementor-section-boxed elementor-section-height-default elementor-section-height-default wpr-particle-no wpr-jarallax-no wpr-parallax-no wpr-sticky-section-no\" data-id=\"c91bb2d\" data-element_type=\"section\">\n\t\t\t\t\t\t<div class=\"elementor-container elementor-column-gap-default\">\n\t\t\t\t\t<div class=\"elementor-column elementor-col-100 elementor-top-column elementor-element elementor-element-7a4450f\" data-id=\"7a4450f\" data-element_type=\"column\">\n\t\t\t<div class=\"elementor-widget-wrap elementor-element-populated\">\n\t\t\t\t\t\t<div class=\"elementor-element elementor-element-790e580 elementor-widget elementor-widget-image\" data-id=\"790e580\" data-element_type=\"widget\" data-widget_type=\"image.default\">\n\t\t\t\t<div class=\"elementor-widget-container\">\n\t\t\t\t\t\t\t\t\t\t\t\t\t\t\t<img decoding=\"async\" src=\"https:\/\/andreaskalcker.com\/wp-content\/uploads\/elementor\/thumbs\/IMG_6aa5698c64464c6c9c2a22f3e9853961-1-re9njydbbn0672hw6ofasyw3asjjku7wrj8qc0asqo.png\" title=\"IMG_6aa5698c64464c6c9c2a22f3e9853961.png\" alt=\"IMG_6aa5698c64464c6c9c2a22f3e9853961.png\" loading=\"lazy\" \/>\t\t\t\t\t\t\t\t\t\t\t\t\t\t\t<\/div>\n\t\t\t\t<\/div>\n\t\t\t\t<div class=\"elementor-element elementor-element-e38d9ac elementor-widget elementor-widget-text-editor\" data-id=\"e38d9ac\" data-element_type=\"widget\" data-widget_type=\"text-editor.default\">\n\t\t\t\t<div class=\"elementor-widget-container\">\n\t\t\t\t\t\t\t\t\t<p>Il s&rsquo;agit du premier cours de base de notre formation en ligne. Nous l&rsquo;avons con\u00e7u pour qu&rsquo;il soit aussi simple que possible afin que chacun puisse apprendre les bases : ce qu&rsquo;est le dioxyde de chlore et comment il fonctionne, ainsi que la mani\u00e8re de le fabriquer et de l&rsquo;utiliser en toute s\u00e9curit\u00e9 \u00e0 la maison. Notre intention est de partager avec tout le monde les informations que nous avons obtenues apr\u00e8s plus de 10 ans de recherche, de cas de personnes qui ont \u00e9t\u00e9 expuls\u00e9es, sans aucune solution m\u00e9dicale, et qui ont eu le courage de prendre le contr\u00f4le de leur propre vie et de la changer pour toujours.<\/p><p> <\/p><p><strong>Ces informations sont trop pr\u00e9cieuses pour \u00eatre cach\u00e9es<\/strong>, C&rsquo;est pourquoi nous avons d\u00e9cid\u00e9 de faire un pas en avant en faveur de la libert\u00e9 de chacun, afin que tous puissent prendre leurs propres d\u00e9cisions et savoir que, malgr\u00e9 ce qu&rsquo;ils nous disent, il existe des alternatives. <\/p><p><span style=\"color: var( --e-global-color-3a0c7dc ); background-color: var(--base-3);\">Ce cours est d\u00e9di\u00e9 aux curieux insatiables qui sont toujours \u00e0 la recherche de quelque chose de nouveau, aux anticonformistes qui ne se contentent pas de croire tout ce qu&rsquo;on leur dit, aux sceptiques qui ont besoin de v\u00e9rifier les choses par eux-m\u00eames pour cr\u00e9er leur propre v\u00e9rit\u00e9, \u00e0 toutes ces personnes \u00e0 qui la \u00ab\u00a0science de la v\u00e9rit\u00e9\u00a0\u00bb autoproclam\u00e9e a dit qu&rsquo;il n&rsquo;y avait pas de solution \u00e0 leur probl\u00e8me et qui ont d\u00e9cid\u00e9 de ne pas abandonner&#8230; bref, \u00e0 tous ceux qui ont le courage de prendre leur vie en main et de dire : <\/span><strong style=\"color: var( --e-global-color-3a0c7dc ); background-color: var(--base-3);\">\u00a1maintenant c&rsquo;est moi qui d\u00e9cide!<\/strong><span style=\"color: var( --e-global-color-3a0c7dc ); background-color: var(--base-3);\"> <\/span><\/p><p><span style=\"color: var( --e-global-color-3a0c7dc ); background-color: var(--base-3);\"> <\/span><\/p><p>Acc\u00e9dez au cours de base propos\u00e9 par l&rsquo;Institut de biophysique naturelle, o\u00f9 vous apprendrez \u00e0 utiliser le dioxyde de chlore.<\/p><p>Il est important de disposer de ces connaissances pour ceux qui souhaitent obtenir des informations de premi\u00e8re main et actualis\u00e9es sur le CDS.<\/p>\t\t\t\t\t\t\t\t<\/div>\n\t\t\t\t<\/div>\n\t\t\t\t<div class=\"elementor-element elementor-element-9815e03 elementor-mobile-align-justify elementor-widget-mobile__width-inherit elementor-align-center elementor-widget elementor-widget-button\" data-id=\"9815e03\" data-element_type=\"widget\" data-widget_type=\"button.default\">\n\t\t\t\t<div class=\"elementor-widget-container\">\n\t\t\t\t\t\t\t\t\t<div class=\"elementor-button-wrapper\">\n\t\t\t\t\t<a class=\"elementor-button elementor-button-link elementor-size-md\" href=\"https:\/\/elopage.com\/epl\/QThFH1_UQokmTRqk1Ha9\" target=\"_blank\">\n\t\t\t\t\t\t<span class=\"elementor-button-content-wrapper\">\n\t\t\t\t\t\t\t\t\t<span class=\"elementor-button-text\">Acc\u00e8s aux cours de base<\/span>\n\t\t\t\t\t<\/span>\n\t\t\t\t\t<\/a>\n\t\t\t\t<\/div>\n\t\t\t\t\t\t\t\t<\/div>\n\t\t\t\t<\/div>\n\t\t\t\t\t<\/div>\n\t\t<\/div>\n\t\t\t\t\t<\/div>\n\t\t<\/section>\n\t\t\t\t<\/div>\n\t\t","protected":false},"excerpt":{"rendered":"<p>Biophysique naturelle Il s&rsquo;agit du premier cours de base de notre formation en ligne. Nous l&rsquo;avons con\u00e7u pour qu&rsquo;il soit aussi simple que possible afin que chacun puisse apprendre les bases : ce qu&rsquo;est le dioxyde de chlore et comment il fonctionne, ainsi que la mani\u00e8re de le fabriquer et de l&rsquo;utiliser en toute s\u00e9curit\u00e9 \u00e0 la maison. Notre intention est de partager avec tout le monde les informations que nous avons obtenues apr\u00e8s plus de 10 ans de recherche, de cas de personnes qui ont \u00e9t\u00e9 expuls\u00e9es, sans aucune solution m\u00e9dicale, et qui ont eu le courage de prendre le contr\u00f4le de leur propre vie et de la changer pour toujours. Ces informations sont trop pr\u00e9cieuses pour \u00eatre cach\u00e9es, C&rsquo;est pourquoi nous avons d\u00e9cid\u00e9 de faire un pas en avant en faveur de la libert\u00e9 de chacun, afin que tous puissent prendre leurs propres d\u00e9cisions et savoir que, malgr\u00e9 ce qu&rsquo;ils nous disent, il existe des alternatives. Ce cours est d\u00e9di\u00e9 aux curieux insatiables qui sont toujours \u00e0 la recherche de quelque chose de nouveau, aux anticonformistes qui ne se contentent pas de croire tout ce qu&rsquo;on leur dit, aux sceptiques qui ont besoin de v\u00e9rifier les choses par eux-m\u00eames pour cr\u00e9er leur propre v\u00e9rit\u00e9, \u00e0 toutes ces personnes \u00e0 qui la \u00ab\u00a0science de la v\u00e9rit\u00e9\u00a0\u00bb autoproclam\u00e9e a dit qu&rsquo;il n&rsquo;y avait pas de solution \u00e0 leur probl\u00e8me et qui ont d\u00e9cid\u00e9 de ne pas abandonner&#8230; bref, \u00e0 tous ceux qui ont le courage de prendre leur vie en main et de dire : \u00a1maintenant c&rsquo;est moi qui d\u00e9cide! Acc\u00e9dez au cours de base propos\u00e9 par l&rsquo;Institut de biophysique naturelle, o\u00f9 vous apprendrez \u00e0 utiliser le dioxyde de chlore. Il est important de disposer de ces connaissances pour ceux qui souhaitent obtenir des informations de premi\u00e8re main et actualis\u00e9es sur le CDS. Acc\u00e8s aux cours de base<\/p>\n","protected":false},"author":1,"featured_media":0,"parent":0,"menu_order":0,"comment_status":"closed","ping_status":"closed","template":"","meta":{"footnotes":""},"class_list":["post-13938","page","type-page","status-publish"],"yoast_head":"<!-- This site is optimized with the Yoast SEO Premium plugin v22.2 (Yoast SEO v25.8) - https:\/\/yoast.com\/wordpress\/plugins\/seo\/ -->\n<title>Cours de base - Andreas Kalcker<\/title>\n<meta name=\"robots\" content=\"index, follow, max-snippet:-1, max-image-preview:large, max-video-preview:-1\" \/>\n<link rel=\"canonical\" href=\"https:\/\/andreaskalcker.com\/fr\/cours-de-base\/\" \/>\n<meta property=\"og:locale\" content=\"fr_FR\" \/>\n<meta property=\"og:type\" content=\"article\" \/>\n<meta property=\"og:title\" content=\"Cours de base\" \/>\n<meta property=\"og:description\" content=\"Biophysique naturelle Il s&rsquo;agit du premier cours de base de notre formation en ligne. Nous l&rsquo;avons con\u00e7u pour qu&rsquo;il soit aussi simple que possible afin que chacun puisse apprendre les bases : ce qu&rsquo;est le dioxyde de chlore et comment il fonctionne, ainsi que la mani\u00e8re de le fabriquer et de l&rsquo;utiliser en toute s\u00e9curit\u00e9 \u00e0 la maison. Notre intention est de partager avec tout le monde les informations que nous avons obtenues apr\u00e8s plus de 10 ans de recherche, de cas de personnes qui ont \u00e9t\u00e9 expuls\u00e9es, sans aucune solution m\u00e9dicale, et qui ont eu le courage de prendre le contr\u00f4le de leur propre vie et de la changer pour toujours. Ces informations sont trop pr\u00e9cieuses pour \u00eatre cach\u00e9es, C&rsquo;est pourquoi nous avons d\u00e9cid\u00e9 de faire un pas en avant en faveur de la libert\u00e9 de chacun, afin que tous puissent prendre leurs propres d\u00e9cisions et savoir que, malgr\u00e9 ce qu&rsquo;ils nous disent, il existe des alternatives. Ce cours est d\u00e9di\u00e9 aux curieux insatiables qui sont toujours \u00e0 la recherche de quelque chose de nouveau, aux anticonformistes qui ne se contentent pas de croire tout ce qu&rsquo;on leur dit, aux sceptiques qui ont besoin de v\u00e9rifier les choses par eux-m\u00eames pour cr\u00e9er leur propre v\u00e9rit\u00e9, \u00e0 toutes ces personnes \u00e0 qui la \u00ab\u00a0science de la v\u00e9rit\u00e9\u00a0\u00bb autoproclam\u00e9e a dit qu&rsquo;il n&rsquo;y avait pas de solution \u00e0 leur probl\u00e8me et qui ont d\u00e9cid\u00e9 de ne pas abandonner&#8230; bref, \u00e0 tous ceux qui ont le courage de prendre leur vie en main et de dire : \u00a1maintenant c&rsquo;est moi qui d\u00e9cide! Acc\u00e9dez au cours de base propos\u00e9 par l&rsquo;Institut de biophysique naturelle, o\u00f9 vous apprendrez \u00e0 utiliser le dioxyde de chlore. Il est important de disposer de ces connaissances pour ceux qui souhaitent obtenir des informations de premi\u00e8re main et actualis\u00e9es sur le CDS. Acc\u00e8s aux cours de base\" \/>\n<meta property=\"og:url\" content=\"https:\/\/andreaskalcker.com\/fr\/cours-de-base\/\" \/>\n<meta property=\"og:site_name\" content=\"Andreas Kalcker\" \/>\n<meta property=\"article:modified_time\" content=\"2025-02-17T10:21:45+00:00\" \/>\n<meta property=\"og:image\" content=\"https:\/\/andreaskalcker.com\/wp-content\/uploads\/elementor\/thumbs\/IMG_6aa5698c64464c6c9c2a22f3e9853961-1-ql5ym3732bns5t324w6aek4va0jkht66ko5u8qitj4.png\" \/>\n<meta name=\"twitter:card\" content=\"summary_large_image\" \/>\n<meta name=\"twitter:label1\" content=\"Dur\u00e9e de lecture estim\u00e9e\" \/>\n\t<meta name=\"twitter:data1\" content=\"2 minutes\" \/>\n<script type=\"application\/ld+json\" class=\"yoast-schema-graph\">{\"@context\":\"https:\/\/schema.org\",\"@graph\":[{\"@type\":\"WebPage\",\"@id\":\"https:\/\/andreaskalcker.com\/fr\/cours-de-base\/\",\"url\":\"https:\/\/andreaskalcker.com\/fr\/cours-de-base\/\",\"name\":\"Cours de base - Andreas Kalcker\",\"isPartOf\":{\"@id\":\"https:\/\/andreaskalcker.com\/#website\"},\"primaryImageOfPage\":{\"@id\":\"https:\/\/andreaskalcker.com\/fr\/cours-de-base\/#primaryimage\"},\"image\":{\"@id\":\"https:\/\/andreaskalcker.com\/fr\/cours-de-base\/#primaryimage\"},\"thumbnailUrl\":\"https:\/\/andreaskalcker.com\/wp-content\/uploads\/elementor\/thumbs\/IMG_6aa5698c64464c6c9c2a22f3e9853961-1-ql5ym3732bns5t324w6aek4va0jkht66ko5u8qitj4.png\",\"datePublished\":\"2023-07-17T18:26:34+00:00\",\"dateModified\":\"2025-02-17T10:21:45+00:00\",\"breadcrumb\":{\"@id\":\"https:\/\/andreaskalcker.com\/fr\/cours-de-base\/#breadcrumb\"},\"inLanguage\":\"fr-FR\",\"potentialAction\":[{\"@type\":\"ReadAction\",\"target\":[\"https:\/\/andreaskalcker.com\/fr\/cours-de-base\/\"]}]},{\"@type\":\"ImageObject\",\"inLanguage\":\"fr-FR\",\"@id\":\"https:\/\/andreaskalcker.com\/fr\/cours-de-base\/#primaryimage\",\"url\":\"https:\/\/andreaskalcker.com\/wp-content\/uploads\/elementor\/thumbs\/IMG_6aa5698c64464c6c9c2a22f3e9853961-1-ql5ym3732bns5t324w6aek4va0jkht66ko5u8qitj4.png\",\"contentUrl\":\"https:\/\/andreaskalcker.com\/wp-content\/uploads\/elementor\/thumbs\/IMG_6aa5698c64464c6c9c2a22f3e9853961-1-ql5ym3732bns5t324w6aek4va0jkht66ko5u8qitj4.png\"},{\"@type\":\"BreadcrumbList\",\"@id\":\"https:\/\/andreaskalcker.com\/fr\/cours-de-base\/#breadcrumb\",\"itemListElement\":[{\"@type\":\"ListItem\",\"position\":1,\"name\":\"Portada\",\"item\":\"https:\/\/andreaskalcker.com\/\"},{\"@type\":\"ListItem\",\"position\":2,\"name\":\"Cours de base\"}]},{\"@type\":\"WebSite\",\"@id\":\"https:\/\/andreaskalcker.com\/#website\",\"url\":\"https:\/\/andreaskalcker.com\/\",\"name\":\"Andreas Kalcker\",\"description\":\"Official website\",\"potentialAction\":[{\"@type\":\"SearchAction\",\"target\":{\"@type\":\"EntryPoint\",\"urlTemplate\":\"https:\/\/andreaskalcker.com\/?s={search_term_string}\"},\"query-input\":{\"@type\":\"PropertyValueSpecification\",\"valueRequired\":true,\"valueName\":\"search_term_string\"}}],\"inLanguage\":\"fr-FR\"}]}<\/script>\n<!-- \/ Yoast SEO Premium plugin. -->","yoast_head_json":{"title":"Cours de base - Andreas Kalcker","robots":{"index":"index","follow":"follow","max-snippet":"max-snippet:-1","max-image-preview":"max-image-preview:large","max-video-preview":"max-video-preview:-1"},"canonical":"https:\/\/andreaskalcker.com\/fr\/cours-de-base\/","og_locale":"fr_FR","og_type":"article","og_title":"Cours de base","og_description":"Biophysique naturelle Il s&rsquo;agit du premier cours de base de notre formation en ligne. Nous l&rsquo;avons con\u00e7u pour qu&rsquo;il soit aussi simple que possible afin que chacun puisse apprendre les bases : ce qu&rsquo;est le dioxyde de chlore et comment il fonctionne, ainsi que la mani\u00e8re de le fabriquer et de l&rsquo;utiliser en toute s\u00e9curit\u00e9 \u00e0 la maison. Notre intention est de partager avec tout le monde les informations que nous avons obtenues apr\u00e8s plus de 10 ans de recherche, de cas de personnes qui ont \u00e9t\u00e9 expuls\u00e9es, sans aucune solution m\u00e9dicale, et qui ont eu le courage de prendre le contr\u00f4le de leur propre vie et de la changer pour toujours. Ces informations sont trop pr\u00e9cieuses pour \u00eatre cach\u00e9es, C&rsquo;est pourquoi nous avons d\u00e9cid\u00e9 de faire un pas en avant en faveur de la libert\u00e9 de chacun, afin que tous puissent prendre leurs propres d\u00e9cisions et savoir que, malgr\u00e9 ce qu&rsquo;ils nous disent, il existe des alternatives. Ce cours est d\u00e9di\u00e9 aux curieux insatiables qui sont toujours \u00e0 la recherche de quelque chose de nouveau, aux anticonformistes qui ne se contentent pas de croire tout ce qu&rsquo;on leur dit, aux sceptiques qui ont besoin de v\u00e9rifier les choses par eux-m\u00eames pour cr\u00e9er leur propre v\u00e9rit\u00e9, \u00e0 toutes ces personnes \u00e0 qui la \u00ab\u00a0science de la v\u00e9rit\u00e9\u00a0\u00bb autoproclam\u00e9e a dit qu&rsquo;il n&rsquo;y avait pas de solution \u00e0 leur probl\u00e8me et qui ont d\u00e9cid\u00e9 de ne pas abandonner&#8230; bref, \u00e0 tous ceux qui ont le courage de prendre leur vie en main et de dire : \u00a1maintenant c&rsquo;est moi qui d\u00e9cide! Acc\u00e9dez au cours de base propos\u00e9 par l&rsquo;Institut de biophysique naturelle, o\u00f9 vous apprendrez \u00e0 utiliser le dioxyde de chlore. Il est important de disposer de ces connaissances pour ceux qui souhaitent obtenir des informations de premi\u00e8re main et actualis\u00e9es sur le CDS. Acc\u00e8s aux cours de base","og_url":"https:\/\/andreaskalcker.com\/fr\/cours-de-base\/","og_site_name":"Andreas Kalcker","article_modified_time":"2025-02-17T10:21:45+00:00","og_image":[{"url":"https:\/\/andreaskalcker.com\/wp-content\/uploads\/elementor\/thumbs\/IMG_6aa5698c64464c6c9c2a22f3e9853961-1-ql5ym3732bns5t324w6aek4va0jkht66ko5u8qitj4.png","type":"","width":"","height":""}],"twitter_card":"summary_large_image","twitter_misc":{"Dur\u00e9e de lecture estim\u00e9e":"2 minutes"},"schema":{"@context":"https:\/\/schema.org","@graph":[{"@type":"WebPage","@id":"https:\/\/andreaskalcker.com\/fr\/cours-de-base\/","url":"https:\/\/andreaskalcker.com\/fr\/cours-de-base\/","name":"Cours de base - Andreas Kalcker","isPartOf":{"@id":"https:\/\/andreaskalcker.com\/#website"},"primaryImageOfPage":{"@id":"https:\/\/andreaskalcker.com\/fr\/cours-de-base\/#primaryimage"},"image":{"@id":"https:\/\/andreaskalcker.com\/fr\/cours-de-base\/#primaryimage"},"thumbnailUrl":"https:\/\/andreaskalcker.com\/wp-content\/uploads\/elementor\/thumbs\/IMG_6aa5698c64464c6c9c2a22f3e9853961-1-ql5ym3732bns5t324w6aek4va0jkht66ko5u8qitj4.png","datePublished":"2023-07-17T18:26:34+00:00","dateModified":"2025-02-17T10:21:45+00:00","breadcrumb":{"@id":"https:\/\/andreaskalcker.com\/fr\/cours-de-base\/#breadcrumb"},"inLanguage":"fr-FR","potentialAction":[{"@type":"ReadAction","target":["https:\/\/andreaskalcker.com\/fr\/cours-de-base\/"]}]},{"@type":"ImageObject","inLanguage":"fr-FR","@id":"https:\/\/andreaskalcker.com\/fr\/cours-de-base\/#primaryimage","url":"https:\/\/andreaskalcker.com\/wp-content\/uploads\/elementor\/thumbs\/IMG_6aa5698c64464c6c9c2a22f3e9853961-1-ql5ym3732bns5t324w6aek4va0jkht66ko5u8qitj4.png","contentUrl":"https:\/\/andreaskalcker.com\/wp-content\/uploads\/elementor\/thumbs\/IMG_6aa5698c64464c6c9c2a22f3e9853961-1-ql5ym3732bns5t324w6aek4va0jkht66ko5u8qitj4.png"},{"@type":"BreadcrumbList","@id":"https:\/\/andreaskalcker.com\/fr\/cours-de-base\/#breadcrumb","itemListElement":[{"@type":"ListItem","position":1,"name":"Portada","item":"https:\/\/andreaskalcker.com\/"},{"@type":"ListItem","position":2,"name":"Cours de base"}]},{"@type":"WebSite","@id":"https:\/\/andreaskalcker.com\/#website","url":"https:\/\/andreaskalcker.com\/","name":"Andreas Kalcker","description":"Official website","potentialAction":[{"@type":"SearchAction","target":{"@type":"EntryPoint","urlTemplate":"https:\/\/andreaskalcker.com\/?s={search_term_string}"},"query-input":{"@type":"PropertyValueSpecification","valueRequired":true,"valueName":"search_term_string"}}],"inLanguage":"fr-FR"}]}},"_links":{"self":[{"href":"https:\/\/andreaskalcker.com\/fr\/wp-json\/wp\/v2\/pages\/13938","targetHints":{"allow":["GET"]}}],"collection":[{"href":"https:\/\/andreaskalcker.com\/fr\/wp-json\/wp\/v2\/pages"}],"about":[{"href":"https:\/\/andreaskalcker.com\/fr\/wp-json\/wp\/v2\/types\/page"}],"author":[{"embeddable":true,"href":"https:\/\/andreaskalcker.com\/fr\/wp-json\/wp\/v2\/users\/1"}],"replies":[{"embeddable":true,"href":"https:\/\/andreaskalcker.com\/fr\/wp-json\/wp\/v2\/comments?post=13938"}],"version-history":[{"count":0,"href":"https:\/\/andreaskalcker.com\/fr\/wp-json\/wp\/v2\/pages\/13938\/revisions"}],"wp:attachment":[{"href":"https:\/\/andreaskalcker.com\/fr\/wp-json\/wp\/v2\/media?parent=13938"}],"curies":[{"name":"wp","href":"https:\/\/api.w.org\/{rel}","templated":true}]}}