{"id":13998,"date":"2023-07-17T20:45:03","date_gmt":"2023-07-17T18:45:03","guid":{"rendered":"https:\/\/andreaskalcker.com\/fondation\/"},"modified":"2025-02-17T11:22:03","modified_gmt":"2025-02-17T10:22:03","slug":"fondation","status":"publish","type":"page","link":"https:\/\/andreaskalcker.com\/fr\/fondation\/","title":{"rendered":"Fondation"},"content":{"rendered":"\t\t<div data-elementor-type=\"wp-page\" data-elementor-id=\"13998\" class=\"elementor elementor-13998 elementor-107\" data-elementor-post-type=\"page\">\n\t\t\t\t\t\t<section class=\"elementor-section elementor-top-section elementor-element elementor-element-d2eb231 elementor-section-boxed elementor-section-height-default elementor-section-height-default wpr-particle-no wpr-jarallax-no wpr-parallax-no wpr-sticky-section-no\" data-id=\"d2eb231\" data-element_type=\"section\" data-settings=\"{&quot;background_background&quot;:&quot;classic&quot;,&quot;background_motion_fx_motion_fx_scrolling&quot;:&quot;yes&quot;,&quot;background_motion_fx_motion_fx_mouse&quot;:&quot;yes&quot;,&quot;background_motion_fx_mouseTrack_effect&quot;:&quot;yes&quot;,&quot;background_motion_fx_devices&quot;:[&quot;desktop&quot;,&quot;tablet&quot;,&quot;mobile&quot;],&quot;background_motion_fx_mouseTrack_speed&quot;:{&quot;unit&quot;:&quot;px&quot;,&quot;size&quot;:1,&quot;sizes&quot;:[]}}\">\n\t\t\t\t\t\t<div class=\"elementor-container elementor-column-gap-default\">\n\t\t\t\t\t<div class=\"elementor-column elementor-col-100 elementor-top-column elementor-element elementor-element-4319566\" data-id=\"4319566\" data-element_type=\"column\">\n\t\t\t<div class=\"elementor-widget-wrap elementor-element-populated\">\n\t\t\t\t\t\t<div class=\"elementor-element elementor-element-81bd7f5 elementor-widget elementor-widget-heading\" data-id=\"81bd7f5\" data-element_type=\"widget\" data-widget_type=\"heading.default\">\n\t\t\t\t<div class=\"elementor-widget-container\">\n\t\t\t\t\t<h2 class=\"elementor-heading-title elementor-size-default\">Fondation ALK<\/h2>\t\t\t\t<\/div>\n\t\t\t\t<\/div>\n\t\t\t\t<div class=\"elementor-element elementor-element-0722193 elementor-widget elementor-widget-heading\" data-id=\"0722193\" data-element_type=\"widget\" data-widget_type=\"heading.default\">\n\t\t\t\t<div class=\"elementor-widget-container\">\n\t\t\t\t\t<h5 class=\"elementor-heading-title elementor-size-default\">Sauver des vies ensemble\n\n<\/h5>\t\t\t\t<\/div>\n\t\t\t\t<\/div>\n\t\t\t\t\t<\/div>\n\t\t<\/div>\n\t\t\t\t\t<\/div>\n\t\t<\/section>\n\t\t\t\t<section class=\"elementor-section elementor-top-section elementor-element elementor-element-ea60e58 elementor-section-boxed elementor-section-height-default elementor-section-height-default wpr-particle-no wpr-jarallax-no wpr-parallax-no wpr-sticky-section-no\" data-id=\"ea60e58\" data-element_type=\"section\">\n\t\t\t\t\t\t<div class=\"elementor-container elementor-column-gap-default\">\n\t\t\t\t\t<div class=\"elementor-column elementor-col-100 elementor-top-column elementor-element elementor-element-bf070df\" data-id=\"bf070df\" data-element_type=\"column\">\n\t\t\t<div class=\"elementor-widget-wrap elementor-element-populated\">\n\t\t\t\t\t\t<div class=\"elementor-element elementor-element-48750ee elementor-widget elementor-widget-spacer\" data-id=\"48750ee\" data-element_type=\"widget\" data-widget_type=\"spacer.default\">\n\t\t\t\t<div class=\"elementor-widget-container\">\n\t\t\t\t\t\t\t<div class=\"elementor-spacer\">\n\t\t\t<div class=\"elementor-spacer-inner\"><\/div>\n\t\t<\/div>\n\t\t\t\t\t\t<\/div>\n\t\t\t\t<\/div>\n\t\t\t\t<div class=\"elementor-element elementor-element-0bf121a elementor-widget elementor-widget-text-editor\" data-id=\"0bf121a\" data-element_type=\"widget\" data-widget_type=\"text-editor.default\">\n\t\t\t\t<div class=\"elementor-widget-container\">\n\t\t\t\t\t\t\t\t\t<p>La <strong>Fondation ALK<\/strong> se consacre \u00e0 la <strong>recherche<\/strong>, <strong>professionnalisation<\/strong> et <strong>la diffusion du ClO\u2082<\/strong> sous la forme de CDS, ainsi qu&rsquo;en faisant conna\u00eetre au monde les fondements de l&rsquo;\u00e9conomie de march\u00e9. La <strong>M\u00e9decine \u00e9lectromol\u00e9culaire<\/strong>.<\/p><p> <\/p><p>Nous disposons d&rsquo;un b\u00e2timent qui a \u00e9t\u00e9 donn\u00e9 \u00e0 la fin de l&rsquo;ann\u00e9e 2021 et dont le si\u00e8ge se trouve \u00e0 l&rsquo;adresse suivante<strong>Jalisco, Mexique<\/strong>, Ici il y a en fonctionnement les bureaux administratifs, la salle de formation, le d\u00e9partement de recherche, l&rsquo;espace des th\u00e9rapies innovantes et, gr\u00e2ce aux dons, nous construisons le laboratoire clinique qui comprendra les domaines de la chimie du sang, de l&rsquo;h\u00e9matologie, de l&rsquo;immunologie, de la parasitologie et de la microbiologie, au b\u00e9n\u00e9fice de l&rsquo;humanit\u00e9 et au service de nos membres.<\/p>\t\t\t\t\t\t\t\t<\/div>\n\t\t\t\t<\/div>\n\t\t\t\t<div class=\"elementor-element elementor-element-98d4d95 elementor-widget elementor-widget-spacer\" data-id=\"98d4d95\" data-element_type=\"widget\" data-widget_type=\"spacer.default\">\n\t\t\t\t<div class=\"elementor-widget-container\">\n\t\t\t\t\t\t\t<div class=\"elementor-spacer\">\n\t\t\t<div class=\"elementor-spacer-inner\"><\/div>\n\t\t<\/div>\n\t\t\t\t\t\t<\/div>\n\t\t\t\t<\/div>\n\t\t\t\t<div class=\"elementor-element elementor-element-2d6c290 elementor-widget elementor-widget-image\" data-id=\"2d6c290\" data-element_type=\"widget\" data-widget_type=\"image.default\">\n\t\t\t\t<div class=\"elementor-widget-container\">\n\t\t\t\t\t\t\t\t\t\t\t\t\t\t\t<img fetchpriority=\"high\" decoding=\"async\" width=\"768\" height=\"487\" src=\"https:\/\/andreaskalcker.com\/wp-content\/uploads\/2024\/03\/DSC7440-3-768x487.jpg\" class=\"attachment-medium_large size-medium_large wp-image-12252\" alt=\"\" srcset=\"https:\/\/andreaskalcker.com\/wp-content\/uploads\/2024\/03\/DSC7440-3-768x487.jpg 768w, https:\/\/andreaskalcker.com\/wp-content\/uploads\/2024\/03\/DSC7440-3-300x190.jpg 300w, https:\/\/andreaskalcker.com\/wp-content\/uploads\/2024\/03\/DSC7440-3.jpg 920w\" sizes=\"(max-width: 768px) 100vw, 768px\" \/>\t\t\t\t\t\t\t\t\t\t\t\t\t\t\t<\/div>\n\t\t\t\t<\/div>\n\t\t\t\t<div class=\"elementor-element elementor-element-72b2b1f elementor-widget elementor-widget-spacer\" data-id=\"72b2b1f\" data-element_type=\"widget\" data-widget_type=\"spacer.default\">\n\t\t\t\t<div class=\"elementor-widget-container\">\n\t\t\t\t\t\t\t<div class=\"elementor-spacer\">\n\t\t\t<div class=\"elementor-spacer-inner\"><\/div>\n\t\t<\/div>\n\t\t\t\t\t\t<\/div>\n\t\t\t\t<\/div>\n\t\t\t\t<div class=\"elementor-element elementor-element-91d1d39 elementor-align-center elementor-widget elementor-widget-button\" data-id=\"91d1d39\" data-element_type=\"widget\" data-widget_type=\"button.default\">\n\t\t\t\t<div class=\"elementor-widget-container\">\n\t\t\t\t\t\t\t\t\t<div class=\"elementor-button-wrapper\">\n\t\t\t\t\t<a class=\"elementor-button elementor-button-link elementor-size-sm\" href=\"https:\/\/alkfoundation.com\/\" target=\"_blank\">\n\t\t\t\t\t\t<span class=\"elementor-button-content-wrapper\">\n\t\t\t\t\t\t\t\t\t<span class=\"elementor-button-text\">Visitez notre site web<\/span>\n\t\t\t\t\t<\/span>\n\t\t\t\t\t<\/a>\n\t\t\t\t<\/div>\n\t\t\t\t\t\t\t\t<\/div>\n\t\t\t\t<\/div>\n\t\t\t\t<div class=\"elementor-element elementor-element-1be0bff elementor-widget elementor-widget-spacer\" data-id=\"1be0bff\" data-element_type=\"widget\" data-widget_type=\"spacer.default\">\n\t\t\t\t<div class=\"elementor-widget-container\">\n\t\t\t\t\t\t\t<div class=\"elementor-spacer\">\n\t\t\t<div class=\"elementor-spacer-inner\"><\/div>\n\t\t<\/div>\n\t\t\t\t\t\t<\/div>\n\t\t\t\t<\/div>\n\t\t\t\t\t<\/div>\n\t\t<\/div>\n\t\t\t\t\t<\/div>\n\t\t<\/section>\n\t\t\t\t<section class=\"elementor-section elementor-top-section elementor-element elementor-element-8b9e868 elementor-section-boxed elementor-section-height-default elementor-section-height-default wpr-particle-no wpr-jarallax-no wpr-parallax-no wpr-sticky-section-no\" data-id=\"8b9e868\" data-element_type=\"section\">\n\t\t\t\t\t\t<div class=\"elementor-container elementor-column-gap-default\">\n\t\t\t\t\t<div class=\"elementor-column elementor-col-16 elementor-top-column elementor-element elementor-element-12ae133\" data-id=\"12ae133\" data-element_type=\"column\">\n\t\t\t<div class=\"elementor-widget-wrap\">\n\t\t\t\t\t\t\t<\/div>\n\t\t<\/div>\n\t\t\t\t<div class=\"elementor-column elementor-col-66 elementor-top-column elementor-element elementor-element-5bbcf1c\" data-id=\"5bbcf1c\" data-element_type=\"column\">\n\t\t\t<div class=\"elementor-widget-wrap\">\n\t\t\t\t\t\t\t<\/div>\n\t\t<\/div>\n\t\t\t\t<div class=\"elementor-column elementor-col-16 elementor-top-column elementor-element elementor-element-d898e7c\" data-id=\"d898e7c\" data-element_type=\"column\">\n\t\t\t<div class=\"elementor-widget-wrap\">\n\t\t\t\t\t\t\t<\/div>\n\t\t<\/div>\n\t\t\t\t\t<\/div>\n\t\t<\/section>\n\t\t\t\t<\/div>\n\t\t","protected":false},"excerpt":{"rendered":"<p>Fondation ALK Sauver des vies ensemble La Fondation ALK se consacre \u00e0 la recherche, professionnalisation et la diffusion du ClO\u2082 sous la forme de CDS, ainsi qu&rsquo;en faisant conna\u00eetre au monde les fondements de l&rsquo;\u00e9conomie de march\u00e9. La M\u00e9decine \u00e9lectromol\u00e9culaire. Nous disposons d&rsquo;un b\u00e2timent qui a \u00e9t\u00e9 donn\u00e9 \u00e0 la fin de l&rsquo;ann\u00e9e 2021 et dont le si\u00e8ge se trouve \u00e0 l&rsquo;adresse suivanteJalisco, Mexique, Ici il y a en fonctionnement les bureaux administratifs, la salle de formation, le d\u00e9partement de recherche, l&rsquo;espace des th\u00e9rapies innovantes et, gr\u00e2ce aux dons, nous construisons le laboratoire clinique qui comprendra les domaines de la chimie du sang, de l&rsquo;h\u00e9matologie, de l&rsquo;immunologie, de la parasitologie et de la microbiologie, au b\u00e9n\u00e9fice de l&rsquo;humanit\u00e9 et au service de nos membres. Visitez notre site web<\/p>\n","protected":false},"author":1,"featured_media":0,"parent":0,"menu_order":0,"comment_status":"closed","ping_status":"closed","template":"","meta":{"footnotes":""},"class_list":["post-13998","page","type-page","status-publish"],"yoast_head":"<!-- This site is optimized with the Yoast SEO Premium plugin v22.2 (Yoast SEO v25.8) - https:\/\/yoast.com\/wordpress\/plugins\/seo\/ -->\n<title>Fondation - Andreas Kalcker<\/title>\n<meta name=\"robots\" content=\"index, follow, max-snippet:-1, max-image-preview:large, max-video-preview:-1\" \/>\n<link rel=\"canonical\" href=\"https:\/\/andreaskalcker.com\/fr\/fondation\/\" \/>\n<meta property=\"og:locale\" content=\"fr_FR\" \/>\n<meta property=\"og:type\" content=\"article\" \/>\n<meta property=\"og:title\" content=\"Fondation\" \/>\n<meta property=\"og:description\" content=\"Fondation ALK Sauver des vies ensemble La Fondation ALK se consacre \u00e0 la recherche, professionnalisation et la diffusion du ClO\u2082 sous la forme de CDS, ainsi qu&rsquo;en faisant conna\u00eetre au monde les fondements de l&rsquo;\u00e9conomie de march\u00e9. La M\u00e9decine \u00e9lectromol\u00e9culaire. Nous disposons d&rsquo;un b\u00e2timent qui a \u00e9t\u00e9 donn\u00e9 \u00e0 la fin de l&rsquo;ann\u00e9e 2021 et dont le si\u00e8ge se trouve \u00e0 l&rsquo;adresse suivanteJalisco, Mexique, Ici il y a en fonctionnement les bureaux administratifs, la salle de formation, le d\u00e9partement de recherche, l&rsquo;espace des th\u00e9rapies innovantes et, gr\u00e2ce aux dons, nous construisons le laboratoire clinique qui comprendra les domaines de la chimie du sang, de l&rsquo;h\u00e9matologie, de l&rsquo;immunologie, de la parasitologie et de la microbiologie, au b\u00e9n\u00e9fice de l&rsquo;humanit\u00e9 et au service de nos membres. Visitez notre site web\" \/>\n<meta property=\"og:url\" content=\"https:\/\/andreaskalcker.com\/fr\/fondation\/\" \/>\n<meta property=\"og:site_name\" content=\"Andreas Kalcker\" \/>\n<meta property=\"article:modified_time\" content=\"2025-02-17T10:22:03+00:00\" \/>\n<meta property=\"og:image\" content=\"https:\/\/andreaskalcker.com\/wp-content\/uploads\/2024\/03\/DSC7440-3-768x487.jpg\" \/>\n<meta name=\"twitter:card\" content=\"summary_large_image\" \/>\n<meta name=\"twitter:label1\" content=\"Dur\u00e9e de lecture estim\u00e9e\" \/>\n\t<meta name=\"twitter:data1\" content=\"1 minute\" \/>\n<script type=\"application\/ld+json\" class=\"yoast-schema-graph\">{\"@context\":\"https:\/\/schema.org\",\"@graph\":[{\"@type\":\"WebPage\",\"@id\":\"https:\/\/andreaskalcker.com\/fr\/fondation\/\",\"url\":\"https:\/\/andreaskalcker.com\/fr\/fondation\/\",\"name\":\"Fondation - Andreas Kalcker\",\"isPartOf\":{\"@id\":\"https:\/\/andreaskalcker.com\/#website\"},\"primaryImageOfPage\":{\"@id\":\"https:\/\/andreaskalcker.com\/fr\/fondation\/#primaryimage\"},\"image\":{\"@id\":\"https:\/\/andreaskalcker.com\/fr\/fondation\/#primaryimage\"},\"thumbnailUrl\":\"https:\/\/andreaskalcker.com\/wp-content\/uploads\/2024\/03\/DSC7440-3-768x487.jpg\",\"datePublished\":\"2023-07-17T18:45:03+00:00\",\"dateModified\":\"2025-02-17T10:22:03+00:00\",\"breadcrumb\":{\"@id\":\"https:\/\/andreaskalcker.com\/fr\/fondation\/#breadcrumb\"},\"inLanguage\":\"fr-FR\",\"potentialAction\":[{\"@type\":\"ReadAction\",\"target\":[\"https:\/\/andreaskalcker.com\/fr\/fondation\/\"]}]},{\"@type\":\"ImageObject\",\"inLanguage\":\"fr-FR\",\"@id\":\"https:\/\/andreaskalcker.com\/fr\/fondation\/#primaryimage\",\"url\":\"https:\/\/andreaskalcker.com\/wp-content\/uploads\/2024\/03\/DSC7440-3-768x487.jpg\",\"contentUrl\":\"https:\/\/andreaskalcker.com\/wp-content\/uploads\/2024\/03\/DSC7440-3-768x487.jpg\"},{\"@type\":\"BreadcrumbList\",\"@id\":\"https:\/\/andreaskalcker.com\/fr\/fondation\/#breadcrumb\",\"itemListElement\":[{\"@type\":\"ListItem\",\"position\":1,\"name\":\"Portada\",\"item\":\"https:\/\/andreaskalcker.com\/\"},{\"@type\":\"ListItem\",\"position\":2,\"name\":\"Fondation\"}]},{\"@type\":\"WebSite\",\"@id\":\"https:\/\/andreaskalcker.com\/#website\",\"url\":\"https:\/\/andreaskalcker.com\/\",\"name\":\"Andreas Kalcker\",\"description\":\"Official website\",\"potentialAction\":[{\"@type\":\"SearchAction\",\"target\":{\"@type\":\"EntryPoint\",\"urlTemplate\":\"https:\/\/andreaskalcker.com\/?s={search_term_string}\"},\"query-input\":{\"@type\":\"PropertyValueSpecification\",\"valueRequired\":true,\"valueName\":\"search_term_string\"}}],\"inLanguage\":\"fr-FR\"}]}<\/script>\n<!-- \/ Yoast SEO Premium plugin. -->","yoast_head_json":{"title":"Fondation - Andreas Kalcker","robots":{"index":"index","follow":"follow","max-snippet":"max-snippet:-1","max-image-preview":"max-image-preview:large","max-video-preview":"max-video-preview:-1"},"canonical":"https:\/\/andreaskalcker.com\/fr\/fondation\/","og_locale":"fr_FR","og_type":"article","og_title":"Fondation","og_description":"Fondation ALK Sauver des vies ensemble La Fondation ALK se consacre \u00e0 la recherche, professionnalisation et la diffusion du ClO\u2082 sous la forme de CDS, ainsi qu&rsquo;en faisant conna\u00eetre au monde les fondements de l&rsquo;\u00e9conomie de march\u00e9. La M\u00e9decine \u00e9lectromol\u00e9culaire. Nous disposons d&rsquo;un b\u00e2timent qui a \u00e9t\u00e9 donn\u00e9 \u00e0 la fin de l&rsquo;ann\u00e9e 2021 et dont le si\u00e8ge se trouve \u00e0 l&rsquo;adresse suivanteJalisco, Mexique, Ici il y a en fonctionnement les bureaux administratifs, la salle de formation, le d\u00e9partement de recherche, l&rsquo;espace des th\u00e9rapies innovantes et, gr\u00e2ce aux dons, nous construisons le laboratoire clinique qui comprendra les domaines de la chimie du sang, de l&rsquo;h\u00e9matologie, de l&rsquo;immunologie, de la parasitologie et de la microbiologie, au b\u00e9n\u00e9fice de l&rsquo;humanit\u00e9 et au service de nos membres. Visitez notre site web","og_url":"https:\/\/andreaskalcker.com\/fr\/fondation\/","og_site_name":"Andreas Kalcker","article_modified_time":"2025-02-17T10:22:03+00:00","og_image":[{"url":"https:\/\/andreaskalcker.com\/wp-content\/uploads\/2024\/03\/DSC7440-3-768x487.jpg","type":"","width":"","height":""}],"twitter_card":"summary_large_image","twitter_misc":{"Dur\u00e9e de lecture estim\u00e9e":"1 minute"},"schema":{"@context":"https:\/\/schema.org","@graph":[{"@type":"WebPage","@id":"https:\/\/andreaskalcker.com\/fr\/fondation\/","url":"https:\/\/andreaskalcker.com\/fr\/fondation\/","name":"Fondation - Andreas Kalcker","isPartOf":{"@id":"https:\/\/andreaskalcker.com\/#website"},"primaryImageOfPage":{"@id":"https:\/\/andreaskalcker.com\/fr\/fondation\/#primaryimage"},"image":{"@id":"https:\/\/andreaskalcker.com\/fr\/fondation\/#primaryimage"},"thumbnailUrl":"https:\/\/andreaskalcker.com\/wp-content\/uploads\/2024\/03\/DSC7440-3-768x487.jpg","datePublished":"2023-07-17T18:45:03+00:00","dateModified":"2025-02-17T10:22:03+00:00","breadcrumb":{"@id":"https:\/\/andreaskalcker.com\/fr\/fondation\/#breadcrumb"},"inLanguage":"fr-FR","potentialAction":[{"@type":"ReadAction","target":["https:\/\/andreaskalcker.com\/fr\/fondation\/"]}]},{"@type":"ImageObject","inLanguage":"fr-FR","@id":"https:\/\/andreaskalcker.com\/fr\/fondation\/#primaryimage","url":"https:\/\/andreaskalcker.com\/wp-content\/uploads\/2024\/03\/DSC7440-3-768x487.jpg","contentUrl":"https:\/\/andreaskalcker.com\/wp-content\/uploads\/2024\/03\/DSC7440-3-768x487.jpg"},{"@type":"BreadcrumbList","@id":"https:\/\/andreaskalcker.com\/fr\/fondation\/#breadcrumb","itemListElement":[{"@type":"ListItem","position":1,"name":"Portada","item":"https:\/\/andreaskalcker.com\/"},{"@type":"ListItem","position":2,"name":"Fondation"}]},{"@type":"WebSite","@id":"https:\/\/andreaskalcker.com\/#website","url":"https:\/\/andreaskalcker.com\/","name":"Andreas Kalcker","description":"Official website","potentialAction":[{"@type":"SearchAction","target":{"@type":"EntryPoint","urlTemplate":"https:\/\/andreaskalcker.com\/?s={search_term_string}"},"query-input":{"@type":"PropertyValueSpecification","valueRequired":true,"valueName":"search_term_string"}}],"inLanguage":"fr-FR"}]}},"_links":{"self":[{"href":"https:\/\/andreaskalcker.com\/fr\/wp-json\/wp\/v2\/pages\/13998","targetHints":{"allow":["GET"]}}],"collection":[{"href":"https:\/\/andreaskalcker.com\/fr\/wp-json\/wp\/v2\/pages"}],"about":[{"href":"https:\/\/andreaskalcker.com\/fr\/wp-json\/wp\/v2\/types\/page"}],"author":[{"embeddable":true,"href":"https:\/\/andreaskalcker.com\/fr\/wp-json\/wp\/v2\/users\/1"}],"replies":[{"embeddable":true,"href":"https:\/\/andreaskalcker.com\/fr\/wp-json\/wp\/v2\/comments?post=13998"}],"version-history":[{"count":0,"href":"https:\/\/andreaskalcker.com\/fr\/wp-json\/wp\/v2\/pages\/13998\/revisions"}],"wp:attachment":[{"href":"https:\/\/andreaskalcker.com\/fr\/wp-json\/wp\/v2\/media?parent=13998"}],"curies":[{"name":"wp","href":"https:\/\/api.w.org\/{rel}","templated":true}]}}