{"id":14028,"date":"2023-08-02T14:31:38","date_gmt":"2023-08-02T12:31:38","guid":{"rendered":"https:\/\/andreaskalcker.com\/videos\/"},"modified":"2025-02-17T11:22:12","modified_gmt":"2025-02-17T10:22:12","slug":"videos","status":"publish","type":"page","link":"https:\/\/andreaskalcker.com\/fr\/videos\/","title":{"rendered":"Vid\u00e9os"},"content":{"rendered":"\t\t<div data-elementor-type=\"wp-page\" data-elementor-id=\"14028\" class=\"elementor elementor-14028 elementor-586\" data-elementor-post-type=\"page\">\n\t\t\t\t\t\t<section class=\"elementor-section elementor-top-section elementor-element elementor-element-49015a90 elementor-section-boxed elementor-section-height-default elementor-section-height-default wpr-particle-no wpr-jarallax-no wpr-parallax-no wpr-sticky-section-no\" data-id=\"49015a90\" data-element_type=\"section\" data-settings=\"{&quot;background_background&quot;:&quot;classic&quot;,&quot;background_motion_fx_motion_fx_scrolling&quot;:&quot;yes&quot;,&quot;background_motion_fx_motion_fx_mouse&quot;:&quot;yes&quot;,&quot;background_motion_fx_mouseTrack_effect&quot;:&quot;yes&quot;,&quot;background_motion_fx_devices&quot;:[&quot;desktop&quot;,&quot;tablet&quot;,&quot;mobile&quot;],&quot;background_motion_fx_mouseTrack_speed&quot;:{&quot;unit&quot;:&quot;px&quot;,&quot;size&quot;:1,&quot;sizes&quot;:[]}}\">\n\t\t\t\t\t\t<div class=\"elementor-container elementor-column-gap-default\">\n\t\t\t\t\t<div class=\"elementor-column elementor-col-100 elementor-top-column elementor-element elementor-element-3298e5c5\" data-id=\"3298e5c5\" data-element_type=\"column\">\n\t\t\t<div class=\"elementor-widget-wrap elementor-element-populated\">\n\t\t\t\t\t\t<div class=\"elementor-element elementor-element-365b3e elementor-widget elementor-widget-heading\" data-id=\"365b3e\" data-element_type=\"widget\" data-widget_type=\"heading.default\">\n\t\t\t\t<div class=\"elementor-widget-container\">\n\t\t\t\t\t<h2 class=\"elementor-heading-title elementor-size-default\">Vid\u00e9os<\/h2>\t\t\t\t<\/div>\n\t\t\t\t<\/div>\n\t\t\t\t<div class=\"elementor-element elementor-element-5a8568d elementor-widget elementor-widget-heading\" data-id=\"5a8568d\" data-element_type=\"widget\" data-widget_type=\"heading.default\">\n\t\t\t\t<div class=\"elementor-widget-container\">\n\t\t\t\t\t<h5 class=\"elementor-heading-title elementor-size-default\">ANDREAS KALCKER<\/h5>\t\t\t\t<\/div>\n\t\t\t\t<\/div>\n\t\t\t\t\t<\/div>\n\t\t<\/div>\n\t\t\t\t\t<\/div>\n\t\t<\/section>\n\t\t\t\t<section class=\"elementor-section elementor-top-section elementor-element elementor-element-71b2314 elementor-section-boxed elementor-section-height-default elementor-section-height-default wpr-particle-no wpr-jarallax-no wpr-parallax-no wpr-sticky-section-no\" data-id=\"71b2314\" data-element_type=\"section\">\n\t\t\t\t\t\t<div class=\"elementor-container elementor-column-gap-default\">\n\t\t\t\t\t<div class=\"elementor-column elementor-col-50 elementor-top-column elementor-element elementor-element-d8d26ff\" data-id=\"d8d26ff\" data-element_type=\"column\">\n\t\t\t<div class=\"elementor-widget-wrap elementor-element-populated\">\n\t\t\t\t\t\t<div class=\"elementor-element elementor-element-89790f7 elementor-widget elementor-widget-image\" data-id=\"89790f7\" data-element_type=\"widget\" data-widget_type=\"image.default\">\n\t\t\t\t<div class=\"elementor-widget-container\">\n\t\t\t\t\t\t\t\t\t\t\t\t\t\t\t<img fetchpriority=\"high\" decoding=\"async\" width=\"591\" height=\"395\" src=\"https:\/\/andreaskalcker.com\/wp-content\/uploads\/2024\/05\/dioxitube.jpg\" class=\"attachment-large size-large wp-image-12508\" alt=\"\" srcset=\"https:\/\/andreaskalcker.com\/wp-content\/uploads\/2024\/05\/dioxitube.jpg 591w, https:\/\/andreaskalcker.com\/wp-content\/uploads\/2024\/05\/dioxitube-300x201.jpg 300w, https:\/\/andreaskalcker.com\/wp-content\/uploads\/2024\/05\/dioxitube-391x260.jpg 391w\" sizes=\"(max-width: 591px) 100vw, 591px\" \/>\t\t\t\t\t\t\t\t\t\t\t\t\t\t\t<\/div>\n\t\t\t\t<\/div>\n\t\t\t\t\t<\/div>\n\t\t<\/div>\n\t\t\t\t<div class=\"elementor-column elementor-col-50 elementor-top-column elementor-element elementor-element-579e86e\" data-id=\"579e86e\" data-element_type=\"column\">\n\t\t\t<div class=\"elementor-widget-wrap elementor-element-populated\">\n\t\t\t\t\t\t<div class=\"elementor-element elementor-element-bbf5b96 elementor-widget elementor-widget-text-editor\" data-id=\"bbf5b96\" data-element_type=\"widget\" data-widget_type=\"text-editor.default\">\n\t\t\t\t<div class=\"elementor-widget-container\">\n\t\t\t\t\t\t\t\t\t<p>Nous avons le plaisir de vous informer que les documents suivants sont d\u00e9sormais disponibles sur <b>Dioxitube<\/b>, une plateforme vid\u00e9o (similaire \u00e0 Youtube), mais d\u00e9tenue par Andreas Kalcker. &nbsp;<\/p><p><br><\/p><p>Il a \u00e9t\u00e9 cr\u00e9\u00e9 en r\u00e9ponse \u00e0 la censure dont nous avons \u00e9t\u00e9 victimes pendant si longtemps. Nous disposons d\u00e9sormais d&rsquo;un endroit s\u00fbr o\u00f9 nous pouvons partager des vid\u00e9os relatives \u00e0 la m\u00e9decine \u00e9lectromol\u00e9culaire, au dioxyde de chlore, etc.&nbsp;<\/p><p><br><\/p>\n<p><\/p>\n<p>Nous voulons cr\u00e9er un espace o\u00f9 chacun peut acc\u00e9der \u00e0 des informations pr\u00e9cieuses dans n&rsquo;importe quelle langue.<\/p><p><br><\/p><p>Inscrivez-vous, cr\u00e9ez votre cha\u00eene et partagez.<\/p><p><br><\/p>\t\t\t\t\t\t\t\t<\/div>\n\t\t\t\t<\/div>\n\t\t\t\t<div class=\"elementor-element elementor-element-7c27db1 elementor-mobile-align-justify elementor-widget-mobile__width-inherit elementor-align-left elementor-widget elementor-widget-button\" data-id=\"7c27db1\" data-element_type=\"widget\" data-widget_type=\"button.default\">\n\t\t\t\t<div class=\"elementor-widget-container\">\n\t\t\t\t\t\t\t\t\t<div class=\"elementor-button-wrapper\">\n\t\t\t\t\t<a class=\"elementor-button elementor-button-link elementor-size-md\" href=\"https:\/\/dioxitube.com\/\" target=\"_blank\">\n\t\t\t\t\t\t<span class=\"elementor-button-content-wrapper\">\n\t\t\t\t\t\t\t\t\t<span class=\"elementor-button-text\">Acc\u00e9der \u00e0 dioxitube<\/span>\n\t\t\t\t\t<\/span>\n\t\t\t\t\t<\/a>\n\t\t\t\t<\/div>\n\t\t\t\t\t\t\t\t<\/div>\n\t\t\t\t<\/div>\n\t\t\t\t\t<\/div>\n\t\t<\/div>\n\t\t\t\t\t<\/div>\n\t\t<\/section>\n\t\t\t\t<section class=\"elementor-section elementor-top-section elementor-element elementor-element-a5bd252 elementor-section-boxed elementor-section-height-default elementor-section-height-default wpr-particle-no wpr-jarallax-no wpr-parallax-no wpr-sticky-section-no\" data-id=\"a5bd252\" data-element_type=\"section\">\n\t\t\t\t\t\t<div class=\"elementor-container elementor-column-gap-default\">\n\t\t\t\t\t<div class=\"elementor-column elementor-col-100 elementor-top-column elementor-element elementor-element-01149e7\" data-id=\"01149e7\" data-element_type=\"column\">\n\t\t\t<div class=\"elementor-widget-wrap elementor-element-populated\">\n\t\t\t\t\t\t<div class=\"elementor-element elementor-element-2759a61 elementor-widget elementor-widget-spacer\" data-id=\"2759a61\" data-element_type=\"widget\" data-widget_type=\"spacer.default\">\n\t\t\t\t<div class=\"elementor-widget-container\">\n\t\t\t\t\t\t\t<div class=\"elementor-spacer\">\n\t\t\t<div class=\"elementor-spacer-inner\"><\/div>\n\t\t<\/div>\n\t\t\t\t\t\t<\/div>\n\t\t\t\t<\/div>\n\t\t\t\t<div class=\"elementor-element elementor-element-420c2ac elementor-widget elementor-widget-spacer\" data-id=\"420c2ac\" data-element_type=\"widget\" data-widget_type=\"spacer.default\">\n\t\t\t\t<div class=\"elementor-widget-container\">\n\t\t\t\t\t\t\t<div class=\"elementor-spacer\">\n\t\t\t<div class=\"elementor-spacer-inner\"><\/div>\n\t\t<\/div>\n\t\t\t\t\t\t<\/div>\n\t\t\t\t<\/div>\n\t\t\t\t\t<\/div>\n\t\t<\/div>\n\t\t\t\t\t<\/div>\n\t\t<\/section>\n\t\t\t\t<\/div>\n\t\t","protected":false},"excerpt":{"rendered":"<p>Vid\u00e9os ANDREAS KALCKER Nous avons le plaisir de vous informer que les documents suivants sont d\u00e9sormais disponibles sur Dioxitube, une plateforme vid\u00e9o (similaire \u00e0 Youtube), mais d\u00e9tenue par Andreas Kalcker. &nbsp; Il a \u00e9t\u00e9 cr\u00e9\u00e9 en r\u00e9ponse \u00e0 la censure dont nous avons \u00e9t\u00e9 victimes pendant si longtemps. Nous disposons d\u00e9sormais d&rsquo;un endroit s\u00fbr o\u00f9 nous pouvons partager des vid\u00e9os relatives \u00e0 la m\u00e9decine \u00e9lectromol\u00e9culaire, au dioxyde de chlore, etc.&nbsp; Nous voulons cr\u00e9er un espace o\u00f9 chacun peut acc\u00e9der \u00e0 des informations pr\u00e9cieuses dans n&rsquo;importe quelle langue. Inscrivez-vous, cr\u00e9ez votre cha\u00eene et partagez. Acc\u00e9der \u00e0 dioxitube<\/p>\n","protected":false},"author":1,"featured_media":0,"parent":0,"menu_order":0,"comment_status":"closed","ping_status":"closed","template":"","meta":{"footnotes":""},"class_list":["post-14028","page","type-page","status-publish"],"yoast_head":"<!-- This site is optimized with the Yoast SEO Premium plugin v22.2 (Yoast SEO v25.8) - https:\/\/yoast.com\/wordpress\/plugins\/seo\/ -->\n<title>Vid\u00e9os - Andreas Kalcker<\/title>\n<meta name=\"robots\" content=\"index, follow, max-snippet:-1, max-image-preview:large, max-video-preview:-1\" \/>\n<link rel=\"canonical\" href=\"https:\/\/andreaskalcker.com\/fr\/videos\/\" \/>\n<meta property=\"og:locale\" content=\"fr_FR\" \/>\n<meta property=\"og:type\" content=\"article\" \/>\n<meta property=\"og:title\" content=\"Vid\u00e9os\" \/>\n<meta property=\"og:description\" content=\"Vid\u00e9os ANDREAS KALCKER Nous avons le plaisir de vous informer que les documents suivants sont d\u00e9sormais disponibles sur Dioxitube, une plateforme vid\u00e9o (similaire \u00e0 Youtube), mais d\u00e9tenue par Andreas Kalcker. &nbsp; Il a \u00e9t\u00e9 cr\u00e9\u00e9 en r\u00e9ponse \u00e0 la censure dont nous avons \u00e9t\u00e9 victimes pendant si longtemps. Nous disposons d\u00e9sormais d&rsquo;un endroit s\u00fbr o\u00f9 nous pouvons partager des vid\u00e9os relatives \u00e0 la m\u00e9decine \u00e9lectromol\u00e9culaire, au dioxyde de chlore, etc.&nbsp; Nous voulons cr\u00e9er un espace o\u00f9 chacun peut acc\u00e9der \u00e0 des informations pr\u00e9cieuses dans n&rsquo;importe quelle langue. Inscrivez-vous, cr\u00e9ez votre cha\u00eene et partagez. Acc\u00e9der \u00e0 dioxitube\" \/>\n<meta property=\"og:url\" content=\"https:\/\/andreaskalcker.com\/fr\/videos\/\" \/>\n<meta property=\"og:site_name\" content=\"Andreas Kalcker\" \/>\n<meta property=\"article:modified_time\" content=\"2025-02-17T10:22:12+00:00\" \/>\n<meta property=\"og:image\" content=\"https:\/\/andreaskalcker.com\/wp-content\/uploads\/2024\/05\/dioxitube.jpg\" \/>\n<meta name=\"twitter:card\" content=\"summary_large_image\" \/>\n<meta name=\"twitter:label1\" content=\"Dur\u00e9e de lecture estim\u00e9e\" \/>\n\t<meta name=\"twitter:data1\" content=\"1 minute\" \/>\n<script type=\"application\/ld+json\" class=\"yoast-schema-graph\">{\"@context\":\"https:\/\/schema.org\",\"@graph\":[{\"@type\":\"WebPage\",\"@id\":\"https:\/\/andreaskalcker.com\/fr\/videos\/\",\"url\":\"https:\/\/andreaskalcker.com\/fr\/videos\/\",\"name\":\"Vid\u00e9os - Andreas Kalcker\",\"isPartOf\":{\"@id\":\"https:\/\/andreaskalcker.com\/#website\"},\"primaryImageOfPage\":{\"@id\":\"https:\/\/andreaskalcker.com\/fr\/videos\/#primaryimage\"},\"image\":{\"@id\":\"https:\/\/andreaskalcker.com\/fr\/videos\/#primaryimage\"},\"thumbnailUrl\":\"https:\/\/andreaskalcker.com\/wp-content\/uploads\/2024\/05\/dioxitube.jpg\",\"datePublished\":\"2023-08-02T12:31:38+00:00\",\"dateModified\":\"2025-02-17T10:22:12+00:00\",\"breadcrumb\":{\"@id\":\"https:\/\/andreaskalcker.com\/fr\/videos\/#breadcrumb\"},\"inLanguage\":\"fr-FR\",\"potentialAction\":[{\"@type\":\"ReadAction\",\"target\":[\"https:\/\/andreaskalcker.com\/fr\/videos\/\"]}]},{\"@type\":\"ImageObject\",\"inLanguage\":\"fr-FR\",\"@id\":\"https:\/\/andreaskalcker.com\/fr\/videos\/#primaryimage\",\"url\":\"https:\/\/andreaskalcker.com\/wp-content\/uploads\/2024\/05\/dioxitube.jpg\",\"contentUrl\":\"https:\/\/andreaskalcker.com\/wp-content\/uploads\/2024\/05\/dioxitube.jpg\"},{\"@type\":\"BreadcrumbList\",\"@id\":\"https:\/\/andreaskalcker.com\/fr\/videos\/#breadcrumb\",\"itemListElement\":[{\"@type\":\"ListItem\",\"position\":1,\"name\":\"Portada\",\"item\":\"https:\/\/andreaskalcker.com\/\"},{\"@type\":\"ListItem\",\"position\":2,\"name\":\"Vid\u00e9os\"}]},{\"@type\":\"WebSite\",\"@id\":\"https:\/\/andreaskalcker.com\/#website\",\"url\":\"https:\/\/andreaskalcker.com\/\",\"name\":\"Andreas Kalcker\",\"description\":\"Official website\",\"potentialAction\":[{\"@type\":\"SearchAction\",\"target\":{\"@type\":\"EntryPoint\",\"urlTemplate\":\"https:\/\/andreaskalcker.com\/?s={search_term_string}\"},\"query-input\":{\"@type\":\"PropertyValueSpecification\",\"valueRequired\":true,\"valueName\":\"search_term_string\"}}],\"inLanguage\":\"fr-FR\"}]}<\/script>\n<!-- \/ Yoast SEO Premium plugin. -->","yoast_head_json":{"title":"Vid\u00e9os - Andreas Kalcker","robots":{"index":"index","follow":"follow","max-snippet":"max-snippet:-1","max-image-preview":"max-image-preview:large","max-video-preview":"max-video-preview:-1"},"canonical":"https:\/\/andreaskalcker.com\/fr\/videos\/","og_locale":"fr_FR","og_type":"article","og_title":"Vid\u00e9os","og_description":"Vid\u00e9os ANDREAS KALCKER Nous avons le plaisir de vous informer que les documents suivants sont d\u00e9sormais disponibles sur Dioxitube, une plateforme vid\u00e9o (similaire \u00e0 Youtube), mais d\u00e9tenue par Andreas Kalcker. &nbsp; Il a \u00e9t\u00e9 cr\u00e9\u00e9 en r\u00e9ponse \u00e0 la censure dont nous avons \u00e9t\u00e9 victimes pendant si longtemps. Nous disposons d\u00e9sormais d&rsquo;un endroit s\u00fbr o\u00f9 nous pouvons partager des vid\u00e9os relatives \u00e0 la m\u00e9decine \u00e9lectromol\u00e9culaire, au dioxyde de chlore, etc.&nbsp; Nous voulons cr\u00e9er un espace o\u00f9 chacun peut acc\u00e9der \u00e0 des informations pr\u00e9cieuses dans n&rsquo;importe quelle langue. Inscrivez-vous, cr\u00e9ez votre cha\u00eene et partagez. Acc\u00e9der \u00e0 dioxitube","og_url":"https:\/\/andreaskalcker.com\/fr\/videos\/","og_site_name":"Andreas Kalcker","article_modified_time":"2025-02-17T10:22:12+00:00","og_image":[{"url":"https:\/\/andreaskalcker.com\/wp-content\/uploads\/2024\/05\/dioxitube.jpg","type":"","width":"","height":""}],"twitter_card":"summary_large_image","twitter_misc":{"Dur\u00e9e de lecture estim\u00e9e":"1 minute"},"schema":{"@context":"https:\/\/schema.org","@graph":[{"@type":"WebPage","@id":"https:\/\/andreaskalcker.com\/fr\/videos\/","url":"https:\/\/andreaskalcker.com\/fr\/videos\/","name":"Vid\u00e9os - Andreas Kalcker","isPartOf":{"@id":"https:\/\/andreaskalcker.com\/#website"},"primaryImageOfPage":{"@id":"https:\/\/andreaskalcker.com\/fr\/videos\/#primaryimage"},"image":{"@id":"https:\/\/andreaskalcker.com\/fr\/videos\/#primaryimage"},"thumbnailUrl":"https:\/\/andreaskalcker.com\/wp-content\/uploads\/2024\/05\/dioxitube.jpg","datePublished":"2023-08-02T12:31:38+00:00","dateModified":"2025-02-17T10:22:12+00:00","breadcrumb":{"@id":"https:\/\/andreaskalcker.com\/fr\/videos\/#breadcrumb"},"inLanguage":"fr-FR","potentialAction":[{"@type":"ReadAction","target":["https:\/\/andreaskalcker.com\/fr\/videos\/"]}]},{"@type":"ImageObject","inLanguage":"fr-FR","@id":"https:\/\/andreaskalcker.com\/fr\/videos\/#primaryimage","url":"https:\/\/andreaskalcker.com\/wp-content\/uploads\/2024\/05\/dioxitube.jpg","contentUrl":"https:\/\/andreaskalcker.com\/wp-content\/uploads\/2024\/05\/dioxitube.jpg"},{"@type":"BreadcrumbList","@id":"https:\/\/andreaskalcker.com\/fr\/videos\/#breadcrumb","itemListElement":[{"@type":"ListItem","position":1,"name":"Portada","item":"https:\/\/andreaskalcker.com\/"},{"@type":"ListItem","position":2,"name":"Vid\u00e9os"}]},{"@type":"WebSite","@id":"https:\/\/andreaskalcker.com\/#website","url":"https:\/\/andreaskalcker.com\/","name":"Andreas Kalcker","description":"Official website","potentialAction":[{"@type":"SearchAction","target":{"@type":"EntryPoint","urlTemplate":"https:\/\/andreaskalcker.com\/?s={search_term_string}"},"query-input":{"@type":"PropertyValueSpecification","valueRequired":true,"valueName":"search_term_string"}}],"inLanguage":"fr-FR"}]}},"_links":{"self":[{"href":"https:\/\/andreaskalcker.com\/fr\/wp-json\/wp\/v2\/pages\/14028","targetHints":{"allow":["GET"]}}],"collection":[{"href":"https:\/\/andreaskalcker.com\/fr\/wp-json\/wp\/v2\/pages"}],"about":[{"href":"https:\/\/andreaskalcker.com\/fr\/wp-json\/wp\/v2\/types\/page"}],"author":[{"embeddable":true,"href":"https:\/\/andreaskalcker.com\/fr\/wp-json\/wp\/v2\/users\/1"}],"replies":[{"embeddable":true,"href":"https:\/\/andreaskalcker.com\/fr\/wp-json\/wp\/v2\/comments?post=14028"}],"version-history":[{"count":0,"href":"https:\/\/andreaskalcker.com\/fr\/wp-json\/wp\/v2\/pages\/14028\/revisions"}],"wp:attachment":[{"href":"https:\/\/andreaskalcker.com\/fr\/wp-json\/wp\/v2\/media?parent=14028"}],"curies":[{"name":"wp","href":"https:\/\/api.w.org\/{rel}","templated":true}]}}