{"id":14266,"date":"2024-03-18T08:28:42","date_gmt":"2024-03-18T07:28:42","guid":{"rendered":"https:\/\/andreaskalcker.com\/ai-demandez-a-notre-intelligence-artificielle\/"},"modified":"2025-02-17T11:24:12","modified_gmt":"2025-02-17T10:24:12","slug":"ai-demandez-a-notre-intelligence-artificielle","status":"publish","type":"page","link":"https:\/\/andreaskalcker.com\/fr\/ai-demandez-a-notre-intelligence-artificielle\/","title":{"rendered":"AI Demandez \u00e0 notre intelligence artificielle"},"content":{"rendered":"\t\t<div data-elementor-type=\"wp-page\" data-elementor-id=\"14266\" class=\"elementor elementor-14266 elementor-11870\" data-elementor-post-type=\"page\">\n\t\t\t\t\t\t<section class=\"elementor-section elementor-top-section elementor-element elementor-element-505c104a elementor-section-boxed elementor-section-height-default elementor-section-height-default wpr-particle-no wpr-jarallax-no wpr-parallax-no wpr-sticky-section-no\" data-id=\"505c104a\" data-element_type=\"section\" data-settings=\"{&quot;background_background&quot;:&quot;gradient&quot;,&quot;background_motion_fx_motion_fx_scrolling&quot;:&quot;yes&quot;,&quot;background_motion_fx_motion_fx_mouse&quot;:&quot;yes&quot;,&quot;background_motion_fx_mouseTrack_effect&quot;:&quot;yes&quot;,&quot;background_motion_fx_devices&quot;:[&quot;desktop&quot;,&quot;tablet&quot;,&quot;mobile&quot;],&quot;background_motion_fx_mouseTrack_speed&quot;:{&quot;unit&quot;:&quot;px&quot;,&quot;size&quot;:1,&quot;sizes&quot;:[]}}\">\n\t\t\t\t\t\t<div class=\"elementor-container elementor-column-gap-default\">\n\t\t\t\t\t<div class=\"elementor-column elementor-col-100 elementor-top-column elementor-element elementor-element-b9d58d9\" data-id=\"b9d58d9\" data-element_type=\"column\">\n\t\t\t<div class=\"elementor-widget-wrap elementor-element-populated\">\n\t\t\t\t\t\t<div class=\"elementor-element elementor-element-4e1bedf1 elementor-widget elementor-widget-heading\" data-id=\"4e1bedf1\" data-element_type=\"widget\" data-widget_type=\"heading.default\">\n\t\t\t\t<div class=\"elementor-widget-container\">\n\t\t\t\t\t<h2 class=\"elementor-heading-title elementor-size-default\">AI Demandez \u00e0 notre intelligence artificielle<\/h2>\t\t\t\t<\/div>\n\t\t\t\t<\/div>\n\t\t\t\t\t<\/div>\n\t\t<\/div>\n\t\t\t\t\t<\/div>\n\t\t<\/section>\n\t\t\t\t<section class=\"elementor-section elementor-top-section elementor-element elementor-element-651a4b5 elementor-section-boxed elementor-section-height-default elementor-section-height-default wpr-particle-no wpr-jarallax-no wpr-parallax-no wpr-sticky-section-no\" data-id=\"651a4b5\" data-element_type=\"section\">\n\t\t\t\t\t\t<div class=\"elementor-container elementor-column-gap-default\">\n\t\t\t\t\t<div class=\"elementor-column elementor-col-100 elementor-top-column elementor-element elementor-element-358b473\" data-id=\"358b473\" data-element_type=\"column\">\n\t\t\t<div class=\"elementor-widget-wrap elementor-element-populated\">\n\t\t\t\t\t\t<div class=\"elementor-element elementor-element-1d65db0 elementor-widget elementor-widget-text-editor\" data-id=\"1d65db0\" data-element_type=\"widget\" data-widget_type=\"text-editor.default\">\n\t\t\t\t<div class=\"elementor-widget-container\">\n\t\t\t\t\t\t\t\t\t<p><strong>Bienvenue sur notre plateforme d&rsquo;assistance intelligente<\/strong><\/p><p><strong> <\/strong><\/p><p>Dans cette section de notre site, nous vous offrons un outil unique et puissant : l&rsquo;acc\u00e8s direct \u00e0 notre assistant d&rsquo;intelligence artificielle, con\u00e7u pour vous guider et vous fournir des r\u00e9ponses rapides sur le contenu et les ressources disponibles sur notre site. Cet outil est <b>publi\u00e9 \u00e0 titre d&rsquo;essai.<\/b><\/p><p> <\/p><p>Cet assistant est une ressource extraordinaire pour vous aider \u00e0 naviguer dans notre large \u00e9ventail d&rsquo;informations, d&rsquo;articles, de recherches et plus encore. Cependant, il est essentiel de comprendre que, bien que cet outil soit l\u00e0 pour faciliter votre recherche de connaissances et r\u00e9soudre vos doutes de mani\u00e8re efficace, il <strong>ne repr\u00e9sente pas les paroles ou les conseils directs d&rsquo;Andreas Kalcker<\/strong>.<\/p><p> <\/p><p>L&rsquo;intelligence artificielle est une technologie avanc\u00e9e qui apprend \u00e0 partir de grandes quantit\u00e9s d&rsquo;informations et s&rsquo;efforce de fournir des r\u00e9ponses pr\u00e9cises et pertinentes. Cependant, comme toutes les technologies, elle n&rsquo;est pas infaillible. Il est possible que, dans certains cas, les informations fournies par cet assistant ne soient pas tout \u00e0 fait exactes ou qu&rsquo;elles soient d\u00e9pass\u00e9es par rapport aux derni\u00e8res d\u00e9couvertes ou publications sur notre site web officiel.l, <a href=\"https:\/\/andreaskalcker.com\/fr\/\" target=\"_blank\" rel=\"noopener\">andreaskalcker.com<\/a>.<\/p><p> <\/p><p>Nous vous invitons donc \u00e0 utiliser ce service comme un point de d\u00e9part, une premi\u00e8re aide dans votre recherche d&rsquo;informations. Mais n&rsquo;oubliez jamais <strong>v\u00e9rifier les informations par rapport au contenu publi\u00e9 directement sur notre site officiel<\/strong>. Ainsi, les d\u00e9cisions que vous prendrez seront bas\u00e9es sur les informations les plus pr\u00e9cises et les plus r\u00e9centes.<\/p><p> <\/p><p>Notre objectif est de vous donner les moyens d&rsquo;acqu\u00e9rir des connaissances et de vous permettre d&rsquo;acc\u00e9der \u00e0 des informations essentielles. Nous sommes l\u00e0 pour vous aider, mais votre discernement et votre v\u00e9rification sont la cl\u00e9 d&rsquo;une information compl\u00e8te et pr\u00e9cise.<\/p><p> <\/p><p><strong>Comment utiliser ce service?<\/strong><\/p><p><strong> <\/strong><\/p><p>Cliquez sur le bouton flottant de ce site Web avec l&rsquo;image d&rsquo;Andreas AI et saisissez simplement votre question dans le champ de texte pr\u00e9vu \u00e0 cet effet. Notre assistant d&rsquo;intelligence artificielle s&rsquo;efforcera de vous donner une r\u00e9ponse en se basant sur le vaste contenu disponible sur notre site. Que vous ayez des questions sur une recherche sp\u00e9cifique, que vous recherchiez des articles sur un sujet particulier ou que vous ayez besoin de conseils pour savoir o\u00f9 trouver certaines ressources, notre assistant est con\u00e7u pour vous aider.<\/p><p> <\/p><p><b>N&rsquo;oubliez pas que les informations fournies par cet outil sont un guide. Votre meilleure ressource sera toujours le contenu valid\u00e9 fourni directement par Andreas Kalcker et son \u00e9quipe \u00e0 l&rsquo;adresse suivante <a href=\"https:\/\/andreaskalcker.com\/fr\/\" target=\"_blank\" rel=\"noopener\">andreaskalcker.com<\/a>.<\/b><\/p><p> <\/p><p><strong>Nous vous remercions de votre visite et de votre int\u00e9r\u00eat. Nous sommes l\u00e0 pour vous aider \u00e0 d\u00e9couvrir et \u00e0 explorer !<\/strong><\/p>\t\t\t\t\t\t\t\t<\/div>\n\t\t\t\t<\/div>\n\t\t\t\t<div class=\"elementor-element elementor-element-d033a3d elementor-widget elementor-widget-html\" data-id=\"d033a3d\" data-element_type=\"widget\" data-widget_type=\"html.default\">\n\t\t\t\t<div class=\"elementor-widget-container\">\n\t\t\t\t\t<script>var script = document.createElement(\"script\");\n                    script.async = true;\n                    script.id = \"chatbotscript\";\n                    script.dataset.accountid = \"hyk2IvGD5SGuGBiDWtrGgg==\";\n                    script.dataset.websiteid = \"hiW1WmQNNIba1r5TlLDQgg==\";\n                    script.src = \"https:\/\/app.robofy.ai\/bot\/js\/encChatWidget.js?v=\" + new Date().getTime();\n                    document.head.appendChild(script);\n            <\/script>\t\t\t\t<\/div>\n\t\t\t\t<\/div>\n\t\t\t\t\t<\/div>\n\t\t<\/div>\n\t\t\t\t\t<\/div>\n\t\t<\/section>\n\t\t\t\t<\/div>\n\t\t","protected":false},"excerpt":{"rendered":"<p>Bienvenue sur notre plateforme d&rsquo;assistance intelligente Dans cette section de notre site, nous vous offrons un outil unique et puissant : l&rsquo;acc\u00e8s direct \u00e0 notre assistant d&rsquo;intelligence artificielle, con\u00e7u pour vous guider et vous fournir des r\u00e9ponses rapides sur le contenu et les ressources disponibles sur notre site. Cet outil est publi\u00e9 \u00e0 titre d&rsquo;essai. Cet assistant est une ressource extraordinaire pour vous aider \u00e0 naviguer dans notre large \u00e9ventail d&rsquo;informations, d&rsquo;articles, de recherches et plus encore. Cependant, il est essentiel de comprendre que, bien que cet outil soit l\u00e0 pour faciliter votre recherche de connaissances et r\u00e9soudre vos doutes de mani\u00e8re efficace, il ne repr\u00e9sente pas les paroles ou les conseils directs d&rsquo;Andreas Kalcker. L&rsquo;intelligence artificielle est une technologie avanc\u00e9e qui apprend \u00e0 partir de grandes quantit\u00e9s d&rsquo;informations et s&rsquo;efforce de fournir des r\u00e9ponses pr\u00e9cises et pertinentes. Cependant, comme toutes les technologies, elle n&rsquo;est pas infaillible. Il est possible que, dans certains cas, les informations fournies par cet assistant ne soient pas tout \u00e0 fait exactes ou qu&rsquo;elles soient d\u00e9pass\u00e9es par rapport aux derni\u00e8res d\u00e9couvertes ou publications sur notre site web officiel.l, andreaskalcker.com. Nous vous invitons donc \u00e0 utiliser ce service comme un point de d\u00e9part, une premi\u00e8re aide dans votre recherche d&rsquo;informations. Mais n&rsquo;oubliez jamais v\u00e9rifier les informations par rapport au contenu publi\u00e9 directement sur notre site officiel. Ainsi, les d\u00e9cisions que vous prendrez seront bas\u00e9es sur les informations les plus pr\u00e9cises et les plus r\u00e9centes. Notre objectif est de vous donner les moyens d&rsquo;acqu\u00e9rir des connaissances et de vous permettre d&rsquo;acc\u00e9der \u00e0 des informations essentielles. Nous sommes l\u00e0 pour vous aider, mais votre discernement et votre v\u00e9rification sont la cl\u00e9 d&rsquo;une information compl\u00e8te et pr\u00e9cise. Comment utiliser ce service? Cliquez sur le bouton flottant de ce site Web avec l&rsquo;image d&rsquo;Andreas AI et saisissez simplement votre question dans le champ de texte pr\u00e9vu \u00e0 cet effet. Notre assistant d&rsquo;intelligence artificielle s&rsquo;efforcera de vous donner une r\u00e9ponse en se basant sur le vaste contenu disponible sur notre site. Que vous ayez des questions sur une recherche sp\u00e9cifique, que vous recherchiez des articles sur un sujet particulier ou que vous ayez besoin de conseils pour savoir o\u00f9 trouver certaines ressources, notre assistant est con\u00e7u pour vous aider. N&rsquo;oubliez pas que les informations fournies par cet outil sont un guide. Votre meilleure ressource sera toujours le contenu valid\u00e9 fourni directement par Andreas Kalcker et son \u00e9quipe \u00e0 l&rsquo;adresse suivante andreaskalcker.com. Nous vous remercions de votre visite et de votre int\u00e9r\u00eat. Nous sommes l\u00e0 pour vous aider \u00e0 d\u00e9couvrir et \u00e0 explorer !<\/p>\n","protected":false},"author":1,"featured_media":0,"parent":0,"menu_order":0,"comment_status":"closed","ping_status":"closed","template":"","meta":{"footnotes":""},"class_list":["post-14266","page","type-page","status-publish"],"yoast_head":"<!-- This site is optimized with the Yoast SEO Premium plugin v22.2 (Yoast SEO v25.8) - https:\/\/yoast.com\/wordpress\/plugins\/seo\/ -->\n<title>AI Demandez \u00e0 notre intelligence artificielle - Andreas Kalcker<\/title>\n<meta name=\"robots\" content=\"index, follow, max-snippet:-1, max-image-preview:large, max-video-preview:-1\" \/>\n<link rel=\"canonical\" href=\"https:\/\/andreaskalcker.com\/ia-pregunta-a-nuestra-inteligencia-artificial\/\" \/>\n<meta property=\"og:locale\" content=\"fr_FR\" \/>\n<meta property=\"og:type\" content=\"article\" \/>\n<meta property=\"og:title\" content=\"AI Demandez \u00e0 notre intelligence artificielle\" \/>\n<meta property=\"og:description\" content=\"Bienvenue sur notre plateforme d&rsquo;assistance intelligente Dans cette section de notre site, nous vous offrons un outil unique et puissant : l&rsquo;acc\u00e8s direct \u00e0 notre assistant d&rsquo;intelligence artificielle, con\u00e7u pour vous guider et vous fournir des r\u00e9ponses rapides sur le contenu et les ressources disponibles sur notre site. Cet outil est publi\u00e9 \u00e0 titre d&rsquo;essai. Cet assistant est une ressource extraordinaire pour vous aider \u00e0 naviguer dans notre large \u00e9ventail d&rsquo;informations, d&rsquo;articles, de recherches et plus encore. Cependant, il est essentiel de comprendre que, bien que cet outil soit l\u00e0 pour faciliter votre recherche de connaissances et r\u00e9soudre vos doutes de mani\u00e8re efficace, il ne repr\u00e9sente pas les paroles ou les conseils directs d&rsquo;Andreas Kalcker. L&rsquo;intelligence artificielle est une technologie avanc\u00e9e qui apprend \u00e0 partir de grandes quantit\u00e9s d&rsquo;informations et s&rsquo;efforce de fournir des r\u00e9ponses pr\u00e9cises et pertinentes. Cependant, comme toutes les technologies, elle n&rsquo;est pas infaillible. Il est possible que, dans certains cas, les informations fournies par cet assistant ne soient pas tout \u00e0 fait exactes ou qu&rsquo;elles soient d\u00e9pass\u00e9es par rapport aux derni\u00e8res d\u00e9couvertes ou publications sur notre site web officiel.l, andreaskalcker.com. Nous vous invitons donc \u00e0 utiliser ce service comme un point de d\u00e9part, une premi\u00e8re aide dans votre recherche d&rsquo;informations. Mais n&rsquo;oubliez jamais v\u00e9rifier les informations par rapport au contenu publi\u00e9 directement sur notre site officiel. Ainsi, les d\u00e9cisions que vous prendrez seront bas\u00e9es sur les informations les plus pr\u00e9cises et les plus r\u00e9centes. Notre objectif est de vous donner les moyens d&rsquo;acqu\u00e9rir des connaissances et de vous permettre d&rsquo;acc\u00e9der \u00e0 des informations essentielles. Nous sommes l\u00e0 pour vous aider, mais votre discernement et votre v\u00e9rification sont la cl\u00e9 d&rsquo;une information compl\u00e8te et pr\u00e9cise. Comment utiliser ce service? Cliquez sur le bouton flottant de ce site Web avec l&rsquo;image d&rsquo;Andreas AI et saisissez simplement votre question dans le champ de texte pr\u00e9vu \u00e0 cet effet. Notre assistant d&rsquo;intelligence artificielle s&rsquo;efforcera de vous donner une r\u00e9ponse en se basant sur le vaste contenu disponible sur notre site. Que vous ayez des questions sur une recherche sp\u00e9cifique, que vous recherchiez des articles sur un sujet particulier ou que vous ayez besoin de conseils pour savoir o\u00f9 trouver certaines ressources, notre assistant est con\u00e7u pour vous aider. N&rsquo;oubliez pas que les informations fournies par cet outil sont un guide. Votre meilleure ressource sera toujours le contenu valid\u00e9 fourni directement par Andreas Kalcker et son \u00e9quipe \u00e0 l&rsquo;adresse suivante andreaskalcker.com. Nous vous remercions de votre visite et de votre int\u00e9r\u00eat. Nous sommes l\u00e0 pour vous aider \u00e0 d\u00e9couvrir et \u00e0 explorer !\" \/>\n<meta property=\"og:url\" content=\"https:\/\/andreaskalcker.com\/ia-pregunta-a-nuestra-inteligencia-artificial\/\" \/>\n<meta property=\"og:site_name\" content=\"Andreas Kalcker\" \/>\n<meta property=\"article:modified_time\" content=\"2025-02-17T10:24:12+00:00\" \/>\n<meta name=\"twitter:card\" content=\"summary_large_image\" \/>\n<meta name=\"twitter:label1\" content=\"Dur\u00e9e de lecture estim\u00e9e\" \/>\n\t<meta name=\"twitter:data1\" content=\"2 minutes\" \/>\n<script type=\"application\/ld+json\" class=\"yoast-schema-graph\">{\"@context\":\"https:\/\/schema.org\",\"@graph\":[{\"@type\":\"WebPage\",\"@id\":\"https:\/\/andreaskalcker.com\/ia-pregunta-a-nuestra-inteligencia-artificial\/\",\"url\":\"https:\/\/andreaskalcker.com\/ia-pregunta-a-nuestra-inteligencia-artificial\/\",\"name\":\"AI Demandez \u00e0 notre intelligence artificielle - Andreas Kalcker\",\"isPartOf\":{\"@id\":\"https:\/\/andreaskalcker.com\/#website\"},\"datePublished\":\"2024-03-18T07:28:42+00:00\",\"dateModified\":\"2025-02-17T10:24:12+00:00\",\"breadcrumb\":{\"@id\":\"https:\/\/andreaskalcker.com\/ia-pregunta-a-nuestra-inteligencia-artificial\/#breadcrumb\"},\"inLanguage\":\"fr-FR\",\"potentialAction\":[{\"@type\":\"ReadAction\",\"target\":[\"https:\/\/andreaskalcker.com\/ia-pregunta-a-nuestra-inteligencia-artificial\/\"]}]},{\"@type\":\"BreadcrumbList\",\"@id\":\"https:\/\/andreaskalcker.com\/ia-pregunta-a-nuestra-inteligencia-artificial\/#breadcrumb\",\"itemListElement\":[{\"@type\":\"ListItem\",\"position\":1,\"name\":\"Portada\",\"item\":\"https:\/\/andreaskalcker.com\/\"},{\"@type\":\"ListItem\",\"position\":2,\"name\":\"AI Demandez \u00e0 notre intelligence artificielle\"}]},{\"@type\":\"WebSite\",\"@id\":\"https:\/\/andreaskalcker.com\/#website\",\"url\":\"https:\/\/andreaskalcker.com\/\",\"name\":\"Andreas Kalcker\",\"description\":\"Official website\",\"potentialAction\":[{\"@type\":\"SearchAction\",\"target\":{\"@type\":\"EntryPoint\",\"urlTemplate\":\"https:\/\/andreaskalcker.com\/?s={search_term_string}\"},\"query-input\":{\"@type\":\"PropertyValueSpecification\",\"valueRequired\":true,\"valueName\":\"search_term_string\"}}],\"inLanguage\":\"fr-FR\"}]}<\/script>\n<!-- \/ Yoast SEO Premium plugin. -->","yoast_head_json":{"title":"AI Demandez \u00e0 notre intelligence artificielle - Andreas Kalcker","robots":{"index":"index","follow":"follow","max-snippet":"max-snippet:-1","max-image-preview":"max-image-preview:large","max-video-preview":"max-video-preview:-1"},"canonical":"https:\/\/andreaskalcker.com\/ia-pregunta-a-nuestra-inteligencia-artificial\/","og_locale":"fr_FR","og_type":"article","og_title":"AI Demandez \u00e0 notre intelligence artificielle","og_description":"Bienvenue sur notre plateforme d&rsquo;assistance intelligente Dans cette section de notre site, nous vous offrons un outil unique et puissant : l&rsquo;acc\u00e8s direct \u00e0 notre assistant d&rsquo;intelligence artificielle, con\u00e7u pour vous guider et vous fournir des r\u00e9ponses rapides sur le contenu et les ressources disponibles sur notre site. Cet outil est publi\u00e9 \u00e0 titre d&rsquo;essai. Cet assistant est une ressource extraordinaire pour vous aider \u00e0 naviguer dans notre large \u00e9ventail d&rsquo;informations, d&rsquo;articles, de recherches et plus encore. Cependant, il est essentiel de comprendre que, bien que cet outil soit l\u00e0 pour faciliter votre recherche de connaissances et r\u00e9soudre vos doutes de mani\u00e8re efficace, il ne repr\u00e9sente pas les paroles ou les conseils directs d&rsquo;Andreas Kalcker. L&rsquo;intelligence artificielle est une technologie avanc\u00e9e qui apprend \u00e0 partir de grandes quantit\u00e9s d&rsquo;informations et s&rsquo;efforce de fournir des r\u00e9ponses pr\u00e9cises et pertinentes. Cependant, comme toutes les technologies, elle n&rsquo;est pas infaillible. Il est possible que, dans certains cas, les informations fournies par cet assistant ne soient pas tout \u00e0 fait exactes ou qu&rsquo;elles soient d\u00e9pass\u00e9es par rapport aux derni\u00e8res d\u00e9couvertes ou publications sur notre site web officiel.l, andreaskalcker.com. Nous vous invitons donc \u00e0 utiliser ce service comme un point de d\u00e9part, une premi\u00e8re aide dans votre recherche d&rsquo;informations. Mais n&rsquo;oubliez jamais v\u00e9rifier les informations par rapport au contenu publi\u00e9 directement sur notre site officiel. Ainsi, les d\u00e9cisions que vous prendrez seront bas\u00e9es sur les informations les plus pr\u00e9cises et les plus r\u00e9centes. Notre objectif est de vous donner les moyens d&rsquo;acqu\u00e9rir des connaissances et de vous permettre d&rsquo;acc\u00e9der \u00e0 des informations essentielles. Nous sommes l\u00e0 pour vous aider, mais votre discernement et votre v\u00e9rification sont la cl\u00e9 d&rsquo;une information compl\u00e8te et pr\u00e9cise. Comment utiliser ce service? Cliquez sur le bouton flottant de ce site Web avec l&rsquo;image d&rsquo;Andreas AI et saisissez simplement votre question dans le champ de texte pr\u00e9vu \u00e0 cet effet. Notre assistant d&rsquo;intelligence artificielle s&rsquo;efforcera de vous donner une r\u00e9ponse en se basant sur le vaste contenu disponible sur notre site. Que vous ayez des questions sur une recherche sp\u00e9cifique, que vous recherchiez des articles sur un sujet particulier ou que vous ayez besoin de conseils pour savoir o\u00f9 trouver certaines ressources, notre assistant est con\u00e7u pour vous aider. N&rsquo;oubliez pas que les informations fournies par cet outil sont un guide. Votre meilleure ressource sera toujours le contenu valid\u00e9 fourni directement par Andreas Kalcker et son \u00e9quipe \u00e0 l&rsquo;adresse suivante andreaskalcker.com. Nous vous remercions de votre visite et de votre int\u00e9r\u00eat. Nous sommes l\u00e0 pour vous aider \u00e0 d\u00e9couvrir et \u00e0 explorer !","og_url":"https:\/\/andreaskalcker.com\/ia-pregunta-a-nuestra-inteligencia-artificial\/","og_site_name":"Andreas Kalcker","article_modified_time":"2025-02-17T10:24:12+00:00","twitter_card":"summary_large_image","twitter_misc":{"Dur\u00e9e de lecture estim\u00e9e":"2 minutes"},"schema":{"@context":"https:\/\/schema.org","@graph":[{"@type":"WebPage","@id":"https:\/\/andreaskalcker.com\/ia-pregunta-a-nuestra-inteligencia-artificial\/","url":"https:\/\/andreaskalcker.com\/ia-pregunta-a-nuestra-inteligencia-artificial\/","name":"AI Demandez \u00e0 notre intelligence artificielle - Andreas Kalcker","isPartOf":{"@id":"https:\/\/andreaskalcker.com\/#website"},"datePublished":"2024-03-18T07:28:42+00:00","dateModified":"2025-02-17T10:24:12+00:00","breadcrumb":{"@id":"https:\/\/andreaskalcker.com\/ia-pregunta-a-nuestra-inteligencia-artificial\/#breadcrumb"},"inLanguage":"fr-FR","potentialAction":[{"@type":"ReadAction","target":["https:\/\/andreaskalcker.com\/ia-pregunta-a-nuestra-inteligencia-artificial\/"]}]},{"@type":"BreadcrumbList","@id":"https:\/\/andreaskalcker.com\/ia-pregunta-a-nuestra-inteligencia-artificial\/#breadcrumb","itemListElement":[{"@type":"ListItem","position":1,"name":"Portada","item":"https:\/\/andreaskalcker.com\/"},{"@type":"ListItem","position":2,"name":"AI Demandez \u00e0 notre intelligence artificielle"}]},{"@type":"WebSite","@id":"https:\/\/andreaskalcker.com\/#website","url":"https:\/\/andreaskalcker.com\/","name":"Andreas Kalcker","description":"Official website","potentialAction":[{"@type":"SearchAction","target":{"@type":"EntryPoint","urlTemplate":"https:\/\/andreaskalcker.com\/?s={search_term_string}"},"query-input":{"@type":"PropertyValueSpecification","valueRequired":true,"valueName":"search_term_string"}}],"inLanguage":"fr-FR"}]}},"_links":{"self":[{"href":"https:\/\/andreaskalcker.com\/fr\/wp-json\/wp\/v2\/pages\/14266","targetHints":{"allow":["GET"]}}],"collection":[{"href":"https:\/\/andreaskalcker.com\/fr\/wp-json\/wp\/v2\/pages"}],"about":[{"href":"https:\/\/andreaskalcker.com\/fr\/wp-json\/wp\/v2\/types\/page"}],"author":[{"embeddable":true,"href":"https:\/\/andreaskalcker.com\/fr\/wp-json\/wp\/v2\/users\/1"}],"replies":[{"embeddable":true,"href":"https:\/\/andreaskalcker.com\/fr\/wp-json\/wp\/v2\/comments?post=14266"}],"version-history":[{"count":0,"href":"https:\/\/andreaskalcker.com\/fr\/wp-json\/wp\/v2\/pages\/14266\/revisions"}],"wp:attachment":[{"href":"https:\/\/andreaskalcker.com\/fr\/wp-json\/wp\/v2\/media?parent=14266"}],"curies":[{"name":"wp","href":"https:\/\/api.w.org\/{rel}","templated":true}]}}