{"id":14297,"date":"2023-10-31T09:33:27","date_gmt":"2023-10-31T08:33:27","guid":{"rendered":"https:\/\/andreaskalcker.com\/calculatrice-de-chlorite-de-sodium\/"},"modified":"2025-04-26T09:44:51","modified_gmt":"2025-04-26T07:44:51","slug":"calculatrice-de-chlorite-de-sodium","status":"publish","type":"page","link":"https:\/\/andreaskalcker.com\/fr\/calculatrice-de-chlorite-de-sodium\/","title":{"rendered":"Calculatrice de chlorite de sodium"},"content":{"rendered":"\t\t<div data-elementor-type=\"wp-page\" data-elementor-id=\"14297\" class=\"elementor elementor-14297 elementor-4164\" data-elementor-post-type=\"page\">\n\t\t\t\t\t\t<section class=\"elementor-section elementor-top-section elementor-element elementor-element-3e27558d elementor-section-boxed elementor-section-height-default elementor-section-height-default wpr-particle-no wpr-jarallax-no wpr-parallax-no wpr-sticky-section-no\" data-id=\"3e27558d\" data-element_type=\"section\" data-settings=\"{&quot;background_background&quot;:&quot;classic&quot;,&quot;background_motion_fx_motion_fx_scrolling&quot;:&quot;yes&quot;,&quot;background_motion_fx_motion_fx_mouse&quot;:&quot;yes&quot;,&quot;background_motion_fx_mouseTrack_effect&quot;:&quot;yes&quot;,&quot;background_motion_fx_devices&quot;:[&quot;desktop&quot;,&quot;tablet&quot;,&quot;mobile&quot;],&quot;background_motion_fx_mouseTrack_speed&quot;:{&quot;unit&quot;:&quot;px&quot;,&quot;size&quot;:1,&quot;sizes&quot;:[]}}\">\n\t\t\t\t\t\t<div class=\"elementor-container elementor-column-gap-default\">\n\t\t\t\t\t<div class=\"elementor-column elementor-col-100 elementor-top-column elementor-element elementor-element-15e13ced\" data-id=\"15e13ced\" data-element_type=\"column\">\n\t\t\t<div class=\"elementor-widget-wrap elementor-element-populated\">\n\t\t\t\t\t\t<div class=\"elementor-element elementor-element-78cc5c9e elementor-widget elementor-widget-heading\" data-id=\"78cc5c9e\" data-element_type=\"widget\" data-widget_type=\"heading.default\">\n\t\t\t\t<div class=\"elementor-widget-container\">\n\t\t\t\t\t<h2 class=\"elementor-heading-title elementor-size-default\">Calculatrice de chlorite de sodium<\/h2>\t\t\t\t<\/div>\n\t\t\t\t<\/div>\n\t\t\t\t<div class=\"elementor-element elementor-element-793a4b9 elementor-widget elementor-widget-heading\" data-id=\"793a4b9\" data-element_type=\"widget\" data-widget_type=\"heading.default\">\n\t\t\t\t<div class=\"elementor-widget-container\">\n\t\t\t\t\t<h5 class=\"elementor-heading-title elementor-size-default\">calcule la concentration souhait\u00e9e<\/h5>\t\t\t\t<\/div>\n\t\t\t\t<\/div>\n\t\t\t\t\t<\/div>\n\t\t<\/div>\n\t\t\t\t\t<\/div>\n\t\t<\/section>\n\t\t\t\t<section class=\"elementor-section elementor-top-section elementor-element elementor-element-59a840b elementor-section-boxed elementor-section-height-default elementor-section-height-default wpr-particle-no wpr-jarallax-no wpr-parallax-no wpr-sticky-section-no\" data-id=\"59a840b\" data-element_type=\"section\">\n\t\t\t\t\t\t<div class=\"elementor-container elementor-column-gap-default\">\n\t\t\t\t\t<div class=\"elementor-column elementor-col-100 elementor-top-column elementor-element elementor-element-a52ea32\" data-id=\"a52ea32\" data-element_type=\"column\">\n\t\t\t<div class=\"elementor-widget-wrap elementor-element-populated\">\n\t\t\t\t\t\t<div class=\"elementor-element elementor-element-7212940 elementor-widget elementor-widget-text-editor\" data-id=\"7212940\" data-element_type=\"widget\" data-widget_type=\"text-editor.default\">\n\t\t\t\t<div class=\"elementor-widget-container\">\n\t\t\t\t\t\t\t\t\t<p><b>Ce calculateur vous permet de d\u00e9terminer la quantit\u00e9 d&rsquo;eau n\u00e9cessaire pour atteindre une concentration souhait\u00e9e d&rsquo;une substance en poudre.<\/b><\/p><p> <\/p><p>Pour utiliser cette calculatrice, suivez les \u00e9tapes suivantes :<\/p><p> <\/p><ol><li>Saisir la valeur \u00ab\u00a0Puret\u00e9 de la poudre (%)\u00a0\u00bb dans le champ correspondant.<\/li><li>Entrez la \u00ab\u00a0quantit\u00e9 de poudre (grammes)\u00a0\u00bb dans le champ correspondant.<\/li><li>Saisir la \u00ab\u00a0Concentration souhait\u00e9e (%)\u00a0\u00bb dans le champ appropri\u00e9.<\/li><li>Cliquez sur le bouton \u00ab\u00a0Calculer\u00a0\u00bb.<\/li><li>Le r\u00e9sultat, la \u00ab\u00a0quantit\u00e9 d&rsquo;eau (ml)\u00a0\u00bb, s&rsquo;affiche dans le champ correspondant.<\/li><\/ol><p>Si vous souhaitez effacer les valeurs saisies et recommencer, vous pouvez cliquer sur le bouton <b>Limpiar<\/b>.<\/p>\t\t\t\t\t\t\t\t<\/div>\n\t\t\t\t<\/div>\n\t\t\t\t<div class=\"elementor-element elementor-element-830658b elementor-widget-divider--view-line elementor-widget elementor-widget-divider\" data-id=\"830658b\" data-element_type=\"widget\" data-widget_type=\"divider.default\">\n\t\t\t\t<div class=\"elementor-widget-container\">\n\t\t\t\t\t\t\t<div class=\"elementor-divider\">\n\t\t\t<span class=\"elementor-divider-separator\">\n\t\t\t\t\t\t<\/span>\n\t\t<\/div>\n\t\t\t\t\t\t<\/div>\n\t\t\t\t<\/div>\n\t\t\t\t\t<\/div>\n\t\t<\/div>\n\t\t\t\t\t<\/div>\n\t\t<\/section>\n\t\t\t\t<section class=\"elementor-section elementor-top-section elementor-element elementor-element-25cbb62 elementor-section-boxed elementor-section-height-default elementor-section-height-default wpr-particle-no wpr-jarallax-no wpr-parallax-no wpr-sticky-section-no\" data-id=\"25cbb62\" data-element_type=\"section\" data-settings=\"{&quot;background_background&quot;:&quot;classic&quot;}\">\n\t\t\t\t\t\t<div class=\"elementor-container elementor-column-gap-default\">\n\t\t\t\t\t<div class=\"elementor-column elementor-col-100 elementor-top-column elementor-element elementor-element-3e00097\" data-id=\"3e00097\" data-element_type=\"column\">\n\t\t\t<div class=\"elementor-widget-wrap elementor-element-populated\">\n\t\t\t\t\t\t<div class=\"elementor-element elementor-element-eaae9f5 elementor-widget elementor-widget-html\" data-id=\"eaae9f5\" data-element_type=\"widget\" data-widget_type=\"html.default\">\n\t\t\t\t<div class=\"elementor-widget-container\">\n\t\t\t\t\t<div class=\"calculator\">\n    <label for=\"purity\">Puret\u00e9 de la poudre (%)<\/label>\n    <input type=\"number\" id=\"purity\" class=\"input-field\">\n    \n    <label for=\"amount\">Quantit\u00e9 de Poudre (grammes)<\/label>\n    <input type=\"number\" id=\"amount\" class=\"input-field\">\n    \n    <label for=\"concentration\">Concentration D\u00e9sir\u00e9e (%)<\/label>\n    <input type=\"number\" id=\"concentration\" class=\"input-field\">\n    \n    <!-- Espacio para mostrar el resultado en formato de texto justo encima de los botones -->\n    <p id=\"resultText\"><\/p>\n    \n    <div class=\"button-container\">\n        <button onclick=\"calculate()\" class=\"button\">Calculer<\/button>\n        <button onclick=\"clearFields()\" class=\"button clear\">Effacer<\/button>\n    <\/div>\n<\/div>\t\t\t\t<\/div>\n\t\t\t\t<\/div>\n\t\t\t\t\t<\/div>\n\t\t<\/div>\n\t\t\t\t\t<\/div>\n\t\t<\/section>\n\t\t\t\t<section class=\"elementor-section elementor-top-section elementor-element elementor-element-bf83f42 elementor-section-boxed elementor-section-height-default elementor-section-height-default wpr-particle-no wpr-jarallax-no wpr-parallax-no wpr-sticky-section-no\" data-id=\"bf83f42\" data-element_type=\"section\">\n\t\t\t\t\t\t<div class=\"elementor-container elementor-column-gap-default\">\n\t\t\t\t\t<div class=\"elementor-column elementor-col-100 elementor-top-column elementor-element elementor-element-1d13b41\" data-id=\"1d13b41\" data-element_type=\"column\">\n\t\t\t<div class=\"elementor-widget-wrap elementor-element-populated\">\n\t\t\t\t\t\t<div class=\"elementor-element elementor-element-f69b7c9 elementor-widget elementor-widget-spacer\" data-id=\"f69b7c9\" data-element_type=\"widget\" data-widget_type=\"spacer.default\">\n\t\t\t\t<div class=\"elementor-widget-container\">\n\t\t\t\t\t\t\t<div class=\"elementor-spacer\">\n\t\t\t<div class=\"elementor-spacer-inner\"><\/div>\n\t\t<\/div>\n\t\t\t\t\t\t<\/div>\n\t\t\t\t<\/div>\n\t\t\t\t\t<\/div>\n\t\t<\/div>\n\t\t\t\t\t<\/div>\n\t\t<\/section>\n\t\t\t\t<\/div>\n\t\t","protected":false},"excerpt":{"rendered":"<p>calcule la concentration souhait\u00e9e Ce calculateur vous permet de d\u00e9terminer la quantit\u00e9 d&rsquo;eau n\u00e9cessaire pour atteindre une concentration souhait\u00e9e d&rsquo;une substance en poudre. Pour utiliser cette calculatrice, suivez les \u00e9tapes suivantes : Saisir la valeur \u00ab\u00a0Puret\u00e9 de la poudre (%)\u00a0\u00bb dans le champ correspondant. Entrez la \u00ab\u00a0quantit\u00e9 de poudre (grammes)\u00a0\u00bb dans le champ correspondant. Saisir la \u00ab\u00a0Concentration souhait\u00e9e (%)\u00a0\u00bb dans le champ appropri\u00e9. Cliquez sur le bouton \u00ab\u00a0Calculer\u00a0\u00bb. Le r\u00e9sultat, la \u00ab\u00a0quantit\u00e9 d&rsquo;eau (ml)\u00a0\u00bb, s&rsquo;affiche dans le champ correspondant. Si vous souhaitez effacer les valeurs saisies et recommencer, vous pouvez cliquer sur le bouton Limpiar. Puret\u00e9 de la poudre (%) Quantit\u00e9 de Poudre (grammes) Concentration D\u00e9sir\u00e9e (%) Calculer Effacer<\/p>\n","protected":false},"author":1,"featured_media":0,"parent":0,"menu_order":0,"comment_status":"closed","ping_status":"closed","template":"","meta":{"footnotes":""},"class_list":["post-14297","page","type-page","status-publish"],"yoast_head":"<!-- This site is optimized with the Yoast SEO Premium plugin v22.2 (Yoast SEO v25.8) - https:\/\/yoast.com\/wordpress\/plugins\/seo\/ -->\n<title>Calculatrice de chlorite de sodium - Andreas Kalcker<\/title>\n<meta name=\"description\" content=\"Calculatrice de chlorite de sodium. Ce calculateur vous permet de d\u00e9terminer la quantit\u00e9 d\u2019eau n\u00e9cessaire pour atteindre une concentration souhait\u00e9e d\u2019une substance en poudre.\" \/>\n<meta name=\"robots\" content=\"index, follow, max-snippet:-1, max-image-preview:large, max-video-preview:-1\" \/>\n<link rel=\"canonical\" href=\"https:\/\/andreaskalcker.com\/fr\/calculatrice-de-chlorite-de-sodium\/\" \/>\n<meta property=\"og:locale\" content=\"fr_FR\" \/>\n<meta property=\"og:type\" content=\"article\" \/>\n<meta property=\"og:title\" content=\"Calculatrice de chlorite de sodium\" \/>\n<meta property=\"og:description\" content=\"Calculatrice de chlorite de sodium. Ce calculateur vous permet de d\u00e9terminer la quantit\u00e9 d\u2019eau n\u00e9cessaire pour atteindre une concentration souhait\u00e9e d\u2019une substance en poudre.\" \/>\n<meta property=\"og:url\" content=\"https:\/\/andreaskalcker.com\/fr\/calculatrice-de-chlorite-de-sodium\/\" \/>\n<meta property=\"og:site_name\" content=\"Andreas Kalcker\" \/>\n<meta property=\"article:modified_time\" content=\"2025-04-26T07:44:51+00:00\" \/>\n<meta name=\"twitter:card\" content=\"summary_large_image\" \/>\n<meta name=\"twitter:label1\" content=\"Dur\u00e9e de lecture estim\u00e9e\" \/>\n\t<meta name=\"twitter:data1\" content=\"1 minute\" \/>\n<script type=\"application\/ld+json\" class=\"yoast-schema-graph\">{\"@context\":\"https:\/\/schema.org\",\"@graph\":[{\"@type\":\"WebPage\",\"@id\":\"https:\/\/andreaskalcker.com\/fr\/calculatrice-de-chlorite-de-sodium\/\",\"url\":\"https:\/\/andreaskalcker.com\/fr\/calculatrice-de-chlorite-de-sodium\/\",\"name\":\"Calculatrice de chlorite de sodium - Andreas Kalcker\",\"isPartOf\":{\"@id\":\"https:\/\/andreaskalcker.com\/#website\"},\"datePublished\":\"2023-10-31T08:33:27+00:00\",\"dateModified\":\"2025-04-26T07:44:51+00:00\",\"description\":\"Calculatrice de chlorite de sodium. Ce calculateur vous permet de d\u00e9terminer la quantit\u00e9 d\u2019eau n\u00e9cessaire pour atteindre une concentration souhait\u00e9e d\u2019une substance en poudre.\",\"breadcrumb\":{\"@id\":\"https:\/\/andreaskalcker.com\/fr\/calculatrice-de-chlorite-de-sodium\/#breadcrumb\"},\"inLanguage\":\"fr-FR\",\"potentialAction\":[{\"@type\":\"ReadAction\",\"target\":[\"https:\/\/andreaskalcker.com\/fr\/calculatrice-de-chlorite-de-sodium\/\"]}]},{\"@type\":\"BreadcrumbList\",\"@id\":\"https:\/\/andreaskalcker.com\/fr\/calculatrice-de-chlorite-de-sodium\/#breadcrumb\",\"itemListElement\":[{\"@type\":\"ListItem\",\"position\":1,\"name\":\"Portada\",\"item\":\"https:\/\/andreaskalcker.com\/\"},{\"@type\":\"ListItem\",\"position\":2,\"name\":\"Calculatrice de chlorite de sodium\"}]},{\"@type\":\"WebSite\",\"@id\":\"https:\/\/andreaskalcker.com\/#website\",\"url\":\"https:\/\/andreaskalcker.com\/\",\"name\":\"Andreas Kalcker\",\"description\":\"Official website\",\"potentialAction\":[{\"@type\":\"SearchAction\",\"target\":{\"@type\":\"EntryPoint\",\"urlTemplate\":\"https:\/\/andreaskalcker.com\/?s={search_term_string}\"},\"query-input\":{\"@type\":\"PropertyValueSpecification\",\"valueRequired\":true,\"valueName\":\"search_term_string\"}}],\"inLanguage\":\"fr-FR\"}]}<\/script>\n<!-- \/ Yoast SEO Premium plugin. -->","yoast_head_json":{"title":"Calculatrice de chlorite de sodium - Andreas Kalcker","description":"Calculatrice de chlorite de sodium. Ce calculateur vous permet de d\u00e9terminer la quantit\u00e9 d\u2019eau n\u00e9cessaire pour atteindre une concentration souhait\u00e9e d\u2019une substance en poudre.","robots":{"index":"index","follow":"follow","max-snippet":"max-snippet:-1","max-image-preview":"max-image-preview:large","max-video-preview":"max-video-preview:-1"},"canonical":"https:\/\/andreaskalcker.com\/fr\/calculatrice-de-chlorite-de-sodium\/","og_locale":"fr_FR","og_type":"article","og_title":"Calculatrice de chlorite de sodium","og_description":"Calculatrice de chlorite de sodium. Ce calculateur vous permet de d\u00e9terminer la quantit\u00e9 d\u2019eau n\u00e9cessaire pour atteindre une concentration souhait\u00e9e d\u2019une substance en poudre.","og_url":"https:\/\/andreaskalcker.com\/fr\/calculatrice-de-chlorite-de-sodium\/","og_site_name":"Andreas Kalcker","article_modified_time":"2025-04-26T07:44:51+00:00","twitter_card":"summary_large_image","twitter_misc":{"Dur\u00e9e de lecture estim\u00e9e":"1 minute"},"schema":{"@context":"https:\/\/schema.org","@graph":[{"@type":"WebPage","@id":"https:\/\/andreaskalcker.com\/fr\/calculatrice-de-chlorite-de-sodium\/","url":"https:\/\/andreaskalcker.com\/fr\/calculatrice-de-chlorite-de-sodium\/","name":"Calculatrice de chlorite de sodium - Andreas Kalcker","isPartOf":{"@id":"https:\/\/andreaskalcker.com\/#website"},"datePublished":"2023-10-31T08:33:27+00:00","dateModified":"2025-04-26T07:44:51+00:00","description":"Calculatrice de chlorite de sodium. Ce calculateur vous permet de d\u00e9terminer la quantit\u00e9 d\u2019eau n\u00e9cessaire pour atteindre une concentration souhait\u00e9e d\u2019une substance en poudre.","breadcrumb":{"@id":"https:\/\/andreaskalcker.com\/fr\/calculatrice-de-chlorite-de-sodium\/#breadcrumb"},"inLanguage":"fr-FR","potentialAction":[{"@type":"ReadAction","target":["https:\/\/andreaskalcker.com\/fr\/calculatrice-de-chlorite-de-sodium\/"]}]},{"@type":"BreadcrumbList","@id":"https:\/\/andreaskalcker.com\/fr\/calculatrice-de-chlorite-de-sodium\/#breadcrumb","itemListElement":[{"@type":"ListItem","position":1,"name":"Portada","item":"https:\/\/andreaskalcker.com\/"},{"@type":"ListItem","position":2,"name":"Calculatrice de chlorite de sodium"}]},{"@type":"WebSite","@id":"https:\/\/andreaskalcker.com\/#website","url":"https:\/\/andreaskalcker.com\/","name":"Andreas Kalcker","description":"Official website","potentialAction":[{"@type":"SearchAction","target":{"@type":"EntryPoint","urlTemplate":"https:\/\/andreaskalcker.com\/?s={search_term_string}"},"query-input":{"@type":"PropertyValueSpecification","valueRequired":true,"valueName":"search_term_string"}}],"inLanguage":"fr-FR"}]}},"_links":{"self":[{"href":"https:\/\/andreaskalcker.com\/fr\/wp-json\/wp\/v2\/pages\/14297","targetHints":{"allow":["GET"]}}],"collection":[{"href":"https:\/\/andreaskalcker.com\/fr\/wp-json\/wp\/v2\/pages"}],"about":[{"href":"https:\/\/andreaskalcker.com\/fr\/wp-json\/wp\/v2\/types\/page"}],"author":[{"embeddable":true,"href":"https:\/\/andreaskalcker.com\/fr\/wp-json\/wp\/v2\/users\/1"}],"replies":[{"embeddable":true,"href":"https:\/\/andreaskalcker.com\/fr\/wp-json\/wp\/v2\/comments?post=14297"}],"version-history":[{"count":0,"href":"https:\/\/andreaskalcker.com\/fr\/wp-json\/wp\/v2\/pages\/14297\/revisions"}],"wp:attachment":[{"href":"https:\/\/andreaskalcker.com\/fr\/wp-json\/wp\/v2\/media?parent=14297"}],"curies":[{"name":"wp","href":"https:\/\/api.w.org\/{rel}","templated":true}]}}