{"id":14306,"date":"2023-10-31T13:00:16","date_gmt":"2023-10-31T12:00:16","guid":{"rendered":"https:\/\/andreaskalcker.com\/calculateur-de-dilution-cds\/"},"modified":"2025-04-26T09:48:39","modified_gmt":"2025-04-26T07:48:39","slug":"calculateur-de-dilution-cds","status":"publish","type":"page","link":"https:\/\/andreaskalcker.com\/fr\/calculateur-de-dilution-cds\/","title":{"rendered":"Calculateur de dilution CDS"},"content":{"rendered":"\t\t<div data-elementor-type=\"wp-page\" data-elementor-id=\"14306\" class=\"elementor elementor-14306 elementor-4189\" data-elementor-post-type=\"page\">\n\t\t\t\t\t\t<section class=\"elementor-section elementor-top-section elementor-element elementor-element-7392bb09 elementor-section-boxed elementor-section-height-default elementor-section-height-default wpr-particle-no wpr-jarallax-no wpr-parallax-no wpr-sticky-section-no\" data-id=\"7392bb09\" data-element_type=\"section\" data-settings=\"{&quot;background_background&quot;:&quot;classic&quot;,&quot;background_motion_fx_motion_fx_scrolling&quot;:&quot;yes&quot;,&quot;background_motion_fx_motion_fx_mouse&quot;:&quot;yes&quot;,&quot;background_motion_fx_mouseTrack_effect&quot;:&quot;yes&quot;,&quot;background_motion_fx_devices&quot;:[&quot;desktop&quot;,&quot;tablet&quot;,&quot;mobile&quot;],&quot;background_motion_fx_mouseTrack_speed&quot;:{&quot;unit&quot;:&quot;px&quot;,&quot;size&quot;:1,&quot;sizes&quot;:[]}}\">\n\t\t\t\t\t\t<div class=\"elementor-container elementor-column-gap-default\">\n\t\t\t\t\t<div class=\"elementor-column elementor-col-100 elementor-top-column elementor-element elementor-element-38ef62ba\" data-id=\"38ef62ba\" data-element_type=\"column\">\n\t\t\t<div class=\"elementor-widget-wrap elementor-element-populated\">\n\t\t\t\t\t\t<div class=\"elementor-element elementor-element-2eda11bb elementor-widget elementor-widget-heading\" data-id=\"2eda11bb\" data-element_type=\"widget\" data-widget_type=\"heading.default\">\n\t\t\t\t<div class=\"elementor-widget-container\">\n\t\t\t\t\t<h2 class=\"elementor-heading-title elementor-size-default\">Calculateur de dilution CDS<\/h2>\t\t\t\t<\/div>\n\t\t\t\t<\/div>\n\t\t\t\t<div class=\"elementor-element elementor-element-e21d01d elementor-widget elementor-widget-heading\" data-id=\"e21d01d\" data-element_type=\"widget\" data-widget_type=\"heading.default\">\n\t\t\t\t<div class=\"elementor-widget-container\">\n\t\t\t\t\t<h5 class=\"elementor-heading-title elementor-size-default\">PROTOCOLES C10, C15, C20 et C25.<\/h5>\t\t\t\t<\/div>\n\t\t\t\t<\/div>\n\t\t\t\t\t<\/div>\n\t\t<\/div>\n\t\t\t\t\t<\/div>\n\t\t<\/section>\n\t\t\t\t<section class=\"elementor-section elementor-top-section elementor-element elementor-element-4c9ff01 elementor-section-boxed elementor-section-height-default elementor-section-height-default wpr-particle-no wpr-jarallax-no wpr-parallax-no wpr-sticky-section-no\" data-id=\"4c9ff01\" data-element_type=\"section\">\n\t\t\t\t\t\t<div class=\"elementor-container elementor-column-gap-default\">\n\t\t\t\t\t<div class=\"elementor-column elementor-col-100 elementor-top-column elementor-element elementor-element-d99cd64\" data-id=\"d99cd64\" data-element_type=\"column\">\n\t\t\t<div class=\"elementor-widget-wrap elementor-element-populated\">\n\t\t\t\t\t\t<div class=\"elementor-element elementor-element-f92266f elementor-widget elementor-widget-text-editor\" data-id=\"f92266f\" data-element_type=\"widget\" data-widget_type=\"text-editor.default\">\n\t\t\t\t<div class=\"elementor-widget-container\">\n\t\t\t\t\t\t\t\t\t<p><b>Le calculateur fourni est un outil qui vous permet de calculer les r\u00e9sultats de diff\u00e9rents protocoles sur la base d&rsquo;une valeur sp\u00e9cifique appel\u00e9e PPM (parties par million) de CDS (dioxyde de chlore stabilis\u00e9) pour 1 litre d&rsquo;eau.<\/b><\/p><p><b> <\/b><\/p><p> <\/p><p><b>Comment utiliser le calculateur :<\/b><\/p><ol><li>Saisir le taux PPM d\u00e9sir\u00e9 du CDS dans le champ \u00ab\u00a0PPM\u00a0\u00bb.<\/li><li>Cliquez sur le bouton \u00ab\u00a0Calculer\u00a0\u00bb.<\/li><li>Les r\u00e9sultats des protocoles C10, C15, C20 et C25 sont exprim\u00e9s en millilitres (ml) pour 1 litre d&rsquo;eau.<\/li><li>Si vous souhaitez effacer les champs saisis et les r\u00e9sultats obtenus, cliquez sur le bouton \u00ab\u00a0Effacer\u00a0\u00bb.<\/li><\/ol><p>Pr\u00eat ! En suivant ces \u00e9tapes simples, vous pouvez utiliser la calculatrice pour obtenir les r\u00e9sultats que vous souhaitez. Rappelez-vous que cet outil est utile pour calculer les quantit\u00e9s de CDS n\u00e9cessaires dans diff\u00e9rents protocoles en fonction de la valeur PPM saisie.<\/p>\t\t\t\t\t\t\t\t<\/div>\n\t\t\t\t<\/div>\n\t\t\t\t<div class=\"elementor-element elementor-element-b1d2049 elementor-widget-divider--view-line elementor-widget elementor-widget-divider\" data-id=\"b1d2049\" data-element_type=\"widget\" data-widget_type=\"divider.default\">\n\t\t\t\t<div class=\"elementor-widget-container\">\n\t\t\t\t\t\t\t<div class=\"elementor-divider\">\n\t\t\t<span class=\"elementor-divider-separator\">\n\t\t\t\t\t\t<\/span>\n\t\t<\/div>\n\t\t\t\t\t\t<\/div>\n\t\t\t\t<\/div>\n\t\t\t\t\t<\/div>\n\t\t<\/div>\n\t\t\t\t\t<\/div>\n\t\t<\/section>\n\t\t\t\t<section class=\"elementor-section elementor-top-section elementor-element elementor-element-7d569efc elementor-section-boxed elementor-section-height-default elementor-section-height-default wpr-particle-no wpr-jarallax-no wpr-parallax-no wpr-sticky-section-no\" data-id=\"7d569efc\" data-element_type=\"section\" data-settings=\"{&quot;background_background&quot;:&quot;classic&quot;}\">\n\t\t\t\t\t\t<div class=\"elementor-container elementor-column-gap-default\">\n\t\t\t\t\t<div class=\"elementor-column elementor-col-100 elementor-top-column elementor-element elementor-element-289bf5ec\" data-id=\"289bf5ec\" data-element_type=\"column\">\n\t\t\t<div class=\"elementor-widget-wrap elementor-element-populated\">\n\t\t\t\t\t\t<div class=\"elementor-element elementor-element-4c79be15 elementor-widget elementor-widget-html\" data-id=\"4c79be15\" data-element_type=\"widget\" data-widget_type=\"html.default\">\n\t\t\t\t<div class=\"elementor-widget-container\">\n\t\t\t\t\t<div class=\"container\">\n\n        <div class=\"input-field\">\n            <label for=\"ppm\">PPM de CDS:<\/label>\n            <input type=\"number\" id=\"ppm\" min=\"0\" step=\"any\">\n        <\/div>\n        <button class=\"btn\" onclick=\"calculate()\">Calculer<\/button>\n        <button class=\"btn btn-clear\" onclick=\"clearFields()\">Effacer<\/button>\n        \n        <h4>R\u00e9sultats:<\/h4>\n        <p>Protocole C10: <span id=\"protocolC10\"><\/span> ml<\/p>\n        <p>Protocole C15: <span id=\"protocolC15\"><\/span> ml<\/p>\n        <p>Protocole C20: <span id=\"protocolC20\"><\/span> ml<\/p>\n        <p>Protocole C25: <span id=\"protocolC25\"><\/span> ml<\/p>\n\t\t\t\t<\/div>\n\t\t\t\t<\/div>\n\t\t\t\t\t<\/div>\n\t\t<\/div>\n\t\t\t\t\t<\/div>\n\t\t<\/section>\n\t\t\t\t<\/div>\n\t\t","protected":false},"excerpt":{"rendered":"<p>PROTOCOLES C10, C15, C20 et C25. Le calculateur fourni est un outil qui vous permet de calculer les r\u00e9sultats de diff\u00e9rents protocoles sur la base d&rsquo;une valeur sp\u00e9cifique appel\u00e9e PPM (parties par million) de CDS (dioxyde de chlore stabilis\u00e9) pour 1 litre d&rsquo;eau. &nbsp; Comment utiliser le calculateur : Saisir le taux PPM d\u00e9sir\u00e9 du CDS dans le champ \u00ab\u00a0PPM\u00a0\u00bb. Cliquez sur le bouton \u00ab\u00a0Calculer\u00a0\u00bb. Les r\u00e9sultats des protocoles C10, C15, C20 et C25 sont exprim\u00e9s en millilitres (ml) pour 1 litre d&rsquo;eau. Si vous souhaitez effacer les champs saisis et les r\u00e9sultats obtenus, cliquez sur le bouton \u00ab\u00a0Effacer\u00a0\u00bb. Pr\u00eat ! En suivant ces \u00e9tapes simples, vous pouvez utiliser la calculatrice pour obtenir les r\u00e9sultats que vous souhaitez. Rappelez-vous que cet outil est utile pour calculer les quantit\u00e9s de CDS n\u00e9cessaires dans diff\u00e9rents protocoles en fonction de la valeur PPM saisie. PPM de CDS: Calculer Effacer R\u00e9sultats: Protocole C10: ml Protocole C15: ml Protocole C20: ml Protocole C25: ml<\/p>\n","protected":false},"author":1,"featured_media":0,"parent":0,"menu_order":0,"comment_status":"closed","ping_status":"closed","template":"","meta":{"footnotes":""},"class_list":["post-14306","page","type-page","status-publish"],"yoast_head":"<!-- This site is optimized with the Yoast SEO Premium plugin v22.2 (Yoast SEO v25.8) - https:\/\/yoast.com\/wordpress\/plugins\/seo\/ -->\n<title>Calculateur de dilution CDS - Andreas Kalcker<\/title>\n<meta name=\"description\" content=\"Calculateur de dilution CDS. Le calculateur fourni est un outil qui vous permet de calculer les r\u00e9sultats de diff\u00e9rents protocoles sur la base d\u2019une valeur sp\u00e9cifique appel\u00e9e PPM (parties par million) de CDS (dioxyde de chlore stabilis\u00e9) pour 1 litre d\u2019eau.\" \/>\n<meta name=\"robots\" content=\"index, follow, max-snippet:-1, max-image-preview:large, max-video-preview:-1\" \/>\n<link rel=\"canonical\" href=\"https:\/\/andreaskalcker.com\/fr\/calculateur-de-dilution-cds\/\" \/>\n<meta property=\"og:locale\" content=\"fr_FR\" \/>\n<meta property=\"og:type\" content=\"article\" \/>\n<meta property=\"og:title\" content=\"Calculateur de dilution CDS\" \/>\n<meta property=\"og:description\" content=\"Calculateur de dilution CDS. Le calculateur fourni est un outil qui vous permet de calculer les r\u00e9sultats de diff\u00e9rents protocoles sur la base d\u2019une valeur sp\u00e9cifique appel\u00e9e PPM (parties par million) de CDS (dioxyde de chlore stabilis\u00e9) pour 1 litre d\u2019eau.\" \/>\n<meta property=\"og:url\" content=\"https:\/\/andreaskalcker.com\/fr\/calculateur-de-dilution-cds\/\" \/>\n<meta property=\"og:site_name\" content=\"Andreas Kalcker\" \/>\n<meta property=\"article:modified_time\" content=\"2025-04-26T07:48:39+00:00\" \/>\n<meta name=\"twitter:card\" content=\"summary_large_image\" \/>\n<meta name=\"twitter:label1\" content=\"Dur\u00e9e de lecture estim\u00e9e\" \/>\n\t<meta name=\"twitter:data1\" content=\"1 minute\" \/>\n<script type=\"application\/ld+json\" class=\"yoast-schema-graph\">{\"@context\":\"https:\/\/schema.org\",\"@graph\":[{\"@type\":\"WebPage\",\"@id\":\"https:\/\/andreaskalcker.com\/fr\/calculateur-de-dilution-cds\/\",\"url\":\"https:\/\/andreaskalcker.com\/fr\/calculateur-de-dilution-cds\/\",\"name\":\"Calculateur de dilution CDS - Andreas Kalcker\",\"isPartOf\":{\"@id\":\"https:\/\/andreaskalcker.com\/#website\"},\"datePublished\":\"2023-10-31T12:00:16+00:00\",\"dateModified\":\"2025-04-26T07:48:39+00:00\",\"description\":\"Calculateur de dilution CDS. Le calculateur fourni est un outil qui vous permet de calculer les r\u00e9sultats de diff\u00e9rents protocoles sur la base d\u2019une valeur sp\u00e9cifique appel\u00e9e PPM (parties par million) de CDS (dioxyde de chlore stabilis\u00e9) pour 1 litre d\u2019eau.\",\"breadcrumb\":{\"@id\":\"https:\/\/andreaskalcker.com\/fr\/calculateur-de-dilution-cds\/#breadcrumb\"},\"inLanguage\":\"fr-FR\",\"potentialAction\":[{\"@type\":\"ReadAction\",\"target\":[\"https:\/\/andreaskalcker.com\/fr\/calculateur-de-dilution-cds\/\"]}]},{\"@type\":\"BreadcrumbList\",\"@id\":\"https:\/\/andreaskalcker.com\/fr\/calculateur-de-dilution-cds\/#breadcrumb\",\"itemListElement\":[{\"@type\":\"ListItem\",\"position\":1,\"name\":\"Portada\",\"item\":\"https:\/\/andreaskalcker.com\/\"},{\"@type\":\"ListItem\",\"position\":2,\"name\":\"Calculateur de dilution CDS\"}]},{\"@type\":\"WebSite\",\"@id\":\"https:\/\/andreaskalcker.com\/#website\",\"url\":\"https:\/\/andreaskalcker.com\/\",\"name\":\"Andreas Kalcker\",\"description\":\"Official website\",\"potentialAction\":[{\"@type\":\"SearchAction\",\"target\":{\"@type\":\"EntryPoint\",\"urlTemplate\":\"https:\/\/andreaskalcker.com\/?s={search_term_string}\"},\"query-input\":{\"@type\":\"PropertyValueSpecification\",\"valueRequired\":true,\"valueName\":\"search_term_string\"}}],\"inLanguage\":\"fr-FR\"}]}<\/script>\n<!-- \/ Yoast SEO Premium plugin. -->","yoast_head_json":{"title":"Calculateur de dilution CDS - Andreas Kalcker","description":"Calculateur de dilution CDS. Le calculateur fourni est un outil qui vous permet de calculer les r\u00e9sultats de diff\u00e9rents protocoles sur la base d\u2019une valeur sp\u00e9cifique appel\u00e9e PPM (parties par million) de CDS (dioxyde de chlore stabilis\u00e9) pour 1 litre d\u2019eau.","robots":{"index":"index","follow":"follow","max-snippet":"max-snippet:-1","max-image-preview":"max-image-preview:large","max-video-preview":"max-video-preview:-1"},"canonical":"https:\/\/andreaskalcker.com\/fr\/calculateur-de-dilution-cds\/","og_locale":"fr_FR","og_type":"article","og_title":"Calculateur de dilution CDS","og_description":"Calculateur de dilution CDS. Le calculateur fourni est un outil qui vous permet de calculer les r\u00e9sultats de diff\u00e9rents protocoles sur la base d\u2019une valeur sp\u00e9cifique appel\u00e9e PPM (parties par million) de CDS (dioxyde de chlore stabilis\u00e9) pour 1 litre d\u2019eau.","og_url":"https:\/\/andreaskalcker.com\/fr\/calculateur-de-dilution-cds\/","og_site_name":"Andreas Kalcker","article_modified_time":"2025-04-26T07:48:39+00:00","twitter_card":"summary_large_image","twitter_misc":{"Dur\u00e9e de lecture estim\u00e9e":"1 minute"},"schema":{"@context":"https:\/\/schema.org","@graph":[{"@type":"WebPage","@id":"https:\/\/andreaskalcker.com\/fr\/calculateur-de-dilution-cds\/","url":"https:\/\/andreaskalcker.com\/fr\/calculateur-de-dilution-cds\/","name":"Calculateur de dilution CDS - Andreas Kalcker","isPartOf":{"@id":"https:\/\/andreaskalcker.com\/#website"},"datePublished":"2023-10-31T12:00:16+00:00","dateModified":"2025-04-26T07:48:39+00:00","description":"Calculateur de dilution CDS. Le calculateur fourni est un outil qui vous permet de calculer les r\u00e9sultats de diff\u00e9rents protocoles sur la base d\u2019une valeur sp\u00e9cifique appel\u00e9e PPM (parties par million) de CDS (dioxyde de chlore stabilis\u00e9) pour 1 litre d\u2019eau.","breadcrumb":{"@id":"https:\/\/andreaskalcker.com\/fr\/calculateur-de-dilution-cds\/#breadcrumb"},"inLanguage":"fr-FR","potentialAction":[{"@type":"ReadAction","target":["https:\/\/andreaskalcker.com\/fr\/calculateur-de-dilution-cds\/"]}]},{"@type":"BreadcrumbList","@id":"https:\/\/andreaskalcker.com\/fr\/calculateur-de-dilution-cds\/#breadcrumb","itemListElement":[{"@type":"ListItem","position":1,"name":"Portada","item":"https:\/\/andreaskalcker.com\/"},{"@type":"ListItem","position":2,"name":"Calculateur de dilution CDS"}]},{"@type":"WebSite","@id":"https:\/\/andreaskalcker.com\/#website","url":"https:\/\/andreaskalcker.com\/","name":"Andreas Kalcker","description":"Official website","potentialAction":[{"@type":"SearchAction","target":{"@type":"EntryPoint","urlTemplate":"https:\/\/andreaskalcker.com\/?s={search_term_string}"},"query-input":{"@type":"PropertyValueSpecification","valueRequired":true,"valueName":"search_term_string"}}],"inLanguage":"fr-FR"}]}},"_links":{"self":[{"href":"https:\/\/andreaskalcker.com\/fr\/wp-json\/wp\/v2\/pages\/14306","targetHints":{"allow":["GET"]}}],"collection":[{"href":"https:\/\/andreaskalcker.com\/fr\/wp-json\/wp\/v2\/pages"}],"about":[{"href":"https:\/\/andreaskalcker.com\/fr\/wp-json\/wp\/v2\/types\/page"}],"author":[{"embeddable":true,"href":"https:\/\/andreaskalcker.com\/fr\/wp-json\/wp\/v2\/users\/1"}],"replies":[{"embeddable":true,"href":"https:\/\/andreaskalcker.com\/fr\/wp-json\/wp\/v2\/comments?post=14306"}],"version-history":[{"count":0,"href":"https:\/\/andreaskalcker.com\/fr\/wp-json\/wp\/v2\/pages\/14306\/revisions"}],"wp:attachment":[{"href":"https:\/\/andreaskalcker.com\/fr\/wp-json\/wp\/v2\/media?parent=14306"}],"curies":[{"name":"wp","href":"https:\/\/api.w.org\/{rel}","templated":true}]}}