{"id":13136,"date":"2023-08-02T14:27:18","date_gmt":"2023-08-02T12:27:18","guid":{"rendered":"https:\/\/andreaskalcker.com\/perche-ci-ammaliamo\/"},"modified":"2025-04-23T21:04:15","modified_gmt":"2025-04-23T19:04:15","slug":"perche-ci-ammaliamo","status":"publish","type":"page","link":"https:\/\/andreaskalcker.com\/it\/perche-ci-ammaliamo\/","title":{"rendered":"Perch\u00e9 ci ammaliamo?"},"content":{"rendered":"\t\t<div data-elementor-type=\"wp-page\" data-elementor-id=\"13136\" class=\"elementor elementor-13136 elementor-574\" data-elementor-post-type=\"page\">\n\t\t\t\t\t\t<section class=\"elementor-section elementor-top-section elementor-element elementor-element-3d90fc36 elementor-section-boxed elementor-section-height-default elementor-section-height-default wpr-particle-no wpr-jarallax-no wpr-parallax-no wpr-sticky-section-no\" data-id=\"3d90fc36\" data-element_type=\"section\" data-settings=\"{&quot;background_background&quot;:&quot;classic&quot;,&quot;background_motion_fx_motion_fx_scrolling&quot;:&quot;yes&quot;,&quot;background_motion_fx_motion_fx_mouse&quot;:&quot;yes&quot;,&quot;background_motion_fx_mouseTrack_effect&quot;:&quot;yes&quot;,&quot;background_motion_fx_devices&quot;:[&quot;desktop&quot;,&quot;tablet&quot;,&quot;mobile&quot;],&quot;background_motion_fx_mouseTrack_speed&quot;:{&quot;unit&quot;:&quot;px&quot;,&quot;size&quot;:1,&quot;sizes&quot;:[]}}\">\n\t\t\t\t\t\t<div class=\"elementor-container elementor-column-gap-default\">\n\t\t\t\t\t<div class=\"elementor-column elementor-col-100 elementor-top-column elementor-element elementor-element-1da7f1c2\" data-id=\"1da7f1c2\" data-element_type=\"column\">\n\t\t\t<div class=\"elementor-widget-wrap elementor-element-populated\">\n\t\t\t\t\t\t<div class=\"elementor-element elementor-element-6e4ae46a elementor-widget elementor-widget-heading\" data-id=\"6e4ae46a\" data-element_type=\"widget\" data-widget_type=\"heading.default\">\n\t\t\t\t<div class=\"elementor-widget-container\">\n\t\t\t\t\t<h2 class=\"elementor-heading-title elementor-size-default\">Perch\u00e9 ci ammaliamo?<\/h2>\t\t\t\t<\/div>\n\t\t\t\t<\/div>\n\t\t\t\t\t<\/div>\n\t\t<\/div>\n\t\t\t\t\t<\/div>\n\t\t<\/section>\n\t\t\t\t<section class=\"elementor-section elementor-top-section elementor-element elementor-element-e7b2d76 elementor-section-content-middle elementor-section-boxed elementor-section-height-default elementor-section-height-default wpr-particle-no wpr-jarallax-no wpr-parallax-no wpr-sticky-section-no\" data-id=\"e7b2d76\" data-element_type=\"section\">\n\t\t\t\t\t\t<div class=\"elementor-container elementor-column-gap-default\">\n\t\t\t\t\t<div class=\"elementor-column elementor-col-100 elementor-top-column elementor-element elementor-element-5a849b5\" data-id=\"5a849b5\" data-element_type=\"column\">\n\t\t\t<div class=\"elementor-widget-wrap elementor-element-populated\">\n\t\t\t\t\t\t<div class=\"elementor-element elementor-element-2c9875b elementor-widget elementor-widget-text-editor\" data-id=\"2c9875b\" data-element_type=\"widget\" data-widget_type=\"text-editor.default\">\n\t\t\t\t<div class=\"elementor-widget-container\">\n\t\t\t\t\t\t\t\t\t<p><strong>Tutte le malattie hanno una cosa in comune: la malattia \u00e8 una mancanza di energia.<br><\/strong><span style=\"font-size: inherit; font-family: -apple-system, system-ui, BlinkMacSystemFont, 'Segoe UI', Helvetica, Arial, sans-serif, 'Apple Color Emoji', 'Segoe UI Emoji', 'Segoe UI Symbol';\"><br>La malattia \u00e8 il risultato di uno squilibrio nello stato di salute di una persona. Si parla di malattia quando l&#8217;organismo umano subisce un deterioramento del suo funzionamento. In tutte le malattie si osserva una diminuzione del sistema di difesa naturale dell&#8217;organismo, che indica una mancanza di salute. Quando il corpo non ha abbastanza energia per funzionare correttamente, si verifica uno squilibrio e si sviluppa uno stato patologico.<br><br><\/span><strong>Pertanto, \u00e8 la mancanza di energia che ci fa ammalare.<br>Ci\u00f2 solleva la domanda: come si genera energia nel nostro corpo?<br><\/strong><br><br>Il nostro corpo ottiene energia principalmente attraverso la combustione. Bruciamo gli zuccheri, i grassi e le proteine degli alimenti per ricavarne energia. La combustione delle calorie \u00e8 essenziale per ottenere energia, ma non \u00e8 importante solo il combustibile, bens\u00ec anche un altro fattore altrettanto o ancora pi\u00f9 importante: l&#8217;ossigeno.<br><br><strong>Tutte le combustioni richiedono ossigeno, perch\u00e9 senza di esso non ci pu\u00f2 essere fiamma..<br><br><\/strong>Questo semplice fatto spesso non viene preso sufficientemente in considerazione nella ricerca biochimica. La combustione \u00e8 responsabile della generazione del calore e dell&#8217;energia necessari al funzionamento del corpo umano, generando allo stesso tempo elettricit\u00e0, che \u00e8 l&#8217;essenza dell&#8217;energia vitale.<br><br>L&#8217;unica differenza tra un corpo vivo e uno morto \u00e8 l&#8217;assenza di elettricit\u00e0. Siamo esseri energetici elettrici che dipendono da un corpo che ottiene la sua energia ottimale attraverso la combustione biochimica.<br><br>Il diossido di cloro fornisce ossigeno biodisponibile e aumenta il carico sugli eritrociti, come si pu\u00f2 vedere chiaramente nell&#8217;analisi dei gas del sangue venoso dopo l&#8217;infusione endovenosa. Queste analisi scientifiche dimostrano che il diossido di cloro si dissocia nel siero del sangue, liberando ossigeno biodisponibile a livello molecolare.<\/p>\t\t\t\t\t\t\t\t<\/div>\n\t\t\t\t<\/div>\n\t\t\t\t<div class=\"elementor-element elementor-element-75fdb2b elementor-widget elementor-widget-image\" data-id=\"75fdb2b\" data-element_type=\"widget\" data-widget_type=\"image.default\">\n\t\t\t\t<div class=\"elementor-widget-container\">\n\t\t\t\t\t\t\t\t\t\t\t\t<figure class=\"wp-caption\">\n\t\t\t\t\t\t\t\t\t\t\t<a href=\"https:\/\/andreaskalcker.com\/wp-content\/uploads\/2023\/08\/descarga-1.png\" data-elementor-open-lightbox=\"yes\" data-elementor-lightbox-title=\"descarga\" data-e-action-hash=\"#elementor-action%3Aaction%3Dlightbox%26settings%3DeyJpZCI6MTI5MDksInVybCI6Imh0dHBzOlwvXC9hbmRyZWFza2FsY2tlci5jb21cL3dwLWNvbnRlbnRcL3VwbG9hZHNcLzIwMjNcLzA4XC9kZXNjYXJnYS0xLnBuZyJ9\">\n\t\t\t\t\t\t\t<img fetchpriority=\"high\" decoding=\"async\" width=\"769\" height=\"650\" src=\"https:\/\/andreaskalcker.com\/wp-content\/uploads\/2023\/08\/descarga-1.png\" class=\"attachment-large size-large wp-image-12909\" alt=\"\" srcset=\"https:\/\/andreaskalcker.com\/wp-content\/uploads\/2023\/08\/descarga-1.png 769w, https:\/\/andreaskalcker.com\/wp-content\/uploads\/2023\/08\/descarga-1-300x254.png 300w\" sizes=\"(max-width: 769px) 100vw, 769px\" \/>\t\t\t\t\t\t\t\t<\/a>\n\t\t\t\t\t\t\t\t\t\t\t<figcaption class=\"widget-image-caption wp-caption-text\">FIGURA 1: Prima, dopo un'ora e dopo 4 ore di infusione di 5 ml in 500 ml di soluzione fisiologica.<\/figcaption>\n\t\t\t\t\t\t\t\t\t\t<\/figure>\n\t\t\t\t\t\t\t\t\t<\/div>\n\t\t\t\t<\/div>\n\t\t\t\t\t<\/div>\n\t\t<\/div>\n\t\t\t\t\t<\/div>\n\t\t<\/section>\n\t\t\t\t<section class=\"elementor-section elementor-top-section elementor-element elementor-element-2612b229 elementor-section-boxed elementor-section-height-default elementor-section-height-default wpr-particle-no wpr-jarallax-no wpr-parallax-no wpr-sticky-section-no\" data-id=\"2612b229\" data-element_type=\"section\">\n\t\t\t\t\t\t<div class=\"elementor-container elementor-column-gap-default\">\n\t\t\t\t\t<div class=\"elementor-column elementor-col-50 elementor-top-column elementor-element elementor-element-3171b8de\" data-id=\"3171b8de\" data-element_type=\"column\">\n\t\t\t<div class=\"elementor-widget-wrap elementor-element-populated\">\n\t\t\t\t\t\t<div class=\"elementor-element elementor-element-3d3ea67f elementor-mobile-align-justify elementor-widget-mobile__width-inherit elementor-align-justify elementor-widget elementor-widget-button\" data-id=\"3d3ea67f\" data-element_type=\"widget\" data-widget_type=\"button.default\">\n\t\t\t\t<div class=\"elementor-widget-container\">\n\t\t\t\t\t\t\t\t\t<div class=\"elementor-button-wrapper\">\n\t\t\t\t\t<a class=\"elementor-button elementor-button-link elementor-size-xl\" href=\"https:\/\/andreaskalcker.com\/it\/medicina-elettromolecolare\/\">\n\t\t\t\t\t\t<span class=\"elementor-button-content-wrapper\">\n\t\t\t\t\t\t<span class=\"elementor-button-icon\">\n\t\t\t\t<svg aria-hidden=\"true\" class=\"e-font-icon-svg e-far-arrow-alt-circle-left\" viewBox=\"0 0 512 512\" xmlns=\"http:\/\/www.w3.org\/2000\/svg\"><path d=\"M8 256c0 137 111 248 248 248s248-111 248-248S393 8 256 8 8 119 8 256zm448 0c0 110.5-89.5 200-200 200S56 366.5 56 256 145.5 56 256 56s200 89.5 200 200zm-72-20v40c0 6.6-5.4 12-12 12H256v67c0 10.7-12.9 16-20.5 8.5l-99-99c-4.7-4.7-4.7-12.3 0-17l99-99c7.6-7.6 20.5-2.2 20.5 8.5v67h116c6.6 0 12 5.4 12 12z\"><\/path><\/svg>\t\t\t<\/span>\n\t\t\t\t\t\t\t\t\t<span class=\"elementor-button-text\">Medicina elettromolecolare<\/span>\n\t\t\t\t\t<\/span>\n\t\t\t\t\t<\/a>\n\t\t\t\t<\/div>\n\t\t\t\t\t\t\t\t<\/div>\n\t\t\t\t<\/div>\n\t\t\t\t\t<\/div>\n\t\t<\/div>\n\t\t\t\t<div class=\"elementor-column elementor-col-50 elementor-top-column elementor-element elementor-element-2754b49f\" data-id=\"2754b49f\" data-element_type=\"column\">\n\t\t\t<div class=\"elementor-widget-wrap elementor-element-populated\">\n\t\t\t\t\t\t<div class=\"elementor-element elementor-element-1fe45f29 elementor-mobile-align-justify elementor-widget-mobile__width-inherit elementor-align-justify elementor-widget elementor-widget-button\" data-id=\"1fe45f29\" data-element_type=\"widget\" data-widget_type=\"button.default\">\n\t\t\t\t<div class=\"elementor-widget-container\">\n\t\t\t\t\t\t\t\t\t<div class=\"elementor-button-wrapper\">\n\t\t\t\t\t<a class=\"elementor-button elementor-button-link elementor-size-xl\" href=\"https:\/\/andreaskalcker.com\/it\/energia-vitale\/\">\n\t\t\t\t\t\t<span class=\"elementor-button-content-wrapper\">\n\t\t\t\t\t\t<span class=\"elementor-button-icon\">\n\t\t\t\t<svg aria-hidden=\"true\" class=\"e-font-icon-svg e-far-arrow-alt-circle-right\" viewBox=\"0 0 512 512\" xmlns=\"http:\/\/www.w3.org\/2000\/svg\"><path d=\"M504 256C504 119 393 8 256 8S8 119 8 256s111 248 248 248 248-111 248-248zm-448 0c0-110.5 89.5-200 200-200s200 89.5 200 200-89.5 200-200 200S56 366.5 56 256zm72 20v-40c0-6.6 5.4-12 12-12h116v-67c0-10.7 12.9-16 20.5-8.5l99 99c4.7 4.7 4.7 12.3 0 17l-99 99c-7.6 7.6-20.5 2.2-20.5-8.5v-67H140c-6.6 0-12-5.4-12-12z\"><\/path><\/svg>\t\t\t<\/span>\n\t\t\t\t\t\t\t\t\t<span class=\"elementor-button-text\">Energ\u00eda vitale<\/span>\n\t\t\t\t\t<\/span>\n\t\t\t\t\t<\/a>\n\t\t\t\t<\/div>\n\t\t\t\t\t\t\t\t<\/div>\n\t\t\t\t<\/div>\n\t\t\t\t\t<\/div>\n\t\t<\/div>\n\t\t\t\t\t<\/div>\n\t\t<\/section>\n\t\t\t\t<\/div>\n\t\t","protected":false},"excerpt":{"rendered":"<p>Perch\u00e9 ci ammaliamo? Tutte le malattie hanno una cosa in comune: la malattia \u00e8 una mancanza di energia.La malattia \u00e8 il risultato di uno squilibrio nello stato di salute di una persona. Si parla di malattia quando l&#8217;organismo umano subisce un deterioramento del suo funzionamento. In tutte le malattie si osserva una diminuzione del sistema di difesa naturale dell&#8217;organismo, che indica una mancanza di salute. Quando il corpo non ha abbastanza energia per funzionare correttamente, si verifica uno squilibrio e si sviluppa uno stato patologico. Pertanto, \u00e8 la mancanza di energia che ci fa ammalare.Ci\u00f2 solleva la domanda: come si genera energia nel nostro corpo? Il nostro corpo ottiene energia principalmente attraverso la combustione. Bruciamo gli zuccheri, i grassi e le proteine degli alimenti per ricavarne energia. La combustione delle calorie \u00e8 essenziale per ottenere energia, ma non \u00e8 importante solo il combustibile, bens\u00ec anche un altro fattore altrettanto o ancora pi\u00f9 importante: l&#8217;ossigeno. Tutte le combustioni richiedono ossigeno, perch\u00e9 senza di esso non ci pu\u00f2 essere fiamma.. Questo semplice fatto spesso non viene preso sufficientemente in considerazione nella ricerca biochimica. La combustione \u00e8 responsabile della generazione del calore e dell&#8217;energia necessari al funzionamento del corpo umano, generando allo stesso tempo elettricit\u00e0, che \u00e8 l&#8217;essenza dell&#8217;energia vitale. L&#8217;unica differenza tra un corpo vivo e uno morto \u00e8 l&#8217;assenza di elettricit\u00e0. Siamo esseri energetici elettrici che dipendono da un corpo che ottiene la sua energia ottimale attraverso la combustione biochimica. Il diossido di cloro fornisce ossigeno biodisponibile e aumenta il carico sugli eritrociti, come si pu\u00f2 vedere chiaramente nell&#8217;analisi dei gas del sangue venoso dopo l&#8217;infusione endovenosa. Queste analisi scientifiche dimostrano che il diossido di cloro si dissocia nel siero del sangue, liberando ossigeno biodisponibile a livello molecolare. FIGURA 1: Prima, dopo un&#8217;ora e dopo 4 ore di infusione di 5 ml in 500 ml di soluzione fisiologica. Medicina elettromolecolare Energ\u00eda vitale<\/p>\n","protected":false},"author":1,"featured_media":0,"parent":0,"menu_order":0,"comment_status":"closed","ping_status":"closed","template":"","meta":{"footnotes":""},"class_list":["post-13136","page","type-page","status-publish"],"yoast_head":"<!-- This site is optimized with the Yoast SEO Premium plugin v22.2 (Yoast SEO v25.8) - https:\/\/yoast.com\/wordpress\/plugins\/seo\/ -->\n<title>Perch\u00e9 ci ammaliamo? - Andreas Kalcker<\/title>\n<meta name=\"robots\" content=\"index, follow, max-snippet:-1, max-image-preview:large, max-video-preview:-1\" \/>\n<link rel=\"canonical\" href=\"https:\/\/andreaskalcker.com\/it\/perche-ci-ammaliamo\/\" \/>\n<meta property=\"og:locale\" content=\"it_IT\" \/>\n<meta property=\"og:type\" content=\"article\" \/>\n<meta property=\"og:title\" content=\"Perch\u00e9 ci ammaliamo?\" \/>\n<meta property=\"og:description\" content=\"Perch\u00e9 ci ammaliamo? Tutte le malattie hanno una cosa in comune: la malattia \u00e8 una mancanza di energia.La malattia \u00e8 il risultato di uno squilibrio nello stato di salute di una persona. Si parla di malattia quando l&#8217;organismo umano subisce un deterioramento del suo funzionamento. In tutte le malattie si osserva una diminuzione del sistema di difesa naturale dell&#8217;organismo, che indica una mancanza di salute. Quando il corpo non ha abbastanza energia per funzionare correttamente, si verifica uno squilibrio e si sviluppa uno stato patologico. Pertanto, \u00e8 la mancanza di energia che ci fa ammalare.Ci\u00f2 solleva la domanda: come si genera energia nel nostro corpo? Il nostro corpo ottiene energia principalmente attraverso la combustione. Bruciamo gli zuccheri, i grassi e le proteine degli alimenti per ricavarne energia. La combustione delle calorie \u00e8 essenziale per ottenere energia, ma non \u00e8 importante solo il combustibile, bens\u00ec anche un altro fattore altrettanto o ancora pi\u00f9 importante: l&#8217;ossigeno. Tutte le combustioni richiedono ossigeno, perch\u00e9 senza di esso non ci pu\u00f2 essere fiamma.. Questo semplice fatto spesso non viene preso sufficientemente in considerazione nella ricerca biochimica. La combustione \u00e8 responsabile della generazione del calore e dell&#8217;energia necessari al funzionamento del corpo umano, generando allo stesso tempo elettricit\u00e0, che \u00e8 l&#8217;essenza dell&#8217;energia vitale. L&#8217;unica differenza tra un corpo vivo e uno morto \u00e8 l&#8217;assenza di elettricit\u00e0. Siamo esseri energetici elettrici che dipendono da un corpo che ottiene la sua energia ottimale attraverso la combustione biochimica. Il diossido di cloro fornisce ossigeno biodisponibile e aumenta il carico sugli eritrociti, come si pu\u00f2 vedere chiaramente nell&#8217;analisi dei gas del sangue venoso dopo l&#8217;infusione endovenosa. Queste analisi scientifiche dimostrano che il diossido di cloro si dissocia nel siero del sangue, liberando ossigeno biodisponibile a livello molecolare. FIGURA 1: Prima, dopo un&#8217;ora e dopo 4 ore di infusione di 5 ml in 500 ml di soluzione fisiologica. Medicina elettromolecolare Energ\u00eda vitale\" \/>\n<meta property=\"og:url\" content=\"https:\/\/andreaskalcker.com\/it\/perche-ci-ammaliamo\/\" \/>\n<meta property=\"og:site_name\" content=\"Andreas Kalcker\" \/>\n<meta property=\"article:modified_time\" content=\"2025-04-23T19:04:15+00:00\" \/>\n<meta property=\"og:image\" content=\"https:\/\/andreaskalcker.com\/wp-content\/uploads\/2023\/08\/descarga-1.png\" \/>\n<meta name=\"twitter:card\" content=\"summary_large_image\" \/>\n<meta name=\"twitter:label1\" content=\"Tempo di lettura stimato\" \/>\n\t<meta name=\"twitter:data1\" content=\"2 minuti\" \/>\n<script type=\"application\/ld+json\" class=\"yoast-schema-graph\">{\"@context\":\"https:\/\/schema.org\",\"@graph\":[{\"@type\":\"WebPage\",\"@id\":\"https:\/\/andreaskalcker.com\/it\/perche-ci-ammaliamo\/\",\"url\":\"https:\/\/andreaskalcker.com\/it\/perche-ci-ammaliamo\/\",\"name\":\"Perch\u00e9 ci ammaliamo? - Andreas Kalcker\",\"isPartOf\":{\"@id\":\"https:\/\/andreaskalcker.com\/#website\"},\"primaryImageOfPage\":{\"@id\":\"https:\/\/andreaskalcker.com\/it\/perche-ci-ammaliamo\/#primaryimage\"},\"image\":{\"@id\":\"https:\/\/andreaskalcker.com\/it\/perche-ci-ammaliamo\/#primaryimage\"},\"thumbnailUrl\":\"https:\/\/andreaskalcker.com\/wp-content\/uploads\/2023\/08\/descarga-1.png\",\"datePublished\":\"2023-08-02T12:27:18+00:00\",\"dateModified\":\"2025-04-23T19:04:15+00:00\",\"breadcrumb\":{\"@id\":\"https:\/\/andreaskalcker.com\/it\/perche-ci-ammaliamo\/#breadcrumb\"},\"inLanguage\":\"it-IT\",\"potentialAction\":[{\"@type\":\"ReadAction\",\"target\":[\"https:\/\/andreaskalcker.com\/it\/perche-ci-ammaliamo\/\"]}]},{\"@type\":\"ImageObject\",\"inLanguage\":\"it-IT\",\"@id\":\"https:\/\/andreaskalcker.com\/it\/perche-ci-ammaliamo\/#primaryimage\",\"url\":\"https:\/\/andreaskalcker.com\/wp-content\/uploads\/2023\/08\/descarga-1.png\",\"contentUrl\":\"https:\/\/andreaskalcker.com\/wp-content\/uploads\/2023\/08\/descarga-1.png\"},{\"@type\":\"BreadcrumbList\",\"@id\":\"https:\/\/andreaskalcker.com\/it\/perche-ci-ammaliamo\/#breadcrumb\",\"itemListElement\":[{\"@type\":\"ListItem\",\"position\":1,\"name\":\"Portada\",\"item\":\"https:\/\/andreaskalcker.com\/\"},{\"@type\":\"ListItem\",\"position\":2,\"name\":\"Perch\u00e9 ci ammaliamo?\"}]},{\"@type\":\"WebSite\",\"@id\":\"https:\/\/andreaskalcker.com\/#website\",\"url\":\"https:\/\/andreaskalcker.com\/\",\"name\":\"Andreas Kalcker\",\"description\":\"Official website\",\"potentialAction\":[{\"@type\":\"SearchAction\",\"target\":{\"@type\":\"EntryPoint\",\"urlTemplate\":\"https:\/\/andreaskalcker.com\/?s={search_term_string}\"},\"query-input\":{\"@type\":\"PropertyValueSpecification\",\"valueRequired\":true,\"valueName\":\"search_term_string\"}}],\"inLanguage\":\"it-IT\"}]}<\/script>\n<!-- \/ Yoast SEO Premium plugin. -->","yoast_head_json":{"title":"Perch\u00e9 ci ammaliamo? - Andreas Kalcker","robots":{"index":"index","follow":"follow","max-snippet":"max-snippet:-1","max-image-preview":"max-image-preview:large","max-video-preview":"max-video-preview:-1"},"canonical":"https:\/\/andreaskalcker.com\/it\/perche-ci-ammaliamo\/","og_locale":"it_IT","og_type":"article","og_title":"Perch\u00e9 ci ammaliamo?","og_description":"Perch\u00e9 ci ammaliamo? Tutte le malattie hanno una cosa in comune: la malattia \u00e8 una mancanza di energia.La malattia \u00e8 il risultato di uno squilibrio nello stato di salute di una persona. Si parla di malattia quando l&#8217;organismo umano subisce un deterioramento del suo funzionamento. In tutte le malattie si osserva una diminuzione del sistema di difesa naturale dell&#8217;organismo, che indica una mancanza di salute. Quando il corpo non ha abbastanza energia per funzionare correttamente, si verifica uno squilibrio e si sviluppa uno stato patologico. Pertanto, \u00e8 la mancanza di energia che ci fa ammalare.Ci\u00f2 solleva la domanda: come si genera energia nel nostro corpo? Il nostro corpo ottiene energia principalmente attraverso la combustione. Bruciamo gli zuccheri, i grassi e le proteine degli alimenti per ricavarne energia. La combustione delle calorie \u00e8 essenziale per ottenere energia, ma non \u00e8 importante solo il combustibile, bens\u00ec anche un altro fattore altrettanto o ancora pi\u00f9 importante: l&#8217;ossigeno. Tutte le combustioni richiedono ossigeno, perch\u00e9 senza di esso non ci pu\u00f2 essere fiamma.. Questo semplice fatto spesso non viene preso sufficientemente in considerazione nella ricerca biochimica. La combustione \u00e8 responsabile della generazione del calore e dell&#8217;energia necessari al funzionamento del corpo umano, generando allo stesso tempo elettricit\u00e0, che \u00e8 l&#8217;essenza dell&#8217;energia vitale. L&#8217;unica differenza tra un corpo vivo e uno morto \u00e8 l&#8217;assenza di elettricit\u00e0. Siamo esseri energetici elettrici che dipendono da un corpo che ottiene la sua energia ottimale attraverso la combustione biochimica. Il diossido di cloro fornisce ossigeno biodisponibile e aumenta il carico sugli eritrociti, come si pu\u00f2 vedere chiaramente nell&#8217;analisi dei gas del sangue venoso dopo l&#8217;infusione endovenosa. Queste analisi scientifiche dimostrano che il diossido di cloro si dissocia nel siero del sangue, liberando ossigeno biodisponibile a livello molecolare. FIGURA 1: Prima, dopo un&#8217;ora e dopo 4 ore di infusione di 5 ml in 500 ml di soluzione fisiologica. Medicina elettromolecolare Energ\u00eda vitale","og_url":"https:\/\/andreaskalcker.com\/it\/perche-ci-ammaliamo\/","og_site_name":"Andreas Kalcker","article_modified_time":"2025-04-23T19:04:15+00:00","og_image":[{"url":"https:\/\/andreaskalcker.com\/wp-content\/uploads\/2023\/08\/descarga-1.png","type":"","width":"","height":""}],"twitter_card":"summary_large_image","twitter_misc":{"Tempo di lettura stimato":"2 minuti"},"schema":{"@context":"https:\/\/schema.org","@graph":[{"@type":"WebPage","@id":"https:\/\/andreaskalcker.com\/it\/perche-ci-ammaliamo\/","url":"https:\/\/andreaskalcker.com\/it\/perche-ci-ammaliamo\/","name":"Perch\u00e9 ci ammaliamo? - Andreas Kalcker","isPartOf":{"@id":"https:\/\/andreaskalcker.com\/#website"},"primaryImageOfPage":{"@id":"https:\/\/andreaskalcker.com\/it\/perche-ci-ammaliamo\/#primaryimage"},"image":{"@id":"https:\/\/andreaskalcker.com\/it\/perche-ci-ammaliamo\/#primaryimage"},"thumbnailUrl":"https:\/\/andreaskalcker.com\/wp-content\/uploads\/2023\/08\/descarga-1.png","datePublished":"2023-08-02T12:27:18+00:00","dateModified":"2025-04-23T19:04:15+00:00","breadcrumb":{"@id":"https:\/\/andreaskalcker.com\/it\/perche-ci-ammaliamo\/#breadcrumb"},"inLanguage":"it-IT","potentialAction":[{"@type":"ReadAction","target":["https:\/\/andreaskalcker.com\/it\/perche-ci-ammaliamo\/"]}]},{"@type":"ImageObject","inLanguage":"it-IT","@id":"https:\/\/andreaskalcker.com\/it\/perche-ci-ammaliamo\/#primaryimage","url":"https:\/\/andreaskalcker.com\/wp-content\/uploads\/2023\/08\/descarga-1.png","contentUrl":"https:\/\/andreaskalcker.com\/wp-content\/uploads\/2023\/08\/descarga-1.png"},{"@type":"BreadcrumbList","@id":"https:\/\/andreaskalcker.com\/it\/perche-ci-ammaliamo\/#breadcrumb","itemListElement":[{"@type":"ListItem","position":1,"name":"Portada","item":"https:\/\/andreaskalcker.com\/"},{"@type":"ListItem","position":2,"name":"Perch\u00e9 ci ammaliamo?"}]},{"@type":"WebSite","@id":"https:\/\/andreaskalcker.com\/#website","url":"https:\/\/andreaskalcker.com\/","name":"Andreas Kalcker","description":"Official website","potentialAction":[{"@type":"SearchAction","target":{"@type":"EntryPoint","urlTemplate":"https:\/\/andreaskalcker.com\/?s={search_term_string}"},"query-input":{"@type":"PropertyValueSpecification","valueRequired":true,"valueName":"search_term_string"}}],"inLanguage":"it-IT"}]}},"_links":{"self":[{"href":"https:\/\/andreaskalcker.com\/it\/wp-json\/wp\/v2\/pages\/13136","targetHints":{"allow":["GET"]}}],"collection":[{"href":"https:\/\/andreaskalcker.com\/it\/wp-json\/wp\/v2\/pages"}],"about":[{"href":"https:\/\/andreaskalcker.com\/it\/wp-json\/wp\/v2\/types\/page"}],"author":[{"embeddable":true,"href":"https:\/\/andreaskalcker.com\/it\/wp-json\/wp\/v2\/users\/1"}],"replies":[{"embeddable":true,"href":"https:\/\/andreaskalcker.com\/it\/wp-json\/wp\/v2\/comments?post=13136"}],"version-history":[{"count":0,"href":"https:\/\/andreaskalcker.com\/it\/wp-json\/wp\/v2\/pages\/13136\/revisions"}],"wp:attachment":[{"href":"https:\/\/andreaskalcker.com\/it\/wp-json\/wp\/v2\/media?parent=13136"}],"curies":[{"name":"wp","href":"https:\/\/api.w.org\/{rel}","templated":true}]}}