{"id":13538,"date":"2023-07-17T20:26:34","date_gmt":"2023-07-17T18:26:34","guid":{"rendered":"https:\/\/andreaskalcker.com\/corsi-di-base\/"},"modified":"2024-06-16T07:34:01","modified_gmt":"2024-06-16T05:34:01","slug":"corsi-di-base","status":"publish","type":"page","link":"https:\/\/andreaskalcker.com\/it\/corsi-di-base\/","title":{"rendered":"Corsi di base"},"content":{"rendered":"\t\t<div data-elementor-type=\"wp-page\" data-elementor-id=\"13538\" class=\"elementor elementor-13538 elementor-82\" data-elementor-post-type=\"page\">\n\t\t\t\t\t\t<section class=\"elementor-section elementor-top-section elementor-element elementor-element-5d5a602 elementor-section-boxed elementor-section-height-default elementor-section-height-default wpr-particle-no wpr-jarallax-no wpr-parallax-no wpr-sticky-section-no\" data-id=\"5d5a602\" data-element_type=\"section\" data-settings=\"{&quot;background_background&quot;:&quot;classic&quot;,&quot;background_motion_fx_motion_fx_scrolling&quot;:&quot;yes&quot;,&quot;background_motion_fx_motion_fx_mouse&quot;:&quot;yes&quot;,&quot;background_motion_fx_mouseTrack_effect&quot;:&quot;yes&quot;,&quot;background_motion_fx_devices&quot;:[&quot;desktop&quot;,&quot;tablet&quot;,&quot;mobile&quot;],&quot;background_motion_fx_mouseTrack_speed&quot;:{&quot;unit&quot;:&quot;px&quot;,&quot;size&quot;:1,&quot;sizes&quot;:[]}}\">\n\t\t\t\t\t\t<div class=\"elementor-container elementor-column-gap-default\">\n\t\t\t\t\t<div class=\"elementor-column elementor-col-100 elementor-top-column elementor-element elementor-element-1d0a22a5\" data-id=\"1d0a22a5\" data-element_type=\"column\">\n\t\t\t<div class=\"elementor-widget-wrap elementor-element-populated\">\n\t\t\t\t\t\t<div class=\"elementor-element elementor-element-2205598a elementor-widget elementor-widget-heading\" data-id=\"2205598a\" data-element_type=\"widget\" data-widget_type=\"heading.default\">\n\t\t\t\t<div class=\"elementor-widget-container\">\n\t\t\t\t\t<h2 class=\"elementor-heading-title elementor-size-default\">Corsi di base<\/h2>\t\t\t\t<\/div>\n\t\t\t\t<\/div>\n\t\t\t\t<div class=\"elementor-element elementor-element-44f36a8 elementor-widget elementor-widget-heading\" data-id=\"44f36a8\" data-element_type=\"widget\" data-widget_type=\"heading.default\">\n\t\t\t\t<div class=\"elementor-widget-container\">\n\t\t\t\t\t<h5 class=\"elementor-heading-title elementor-size-default\">Biofisica naturale<\/h5>\t\t\t\t<\/div>\n\t\t\t\t<\/div>\n\t\t\t\t\t<\/div>\n\t\t<\/div>\n\t\t\t\t\t<\/div>\n\t\t<\/section>\n\t\t\t\t<section class=\"elementor-section elementor-top-section elementor-element elementor-element-c91bb2d elementor-section-boxed elementor-section-height-default elementor-section-height-default wpr-particle-no wpr-jarallax-no wpr-parallax-no wpr-sticky-section-no\" data-id=\"c91bb2d\" data-element_type=\"section\">\n\t\t\t\t\t\t<div class=\"elementor-container elementor-column-gap-default\">\n\t\t\t\t\t<div class=\"elementor-column elementor-col-100 elementor-top-column elementor-element elementor-element-7a4450f\" data-id=\"7a4450f\" data-element_type=\"column\">\n\t\t\t<div class=\"elementor-widget-wrap elementor-element-populated\">\n\t\t\t\t\t\t<div class=\"elementor-element elementor-element-790e580 elementor-widget elementor-widget-image\" data-id=\"790e580\" data-element_type=\"widget\" data-widget_type=\"image.default\">\n\t\t\t\t<div class=\"elementor-widget-container\">\n\t\t\t\t\t\t\t\t\t\t\t\t\t\t\t<img decoding=\"async\" src=\"https:\/\/andreaskalcker.com\/wp-content\/uploads\/elementor\/thumbs\/IMG_6aa5698c64464c6c9c2a22f3e9853961-1-re9njydbbn0672hw6ofasyw3asjjku7wrj8qc0asqo.png\" title=\"IMG_6aa5698c64464c6c9c2a22f3e9853961.png\" alt=\"IMG_6aa5698c64464c6c9c2a22f3e9853961.png\" loading=\"lazy\" \/>\t\t\t\t\t\t\t\t\t\t\t\t\t\t\t<\/div>\n\t\t\t\t<\/div>\n\t\t\t\t<div class=\"elementor-element elementor-element-e38d9ac elementor-widget elementor-widget-text-editor\" data-id=\"e38d9ac\" data-element_type=\"widget\" data-widget_type=\"text-editor.default\">\n\t\t\t\t<div class=\"elementor-widget-container\">\n\t\t\t\t\t\t\t\t\t<p>Questo \u00e8 il primo corso di base della nostra formazione online, un corso introduttivo che abbiamo progettato per essere il pi\u00f9 semplice possibile in modo che tutti possano imparare le basi: cos&#8217;\u00e8 il diossido di cloro e come funziona, oltre a come produrlo e usarlo in modo sicuro a casa. Il nostro intento \u00e8 quello di condividere con tutti le informazioni che abbiamo ottenuto dopo oltre 10 anni di ricerche, di casi di persone sfrattate, senza alcuna soluzione medica, che hanno avuto il coraggio di prendere il controllo della propria vita e cambiarla per sempre.<\/p><p> <\/p><p><strong>Queste informazioni sono troppo preziose per essere tenute nascoste.<\/strong>, Per questo abbiamo deciso di fare un passo avanti a favore della libert\u00e0 di ciascuno, affinch\u00e9 ognuno possa prendere le proprie decisioni e sapere che, nonostante quello che ci dicono, esistono delle alternative. <\/p><p><span style=\"color: var( --e-global-color-3a0c7dc ); background-color: var(--base-3);\">Questo corso \u00e8 dedicato agli insaziabilmente curiosi che sono sempre alla ricerca di qualcosa di nuovo, agli anticonformisti che non si accontentano di credere a tutto ci\u00f2 che viene detto loro, agli scettici che hanno bisogno di verificare le cose da soli per creare la propria verit\u00e0, a tutte quelle persone che si sono sentite dire dalla sedicente &#8220;scienza della verit\u00e0&#8221; che non c&#8217;era una soluzione al loro problema e hanno deciso di non arrendersi&#8230; insomma, a tutti coloro che hanno il coraggio di prendere in mano la propria vita e di dire: <\/span><strong style=\"color: var( --e-global-color-3a0c7dc ); background-color: var(--base-3);\">Adesso decido io!<\/strong><span style=\"color: var( --e-global-color-3a0c7dc ); background-color: var(--base-3);\"> <\/span><\/p><p><span style=\"color: var( --e-global-color-3a0c7dc ); background-color: var(--base-3);\"> <\/span><\/p><p>Accedete al corso base offerto dall&#8217;Istituto di Biofisica Naturale, dove imparerete da zero l&#8217;uso del biossido di cloro.<\/p><p>\u00c8 importante avere queste conoscenze per chi vuole informazioni di prima mano e aggiornate sul CDS.<\/p>\t\t\t\t\t\t\t\t<\/div>\n\t\t\t\t<\/div>\n\t\t\t\t<div class=\"elementor-element elementor-element-9815e03 elementor-mobile-align-justify elementor-widget-mobile__width-inherit elementor-align-center elementor-widget elementor-widget-button\" data-id=\"9815e03\" data-element_type=\"widget\" data-widget_type=\"button.default\">\n\t\t\t\t<div class=\"elementor-widget-container\">\n\t\t\t\t\t\t\t\t\t<div class=\"elementor-button-wrapper\">\n\t\t\t\t\t<a class=\"elementor-button elementor-button-link elementor-size-md\" href=\"https:\/\/elopage.com\/epl\/QThFH1_UQokmTRqk1Ha9\" target=\"_blank\">\n\t\t\t\t\t\t<span class=\"elementor-button-content-wrapper\">\n\t\t\t\t\t\t\t\t\t<span class=\"elementor-button-text\">Accesso ai corsi di base<\/span>\n\t\t\t\t\t<\/span>\n\t\t\t\t\t<\/a>\n\t\t\t\t<\/div>\n\t\t\t\t\t\t\t\t<\/div>\n\t\t\t\t<\/div>\n\t\t\t\t\t<\/div>\n\t\t<\/div>\n\t\t\t\t\t<\/div>\n\t\t<\/section>\n\t\t\t\t<\/div>\n\t\t","protected":false},"excerpt":{"rendered":"<p>Biofisica naturale Questo \u00e8 il primo corso di base della nostra formazione online, un corso introduttivo che abbiamo progettato per essere il pi\u00f9 semplice possibile in modo che tutti possano imparare le basi: cos&#8217;\u00e8 il diossido di cloro e come funziona, oltre a come produrlo e usarlo in modo sicuro a casa. Il nostro intento \u00e8 quello di condividere con tutti le informazioni che abbiamo ottenuto dopo oltre 10 anni di ricerche, di casi di persone sfrattate, senza alcuna soluzione medica, che hanno avuto il coraggio di prendere il controllo della propria vita e cambiarla per sempre. Queste informazioni sono troppo preziose per essere tenute nascoste., Per questo abbiamo deciso di fare un passo avanti a favore della libert\u00e0 di ciascuno, affinch\u00e9 ognuno possa prendere le proprie decisioni e sapere che, nonostante quello che ci dicono, esistono delle alternative. Questo corso \u00e8 dedicato agli insaziabilmente curiosi che sono sempre alla ricerca di qualcosa di nuovo, agli anticonformisti che non si accontentano di credere a tutto ci\u00f2 che viene detto loro, agli scettici che hanno bisogno di verificare le cose da soli per creare la propria verit\u00e0, a tutte quelle persone che si sono sentite dire dalla sedicente &#8220;scienza della verit\u00e0&#8221; che non c&#8217;era una soluzione al loro problema e hanno deciso di non arrendersi&#8230; insomma, a tutti coloro che hanno il coraggio di prendere in mano la propria vita e di dire: Adesso decido io! Accedete al corso base offerto dall&#8217;Istituto di Biofisica Naturale, dove imparerete da zero l&#8217;uso del biossido di cloro. \u00c8 importante avere queste conoscenze per chi vuole informazioni di prima mano e aggiornate sul CDS. Accesso ai corsi di base<\/p>\n","protected":false},"author":1,"featured_media":0,"parent":0,"menu_order":0,"comment_status":"closed","ping_status":"closed","template":"","meta":{"footnotes":""},"class_list":["post-13538","page","type-page","status-publish"],"yoast_head":"<!-- This site is optimized with the Yoast SEO Premium plugin v22.2 (Yoast SEO v25.8) - https:\/\/yoast.com\/wordpress\/plugins\/seo\/ -->\n<title>Corsi di base - Andreas Kalcker<\/title>\n<meta name=\"robots\" content=\"index, follow, max-snippet:-1, max-image-preview:large, max-video-preview:-1\" \/>\n<link rel=\"canonical\" href=\"https:\/\/andreaskalcker.com\/it\/corsi-di-base\/\" \/>\n<meta property=\"og:locale\" content=\"it_IT\" \/>\n<meta property=\"og:type\" content=\"article\" \/>\n<meta property=\"og:title\" content=\"Corsi di base\" \/>\n<meta property=\"og:description\" content=\"Biofisica naturale Questo \u00e8 il primo corso di base della nostra formazione online, un corso introduttivo che abbiamo progettato per essere il pi\u00f9 semplice possibile in modo che tutti possano imparare le basi: cos&#8217;\u00e8 il diossido di cloro e come funziona, oltre a come produrlo e usarlo in modo sicuro a casa. Il nostro intento \u00e8 quello di condividere con tutti le informazioni che abbiamo ottenuto dopo oltre 10 anni di ricerche, di casi di persone sfrattate, senza alcuna soluzione medica, che hanno avuto il coraggio di prendere il controllo della propria vita e cambiarla per sempre. Queste informazioni sono troppo preziose per essere tenute nascoste., Per questo abbiamo deciso di fare un passo avanti a favore della libert\u00e0 di ciascuno, affinch\u00e9 ognuno possa prendere le proprie decisioni e sapere che, nonostante quello che ci dicono, esistono delle alternative. Questo corso \u00e8 dedicato agli insaziabilmente curiosi che sono sempre alla ricerca di qualcosa di nuovo, agli anticonformisti che non si accontentano di credere a tutto ci\u00f2 che viene detto loro, agli scettici che hanno bisogno di verificare le cose da soli per creare la propria verit\u00e0, a tutte quelle persone che si sono sentite dire dalla sedicente &#8220;scienza della verit\u00e0&#8221; che non c&#8217;era una soluzione al loro problema e hanno deciso di non arrendersi&#8230; insomma, a tutti coloro che hanno il coraggio di prendere in mano la propria vita e di dire: Adesso decido io! Accedete al corso base offerto dall&#8217;Istituto di Biofisica Naturale, dove imparerete da zero l&#8217;uso del biossido di cloro. \u00c8 importante avere queste conoscenze per chi vuole informazioni di prima mano e aggiornate sul CDS. Accesso ai corsi di base\" \/>\n<meta property=\"og:url\" content=\"https:\/\/andreaskalcker.com\/it\/corsi-di-base\/\" \/>\n<meta property=\"og:site_name\" content=\"Andreas Kalcker\" \/>\n<meta property=\"article:modified_time\" content=\"2024-06-16T05:34:01+00:00\" \/>\n<meta property=\"og:image\" content=\"https:\/\/andreaskalcker.com\/wp-content\/uploads\/elementor\/thumbs\/IMG_6aa5698c64464c6c9c2a22f3e9853961-1-ql5ym3732bns5t324w6aek4va0jkht66ko5u8qitj4.png\" \/>\n<meta name=\"twitter:card\" content=\"summary_large_image\" \/>\n<meta name=\"twitter:label1\" content=\"Tempo di lettura stimato\" \/>\n\t<meta name=\"twitter:data1\" content=\"1 minuto\" \/>\n<script type=\"application\/ld+json\" class=\"yoast-schema-graph\">{\"@context\":\"https:\/\/schema.org\",\"@graph\":[{\"@type\":\"WebPage\",\"@id\":\"https:\/\/andreaskalcker.com\/it\/corsi-di-base\/\",\"url\":\"https:\/\/andreaskalcker.com\/it\/corsi-di-base\/\",\"name\":\"Corsi di base - Andreas Kalcker\",\"isPartOf\":{\"@id\":\"https:\/\/andreaskalcker.com\/#website\"},\"primaryImageOfPage\":{\"@id\":\"https:\/\/andreaskalcker.com\/it\/corsi-di-base\/#primaryimage\"},\"image\":{\"@id\":\"https:\/\/andreaskalcker.com\/it\/corsi-di-base\/#primaryimage\"},\"thumbnailUrl\":\"https:\/\/andreaskalcker.com\/wp-content\/uploads\/elementor\/thumbs\/IMG_6aa5698c64464c6c9c2a22f3e9853961-1-ql5ym3732bns5t324w6aek4va0jkht66ko5u8qitj4.png\",\"datePublished\":\"2023-07-17T18:26:34+00:00\",\"dateModified\":\"2024-06-16T05:34:01+00:00\",\"breadcrumb\":{\"@id\":\"https:\/\/andreaskalcker.com\/it\/corsi-di-base\/#breadcrumb\"},\"inLanguage\":\"it-IT\",\"potentialAction\":[{\"@type\":\"ReadAction\",\"target\":[\"https:\/\/andreaskalcker.com\/it\/corsi-di-base\/\"]}]},{\"@type\":\"ImageObject\",\"inLanguage\":\"it-IT\",\"@id\":\"https:\/\/andreaskalcker.com\/it\/corsi-di-base\/#primaryimage\",\"url\":\"https:\/\/andreaskalcker.com\/wp-content\/uploads\/elementor\/thumbs\/IMG_6aa5698c64464c6c9c2a22f3e9853961-1-ql5ym3732bns5t324w6aek4va0jkht66ko5u8qitj4.png\",\"contentUrl\":\"https:\/\/andreaskalcker.com\/wp-content\/uploads\/elementor\/thumbs\/IMG_6aa5698c64464c6c9c2a22f3e9853961-1-ql5ym3732bns5t324w6aek4va0jkht66ko5u8qitj4.png\"},{\"@type\":\"BreadcrumbList\",\"@id\":\"https:\/\/andreaskalcker.com\/it\/corsi-di-base\/#breadcrumb\",\"itemListElement\":[{\"@type\":\"ListItem\",\"position\":1,\"name\":\"Portada\",\"item\":\"https:\/\/andreaskalcker.com\/\"},{\"@type\":\"ListItem\",\"position\":2,\"name\":\"Corsi di base\"}]},{\"@type\":\"WebSite\",\"@id\":\"https:\/\/andreaskalcker.com\/#website\",\"url\":\"https:\/\/andreaskalcker.com\/\",\"name\":\"Andreas Kalcker\",\"description\":\"Official website\",\"potentialAction\":[{\"@type\":\"SearchAction\",\"target\":{\"@type\":\"EntryPoint\",\"urlTemplate\":\"https:\/\/andreaskalcker.com\/?s={search_term_string}\"},\"query-input\":{\"@type\":\"PropertyValueSpecification\",\"valueRequired\":true,\"valueName\":\"search_term_string\"}}],\"inLanguage\":\"it-IT\"}]}<\/script>\n<!-- \/ Yoast SEO Premium plugin. -->","yoast_head_json":{"title":"Corsi di base - Andreas Kalcker","robots":{"index":"index","follow":"follow","max-snippet":"max-snippet:-1","max-image-preview":"max-image-preview:large","max-video-preview":"max-video-preview:-1"},"canonical":"https:\/\/andreaskalcker.com\/it\/corsi-di-base\/","og_locale":"it_IT","og_type":"article","og_title":"Corsi di base","og_description":"Biofisica naturale Questo \u00e8 il primo corso di base della nostra formazione online, un corso introduttivo che abbiamo progettato per essere il pi\u00f9 semplice possibile in modo che tutti possano imparare le basi: cos&#8217;\u00e8 il diossido di cloro e come funziona, oltre a come produrlo e usarlo in modo sicuro a casa. Il nostro intento \u00e8 quello di condividere con tutti le informazioni che abbiamo ottenuto dopo oltre 10 anni di ricerche, di casi di persone sfrattate, senza alcuna soluzione medica, che hanno avuto il coraggio di prendere il controllo della propria vita e cambiarla per sempre. Queste informazioni sono troppo preziose per essere tenute nascoste., Per questo abbiamo deciso di fare un passo avanti a favore della libert\u00e0 di ciascuno, affinch\u00e9 ognuno possa prendere le proprie decisioni e sapere che, nonostante quello che ci dicono, esistono delle alternative. Questo corso \u00e8 dedicato agli insaziabilmente curiosi che sono sempre alla ricerca di qualcosa di nuovo, agli anticonformisti che non si accontentano di credere a tutto ci\u00f2 che viene detto loro, agli scettici che hanno bisogno di verificare le cose da soli per creare la propria verit\u00e0, a tutte quelle persone che si sono sentite dire dalla sedicente &#8220;scienza della verit\u00e0&#8221; che non c&#8217;era una soluzione al loro problema e hanno deciso di non arrendersi&#8230; insomma, a tutti coloro che hanno il coraggio di prendere in mano la propria vita e di dire: Adesso decido io! Accedete al corso base offerto dall&#8217;Istituto di Biofisica Naturale, dove imparerete da zero l&#8217;uso del biossido di cloro. \u00c8 importante avere queste conoscenze per chi vuole informazioni di prima mano e aggiornate sul CDS. Accesso ai corsi di base","og_url":"https:\/\/andreaskalcker.com\/it\/corsi-di-base\/","og_site_name":"Andreas Kalcker","article_modified_time":"2024-06-16T05:34:01+00:00","og_image":[{"url":"https:\/\/andreaskalcker.com\/wp-content\/uploads\/elementor\/thumbs\/IMG_6aa5698c64464c6c9c2a22f3e9853961-1-ql5ym3732bns5t324w6aek4va0jkht66ko5u8qitj4.png","type":"","width":"","height":""}],"twitter_card":"summary_large_image","twitter_misc":{"Tempo di lettura stimato":"1 minuto"},"schema":{"@context":"https:\/\/schema.org","@graph":[{"@type":"WebPage","@id":"https:\/\/andreaskalcker.com\/it\/corsi-di-base\/","url":"https:\/\/andreaskalcker.com\/it\/corsi-di-base\/","name":"Corsi di base - Andreas Kalcker","isPartOf":{"@id":"https:\/\/andreaskalcker.com\/#website"},"primaryImageOfPage":{"@id":"https:\/\/andreaskalcker.com\/it\/corsi-di-base\/#primaryimage"},"image":{"@id":"https:\/\/andreaskalcker.com\/it\/corsi-di-base\/#primaryimage"},"thumbnailUrl":"https:\/\/andreaskalcker.com\/wp-content\/uploads\/elementor\/thumbs\/IMG_6aa5698c64464c6c9c2a22f3e9853961-1-ql5ym3732bns5t324w6aek4va0jkht66ko5u8qitj4.png","datePublished":"2023-07-17T18:26:34+00:00","dateModified":"2024-06-16T05:34:01+00:00","breadcrumb":{"@id":"https:\/\/andreaskalcker.com\/it\/corsi-di-base\/#breadcrumb"},"inLanguage":"it-IT","potentialAction":[{"@type":"ReadAction","target":["https:\/\/andreaskalcker.com\/it\/corsi-di-base\/"]}]},{"@type":"ImageObject","inLanguage":"it-IT","@id":"https:\/\/andreaskalcker.com\/it\/corsi-di-base\/#primaryimage","url":"https:\/\/andreaskalcker.com\/wp-content\/uploads\/elementor\/thumbs\/IMG_6aa5698c64464c6c9c2a22f3e9853961-1-ql5ym3732bns5t324w6aek4va0jkht66ko5u8qitj4.png","contentUrl":"https:\/\/andreaskalcker.com\/wp-content\/uploads\/elementor\/thumbs\/IMG_6aa5698c64464c6c9c2a22f3e9853961-1-ql5ym3732bns5t324w6aek4va0jkht66ko5u8qitj4.png"},{"@type":"BreadcrumbList","@id":"https:\/\/andreaskalcker.com\/it\/corsi-di-base\/#breadcrumb","itemListElement":[{"@type":"ListItem","position":1,"name":"Portada","item":"https:\/\/andreaskalcker.com\/"},{"@type":"ListItem","position":2,"name":"Corsi di base"}]},{"@type":"WebSite","@id":"https:\/\/andreaskalcker.com\/#website","url":"https:\/\/andreaskalcker.com\/","name":"Andreas Kalcker","description":"Official website","potentialAction":[{"@type":"SearchAction","target":{"@type":"EntryPoint","urlTemplate":"https:\/\/andreaskalcker.com\/?s={search_term_string}"},"query-input":{"@type":"PropertyValueSpecification","valueRequired":true,"valueName":"search_term_string"}}],"inLanguage":"it-IT"}]}},"_links":{"self":[{"href":"https:\/\/andreaskalcker.com\/it\/wp-json\/wp\/v2\/pages\/13538","targetHints":{"allow":["GET"]}}],"collection":[{"href":"https:\/\/andreaskalcker.com\/it\/wp-json\/wp\/v2\/pages"}],"about":[{"href":"https:\/\/andreaskalcker.com\/it\/wp-json\/wp\/v2\/types\/page"}],"author":[{"embeddable":true,"href":"https:\/\/andreaskalcker.com\/it\/wp-json\/wp\/v2\/users\/1"}],"replies":[{"embeddable":true,"href":"https:\/\/andreaskalcker.com\/it\/wp-json\/wp\/v2\/comments?post=13538"}],"version-history":[{"count":0,"href":"https:\/\/andreaskalcker.com\/it\/wp-json\/wp\/v2\/pages\/13538\/revisions"}],"wp:attachment":[{"href":"https:\/\/andreaskalcker.com\/it\/wp-json\/wp\/v2\/media?parent=13538"}],"curies":[{"name":"wp","href":"https:\/\/api.w.org\/{rel}","templated":true}]}}