{"id":13839,"date":"2023-07-17T19:29:41","date_gmt":"2023-07-17T17:29:41","guid":{"rendered":"https:\/\/andreaskalcker.com\/pagina-d-esempio\/"},"modified":"2025-02-17T11:13:42","modified_gmt":"2025-02-17T10:13:42","slug":"pagina-d-esempio","status":"publish","type":"page","link":"https:\/\/andreaskalcker.com\/it\/pagina-d-esempio\/","title":{"rendered":"Pagina d&#8217; esempio"},"content":{"rendered":"\n<p>Esta es una p\u00e1gina de ejemplo. \u00c8 diverso da un post di un blog perch\u00e9 rimarr\u00e0 in un unico luogo e apparir\u00e0 nella navigazione del sito (nella maggior parte dei temi). La maggior parte delle persone inizia con una pagina &#8220;About&#8221; che li presenta ai potenziali visitatori del sito. Si potrebbe dire qualcosa del genere:<\/p>\n\n<blockquote class=\"wp-block-quote is-layout-flow wp-block-quote-is-layout-flow\"><p>Ciao Sono un cameriere di giorno, un aspirante attore di notte e questo \u00e8 il mio sito web. Vivo a Mairena del Alcor, ho un cane di nome Firulais e mi piace il rebujito. (E lunghi pomeriggi con il caff\u00e8).<\/p><\/blockquote>\n\n<p>&#8230;o qualcosa del genere:<\/p>\n\n<blockquote class=\"wp-block-quote is-layout-flow wp-block-quote-is-layout-flow\"><p>L&#8217;azienda &#8220;Mariscos Recio&#8221; \u00e8 stata fondata da Antonio Recio Mata. Iniziata come una piccola azienda che forniva frutti di mare ad alberghi e ristoranti, si \u00e8 gradualmente trasformata in un enorme impero. Mariscos Recio, il mare al miglior prezzo.<\/p><\/blockquote>\n\n<p>Come nuovo utente di WordPress, si deve andare su <a href=\"https:\/\/andreaskalcker.com\/wp-admin\/\">la tua scrivania<\/a> per eliminare questa pagina e creare nuove pagine per i propri contenuti. Divertitevi!<\/p>\n","protected":false},"excerpt":{"rendered":"<p>Esta es una p\u00e1gina de ejemplo. \u00c8 diverso da un post di un blog perch\u00e9 rimarr\u00e0 in un unico luogo e apparir\u00e0 nella navigazione del sito (nella maggior parte dei temi). La maggior parte delle persone inizia con una pagina &#8220;About&#8221; che li presenta ai potenziali visitatori del sito. Si potrebbe dire qualcosa del genere: Ciao Sono un cameriere di giorno, un aspirante attore di notte e questo \u00e8 il mio sito web. Vivo a Mairena del Alcor, ho un cane di nome Firulais e mi piace il rebujito. (E lunghi pomeriggi con il caff\u00e8). &#8230;o qualcosa del genere: L&#8217;azienda &#8220;Mariscos Recio&#8221; \u00e8 stata fondata da Antonio Recio Mata. Iniziata come una piccola azienda che forniva frutti di mare ad alberghi e ristoranti, si \u00e8 gradualmente trasformata in un enorme impero. Mariscos Recio, il mare al miglior prezzo. Come nuovo utente di WordPress, si deve andare su la tua scrivania per eliminare questa pagina e creare nuove pagine per i propri contenuti. Divertitevi!<\/p>\n","protected":false},"author":1,"featured_media":0,"parent":0,"menu_order":0,"comment_status":"closed","ping_status":"open","template":"","meta":{"footnotes":""},"class_list":["post-13839","page","type-page","status-publish"],"yoast_head":"<!-- This site is optimized with the Yoast SEO Premium plugin v22.2 (Yoast SEO v25.8) - https:\/\/yoast.com\/wordpress\/plugins\/seo\/ -->\n<title>Pagina d&#039; esempio - Andreas Kalcker<\/title>\n<meta name=\"robots\" content=\"index, follow, max-snippet:-1, max-image-preview:large, max-video-preview:-1\" \/>\n<link rel=\"canonical\" href=\"https:\/\/andreaskalcker.com\/pagina-ejemplo\/\" \/>\n<meta property=\"og:locale\" content=\"it_IT\" \/>\n<meta property=\"og:type\" content=\"article\" \/>\n<meta property=\"og:title\" content=\"Pagina d&#039; esempio\" \/>\n<meta property=\"og:description\" content=\"Esta es una p\u00e1gina de ejemplo. \u00c8 diverso da un post di un blog perch\u00e9 rimarr\u00e0 in un unico luogo e apparir\u00e0 nella navigazione del sito (nella maggior parte dei temi). La maggior parte delle persone inizia con una pagina &#8220;About&#8221; che li presenta ai potenziali visitatori del sito. Si potrebbe dire qualcosa del genere: Ciao Sono un cameriere di giorno, un aspirante attore di notte e questo \u00e8 il mio sito web. Vivo a Mairena del Alcor, ho un cane di nome Firulais e mi piace il rebujito. (E lunghi pomeriggi con il caff\u00e8). &#8230;o qualcosa del genere: L&#8217;azienda &#8220;Mariscos Recio&#8221; \u00e8 stata fondata da Antonio Recio Mata. Iniziata come una piccola azienda che forniva frutti di mare ad alberghi e ristoranti, si \u00e8 gradualmente trasformata in un enorme impero. Mariscos Recio, il mare al miglior prezzo. Come nuovo utente di WordPress, si deve andare su la tua scrivania per eliminare questa pagina e creare nuove pagine per i propri contenuti. Divertitevi!\" \/>\n<meta property=\"og:url\" content=\"https:\/\/andreaskalcker.com\/pagina-ejemplo\/\" \/>\n<meta property=\"og:site_name\" content=\"Andreas Kalcker\" \/>\n<meta property=\"article:modified_time\" content=\"2025-02-17T10:13:42+00:00\" \/>\n<meta name=\"twitter:card\" content=\"summary_large_image\" \/>\n<meta name=\"twitter:label1\" content=\"Tempo di lettura stimato\" \/>\n\t<meta name=\"twitter:data1\" content=\"1 minuto\" \/>\n<script type=\"application\/ld+json\" class=\"yoast-schema-graph\">{\"@context\":\"https:\/\/schema.org\",\"@graph\":[{\"@type\":\"WebPage\",\"@id\":\"https:\/\/andreaskalcker.com\/pagina-ejemplo\/\",\"url\":\"https:\/\/andreaskalcker.com\/pagina-ejemplo\/\",\"name\":\"Pagina d' esempio - Andreas Kalcker\",\"isPartOf\":{\"@id\":\"https:\/\/andreaskalcker.com\/#website\"},\"datePublished\":\"2023-07-17T17:29:41+00:00\",\"dateModified\":\"2025-02-17T10:13:42+00:00\",\"breadcrumb\":{\"@id\":\"https:\/\/andreaskalcker.com\/pagina-ejemplo\/#breadcrumb\"},\"inLanguage\":\"it-IT\",\"potentialAction\":[{\"@type\":\"ReadAction\",\"target\":[\"https:\/\/andreaskalcker.com\/pagina-ejemplo\/\"]}]},{\"@type\":\"BreadcrumbList\",\"@id\":\"https:\/\/andreaskalcker.com\/pagina-ejemplo\/#breadcrumb\",\"itemListElement\":[{\"@type\":\"ListItem\",\"position\":1,\"name\":\"Portada\",\"item\":\"https:\/\/andreaskalcker.com\/\"},{\"@type\":\"ListItem\",\"position\":2,\"name\":\"Pagina d&#8217; esempio\"}]},{\"@type\":\"WebSite\",\"@id\":\"https:\/\/andreaskalcker.com\/#website\",\"url\":\"https:\/\/andreaskalcker.com\/\",\"name\":\"Andreas Kalcker\",\"description\":\"Official website\",\"potentialAction\":[{\"@type\":\"SearchAction\",\"target\":{\"@type\":\"EntryPoint\",\"urlTemplate\":\"https:\/\/andreaskalcker.com\/?s={search_term_string}\"},\"query-input\":{\"@type\":\"PropertyValueSpecification\",\"valueRequired\":true,\"valueName\":\"search_term_string\"}}],\"inLanguage\":\"it-IT\"}]}<\/script>\n<!-- \/ Yoast SEO Premium plugin. -->","yoast_head_json":{"title":"Pagina d' esempio - Andreas Kalcker","robots":{"index":"index","follow":"follow","max-snippet":"max-snippet:-1","max-image-preview":"max-image-preview:large","max-video-preview":"max-video-preview:-1"},"canonical":"https:\/\/andreaskalcker.com\/pagina-ejemplo\/","og_locale":"it_IT","og_type":"article","og_title":"Pagina d' esempio","og_description":"Esta es una p\u00e1gina de ejemplo. \u00c8 diverso da un post di un blog perch\u00e9 rimarr\u00e0 in un unico luogo e apparir\u00e0 nella navigazione del sito (nella maggior parte dei temi). La maggior parte delle persone inizia con una pagina &#8220;About&#8221; che li presenta ai potenziali visitatori del sito. Si potrebbe dire qualcosa del genere: Ciao Sono un cameriere di giorno, un aspirante attore di notte e questo \u00e8 il mio sito web. Vivo a Mairena del Alcor, ho un cane di nome Firulais e mi piace il rebujito. (E lunghi pomeriggi con il caff\u00e8). &#8230;o qualcosa del genere: L&#8217;azienda &#8220;Mariscos Recio&#8221; \u00e8 stata fondata da Antonio Recio Mata. Iniziata come una piccola azienda che forniva frutti di mare ad alberghi e ristoranti, si \u00e8 gradualmente trasformata in un enorme impero. Mariscos Recio, il mare al miglior prezzo. Come nuovo utente di WordPress, si deve andare su la tua scrivania per eliminare questa pagina e creare nuove pagine per i propri contenuti. Divertitevi!","og_url":"https:\/\/andreaskalcker.com\/pagina-ejemplo\/","og_site_name":"Andreas Kalcker","article_modified_time":"2025-02-17T10:13:42+00:00","twitter_card":"summary_large_image","twitter_misc":{"Tempo di lettura stimato":"1 minuto"},"schema":{"@context":"https:\/\/schema.org","@graph":[{"@type":"WebPage","@id":"https:\/\/andreaskalcker.com\/pagina-ejemplo\/","url":"https:\/\/andreaskalcker.com\/pagina-ejemplo\/","name":"Pagina d' esempio - Andreas Kalcker","isPartOf":{"@id":"https:\/\/andreaskalcker.com\/#website"},"datePublished":"2023-07-17T17:29:41+00:00","dateModified":"2025-02-17T10:13:42+00:00","breadcrumb":{"@id":"https:\/\/andreaskalcker.com\/pagina-ejemplo\/#breadcrumb"},"inLanguage":"it-IT","potentialAction":[{"@type":"ReadAction","target":["https:\/\/andreaskalcker.com\/pagina-ejemplo\/"]}]},{"@type":"BreadcrumbList","@id":"https:\/\/andreaskalcker.com\/pagina-ejemplo\/#breadcrumb","itemListElement":[{"@type":"ListItem","position":1,"name":"Portada","item":"https:\/\/andreaskalcker.com\/"},{"@type":"ListItem","position":2,"name":"Pagina d&#8217; esempio"}]},{"@type":"WebSite","@id":"https:\/\/andreaskalcker.com\/#website","url":"https:\/\/andreaskalcker.com\/","name":"Andreas Kalcker","description":"Official website","potentialAction":[{"@type":"SearchAction","target":{"@type":"EntryPoint","urlTemplate":"https:\/\/andreaskalcker.com\/?s={search_term_string}"},"query-input":{"@type":"PropertyValueSpecification","valueRequired":true,"valueName":"search_term_string"}}],"inLanguage":"it-IT"}]}},"_links":{"self":[{"href":"https:\/\/andreaskalcker.com\/it\/wp-json\/wp\/v2\/pages\/13839","targetHints":{"allow":["GET"]}}],"collection":[{"href":"https:\/\/andreaskalcker.com\/it\/wp-json\/wp\/v2\/pages"}],"about":[{"href":"https:\/\/andreaskalcker.com\/it\/wp-json\/wp\/v2\/types\/page"}],"author":[{"embeddable":true,"href":"https:\/\/andreaskalcker.com\/it\/wp-json\/wp\/v2\/users\/1"}],"replies":[{"embeddable":true,"href":"https:\/\/andreaskalcker.com\/it\/wp-json\/wp\/v2\/comments?post=13839"}],"version-history":[{"count":0,"href":"https:\/\/andreaskalcker.com\/it\/wp-json\/wp\/v2\/pages\/13839\/revisions"}],"wp:attachment":[{"href":"https:\/\/andreaskalcker.com\/it\/wp-json\/wp\/v2\/media?parent=13839"}],"curies":[{"name":"wp","href":"https:\/\/api.w.org\/{rel}","templated":true}]}}