{"id":14003,"date":"2023-07-17T20:45:03","date_gmt":"2023-07-17T18:45:03","guid":{"rendered":"https:\/\/andreaskalcker.com\/fondazione\/"},"modified":"2025-02-17T11:22:03","modified_gmt":"2025-02-17T10:22:03","slug":"fondazione","status":"publish","type":"page","link":"https:\/\/andreaskalcker.com\/it\/fondazione\/","title":{"rendered":"Fondazione"},"content":{"rendered":"\t\t<div data-elementor-type=\"wp-page\" data-elementor-id=\"14003\" class=\"elementor elementor-14003 elementor-107\" data-elementor-post-type=\"page\">\n\t\t\t\t\t\t<section class=\"elementor-section elementor-top-section elementor-element elementor-element-d2eb231 elementor-section-boxed elementor-section-height-default elementor-section-height-default wpr-particle-no wpr-jarallax-no wpr-parallax-no wpr-sticky-section-no\" data-id=\"d2eb231\" data-element_type=\"section\" data-settings=\"{&quot;background_background&quot;:&quot;classic&quot;,&quot;background_motion_fx_motion_fx_scrolling&quot;:&quot;yes&quot;,&quot;background_motion_fx_motion_fx_mouse&quot;:&quot;yes&quot;,&quot;background_motion_fx_mouseTrack_effect&quot;:&quot;yes&quot;,&quot;background_motion_fx_devices&quot;:[&quot;desktop&quot;,&quot;tablet&quot;,&quot;mobile&quot;],&quot;background_motion_fx_mouseTrack_speed&quot;:{&quot;unit&quot;:&quot;px&quot;,&quot;size&quot;:1,&quot;sizes&quot;:[]}}\">\n\t\t\t\t\t\t<div class=\"elementor-container elementor-column-gap-default\">\n\t\t\t\t\t<div class=\"elementor-column elementor-col-100 elementor-top-column elementor-element elementor-element-4319566\" data-id=\"4319566\" data-element_type=\"column\">\n\t\t\t<div class=\"elementor-widget-wrap elementor-element-populated\">\n\t\t\t\t\t\t<div class=\"elementor-element elementor-element-81bd7f5 elementor-widget elementor-widget-heading\" data-id=\"81bd7f5\" data-element_type=\"widget\" data-widget_type=\"heading.default\">\n\t\t\t\t<div class=\"elementor-widget-container\">\n\t\t\t\t\t<h2 class=\"elementor-heading-title elementor-size-default\">ALK Foundation<\/h2>\t\t\t\t<\/div>\n\t\t\t\t<\/div>\n\t\t\t\t<div class=\"elementor-element elementor-element-0722193 elementor-widget elementor-widget-heading\" data-id=\"0722193\" data-element_type=\"widget\" data-widget_type=\"heading.default\">\n\t\t\t\t<div class=\"elementor-widget-container\">\n\t\t\t\t\t<h5 class=\"elementor-heading-title elementor-size-default\">Salvare vite insieme\n\n<\/h5>\t\t\t\t<\/div>\n\t\t\t\t<\/div>\n\t\t\t\t\t<\/div>\n\t\t<\/div>\n\t\t\t\t\t<\/div>\n\t\t<\/section>\n\t\t\t\t<section class=\"elementor-section elementor-top-section elementor-element elementor-element-ea60e58 elementor-section-boxed elementor-section-height-default elementor-section-height-default wpr-particle-no wpr-jarallax-no wpr-parallax-no wpr-sticky-section-no\" data-id=\"ea60e58\" data-element_type=\"section\">\n\t\t\t\t\t\t<div class=\"elementor-container elementor-column-gap-default\">\n\t\t\t\t\t<div class=\"elementor-column elementor-col-100 elementor-top-column elementor-element elementor-element-bf070df\" data-id=\"bf070df\" data-element_type=\"column\">\n\t\t\t<div class=\"elementor-widget-wrap elementor-element-populated\">\n\t\t\t\t\t\t<div class=\"elementor-element elementor-element-48750ee elementor-widget elementor-widget-spacer\" data-id=\"48750ee\" data-element_type=\"widget\" data-widget_type=\"spacer.default\">\n\t\t\t\t<div class=\"elementor-widget-container\">\n\t\t\t\t\t\t\t<div class=\"elementor-spacer\">\n\t\t\t<div class=\"elementor-spacer-inner\"><\/div>\n\t\t<\/div>\n\t\t\t\t\t\t<\/div>\n\t\t\t\t<\/div>\n\t\t\t\t<div class=\"elementor-element elementor-element-0bf121a elementor-widget elementor-widget-text-editor\" data-id=\"0bf121a\" data-element_type=\"widget\" data-widget_type=\"text-editor.default\">\n\t\t\t\t<div class=\"elementor-widget-container\">\n\t\t\t\t\t\t\t\t\t<p>La <strong>Fundaci\u00f3n ALK<\/strong> \u00e8 dedicato alla <strong>ricerca<\/strong>, <strong>professionalizzazione<\/strong>e <strong>diffusione della molecola di ClO\u2082<\/strong> sotto forma di CDS, nonch\u00e9 nel portare a conoscenza del mondo le basi della <strong>Medicina elettromolecolare<\/strong>.<\/p><p> <\/p><p>Abbiamo un edificio che \u00e8 stato donato alla fine del 2021 con sede a <strong>Jalisco, M\u00e9xico<\/strong>, Gli uffici amministrativi, l&#8217;aula di formazione, il dipartimento di ricerca, l&#8217;area delle terapie innovative e, grazie alle donazioni, stiamo costruendo il Laboratorio Clinico che comprender\u00e0 le aree di ematochimica, ematologia, immunologia, parassitologia e microbiologia, a beneficio dell&#8217;umanit\u00e0 e al servizio dei nostri soci.<\/p>\t\t\t\t\t\t\t\t<\/div>\n\t\t\t\t<\/div>\n\t\t\t\t<div class=\"elementor-element elementor-element-98d4d95 elementor-widget elementor-widget-spacer\" data-id=\"98d4d95\" data-element_type=\"widget\" data-widget_type=\"spacer.default\">\n\t\t\t\t<div class=\"elementor-widget-container\">\n\t\t\t\t\t\t\t<div class=\"elementor-spacer\">\n\t\t\t<div class=\"elementor-spacer-inner\"><\/div>\n\t\t<\/div>\n\t\t\t\t\t\t<\/div>\n\t\t\t\t<\/div>\n\t\t\t\t<div class=\"elementor-element elementor-element-2d6c290 elementor-widget elementor-widget-image\" data-id=\"2d6c290\" data-element_type=\"widget\" data-widget_type=\"image.default\">\n\t\t\t\t<div class=\"elementor-widget-container\">\n\t\t\t\t\t\t\t\t\t\t\t\t\t\t\t<img fetchpriority=\"high\" decoding=\"async\" width=\"768\" height=\"487\" src=\"https:\/\/andreaskalcker.com\/wp-content\/uploads\/2024\/03\/DSC7440-3-768x487.jpg\" class=\"attachment-medium_large size-medium_large wp-image-13057\" alt=\"\" srcset=\"https:\/\/andreaskalcker.com\/wp-content\/uploads\/2024\/03\/DSC7440-3-768x487.jpg 768w, https:\/\/andreaskalcker.com\/wp-content\/uploads\/2024\/03\/DSC7440-3-300x190.jpg 300w, https:\/\/andreaskalcker.com\/wp-content\/uploads\/2024\/03\/DSC7440-3.jpg 920w\" sizes=\"(max-width: 768px) 100vw, 768px\" \/>\t\t\t\t\t\t\t\t\t\t\t\t\t\t\t<\/div>\n\t\t\t\t<\/div>\n\t\t\t\t<div class=\"elementor-element elementor-element-72b2b1f elementor-widget elementor-widget-spacer\" data-id=\"72b2b1f\" data-element_type=\"widget\" data-widget_type=\"spacer.default\">\n\t\t\t\t<div class=\"elementor-widget-container\">\n\t\t\t\t\t\t\t<div class=\"elementor-spacer\">\n\t\t\t<div class=\"elementor-spacer-inner\"><\/div>\n\t\t<\/div>\n\t\t\t\t\t\t<\/div>\n\t\t\t\t<\/div>\n\t\t\t\t<div class=\"elementor-element elementor-element-91d1d39 elementor-align-center elementor-widget elementor-widget-button\" data-id=\"91d1d39\" data-element_type=\"widget\" data-widget_type=\"button.default\">\n\t\t\t\t<div class=\"elementor-widget-container\">\n\t\t\t\t\t\t\t\t\t<div class=\"elementor-button-wrapper\">\n\t\t\t\t\t<a class=\"elementor-button elementor-button-link elementor-size-sm\" href=\"https:\/\/alkfoundation.com\/\" target=\"_blank\">\n\t\t\t\t\t\t<span class=\"elementor-button-content-wrapper\">\n\t\t\t\t\t\t\t\t\t<span class=\"elementor-button-text\">Visita il nostro sito web<\/span>\n\t\t\t\t\t<\/span>\n\t\t\t\t\t<\/a>\n\t\t\t\t<\/div>\n\t\t\t\t\t\t\t\t<\/div>\n\t\t\t\t<\/div>\n\t\t\t\t<div class=\"elementor-element elementor-element-1be0bff elementor-widget elementor-widget-spacer\" data-id=\"1be0bff\" data-element_type=\"widget\" data-widget_type=\"spacer.default\">\n\t\t\t\t<div class=\"elementor-widget-container\">\n\t\t\t\t\t\t\t<div class=\"elementor-spacer\">\n\t\t\t<div class=\"elementor-spacer-inner\"><\/div>\n\t\t<\/div>\n\t\t\t\t\t\t<\/div>\n\t\t\t\t<\/div>\n\t\t\t\t\t<\/div>\n\t\t<\/div>\n\t\t\t\t\t<\/div>\n\t\t<\/section>\n\t\t\t\t<section class=\"elementor-section elementor-top-section elementor-element elementor-element-8b9e868 elementor-section-boxed elementor-section-height-default elementor-section-height-default wpr-particle-no wpr-jarallax-no wpr-parallax-no wpr-sticky-section-no\" data-id=\"8b9e868\" data-element_type=\"section\">\n\t\t\t\t\t\t<div class=\"elementor-container elementor-column-gap-default\">\n\t\t\t\t\t<div class=\"elementor-column elementor-col-16 elementor-top-column elementor-element elementor-element-12ae133\" data-id=\"12ae133\" data-element_type=\"column\">\n\t\t\t<div class=\"elementor-widget-wrap\">\n\t\t\t\t\t\t\t<\/div>\n\t\t<\/div>\n\t\t\t\t<div class=\"elementor-column elementor-col-66 elementor-top-column elementor-element elementor-element-5bbcf1c\" data-id=\"5bbcf1c\" data-element_type=\"column\">\n\t\t\t<div class=\"elementor-widget-wrap\">\n\t\t\t\t\t\t\t<\/div>\n\t\t<\/div>\n\t\t\t\t<div class=\"elementor-column elementor-col-16 elementor-top-column elementor-element elementor-element-d898e7c\" data-id=\"d898e7c\" data-element_type=\"column\">\n\t\t\t<div class=\"elementor-widget-wrap\">\n\t\t\t\t\t\t\t<\/div>\n\t\t<\/div>\n\t\t\t\t\t<\/div>\n\t\t<\/section>\n\t\t\t\t<\/div>\n\t\t","protected":false},"excerpt":{"rendered":"<p>ALK Foundation Salvare vite insieme La Fundaci\u00f3n ALK \u00e8 dedicato alla ricerca, professionalizzazionee diffusione della molecola di ClO\u2082 sotto forma di CDS, nonch\u00e9 nel portare a conoscenza del mondo le basi della Medicina elettromolecolare. Abbiamo un edificio che \u00e8 stato donato alla fine del 2021 con sede a Jalisco, M\u00e9xico, Gli uffici amministrativi, l&#8217;aula di formazione, il dipartimento di ricerca, l&#8217;area delle terapie innovative e, grazie alle donazioni, stiamo costruendo il Laboratorio Clinico che comprender\u00e0 le aree di ematochimica, ematologia, immunologia, parassitologia e microbiologia, a beneficio dell&#8217;umanit\u00e0 e al servizio dei nostri soci. Visita il nostro sito web<\/p>\n","protected":false},"author":1,"featured_media":0,"parent":0,"menu_order":0,"comment_status":"closed","ping_status":"closed","template":"","meta":{"footnotes":""},"class_list":["post-14003","page","type-page","status-publish"],"yoast_head":"<!-- This site is optimized with the Yoast SEO Premium plugin v22.2 (Yoast SEO v25.8) - https:\/\/yoast.com\/wordpress\/plugins\/seo\/ -->\n<title>Fondazione - Andreas Kalcker<\/title>\n<meta name=\"robots\" content=\"index, follow, max-snippet:-1, max-image-preview:large, max-video-preview:-1\" \/>\n<link rel=\"canonical\" href=\"https:\/\/andreaskalcker.com\/it\/fondazione\/\" \/>\n<meta property=\"og:locale\" content=\"it_IT\" \/>\n<meta property=\"og:type\" content=\"article\" \/>\n<meta property=\"og:title\" content=\"Fondazione\" \/>\n<meta property=\"og:description\" content=\"ALK Foundation Salvare vite insieme La Fundaci\u00f3n ALK \u00e8 dedicato alla ricerca, professionalizzazionee diffusione della molecola di ClO\u2082 sotto forma di CDS, nonch\u00e9 nel portare a conoscenza del mondo le basi della Medicina elettromolecolare. Abbiamo un edificio che \u00e8 stato donato alla fine del 2021 con sede a Jalisco, M\u00e9xico, Gli uffici amministrativi, l&#8217;aula di formazione, il dipartimento di ricerca, l&#8217;area delle terapie innovative e, grazie alle donazioni, stiamo costruendo il Laboratorio Clinico che comprender\u00e0 le aree di ematochimica, ematologia, immunologia, parassitologia e microbiologia, a beneficio dell&#8217;umanit\u00e0 e al servizio dei nostri soci. Visita il nostro sito web\" \/>\n<meta property=\"og:url\" content=\"https:\/\/andreaskalcker.com\/it\/fondazione\/\" \/>\n<meta property=\"og:site_name\" content=\"Andreas Kalcker\" \/>\n<meta property=\"article:modified_time\" content=\"2025-02-17T10:22:03+00:00\" \/>\n<meta property=\"og:image\" content=\"https:\/\/andreaskalcker.com\/wp-content\/uploads\/2024\/03\/DSC7440-3-768x487.jpg\" \/>\n<meta name=\"twitter:card\" content=\"summary_large_image\" \/>\n<script type=\"application\/ld+json\" class=\"yoast-schema-graph\">{\"@context\":\"https:\/\/schema.org\",\"@graph\":[{\"@type\":\"WebPage\",\"@id\":\"https:\/\/andreaskalcker.com\/it\/fondazione\/\",\"url\":\"https:\/\/andreaskalcker.com\/it\/fondazione\/\",\"name\":\"Fondazione - Andreas Kalcker\",\"isPartOf\":{\"@id\":\"https:\/\/andreaskalcker.com\/#website\"},\"primaryImageOfPage\":{\"@id\":\"https:\/\/andreaskalcker.com\/it\/fondazione\/#primaryimage\"},\"image\":{\"@id\":\"https:\/\/andreaskalcker.com\/it\/fondazione\/#primaryimage\"},\"thumbnailUrl\":\"https:\/\/andreaskalcker.com\/wp-content\/uploads\/2024\/03\/DSC7440-3-768x487.jpg\",\"datePublished\":\"2023-07-17T18:45:03+00:00\",\"dateModified\":\"2025-02-17T10:22:03+00:00\",\"breadcrumb\":{\"@id\":\"https:\/\/andreaskalcker.com\/it\/fondazione\/#breadcrumb\"},\"inLanguage\":\"it-IT\",\"potentialAction\":[{\"@type\":\"ReadAction\",\"target\":[\"https:\/\/andreaskalcker.com\/it\/fondazione\/\"]}]},{\"@type\":\"ImageObject\",\"inLanguage\":\"it-IT\",\"@id\":\"https:\/\/andreaskalcker.com\/it\/fondazione\/#primaryimage\",\"url\":\"https:\/\/andreaskalcker.com\/wp-content\/uploads\/2024\/03\/DSC7440-3-768x487.jpg\",\"contentUrl\":\"https:\/\/andreaskalcker.com\/wp-content\/uploads\/2024\/03\/DSC7440-3-768x487.jpg\"},{\"@type\":\"BreadcrumbList\",\"@id\":\"https:\/\/andreaskalcker.com\/it\/fondazione\/#breadcrumb\",\"itemListElement\":[{\"@type\":\"ListItem\",\"position\":1,\"name\":\"Portada\",\"item\":\"https:\/\/andreaskalcker.com\/\"},{\"@type\":\"ListItem\",\"position\":2,\"name\":\"Fondazione\"}]},{\"@type\":\"WebSite\",\"@id\":\"https:\/\/andreaskalcker.com\/#website\",\"url\":\"https:\/\/andreaskalcker.com\/\",\"name\":\"Andreas Kalcker\",\"description\":\"Official website\",\"potentialAction\":[{\"@type\":\"SearchAction\",\"target\":{\"@type\":\"EntryPoint\",\"urlTemplate\":\"https:\/\/andreaskalcker.com\/?s={search_term_string}\"},\"query-input\":{\"@type\":\"PropertyValueSpecification\",\"valueRequired\":true,\"valueName\":\"search_term_string\"}}],\"inLanguage\":\"it-IT\"}]}<\/script>\n<!-- \/ Yoast SEO Premium plugin. -->","yoast_head_json":{"title":"Fondazione - Andreas Kalcker","robots":{"index":"index","follow":"follow","max-snippet":"max-snippet:-1","max-image-preview":"max-image-preview:large","max-video-preview":"max-video-preview:-1"},"canonical":"https:\/\/andreaskalcker.com\/it\/fondazione\/","og_locale":"it_IT","og_type":"article","og_title":"Fondazione","og_description":"ALK Foundation Salvare vite insieme La Fundaci\u00f3n ALK \u00e8 dedicato alla ricerca, professionalizzazionee diffusione della molecola di ClO\u2082 sotto forma di CDS, nonch\u00e9 nel portare a conoscenza del mondo le basi della Medicina elettromolecolare. Abbiamo un edificio che \u00e8 stato donato alla fine del 2021 con sede a Jalisco, M\u00e9xico, Gli uffici amministrativi, l&#8217;aula di formazione, il dipartimento di ricerca, l&#8217;area delle terapie innovative e, grazie alle donazioni, stiamo costruendo il Laboratorio Clinico che comprender\u00e0 le aree di ematochimica, ematologia, immunologia, parassitologia e microbiologia, a beneficio dell&#8217;umanit\u00e0 e al servizio dei nostri soci. Visita il nostro sito web","og_url":"https:\/\/andreaskalcker.com\/it\/fondazione\/","og_site_name":"Andreas Kalcker","article_modified_time":"2025-02-17T10:22:03+00:00","og_image":[{"url":"https:\/\/andreaskalcker.com\/wp-content\/uploads\/2024\/03\/DSC7440-3-768x487.jpg","type":"","width":"","height":""}],"twitter_card":"summary_large_image","schema":{"@context":"https:\/\/schema.org","@graph":[{"@type":"WebPage","@id":"https:\/\/andreaskalcker.com\/it\/fondazione\/","url":"https:\/\/andreaskalcker.com\/it\/fondazione\/","name":"Fondazione - Andreas Kalcker","isPartOf":{"@id":"https:\/\/andreaskalcker.com\/#website"},"primaryImageOfPage":{"@id":"https:\/\/andreaskalcker.com\/it\/fondazione\/#primaryimage"},"image":{"@id":"https:\/\/andreaskalcker.com\/it\/fondazione\/#primaryimage"},"thumbnailUrl":"https:\/\/andreaskalcker.com\/wp-content\/uploads\/2024\/03\/DSC7440-3-768x487.jpg","datePublished":"2023-07-17T18:45:03+00:00","dateModified":"2025-02-17T10:22:03+00:00","breadcrumb":{"@id":"https:\/\/andreaskalcker.com\/it\/fondazione\/#breadcrumb"},"inLanguage":"it-IT","potentialAction":[{"@type":"ReadAction","target":["https:\/\/andreaskalcker.com\/it\/fondazione\/"]}]},{"@type":"ImageObject","inLanguage":"it-IT","@id":"https:\/\/andreaskalcker.com\/it\/fondazione\/#primaryimage","url":"https:\/\/andreaskalcker.com\/wp-content\/uploads\/2024\/03\/DSC7440-3-768x487.jpg","contentUrl":"https:\/\/andreaskalcker.com\/wp-content\/uploads\/2024\/03\/DSC7440-3-768x487.jpg"},{"@type":"BreadcrumbList","@id":"https:\/\/andreaskalcker.com\/it\/fondazione\/#breadcrumb","itemListElement":[{"@type":"ListItem","position":1,"name":"Portada","item":"https:\/\/andreaskalcker.com\/"},{"@type":"ListItem","position":2,"name":"Fondazione"}]},{"@type":"WebSite","@id":"https:\/\/andreaskalcker.com\/#website","url":"https:\/\/andreaskalcker.com\/","name":"Andreas Kalcker","description":"Official website","potentialAction":[{"@type":"SearchAction","target":{"@type":"EntryPoint","urlTemplate":"https:\/\/andreaskalcker.com\/?s={search_term_string}"},"query-input":{"@type":"PropertyValueSpecification","valueRequired":true,"valueName":"search_term_string"}}],"inLanguage":"it-IT"}]}},"_links":{"self":[{"href":"https:\/\/andreaskalcker.com\/it\/wp-json\/wp\/v2\/pages\/14003","targetHints":{"allow":["GET"]}}],"collection":[{"href":"https:\/\/andreaskalcker.com\/it\/wp-json\/wp\/v2\/pages"}],"about":[{"href":"https:\/\/andreaskalcker.com\/it\/wp-json\/wp\/v2\/types\/page"}],"author":[{"embeddable":true,"href":"https:\/\/andreaskalcker.com\/it\/wp-json\/wp\/v2\/users\/1"}],"replies":[{"embeddable":true,"href":"https:\/\/andreaskalcker.com\/it\/wp-json\/wp\/v2\/comments?post=14003"}],"version-history":[{"count":0,"href":"https:\/\/andreaskalcker.com\/it\/wp-json\/wp\/v2\/pages\/14003\/revisions"}],"wp:attachment":[{"href":"https:\/\/andreaskalcker.com\/it\/wp-json\/wp\/v2\/media?parent=14003"}],"curies":[{"name":"wp","href":"https:\/\/api.w.org\/{rel}","templated":true}]}}