{"id":14270,"date":"2024-03-18T08:28:42","date_gmt":"2024-03-18T07:28:42","guid":{"rendered":"https:\/\/andreaskalcker.com\/ai-chiedete-alla-nostra-intelligenza-artificiale\/"},"modified":"2025-02-17T11:24:13","modified_gmt":"2025-02-17T10:24:13","slug":"ai-chiedete-alla-nostra-intelligenza-artificiale","status":"publish","type":"page","link":"https:\/\/andreaskalcker.com\/it\/ai-chiedete-alla-nostra-intelligenza-artificiale\/","title":{"rendered":"AI Chiedete alla nostra intelligenza artificiale"},"content":{"rendered":"\t\t<div data-elementor-type=\"wp-page\" data-elementor-id=\"14270\" class=\"elementor elementor-14270 elementor-11870\" data-elementor-post-type=\"page\">\n\t\t\t\t\t\t<section class=\"elementor-section elementor-top-section elementor-element elementor-element-505c104a elementor-section-boxed elementor-section-height-default elementor-section-height-default wpr-particle-no wpr-jarallax-no wpr-parallax-no wpr-sticky-section-no\" data-id=\"505c104a\" data-element_type=\"section\" data-settings=\"{&quot;background_background&quot;:&quot;gradient&quot;,&quot;background_motion_fx_motion_fx_scrolling&quot;:&quot;yes&quot;,&quot;background_motion_fx_motion_fx_mouse&quot;:&quot;yes&quot;,&quot;background_motion_fx_mouseTrack_effect&quot;:&quot;yes&quot;,&quot;background_motion_fx_devices&quot;:[&quot;desktop&quot;,&quot;tablet&quot;,&quot;mobile&quot;],&quot;background_motion_fx_mouseTrack_speed&quot;:{&quot;unit&quot;:&quot;px&quot;,&quot;size&quot;:1,&quot;sizes&quot;:[]}}\">\n\t\t\t\t\t\t<div class=\"elementor-container elementor-column-gap-default\">\n\t\t\t\t\t<div class=\"elementor-column elementor-col-100 elementor-top-column elementor-element elementor-element-b9d58d9\" data-id=\"b9d58d9\" data-element_type=\"column\">\n\t\t\t<div class=\"elementor-widget-wrap elementor-element-populated\">\n\t\t\t\t\t\t<div class=\"elementor-element elementor-element-4e1bedf1 elementor-widget elementor-widget-heading\" data-id=\"4e1bedf1\" data-element_type=\"widget\" data-widget_type=\"heading.default\">\n\t\t\t\t<div class=\"elementor-widget-container\">\n\t\t\t\t\t<h2 class=\"elementor-heading-title elementor-size-default\">AI Chiedete alla nostra intelligenza artificiale<\/h2>\t\t\t\t<\/div>\n\t\t\t\t<\/div>\n\t\t\t\t\t<\/div>\n\t\t<\/div>\n\t\t\t\t\t<\/div>\n\t\t<\/section>\n\t\t\t\t<section class=\"elementor-section elementor-top-section elementor-element elementor-element-651a4b5 elementor-section-boxed elementor-section-height-default elementor-section-height-default wpr-particle-no wpr-jarallax-no wpr-parallax-no wpr-sticky-section-no\" data-id=\"651a4b5\" data-element_type=\"section\">\n\t\t\t\t\t\t<div class=\"elementor-container elementor-column-gap-default\">\n\t\t\t\t\t<div class=\"elementor-column elementor-col-100 elementor-top-column elementor-element elementor-element-358b473\" data-id=\"358b473\" data-element_type=\"column\">\n\t\t\t<div class=\"elementor-widget-wrap elementor-element-populated\">\n\t\t\t\t\t\t<div class=\"elementor-element elementor-element-1d65db0 elementor-widget elementor-widget-text-editor\" data-id=\"1d65db0\" data-element_type=\"widget\" data-widget_type=\"text-editor.default\">\n\t\t\t\t<div class=\"elementor-widget-container\">\n\t\t\t\t\t\t\t\t\t<p><strong>Benvenuti nella nostra piattaforma di assistenza intelligente<\/strong><\/p><p><strong> <\/strong><\/p><p>In questa sezione del nostro sito web, vi offriamo uno strumento unico e potente: l&#8217;accesso diretto al nostro assistente di intelligenza artificiale, progettato per guidarvi e fornirvi risposte rapide sui contenuti e le risorse disponibili sul nostro sito. Questo strumento \u00e8 <b>pubblicato in via sperimentale<\/b>.<\/p><p> <\/p><p>Questa procedura guidata \u00e8 una risorsa straordinaria per aiutarvi a navigare nella nostra vasta gamma di informazioni, articoli, ricerche e altro ancora. Tuttavia, \u00e8 fondamentale capire che, sebbene questo strumento sia qui per facilitare la vostra ricerca di conoscenza e risolvere i vostri dubbi in modo efficiente, <strong>non rappresenta le parole o i consigli diretti di Andreas Kalcker<\/strong>.<\/p><p> <\/p><p>L&#8217;intelligenza artificiale \u00e8 una tecnologia avanzata che apprende da grandi quantit\u00e0 di informazioni e si sforza di fornire risposte accurate e pertinenti. Tuttavia, come tutte le tecnologie, non \u00e8 infallibile. \u00c8 possibile che, a volte, le informazioni fornite da questa procedura guidata non siano completamente accurate o siano obsolete rispetto alle ultime scoperte o pubblicazioni sul nostro sito web ufficiale, <a href=\"https:\/\/andreaskalcker.com\/it\/\" target=\"_blank\" rel=\"noopener\">andreaskalcker.com<\/a>.<\/p><p> <\/p><p>Vi invitiamo quindi a utilizzare questo servizio come punto di partenza, un primo aiuto nella vostra ricerca di informazioni. Ma ricordate sempre <strong>verificare le informazioni con i contenuti pubblicati direttamente sul nostro sito web ufficiale<\/strong>. In questo modo si garantisce che le decisioni prese si basino sulle informazioni pi\u00f9 accurate e aggiornate disponibili.<\/p><p> <\/p><p>Il nostro obiettivo \u00e8 quello di fornirvi la conoscenza e l&#8217;accesso a informazioni vitali. Siamo qui per assistervi, ma il vostro discernimento e la vostra verifica sono fondamentali per un&#8217;esperienza informativa completa e accurata.<\/p><p> <\/p><p><strong>Come utilizzare questo servizio<\/strong><\/p><p><strong> <\/strong><\/p><p>Cliccate sul pulsante fluttuante di questo sito con l&#8217;immagine di Andreas AI e inserite la vostra domanda nell&#8217;apposito campo di testo: il nostro assistente di intelligenza artificiale si adoperer\u00e0 per fornirvi una risposta basata sui vasti contenuti disponibili sul nostro sito. Se avete domande su ricerche specifiche, se state cercando articoli relativi a un particolare argomento o se avete bisogno di indicazioni su dove trovare determinate risorse, la nostra procedura guidata \u00e8 stata pensata per aiutarvi.<\/p><p> <\/p><p><b>Ricordate: le informazioni fornite da questo strumento sono una guida. La vostra migliore risorsa sar\u00e0 sempre il contenuto convalidato fornito direttamente da Andreas Kalcker e dal suo team di <a href=\"https:\/\/andreaskalcker.com\/it\/\" target=\"_blank\" rel=\"noopener\">andreaskalcker.com<\/a>.<\/b><\/p><p> <\/p><p><strong>Grazie per la vostra visita e il vostro interesse. Siamo qui per aiutarvi a scoprire ed esplorare!<\/strong><\/p>\t\t\t\t\t\t\t\t<\/div>\n\t\t\t\t<\/div>\n\t\t\t\t<div class=\"elementor-element elementor-element-d033a3d elementor-widget elementor-widget-html\" data-id=\"d033a3d\" data-element_type=\"widget\" data-widget_type=\"html.default\">\n\t\t\t\t<div class=\"elementor-widget-container\">\n\t\t\t\t\t<script>var script = document.createElement(\"script\");\n                    script.async = true;\n                    script.id = \"chatbotscript\";\n                    script.dataset.accountid = \"hyk2IvGD5SGuGBiDWtrGgg==\";\n                    script.dataset.websiteid = \"hiW1WmQNNIba1r5TlLDQgg==\";\n                    script.src = \"https:\/\/app.robofy.ai\/bot\/js\/encChatWidget.js?v=\" + new Date().getTime();\n                    document.head.appendChild(script);\n            <\/script>\t\t\t\t<\/div>\n\t\t\t\t<\/div>\n\t\t\t\t\t<\/div>\n\t\t<\/div>\n\t\t\t\t\t<\/div>\n\t\t<\/section>\n\t\t\t\t<\/div>\n\t\t","protected":false},"excerpt":{"rendered":"<p>Benvenuti nella nostra piattaforma di assistenza intelligente In questa sezione del nostro sito web, vi offriamo uno strumento unico e potente: l&#8217;accesso diretto al nostro assistente di intelligenza artificiale, progettato per guidarvi e fornirvi risposte rapide sui contenuti e le risorse disponibili sul nostro sito. Questo strumento \u00e8 pubblicato in via sperimentale. Questa procedura guidata \u00e8 una risorsa straordinaria per aiutarvi a navigare nella nostra vasta gamma di informazioni, articoli, ricerche e altro ancora. Tuttavia, \u00e8 fondamentale capire che, sebbene questo strumento sia qui per facilitare la vostra ricerca di conoscenza e risolvere i vostri dubbi in modo efficiente, non rappresenta le parole o i consigli diretti di Andreas Kalcker. L&#8217;intelligenza artificiale \u00e8 una tecnologia avanzata che apprende da grandi quantit\u00e0 di informazioni e si sforza di fornire risposte accurate e pertinenti. Tuttavia, come tutte le tecnologie, non \u00e8 infallibile. \u00c8 possibile che, a volte, le informazioni fornite da questa procedura guidata non siano completamente accurate o siano obsolete rispetto alle ultime scoperte o pubblicazioni sul nostro sito web ufficiale, andreaskalcker.com. Vi invitiamo quindi a utilizzare questo servizio come punto di partenza, un primo aiuto nella vostra ricerca di informazioni. Ma ricordate sempre verificare le informazioni con i contenuti pubblicati direttamente sul nostro sito web ufficiale. In questo modo si garantisce che le decisioni prese si basino sulle informazioni pi\u00f9 accurate e aggiornate disponibili. Il nostro obiettivo \u00e8 quello di fornirvi la conoscenza e l&#8217;accesso a informazioni vitali. Siamo qui per assistervi, ma il vostro discernimento e la vostra verifica sono fondamentali per un&#8217;esperienza informativa completa e accurata. Come utilizzare questo servizio Cliccate sul pulsante fluttuante di questo sito con l&#8217;immagine di Andreas AI e inserite la vostra domanda nell&#8217;apposito campo di testo: il nostro assistente di intelligenza artificiale si adoperer\u00e0 per fornirvi una risposta basata sui vasti contenuti disponibili sul nostro sito. Se avete domande su ricerche specifiche, se state cercando articoli relativi a un particolare argomento o se avete bisogno di indicazioni su dove trovare determinate risorse, la nostra procedura guidata \u00e8 stata pensata per aiutarvi. Ricordate: le informazioni fornite da questo strumento sono una guida. La vostra migliore risorsa sar\u00e0 sempre il contenuto convalidato fornito direttamente da Andreas Kalcker e dal suo team di andreaskalcker.com. Grazie per la vostra visita e il vostro interesse. Siamo qui per aiutarvi a scoprire ed esplorare!<\/p>\n","protected":false},"author":1,"featured_media":0,"parent":0,"menu_order":0,"comment_status":"closed","ping_status":"closed","template":"","meta":{"footnotes":""},"class_list":["post-14270","page","type-page","status-publish"],"yoast_head":"<!-- This site is optimized with the Yoast SEO Premium plugin v22.2 (Yoast SEO v25.8) - https:\/\/yoast.com\/wordpress\/plugins\/seo\/ -->\n<title>AI Chiedete alla nostra intelligenza artificiale - Andreas Kalcker<\/title>\n<meta name=\"robots\" content=\"index, follow, max-snippet:-1, max-image-preview:large, max-video-preview:-1\" \/>\n<link rel=\"canonical\" href=\"https:\/\/andreaskalcker.com\/ia-pregunta-a-nuestra-inteligencia-artificial\/\" \/>\n<meta property=\"og:locale\" content=\"it_IT\" \/>\n<meta property=\"og:type\" content=\"article\" \/>\n<meta property=\"og:title\" content=\"AI Chiedete alla nostra intelligenza artificiale\" \/>\n<meta property=\"og:description\" content=\"Benvenuti nella nostra piattaforma di assistenza intelligente In questa sezione del nostro sito web, vi offriamo uno strumento unico e potente: l&#8217;accesso diretto al nostro assistente di intelligenza artificiale, progettato per guidarvi e fornirvi risposte rapide sui contenuti e le risorse disponibili sul nostro sito. Questo strumento \u00e8 pubblicato in via sperimentale. Questa procedura guidata \u00e8 una risorsa straordinaria per aiutarvi a navigare nella nostra vasta gamma di informazioni, articoli, ricerche e altro ancora. Tuttavia, \u00e8 fondamentale capire che, sebbene questo strumento sia qui per facilitare la vostra ricerca di conoscenza e risolvere i vostri dubbi in modo efficiente, non rappresenta le parole o i consigli diretti di Andreas Kalcker. L&#8217;intelligenza artificiale \u00e8 una tecnologia avanzata che apprende da grandi quantit\u00e0 di informazioni e si sforza di fornire risposte accurate e pertinenti. Tuttavia, come tutte le tecnologie, non \u00e8 infallibile. \u00c8 possibile che, a volte, le informazioni fornite da questa procedura guidata non siano completamente accurate o siano obsolete rispetto alle ultime scoperte o pubblicazioni sul nostro sito web ufficiale, andreaskalcker.com. Vi invitiamo quindi a utilizzare questo servizio come punto di partenza, un primo aiuto nella vostra ricerca di informazioni. Ma ricordate sempre verificare le informazioni con i contenuti pubblicati direttamente sul nostro sito web ufficiale. In questo modo si garantisce che le decisioni prese si basino sulle informazioni pi\u00f9 accurate e aggiornate disponibili. Il nostro obiettivo \u00e8 quello di fornirvi la conoscenza e l&#8217;accesso a informazioni vitali. Siamo qui per assistervi, ma il vostro discernimento e la vostra verifica sono fondamentali per un&#8217;esperienza informativa completa e accurata. Come utilizzare questo servizio Cliccate sul pulsante fluttuante di questo sito con l&#8217;immagine di Andreas AI e inserite la vostra domanda nell&#8217;apposito campo di testo: il nostro assistente di intelligenza artificiale si adoperer\u00e0 per fornirvi una risposta basata sui vasti contenuti disponibili sul nostro sito. Se avete domande su ricerche specifiche, se state cercando articoli relativi a un particolare argomento o se avete bisogno di indicazioni su dove trovare determinate risorse, la nostra procedura guidata \u00e8 stata pensata per aiutarvi. Ricordate: le informazioni fornite da questo strumento sono una guida. La vostra migliore risorsa sar\u00e0 sempre il contenuto convalidato fornito direttamente da Andreas Kalcker e dal suo team di andreaskalcker.com. Grazie per la vostra visita e il vostro interesse. Siamo qui per aiutarvi a scoprire ed esplorare!\" \/>\n<meta property=\"og:url\" content=\"https:\/\/andreaskalcker.com\/ia-pregunta-a-nuestra-inteligencia-artificial\/\" \/>\n<meta property=\"og:site_name\" content=\"Andreas Kalcker\" \/>\n<meta property=\"article:modified_time\" content=\"2025-02-17T10:24:13+00:00\" \/>\n<meta name=\"twitter:card\" content=\"summary_large_image\" \/>\n<meta name=\"twitter:label1\" content=\"Tempo di lettura stimato\" \/>\n\t<meta name=\"twitter:data1\" content=\"2 minuti\" \/>\n<script type=\"application\/ld+json\" class=\"yoast-schema-graph\">{\"@context\":\"https:\/\/schema.org\",\"@graph\":[{\"@type\":\"WebPage\",\"@id\":\"https:\/\/andreaskalcker.com\/ia-pregunta-a-nuestra-inteligencia-artificial\/\",\"url\":\"https:\/\/andreaskalcker.com\/ia-pregunta-a-nuestra-inteligencia-artificial\/\",\"name\":\"AI Chiedete alla nostra intelligenza artificiale - Andreas Kalcker\",\"isPartOf\":{\"@id\":\"https:\/\/andreaskalcker.com\/#website\"},\"datePublished\":\"2024-03-18T07:28:42+00:00\",\"dateModified\":\"2025-02-17T10:24:13+00:00\",\"breadcrumb\":{\"@id\":\"https:\/\/andreaskalcker.com\/ia-pregunta-a-nuestra-inteligencia-artificial\/#breadcrumb\"},\"inLanguage\":\"it-IT\",\"potentialAction\":[{\"@type\":\"ReadAction\",\"target\":[\"https:\/\/andreaskalcker.com\/ia-pregunta-a-nuestra-inteligencia-artificial\/\"]}]},{\"@type\":\"BreadcrumbList\",\"@id\":\"https:\/\/andreaskalcker.com\/ia-pregunta-a-nuestra-inteligencia-artificial\/#breadcrumb\",\"itemListElement\":[{\"@type\":\"ListItem\",\"position\":1,\"name\":\"Portada\",\"item\":\"https:\/\/andreaskalcker.com\/\"},{\"@type\":\"ListItem\",\"position\":2,\"name\":\"AI Chiedete alla nostra intelligenza artificiale\"}]},{\"@type\":\"WebSite\",\"@id\":\"https:\/\/andreaskalcker.com\/#website\",\"url\":\"https:\/\/andreaskalcker.com\/\",\"name\":\"Andreas Kalcker\",\"description\":\"Official website\",\"potentialAction\":[{\"@type\":\"SearchAction\",\"target\":{\"@type\":\"EntryPoint\",\"urlTemplate\":\"https:\/\/andreaskalcker.com\/?s={search_term_string}\"},\"query-input\":{\"@type\":\"PropertyValueSpecification\",\"valueRequired\":true,\"valueName\":\"search_term_string\"}}],\"inLanguage\":\"it-IT\"}]}<\/script>\n<!-- \/ Yoast SEO Premium plugin. -->","yoast_head_json":{"title":"AI Chiedete alla nostra intelligenza artificiale - Andreas Kalcker","robots":{"index":"index","follow":"follow","max-snippet":"max-snippet:-1","max-image-preview":"max-image-preview:large","max-video-preview":"max-video-preview:-1"},"canonical":"https:\/\/andreaskalcker.com\/ia-pregunta-a-nuestra-inteligencia-artificial\/","og_locale":"it_IT","og_type":"article","og_title":"AI Chiedete alla nostra intelligenza artificiale","og_description":"Benvenuti nella nostra piattaforma di assistenza intelligente In questa sezione del nostro sito web, vi offriamo uno strumento unico e potente: l&#8217;accesso diretto al nostro assistente di intelligenza artificiale, progettato per guidarvi e fornirvi risposte rapide sui contenuti e le risorse disponibili sul nostro sito. Questo strumento \u00e8 pubblicato in via sperimentale. Questa procedura guidata \u00e8 una risorsa straordinaria per aiutarvi a navigare nella nostra vasta gamma di informazioni, articoli, ricerche e altro ancora. Tuttavia, \u00e8 fondamentale capire che, sebbene questo strumento sia qui per facilitare la vostra ricerca di conoscenza e risolvere i vostri dubbi in modo efficiente, non rappresenta le parole o i consigli diretti di Andreas Kalcker. L&#8217;intelligenza artificiale \u00e8 una tecnologia avanzata che apprende da grandi quantit\u00e0 di informazioni e si sforza di fornire risposte accurate e pertinenti. Tuttavia, come tutte le tecnologie, non \u00e8 infallibile. \u00c8 possibile che, a volte, le informazioni fornite da questa procedura guidata non siano completamente accurate o siano obsolete rispetto alle ultime scoperte o pubblicazioni sul nostro sito web ufficiale, andreaskalcker.com. Vi invitiamo quindi a utilizzare questo servizio come punto di partenza, un primo aiuto nella vostra ricerca di informazioni. Ma ricordate sempre verificare le informazioni con i contenuti pubblicati direttamente sul nostro sito web ufficiale. In questo modo si garantisce che le decisioni prese si basino sulle informazioni pi\u00f9 accurate e aggiornate disponibili. Il nostro obiettivo \u00e8 quello di fornirvi la conoscenza e l&#8217;accesso a informazioni vitali. Siamo qui per assistervi, ma il vostro discernimento e la vostra verifica sono fondamentali per un&#8217;esperienza informativa completa e accurata. Come utilizzare questo servizio Cliccate sul pulsante fluttuante di questo sito con l&#8217;immagine di Andreas AI e inserite la vostra domanda nell&#8217;apposito campo di testo: il nostro assistente di intelligenza artificiale si adoperer\u00e0 per fornirvi una risposta basata sui vasti contenuti disponibili sul nostro sito. Se avete domande su ricerche specifiche, se state cercando articoli relativi a un particolare argomento o se avete bisogno di indicazioni su dove trovare determinate risorse, la nostra procedura guidata \u00e8 stata pensata per aiutarvi. Ricordate: le informazioni fornite da questo strumento sono una guida. La vostra migliore risorsa sar\u00e0 sempre il contenuto convalidato fornito direttamente da Andreas Kalcker e dal suo team di andreaskalcker.com. Grazie per la vostra visita e il vostro interesse. Siamo qui per aiutarvi a scoprire ed esplorare!","og_url":"https:\/\/andreaskalcker.com\/ia-pregunta-a-nuestra-inteligencia-artificial\/","og_site_name":"Andreas Kalcker","article_modified_time":"2025-02-17T10:24:13+00:00","twitter_card":"summary_large_image","twitter_misc":{"Tempo di lettura stimato":"2 minuti"},"schema":{"@context":"https:\/\/schema.org","@graph":[{"@type":"WebPage","@id":"https:\/\/andreaskalcker.com\/ia-pregunta-a-nuestra-inteligencia-artificial\/","url":"https:\/\/andreaskalcker.com\/ia-pregunta-a-nuestra-inteligencia-artificial\/","name":"AI Chiedete alla nostra intelligenza artificiale - Andreas Kalcker","isPartOf":{"@id":"https:\/\/andreaskalcker.com\/#website"},"datePublished":"2024-03-18T07:28:42+00:00","dateModified":"2025-02-17T10:24:13+00:00","breadcrumb":{"@id":"https:\/\/andreaskalcker.com\/ia-pregunta-a-nuestra-inteligencia-artificial\/#breadcrumb"},"inLanguage":"it-IT","potentialAction":[{"@type":"ReadAction","target":["https:\/\/andreaskalcker.com\/ia-pregunta-a-nuestra-inteligencia-artificial\/"]}]},{"@type":"BreadcrumbList","@id":"https:\/\/andreaskalcker.com\/ia-pregunta-a-nuestra-inteligencia-artificial\/#breadcrumb","itemListElement":[{"@type":"ListItem","position":1,"name":"Portada","item":"https:\/\/andreaskalcker.com\/"},{"@type":"ListItem","position":2,"name":"AI Chiedete alla nostra intelligenza artificiale"}]},{"@type":"WebSite","@id":"https:\/\/andreaskalcker.com\/#website","url":"https:\/\/andreaskalcker.com\/","name":"Andreas Kalcker","description":"Official website","potentialAction":[{"@type":"SearchAction","target":{"@type":"EntryPoint","urlTemplate":"https:\/\/andreaskalcker.com\/?s={search_term_string}"},"query-input":{"@type":"PropertyValueSpecification","valueRequired":true,"valueName":"search_term_string"}}],"inLanguage":"it-IT"}]}},"_links":{"self":[{"href":"https:\/\/andreaskalcker.com\/it\/wp-json\/wp\/v2\/pages\/14270","targetHints":{"allow":["GET"]}}],"collection":[{"href":"https:\/\/andreaskalcker.com\/it\/wp-json\/wp\/v2\/pages"}],"about":[{"href":"https:\/\/andreaskalcker.com\/it\/wp-json\/wp\/v2\/types\/page"}],"author":[{"embeddable":true,"href":"https:\/\/andreaskalcker.com\/it\/wp-json\/wp\/v2\/users\/1"}],"replies":[{"embeddable":true,"href":"https:\/\/andreaskalcker.com\/it\/wp-json\/wp\/v2\/comments?post=14270"}],"version-history":[{"count":0,"href":"https:\/\/andreaskalcker.com\/it\/wp-json\/wp\/v2\/pages\/14270\/revisions"}],"wp:attachment":[{"href":"https:\/\/andreaskalcker.com\/it\/wp-json\/wp\/v2\/media?parent=14270"}],"curies":[{"name":"wp","href":"https:\/\/api.w.org\/{rel}","templated":true}]}}