{"id":13466,"date":"2023-08-02T14:27:18","date_gmt":"2023-08-02T12:27:18","guid":{"rendered":"https:\/\/andreaskalcker.com\/porque-e-que-adoecemos\/"},"modified":"2025-04-24T17:04:29","modified_gmt":"2025-04-24T15:04:29","slug":"porque-e-que-adoecemos","status":"publish","type":"page","link":"https:\/\/andreaskalcker.com\/pt-pt\/porque-e-que-adoecemos\/","title":{"rendered":"Porque \u00e9 que adoecemos?"},"content":{"rendered":"\t\t<div data-elementor-type=\"wp-page\" data-elementor-id=\"13466\" class=\"elementor elementor-13466 elementor-574\" data-elementor-post-type=\"page\">\n\t\t\t\t\t\t<section class=\"elementor-section elementor-top-section elementor-element elementor-element-3d90fc36 elementor-section-boxed elementor-section-height-default elementor-section-height-default wpr-particle-no wpr-jarallax-no wpr-parallax-no wpr-sticky-section-no\" data-id=\"3d90fc36\" data-element_type=\"section\" data-settings=\"{&quot;background_background&quot;:&quot;classic&quot;,&quot;background_motion_fx_motion_fx_scrolling&quot;:&quot;yes&quot;,&quot;background_motion_fx_motion_fx_mouse&quot;:&quot;yes&quot;,&quot;background_motion_fx_mouseTrack_effect&quot;:&quot;yes&quot;,&quot;background_motion_fx_devices&quot;:[&quot;desktop&quot;,&quot;tablet&quot;,&quot;mobile&quot;],&quot;background_motion_fx_mouseTrack_speed&quot;:{&quot;unit&quot;:&quot;px&quot;,&quot;size&quot;:1,&quot;sizes&quot;:[]}}\">\n\t\t\t\t\t\t<div class=\"elementor-container elementor-column-gap-default\">\n\t\t\t\t\t<div class=\"elementor-column elementor-col-100 elementor-top-column elementor-element elementor-element-1da7f1c2\" data-id=\"1da7f1c2\" data-element_type=\"column\">\n\t\t\t<div class=\"elementor-widget-wrap elementor-element-populated\">\n\t\t\t\t\t\t<div class=\"elementor-element elementor-element-6e4ae46a elementor-widget elementor-widget-heading\" data-id=\"6e4ae46a\" data-element_type=\"widget\" data-widget_type=\"heading.default\">\n\t\t\t\t<div class=\"elementor-widget-container\">\n\t\t\t\t\t<h2 class=\"elementor-heading-title elementor-size-default\">Porque \u00e9 que adoecemos?<\/h2>\t\t\t\t<\/div>\n\t\t\t\t<\/div>\n\t\t\t\t\t<\/div>\n\t\t<\/div>\n\t\t\t\t\t<\/div>\n\t\t<\/section>\n\t\t\t\t<section class=\"elementor-section elementor-top-section elementor-element elementor-element-e7b2d76 elementor-section-content-middle elementor-section-boxed elementor-section-height-default elementor-section-height-default wpr-particle-no wpr-jarallax-no wpr-parallax-no wpr-sticky-section-no\" data-id=\"e7b2d76\" data-element_type=\"section\">\n\t\t\t\t\t\t<div class=\"elementor-container elementor-column-gap-default\">\n\t\t\t\t\t<div class=\"elementor-column elementor-col-100 elementor-top-column elementor-element elementor-element-5a849b5\" data-id=\"5a849b5\" data-element_type=\"column\">\n\t\t\t<div class=\"elementor-widget-wrap elementor-element-populated\">\n\t\t\t\t\t\t<div class=\"elementor-element elementor-element-2c9875b elementor-widget elementor-widget-text-editor\" data-id=\"2c9875b\" data-element_type=\"widget\" data-widget_type=\"text-editor.default\">\n\t\t\t\t<div class=\"elementor-widget-container\">\n\t\t\t\t\t\t\t\t\t<p><strong>Todas as doen\u00e7as t\u00eam uma coisa em comum: a doen\u00e7a \u00e9 uma falta de energia.<br><\/strong><span style=\"font-size: inherit; font-family: -apple-system, system-ui, BlinkMacSystemFont, 'Segoe UI', Helvetica, Arial, sans-serif, 'Apple Color Emoji', 'Segoe UI Emoji', 'Segoe UI Symbol';\"><br>A doen\u00e7a \u00e9 o resultado de um desequil\u00edbrio no estado de sa\u00fade de uma pessoa. Considera-se que existe uma doen\u00e7a quando o organismo humano regista uma deteriora\u00e7\u00e3o do seu funcionamento. Em todas as doen\u00e7as, observa-se uma diminui\u00e7\u00e3o do sistema de defesa natural do organismo, o que indica uma falta de sa\u00fade. Quando o corpo n\u00e3o tem energia suficiente para funcionar corretamente, ocorre um desequil\u00edbrio e surge um estado de doen\u00e7a.<br><br><\/span><strong>Por conseguinte, \u00e9 a falta de energia que nos faz adoecer.<br><br><\/strong>Isto levanta a quest\u00e3o: como \u00e9 que geramos energia no nosso corpo?<br><br>O nosso corpo obt\u00e9m a sua energia principalmente atrav\u00e9s da combust\u00e3o. Queimamos os a\u00e7\u00facares, as gorduras e as prote\u00ednas dos alimentos para obter energia. A combust\u00e3o de calorias \u00e9 essencial para a energia, mas n\u00e3o \u00e9 apenas o combust\u00edvel que \u00e9 importante, mas tamb\u00e9m outro fator que \u00e9 igualmente ou ainda mais importante: o oxig\u00e9nio.<br><br><strong>Qualquer combust\u00e3o necessita de oxig\u00e9nio, pois sem ele n\u00e3o pode haver chama.<br><br><\/strong>Este simples facto n\u00e3o \u00e9 muitas vezes tido em conta na investiga\u00e7\u00e3o bioqu\u00edmica. A combust\u00e3o \u00e9 respons\u00e1vel pela gera\u00e7\u00e3o do calor e da energia necess\u00e1rios ao funcionamento do corpo humano, ao mesmo tempo que gera eletricidade, que \u00e9 a ess\u00eancia da energia vital.<br><br>A \u00fanica diferen\u00e7a entre um corpo vivo e um corpo morto \u00e9 a aus\u00eancia de eletricidade. Somos seres el\u00e9tricos e energ\u00e9ticos que dependem de um corpo que obt\u00e9m a sua energia ideal atrav\u00e9s da combust\u00e3o bioqu\u00edmica.<br><br>O di\u00f3xido de cloro fornece oxig\u00e9nio biodispon\u00edvel e aumenta a carga sobre os eritr\u00f3citos, o que pode ser claramente observado na an\u00e1lise dos gases do sangue venoso ap\u00f3s infus\u00e3o intravenosa. Estas avalia\u00e7\u00f5es cient\u00edficas mostram que o di\u00f3xido de cloro se dissocia no soro sangu\u00edneo, libertando oxig\u00e9nio biodispon\u00edvel a n\u00edvel molecular.<\/p>\t\t\t\t\t\t\t\t<\/div>\n\t\t\t\t<\/div>\n\t\t\t\t<div class=\"elementor-element elementor-element-75fdb2b elementor-widget elementor-widget-image\" data-id=\"75fdb2b\" data-element_type=\"widget\" data-widget_type=\"image.default\">\n\t\t\t\t<div class=\"elementor-widget-container\">\n\t\t\t\t\t\t\t\t\t\t\t\t<figure class=\"wp-caption\">\n\t\t\t\t\t\t\t\t\t\t\t<a href=\"https:\/\/andreaskalcker.com\/wp-content\/uploads\/2023\/08\/descarga-1.png\" data-elementor-open-lightbox=\"yes\" data-elementor-lightbox-title=\"descarga\" data-e-action-hash=\"#elementor-action%3Aaction%3Dlightbox%26settings%3DeyJpZCI6MTMyMzEsInVybCI6Imh0dHBzOlwvXC9hbmRyZWFza2FsY2tlci5jb21cL3dwLWNvbnRlbnRcL3VwbG9hZHNcLzIwMjNcLzA4XC9kZXNjYXJnYS0xLnBuZyJ9\">\n\t\t\t\t\t\t\t<img fetchpriority=\"high\" decoding=\"async\" width=\"769\" height=\"650\" src=\"https:\/\/andreaskalcker.com\/wp-content\/uploads\/2023\/08\/descarga-1.png\" class=\"attachment-large size-large wp-image-13231\" alt=\"\" srcset=\"https:\/\/andreaskalcker.com\/wp-content\/uploads\/2023\/08\/descarga-1.png 769w, https:\/\/andreaskalcker.com\/wp-content\/uploads\/2023\/08\/descarga-1-300x254.png 300w\" sizes=\"(max-width: 769px) 100vw, 769px\" \/>\t\t\t\t\t\t\t\t<\/a>\n\t\t\t\t\t\t\t\t\t\t\t<figcaption class=\"widget-image-caption wp-caption-text\">FIGURA 1: Antes, ap\u00f3s uma hora e ap\u00f3s 4 horas de infus\u00e3o de 5 ml em 500 ml de soro fisiol\u00f3gico.<\/figcaption>\n\t\t\t\t\t\t\t\t\t\t<\/figure>\n\t\t\t\t\t\t\t\t\t<\/div>\n\t\t\t\t<\/div>\n\t\t\t\t\t<\/div>\n\t\t<\/div>\n\t\t\t\t\t<\/div>\n\t\t<\/section>\n\t\t\t\t<section class=\"elementor-section elementor-top-section elementor-element elementor-element-2612b229 elementor-section-boxed elementor-section-height-default elementor-section-height-default wpr-particle-no wpr-jarallax-no wpr-parallax-no wpr-sticky-section-no\" data-id=\"2612b229\" data-element_type=\"section\">\n\t\t\t\t\t\t<div class=\"elementor-container elementor-column-gap-default\">\n\t\t\t\t\t<div class=\"elementor-column elementor-col-50 elementor-top-column elementor-element elementor-element-3171b8de\" data-id=\"3171b8de\" data-element_type=\"column\">\n\t\t\t<div class=\"elementor-widget-wrap elementor-element-populated\">\n\t\t\t\t\t\t<div class=\"elementor-element elementor-element-3d3ea67f elementor-mobile-align-justify elementor-widget-mobile__width-inherit elementor-align-justify elementor-widget elementor-widget-button\" data-id=\"3d3ea67f\" data-element_type=\"widget\" data-widget_type=\"button.default\">\n\t\t\t\t<div class=\"elementor-widget-container\">\n\t\t\t\t\t\t\t\t\t<div class=\"elementor-button-wrapper\">\n\t\t\t\t\t<a class=\"elementor-button elementor-button-link elementor-size-xl\" href=\"https:\/\/andreaskalcker.com\/pt-pt\/medicina-eletromolecular\/\">\n\t\t\t\t\t\t<span class=\"elementor-button-content-wrapper\">\n\t\t\t\t\t\t<span class=\"elementor-button-icon\">\n\t\t\t\t<svg aria-hidden=\"true\" class=\"e-font-icon-svg e-far-arrow-alt-circle-left\" viewBox=\"0 0 512 512\" xmlns=\"http:\/\/www.w3.org\/2000\/svg\"><path d=\"M8 256c0 137 111 248 248 248s248-111 248-248S393 8 256 8 8 119 8 256zm448 0c0 110.5-89.5 200-200 200S56 366.5 56 256 145.5 56 256 56s200 89.5 200 200zm-72-20v40c0 6.6-5.4 12-12 12H256v67c0 10.7-12.9 16-20.5 8.5l-99-99c-4.7-4.7-4.7-12.3 0-17l99-99c7.6-7.6 20.5-2.2 20.5 8.5v67h116c6.6 0 12 5.4 12 12z\"><\/path><\/svg>\t\t\t<\/span>\n\t\t\t\t\t\t\t\t\t<span class=\"elementor-button-text\">Medicina Eletromolecular<\/span>\n\t\t\t\t\t<\/span>\n\t\t\t\t\t<\/a>\n\t\t\t\t<\/div>\n\t\t\t\t\t\t\t\t<\/div>\n\t\t\t\t<\/div>\n\t\t\t\t\t<\/div>\n\t\t<\/div>\n\t\t\t\t<div class=\"elementor-column elementor-col-50 elementor-top-column elementor-element elementor-element-2754b49f\" data-id=\"2754b49f\" data-element_type=\"column\">\n\t\t\t<div class=\"elementor-widget-wrap elementor-element-populated\">\n\t\t\t\t\t\t<div class=\"elementor-element elementor-element-1fe45f29 elementor-mobile-align-justify elementor-widget-mobile__width-inherit elementor-align-justify elementor-widget elementor-widget-button\" data-id=\"1fe45f29\" data-element_type=\"widget\" data-widget_type=\"button.default\">\n\t\t\t\t<div class=\"elementor-widget-container\">\n\t\t\t\t\t\t\t\t\t<div class=\"elementor-button-wrapper\">\n\t\t\t\t\t<a class=\"elementor-button elementor-button-link elementor-size-xl\" href=\"https:\/\/andreaskalcker.com\/pt-pt\/energia-vital\/\">\n\t\t\t\t\t\t<span class=\"elementor-button-content-wrapper\">\n\t\t\t\t\t\t<span class=\"elementor-button-icon\">\n\t\t\t\t<svg aria-hidden=\"true\" class=\"e-font-icon-svg e-far-arrow-alt-circle-right\" viewBox=\"0 0 512 512\" xmlns=\"http:\/\/www.w3.org\/2000\/svg\"><path d=\"M504 256C504 119 393 8 256 8S8 119 8 256s111 248 248 248 248-111 248-248zm-448 0c0-110.5 89.5-200 200-200s200 89.5 200 200-89.5 200-200 200S56 366.5 56 256zm72 20v-40c0-6.6 5.4-12 12-12h116v-67c0-10.7 12.9-16 20.5-8.5l99 99c4.7 4.7 4.7 12.3 0 17l-99 99c-7.6 7.6-20.5 2.2-20.5-8.5v-67H140c-6.6 0-12-5.4-12-12z\"><\/path><\/svg>\t\t\t<\/span>\n\t\t\t\t\t\t\t\t\t<span class=\"elementor-button-text\">Energia vital<\/span>\n\t\t\t\t\t<\/span>\n\t\t\t\t\t<\/a>\n\t\t\t\t<\/div>\n\t\t\t\t\t\t\t\t<\/div>\n\t\t\t\t<\/div>\n\t\t\t\t\t<\/div>\n\t\t<\/div>\n\t\t\t\t\t<\/div>\n\t\t<\/section>\n\t\t\t\t<\/div>\n\t\t","protected":false},"excerpt":{"rendered":"<p>Porque \u00e9 que adoecemos? Todas as doen\u00e7as t\u00eam uma coisa em comum: a doen\u00e7a \u00e9 uma falta de energia.A doen\u00e7a \u00e9 o resultado de um desequil\u00edbrio no estado de sa\u00fade de uma pessoa. Considera-se que existe uma doen\u00e7a quando o organismo humano regista uma deteriora\u00e7\u00e3o do seu funcionamento. Em todas as doen\u00e7as, observa-se uma diminui\u00e7\u00e3o do sistema de defesa natural do organismo, o que indica uma falta de sa\u00fade. Quando o corpo n\u00e3o tem energia suficiente para funcionar corretamente, ocorre um desequil\u00edbrio e surge um estado de doen\u00e7a. Por conseguinte, \u00e9 a falta de energia que nos faz adoecer. Isto levanta a quest\u00e3o: como \u00e9 que geramos energia no nosso corpo? O nosso corpo obt\u00e9m a sua energia principalmente atrav\u00e9s da combust\u00e3o. Queimamos os a\u00e7\u00facares, as gorduras e as prote\u00ednas dos alimentos para obter energia. A combust\u00e3o de calorias \u00e9 essencial para a energia, mas n\u00e3o \u00e9 apenas o combust\u00edvel que \u00e9 importante, mas tamb\u00e9m outro fator que \u00e9 igualmente ou ainda mais importante: o oxig\u00e9nio. Qualquer combust\u00e3o necessita de oxig\u00e9nio, pois sem ele n\u00e3o pode haver chama. Este simples facto n\u00e3o \u00e9 muitas vezes tido em conta na investiga\u00e7\u00e3o bioqu\u00edmica. A combust\u00e3o \u00e9 respons\u00e1vel pela gera\u00e7\u00e3o do calor e da energia necess\u00e1rios ao funcionamento do corpo humano, ao mesmo tempo que gera eletricidade, que \u00e9 a ess\u00eancia da energia vital. A \u00fanica diferen\u00e7a entre um corpo vivo e um corpo morto \u00e9 a aus\u00eancia de eletricidade. Somos seres el\u00e9tricos e energ\u00e9ticos que dependem de um corpo que obt\u00e9m a sua energia ideal atrav\u00e9s da combust\u00e3o bioqu\u00edmica. O di\u00f3xido de cloro fornece oxig\u00e9nio biodispon\u00edvel e aumenta a carga sobre os eritr\u00f3citos, o que pode ser claramente observado na an\u00e1lise dos gases do sangue venoso ap\u00f3s infus\u00e3o intravenosa. Estas avalia\u00e7\u00f5es cient\u00edficas mostram que o di\u00f3xido de cloro se dissocia no soro sangu\u00edneo, libertando oxig\u00e9nio biodispon\u00edvel a n\u00edvel molecular. FIGURA 1: Antes, ap\u00f3s uma hora e ap\u00f3s 4 horas de infus\u00e3o de 5 ml em 500 ml de soro fisiol\u00f3gico. Medicina Eletromolecular Energia vital<\/p>\n","protected":false},"author":1,"featured_media":0,"parent":0,"menu_order":0,"comment_status":"closed","ping_status":"closed","template":"","meta":{"footnotes":""},"class_list":["post-13466","page","type-page","status-publish"],"yoast_head":"<!-- This site is optimized with the Yoast SEO Premium plugin v22.2 (Yoast SEO v25.8) - https:\/\/yoast.com\/wordpress\/plugins\/seo\/ -->\n<title>Porque \u00e9 que adoecemos? - Andreas Kalcker<\/title>\n<meta name=\"robots\" content=\"index, follow, max-snippet:-1, max-image-preview:large, max-video-preview:-1\" \/>\n<link rel=\"canonical\" href=\"https:\/\/andreaskalcker.com\/pt-pt\/porque-e-que-adoecemos\/\" \/>\n<meta property=\"og:locale\" content=\"pt_PT\" \/>\n<meta property=\"og:type\" content=\"article\" \/>\n<meta property=\"og:title\" content=\"Porque \u00e9 que adoecemos?\" \/>\n<meta property=\"og:description\" content=\"Porque \u00e9 que adoecemos? Todas as doen\u00e7as t\u00eam uma coisa em comum: a doen\u00e7a \u00e9 uma falta de energia.A doen\u00e7a \u00e9 o resultado de um desequil\u00edbrio no estado de sa\u00fade de uma pessoa. Considera-se que existe uma doen\u00e7a quando o organismo humano regista uma deteriora\u00e7\u00e3o do seu funcionamento. Em todas as doen\u00e7as, observa-se uma diminui\u00e7\u00e3o do sistema de defesa natural do organismo, o que indica uma falta de sa\u00fade. Quando o corpo n\u00e3o tem energia suficiente para funcionar corretamente, ocorre um desequil\u00edbrio e surge um estado de doen\u00e7a. Por conseguinte, \u00e9 a falta de energia que nos faz adoecer. Isto levanta a quest\u00e3o: como \u00e9 que geramos energia no nosso corpo? O nosso corpo obt\u00e9m a sua energia principalmente atrav\u00e9s da combust\u00e3o. Queimamos os a\u00e7\u00facares, as gorduras e as prote\u00ednas dos alimentos para obter energia. A combust\u00e3o de calorias \u00e9 essencial para a energia, mas n\u00e3o \u00e9 apenas o combust\u00edvel que \u00e9 importante, mas tamb\u00e9m outro fator que \u00e9 igualmente ou ainda mais importante: o oxig\u00e9nio. Qualquer combust\u00e3o necessita de oxig\u00e9nio, pois sem ele n\u00e3o pode haver chama. Este simples facto n\u00e3o \u00e9 muitas vezes tido em conta na investiga\u00e7\u00e3o bioqu\u00edmica. A combust\u00e3o \u00e9 respons\u00e1vel pela gera\u00e7\u00e3o do calor e da energia necess\u00e1rios ao funcionamento do corpo humano, ao mesmo tempo que gera eletricidade, que \u00e9 a ess\u00eancia da energia vital. A \u00fanica diferen\u00e7a entre um corpo vivo e um corpo morto \u00e9 a aus\u00eancia de eletricidade. Somos seres el\u00e9tricos e energ\u00e9ticos que dependem de um corpo que obt\u00e9m a sua energia ideal atrav\u00e9s da combust\u00e3o bioqu\u00edmica. O di\u00f3xido de cloro fornece oxig\u00e9nio biodispon\u00edvel e aumenta a carga sobre os eritr\u00f3citos, o que pode ser claramente observado na an\u00e1lise dos gases do sangue venoso ap\u00f3s infus\u00e3o intravenosa. Estas avalia\u00e7\u00f5es cient\u00edficas mostram que o di\u00f3xido de cloro se dissocia no soro sangu\u00edneo, libertando oxig\u00e9nio biodispon\u00edvel a n\u00edvel molecular. FIGURA 1: Antes, ap\u00f3s uma hora e ap\u00f3s 4 horas de infus\u00e3o de 5 ml em 500 ml de soro fisiol\u00f3gico. Medicina Eletromolecular Energia vital\" \/>\n<meta property=\"og:url\" content=\"https:\/\/andreaskalcker.com\/pt-pt\/porque-e-que-adoecemos\/\" \/>\n<meta property=\"og:site_name\" content=\"Andreas Kalcker\" \/>\n<meta property=\"article:modified_time\" content=\"2025-04-24T15:04:29+00:00\" \/>\n<meta property=\"og:image\" content=\"https:\/\/andreaskalcker.com\/wp-content\/uploads\/2023\/08\/descarga-1.png\" \/>\n<meta name=\"twitter:card\" content=\"summary_large_image\" \/>\n<meta name=\"twitter:label1\" content=\"Tempo estimado de leitura\" \/>\n\t<meta name=\"twitter:data1\" content=\"3 minutos\" \/>\n<script type=\"application\/ld+json\" class=\"yoast-schema-graph\">{\"@context\":\"https:\/\/schema.org\",\"@graph\":[{\"@type\":\"WebPage\",\"@id\":\"https:\/\/andreaskalcker.com\/pt-pt\/porque-e-que-adoecemos\/\",\"url\":\"https:\/\/andreaskalcker.com\/pt-pt\/porque-e-que-adoecemos\/\",\"name\":\"Porque \u00e9 que adoecemos? - Andreas Kalcker\",\"isPartOf\":{\"@id\":\"https:\/\/andreaskalcker.com\/#website\"},\"primaryImageOfPage\":{\"@id\":\"https:\/\/andreaskalcker.com\/pt-pt\/porque-e-que-adoecemos\/#primaryimage\"},\"image\":{\"@id\":\"https:\/\/andreaskalcker.com\/pt-pt\/porque-e-que-adoecemos\/#primaryimage\"},\"thumbnailUrl\":\"https:\/\/andreaskalcker.com\/wp-content\/uploads\/2023\/08\/descarga-1.png\",\"datePublished\":\"2023-08-02T12:27:18+00:00\",\"dateModified\":\"2025-04-24T15:04:29+00:00\",\"breadcrumb\":{\"@id\":\"https:\/\/andreaskalcker.com\/pt-pt\/porque-e-que-adoecemos\/#breadcrumb\"},\"inLanguage\":\"pt-PT\",\"potentialAction\":[{\"@type\":\"ReadAction\",\"target\":[\"https:\/\/andreaskalcker.com\/pt-pt\/porque-e-que-adoecemos\/\"]}]},{\"@type\":\"ImageObject\",\"inLanguage\":\"pt-PT\",\"@id\":\"https:\/\/andreaskalcker.com\/pt-pt\/porque-e-que-adoecemos\/#primaryimage\",\"url\":\"https:\/\/andreaskalcker.com\/wp-content\/uploads\/2023\/08\/descarga-1.png\",\"contentUrl\":\"https:\/\/andreaskalcker.com\/wp-content\/uploads\/2023\/08\/descarga-1.png\"},{\"@type\":\"BreadcrumbList\",\"@id\":\"https:\/\/andreaskalcker.com\/pt-pt\/porque-e-que-adoecemos\/#breadcrumb\",\"itemListElement\":[{\"@type\":\"ListItem\",\"position\":1,\"name\":\"Portada\",\"item\":\"https:\/\/andreaskalcker.com\/\"},{\"@type\":\"ListItem\",\"position\":2,\"name\":\"Porque \u00e9 que adoecemos?\"}]},{\"@type\":\"WebSite\",\"@id\":\"https:\/\/andreaskalcker.com\/#website\",\"url\":\"https:\/\/andreaskalcker.com\/\",\"name\":\"Andreas Kalcker\",\"description\":\"Official website\",\"potentialAction\":[{\"@type\":\"SearchAction\",\"target\":{\"@type\":\"EntryPoint\",\"urlTemplate\":\"https:\/\/andreaskalcker.com\/?s={search_term_string}\"},\"query-input\":{\"@type\":\"PropertyValueSpecification\",\"valueRequired\":true,\"valueName\":\"search_term_string\"}}],\"inLanguage\":\"pt-PT\"}]}<\/script>\n<!-- \/ Yoast SEO Premium plugin. -->","yoast_head_json":{"title":"Porque \u00e9 que adoecemos? - Andreas Kalcker","robots":{"index":"index","follow":"follow","max-snippet":"max-snippet:-1","max-image-preview":"max-image-preview:large","max-video-preview":"max-video-preview:-1"},"canonical":"https:\/\/andreaskalcker.com\/pt-pt\/porque-e-que-adoecemos\/","og_locale":"pt_PT","og_type":"article","og_title":"Porque \u00e9 que adoecemos?","og_description":"Porque \u00e9 que adoecemos? Todas as doen\u00e7as t\u00eam uma coisa em comum: a doen\u00e7a \u00e9 uma falta de energia.A doen\u00e7a \u00e9 o resultado de um desequil\u00edbrio no estado de sa\u00fade de uma pessoa. Considera-se que existe uma doen\u00e7a quando o organismo humano regista uma deteriora\u00e7\u00e3o do seu funcionamento. Em todas as doen\u00e7as, observa-se uma diminui\u00e7\u00e3o do sistema de defesa natural do organismo, o que indica uma falta de sa\u00fade. Quando o corpo n\u00e3o tem energia suficiente para funcionar corretamente, ocorre um desequil\u00edbrio e surge um estado de doen\u00e7a. Por conseguinte, \u00e9 a falta de energia que nos faz adoecer. Isto levanta a quest\u00e3o: como \u00e9 que geramos energia no nosso corpo? O nosso corpo obt\u00e9m a sua energia principalmente atrav\u00e9s da combust\u00e3o. Queimamos os a\u00e7\u00facares, as gorduras e as prote\u00ednas dos alimentos para obter energia. A combust\u00e3o de calorias \u00e9 essencial para a energia, mas n\u00e3o \u00e9 apenas o combust\u00edvel que \u00e9 importante, mas tamb\u00e9m outro fator que \u00e9 igualmente ou ainda mais importante: o oxig\u00e9nio. Qualquer combust\u00e3o necessita de oxig\u00e9nio, pois sem ele n\u00e3o pode haver chama. Este simples facto n\u00e3o \u00e9 muitas vezes tido em conta na investiga\u00e7\u00e3o bioqu\u00edmica. A combust\u00e3o \u00e9 respons\u00e1vel pela gera\u00e7\u00e3o do calor e da energia necess\u00e1rios ao funcionamento do corpo humano, ao mesmo tempo que gera eletricidade, que \u00e9 a ess\u00eancia da energia vital. A \u00fanica diferen\u00e7a entre um corpo vivo e um corpo morto \u00e9 a aus\u00eancia de eletricidade. Somos seres el\u00e9tricos e energ\u00e9ticos que dependem de um corpo que obt\u00e9m a sua energia ideal atrav\u00e9s da combust\u00e3o bioqu\u00edmica. O di\u00f3xido de cloro fornece oxig\u00e9nio biodispon\u00edvel e aumenta a carga sobre os eritr\u00f3citos, o que pode ser claramente observado na an\u00e1lise dos gases do sangue venoso ap\u00f3s infus\u00e3o intravenosa. Estas avalia\u00e7\u00f5es cient\u00edficas mostram que o di\u00f3xido de cloro se dissocia no soro sangu\u00edneo, libertando oxig\u00e9nio biodispon\u00edvel a n\u00edvel molecular. FIGURA 1: Antes, ap\u00f3s uma hora e ap\u00f3s 4 horas de infus\u00e3o de 5 ml em 500 ml de soro fisiol\u00f3gico. Medicina Eletromolecular Energia vital","og_url":"https:\/\/andreaskalcker.com\/pt-pt\/porque-e-que-adoecemos\/","og_site_name":"Andreas Kalcker","article_modified_time":"2025-04-24T15:04:29+00:00","og_image":[{"url":"https:\/\/andreaskalcker.com\/wp-content\/uploads\/2023\/08\/descarga-1.png","type":"","width":"","height":""}],"twitter_card":"summary_large_image","twitter_misc":{"Tempo estimado de leitura":"3 minutos"},"schema":{"@context":"https:\/\/schema.org","@graph":[{"@type":"WebPage","@id":"https:\/\/andreaskalcker.com\/pt-pt\/porque-e-que-adoecemos\/","url":"https:\/\/andreaskalcker.com\/pt-pt\/porque-e-que-adoecemos\/","name":"Porque \u00e9 que adoecemos? - Andreas Kalcker","isPartOf":{"@id":"https:\/\/andreaskalcker.com\/#website"},"primaryImageOfPage":{"@id":"https:\/\/andreaskalcker.com\/pt-pt\/porque-e-que-adoecemos\/#primaryimage"},"image":{"@id":"https:\/\/andreaskalcker.com\/pt-pt\/porque-e-que-adoecemos\/#primaryimage"},"thumbnailUrl":"https:\/\/andreaskalcker.com\/wp-content\/uploads\/2023\/08\/descarga-1.png","datePublished":"2023-08-02T12:27:18+00:00","dateModified":"2025-04-24T15:04:29+00:00","breadcrumb":{"@id":"https:\/\/andreaskalcker.com\/pt-pt\/porque-e-que-adoecemos\/#breadcrumb"},"inLanguage":"pt-PT","potentialAction":[{"@type":"ReadAction","target":["https:\/\/andreaskalcker.com\/pt-pt\/porque-e-que-adoecemos\/"]}]},{"@type":"ImageObject","inLanguage":"pt-PT","@id":"https:\/\/andreaskalcker.com\/pt-pt\/porque-e-que-adoecemos\/#primaryimage","url":"https:\/\/andreaskalcker.com\/wp-content\/uploads\/2023\/08\/descarga-1.png","contentUrl":"https:\/\/andreaskalcker.com\/wp-content\/uploads\/2023\/08\/descarga-1.png"},{"@type":"BreadcrumbList","@id":"https:\/\/andreaskalcker.com\/pt-pt\/porque-e-que-adoecemos\/#breadcrumb","itemListElement":[{"@type":"ListItem","position":1,"name":"Portada","item":"https:\/\/andreaskalcker.com\/"},{"@type":"ListItem","position":2,"name":"Porque \u00e9 que adoecemos?"}]},{"@type":"WebSite","@id":"https:\/\/andreaskalcker.com\/#website","url":"https:\/\/andreaskalcker.com\/","name":"Andreas Kalcker","description":"Official website","potentialAction":[{"@type":"SearchAction","target":{"@type":"EntryPoint","urlTemplate":"https:\/\/andreaskalcker.com\/?s={search_term_string}"},"query-input":{"@type":"PropertyValueSpecification","valueRequired":true,"valueName":"search_term_string"}}],"inLanguage":"pt-PT"}]}},"_links":{"self":[{"href":"https:\/\/andreaskalcker.com\/pt-pt\/wp-json\/wp\/v2\/pages\/13466","targetHints":{"allow":["GET"]}}],"collection":[{"href":"https:\/\/andreaskalcker.com\/pt-pt\/wp-json\/wp\/v2\/pages"}],"about":[{"href":"https:\/\/andreaskalcker.com\/pt-pt\/wp-json\/wp\/v2\/types\/page"}],"author":[{"embeddable":true,"href":"https:\/\/andreaskalcker.com\/pt-pt\/wp-json\/wp\/v2\/users\/1"}],"replies":[{"embeddable":true,"href":"https:\/\/andreaskalcker.com\/pt-pt\/wp-json\/wp\/v2\/comments?post=13466"}],"version-history":[{"count":0,"href":"https:\/\/andreaskalcker.com\/pt-pt\/wp-json\/wp\/v2\/pages\/13466\/revisions"}],"wp:attachment":[{"href":"https:\/\/andreaskalcker.com\/pt-pt\/wp-json\/wp\/v2\/media?parent=13466"}],"curies":[{"name":"wp","href":"https:\/\/api.w.org\/{rel}","templated":true}]}}