{"id":13472,"date":"2023-07-17T20:20:38","date_gmt":"2023-07-17T18:20:38","guid":{"rendered":"https:\/\/andreaskalcker.com\/abreviaturas\/"},"modified":"2025-04-24T16:50:21","modified_gmt":"2025-04-24T14:50:21","slug":"abreviaturas","status":"publish","type":"page","link":"https:\/\/andreaskalcker.com\/pt-pt\/abreviaturas\/","title":{"rendered":"Abreviaturas"},"content":{"rendered":"\t\t<div data-elementor-type=\"wp-page\" data-elementor-id=\"13472\" class=\"elementor elementor-13472 elementor-63\" data-elementor-post-type=\"page\">\n\t\t\t\t\t\t<section class=\"elementor-section elementor-top-section elementor-element elementor-element-751b6594 elementor-section-boxed elementor-section-height-default elementor-section-height-default wpr-particle-no wpr-jarallax-no wpr-parallax-no wpr-sticky-section-no\" data-id=\"751b6594\" data-element_type=\"section\" data-settings=\"{&quot;background_background&quot;:&quot;classic&quot;}\">\n\t\t\t\t\t\t<div class=\"elementor-container elementor-column-gap-default\">\n\t\t\t\t\t<div class=\"elementor-column elementor-col-100 elementor-top-column elementor-element elementor-element-772eb23d\" data-id=\"772eb23d\" data-element_type=\"column\">\n\t\t\t<div class=\"elementor-widget-wrap elementor-element-populated\">\n\t\t\t\t\t\t<div class=\"elementor-element elementor-element-177b37ff elementor-widget elementor-widget-heading\" data-id=\"177b37ff\" data-element_type=\"widget\" data-widget_type=\"heading.default\">\n\t\t\t\t<div class=\"elementor-widget-container\">\n\t\t\t\t\t<h2 class=\"elementor-heading-title elementor-size-default\">Abreviaturas<\/h2>\t\t\t\t<\/div>\n\t\t\t\t<\/div>\n\t\t\t\t<div class=\"elementor-element elementor-element-7bf3542 elementor-widget elementor-widget-heading\" data-id=\"7bf3542\" data-element_type=\"widget\" data-widget_type=\"heading.default\">\n\t\t\t\t<div class=\"elementor-widget-container\">\n\t\t\t\t\t<h5 class=\"elementor-heading-title elementor-size-default\">mais frequentemente utilizadas e f\u00f3rmulas<\/h5>\t\t\t\t<\/div>\n\t\t\t\t<\/div>\n\t\t\t\t\t<\/div>\n\t\t<\/div>\n\t\t\t\t\t<\/div>\n\t\t<\/section>\n\t\t\t\t<section class=\"elementor-section elementor-top-section elementor-element elementor-element-72a4dca elementor-section-boxed elementor-section-height-default elementor-section-height-default wpr-particle-no wpr-jarallax-no wpr-parallax-no wpr-sticky-section-no\" data-id=\"72a4dca\" data-element_type=\"section\">\n\t\t\t\t\t\t<div class=\"elementor-container elementor-column-gap-default\">\n\t\t\t\t\t<div class=\"elementor-column elementor-col-100 elementor-top-column elementor-element elementor-element-f3f65cf\" data-id=\"f3f65cf\" data-element_type=\"column\">\n\t\t\t<div class=\"elementor-widget-wrap elementor-element-populated\">\n\t\t\t\t\t\t<div class=\"elementor-element elementor-element-d881e90 elementor-widget elementor-widget-text-editor\" data-id=\"d881e90\" data-element_type=\"widget\" data-widget_type=\"text-editor.default\">\n\t\t\t\t<div class=\"elementor-widget-container\">\n\t\t\t\t\t\t\t\t\t<p>A tabela seguinte apresenta um resumo das abreviaturas comuns relacionadas com os compostos qu\u00edmicos do cloro e seus derivados, explicando o seu significado e composi\u00e7\u00e3o. Encontrar\u00e1 tudo, desde descri\u00e7\u00f5es de v\u00e1rias f\u00f3rmulas qu\u00edmicas a unidades de concentra\u00e7\u00e3o, oferecendo um guia conciso para a respectiva identifica\u00e7\u00e3o e compreens\u00e3o.<\/p>\t\t\t\t\t\t\t\t<\/div>\n\t\t\t\t<\/div>\n\t\t\t\t\t<\/div>\n\t\t<\/div>\n\t\t\t\t\t<\/div>\n\t\t<\/section>\n\t\t\t\t<section class=\"elementor-section elementor-top-section elementor-element elementor-element-65d328e elementor-section-boxed elementor-section-height-default elementor-section-height-default wpr-particle-no wpr-jarallax-no wpr-parallax-no wpr-sticky-section-no\" data-id=\"65d328e\" data-element_type=\"section\">\n\t\t\t\t\t\t<div class=\"elementor-container elementor-column-gap-default\">\n\t\t\t\t\t<div class=\"elementor-column elementor-col-100 elementor-top-column elementor-element elementor-element-b087927\" data-id=\"b087927\" data-element_type=\"column\">\n\t\t\t<div class=\"elementor-widget-wrap elementor-element-populated\">\n\t\t\t\t\t\t<div class=\"elementor-element elementor-element-e5d7424 elementor-widget__width-initial elementor-widget elementor-widget-text-editor\" data-id=\"e5d7424\" data-element_type=\"widget\" data-widget_type=\"text-editor.default\">\n\t\t\t\t<div class=\"elementor-widget-container\">\n\t\t\t\t\t\t\t\t\t<table><tbody><tr><td><strong>ABREVIATURA<\/strong><\/td><td><strong>SIGNIFICADO<\/strong><\/td><\/tr><tr><td>CD<\/td><td>Clorito de s\u00f3dio (NaClO\u00b2) + \u00e1cido clor\u00eddrico a 4% como ativador<\/td><\/tr><tr><td>CDI<\/td><td>Dissolu\u00e7\u00e3o de di\u00f3xido de cloro, ClO\u2082, em soro fisiol\u00f3gico isot\u00f3nico (NaCl 0,9%)<\/td><\/tr><tr><td>CDS<\/td><td>Dissolu\u00e7\u00e3o de di\u00f3xido de cloro, ClO\u2082, em \u00e1gua (g\u00e1s dissolvido em \u00e1gua)<\/td><\/tr><tr><td>CDH<\/td><td>Clorito de s\u00f3dio (NaClO\u00b2) + \u00e1cido clor\u00eddrico a 4% como ativador com ativa\u00e7\u00e3o prolongada<\/td><\/tr><tr><td>Cl\u2212<\/td><td>I\u00e3o cloreto<\/td><\/tr><tr><td>Cl\u2082<\/td><td>G\u00e1s Dicloro, cloro gasoso<\/td><\/tr><tr><td>Cl<\/td><td>Cloro, elemento da Tabela Peri\u00f3dica<\/td><\/tr><tr><td>ClO\u2082<\/td><td>Di\u00f3xido de cloro<\/td><\/tr><tr><td>ClO\u2082\u2212<\/td><td>I\u00e3o clorito<\/td><\/tr><tr><td>ClO\u2083\u2212<\/td><td>I\u00e3o clorato<\/td><\/tr><tr><td>ClO\u2084\u2212<\/td><td>I\u00e3o perclorato<\/td><\/tr><tr><td>ClO\u2212<\/td><td>I\u00e3o hipoclorito<\/td><\/tr><tr><td>DMSO<\/td><td>Dimetilsulf\u00f3xido<\/td><\/tr><tr><td>MMS<\/td><td>NaClO\u2082= Clorito de s\u00f3dio + ativador (\u00e1cido c\u00edtrico) (designa\u00e7\u00e3o dada por Jim Humble)<\/td><\/tr><tr><td>MMS2<\/td><td>Hipoclorito de c\u00e1lcio = Ca(ClO)\u00b2<\/td><\/tr><tr><td>NaCl<\/td><td>Cloreto de s\u00f3dio (sal comum)<\/td><\/tr><tr><td>NaClO<\/td><td>Hipoclorito de s\u00f3dio<\/td><\/tr><tr><td>NaClO\u2082<\/td><td>Clorito de s\u00f3dio<\/td><\/tr><tr><td>NaClO\u2083<\/td><td>Clorato de s\u00f3dio<\/td><\/tr><tr><td>NaClO\u2084<\/td><td>Perclorato de s\u00f3dio<\/td><\/tr><tr><td>PPM<\/td><td>Partes por milh\u00e3o (por exemplo, 3000 ppm = 0,3%)<\/td><\/tr><\/tbody><\/table>\t\t\t\t\t\t\t\t<\/div>\n\t\t\t\t<\/div>\n\t\t\t\t\t<\/div>\n\t\t<\/div>\n\t\t\t\t\t<\/div>\n\t\t<\/section>\n\t\t\t\t<section class=\"elementor-section elementor-top-section elementor-element elementor-element-61f1ee5e elementor-section-boxed elementor-section-height-default elementor-section-height-default wpr-particle-no wpr-jarallax-no wpr-parallax-no wpr-sticky-section-no\" data-id=\"61f1ee5e\" data-element_type=\"section\">\n\t\t\t\t\t\t<div class=\"elementor-container elementor-column-gap-default\">\n\t\t\t\t\t<div class=\"elementor-column elementor-col-50 elementor-top-column elementor-element elementor-element-431400f4\" data-id=\"431400f4\" data-element_type=\"column\">\n\t\t\t<div class=\"elementor-widget-wrap elementor-element-populated\">\n\t\t\t\t\t\t<div class=\"elementor-element elementor-element-3a76f636 elementor-mobile-align-justify elementor-widget-mobile__width-inherit elementor-align-justify elementor-widget elementor-widget-button\" data-id=\"3a76f636\" data-element_type=\"widget\" data-widget_type=\"button.default\">\n\t\t\t\t<div class=\"elementor-widget-container\">\n\t\t\t\t\t\t\t\t\t<div class=\"elementor-button-wrapper\">\n\t\t\t\t\t<a class=\"elementor-button elementor-button-link elementor-size-xl\" href=\"https:\/\/andreaskalcker.com\/pt-pt\/legalidade\/\">\n\t\t\t\t\t\t<span class=\"elementor-button-content-wrapper\">\n\t\t\t\t\t\t<span class=\"elementor-button-icon\">\n\t\t\t\t<svg aria-hidden=\"true\" class=\"e-font-icon-svg e-far-arrow-alt-circle-left\" viewBox=\"0 0 512 512\" xmlns=\"http:\/\/www.w3.org\/2000\/svg\"><path d=\"M8 256c0 137 111 248 248 248s248-111 248-248S393 8 256 8 8 119 8 256zm448 0c0 110.5-89.5 200-200 200S56 366.5 56 256 145.5 56 256 56s200 89.5 200 200zm-72-20v40c0 6.6-5.4 12-12 12H256v67c0 10.7-12.9 16-20.5 8.5l-99-99c-4.7-4.7-4.7-12.3 0-17l99-99c7.6-7.6 20.5-2.2 20.5 8.5v67h116c6.6 0 12 5.4 12 12z\"><\/path><\/svg>\t\t\t<\/span>\n\t\t\t\t\t\t\t\t\t<span class=\"elementor-button-text\">Legalidade<\/span>\n\t\t\t\t\t<\/span>\n\t\t\t\t\t<\/a>\n\t\t\t\t<\/div>\n\t\t\t\t\t\t\t\t<\/div>\n\t\t\t\t<\/div>\n\t\t\t\t\t<\/div>\n\t\t<\/div>\n\t\t\t\t<div class=\"elementor-column elementor-col-50 elementor-top-column elementor-element elementor-element-cfcd838\" data-id=\"cfcd838\" data-element_type=\"column\">\n\t\t\t<div class=\"elementor-widget-wrap elementor-element-populated\">\n\t\t\t\t\t\t<div class=\"elementor-element elementor-element-342ce82 elementor-mobile-align-justify elementor-widget-mobile__width-inherit elementor-align-justify elementor-widget elementor-widget-button\" data-id=\"342ce82\" data-element_type=\"widget\" data-widget_type=\"button.default\">\n\t\t\t\t<div class=\"elementor-widget-container\">\n\t\t\t\t\t\t\t\t\t<div class=\"elementor-button-wrapper\">\n\t\t\t\t\t<a class=\"elementor-button elementor-button-link elementor-size-xl\" href=\"https:\/\/andreaskalcker.com\/pt-pt\/preguntas-frequentes\/\">\n\t\t\t\t\t\t<span class=\"elementor-button-content-wrapper\">\n\t\t\t\t\t\t<span class=\"elementor-button-icon\">\n\t\t\t\t<svg aria-hidden=\"true\" class=\"e-font-icon-svg e-far-arrow-alt-circle-right\" viewBox=\"0 0 512 512\" xmlns=\"http:\/\/www.w3.org\/2000\/svg\"><path d=\"M504 256C504 119 393 8 256 8S8 119 8 256s111 248 248 248 248-111 248-248zm-448 0c0-110.5 89.5-200 200-200s200 89.5 200 200-89.5 200-200 200S56 366.5 56 256zm72 20v-40c0-6.6 5.4-12 12-12h116v-67c0-10.7 12.9-16 20.5-8.5l99 99c4.7 4.7 4.7 12.3 0 17l-99 99c-7.6 7.6-20.5 2.2-20.5-8.5v-67H140c-6.6 0-12-5.4-12-12z\"><\/path><\/svg>\t\t\t<\/span>\n\t\t\t\t\t\t\t\t\t<span class=\"elementor-button-text\">Preguntas frequentes<\/span>\n\t\t\t\t\t<\/span>\n\t\t\t\t\t<\/a>\n\t\t\t\t<\/div>\n\t\t\t\t\t\t\t\t<\/div>\n\t\t\t\t<\/div>\n\t\t\t\t\t<\/div>\n\t\t<\/div>\n\t\t\t\t\t<\/div>\n\t\t<\/section>\n\t\t\t\t<\/div>\n\t\t","protected":false},"excerpt":{"rendered":"<p>Abreviaturas mais frequentemente utilizadas e f\u00f3rmulas A tabela seguinte apresenta um resumo das abreviaturas comuns relacionadas com os compostos qu\u00edmicos do cloro e seus derivados, explicando o seu significado e composi\u00e7\u00e3o. Encontrar\u00e1 tudo, desde descri\u00e7\u00f5es de v\u00e1rias f\u00f3rmulas qu\u00edmicas a unidades de concentra\u00e7\u00e3o, oferecendo um guia conciso para a respectiva identifica\u00e7\u00e3o e compreens\u00e3o. ABREVIATURA SIGNIFICADO CD Clorito de s\u00f3dio (NaClO\u00b2) + \u00e1cido clor\u00eddrico a 4% como ativador CDI Dissolu\u00e7\u00e3o de di\u00f3xido de cloro, ClO\u2082, em soro fisiol\u00f3gico isot\u00f3nico (NaCl 0,9%) CDS Dissolu\u00e7\u00e3o de di\u00f3xido de cloro, ClO\u2082, em \u00e1gua (g\u00e1s dissolvido em \u00e1gua) CDH Clorito de s\u00f3dio (NaClO\u00b2) + \u00e1cido clor\u00eddrico a 4% como ativador com ativa\u00e7\u00e3o prolongada Cl\u2212 I\u00e3o cloreto Cl\u2082 G\u00e1s Dicloro, cloro gasoso Cl Cloro, elemento da Tabela Peri\u00f3dica ClO\u2082 Di\u00f3xido de cloro ClO\u2082\u2212 I\u00e3o clorito ClO\u2083\u2212 I\u00e3o clorato ClO\u2084\u2212 I\u00e3o perclorato ClO\u2212 I\u00e3o hipoclorito DMSO Dimetilsulf\u00f3xido MMS NaClO\u2082= Clorito de s\u00f3dio + ativador (\u00e1cido c\u00edtrico) (designa\u00e7\u00e3o dada por Jim Humble) MMS2 Hipoclorito de c\u00e1lcio = Ca(ClO)\u00b2 NaCl Cloreto de s\u00f3dio (sal comum) NaClO Hipoclorito de s\u00f3dio NaClO\u2082 Clorito de s\u00f3dio NaClO\u2083 Clorato de s\u00f3dio NaClO\u2084 Perclorato de s\u00f3dio PPM Partes por milh\u00e3o (por exemplo, 3000 ppm = 0,3%) Legalidade Preguntas frequentes<\/p>\n","protected":false},"author":1,"featured_media":0,"parent":0,"menu_order":0,"comment_status":"closed","ping_status":"closed","template":"","meta":{"footnotes":""},"class_list":["post-13472","page","type-page","status-publish"],"yoast_head":"<!-- This site is optimized with the Yoast SEO Premium plugin v22.2 (Yoast SEO v25.8) - https:\/\/yoast.com\/wordpress\/plugins\/seo\/ -->\n<title>Abreviaturas - Andreas Kalcker<\/title>\n<meta name=\"robots\" content=\"index, follow, max-snippet:-1, max-image-preview:large, max-video-preview:-1\" \/>\n<link rel=\"canonical\" href=\"https:\/\/andreaskalcker.com\/pt-pt\/abreviaturas\/\" \/>\n<meta property=\"og:locale\" content=\"pt_PT\" \/>\n<meta property=\"og:type\" content=\"article\" \/>\n<meta property=\"og:title\" content=\"Abreviaturas\" \/>\n<meta property=\"og:description\" content=\"Abreviaturas mais frequentemente utilizadas e f\u00f3rmulas A tabela seguinte apresenta um resumo das abreviaturas comuns relacionadas com os compostos qu\u00edmicos do cloro e seus derivados, explicando o seu significado e composi\u00e7\u00e3o. Encontrar\u00e1 tudo, desde descri\u00e7\u00f5es de v\u00e1rias f\u00f3rmulas qu\u00edmicas a unidades de concentra\u00e7\u00e3o, oferecendo um guia conciso para a respectiva identifica\u00e7\u00e3o e compreens\u00e3o. ABREVIATURA SIGNIFICADO CD Clorito de s\u00f3dio (NaClO\u00b2) + \u00e1cido clor\u00eddrico a 4% como ativador CDI Dissolu\u00e7\u00e3o de di\u00f3xido de cloro, ClO\u2082, em soro fisiol\u00f3gico isot\u00f3nico (NaCl 0,9%) CDS Dissolu\u00e7\u00e3o de di\u00f3xido de cloro, ClO\u2082, em \u00e1gua (g\u00e1s dissolvido em \u00e1gua) CDH Clorito de s\u00f3dio (NaClO\u00b2) + \u00e1cido clor\u00eddrico a 4% como ativador com ativa\u00e7\u00e3o prolongada Cl\u2212 I\u00e3o cloreto Cl\u2082 G\u00e1s Dicloro, cloro gasoso Cl Cloro, elemento da Tabela Peri\u00f3dica ClO\u2082 Di\u00f3xido de cloro ClO\u2082\u2212 I\u00e3o clorito ClO\u2083\u2212 I\u00e3o clorato ClO\u2084\u2212 I\u00e3o perclorato ClO\u2212 I\u00e3o hipoclorito DMSO Dimetilsulf\u00f3xido MMS NaClO\u2082= Clorito de s\u00f3dio + ativador (\u00e1cido c\u00edtrico) (designa\u00e7\u00e3o dada por Jim Humble) MMS2 Hipoclorito de c\u00e1lcio = Ca(ClO)\u00b2 NaCl Cloreto de s\u00f3dio (sal comum) NaClO Hipoclorito de s\u00f3dio NaClO\u2082 Clorito de s\u00f3dio NaClO\u2083 Clorato de s\u00f3dio NaClO\u2084 Perclorato de s\u00f3dio PPM Partes por milh\u00e3o (por exemplo, 3000 ppm = 0,3%) Legalidade Preguntas frequentes\" \/>\n<meta property=\"og:url\" content=\"https:\/\/andreaskalcker.com\/pt-pt\/abreviaturas\/\" \/>\n<meta property=\"og:site_name\" content=\"Andreas Kalcker\" \/>\n<meta property=\"article:modified_time\" content=\"2025-04-24T14:50:21+00:00\" \/>\n<meta name=\"twitter:card\" content=\"summary_large_image\" \/>\n<meta name=\"twitter:label1\" content=\"Tempo estimado de leitura\" \/>\n\t<meta name=\"twitter:data1\" content=\"2 minutos\" \/>\n<script type=\"application\/ld+json\" class=\"yoast-schema-graph\">{\"@context\":\"https:\/\/schema.org\",\"@graph\":[{\"@type\":\"WebPage\",\"@id\":\"https:\/\/andreaskalcker.com\/pt-pt\/abreviaturas\/\",\"url\":\"https:\/\/andreaskalcker.com\/pt-pt\/abreviaturas\/\",\"name\":\"Abreviaturas - Andreas Kalcker\",\"isPartOf\":{\"@id\":\"https:\/\/andreaskalcker.com\/#website\"},\"datePublished\":\"2023-07-17T18:20:38+00:00\",\"dateModified\":\"2025-04-24T14:50:21+00:00\",\"breadcrumb\":{\"@id\":\"https:\/\/andreaskalcker.com\/pt-pt\/abreviaturas\/#breadcrumb\"},\"inLanguage\":\"pt-PT\",\"potentialAction\":[{\"@type\":\"ReadAction\",\"target\":[\"https:\/\/andreaskalcker.com\/pt-pt\/abreviaturas\/\"]}]},{\"@type\":\"BreadcrumbList\",\"@id\":\"https:\/\/andreaskalcker.com\/pt-pt\/abreviaturas\/#breadcrumb\",\"itemListElement\":[{\"@type\":\"ListItem\",\"position\":1,\"name\":\"Portada\",\"item\":\"https:\/\/andreaskalcker.com\/\"},{\"@type\":\"ListItem\",\"position\":2,\"name\":\"Abreviaturas\"}]},{\"@type\":\"WebSite\",\"@id\":\"https:\/\/andreaskalcker.com\/#website\",\"url\":\"https:\/\/andreaskalcker.com\/\",\"name\":\"Andreas Kalcker\",\"description\":\"Official website\",\"potentialAction\":[{\"@type\":\"SearchAction\",\"target\":{\"@type\":\"EntryPoint\",\"urlTemplate\":\"https:\/\/andreaskalcker.com\/?s={search_term_string}\"},\"query-input\":{\"@type\":\"PropertyValueSpecification\",\"valueRequired\":true,\"valueName\":\"search_term_string\"}}],\"inLanguage\":\"pt-PT\"}]}<\/script>\n<!-- \/ Yoast SEO Premium plugin. -->","yoast_head_json":{"title":"Abreviaturas - Andreas Kalcker","robots":{"index":"index","follow":"follow","max-snippet":"max-snippet:-1","max-image-preview":"max-image-preview:large","max-video-preview":"max-video-preview:-1"},"canonical":"https:\/\/andreaskalcker.com\/pt-pt\/abreviaturas\/","og_locale":"pt_PT","og_type":"article","og_title":"Abreviaturas","og_description":"Abreviaturas mais frequentemente utilizadas e f\u00f3rmulas A tabela seguinte apresenta um resumo das abreviaturas comuns relacionadas com os compostos qu\u00edmicos do cloro e seus derivados, explicando o seu significado e composi\u00e7\u00e3o. Encontrar\u00e1 tudo, desde descri\u00e7\u00f5es de v\u00e1rias f\u00f3rmulas qu\u00edmicas a unidades de concentra\u00e7\u00e3o, oferecendo um guia conciso para a respectiva identifica\u00e7\u00e3o e compreens\u00e3o. ABREVIATURA SIGNIFICADO CD Clorito de s\u00f3dio (NaClO\u00b2) + \u00e1cido clor\u00eddrico a 4% como ativador CDI Dissolu\u00e7\u00e3o de di\u00f3xido de cloro, ClO\u2082, em soro fisiol\u00f3gico isot\u00f3nico (NaCl 0,9%) CDS Dissolu\u00e7\u00e3o de di\u00f3xido de cloro, ClO\u2082, em \u00e1gua (g\u00e1s dissolvido em \u00e1gua) CDH Clorito de s\u00f3dio (NaClO\u00b2) + \u00e1cido clor\u00eddrico a 4% como ativador com ativa\u00e7\u00e3o prolongada Cl\u2212 I\u00e3o cloreto Cl\u2082 G\u00e1s Dicloro, cloro gasoso Cl Cloro, elemento da Tabela Peri\u00f3dica ClO\u2082 Di\u00f3xido de cloro ClO\u2082\u2212 I\u00e3o clorito ClO\u2083\u2212 I\u00e3o clorato ClO\u2084\u2212 I\u00e3o perclorato ClO\u2212 I\u00e3o hipoclorito DMSO Dimetilsulf\u00f3xido MMS NaClO\u2082= Clorito de s\u00f3dio + ativador (\u00e1cido c\u00edtrico) (designa\u00e7\u00e3o dada por Jim Humble) MMS2 Hipoclorito de c\u00e1lcio = Ca(ClO)\u00b2 NaCl Cloreto de s\u00f3dio (sal comum) NaClO Hipoclorito de s\u00f3dio NaClO\u2082 Clorito de s\u00f3dio NaClO\u2083 Clorato de s\u00f3dio NaClO\u2084 Perclorato de s\u00f3dio PPM Partes por milh\u00e3o (por exemplo, 3000 ppm = 0,3%) Legalidade Preguntas frequentes","og_url":"https:\/\/andreaskalcker.com\/pt-pt\/abreviaturas\/","og_site_name":"Andreas Kalcker","article_modified_time":"2025-04-24T14:50:21+00:00","twitter_card":"summary_large_image","twitter_misc":{"Tempo estimado de leitura":"2 minutos"},"schema":{"@context":"https:\/\/schema.org","@graph":[{"@type":"WebPage","@id":"https:\/\/andreaskalcker.com\/pt-pt\/abreviaturas\/","url":"https:\/\/andreaskalcker.com\/pt-pt\/abreviaturas\/","name":"Abreviaturas - Andreas Kalcker","isPartOf":{"@id":"https:\/\/andreaskalcker.com\/#website"},"datePublished":"2023-07-17T18:20:38+00:00","dateModified":"2025-04-24T14:50:21+00:00","breadcrumb":{"@id":"https:\/\/andreaskalcker.com\/pt-pt\/abreviaturas\/#breadcrumb"},"inLanguage":"pt-PT","potentialAction":[{"@type":"ReadAction","target":["https:\/\/andreaskalcker.com\/pt-pt\/abreviaturas\/"]}]},{"@type":"BreadcrumbList","@id":"https:\/\/andreaskalcker.com\/pt-pt\/abreviaturas\/#breadcrumb","itemListElement":[{"@type":"ListItem","position":1,"name":"Portada","item":"https:\/\/andreaskalcker.com\/"},{"@type":"ListItem","position":2,"name":"Abreviaturas"}]},{"@type":"WebSite","@id":"https:\/\/andreaskalcker.com\/#website","url":"https:\/\/andreaskalcker.com\/","name":"Andreas Kalcker","description":"Official website","potentialAction":[{"@type":"SearchAction","target":{"@type":"EntryPoint","urlTemplate":"https:\/\/andreaskalcker.com\/?s={search_term_string}"},"query-input":{"@type":"PropertyValueSpecification","valueRequired":true,"valueName":"search_term_string"}}],"inLanguage":"pt-PT"}]}},"_links":{"self":[{"href":"https:\/\/andreaskalcker.com\/pt-pt\/wp-json\/wp\/v2\/pages\/13472","targetHints":{"allow":["GET"]}}],"collection":[{"href":"https:\/\/andreaskalcker.com\/pt-pt\/wp-json\/wp\/v2\/pages"}],"about":[{"href":"https:\/\/andreaskalcker.com\/pt-pt\/wp-json\/wp\/v2\/types\/page"}],"author":[{"embeddable":true,"href":"https:\/\/andreaskalcker.com\/pt-pt\/wp-json\/wp\/v2\/users\/1"}],"replies":[{"embeddable":true,"href":"https:\/\/andreaskalcker.com\/pt-pt\/wp-json\/wp\/v2\/comments?post=13472"}],"version-history":[{"count":0,"href":"https:\/\/andreaskalcker.com\/pt-pt\/wp-json\/wp\/v2\/pages\/13472\/revisions"}],"wp:attachment":[{"href":"https:\/\/andreaskalcker.com\/pt-pt\/wp-json\/wp\/v2\/media?parent=13472"}],"curies":[{"name":"wp","href":"https:\/\/api.w.org\/{rel}","templated":true}]}}