{"id":13483,"date":"2023-10-31T09:33:27","date_gmt":"2023-10-31T08:33:27","guid":{"rendered":"https:\/\/andreaskalcker.com\/calculadora-clorito-de-sodio\/"},"modified":"2025-04-26T09:45:26","modified_gmt":"2025-04-26T07:45:26","slug":"calculadora-clorito-de-sodio","status":"publish","type":"page","link":"https:\/\/andreaskalcker.com\/pt-pt\/calculadora-clorito-de-sodio\/","title":{"rendered":"Calculadora: Clorito de s\u00f3dio"},"content":{"rendered":"\t\t<div data-elementor-type=\"wp-page\" data-elementor-id=\"13483\" class=\"elementor elementor-13483 elementor-4164\" data-elementor-post-type=\"page\">\n\t\t\t\t\t\t<section class=\"elementor-section elementor-top-section elementor-element elementor-element-3e27558d elementor-section-boxed elementor-section-height-default elementor-section-height-default wpr-particle-no wpr-jarallax-no wpr-parallax-no wpr-sticky-section-no\" data-id=\"3e27558d\" data-element_type=\"section\" data-settings=\"{&quot;background_background&quot;:&quot;classic&quot;,&quot;background_motion_fx_motion_fx_scrolling&quot;:&quot;yes&quot;,&quot;background_motion_fx_motion_fx_mouse&quot;:&quot;yes&quot;,&quot;background_motion_fx_mouseTrack_effect&quot;:&quot;yes&quot;,&quot;background_motion_fx_devices&quot;:[&quot;desktop&quot;,&quot;tablet&quot;,&quot;mobile&quot;],&quot;background_motion_fx_mouseTrack_speed&quot;:{&quot;unit&quot;:&quot;px&quot;,&quot;size&quot;:1,&quot;sizes&quot;:[]}}\">\n\t\t\t\t\t\t<div class=\"elementor-container elementor-column-gap-default\">\n\t\t\t\t\t<div class=\"elementor-column elementor-col-100 elementor-top-column elementor-element elementor-element-15e13ced\" data-id=\"15e13ced\" data-element_type=\"column\">\n\t\t\t<div class=\"elementor-widget-wrap elementor-element-populated\">\n\t\t\t\t\t\t<div class=\"elementor-element elementor-element-78cc5c9e elementor-widget elementor-widget-heading\" data-id=\"78cc5c9e\" data-element_type=\"widget\" data-widget_type=\"heading.default\">\n\t\t\t\t<div class=\"elementor-widget-container\">\n\t\t\t\t\t<h2 class=\"elementor-heading-title elementor-size-default\">Calculadora: Clorito de s\u00f3dio<\/h2>\t\t\t\t<\/div>\n\t\t\t\t<\/div>\n\t\t\t\t<div class=\"elementor-element elementor-element-793a4b9 elementor-widget elementor-widget-heading\" data-id=\"793a4b9\" data-element_type=\"widget\" data-widget_type=\"heading.default\">\n\t\t\t\t<div class=\"elementor-widget-container\">\n\t\t\t\t\t<h5 class=\"elementor-heading-title elementor-size-default\">calcule a concentra\u00e7\u00e3o desejada<\/h5>\t\t\t\t<\/div>\n\t\t\t\t<\/div>\n\t\t\t\t\t<\/div>\n\t\t<\/div>\n\t\t\t\t\t<\/div>\n\t\t<\/section>\n\t\t\t\t<section class=\"elementor-section elementor-top-section elementor-element elementor-element-59a840b elementor-section-boxed elementor-section-height-default elementor-section-height-default wpr-particle-no wpr-jarallax-no wpr-parallax-no wpr-sticky-section-no\" data-id=\"59a840b\" data-element_type=\"section\">\n\t\t\t\t\t\t<div class=\"elementor-container elementor-column-gap-default\">\n\t\t\t\t\t<div class=\"elementor-column elementor-col-100 elementor-top-column elementor-element elementor-element-a52ea32\" data-id=\"a52ea32\" data-element_type=\"column\">\n\t\t\t<div class=\"elementor-widget-wrap elementor-element-populated\">\n\t\t\t\t\t\t<div class=\"elementor-element elementor-element-7212940 elementor-widget elementor-widget-text-editor\" data-id=\"7212940\" data-element_type=\"widget\" data-widget_type=\"text-editor.default\">\n\t\t\t\t<div class=\"elementor-widget-container\">\n\t\t\t\t\t\t\t\t\t<p><b>Esta calculadora permite determinar a quantidade de \u00e1gua necess\u00e1ria para atingir uma concentra\u00e7\u00e3o desejada de uma subst\u00e2ncia em p\u00f3.<\/b><\/p><p> <\/p><p>Para usar esta calculadora, siga estes passos:<\/p><p> <\/p><ol><li>Introduzir o valor &#8220;Pureza do p\u00f3 (%)&#8221; no campo correspondente.<\/li><li>Introduzir a &#8220;Quantidade de p\u00f3 (gramas)&#8221; no campo correspondente.<\/li><li>Introduzir a &#8220;Concentra\u00e7\u00e3o desejada (%)&#8221; no campo adequado.<\/li><li>Clicar no bot\u00e3o &#8220;Calcular&#8221;.<\/li><li>O resultado, a &#8220;Quantidade de \u00e1gua (ml)&#8221;, \u00e9 apresentado no campo correspondente.<\/li><\/ol><p>Se pretender apagar os valores introduzidos e come\u00e7ar de novo, pode clicar no bot\u00e3o <b>Apagar<\/b>.<\/p>\t\t\t\t\t\t\t\t<\/div>\n\t\t\t\t<\/div>\n\t\t\t\t<div class=\"elementor-element elementor-element-830658b elementor-widget-divider--view-line elementor-widget elementor-widget-divider\" data-id=\"830658b\" data-element_type=\"widget\" data-widget_type=\"divider.default\">\n\t\t\t\t<div class=\"elementor-widget-container\">\n\t\t\t\t\t\t\t<div class=\"elementor-divider\">\n\t\t\t<span class=\"elementor-divider-separator\">\n\t\t\t\t\t\t<\/span>\n\t\t<\/div>\n\t\t\t\t\t\t<\/div>\n\t\t\t\t<\/div>\n\t\t\t\t\t<\/div>\n\t\t<\/div>\n\t\t\t\t\t<\/div>\n\t\t<\/section>\n\t\t\t\t<section class=\"elementor-section elementor-top-section elementor-element elementor-element-25cbb62 elementor-section-boxed elementor-section-height-default elementor-section-height-default wpr-particle-no wpr-jarallax-no wpr-parallax-no wpr-sticky-section-no\" data-id=\"25cbb62\" data-element_type=\"section\" data-settings=\"{&quot;background_background&quot;:&quot;classic&quot;}\">\n\t\t\t\t\t\t<div class=\"elementor-container elementor-column-gap-default\">\n\t\t\t\t\t<div class=\"elementor-column elementor-col-100 elementor-top-column elementor-element elementor-element-3e00097\" data-id=\"3e00097\" data-element_type=\"column\">\n\t\t\t<div class=\"elementor-widget-wrap elementor-element-populated\">\n\t\t\t\t\t\t<div class=\"elementor-element elementor-element-eaae9f5 elementor-widget elementor-widget-html\" data-id=\"eaae9f5\" data-element_type=\"widget\" data-widget_type=\"html.default\">\n\t\t\t\t<div class=\"elementor-widget-container\">\n\t\t\t\t\t<div class=\"calculator\">\n    <label for=\"purity\">Pureza do p\u00f3 (%)<\/label>\n    <input type=\"number\" id=\"purity\" class=\"input-field\">\n    \n    <label for=\"amount\">Quantidade de p\u00f3 (gramas)<\/label>\n    <input type=\"number\" id=\"amount\" class=\"input-field\">\n    \n    <label for=\"concentration\">Concentra\u00e7\u00e3o desejada (%)<\/label>\n    <input type=\"number\" id=\"concentration\" class=\"input-field\">\n    \n    <!-- Espacio para mostrar el resultado en formato de texto justo encima de los botones -->\n    <p id=\"resultText\"><\/p>\n    \n    <div class=\"button-container\">\n        <button onclick=\"calculate()\" class=\"button\">Calcular<\/button>\n        <button onclick=\"clearFields()\" class=\"button clear\">Apagar<\/button>\n    <\/div>\n<\/div>\t\t\t\t<\/div>\n\t\t\t\t<\/div>\n\t\t\t\t\t<\/div>\n\t\t<\/div>\n\t\t\t\t\t<\/div>\n\t\t<\/section>\n\t\t\t\t<section class=\"elementor-section elementor-top-section elementor-element elementor-element-bf83f42 elementor-section-boxed elementor-section-height-default elementor-section-height-default wpr-particle-no wpr-jarallax-no wpr-parallax-no wpr-sticky-section-no\" data-id=\"bf83f42\" data-element_type=\"section\">\n\t\t\t\t\t\t<div class=\"elementor-container elementor-column-gap-default\">\n\t\t\t\t\t<div class=\"elementor-column elementor-col-100 elementor-top-column elementor-element elementor-element-1d13b41\" data-id=\"1d13b41\" data-element_type=\"column\">\n\t\t\t<div class=\"elementor-widget-wrap elementor-element-populated\">\n\t\t\t\t\t\t<div class=\"elementor-element elementor-element-f69b7c9 elementor-widget elementor-widget-spacer\" data-id=\"f69b7c9\" data-element_type=\"widget\" data-widget_type=\"spacer.default\">\n\t\t\t\t<div class=\"elementor-widget-container\">\n\t\t\t\t\t\t\t<div class=\"elementor-spacer\">\n\t\t\t<div class=\"elementor-spacer-inner\"><\/div>\n\t\t<\/div>\n\t\t\t\t\t\t<\/div>\n\t\t\t\t<\/div>\n\t\t\t\t\t<\/div>\n\t\t<\/div>\n\t\t\t\t\t<\/div>\n\t\t<\/section>\n\t\t\t\t<\/div>\n\t\t","protected":false},"excerpt":{"rendered":"<p>calcule a concentra\u00e7\u00e3o desejada Esta calculadora permite determinar a quantidade de \u00e1gua necess\u00e1ria para atingir uma concentra\u00e7\u00e3o desejada de uma subst\u00e2ncia em p\u00f3. Para usar esta calculadora, siga estes passos: Introduzir o valor &#8220;Pureza do p\u00f3 (%)&#8221; no campo correspondente. Introduzir a &#8220;Quantidade de p\u00f3 (gramas)&#8221; no campo correspondente. Introduzir a &#8220;Concentra\u00e7\u00e3o desejada (%)&#8221; no campo adequado. Clicar no bot\u00e3o &#8220;Calcular&#8221;. O resultado, a &#8220;Quantidade de \u00e1gua (ml)&#8221;, \u00e9 apresentado no campo correspondente. Se pretender apagar os valores introduzidos e come\u00e7ar de novo, pode clicar no bot\u00e3o Apagar. Pureza do p\u00f3 (%) Quantidade de p\u00f3 (gramas) Concentra\u00e7\u00e3o desejada (%) Calcular Apagar<\/p>\n","protected":false},"author":1,"featured_media":0,"parent":0,"menu_order":0,"comment_status":"closed","ping_status":"closed","template":"","meta":{"footnotes":""},"class_list":["post-13483","page","type-page","status-publish"],"yoast_head":"<!-- This site is optimized with the Yoast SEO Premium plugin v22.2 (Yoast SEO v25.8) - https:\/\/yoast.com\/wordpress\/plugins\/seo\/ -->\n<title>Calculadora: Clorito de s\u00f3dio - Andreas Kalcker<\/title>\n<meta name=\"description\" content=\"Calculadora: Clorito de s\u00f3dio. Esta calculadora permite determinar a quantidade de \u00e1gua necess\u00e1ria para atingir uma concentra\u00e7\u00e3o desejada de uma subst\u00e2ncia em p\u00f3.\" \/>\n<meta name=\"robots\" content=\"index, follow, max-snippet:-1, max-image-preview:large, max-video-preview:-1\" \/>\n<link rel=\"canonical\" href=\"https:\/\/andreaskalcker.com\/calculadora-clorito-de-sodio\/\" \/>\n<meta property=\"og:locale\" content=\"pt_PT\" \/>\n<meta property=\"og:type\" content=\"article\" \/>\n<meta property=\"og:title\" content=\"Calculadora: Clorito de s\u00f3dio\" \/>\n<meta property=\"og:description\" content=\"Calculadora: Clorito de s\u00f3dio. Esta calculadora permite determinar a quantidade de \u00e1gua necess\u00e1ria para atingir uma concentra\u00e7\u00e3o desejada de uma subst\u00e2ncia em p\u00f3.\" \/>\n<meta property=\"og:url\" content=\"https:\/\/andreaskalcker.com\/calculadora-clorito-de-sodio\/\" \/>\n<meta property=\"og:site_name\" content=\"Andreas Kalcker\" \/>\n<meta property=\"article:modified_time\" content=\"2025-04-26T07:45:26+00:00\" \/>\n<meta name=\"twitter:card\" content=\"summary_large_image\" \/>\n<meta name=\"twitter:label1\" content=\"Tempo estimado de leitura\" \/>\n\t<meta name=\"twitter:data1\" content=\"1 minuto\" \/>\n<script type=\"application\/ld+json\" class=\"yoast-schema-graph\">{\"@context\":\"https:\/\/schema.org\",\"@graph\":[{\"@type\":\"WebPage\",\"@id\":\"https:\/\/andreaskalcker.com\/calculadora-clorito-de-sodio\/\",\"url\":\"https:\/\/andreaskalcker.com\/calculadora-clorito-de-sodio\/\",\"name\":\"Calculadora: Clorito de s\u00f3dio - Andreas Kalcker\",\"isPartOf\":{\"@id\":\"https:\/\/andreaskalcker.com\/#website\"},\"datePublished\":\"2023-10-31T08:33:27+00:00\",\"dateModified\":\"2025-04-26T07:45:26+00:00\",\"description\":\"Calculadora: Clorito de s\u00f3dio. Esta calculadora permite determinar a quantidade de \u00e1gua necess\u00e1ria para atingir uma concentra\u00e7\u00e3o desejada de uma subst\u00e2ncia em p\u00f3.\",\"breadcrumb\":{\"@id\":\"https:\/\/andreaskalcker.com\/calculadora-clorito-de-sodio\/#breadcrumb\"},\"inLanguage\":\"pt-PT\",\"potentialAction\":[{\"@type\":\"ReadAction\",\"target\":[\"https:\/\/andreaskalcker.com\/calculadora-clorito-de-sodio\/\"]}]},{\"@type\":\"BreadcrumbList\",\"@id\":\"https:\/\/andreaskalcker.com\/calculadora-clorito-de-sodio\/#breadcrumb\",\"itemListElement\":[{\"@type\":\"ListItem\",\"position\":1,\"name\":\"Portada\",\"item\":\"https:\/\/andreaskalcker.com\/\"},{\"@type\":\"ListItem\",\"position\":2,\"name\":\"Calculadora: Clorito de s\u00f3dio\"}]},{\"@type\":\"WebSite\",\"@id\":\"https:\/\/andreaskalcker.com\/#website\",\"url\":\"https:\/\/andreaskalcker.com\/\",\"name\":\"Andreas Kalcker\",\"description\":\"Official website\",\"potentialAction\":[{\"@type\":\"SearchAction\",\"target\":{\"@type\":\"EntryPoint\",\"urlTemplate\":\"https:\/\/andreaskalcker.com\/?s={search_term_string}\"},\"query-input\":{\"@type\":\"PropertyValueSpecification\",\"valueRequired\":true,\"valueName\":\"search_term_string\"}}],\"inLanguage\":\"pt-PT\"}]}<\/script>\n<!-- \/ Yoast SEO Premium plugin. -->","yoast_head_json":{"title":"Calculadora: Clorito de s\u00f3dio - Andreas Kalcker","description":"Calculadora: Clorito de s\u00f3dio. Esta calculadora permite determinar a quantidade de \u00e1gua necess\u00e1ria para atingir uma concentra\u00e7\u00e3o desejada de uma subst\u00e2ncia em p\u00f3.","robots":{"index":"index","follow":"follow","max-snippet":"max-snippet:-1","max-image-preview":"max-image-preview:large","max-video-preview":"max-video-preview:-1"},"canonical":"https:\/\/andreaskalcker.com\/calculadora-clorito-de-sodio\/","og_locale":"pt_PT","og_type":"article","og_title":"Calculadora: Clorito de s\u00f3dio","og_description":"Calculadora: Clorito de s\u00f3dio. Esta calculadora permite determinar a quantidade de \u00e1gua necess\u00e1ria para atingir uma concentra\u00e7\u00e3o desejada de uma subst\u00e2ncia em p\u00f3.","og_url":"https:\/\/andreaskalcker.com\/calculadora-clorito-de-sodio\/","og_site_name":"Andreas Kalcker","article_modified_time":"2025-04-26T07:45:26+00:00","twitter_card":"summary_large_image","twitter_misc":{"Tempo estimado de leitura":"1 minuto"},"schema":{"@context":"https:\/\/schema.org","@graph":[{"@type":"WebPage","@id":"https:\/\/andreaskalcker.com\/calculadora-clorito-de-sodio\/","url":"https:\/\/andreaskalcker.com\/calculadora-clorito-de-sodio\/","name":"Calculadora: Clorito de s\u00f3dio - Andreas Kalcker","isPartOf":{"@id":"https:\/\/andreaskalcker.com\/#website"},"datePublished":"2023-10-31T08:33:27+00:00","dateModified":"2025-04-26T07:45:26+00:00","description":"Calculadora: Clorito de s\u00f3dio. Esta calculadora permite determinar a quantidade de \u00e1gua necess\u00e1ria para atingir uma concentra\u00e7\u00e3o desejada de uma subst\u00e2ncia em p\u00f3.","breadcrumb":{"@id":"https:\/\/andreaskalcker.com\/calculadora-clorito-de-sodio\/#breadcrumb"},"inLanguage":"pt-PT","potentialAction":[{"@type":"ReadAction","target":["https:\/\/andreaskalcker.com\/calculadora-clorito-de-sodio\/"]}]},{"@type":"BreadcrumbList","@id":"https:\/\/andreaskalcker.com\/calculadora-clorito-de-sodio\/#breadcrumb","itemListElement":[{"@type":"ListItem","position":1,"name":"Portada","item":"https:\/\/andreaskalcker.com\/"},{"@type":"ListItem","position":2,"name":"Calculadora: Clorito de s\u00f3dio"}]},{"@type":"WebSite","@id":"https:\/\/andreaskalcker.com\/#website","url":"https:\/\/andreaskalcker.com\/","name":"Andreas Kalcker","description":"Official website","potentialAction":[{"@type":"SearchAction","target":{"@type":"EntryPoint","urlTemplate":"https:\/\/andreaskalcker.com\/?s={search_term_string}"},"query-input":{"@type":"PropertyValueSpecification","valueRequired":true,"valueName":"search_term_string"}}],"inLanguage":"pt-PT"}]}},"_links":{"self":[{"href":"https:\/\/andreaskalcker.com\/pt-pt\/wp-json\/wp\/v2\/pages\/13483","targetHints":{"allow":["GET"]}}],"collection":[{"href":"https:\/\/andreaskalcker.com\/pt-pt\/wp-json\/wp\/v2\/pages"}],"about":[{"href":"https:\/\/andreaskalcker.com\/pt-pt\/wp-json\/wp\/v2\/types\/page"}],"author":[{"embeddable":true,"href":"https:\/\/andreaskalcker.com\/pt-pt\/wp-json\/wp\/v2\/users\/1"}],"replies":[{"embeddable":true,"href":"https:\/\/andreaskalcker.com\/pt-pt\/wp-json\/wp\/v2\/comments?post=13483"}],"version-history":[{"count":0,"href":"https:\/\/andreaskalcker.com\/pt-pt\/wp-json\/wp\/v2\/pages\/13483\/revisions"}],"wp:attachment":[{"href":"https:\/\/andreaskalcker.com\/pt-pt\/wp-json\/wp\/v2\/media?parent=13483"}],"curies":[{"name":"wp","href":"https:\/\/api.w.org\/{rel}","templated":true}]}}