{"id":13499,"date":"2023-10-31T13:00:16","date_gmt":"2023-10-31T12:00:16","guid":{"rendered":"https:\/\/andreaskalcker.com\/calculadora-diluicao-do-cds\/"},"modified":"2025-04-26T09:49:23","modified_gmt":"2025-04-26T07:49:23","slug":"calculadora-diluicao-do-cds","status":"publish","type":"page","link":"https:\/\/andreaskalcker.com\/pt-pt\/calculadora-diluicao-do-cds\/","title":{"rendered":"Calculadora: dilui\u00e7\u00e3o do CDS"},"content":{"rendered":"\t\t<div data-elementor-type=\"wp-page\" data-elementor-id=\"13499\" class=\"elementor elementor-13499 elementor-4189\" data-elementor-post-type=\"page\">\n\t\t\t\t\t\t<section class=\"elementor-section elementor-top-section elementor-element elementor-element-7392bb09 elementor-section-boxed elementor-section-height-default elementor-section-height-default wpr-particle-no wpr-jarallax-no wpr-parallax-no wpr-sticky-section-no\" data-id=\"7392bb09\" data-element_type=\"section\" data-settings=\"{&quot;background_background&quot;:&quot;classic&quot;,&quot;background_motion_fx_motion_fx_scrolling&quot;:&quot;yes&quot;,&quot;background_motion_fx_motion_fx_mouse&quot;:&quot;yes&quot;,&quot;background_motion_fx_mouseTrack_effect&quot;:&quot;yes&quot;,&quot;background_motion_fx_devices&quot;:[&quot;desktop&quot;,&quot;tablet&quot;,&quot;mobile&quot;],&quot;background_motion_fx_mouseTrack_speed&quot;:{&quot;unit&quot;:&quot;px&quot;,&quot;size&quot;:1,&quot;sizes&quot;:[]}}\">\n\t\t\t\t\t\t<div class=\"elementor-container elementor-column-gap-default\">\n\t\t\t\t\t<div class=\"elementor-column elementor-col-100 elementor-top-column elementor-element elementor-element-38ef62ba\" data-id=\"38ef62ba\" data-element_type=\"column\">\n\t\t\t<div class=\"elementor-widget-wrap elementor-element-populated\">\n\t\t\t\t\t\t<div class=\"elementor-element elementor-element-2eda11bb elementor-widget elementor-widget-heading\" data-id=\"2eda11bb\" data-element_type=\"widget\" data-widget_type=\"heading.default\">\n\t\t\t\t<div class=\"elementor-widget-container\">\n\t\t\t\t\t<h2 class=\"elementor-heading-title elementor-size-default\">Calculadora: dilui\u00e7\u00e3o do CDS<\/h2>\t\t\t\t<\/div>\n\t\t\t\t<\/div>\n\t\t\t\t<div class=\"elementor-element elementor-element-e21d01d elementor-widget elementor-widget-heading\" data-id=\"e21d01d\" data-element_type=\"widget\" data-widget_type=\"heading.default\">\n\t\t\t\t<div class=\"elementor-widget-container\">\n\t\t\t\t\t<h5 class=\"elementor-heading-title elementor-size-default\">PROTOCOLOS C10, C15, C20 e C25.<\/h5>\t\t\t\t<\/div>\n\t\t\t\t<\/div>\n\t\t\t\t\t<\/div>\n\t\t<\/div>\n\t\t\t\t\t<\/div>\n\t\t<\/section>\n\t\t\t\t<section class=\"elementor-section elementor-top-section elementor-element elementor-element-4c9ff01 elementor-section-boxed elementor-section-height-default elementor-section-height-default wpr-particle-no wpr-jarallax-no wpr-parallax-no wpr-sticky-section-no\" data-id=\"4c9ff01\" data-element_type=\"section\">\n\t\t\t\t\t\t<div class=\"elementor-container elementor-column-gap-default\">\n\t\t\t\t\t<div class=\"elementor-column elementor-col-100 elementor-top-column elementor-element elementor-element-d99cd64\" data-id=\"d99cd64\" data-element_type=\"column\">\n\t\t\t<div class=\"elementor-widget-wrap elementor-element-populated\">\n\t\t\t\t\t\t<div class=\"elementor-element elementor-element-f92266f elementor-widget elementor-widget-text-editor\" data-id=\"f92266f\" data-element_type=\"widget\" data-widget_type=\"text-editor.default\">\n\t\t\t\t<div class=\"elementor-widget-container\">\n\t\t\t\t\t\t\t\t\t<p><b>A calculadora fornecida \u00e9 uma ferramenta que permite calcular os resultados de v\u00e1rios protocolos com base num valor espec\u00edfico denominado PPM (partes por milh\u00e3o) de CDS (Di\u00f3xido de Cloro) por 1 litro de \u00e1gua.<\/b><\/p><p><b> <\/b><\/p><p> <\/p><p><b>Como usar a calculadora:<\/b><\/p><ol><li>Introduzir o valor de PPM do CDS no campo &#8220;PPM do CDS&#8221;.<\/li><li>Clicar no bot\u00e3o &#8220;Calcular&#8221;.<\/li><li>Os resultados dos protocolos C10, C15, C20 e C25 devem ser indicados em mililitros (ml) por 1 litro de \u00e1gua.<\/li><li>Se desejar apagar os campos introduzidos e os resultados obtidos, clique no bot\u00e3o &#8220;Apagar&#8221;.<\/li><\/ol><p>E j\u00e1 est\u00e1! Com estes passos simples, pode usar a calculadora para obter os resultados pretendidos. N\u00e3o esquecer que esta ferramenta \u00e9 \u00fatil para calcular as quantidades necess\u00e1rias de CDS em diferentes protocolos de acordo com o valor de PPM introduzido.<\/p>\t\t\t\t\t\t\t\t<\/div>\n\t\t\t\t<\/div>\n\t\t\t\t<div class=\"elementor-element elementor-element-b1d2049 elementor-widget-divider--view-line elementor-widget elementor-widget-divider\" data-id=\"b1d2049\" data-element_type=\"widget\" data-widget_type=\"divider.default\">\n\t\t\t\t<div class=\"elementor-widget-container\">\n\t\t\t\t\t\t\t<div class=\"elementor-divider\">\n\t\t\t<span class=\"elementor-divider-separator\">\n\t\t\t\t\t\t<\/span>\n\t\t<\/div>\n\t\t\t\t\t\t<\/div>\n\t\t\t\t<\/div>\n\t\t\t\t\t<\/div>\n\t\t<\/div>\n\t\t\t\t\t<\/div>\n\t\t<\/section>\n\t\t\t\t<section class=\"elementor-section elementor-top-section elementor-element elementor-element-7d569efc elementor-section-boxed elementor-section-height-default elementor-section-height-default wpr-particle-no wpr-jarallax-no wpr-parallax-no wpr-sticky-section-no\" data-id=\"7d569efc\" data-element_type=\"section\" data-settings=\"{&quot;background_background&quot;:&quot;classic&quot;}\">\n\t\t\t\t\t\t<div class=\"elementor-container elementor-column-gap-default\">\n\t\t\t\t\t<div class=\"elementor-column elementor-col-100 elementor-top-column elementor-element elementor-element-289bf5ec\" data-id=\"289bf5ec\" data-element_type=\"column\">\n\t\t\t<div class=\"elementor-widget-wrap elementor-element-populated\">\n\t\t\t\t\t\t<div class=\"elementor-element elementor-element-4c79be15 elementor-widget elementor-widget-html\" data-id=\"4c79be15\" data-element_type=\"widget\" data-widget_type=\"html.default\">\n\t\t\t\t<div class=\"elementor-widget-container\">\n\t\t\t\t\t<div class=\"container\">\n\n        <div class=\"input-field\">\n            <label for=\"ppm\">PPM do CDS:<\/label>\n            <input type=\"number\" id=\"ppm\" min=\"0\" step=\"any\">\n        <\/div>\n        <button class=\"btn\" onclick=\"calculate()\">Calcular<\/button>\n        <button class=\"btn btn-clear\" onclick=\"clearFields()\">Apagar<\/button>\n        \n        <h4>Resultados:<\/h4>\n        <p>Protocolo C10: <span id=\"protocolC10\"><\/span> ml<\/p>\n        <p>Protocolo C15: <span id=\"protocolC15\"><\/span> ml<\/p>\n        <p>Protocolo C20: <span id=\"protocolC20\"><\/span> ml<\/p>\n        <p>Protocolo C25: <span id=\"protocolC25\"><\/span> ml<\/p>\n\t\t\t\t<\/div>\n\t\t\t\t<\/div>\n\t\t\t\t\t<\/div>\n\t\t<\/div>\n\t\t\t\t\t<\/div>\n\t\t<\/section>\n\t\t\t\t<\/div>\n\t\t","protected":false},"excerpt":{"rendered":"<p>PROTOCOLOS C10, C15, C20 e C25. A calculadora fornecida \u00e9 uma ferramenta que permite calcular os resultados de v\u00e1rios protocolos com base num valor espec\u00edfico denominado PPM (partes por milh\u00e3o) de CDS (Di\u00f3xido de Cloro) por 1 litro de \u00e1gua. &nbsp; Como usar a calculadora: Introduzir o valor de PPM do CDS no campo &#8220;PPM do CDS&#8221;. Clicar no bot\u00e3o &#8220;Calcular&#8221;. Os resultados dos protocolos C10, C15, C20 e C25 devem ser indicados em mililitros (ml) por 1 litro de \u00e1gua. Se desejar apagar os campos introduzidos e os resultados obtidos, clique no bot\u00e3o &#8220;Apagar&#8221;. E j\u00e1 est\u00e1! Com estes passos simples, pode usar a calculadora para obter os resultados pretendidos. N\u00e3o esquecer que esta ferramenta \u00e9 \u00fatil para calcular as quantidades necess\u00e1rias de CDS em diferentes protocolos de acordo com o valor de PPM introduzido. PPM do CDS: Calcular Apagar Resultados: Protocolo C10: ml Protocolo C15: ml Protocolo C20: ml Protocolo C25: ml<\/p>\n","protected":false},"author":1,"featured_media":0,"parent":0,"menu_order":0,"comment_status":"closed","ping_status":"closed","template":"","meta":{"footnotes":""},"class_list":["post-13499","page","type-page","status-publish"],"yoast_head":"<!-- This site is optimized with the Yoast SEO Premium plugin v22.2 (Yoast SEO v25.8) - https:\/\/yoast.com\/wordpress\/plugins\/seo\/ -->\n<title>Calculadora: dilui\u00e7\u00e3o do CDS - Andreas Kalcker<\/title>\n<meta name=\"description\" content=\"Calculadora: dilui\u00e7\u00e3o do CDS. A calculadora fornecida \u00e9 uma ferramenta que permite calcular os resultados de v\u00e1rios protocolos com base num valor espec\u00edfico denominado PPM (partes por milh\u00e3o) de CDS (Di\u00f3xido de Cloro) por 1 litro de \u00e1gua.\" \/>\n<meta name=\"robots\" content=\"index, follow, max-snippet:-1, max-image-preview:large, max-video-preview:-1\" \/>\n<link rel=\"canonical\" href=\"https:\/\/andreaskalcker.com\/pt-pt\/calculadora-diluicao-do-cds\/\" \/>\n<meta property=\"og:locale\" content=\"pt_PT\" \/>\n<meta property=\"og:type\" content=\"article\" \/>\n<meta property=\"og:title\" content=\"Calculadora: dilui\u00e7\u00e3o do CDS\" \/>\n<meta property=\"og:description\" content=\"Calculadora: dilui\u00e7\u00e3o do CDS. A calculadora fornecida \u00e9 uma ferramenta que permite calcular os resultados de v\u00e1rios protocolos com base num valor espec\u00edfico denominado PPM (partes por milh\u00e3o) de CDS (Di\u00f3xido de Cloro) por 1 litro de \u00e1gua.\" \/>\n<meta property=\"og:url\" content=\"https:\/\/andreaskalcker.com\/pt-pt\/calculadora-diluicao-do-cds\/\" \/>\n<meta property=\"og:site_name\" content=\"Andreas Kalcker\" \/>\n<meta property=\"article:modified_time\" content=\"2025-04-26T07:49:23+00:00\" \/>\n<meta name=\"twitter:card\" content=\"summary_large_image\" \/>\n<meta name=\"twitter:label1\" content=\"Tempo estimado de leitura\" \/>\n\t<meta name=\"twitter:data1\" content=\"1 minuto\" \/>\n<script type=\"application\/ld+json\" class=\"yoast-schema-graph\">{\"@context\":\"https:\/\/schema.org\",\"@graph\":[{\"@type\":\"WebPage\",\"@id\":\"https:\/\/andreaskalcker.com\/pt-pt\/calculadora-diluicao-do-cds\/\",\"url\":\"https:\/\/andreaskalcker.com\/pt-pt\/calculadora-diluicao-do-cds\/\",\"name\":\"Calculadora: dilui\u00e7\u00e3o do CDS - Andreas Kalcker\",\"isPartOf\":{\"@id\":\"https:\/\/andreaskalcker.com\/#website\"},\"datePublished\":\"2023-10-31T12:00:16+00:00\",\"dateModified\":\"2025-04-26T07:49:23+00:00\",\"description\":\"Calculadora: dilui\u00e7\u00e3o do CDS. A calculadora fornecida \u00e9 uma ferramenta que permite calcular os resultados de v\u00e1rios protocolos com base num valor espec\u00edfico denominado PPM (partes por milh\u00e3o) de CDS (Di\u00f3xido de Cloro) por 1 litro de \u00e1gua.\",\"breadcrumb\":{\"@id\":\"https:\/\/andreaskalcker.com\/pt-pt\/calculadora-diluicao-do-cds\/#breadcrumb\"},\"inLanguage\":\"pt-PT\",\"potentialAction\":[{\"@type\":\"ReadAction\",\"target\":[\"https:\/\/andreaskalcker.com\/pt-pt\/calculadora-diluicao-do-cds\/\"]}]},{\"@type\":\"BreadcrumbList\",\"@id\":\"https:\/\/andreaskalcker.com\/pt-pt\/calculadora-diluicao-do-cds\/#breadcrumb\",\"itemListElement\":[{\"@type\":\"ListItem\",\"position\":1,\"name\":\"Portada\",\"item\":\"https:\/\/andreaskalcker.com\/\"},{\"@type\":\"ListItem\",\"position\":2,\"name\":\"Calculadora: dilui\u00e7\u00e3o do CDS\"}]},{\"@type\":\"WebSite\",\"@id\":\"https:\/\/andreaskalcker.com\/#website\",\"url\":\"https:\/\/andreaskalcker.com\/\",\"name\":\"Andreas Kalcker\",\"description\":\"Official website\",\"potentialAction\":[{\"@type\":\"SearchAction\",\"target\":{\"@type\":\"EntryPoint\",\"urlTemplate\":\"https:\/\/andreaskalcker.com\/?s={search_term_string}\"},\"query-input\":{\"@type\":\"PropertyValueSpecification\",\"valueRequired\":true,\"valueName\":\"search_term_string\"}}],\"inLanguage\":\"pt-PT\"}]}<\/script>\n<!-- \/ Yoast SEO Premium plugin. -->","yoast_head_json":{"title":"Calculadora: dilui\u00e7\u00e3o do CDS - Andreas Kalcker","description":"Calculadora: dilui\u00e7\u00e3o do CDS. A calculadora fornecida \u00e9 uma ferramenta que permite calcular os resultados de v\u00e1rios protocolos com base num valor espec\u00edfico denominado PPM (partes por milh\u00e3o) de CDS (Di\u00f3xido de Cloro) por 1 litro de \u00e1gua.","robots":{"index":"index","follow":"follow","max-snippet":"max-snippet:-1","max-image-preview":"max-image-preview:large","max-video-preview":"max-video-preview:-1"},"canonical":"https:\/\/andreaskalcker.com\/pt-pt\/calculadora-diluicao-do-cds\/","og_locale":"pt_PT","og_type":"article","og_title":"Calculadora: dilui\u00e7\u00e3o do CDS","og_description":"Calculadora: dilui\u00e7\u00e3o do CDS. A calculadora fornecida \u00e9 uma ferramenta que permite calcular os resultados de v\u00e1rios protocolos com base num valor espec\u00edfico denominado PPM (partes por milh\u00e3o) de CDS (Di\u00f3xido de Cloro) por 1 litro de \u00e1gua.","og_url":"https:\/\/andreaskalcker.com\/pt-pt\/calculadora-diluicao-do-cds\/","og_site_name":"Andreas Kalcker","article_modified_time":"2025-04-26T07:49:23+00:00","twitter_card":"summary_large_image","twitter_misc":{"Tempo estimado de leitura":"1 minuto"},"schema":{"@context":"https:\/\/schema.org","@graph":[{"@type":"WebPage","@id":"https:\/\/andreaskalcker.com\/pt-pt\/calculadora-diluicao-do-cds\/","url":"https:\/\/andreaskalcker.com\/pt-pt\/calculadora-diluicao-do-cds\/","name":"Calculadora: dilui\u00e7\u00e3o do CDS - Andreas Kalcker","isPartOf":{"@id":"https:\/\/andreaskalcker.com\/#website"},"datePublished":"2023-10-31T12:00:16+00:00","dateModified":"2025-04-26T07:49:23+00:00","description":"Calculadora: dilui\u00e7\u00e3o do CDS. A calculadora fornecida \u00e9 uma ferramenta que permite calcular os resultados de v\u00e1rios protocolos com base num valor espec\u00edfico denominado PPM (partes por milh\u00e3o) de CDS (Di\u00f3xido de Cloro) por 1 litro de \u00e1gua.","breadcrumb":{"@id":"https:\/\/andreaskalcker.com\/pt-pt\/calculadora-diluicao-do-cds\/#breadcrumb"},"inLanguage":"pt-PT","potentialAction":[{"@type":"ReadAction","target":["https:\/\/andreaskalcker.com\/pt-pt\/calculadora-diluicao-do-cds\/"]}]},{"@type":"BreadcrumbList","@id":"https:\/\/andreaskalcker.com\/pt-pt\/calculadora-diluicao-do-cds\/#breadcrumb","itemListElement":[{"@type":"ListItem","position":1,"name":"Portada","item":"https:\/\/andreaskalcker.com\/"},{"@type":"ListItem","position":2,"name":"Calculadora: dilui\u00e7\u00e3o do CDS"}]},{"@type":"WebSite","@id":"https:\/\/andreaskalcker.com\/#website","url":"https:\/\/andreaskalcker.com\/","name":"Andreas Kalcker","description":"Official website","potentialAction":[{"@type":"SearchAction","target":{"@type":"EntryPoint","urlTemplate":"https:\/\/andreaskalcker.com\/?s={search_term_string}"},"query-input":{"@type":"PropertyValueSpecification","valueRequired":true,"valueName":"search_term_string"}}],"inLanguage":"pt-PT"}]}},"_links":{"self":[{"href":"https:\/\/andreaskalcker.com\/pt-pt\/wp-json\/wp\/v2\/pages\/13499","targetHints":{"allow":["GET"]}}],"collection":[{"href":"https:\/\/andreaskalcker.com\/pt-pt\/wp-json\/wp\/v2\/pages"}],"about":[{"href":"https:\/\/andreaskalcker.com\/pt-pt\/wp-json\/wp\/v2\/types\/page"}],"author":[{"embeddable":true,"href":"https:\/\/andreaskalcker.com\/pt-pt\/wp-json\/wp\/v2\/users\/1"}],"replies":[{"embeddable":true,"href":"https:\/\/andreaskalcker.com\/pt-pt\/wp-json\/wp\/v2\/comments?post=13499"}],"version-history":[{"count":0,"href":"https:\/\/andreaskalcker.com\/pt-pt\/wp-json\/wp\/v2\/pages\/13499\/revisions"}],"wp:attachment":[{"href":"https:\/\/andreaskalcker.com\/pt-pt\/wp-json\/wp\/v2\/media?parent=13499"}],"curies":[{"name":"wp","href":"https:\/\/api.w.org\/{rel}","templated":true}]}}