{"id":13506,"date":"2023-07-17T20:26:34","date_gmt":"2023-07-17T18:26:34","guid":{"rendered":"https:\/\/andreaskalcker.com\/cursos-de-iniciacao\/"},"modified":"2024-06-20T11:18:21","modified_gmt":"2024-06-20T09:18:21","slug":"cursos-de-iniciacao","status":"publish","type":"page","link":"https:\/\/andreaskalcker.com\/pt-pt\/cursos-de-iniciacao\/","title":{"rendered":"Cursos introdut\u00f3rios"},"content":{"rendered":"\t\t<div data-elementor-type=\"wp-page\" data-elementor-id=\"13506\" class=\"elementor elementor-13506 elementor-82\" data-elementor-post-type=\"page\">\n\t\t\t\t\t\t<section class=\"elementor-section elementor-top-section elementor-element elementor-element-5d5a602 elementor-section-boxed elementor-section-height-default elementor-section-height-default wpr-particle-no wpr-jarallax-no wpr-parallax-no wpr-sticky-section-no\" data-id=\"5d5a602\" data-element_type=\"section\" data-settings=\"{&quot;background_background&quot;:&quot;classic&quot;,&quot;background_motion_fx_motion_fx_scrolling&quot;:&quot;yes&quot;,&quot;background_motion_fx_motion_fx_mouse&quot;:&quot;yes&quot;,&quot;background_motion_fx_mouseTrack_effect&quot;:&quot;yes&quot;,&quot;background_motion_fx_devices&quot;:[&quot;desktop&quot;,&quot;tablet&quot;,&quot;mobile&quot;],&quot;background_motion_fx_mouseTrack_speed&quot;:{&quot;unit&quot;:&quot;px&quot;,&quot;size&quot;:1,&quot;sizes&quot;:[]}}\">\n\t\t\t\t\t\t<div class=\"elementor-container elementor-column-gap-default\">\n\t\t\t\t\t<div class=\"elementor-column elementor-col-100 elementor-top-column elementor-element elementor-element-1d0a22a5\" data-id=\"1d0a22a5\" data-element_type=\"column\">\n\t\t\t<div class=\"elementor-widget-wrap elementor-element-populated\">\n\t\t\t\t\t\t<div class=\"elementor-element elementor-element-2205598a elementor-widget elementor-widget-heading\" data-id=\"2205598a\" data-element_type=\"widget\" data-widget_type=\"heading.default\">\n\t\t\t\t<div class=\"elementor-widget-container\">\n\t\t\t\t\t<h2 class=\"elementor-heading-title elementor-size-default\">Cursos introdut\u00f3rios<\/h2>\t\t\t\t<\/div>\n\t\t\t\t<\/div>\n\t\t\t\t<div class=\"elementor-element elementor-element-44f36a8 elementor-widget elementor-widget-heading\" data-id=\"44f36a8\" data-element_type=\"widget\" data-widget_type=\"heading.default\">\n\t\t\t\t<div class=\"elementor-widget-container\">\n\t\t\t\t\t<h5 class=\"elementor-heading-title elementor-size-default\">Natural Biophysics<\/h5>\t\t\t\t<\/div>\n\t\t\t\t<\/div>\n\t\t\t\t\t<\/div>\n\t\t<\/div>\n\t\t\t\t\t<\/div>\n\t\t<\/section>\n\t\t\t\t<section class=\"elementor-section elementor-top-section elementor-element elementor-element-c91bb2d elementor-section-boxed elementor-section-height-default elementor-section-height-default wpr-particle-no wpr-jarallax-no wpr-parallax-no wpr-sticky-section-no\" data-id=\"c91bb2d\" data-element_type=\"section\">\n\t\t\t\t\t\t<div class=\"elementor-container elementor-column-gap-default\">\n\t\t\t\t\t<div class=\"elementor-column elementor-col-100 elementor-top-column elementor-element elementor-element-7a4450f\" data-id=\"7a4450f\" data-element_type=\"column\">\n\t\t\t<div class=\"elementor-widget-wrap elementor-element-populated\">\n\t\t\t\t\t\t<div class=\"elementor-element elementor-element-790e580 elementor-widget elementor-widget-image\" data-id=\"790e580\" data-element_type=\"widget\" data-widget_type=\"image.default\">\n\t\t\t\t<div class=\"elementor-widget-container\">\n\t\t\t\t\t\t\t\t\t\t\t\t\t\t\t<img decoding=\"async\" src=\"https:\/\/andreaskalcker.com\/wp-content\/uploads\/elementor\/thumbs\/IMG_6aa5698c64464c6c9c2a22f3e9853961-1-re9njydbbn0672hw6ofasyw3asjjku7wrj8qc0asqo.png\" title=\"IMG_6aa5698c64464c6c9c2a22f3e9853961.png\" alt=\"IMG_6aa5698c64464c6c9c2a22f3e9853961.png\" loading=\"lazy\" \/>\t\t\t\t\t\t\t\t\t\t\t\t\t\t\t<\/div>\n\t\t\t\t<\/div>\n\t\t\t\t<div class=\"elementor-element elementor-element-e38d9ac elementor-widget elementor-widget-text-editor\" data-id=\"e38d9ac\" data-element_type=\"widget\" data-widget_type=\"text-editor.default\">\n\t\t\t\t<div class=\"elementor-widget-container\">\n\t\t\t\t\t\t\t\t\t<p>Apresentamos o primeiro curso b\u00e1sico da nossa forma\u00e7\u00e3o online. Este \u00e9 um curso introdut\u00f3rio, de n\u00edvel b\u00e1sico, que concebemos para ser o mais simples poss\u00edvel, de modo a que todos possam aprender o essencial: o que \u00e9 o di\u00f3xido de cloro e como funciona, bem como a forma de prepar\u00e1-lo e utiliz\u00e1-lo em seguran\u00e7a em casa. A nossa inten\u00e7\u00e3o \u00e9 partilhar com todos as informa\u00e7\u00f5es que obtivemos ap\u00f3s mais de 10 anos de investiga\u00e7\u00e3o, de casos de pessoas que foram despejadas, sem qualquer solu\u00e7\u00e3o m\u00e9dica, e que tiveram a coragem de assumir o controlo da sua pr\u00f3pria vida e mud\u00e1-la para sempre.<\/p><p> <\/p><p><strong>Esta informa\u00e7\u00e3o \u00e9 demasiado valiosa para ser mantida escondida<\/strong>, e \u00e9 por isso que decidimos dar um passo em frente a favor da liberdade de cada indiv\u00edduo, para que cada um possa fazer as suas pr\u00f3prias escolhas e saber que, apesar do que nos dizem, existem alternativas. <\/p><p><span style=\"color: var( --e-global-color-3a0c7dc ); background-color: var(--base-3);\">Este curso \u00e9 dedicado aos curiosos insaci\u00e1veis que est\u00e3o sempre \u00e0 procura de algo novo, aos inconformistas que n\u00e3o se contentam em acreditar em tudo o que lhes dizem, aos c\u00e9ticos que precisam de verificar as coisas por si pr\u00f3prios para criarem a sua pr\u00f3pria verdade, a todas as pessoas a quem a autoproclamada &#8220;ci\u00eancia da verdade&#8221; disse que n\u00e3o havia solu\u00e7\u00e3o para o seu problema e que decidiram n\u00e3o desistir&#8230; em suma, a todos aqueles que t\u00eam a coragem de tomar as r\u00e9deas da sua vida e dizer: <\/span><strong style=\"color: var( --e-global-color-3a0c7dc ); background-color: var(--base-3);\">Agora decido eu!<\/strong><span style=\"color: var( --e-global-color-3a0c7dc ); background-color: var(--base-3);\"> <\/span><\/p><p><span style=\"color: var( --e-global-color-3a0c7dc ); background-color: var(--base-3);\"> <\/span><\/p><p>Aceda ao curso b\u00e1sico oferecido pelo Instituto de Biof\u00edsica Natural, onde aprender\u00e1 do zero sobre a utiliza\u00e7\u00e3o do di\u00f3xido de cloro.<\/p><p>\u00c9 importante ter este conhecimento para aqueles que desejam obter informa\u00e7\u00f5es atualizadas e em primeira m\u00e3o sobre o CDS.<\/p>\t\t\t\t\t\t\t\t<\/div>\n\t\t\t\t<\/div>\n\t\t\t\t<div class=\"elementor-element elementor-element-9815e03 elementor-mobile-align-justify elementor-widget-mobile__width-inherit elementor-align-center elementor-widget elementor-widget-button\" data-id=\"9815e03\" data-element_type=\"widget\" data-widget_type=\"button.default\">\n\t\t\t\t<div class=\"elementor-widget-container\">\n\t\t\t\t\t\t\t\t\t<div class=\"elementor-button-wrapper\">\n\t\t\t\t\t<a class=\"elementor-button elementor-button-link elementor-size-md\" href=\"https:\/\/elopage.com\/epl\/QThFH1_UQokmTRqk1Ha9\" target=\"_blank\">\n\t\t\t\t\t\t<span class=\"elementor-button-content-wrapper\">\n\t\t\t\t\t\t\t\t\t<span class=\"elementor-button-text\">Acesso aos cursos de inicia\u00e7\u00e3o<\/span>\n\t\t\t\t\t<\/span>\n\t\t\t\t\t<\/a>\n\t\t\t\t<\/div>\n\t\t\t\t\t\t\t\t<\/div>\n\t\t\t\t<\/div>\n\t\t\t\t\t<\/div>\n\t\t<\/div>\n\t\t\t\t\t<\/div>\n\t\t<\/section>\n\t\t\t\t<\/div>\n\t\t","protected":false},"excerpt":{"rendered":"<p>Natural Biophysics Apresentamos o primeiro curso b\u00e1sico da nossa forma\u00e7\u00e3o online. Este \u00e9 um curso introdut\u00f3rio, de n\u00edvel b\u00e1sico, que concebemos para ser o mais simples poss\u00edvel, de modo a que todos possam aprender o essencial: o que \u00e9 o di\u00f3xido de cloro e como funciona, bem como a forma de prepar\u00e1-lo e utiliz\u00e1-lo em seguran\u00e7a em casa. A nossa inten\u00e7\u00e3o \u00e9 partilhar com todos as informa\u00e7\u00f5es que obtivemos ap\u00f3s mais de 10 anos de investiga\u00e7\u00e3o, de casos de pessoas que foram despejadas, sem qualquer solu\u00e7\u00e3o m\u00e9dica, e que tiveram a coragem de assumir o controlo da sua pr\u00f3pria vida e mud\u00e1-la para sempre. Esta informa\u00e7\u00e3o \u00e9 demasiado valiosa para ser mantida escondida, e \u00e9 por isso que decidimos dar um passo em frente a favor da liberdade de cada indiv\u00edduo, para que cada um possa fazer as suas pr\u00f3prias escolhas e saber que, apesar do que nos dizem, existem alternativas. Este curso \u00e9 dedicado aos curiosos insaci\u00e1veis que est\u00e3o sempre \u00e0 procura de algo novo, aos inconformistas que n\u00e3o se contentam em acreditar em tudo o que lhes dizem, aos c\u00e9ticos que precisam de verificar as coisas por si pr\u00f3prios para criarem a sua pr\u00f3pria verdade, a todas as pessoas a quem a autoproclamada &#8220;ci\u00eancia da verdade&#8221; disse que n\u00e3o havia solu\u00e7\u00e3o para o seu problema e que decidiram n\u00e3o desistir&#8230; em suma, a todos aqueles que t\u00eam a coragem de tomar as r\u00e9deas da sua vida e dizer: Agora decido eu! Aceda ao curso b\u00e1sico oferecido pelo Instituto de Biof\u00edsica Natural, onde aprender\u00e1 do zero sobre a utiliza\u00e7\u00e3o do di\u00f3xido de cloro. \u00c9 importante ter este conhecimento para aqueles que desejam obter informa\u00e7\u00f5es atualizadas e em primeira m\u00e3o sobre o CDS. Acesso aos cursos de inicia\u00e7\u00e3o<\/p>\n","protected":false},"author":1,"featured_media":0,"parent":0,"menu_order":0,"comment_status":"closed","ping_status":"closed","template":"","meta":{"footnotes":""},"class_list":["post-13506","page","type-page","status-publish"],"yoast_head":"<!-- This site is optimized with the Yoast SEO Premium plugin v22.2 (Yoast SEO v25.8) - https:\/\/yoast.com\/wordpress\/plugins\/seo\/ -->\n<title>Cursos introdut\u00f3rios - Andreas Kalcker<\/title>\n<meta name=\"robots\" content=\"index, follow, max-snippet:-1, max-image-preview:large, max-video-preview:-1\" \/>\n<link rel=\"canonical\" href=\"https:\/\/andreaskalcker.com\/cursos-base\/\" \/>\n<meta property=\"og:locale\" content=\"pt_PT\" \/>\n<meta property=\"og:type\" content=\"article\" \/>\n<meta property=\"og:title\" content=\"Cursos introdut\u00f3rios\" \/>\n<meta property=\"og:description\" content=\"Natural Biophysics Apresentamos o primeiro curso b\u00e1sico da nossa forma\u00e7\u00e3o online. Este \u00e9 um curso introdut\u00f3rio, de n\u00edvel b\u00e1sico, que concebemos para ser o mais simples poss\u00edvel, de modo a que todos possam aprender o essencial: o que \u00e9 o di\u00f3xido de cloro e como funciona, bem como a forma de prepar\u00e1-lo e utiliz\u00e1-lo em seguran\u00e7a em casa. A nossa inten\u00e7\u00e3o \u00e9 partilhar com todos as informa\u00e7\u00f5es que obtivemos ap\u00f3s mais de 10 anos de investiga\u00e7\u00e3o, de casos de pessoas que foram despejadas, sem qualquer solu\u00e7\u00e3o m\u00e9dica, e que tiveram a coragem de assumir o controlo da sua pr\u00f3pria vida e mud\u00e1-la para sempre. Esta informa\u00e7\u00e3o \u00e9 demasiado valiosa para ser mantida escondida, e \u00e9 por isso que decidimos dar um passo em frente a favor da liberdade de cada indiv\u00edduo, para que cada um possa fazer as suas pr\u00f3prias escolhas e saber que, apesar do que nos dizem, existem alternativas. Este curso \u00e9 dedicado aos curiosos insaci\u00e1veis que est\u00e3o sempre \u00e0 procura de algo novo, aos inconformistas que n\u00e3o se contentam em acreditar em tudo o que lhes dizem, aos c\u00e9ticos que precisam de verificar as coisas por si pr\u00f3prios para criarem a sua pr\u00f3pria verdade, a todas as pessoas a quem a autoproclamada &#8220;ci\u00eancia da verdade&#8221; disse que n\u00e3o havia solu\u00e7\u00e3o para o seu problema e que decidiram n\u00e3o desistir&#8230; em suma, a todos aqueles que t\u00eam a coragem de tomar as r\u00e9deas da sua vida e dizer: Agora decido eu! Aceda ao curso b\u00e1sico oferecido pelo Instituto de Biof\u00edsica Natural, onde aprender\u00e1 do zero sobre a utiliza\u00e7\u00e3o do di\u00f3xido de cloro. \u00c9 importante ter este conhecimento para aqueles que desejam obter informa\u00e7\u00f5es atualizadas e em primeira m\u00e3o sobre o CDS. Acesso aos cursos de inicia\u00e7\u00e3o\" \/>\n<meta property=\"og:url\" content=\"https:\/\/andreaskalcker.com\/cursos-base\/\" \/>\n<meta property=\"og:site_name\" content=\"Andreas Kalcker\" \/>\n<meta property=\"article:modified_time\" content=\"2024-06-20T09:18:21+00:00\" \/>\n<meta property=\"og:image\" content=\"https:\/\/andreaskalcker.com\/wp-content\/uploads\/elementor\/thumbs\/IMG_6aa5698c64464c6c9c2a22f3e9853961-1-ql5ym3732bns5t324w6aek4va0jkht66ko5u8qitj4.png\" \/>\n<meta name=\"twitter:card\" content=\"summary_large_image\" \/>\n<meta name=\"twitter:label1\" content=\"Tempo estimado de leitura\" \/>\n\t<meta name=\"twitter:data1\" content=\"2 minutos\" \/>\n<script type=\"application\/ld+json\" class=\"yoast-schema-graph\">{\"@context\":\"https:\/\/schema.org\",\"@graph\":[{\"@type\":\"WebPage\",\"@id\":\"https:\/\/andreaskalcker.com\/cursos-base\/\",\"url\":\"https:\/\/andreaskalcker.com\/cursos-base\/\",\"name\":\"Cursos introdut\u00f3rios - Andreas Kalcker\",\"isPartOf\":{\"@id\":\"https:\/\/andreaskalcker.com\/#website\"},\"primaryImageOfPage\":{\"@id\":\"https:\/\/andreaskalcker.com\/cursos-base\/#primaryimage\"},\"image\":{\"@id\":\"https:\/\/andreaskalcker.com\/cursos-base\/#primaryimage\"},\"thumbnailUrl\":\"https:\/\/andreaskalcker.com\/wp-content\/uploads\/elementor\/thumbs\/IMG_6aa5698c64464c6c9c2a22f3e9853961-1-ql5ym3732bns5t324w6aek4va0jkht66ko5u8qitj4.png\",\"datePublished\":\"2023-07-17T18:26:34+00:00\",\"dateModified\":\"2024-06-20T09:18:21+00:00\",\"breadcrumb\":{\"@id\":\"https:\/\/andreaskalcker.com\/cursos-base\/#breadcrumb\"},\"inLanguage\":\"pt-PT\",\"potentialAction\":[{\"@type\":\"ReadAction\",\"target\":[\"https:\/\/andreaskalcker.com\/cursos-base\/\"]}]},{\"@type\":\"ImageObject\",\"inLanguage\":\"pt-PT\",\"@id\":\"https:\/\/andreaskalcker.com\/cursos-base\/#primaryimage\",\"url\":\"https:\/\/andreaskalcker.com\/wp-content\/uploads\/elementor\/thumbs\/IMG_6aa5698c64464c6c9c2a22f3e9853961-1-ql5ym3732bns5t324w6aek4va0jkht66ko5u8qitj4.png\",\"contentUrl\":\"https:\/\/andreaskalcker.com\/wp-content\/uploads\/elementor\/thumbs\/IMG_6aa5698c64464c6c9c2a22f3e9853961-1-ql5ym3732bns5t324w6aek4va0jkht66ko5u8qitj4.png\"},{\"@type\":\"BreadcrumbList\",\"@id\":\"https:\/\/andreaskalcker.com\/cursos-base\/#breadcrumb\",\"itemListElement\":[{\"@type\":\"ListItem\",\"position\":1,\"name\":\"Portada\",\"item\":\"https:\/\/andreaskalcker.com\/\"},{\"@type\":\"ListItem\",\"position\":2,\"name\":\"Cursos introdut\u00f3rios\"}]},{\"@type\":\"WebSite\",\"@id\":\"https:\/\/andreaskalcker.com\/#website\",\"url\":\"https:\/\/andreaskalcker.com\/\",\"name\":\"Andreas Kalcker\",\"description\":\"Official website\",\"potentialAction\":[{\"@type\":\"SearchAction\",\"target\":{\"@type\":\"EntryPoint\",\"urlTemplate\":\"https:\/\/andreaskalcker.com\/?s={search_term_string}\"},\"query-input\":{\"@type\":\"PropertyValueSpecification\",\"valueRequired\":true,\"valueName\":\"search_term_string\"}}],\"inLanguage\":\"pt-PT\"}]}<\/script>\n<!-- \/ Yoast SEO Premium plugin. -->","yoast_head_json":{"title":"Cursos introdut\u00f3rios - Andreas Kalcker","robots":{"index":"index","follow":"follow","max-snippet":"max-snippet:-1","max-image-preview":"max-image-preview:large","max-video-preview":"max-video-preview:-1"},"canonical":"https:\/\/andreaskalcker.com\/cursos-base\/","og_locale":"pt_PT","og_type":"article","og_title":"Cursos introdut\u00f3rios","og_description":"Natural Biophysics Apresentamos o primeiro curso b\u00e1sico da nossa forma\u00e7\u00e3o online. Este \u00e9 um curso introdut\u00f3rio, de n\u00edvel b\u00e1sico, que concebemos para ser o mais simples poss\u00edvel, de modo a que todos possam aprender o essencial: o que \u00e9 o di\u00f3xido de cloro e como funciona, bem como a forma de prepar\u00e1-lo e utiliz\u00e1-lo em seguran\u00e7a em casa. A nossa inten\u00e7\u00e3o \u00e9 partilhar com todos as informa\u00e7\u00f5es que obtivemos ap\u00f3s mais de 10 anos de investiga\u00e7\u00e3o, de casos de pessoas que foram despejadas, sem qualquer solu\u00e7\u00e3o m\u00e9dica, e que tiveram a coragem de assumir o controlo da sua pr\u00f3pria vida e mud\u00e1-la para sempre. Esta informa\u00e7\u00e3o \u00e9 demasiado valiosa para ser mantida escondida, e \u00e9 por isso que decidimos dar um passo em frente a favor da liberdade de cada indiv\u00edduo, para que cada um possa fazer as suas pr\u00f3prias escolhas e saber que, apesar do que nos dizem, existem alternativas. Este curso \u00e9 dedicado aos curiosos insaci\u00e1veis que est\u00e3o sempre \u00e0 procura de algo novo, aos inconformistas que n\u00e3o se contentam em acreditar em tudo o que lhes dizem, aos c\u00e9ticos que precisam de verificar as coisas por si pr\u00f3prios para criarem a sua pr\u00f3pria verdade, a todas as pessoas a quem a autoproclamada &#8220;ci\u00eancia da verdade&#8221; disse que n\u00e3o havia solu\u00e7\u00e3o para o seu problema e que decidiram n\u00e3o desistir&#8230; em suma, a todos aqueles que t\u00eam a coragem de tomar as r\u00e9deas da sua vida e dizer: Agora decido eu! Aceda ao curso b\u00e1sico oferecido pelo Instituto de Biof\u00edsica Natural, onde aprender\u00e1 do zero sobre a utiliza\u00e7\u00e3o do di\u00f3xido de cloro. \u00c9 importante ter este conhecimento para aqueles que desejam obter informa\u00e7\u00f5es atualizadas e em primeira m\u00e3o sobre o CDS. Acesso aos cursos de inicia\u00e7\u00e3o","og_url":"https:\/\/andreaskalcker.com\/cursos-base\/","og_site_name":"Andreas Kalcker","article_modified_time":"2024-06-20T09:18:21+00:00","og_image":[{"url":"https:\/\/andreaskalcker.com\/wp-content\/uploads\/elementor\/thumbs\/IMG_6aa5698c64464c6c9c2a22f3e9853961-1-ql5ym3732bns5t324w6aek4va0jkht66ko5u8qitj4.png","type":"","width":"","height":""}],"twitter_card":"summary_large_image","twitter_misc":{"Tempo estimado de leitura":"2 minutos"},"schema":{"@context":"https:\/\/schema.org","@graph":[{"@type":"WebPage","@id":"https:\/\/andreaskalcker.com\/cursos-base\/","url":"https:\/\/andreaskalcker.com\/cursos-base\/","name":"Cursos introdut\u00f3rios - Andreas Kalcker","isPartOf":{"@id":"https:\/\/andreaskalcker.com\/#website"},"primaryImageOfPage":{"@id":"https:\/\/andreaskalcker.com\/cursos-base\/#primaryimage"},"image":{"@id":"https:\/\/andreaskalcker.com\/cursos-base\/#primaryimage"},"thumbnailUrl":"https:\/\/andreaskalcker.com\/wp-content\/uploads\/elementor\/thumbs\/IMG_6aa5698c64464c6c9c2a22f3e9853961-1-ql5ym3732bns5t324w6aek4va0jkht66ko5u8qitj4.png","datePublished":"2023-07-17T18:26:34+00:00","dateModified":"2024-06-20T09:18:21+00:00","breadcrumb":{"@id":"https:\/\/andreaskalcker.com\/cursos-base\/#breadcrumb"},"inLanguage":"pt-PT","potentialAction":[{"@type":"ReadAction","target":["https:\/\/andreaskalcker.com\/cursos-base\/"]}]},{"@type":"ImageObject","inLanguage":"pt-PT","@id":"https:\/\/andreaskalcker.com\/cursos-base\/#primaryimage","url":"https:\/\/andreaskalcker.com\/wp-content\/uploads\/elementor\/thumbs\/IMG_6aa5698c64464c6c9c2a22f3e9853961-1-ql5ym3732bns5t324w6aek4va0jkht66ko5u8qitj4.png","contentUrl":"https:\/\/andreaskalcker.com\/wp-content\/uploads\/elementor\/thumbs\/IMG_6aa5698c64464c6c9c2a22f3e9853961-1-ql5ym3732bns5t324w6aek4va0jkht66ko5u8qitj4.png"},{"@type":"BreadcrumbList","@id":"https:\/\/andreaskalcker.com\/cursos-base\/#breadcrumb","itemListElement":[{"@type":"ListItem","position":1,"name":"Portada","item":"https:\/\/andreaskalcker.com\/"},{"@type":"ListItem","position":2,"name":"Cursos introdut\u00f3rios"}]},{"@type":"WebSite","@id":"https:\/\/andreaskalcker.com\/#website","url":"https:\/\/andreaskalcker.com\/","name":"Andreas Kalcker","description":"Official website","potentialAction":[{"@type":"SearchAction","target":{"@type":"EntryPoint","urlTemplate":"https:\/\/andreaskalcker.com\/?s={search_term_string}"},"query-input":{"@type":"PropertyValueSpecification","valueRequired":true,"valueName":"search_term_string"}}],"inLanguage":"pt-PT"}]}},"_links":{"self":[{"href":"https:\/\/andreaskalcker.com\/pt-pt\/wp-json\/wp\/v2\/pages\/13506","targetHints":{"allow":["GET"]}}],"collection":[{"href":"https:\/\/andreaskalcker.com\/pt-pt\/wp-json\/wp\/v2\/pages"}],"about":[{"href":"https:\/\/andreaskalcker.com\/pt-pt\/wp-json\/wp\/v2\/types\/page"}],"author":[{"embeddable":true,"href":"https:\/\/andreaskalcker.com\/pt-pt\/wp-json\/wp\/v2\/users\/1"}],"replies":[{"embeddable":true,"href":"https:\/\/andreaskalcker.com\/pt-pt\/wp-json\/wp\/v2\/comments?post=13506"}],"version-history":[{"count":0,"href":"https:\/\/andreaskalcker.com\/pt-pt\/wp-json\/wp\/v2\/pages\/13506\/revisions"}],"wp:attachment":[{"href":"https:\/\/andreaskalcker.com\/pt-pt\/wp-json\/wp\/v2\/media?parent=13506"}],"curies":[{"name":"wp","href":"https:\/\/api.w.org\/{rel}","templated":true}]}}