{"id":13566,"date":"2024-05-13T20:49:41","date_gmt":"2024-05-13T18:49:41","guid":{"rendered":"https:\/\/andreaskalcker.com\/recolha-de-testemunho-para-a-nova-edicao-do-livro-saude-proibida\/"},"modified":"2024-06-19T15:48:47","modified_gmt":"2024-06-19T13:48:47","slug":"recolha-de-testemunho-para-a-nova-edicao-do-livro-saude-proibida","status":"publish","type":"page","link":"https:\/\/andreaskalcker.com\/pt-pt\/recolha-de-testemunho-para-a-nova-edicao-do-livro-saude-proibida\/","title":{"rendered":"Recolha de testemunho para a nova edi\u00e7\u00e3o do livro Sa\u00fade Proibida"},"content":{"rendered":"\t\t<div data-elementor-type=\"wp-page\" data-elementor-id=\"13566\" class=\"elementor elementor-13566 elementor-12645\" data-elementor-post-type=\"page\">\n\t\t\t\t\t\t<section class=\"elementor-section elementor-top-section elementor-element elementor-element-26583fe elementor-section-boxed elementor-section-height-default elementor-section-height-default wpr-particle-no wpr-jarallax-no wpr-parallax-no wpr-sticky-section-no\" data-id=\"26583fe\" data-element_type=\"section\">\n\t\t\t\t\t\t<div class=\"elementor-container elementor-column-gap-default\">\n\t\t\t\t\t<div class=\"elementor-column elementor-col-100 elementor-top-column elementor-element elementor-element-2446590\" data-id=\"2446590\" data-element_type=\"column\">\n\t\t\t<div class=\"elementor-widget-wrap elementor-element-populated\">\n\t\t\t\t\t\t<div class=\"elementor-element elementor-element-300ce74 elementor-widget elementor-widget-text-editor\" data-id=\"300ce74\" data-element_type=\"widget\" data-widget_type=\"text-editor.default\">\n\t\t\t\t<div class=\"elementor-widget-container\">\n\t\t\t\t\t\t\t\t\t<h4><b>Partilhe o seu testemunho<\/b><\/h4><p><span style=\"font-weight: 400;\">A sua experi\u00eancia \u00e9 importante para n\u00f3s e pode inspirar outrem. Fa\u00e7a parte da nova edi\u00e7\u00e3o do livro Sa\u00fade Proibida, contando a sua hist\u00f3ria.<\/span><\/p><p><span style=\"font-weight: 400;\"> <\/span><\/p><h4><b>Como participar?<\/b><\/h4><ol><li><b> Dados pessoais:<\/b><\/li><\/ol><ul><li style=\"font-weight: 400;\" aria-level=\"1\"><b>Nome completo e apelidos:<\/b><span style=\"font-weight: 400;\">constar\u00e3o na vers\u00e3o impressa do livro.<\/span><\/li><li style=\"font-weight: 400;\" aria-level=\"1\"><b>Contacto opcional:<\/b><span style=\"font-weight: 400;\"> partilhe o seu e-mail, redes sociais ou Telegram. Estas informa\u00e7\u00f5es estar\u00e3o acess\u00edveis em formato digital exclusivamente para que os leitores possam entrar em contacto consigo.<\/span><\/li><\/ul><ol start=\"2\"><li><b> Documentos comprovativos:<\/b><\/li><\/ol><ul><li style=\"font-weight: 400;\" aria-level=\"1\"><span style=\"font-weight: 400;\"><strong>Anexe provas gr\u00e1ficas ou documentos m\u00e9dicos que validem o seu testemunho<\/strong>. Estes s\u00e3o cruciais para demonstrar a veracidade da sua hist\u00f3ria.<\/span><\/li><\/ul><ol start=\"3\"><li><b> Descreva a sua experi\u00eancia:<\/b><\/li><\/ol><ul><li style=\"font-weight: 400;\" aria-level=\"1\"><span style=\"font-weight: 400;\">Enumere as melhorias relacionadas com as doen\u00e7as especificadas no nosso formul\u00e1rio.<\/span><\/li><\/ul><h4><b>Data limite: 28 de maio de 2024<\/b><\/h4>\t\t\t\t\t\t\t\t<\/div>\n\t\t\t\t<\/div>\n\t\t\t\t<div class=\"elementor-element elementor-element-36f911d elementor-widget elementor-widget-text-editor\" data-id=\"36f911d\" data-element_type=\"widget\" data-widget_type=\"text-editor.default\">\n\t\t\t\t<div class=\"elementor-widget-container\">\n\t\t\t\t\t\t\t\t\t<h4><b style=\"background-color: var(--base-3); color: var(--contrast); font-family: Roboto, sans-serif; font-size: 18px;\"> <\/b><b style=\"font-style: inherit; color: var(--contrast); background-color: var(--base-3); font-family: Roboto, sans-serif; font-size: 18px;\">A sua hist\u00f3ria \u00e9 valiosa, <\/b><b style=\"font-style: inherit; color: var(--contrast); background-color: var(--base-3); font-family: Roboto, sans-serif; font-size: 18px;\">por isso, ajude os outros ao contar-lhes como superou os seus problemas de sa\u00fade com o di\u00f3xido de cloro.<\/b><\/h4><p><i><span style=\"font-weight: 400;\">Obrigado pela sua inestim\u00e1vel contribui\u00e7\u00e3o.<\/span><\/i><\/p><p><i><span style=\"font-weight: 400;\">Andreas Kalcker<\/span><\/i><\/p>\t\t\t\t\t\t\t\t<\/div>\n\t\t\t\t<\/div>\n\t\t\t\t<div class=\"elementor-element elementor-element-52ff593 elementor-widget elementor-widget-spacer\" data-id=\"52ff593\" data-element_type=\"widget\" data-widget_type=\"spacer.default\">\n\t\t\t\t<div class=\"elementor-widget-container\">\n\t\t\t\t\t\t\t<div class=\"elementor-spacer\">\n\t\t\t<div class=\"elementor-spacer-inner\"><\/div>\n\t\t<\/div>\n\t\t\t\t\t\t<\/div>\n\t\t\t\t<\/div>\n\t\t\t\t<div class=\"elementor-element elementor-element-c719059 elementor-align-center elementor-widget elementor-widget-button\" data-id=\"c719059\" data-element_type=\"widget\" data-widget_type=\"button.default\">\n\t\t\t\t<div class=\"elementor-widget-container\">\n\t\t\t\t\t\t\t\t\t<div class=\"elementor-button-wrapper\">\n\t\t\t\t\t<a class=\"elementor-button elementor-button-link elementor-size-sm\" href=\"https:\/\/opnform.com\/forms\/formulario-de-testimonio-dprd8o\">\n\t\t\t\t\t\t<span class=\"elementor-button-content-wrapper\">\n\t\t\t\t\t\t\t\t\t<span class=\"elementor-button-text\">Enviar o meu testemunho<\/span>\n\t\t\t\t\t<\/span>\n\t\t\t\t\t<\/a>\n\t\t\t\t<\/div>\n\t\t\t\t\t\t\t\t<\/div>\n\t\t\t\t<\/div>\n\t\t\t\t<div class=\"elementor-element elementor-element-0fcc4da elementor-widget elementor-widget-spacer\" data-id=\"0fcc4da\" data-element_type=\"widget\" data-widget_type=\"spacer.default\">\n\t\t\t\t<div class=\"elementor-widget-container\">\n\t\t\t\t\t\t\t<div class=\"elementor-spacer\">\n\t\t\t<div class=\"elementor-spacer-inner\"><\/div>\n\t\t<\/div>\n\t\t\t\t\t\t<\/div>\n\t\t\t\t<\/div>\n\t\t\t\t\t<\/div>\n\t\t<\/div>\n\t\t\t\t\t<\/div>\n\t\t<\/section>\n\t\t\t\t<\/div>\n\t\t","protected":false},"excerpt":{"rendered":"<p>Partilhe o seu testemunho A sua experi\u00eancia \u00e9 importante para n\u00f3s e pode inspirar outrem. Fa\u00e7a parte da nova edi\u00e7\u00e3o do livro Sa\u00fade Proibida, contando a sua hist\u00f3ria. Como participar? Dados pessoais: Nome completo e apelidos:constar\u00e3o na vers\u00e3o impressa do livro. Contacto opcional: partilhe o seu e-mail, redes sociais ou Telegram. Estas informa\u00e7\u00f5es estar\u00e3o acess\u00edveis em formato digital exclusivamente para que os leitores possam entrar em contacto consigo. Documentos comprovativos: Anexe provas gr\u00e1ficas ou documentos m\u00e9dicos que validem o seu testemunho. Estes s\u00e3o cruciais para demonstrar a veracidade da sua hist\u00f3ria. Descreva a sua experi\u00eancia: Enumere as melhorias relacionadas com as doen\u00e7as especificadas no nosso formul\u00e1rio. Data limite: 28 de maio de 2024 A sua hist\u00f3ria \u00e9 valiosa, por isso, ajude os outros ao contar-lhes como superou os seus problemas de sa\u00fade com o di\u00f3xido de cloro. Obrigado pela sua inestim\u00e1vel contribui\u00e7\u00e3o. Andreas Kalcker Enviar o meu testemunho<\/p>\n","protected":false},"author":1,"featured_media":0,"parent":0,"menu_order":0,"comment_status":"closed","ping_status":"closed","template":"","meta":{"footnotes":""},"class_list":["post-13566","page","type-page","status-publish"],"yoast_head":"<!-- This site is optimized with the Yoast SEO Premium plugin v22.2 (Yoast SEO v25.8) - https:\/\/yoast.com\/wordpress\/plugins\/seo\/ -->\n<title>Recolha de testemunho para a nova edi\u00e7\u00e3o do livro Sa\u00fade Proibida - Andreas Kalcker<\/title>\n<meta name=\"robots\" content=\"index, follow, max-snippet:-1, max-image-preview:large, max-video-preview:-1\" \/>\n<link rel=\"canonical\" href=\"https:\/\/andreaskalcker.com\/envio-de-testimonios-para-la-nueva-edicion-del-libro-salud-prohibida\/\" \/>\n<meta property=\"og:locale\" content=\"pt_PT\" \/>\n<meta property=\"og:type\" content=\"article\" \/>\n<meta property=\"og:title\" content=\"Recolha de testemunho para a nova edi\u00e7\u00e3o do livro Sa\u00fade Proibida\" \/>\n<meta property=\"og:description\" content=\"Partilhe o seu testemunho A sua experi\u00eancia \u00e9 importante para n\u00f3s e pode inspirar outrem. Fa\u00e7a parte da nova edi\u00e7\u00e3o do livro Sa\u00fade Proibida, contando a sua hist\u00f3ria. Como participar? Dados pessoais: Nome completo e apelidos:constar\u00e3o na vers\u00e3o impressa do livro. Contacto opcional: partilhe o seu e-mail, redes sociais ou Telegram. Estas informa\u00e7\u00f5es estar\u00e3o acess\u00edveis em formato digital exclusivamente para que os leitores possam entrar em contacto consigo. Documentos comprovativos: Anexe provas gr\u00e1ficas ou documentos m\u00e9dicos que validem o seu testemunho. Estes s\u00e3o cruciais para demonstrar a veracidade da sua hist\u00f3ria. Descreva a sua experi\u00eancia: Enumere as melhorias relacionadas com as doen\u00e7as especificadas no nosso formul\u00e1rio. Data limite: 28 de maio de 2024 A sua hist\u00f3ria \u00e9 valiosa, por isso, ajude os outros ao contar-lhes como superou os seus problemas de sa\u00fade com o di\u00f3xido de cloro. Obrigado pela sua inestim\u00e1vel contribui\u00e7\u00e3o. Andreas Kalcker Enviar o meu testemunho\" \/>\n<meta property=\"og:url\" content=\"https:\/\/andreaskalcker.com\/envio-de-testimonios-para-la-nueva-edicion-del-libro-salud-prohibida\/\" \/>\n<meta property=\"og:site_name\" content=\"Andreas Kalcker\" \/>\n<meta property=\"article:modified_time\" content=\"2024-06-19T13:48:47+00:00\" \/>\n<meta name=\"twitter:card\" content=\"summary_large_image\" \/>\n<meta name=\"twitter:label1\" content=\"Tempo estimado de leitura\" \/>\n\t<meta name=\"twitter:data1\" content=\"1 minuto\" \/>\n<script type=\"application\/ld+json\" class=\"yoast-schema-graph\">{\"@context\":\"https:\/\/schema.org\",\"@graph\":[{\"@type\":\"WebPage\",\"@id\":\"https:\/\/andreaskalcker.com\/envio-de-testimonios-para-la-nueva-edicion-del-libro-salud-prohibida\/\",\"url\":\"https:\/\/andreaskalcker.com\/envio-de-testimonios-para-la-nueva-edicion-del-libro-salud-prohibida\/\",\"name\":\"Recolha de testemunho para a nova edi\u00e7\u00e3o do livro Sa\u00fade Proibida - Andreas Kalcker\",\"isPartOf\":{\"@id\":\"https:\/\/andreaskalcker.com\/#website\"},\"datePublished\":\"2024-05-13T18:49:41+00:00\",\"dateModified\":\"2024-06-19T13:48:47+00:00\",\"breadcrumb\":{\"@id\":\"https:\/\/andreaskalcker.com\/envio-de-testimonios-para-la-nueva-edicion-del-libro-salud-prohibida\/#breadcrumb\"},\"inLanguage\":\"pt-PT\",\"potentialAction\":[{\"@type\":\"ReadAction\",\"target\":[\"https:\/\/andreaskalcker.com\/envio-de-testimonios-para-la-nueva-edicion-del-libro-salud-prohibida\/\"]}]},{\"@type\":\"BreadcrumbList\",\"@id\":\"https:\/\/andreaskalcker.com\/envio-de-testimonios-para-la-nueva-edicion-del-libro-salud-prohibida\/#breadcrumb\",\"itemListElement\":[{\"@type\":\"ListItem\",\"position\":1,\"name\":\"Portada\",\"item\":\"https:\/\/andreaskalcker.com\/\"},{\"@type\":\"ListItem\",\"position\":2,\"name\":\"Recolha de testemunho para a nova edi\u00e7\u00e3o do livro Sa\u00fade Proibida\"}]},{\"@type\":\"WebSite\",\"@id\":\"https:\/\/andreaskalcker.com\/#website\",\"url\":\"https:\/\/andreaskalcker.com\/\",\"name\":\"Andreas Kalcker\",\"description\":\"Official website\",\"potentialAction\":[{\"@type\":\"SearchAction\",\"target\":{\"@type\":\"EntryPoint\",\"urlTemplate\":\"https:\/\/andreaskalcker.com\/?s={search_term_string}\"},\"query-input\":{\"@type\":\"PropertyValueSpecification\",\"valueRequired\":true,\"valueName\":\"search_term_string\"}}],\"inLanguage\":\"pt-PT\"}]}<\/script>\n<!-- \/ Yoast SEO Premium plugin. -->","yoast_head_json":{"title":"Recolha de testemunho para a nova edi\u00e7\u00e3o do livro Sa\u00fade Proibida - Andreas Kalcker","robots":{"index":"index","follow":"follow","max-snippet":"max-snippet:-1","max-image-preview":"max-image-preview:large","max-video-preview":"max-video-preview:-1"},"canonical":"https:\/\/andreaskalcker.com\/envio-de-testimonios-para-la-nueva-edicion-del-libro-salud-prohibida\/","og_locale":"pt_PT","og_type":"article","og_title":"Recolha de testemunho para a nova edi\u00e7\u00e3o do livro Sa\u00fade Proibida","og_description":"Partilhe o seu testemunho A sua experi\u00eancia \u00e9 importante para n\u00f3s e pode inspirar outrem. Fa\u00e7a parte da nova edi\u00e7\u00e3o do livro Sa\u00fade Proibida, contando a sua hist\u00f3ria. Como participar? Dados pessoais: Nome completo e apelidos:constar\u00e3o na vers\u00e3o impressa do livro. Contacto opcional: partilhe o seu e-mail, redes sociais ou Telegram. Estas informa\u00e7\u00f5es estar\u00e3o acess\u00edveis em formato digital exclusivamente para que os leitores possam entrar em contacto consigo. Documentos comprovativos: Anexe provas gr\u00e1ficas ou documentos m\u00e9dicos que validem o seu testemunho. Estes s\u00e3o cruciais para demonstrar a veracidade da sua hist\u00f3ria. Descreva a sua experi\u00eancia: Enumere as melhorias relacionadas com as doen\u00e7as especificadas no nosso formul\u00e1rio. Data limite: 28 de maio de 2024 A sua hist\u00f3ria \u00e9 valiosa, por isso, ajude os outros ao contar-lhes como superou os seus problemas de sa\u00fade com o di\u00f3xido de cloro. Obrigado pela sua inestim\u00e1vel contribui\u00e7\u00e3o. Andreas Kalcker Enviar o meu testemunho","og_url":"https:\/\/andreaskalcker.com\/envio-de-testimonios-para-la-nueva-edicion-del-libro-salud-prohibida\/","og_site_name":"Andreas Kalcker","article_modified_time":"2024-06-19T13:48:47+00:00","twitter_card":"summary_large_image","twitter_misc":{"Tempo estimado de leitura":"1 minuto"},"schema":{"@context":"https:\/\/schema.org","@graph":[{"@type":"WebPage","@id":"https:\/\/andreaskalcker.com\/envio-de-testimonios-para-la-nueva-edicion-del-libro-salud-prohibida\/","url":"https:\/\/andreaskalcker.com\/envio-de-testimonios-para-la-nueva-edicion-del-libro-salud-prohibida\/","name":"Recolha de testemunho para a nova edi\u00e7\u00e3o do livro Sa\u00fade Proibida - Andreas Kalcker","isPartOf":{"@id":"https:\/\/andreaskalcker.com\/#website"},"datePublished":"2024-05-13T18:49:41+00:00","dateModified":"2024-06-19T13:48:47+00:00","breadcrumb":{"@id":"https:\/\/andreaskalcker.com\/envio-de-testimonios-para-la-nueva-edicion-del-libro-salud-prohibida\/#breadcrumb"},"inLanguage":"pt-PT","potentialAction":[{"@type":"ReadAction","target":["https:\/\/andreaskalcker.com\/envio-de-testimonios-para-la-nueva-edicion-del-libro-salud-prohibida\/"]}]},{"@type":"BreadcrumbList","@id":"https:\/\/andreaskalcker.com\/envio-de-testimonios-para-la-nueva-edicion-del-libro-salud-prohibida\/#breadcrumb","itemListElement":[{"@type":"ListItem","position":1,"name":"Portada","item":"https:\/\/andreaskalcker.com\/"},{"@type":"ListItem","position":2,"name":"Recolha de testemunho para a nova edi\u00e7\u00e3o do livro Sa\u00fade Proibida"}]},{"@type":"WebSite","@id":"https:\/\/andreaskalcker.com\/#website","url":"https:\/\/andreaskalcker.com\/","name":"Andreas Kalcker","description":"Official website","potentialAction":[{"@type":"SearchAction","target":{"@type":"EntryPoint","urlTemplate":"https:\/\/andreaskalcker.com\/?s={search_term_string}"},"query-input":{"@type":"PropertyValueSpecification","valueRequired":true,"valueName":"search_term_string"}}],"inLanguage":"pt-PT"}]}},"_links":{"self":[{"href":"https:\/\/andreaskalcker.com\/pt-pt\/wp-json\/wp\/v2\/pages\/13566","targetHints":{"allow":["GET"]}}],"collection":[{"href":"https:\/\/andreaskalcker.com\/pt-pt\/wp-json\/wp\/v2\/pages"}],"about":[{"href":"https:\/\/andreaskalcker.com\/pt-pt\/wp-json\/wp\/v2\/types\/page"}],"author":[{"embeddable":true,"href":"https:\/\/andreaskalcker.com\/pt-pt\/wp-json\/wp\/v2\/users\/1"}],"replies":[{"embeddable":true,"href":"https:\/\/andreaskalcker.com\/pt-pt\/wp-json\/wp\/v2\/comments?post=13566"}],"version-history":[{"count":0,"href":"https:\/\/andreaskalcker.com\/pt-pt\/wp-json\/wp\/v2\/pages\/13566\/revisions"}],"wp:attachment":[{"href":"https:\/\/andreaskalcker.com\/pt-pt\/wp-json\/wp\/v2\/media?parent=13566"}],"curies":[{"name":"wp","href":"https:\/\/api.w.org\/{rel}","templated":true}]}}