{"id":13568,"date":"2023-07-17T20:45:03","date_gmt":"2023-07-17T18:45:03","guid":{"rendered":"https:\/\/andreaskalcker.com\/fundacao\/"},"modified":"2024-06-19T16:03:05","modified_gmt":"2024-06-19T14:03:05","slug":"fundacao","status":"publish","type":"page","link":"https:\/\/andreaskalcker.com\/pt-pt\/fundacao\/","title":{"rendered":"Funda\u00e7\u00e3o"},"content":{"rendered":"\t\t<div data-elementor-type=\"wp-page\" data-elementor-id=\"13568\" class=\"elementor elementor-13568 elementor-107\" data-elementor-post-type=\"page\">\n\t\t\t\t\t\t<section class=\"elementor-section elementor-top-section elementor-element elementor-element-d2eb231 elementor-section-boxed elementor-section-height-default elementor-section-height-default wpr-particle-no wpr-jarallax-no wpr-parallax-no wpr-sticky-section-no\" data-id=\"d2eb231\" data-element_type=\"section\" data-settings=\"{&quot;background_background&quot;:&quot;classic&quot;,&quot;background_motion_fx_motion_fx_scrolling&quot;:&quot;yes&quot;,&quot;background_motion_fx_motion_fx_mouse&quot;:&quot;yes&quot;,&quot;background_motion_fx_mouseTrack_effect&quot;:&quot;yes&quot;,&quot;background_motion_fx_devices&quot;:[&quot;desktop&quot;,&quot;tablet&quot;,&quot;mobile&quot;],&quot;background_motion_fx_mouseTrack_speed&quot;:{&quot;unit&quot;:&quot;px&quot;,&quot;size&quot;:1,&quot;sizes&quot;:[]}}\">\n\t\t\t\t\t\t<div class=\"elementor-container elementor-column-gap-default\">\n\t\t\t\t\t<div class=\"elementor-column elementor-col-100 elementor-top-column elementor-element elementor-element-4319566\" data-id=\"4319566\" data-element_type=\"column\">\n\t\t\t<div class=\"elementor-widget-wrap elementor-element-populated\">\n\t\t\t\t\t\t<div class=\"elementor-element elementor-element-81bd7f5 elementor-widget elementor-widget-heading\" data-id=\"81bd7f5\" data-element_type=\"widget\" data-widget_type=\"heading.default\">\n\t\t\t\t<div class=\"elementor-widget-container\">\n\t\t\t\t\t<h2 class=\"elementor-heading-title elementor-size-default\">Funda\u00e7\u00e3o ALK<\/h2>\t\t\t\t<\/div>\n\t\t\t\t<\/div>\n\t\t\t\t<div class=\"elementor-element elementor-element-0722193 elementor-widget elementor-widget-heading\" data-id=\"0722193\" data-element_type=\"widget\" data-widget_type=\"heading.default\">\n\t\t\t\t<div class=\"elementor-widget-container\">\n\t\t\t\t\t<h5 class=\"elementor-heading-title elementor-size-default\">Unidos para salvar vidas\n\n<\/h5>\t\t\t\t<\/div>\n\t\t\t\t<\/div>\n\t\t\t\t\t<\/div>\n\t\t<\/div>\n\t\t\t\t\t<\/div>\n\t\t<\/section>\n\t\t\t\t<section class=\"elementor-section elementor-top-section elementor-element elementor-element-ea60e58 elementor-section-boxed elementor-section-height-default elementor-section-height-default wpr-particle-no wpr-jarallax-no wpr-parallax-no wpr-sticky-section-no\" data-id=\"ea60e58\" data-element_type=\"section\">\n\t\t\t\t\t\t<div class=\"elementor-container elementor-column-gap-default\">\n\t\t\t\t\t<div class=\"elementor-column elementor-col-100 elementor-top-column elementor-element elementor-element-bf070df\" data-id=\"bf070df\" data-element_type=\"column\">\n\t\t\t<div class=\"elementor-widget-wrap elementor-element-populated\">\n\t\t\t\t\t\t<div class=\"elementor-element elementor-element-48750ee elementor-widget elementor-widget-spacer\" data-id=\"48750ee\" data-element_type=\"widget\" data-widget_type=\"spacer.default\">\n\t\t\t\t<div class=\"elementor-widget-container\">\n\t\t\t\t\t\t\t<div class=\"elementor-spacer\">\n\t\t\t<div class=\"elementor-spacer-inner\"><\/div>\n\t\t<\/div>\n\t\t\t\t\t\t<\/div>\n\t\t\t\t<\/div>\n\t\t\t\t<div class=\"elementor-element elementor-element-0bf121a elementor-widget elementor-widget-text-editor\" data-id=\"0bf121a\" data-element_type=\"widget\" data-widget_type=\"text-editor.default\">\n\t\t\t\t<div class=\"elementor-widget-container\">\n\t\t\t\t\t\t\t\t\t<p>A <strong>Funda\u00e7\u00e3o ALK<\/strong> dedica-se \u00e0 <strong>investiga\u00e7\u00e3o<\/strong>, <strong>profissionaliza\u00e7\u00e3o<\/strong> e <strong>divulga\u00e7\u00e3o da mol\u00e9cula ClO\u2082<\/strong> sob a forma de CDS, bem como a levar ao mundo os fundamentos da <strong>Medicina Eletromolecular<\/strong>.<\/p><p> <\/p><p>Dispomos de um edif\u00edcio que foi doado no final de 2021 com sede em <strong>Jalisco, M\u00e9xico<\/strong>, onde se encontram os escrit\u00f3rios administrativos, a sala de forma\u00e7\u00e3o, o departamento de investiga\u00e7\u00e3o, a \u00e1rea de terapias inovadoras e, gra\u00e7as a donativos, estamos a construir o Laborat\u00f3rio Cl\u00ednico que ter\u00e1 as \u00e1reas de qu\u00edmica do sangue, hematologia, imunologia, parasitologia e microbiologia, para benef\u00edcio da humanidade e ao servi\u00e7o dos nossos membros.<\/p>\t\t\t\t\t\t\t\t<\/div>\n\t\t\t\t<\/div>\n\t\t\t\t<div class=\"elementor-element elementor-element-98d4d95 elementor-widget elementor-widget-spacer\" data-id=\"98d4d95\" data-element_type=\"widget\" data-widget_type=\"spacer.default\">\n\t\t\t\t<div class=\"elementor-widget-container\">\n\t\t\t\t\t\t\t<div class=\"elementor-spacer\">\n\t\t\t<div class=\"elementor-spacer-inner\"><\/div>\n\t\t<\/div>\n\t\t\t\t\t\t<\/div>\n\t\t\t\t<\/div>\n\t\t\t\t<div class=\"elementor-element elementor-element-2d6c290 elementor-widget elementor-widget-image\" data-id=\"2d6c290\" data-element_type=\"widget\" data-widget_type=\"image.default\">\n\t\t\t\t<div class=\"elementor-widget-container\">\n\t\t\t\t\t\t\t\t\t\t\t\t\t\t\t<img fetchpriority=\"high\" decoding=\"async\" width=\"768\" height=\"487\" src=\"https:\/\/andreaskalcker.com\/wp-content\/uploads\/2024\/03\/DSC7440-3-768x487.jpg\" class=\"attachment-medium_large size-medium_large wp-image-13379\" alt=\"\" srcset=\"https:\/\/andreaskalcker.com\/wp-content\/uploads\/2024\/03\/DSC7440-3-768x487.jpg 768w, https:\/\/andreaskalcker.com\/wp-content\/uploads\/2024\/03\/DSC7440-3-300x190.jpg 300w, https:\/\/andreaskalcker.com\/wp-content\/uploads\/2024\/03\/DSC7440-3.jpg 920w\" sizes=\"(max-width: 768px) 100vw, 768px\" \/>\t\t\t\t\t\t\t\t\t\t\t\t\t\t\t<\/div>\n\t\t\t\t<\/div>\n\t\t\t\t<div class=\"elementor-element elementor-element-72b2b1f elementor-widget elementor-widget-spacer\" data-id=\"72b2b1f\" data-element_type=\"widget\" data-widget_type=\"spacer.default\">\n\t\t\t\t<div class=\"elementor-widget-container\">\n\t\t\t\t\t\t\t<div class=\"elementor-spacer\">\n\t\t\t<div class=\"elementor-spacer-inner\"><\/div>\n\t\t<\/div>\n\t\t\t\t\t\t<\/div>\n\t\t\t\t<\/div>\n\t\t\t\t<div class=\"elementor-element elementor-element-91d1d39 elementor-align-center elementor-widget elementor-widget-button\" data-id=\"91d1d39\" data-element_type=\"widget\" data-widget_type=\"button.default\">\n\t\t\t\t<div class=\"elementor-widget-container\">\n\t\t\t\t\t\t\t\t\t<div class=\"elementor-button-wrapper\">\n\t\t\t\t\t<a class=\"elementor-button elementor-button-link elementor-size-sm\" href=\"https:\/\/alkfoundation.com\/\" target=\"_blank\">\n\t\t\t\t\t\t<span class=\"elementor-button-content-wrapper\">\n\t\t\t\t\t\t\t\t\t<span class=\"elementor-button-text\">Visite o nosso site<\/span>\n\t\t\t\t\t<\/span>\n\t\t\t\t\t<\/a>\n\t\t\t\t<\/div>\n\t\t\t\t\t\t\t\t<\/div>\n\t\t\t\t<\/div>\n\t\t\t\t<div class=\"elementor-element elementor-element-1be0bff elementor-widget elementor-widget-spacer\" data-id=\"1be0bff\" data-element_type=\"widget\" data-widget_type=\"spacer.default\">\n\t\t\t\t<div class=\"elementor-widget-container\">\n\t\t\t\t\t\t\t<div class=\"elementor-spacer\">\n\t\t\t<div class=\"elementor-spacer-inner\"><\/div>\n\t\t<\/div>\n\t\t\t\t\t\t<\/div>\n\t\t\t\t<\/div>\n\t\t\t\t\t<\/div>\n\t\t<\/div>\n\t\t\t\t\t<\/div>\n\t\t<\/section>\n\t\t\t\t<section class=\"elementor-section elementor-top-section elementor-element elementor-element-8b9e868 elementor-section-boxed elementor-section-height-default elementor-section-height-default wpr-particle-no wpr-jarallax-no wpr-parallax-no wpr-sticky-section-no\" data-id=\"8b9e868\" data-element_type=\"section\">\n\t\t\t\t\t\t<div class=\"elementor-container elementor-column-gap-default\">\n\t\t\t\t\t<div class=\"elementor-column elementor-col-16 elementor-top-column elementor-element elementor-element-12ae133\" data-id=\"12ae133\" data-element_type=\"column\">\n\t\t\t<div class=\"elementor-widget-wrap\">\n\t\t\t\t\t\t\t<\/div>\n\t\t<\/div>\n\t\t\t\t<div class=\"elementor-column elementor-col-66 elementor-top-column elementor-element elementor-element-5bbcf1c\" data-id=\"5bbcf1c\" data-element_type=\"column\">\n\t\t\t<div class=\"elementor-widget-wrap\">\n\t\t\t\t\t\t\t<\/div>\n\t\t<\/div>\n\t\t\t\t<div class=\"elementor-column elementor-col-16 elementor-top-column elementor-element elementor-element-d898e7c\" data-id=\"d898e7c\" data-element_type=\"column\">\n\t\t\t<div class=\"elementor-widget-wrap\">\n\t\t\t\t\t\t\t<\/div>\n\t\t<\/div>\n\t\t\t\t\t<\/div>\n\t\t<\/section>\n\t\t\t\t<\/div>\n\t\t","protected":false},"excerpt":{"rendered":"<p>Funda\u00e7\u00e3o ALK Unidos para salvar vidas A Funda\u00e7\u00e3o ALK dedica-se \u00e0 investiga\u00e7\u00e3o, profissionaliza\u00e7\u00e3o e divulga\u00e7\u00e3o da mol\u00e9cula ClO\u2082 sob a forma de CDS, bem como a levar ao mundo os fundamentos da Medicina Eletromolecular. Dispomos de um edif\u00edcio que foi doado no final de 2021 com sede em Jalisco, M\u00e9xico, onde se encontram os escrit\u00f3rios administrativos, a sala de forma\u00e7\u00e3o, o departamento de investiga\u00e7\u00e3o, a \u00e1rea de terapias inovadoras e, gra\u00e7as a donativos, estamos a construir o Laborat\u00f3rio Cl\u00ednico que ter\u00e1 as \u00e1reas de qu\u00edmica do sangue, hematologia, imunologia, parasitologia e microbiologia, para benef\u00edcio da humanidade e ao servi\u00e7o dos nossos membros. Visite o nosso site<\/p>\n","protected":false},"author":1,"featured_media":0,"parent":0,"menu_order":0,"comment_status":"closed","ping_status":"closed","template":"","meta":{"footnotes":""},"class_list":["post-13568","page","type-page","status-publish"],"yoast_head":"<!-- This site is optimized with the Yoast SEO Premium plugin v22.2 (Yoast SEO v25.8) - https:\/\/yoast.com\/wordpress\/plugins\/seo\/ -->\n<title>Funda\u00e7\u00e3o - Andreas Kalcker<\/title>\n<meta name=\"robots\" content=\"index, follow, max-snippet:-1, max-image-preview:large, max-video-preview:-1\" \/>\n<link rel=\"canonical\" href=\"https:\/\/andreaskalcker.com\/pt-pt\/fundacao\/\" \/>\n<meta property=\"og:locale\" content=\"pt_PT\" \/>\n<meta property=\"og:type\" content=\"article\" \/>\n<meta property=\"og:title\" content=\"Funda\u00e7\u00e3o\" \/>\n<meta property=\"og:description\" content=\"Funda\u00e7\u00e3o ALK Unidos para salvar vidas A Funda\u00e7\u00e3o ALK dedica-se \u00e0 investiga\u00e7\u00e3o, profissionaliza\u00e7\u00e3o e divulga\u00e7\u00e3o da mol\u00e9cula ClO\u2082 sob a forma de CDS, bem como a levar ao mundo os fundamentos da Medicina Eletromolecular. Dispomos de um edif\u00edcio que foi doado no final de 2021 com sede em Jalisco, M\u00e9xico, onde se encontram os escrit\u00f3rios administrativos, a sala de forma\u00e7\u00e3o, o departamento de investiga\u00e7\u00e3o, a \u00e1rea de terapias inovadoras e, gra\u00e7as a donativos, estamos a construir o Laborat\u00f3rio Cl\u00ednico que ter\u00e1 as \u00e1reas de qu\u00edmica do sangue, hematologia, imunologia, parasitologia e microbiologia, para benef\u00edcio da humanidade e ao servi\u00e7o dos nossos membros. Visite o nosso site\" \/>\n<meta property=\"og:url\" content=\"https:\/\/andreaskalcker.com\/pt-pt\/fundacao\/\" \/>\n<meta property=\"og:site_name\" content=\"Andreas Kalcker\" \/>\n<meta property=\"article:modified_time\" content=\"2024-06-19T14:03:05+00:00\" \/>\n<meta property=\"og:image\" content=\"https:\/\/andreaskalcker.com\/wp-content\/uploads\/2024\/03\/DSC7440-3-768x487.jpg\" \/>\n<meta name=\"twitter:card\" content=\"summary_large_image\" \/>\n<meta name=\"twitter:label1\" content=\"Tempo estimado de leitura\" \/>\n\t<meta name=\"twitter:data1\" content=\"1 minuto\" \/>\n<script type=\"application\/ld+json\" class=\"yoast-schema-graph\">{\"@context\":\"https:\/\/schema.org\",\"@graph\":[{\"@type\":\"WebPage\",\"@id\":\"https:\/\/andreaskalcker.com\/pt-pt\/fundacao\/\",\"url\":\"https:\/\/andreaskalcker.com\/pt-pt\/fundacao\/\",\"name\":\"Funda\u00e7\u00e3o - Andreas Kalcker\",\"isPartOf\":{\"@id\":\"https:\/\/andreaskalcker.com\/#website\"},\"primaryImageOfPage\":{\"@id\":\"https:\/\/andreaskalcker.com\/pt-pt\/fundacao\/#primaryimage\"},\"image\":{\"@id\":\"https:\/\/andreaskalcker.com\/pt-pt\/fundacao\/#primaryimage\"},\"thumbnailUrl\":\"https:\/\/andreaskalcker.com\/wp-content\/uploads\/2024\/03\/DSC7440-3-768x487.jpg\",\"datePublished\":\"2023-07-17T18:45:03+00:00\",\"dateModified\":\"2024-06-19T14:03:05+00:00\",\"breadcrumb\":{\"@id\":\"https:\/\/andreaskalcker.com\/pt-pt\/fundacao\/#breadcrumb\"},\"inLanguage\":\"pt-PT\",\"potentialAction\":[{\"@type\":\"ReadAction\",\"target\":[\"https:\/\/andreaskalcker.com\/pt-pt\/fundacao\/\"]}]},{\"@type\":\"ImageObject\",\"inLanguage\":\"pt-PT\",\"@id\":\"https:\/\/andreaskalcker.com\/pt-pt\/fundacao\/#primaryimage\",\"url\":\"https:\/\/andreaskalcker.com\/wp-content\/uploads\/2024\/03\/DSC7440-3-768x487.jpg\",\"contentUrl\":\"https:\/\/andreaskalcker.com\/wp-content\/uploads\/2024\/03\/DSC7440-3-768x487.jpg\"},{\"@type\":\"BreadcrumbList\",\"@id\":\"https:\/\/andreaskalcker.com\/pt-pt\/fundacao\/#breadcrumb\",\"itemListElement\":[{\"@type\":\"ListItem\",\"position\":1,\"name\":\"Portada\",\"item\":\"https:\/\/andreaskalcker.com\/\"},{\"@type\":\"ListItem\",\"position\":2,\"name\":\"Funda\u00e7\u00e3o\"}]},{\"@type\":\"WebSite\",\"@id\":\"https:\/\/andreaskalcker.com\/#website\",\"url\":\"https:\/\/andreaskalcker.com\/\",\"name\":\"Andreas Kalcker\",\"description\":\"Official website\",\"potentialAction\":[{\"@type\":\"SearchAction\",\"target\":{\"@type\":\"EntryPoint\",\"urlTemplate\":\"https:\/\/andreaskalcker.com\/?s={search_term_string}\"},\"query-input\":{\"@type\":\"PropertyValueSpecification\",\"valueRequired\":true,\"valueName\":\"search_term_string\"}}],\"inLanguage\":\"pt-PT\"}]}<\/script>\n<!-- \/ Yoast SEO Premium plugin. -->","yoast_head_json":{"title":"Funda\u00e7\u00e3o - Andreas Kalcker","robots":{"index":"index","follow":"follow","max-snippet":"max-snippet:-1","max-image-preview":"max-image-preview:large","max-video-preview":"max-video-preview:-1"},"canonical":"https:\/\/andreaskalcker.com\/pt-pt\/fundacao\/","og_locale":"pt_PT","og_type":"article","og_title":"Funda\u00e7\u00e3o","og_description":"Funda\u00e7\u00e3o ALK Unidos para salvar vidas A Funda\u00e7\u00e3o ALK dedica-se \u00e0 investiga\u00e7\u00e3o, profissionaliza\u00e7\u00e3o e divulga\u00e7\u00e3o da mol\u00e9cula ClO\u2082 sob a forma de CDS, bem como a levar ao mundo os fundamentos da Medicina Eletromolecular. Dispomos de um edif\u00edcio que foi doado no final de 2021 com sede em Jalisco, M\u00e9xico, onde se encontram os escrit\u00f3rios administrativos, a sala de forma\u00e7\u00e3o, o departamento de investiga\u00e7\u00e3o, a \u00e1rea de terapias inovadoras e, gra\u00e7as a donativos, estamos a construir o Laborat\u00f3rio Cl\u00ednico que ter\u00e1 as \u00e1reas de qu\u00edmica do sangue, hematologia, imunologia, parasitologia e microbiologia, para benef\u00edcio da humanidade e ao servi\u00e7o dos nossos membros. Visite o nosso site","og_url":"https:\/\/andreaskalcker.com\/pt-pt\/fundacao\/","og_site_name":"Andreas Kalcker","article_modified_time":"2024-06-19T14:03:05+00:00","og_image":[{"url":"https:\/\/andreaskalcker.com\/wp-content\/uploads\/2024\/03\/DSC7440-3-768x487.jpg","type":"","width":"","height":""}],"twitter_card":"summary_large_image","twitter_misc":{"Tempo estimado de leitura":"1 minuto"},"schema":{"@context":"https:\/\/schema.org","@graph":[{"@type":"WebPage","@id":"https:\/\/andreaskalcker.com\/pt-pt\/fundacao\/","url":"https:\/\/andreaskalcker.com\/pt-pt\/fundacao\/","name":"Funda\u00e7\u00e3o - Andreas Kalcker","isPartOf":{"@id":"https:\/\/andreaskalcker.com\/#website"},"primaryImageOfPage":{"@id":"https:\/\/andreaskalcker.com\/pt-pt\/fundacao\/#primaryimage"},"image":{"@id":"https:\/\/andreaskalcker.com\/pt-pt\/fundacao\/#primaryimage"},"thumbnailUrl":"https:\/\/andreaskalcker.com\/wp-content\/uploads\/2024\/03\/DSC7440-3-768x487.jpg","datePublished":"2023-07-17T18:45:03+00:00","dateModified":"2024-06-19T14:03:05+00:00","breadcrumb":{"@id":"https:\/\/andreaskalcker.com\/pt-pt\/fundacao\/#breadcrumb"},"inLanguage":"pt-PT","potentialAction":[{"@type":"ReadAction","target":["https:\/\/andreaskalcker.com\/pt-pt\/fundacao\/"]}]},{"@type":"ImageObject","inLanguage":"pt-PT","@id":"https:\/\/andreaskalcker.com\/pt-pt\/fundacao\/#primaryimage","url":"https:\/\/andreaskalcker.com\/wp-content\/uploads\/2024\/03\/DSC7440-3-768x487.jpg","contentUrl":"https:\/\/andreaskalcker.com\/wp-content\/uploads\/2024\/03\/DSC7440-3-768x487.jpg"},{"@type":"BreadcrumbList","@id":"https:\/\/andreaskalcker.com\/pt-pt\/fundacao\/#breadcrumb","itemListElement":[{"@type":"ListItem","position":1,"name":"Portada","item":"https:\/\/andreaskalcker.com\/"},{"@type":"ListItem","position":2,"name":"Funda\u00e7\u00e3o"}]},{"@type":"WebSite","@id":"https:\/\/andreaskalcker.com\/#website","url":"https:\/\/andreaskalcker.com\/","name":"Andreas Kalcker","description":"Official website","potentialAction":[{"@type":"SearchAction","target":{"@type":"EntryPoint","urlTemplate":"https:\/\/andreaskalcker.com\/?s={search_term_string}"},"query-input":{"@type":"PropertyValueSpecification","valueRequired":true,"valueName":"search_term_string"}}],"inLanguage":"pt-PT"}]}},"_links":{"self":[{"href":"https:\/\/andreaskalcker.com\/pt-pt\/wp-json\/wp\/v2\/pages\/13568","targetHints":{"allow":["GET"]}}],"collection":[{"href":"https:\/\/andreaskalcker.com\/pt-pt\/wp-json\/wp\/v2\/pages"}],"about":[{"href":"https:\/\/andreaskalcker.com\/pt-pt\/wp-json\/wp\/v2\/types\/page"}],"author":[{"embeddable":true,"href":"https:\/\/andreaskalcker.com\/pt-pt\/wp-json\/wp\/v2\/users\/1"}],"replies":[{"embeddable":true,"href":"https:\/\/andreaskalcker.com\/pt-pt\/wp-json\/wp\/v2\/comments?post=13568"}],"version-history":[{"count":0,"href":"https:\/\/andreaskalcker.com\/pt-pt\/wp-json\/wp\/v2\/pages\/13568\/revisions"}],"wp:attachment":[{"href":"https:\/\/andreaskalcker.com\/pt-pt\/wp-json\/wp\/v2\/media?parent=13568"}],"curies":[{"name":"wp","href":"https:\/\/api.w.org\/{rel}","templated":true}]}}