{"id":13929,"date":"2023-07-17T20:26:03","date_gmt":"2023-07-17T18:26:03","guid":{"rendered":"https:\/\/andreaskalcker.com\/seminarios-avancados\/"},"modified":"2025-02-17T11:21:45","modified_gmt":"2025-02-17T10:21:45","slug":"seminarios-avancados","status":"publish","type":"page","link":"https:\/\/andreaskalcker.com\/pt-pt\/seminarios-avancados\/","title":{"rendered":"Semin\u00e1rios avan\u00e7ados"},"content":{"rendered":"\t\t<div data-elementor-type=\"wp-page\" data-elementor-id=\"13929\" class=\"elementor elementor-13929 elementor-80\" data-elementor-post-type=\"page\">\n\t\t\t\t\t\t<section class=\"elementor-section elementor-top-section elementor-element elementor-element-7823bbcd elementor-section-boxed elementor-section-height-default elementor-section-height-default wpr-particle-no wpr-jarallax-no wpr-parallax-no wpr-sticky-section-no\" data-id=\"7823bbcd\" data-element_type=\"section\" data-settings=\"{&quot;background_background&quot;:&quot;classic&quot;,&quot;background_motion_fx_motion_fx_scrolling&quot;:&quot;yes&quot;,&quot;background_motion_fx_motion_fx_mouse&quot;:&quot;yes&quot;,&quot;background_motion_fx_mouseTrack_effect&quot;:&quot;yes&quot;,&quot;background_motion_fx_devices&quot;:[&quot;desktop&quot;,&quot;tablet&quot;,&quot;mobile&quot;],&quot;background_motion_fx_mouseTrack_speed&quot;:{&quot;unit&quot;:&quot;px&quot;,&quot;size&quot;:1,&quot;sizes&quot;:[]}}\">\n\t\t\t\t\t\t<div class=\"elementor-container elementor-column-gap-default\">\n\t\t\t\t\t<div class=\"elementor-column elementor-col-100 elementor-top-column elementor-element elementor-element-98ea543\" data-id=\"98ea543\" data-element_type=\"column\">\n\t\t\t<div class=\"elementor-widget-wrap elementor-element-populated\">\n\t\t\t\t\t\t<div class=\"elementor-element elementor-element-17413439 elementor-widget elementor-widget-heading\" data-id=\"17413439\" data-element_type=\"widget\" data-widget_type=\"heading.default\">\n\t\t\t\t<div class=\"elementor-widget-container\">\n\t\t\t\t\t<h2 class=\"elementor-heading-title elementor-size-default\">Semin\u00e1rios avan\u00e7ados<\/h2>\t\t\t\t<\/div>\n\t\t\t\t<\/div>\n\t\t\t\t<div class=\"elementor-element elementor-element-2eef631 elementor-widget elementor-widget-heading\" data-id=\"2eef631\" data-element_type=\"widget\" data-widget_type=\"heading.default\">\n\t\t\t\t<div class=\"elementor-widget-container\">\n\t\t\t\t\t<h5 class=\"elementor-heading-title elementor-size-default\">Kalcker Institute<\/h5>\t\t\t\t<\/div>\n\t\t\t\t<\/div>\n\t\t\t\t\t<\/div>\n\t\t<\/div>\n\t\t\t\t\t<\/div>\n\t\t<\/section>\n\t\t\t\t<section class=\"elementor-section elementor-top-section elementor-element elementor-element-34b3b03 elementor-section-boxed elementor-section-height-default elementor-section-height-default wpr-particle-no wpr-jarallax-no wpr-parallax-no wpr-sticky-section-no\" data-id=\"34b3b03\" data-element_type=\"section\">\n\t\t\t\t\t\t<div class=\"elementor-container elementor-column-gap-default\">\n\t\t\t\t\t<div class=\"elementor-column elementor-col-100 elementor-top-column elementor-element elementor-element-84b53d2\" data-id=\"84b53d2\" data-element_type=\"column\">\n\t\t\t<div class=\"elementor-widget-wrap elementor-element-populated\">\n\t\t\t\t\t\t<div class=\"elementor-element elementor-element-9848c62 elementor-widget elementor-widget-image\" data-id=\"9848c62\" data-element_type=\"widget\" data-widget_type=\"image.default\">\n\t\t\t\t<div class=\"elementor-widget-container\">\n\t\t\t\t\t\t\t\t\t\t\t\t\t\t\t<img decoding=\"async\" src=\"https:\/\/andreaskalcker.com\/wp-content\/uploads\/elementor\/thumbs\/logo-KI-B-1-re9njydbbn0672hw6ofasyw3asjjku7wrj8qc0asqo.png\" title=\"logo-KI-B.png\" alt=\"logo-KI-B.png\" loading=\"lazy\" \/>\t\t\t\t\t\t\t\t\t\t\t\t\t\t\t<\/div>\n\t\t\t\t<\/div>\n\t\t\t\t<div class=\"elementor-element elementor-element-af40f6e elementor-widget elementor-widget-text-editor\" data-id=\"af40f6e\" data-element_type=\"widget\" data-widget_type=\"text-editor.default\">\n\t\t\t\t<div class=\"elementor-widget-container\">\n\t\t\t\t\t\t\t\t\t<p>Descubra o seu prop\u00f3sito, <b>desbloqueie as chaves para melhorar a sua sa\u00fade ou reacenda a sua paix\u00e3o por ser um profissional de sa\u00fade<\/b>, entre muitas outras coisas. Seja o que for que esteja \u00e0 procura, os cursos online podem ser o guia para a sua experi\u00eancia ideal de webinar com o Dr. Andreas Kalcker.<\/p><p> <\/p><p> <\/p><p>Ap\u00f3s mais de dez anos de um \u00e1rduo e exaustivo trabalho de investiga\u00e7\u00e3o, \u00e9 com grande satisfa\u00e7\u00e3o que temos a oportunidade de partilhar convosco os valiosos resultados obtidos ao longo deste processo.<\/p><p> <\/p><p> <\/p><p>Os semin\u00e1rios e programas do Dr. Andreas Kalcker permitir-lhe-\u00e3o <b>construir sobre uma base s\u00f3lida de conhecimentos adquiridos<\/b>, dando-lhe as ferramentas necess\u00e1rias para expandir as suas compet\u00eancias e contribuir para o crescimento de um movimento impar\u00e1vel em benef\u00edcio de todas as pessoas. Estas oportunidades de forma\u00e7\u00e3o permitir-lhe-\u00e3o aprofundar a sua compreens\u00e3o dos conceitos apresentados pelo Dr. Kalcker, bem como explorar novas perspetivas e aplica\u00e7\u00f5es pr\u00e1ticas dos seus ensinamentos. Atrav\u00e9s destes programas, adquirir\u00e1 uma <b>vis\u00e3o mais completa e detalhada<\/b> dos t\u00f3picos abordados, permitindo-lhe desenvolver solu\u00e7\u00f5es inovadoras e eficazes para os desafios que enfrentamos atualmente. <\/p><p> <\/p><p>Al\u00e9m disso, ter\u00e1 a oportunidade de <b>interatuar com outros participantes e colaborar em projetos conjuntos<\/b>, promovendo assim um ambiente de aprendizagem colaborativo e enriquecedor. Em suma, os semin\u00e1rios e programas do Dr. Andreas Kalcker s\u00e3o uma oportunidade inestim\u00e1vel para expandir os seus conhecimentos, desenvolver as suas compet\u00eancias e fazer parte de um movimento transformador que procura melhorar a qualidade de vida das pessoas em todo o mundo.<\/p><p> <\/p><p> <\/p><p>N\u00e3o s\u00f3 aprender\u00e1, como tamb\u00e9m compreender\u00e1 e agir\u00e1. Viver\u00e1 uma experi\u00eancia enriquecedora, onde todos os dias estar\u00e1 imerso num mundo de aprendizagem e crescimento pessoal. Respirar\u00e1 o ar da motiva\u00e7\u00e3o e do entusiasmo, sentindo como cada conhecimento adquirido se torna uma pe\u00e7a importante da sua identidade. Aplicar\u00e1 as ferramentas e t\u00e9cnicas que aprendeu de uma forma pr\u00e1tica e consistente, permitindo que se enra\u00edzem no seu quotidiano e se tornem uma parte essencial da sua vida.<\/p><p> <\/p><p> <\/p><p>Estar\u00e1 sempre dispon\u00edvel para enfrentar desafios e ultrapassar obst\u00e1culos, confiando nas suas capacidades e aptid\u00f5es para ter \u00eaxito em todos os projetos e objetivos que estabele\u00e7a para si. Desta forma, tornar-se-\u00e1 uma pessoa aut\u00eantica e capacitada, capaz de enfrentar qualquer desafio que surja no seu caminho.<\/p><p> <\/p><p> <\/p><h4><b> Os conhecimentos sobre sa\u00fade ser-lhe-\u00e3o \u00fateis para toda a vida.<\/b><\/h4>\t\t\t\t\t\t\t\t<\/div>\n\t\t\t\t<\/div>\n\t\t\t\t<div class=\"elementor-element elementor-element-e1c890c elementor-widget elementor-widget-text-editor\" data-id=\"e1c890c\" data-element_type=\"widget\" data-widget_type=\"text-editor.default\">\n\t\t\t\t<div class=\"elementor-widget-container\">\n\t\t\t\t\t\t\t\t\t<p><strong>As inscri\u00e7\u00f5es para os semin\u00e1rios Web do CDS j\u00e1 est\u00e3o abertas.<\/strong><\/p><p><strong> <\/strong><\/p><p>Os semin\u00e1rios ser\u00e3o conduzidos com v\u00eddeos e perguntas em direto com o Dr. Andreas Kalcker. Quem pode participar? Os semin\u00e1rios destinam-se a todos os interessados em quest\u00f5es de sa\u00fade avan\u00e7adas, tanto a n\u00edvel pessoal como profissional. O nosso objetivo \u00e9 alargar os conhecimentos e dar uma nova perspetiva ao sector da sa\u00fade. Ter\u00e1 acesso \u00e0 plataforma online onde poder\u00e1 acompanhar de forma f\u00e1cil e c\u00f3moda todas as informa\u00e7\u00f5es sobre os novos semin\u00e1rios.<\/p>\t\t\t\t\t\t\t\t<\/div>\n\t\t\t\t<\/div>\n\t\t\t\t<div class=\"elementor-element elementor-element-60addf9 elementor-mobile-align-justify elementor-widget-mobile__width-inherit elementor-align-center elementor-widget elementor-widget-global elementor-global-8460 elementor-widget-button\" data-id=\"60addf9\" data-element_type=\"widget\" data-widget_type=\"button.default\">\n\t\t\t\t<div class=\"elementor-widget-container\">\n\t\t\t\t\t\t\t\t\t<div class=\"elementor-button-wrapper\">\n\t\t\t\t\t<a class=\"elementor-button elementor-button-link elementor-size-md\" href=\"https:\/\/kalckerinstitute.com\/\" target=\"_blank\">\n\t\t\t\t\t\t<span class=\"elementor-button-content-wrapper\">\n\t\t\t\t\t\t\t\t\t<span class=\"elementor-button-text\">Acceso a Seminarios Avanzados<\/span>\n\t\t\t\t\t<\/span>\n\t\t\t\t\t<\/a>\n\t\t\t\t<\/div>\n\t\t\t\t\t\t\t\t<\/div>\n\t\t\t\t<\/div>\n\t\t\t\t<div class=\"elementor-element elementor-element-3af17ef elementor-widget elementor-widget-spacer\" data-id=\"3af17ef\" data-element_type=\"widget\" data-widget_type=\"spacer.default\">\n\t\t\t\t<div class=\"elementor-widget-container\">\n\t\t\t\t\t\t\t<div class=\"elementor-spacer\">\n\t\t\t<div class=\"elementor-spacer-inner\"><\/div>\n\t\t<\/div>\n\t\t\t\t\t\t<\/div>\n\t\t\t\t<\/div>\n\t\t\t\t\t<\/div>\n\t\t<\/div>\n\t\t\t\t\t<\/div>\n\t\t<\/section>\n\t\t\t\t<\/div>\n\t\t","protected":false},"excerpt":{"rendered":"<p>Kalcker Institute Descubra o seu prop\u00f3sito, desbloqueie as chaves para melhorar a sua sa\u00fade ou reacenda a sua paix\u00e3o por ser um profissional de sa\u00fade, entre muitas outras coisas. Seja o que for que esteja \u00e0 procura, os cursos online podem ser o guia para a sua experi\u00eancia ideal de webinar com o Dr. Andreas Kalcker. Ap\u00f3s mais de dez anos de um \u00e1rduo e exaustivo trabalho de investiga\u00e7\u00e3o, \u00e9 com grande satisfa\u00e7\u00e3o que temos a oportunidade de partilhar convosco os valiosos resultados obtidos ao longo deste processo. Os semin\u00e1rios e programas do Dr. Andreas Kalcker permitir-lhe-\u00e3o construir sobre uma base s\u00f3lida de conhecimentos adquiridos, dando-lhe as ferramentas necess\u00e1rias para expandir as suas compet\u00eancias e contribuir para o crescimento de um movimento impar\u00e1vel em benef\u00edcio de todas as pessoas. Estas oportunidades de forma\u00e7\u00e3o permitir-lhe-\u00e3o aprofundar a sua compreens\u00e3o dos conceitos apresentados pelo Dr. Kalcker, bem como explorar novas perspetivas e aplica\u00e7\u00f5es pr\u00e1ticas dos seus ensinamentos. Atrav\u00e9s destes programas, adquirir\u00e1 uma vis\u00e3o mais completa e detalhada dos t\u00f3picos abordados, permitindo-lhe desenvolver solu\u00e7\u00f5es inovadoras e eficazes para os desafios que enfrentamos atualmente. Al\u00e9m disso, ter\u00e1 a oportunidade de interatuar com outros participantes e colaborar em projetos conjuntos, promovendo assim um ambiente de aprendizagem colaborativo e enriquecedor. Em suma, os semin\u00e1rios e programas do Dr. Andreas Kalcker s\u00e3o uma oportunidade inestim\u00e1vel para expandir os seus conhecimentos, desenvolver as suas compet\u00eancias e fazer parte de um movimento transformador que procura melhorar a qualidade de vida das pessoas em todo o mundo. N\u00e3o s\u00f3 aprender\u00e1, como tamb\u00e9m compreender\u00e1 e agir\u00e1. Viver\u00e1 uma experi\u00eancia enriquecedora, onde todos os dias estar\u00e1 imerso num mundo de aprendizagem e crescimento pessoal. Respirar\u00e1 o ar da motiva\u00e7\u00e3o e do entusiasmo, sentindo como cada conhecimento adquirido se torna uma pe\u00e7a importante da sua identidade. Aplicar\u00e1 as ferramentas e t\u00e9cnicas que aprendeu de uma forma pr\u00e1tica e consistente, permitindo que se enra\u00edzem no seu quotidiano e se tornem uma parte essencial da sua vida. Estar\u00e1 sempre dispon\u00edvel para enfrentar desafios e ultrapassar obst\u00e1culos, confiando nas suas capacidades e aptid\u00f5es para ter \u00eaxito em todos os projetos e objetivos que estabele\u00e7a para si. Desta forma, tornar-se-\u00e1 uma pessoa aut\u00eantica e capacitada, capaz de enfrentar qualquer desafio que surja no seu caminho. Os conhecimentos sobre sa\u00fade ser-lhe-\u00e3o \u00fateis para toda a vida. As inscri\u00e7\u00f5es para os semin\u00e1rios Web do CDS j\u00e1 est\u00e3o abertas. Os semin\u00e1rios ser\u00e3o conduzidos com v\u00eddeos e perguntas em direto com o Dr. Andreas Kalcker. Quem pode participar? Os semin\u00e1rios destinam-se a todos os interessados em quest\u00f5es de sa\u00fade avan\u00e7adas, tanto a n\u00edvel pessoal como profissional. O nosso objetivo \u00e9 alargar os conhecimentos e dar uma nova perspetiva ao sector da sa\u00fade. Ter\u00e1 acesso \u00e0 plataforma online onde poder\u00e1 acompanhar de forma f\u00e1cil e c\u00f3moda todas as informa\u00e7\u00f5es sobre os novos semin\u00e1rios. Acceso a Seminarios Avanzados<\/p>\n","protected":false},"author":1,"featured_media":0,"parent":0,"menu_order":0,"comment_status":"closed","ping_status":"closed","template":"","meta":{"footnotes":""},"class_list":["post-13929","page","type-page","status-publish"],"yoast_head":"<!-- This site is optimized with the Yoast SEO Premium plugin v22.2 (Yoast SEO v25.8) - https:\/\/yoast.com\/wordpress\/plugins\/seo\/ -->\n<title>Semin\u00e1rios avan\u00e7ados - Andreas Kalcker<\/title>\n<meta name=\"robots\" content=\"index, follow, max-snippet:-1, max-image-preview:large, max-video-preview:-1\" \/>\n<link rel=\"canonical\" href=\"https:\/\/andreaskalcker.com\/pt-pt\/seminarios-avancados\/\" \/>\n<meta property=\"og:locale\" content=\"pt_PT\" \/>\n<meta property=\"og:type\" content=\"article\" \/>\n<meta property=\"og:title\" content=\"Semin\u00e1rios avan\u00e7ados\" \/>\n<meta property=\"og:description\" content=\"Kalcker Institute Descubra o seu prop\u00f3sito, desbloqueie as chaves para melhorar a sua sa\u00fade ou reacenda a sua paix\u00e3o por ser um profissional de sa\u00fade, entre muitas outras coisas. Seja o que for que esteja \u00e0 procura, os cursos online podem ser o guia para a sua experi\u00eancia ideal de webinar com o Dr. Andreas Kalcker. Ap\u00f3s mais de dez anos de um \u00e1rduo e exaustivo trabalho de investiga\u00e7\u00e3o, \u00e9 com grande satisfa\u00e7\u00e3o que temos a oportunidade de partilhar convosco os valiosos resultados obtidos ao longo deste processo. Os semin\u00e1rios e programas do Dr. Andreas Kalcker permitir-lhe-\u00e3o construir sobre uma base s\u00f3lida de conhecimentos adquiridos, dando-lhe as ferramentas necess\u00e1rias para expandir as suas compet\u00eancias e contribuir para o crescimento de um movimento impar\u00e1vel em benef\u00edcio de todas as pessoas. Estas oportunidades de forma\u00e7\u00e3o permitir-lhe-\u00e3o aprofundar a sua compreens\u00e3o dos conceitos apresentados pelo Dr. Kalcker, bem como explorar novas perspetivas e aplica\u00e7\u00f5es pr\u00e1ticas dos seus ensinamentos. Atrav\u00e9s destes programas, adquirir\u00e1 uma vis\u00e3o mais completa e detalhada dos t\u00f3picos abordados, permitindo-lhe desenvolver solu\u00e7\u00f5es inovadoras e eficazes para os desafios que enfrentamos atualmente. Al\u00e9m disso, ter\u00e1 a oportunidade de interatuar com outros participantes e colaborar em projetos conjuntos, promovendo assim um ambiente de aprendizagem colaborativo e enriquecedor. Em suma, os semin\u00e1rios e programas do Dr. Andreas Kalcker s\u00e3o uma oportunidade inestim\u00e1vel para expandir os seus conhecimentos, desenvolver as suas compet\u00eancias e fazer parte de um movimento transformador que procura melhorar a qualidade de vida das pessoas em todo o mundo. N\u00e3o s\u00f3 aprender\u00e1, como tamb\u00e9m compreender\u00e1 e agir\u00e1. Viver\u00e1 uma experi\u00eancia enriquecedora, onde todos os dias estar\u00e1 imerso num mundo de aprendizagem e crescimento pessoal. Respirar\u00e1 o ar da motiva\u00e7\u00e3o e do entusiasmo, sentindo como cada conhecimento adquirido se torna uma pe\u00e7a importante da sua identidade. Aplicar\u00e1 as ferramentas e t\u00e9cnicas que aprendeu de uma forma pr\u00e1tica e consistente, permitindo que se enra\u00edzem no seu quotidiano e se tornem uma parte essencial da sua vida. Estar\u00e1 sempre dispon\u00edvel para enfrentar desafios e ultrapassar obst\u00e1culos, confiando nas suas capacidades e aptid\u00f5es para ter \u00eaxito em todos os projetos e objetivos que estabele\u00e7a para si. Desta forma, tornar-se-\u00e1 uma pessoa aut\u00eantica e capacitada, capaz de enfrentar qualquer desafio que surja no seu caminho. Os conhecimentos sobre sa\u00fade ser-lhe-\u00e3o \u00fateis para toda a vida. As inscri\u00e7\u00f5es para os semin\u00e1rios Web do CDS j\u00e1 est\u00e3o abertas. Os semin\u00e1rios ser\u00e3o conduzidos com v\u00eddeos e perguntas em direto com o Dr. Andreas Kalcker. Quem pode participar? Os semin\u00e1rios destinam-se a todos os interessados em quest\u00f5es de sa\u00fade avan\u00e7adas, tanto a n\u00edvel pessoal como profissional. O nosso objetivo \u00e9 alargar os conhecimentos e dar uma nova perspetiva ao sector da sa\u00fade. Ter\u00e1 acesso \u00e0 plataforma online onde poder\u00e1 acompanhar de forma f\u00e1cil e c\u00f3moda todas as informa\u00e7\u00f5es sobre os novos semin\u00e1rios. Acceso a Seminarios Avanzados\" \/>\n<meta property=\"og:url\" content=\"https:\/\/andreaskalcker.com\/pt-pt\/seminarios-avancados\/\" \/>\n<meta property=\"og:site_name\" content=\"Andreas Kalcker\" \/>\n<meta property=\"article:modified_time\" content=\"2025-02-17T10:21:45+00:00\" \/>\n<meta property=\"og:image\" content=\"https:\/\/andreaskalcker.com\/wp-content\/uploads\/elementor\/thumbs\/logo-KI-B-1-ql5ywapzajmw9c97it1ezhe3jo833gp8b78ovxdvy8.png\" \/>\n<meta name=\"twitter:card\" content=\"summary_large_image\" \/>\n<meta name=\"twitter:label1\" content=\"Tempo estimado de leitura\" \/>\n\t<meta name=\"twitter:data1\" content=\"3 minutos\" \/>\n<script type=\"application\/ld+json\" class=\"yoast-schema-graph\">{\"@context\":\"https:\/\/schema.org\",\"@graph\":[{\"@type\":\"WebPage\",\"@id\":\"https:\/\/andreaskalcker.com\/pt-pt\/seminarios-avancados\/\",\"url\":\"https:\/\/andreaskalcker.com\/pt-pt\/seminarios-avancados\/\",\"name\":\"Semin\u00e1rios avan\u00e7ados - Andreas Kalcker\",\"isPartOf\":{\"@id\":\"https:\/\/andreaskalcker.com\/#website\"},\"primaryImageOfPage\":{\"@id\":\"https:\/\/andreaskalcker.com\/pt-pt\/seminarios-avancados\/#primaryimage\"},\"image\":{\"@id\":\"https:\/\/andreaskalcker.com\/pt-pt\/seminarios-avancados\/#primaryimage\"},\"thumbnailUrl\":\"https:\/\/andreaskalcker.com\/wp-content\/uploads\/elementor\/thumbs\/logo-KI-B-1-ql5ywapzajmw9c97it1ezhe3jo833gp8b78ovxdvy8.png\",\"datePublished\":\"2023-07-17T18:26:03+00:00\",\"dateModified\":\"2025-02-17T10:21:45+00:00\",\"breadcrumb\":{\"@id\":\"https:\/\/andreaskalcker.com\/pt-pt\/seminarios-avancados\/#breadcrumb\"},\"inLanguage\":\"pt-PT\",\"potentialAction\":[{\"@type\":\"ReadAction\",\"target\":[\"https:\/\/andreaskalcker.com\/pt-pt\/seminarios-avancados\/\"]}]},{\"@type\":\"ImageObject\",\"inLanguage\":\"pt-PT\",\"@id\":\"https:\/\/andreaskalcker.com\/pt-pt\/seminarios-avancados\/#primaryimage\",\"url\":\"https:\/\/andreaskalcker.com\/wp-content\/uploads\/elementor\/thumbs\/logo-KI-B-1-ql5ywapzajmw9c97it1ezhe3jo833gp8b78ovxdvy8.png\",\"contentUrl\":\"https:\/\/andreaskalcker.com\/wp-content\/uploads\/elementor\/thumbs\/logo-KI-B-1-ql5ywapzajmw9c97it1ezhe3jo833gp8b78ovxdvy8.png\"},{\"@type\":\"BreadcrumbList\",\"@id\":\"https:\/\/andreaskalcker.com\/pt-pt\/seminarios-avancados\/#breadcrumb\",\"itemListElement\":[{\"@type\":\"ListItem\",\"position\":1,\"name\":\"Portada\",\"item\":\"https:\/\/andreaskalcker.com\/\"},{\"@type\":\"ListItem\",\"position\":2,\"name\":\"Semin\u00e1rios avan\u00e7ados\"}]},{\"@type\":\"WebSite\",\"@id\":\"https:\/\/andreaskalcker.com\/#website\",\"url\":\"https:\/\/andreaskalcker.com\/\",\"name\":\"Andreas Kalcker\",\"description\":\"Official website\",\"potentialAction\":[{\"@type\":\"SearchAction\",\"target\":{\"@type\":\"EntryPoint\",\"urlTemplate\":\"https:\/\/andreaskalcker.com\/?s={search_term_string}\"},\"query-input\":{\"@type\":\"PropertyValueSpecification\",\"valueRequired\":true,\"valueName\":\"search_term_string\"}}],\"inLanguage\":\"pt-PT\"}]}<\/script>\n<!-- \/ Yoast SEO Premium plugin. -->","yoast_head_json":{"title":"Semin\u00e1rios avan\u00e7ados - Andreas Kalcker","robots":{"index":"index","follow":"follow","max-snippet":"max-snippet:-1","max-image-preview":"max-image-preview:large","max-video-preview":"max-video-preview:-1"},"canonical":"https:\/\/andreaskalcker.com\/pt-pt\/seminarios-avancados\/","og_locale":"pt_PT","og_type":"article","og_title":"Semin\u00e1rios avan\u00e7ados","og_description":"Kalcker Institute Descubra o seu prop\u00f3sito, desbloqueie as chaves para melhorar a sua sa\u00fade ou reacenda a sua paix\u00e3o por ser um profissional de sa\u00fade, entre muitas outras coisas. Seja o que for que esteja \u00e0 procura, os cursos online podem ser o guia para a sua experi\u00eancia ideal de webinar com o Dr. Andreas Kalcker. Ap\u00f3s mais de dez anos de um \u00e1rduo e exaustivo trabalho de investiga\u00e7\u00e3o, \u00e9 com grande satisfa\u00e7\u00e3o que temos a oportunidade de partilhar convosco os valiosos resultados obtidos ao longo deste processo. Os semin\u00e1rios e programas do Dr. Andreas Kalcker permitir-lhe-\u00e3o construir sobre uma base s\u00f3lida de conhecimentos adquiridos, dando-lhe as ferramentas necess\u00e1rias para expandir as suas compet\u00eancias e contribuir para o crescimento de um movimento impar\u00e1vel em benef\u00edcio de todas as pessoas. Estas oportunidades de forma\u00e7\u00e3o permitir-lhe-\u00e3o aprofundar a sua compreens\u00e3o dos conceitos apresentados pelo Dr. Kalcker, bem como explorar novas perspetivas e aplica\u00e7\u00f5es pr\u00e1ticas dos seus ensinamentos. Atrav\u00e9s destes programas, adquirir\u00e1 uma vis\u00e3o mais completa e detalhada dos t\u00f3picos abordados, permitindo-lhe desenvolver solu\u00e7\u00f5es inovadoras e eficazes para os desafios que enfrentamos atualmente. Al\u00e9m disso, ter\u00e1 a oportunidade de interatuar com outros participantes e colaborar em projetos conjuntos, promovendo assim um ambiente de aprendizagem colaborativo e enriquecedor. Em suma, os semin\u00e1rios e programas do Dr. Andreas Kalcker s\u00e3o uma oportunidade inestim\u00e1vel para expandir os seus conhecimentos, desenvolver as suas compet\u00eancias e fazer parte de um movimento transformador que procura melhorar a qualidade de vida das pessoas em todo o mundo. N\u00e3o s\u00f3 aprender\u00e1, como tamb\u00e9m compreender\u00e1 e agir\u00e1. Viver\u00e1 uma experi\u00eancia enriquecedora, onde todos os dias estar\u00e1 imerso num mundo de aprendizagem e crescimento pessoal. Respirar\u00e1 o ar da motiva\u00e7\u00e3o e do entusiasmo, sentindo como cada conhecimento adquirido se torna uma pe\u00e7a importante da sua identidade. Aplicar\u00e1 as ferramentas e t\u00e9cnicas que aprendeu de uma forma pr\u00e1tica e consistente, permitindo que se enra\u00edzem no seu quotidiano e se tornem uma parte essencial da sua vida. Estar\u00e1 sempre dispon\u00edvel para enfrentar desafios e ultrapassar obst\u00e1culos, confiando nas suas capacidades e aptid\u00f5es para ter \u00eaxito em todos os projetos e objetivos que estabele\u00e7a para si. Desta forma, tornar-se-\u00e1 uma pessoa aut\u00eantica e capacitada, capaz de enfrentar qualquer desafio que surja no seu caminho. Os conhecimentos sobre sa\u00fade ser-lhe-\u00e3o \u00fateis para toda a vida. As inscri\u00e7\u00f5es para os semin\u00e1rios Web do CDS j\u00e1 est\u00e3o abertas. Os semin\u00e1rios ser\u00e3o conduzidos com v\u00eddeos e perguntas em direto com o Dr. Andreas Kalcker. Quem pode participar? Os semin\u00e1rios destinam-se a todos os interessados em quest\u00f5es de sa\u00fade avan\u00e7adas, tanto a n\u00edvel pessoal como profissional. O nosso objetivo \u00e9 alargar os conhecimentos e dar uma nova perspetiva ao sector da sa\u00fade. Ter\u00e1 acesso \u00e0 plataforma online onde poder\u00e1 acompanhar de forma f\u00e1cil e c\u00f3moda todas as informa\u00e7\u00f5es sobre os novos semin\u00e1rios. Acceso a Seminarios Avanzados","og_url":"https:\/\/andreaskalcker.com\/pt-pt\/seminarios-avancados\/","og_site_name":"Andreas Kalcker","article_modified_time":"2025-02-17T10:21:45+00:00","og_image":[{"url":"https:\/\/andreaskalcker.com\/wp-content\/uploads\/elementor\/thumbs\/logo-KI-B-1-ql5ywapzajmw9c97it1ezhe3jo833gp8b78ovxdvy8.png","type":"","width":"","height":""}],"twitter_card":"summary_large_image","twitter_misc":{"Tempo estimado de leitura":"3 minutos"},"schema":{"@context":"https:\/\/schema.org","@graph":[{"@type":"WebPage","@id":"https:\/\/andreaskalcker.com\/pt-pt\/seminarios-avancados\/","url":"https:\/\/andreaskalcker.com\/pt-pt\/seminarios-avancados\/","name":"Semin\u00e1rios avan\u00e7ados - Andreas Kalcker","isPartOf":{"@id":"https:\/\/andreaskalcker.com\/#website"},"primaryImageOfPage":{"@id":"https:\/\/andreaskalcker.com\/pt-pt\/seminarios-avancados\/#primaryimage"},"image":{"@id":"https:\/\/andreaskalcker.com\/pt-pt\/seminarios-avancados\/#primaryimage"},"thumbnailUrl":"https:\/\/andreaskalcker.com\/wp-content\/uploads\/elementor\/thumbs\/logo-KI-B-1-ql5ywapzajmw9c97it1ezhe3jo833gp8b78ovxdvy8.png","datePublished":"2023-07-17T18:26:03+00:00","dateModified":"2025-02-17T10:21:45+00:00","breadcrumb":{"@id":"https:\/\/andreaskalcker.com\/pt-pt\/seminarios-avancados\/#breadcrumb"},"inLanguage":"pt-PT","potentialAction":[{"@type":"ReadAction","target":["https:\/\/andreaskalcker.com\/pt-pt\/seminarios-avancados\/"]}]},{"@type":"ImageObject","inLanguage":"pt-PT","@id":"https:\/\/andreaskalcker.com\/pt-pt\/seminarios-avancados\/#primaryimage","url":"https:\/\/andreaskalcker.com\/wp-content\/uploads\/elementor\/thumbs\/logo-KI-B-1-ql5ywapzajmw9c97it1ezhe3jo833gp8b78ovxdvy8.png","contentUrl":"https:\/\/andreaskalcker.com\/wp-content\/uploads\/elementor\/thumbs\/logo-KI-B-1-ql5ywapzajmw9c97it1ezhe3jo833gp8b78ovxdvy8.png"},{"@type":"BreadcrumbList","@id":"https:\/\/andreaskalcker.com\/pt-pt\/seminarios-avancados\/#breadcrumb","itemListElement":[{"@type":"ListItem","position":1,"name":"Portada","item":"https:\/\/andreaskalcker.com\/"},{"@type":"ListItem","position":2,"name":"Semin\u00e1rios avan\u00e7ados"}]},{"@type":"WebSite","@id":"https:\/\/andreaskalcker.com\/#website","url":"https:\/\/andreaskalcker.com\/","name":"Andreas Kalcker","description":"Official website","potentialAction":[{"@type":"SearchAction","target":{"@type":"EntryPoint","urlTemplate":"https:\/\/andreaskalcker.com\/?s={search_term_string}"},"query-input":{"@type":"PropertyValueSpecification","valueRequired":true,"valueName":"search_term_string"}}],"inLanguage":"pt-PT"}]}},"_links":{"self":[{"href":"https:\/\/andreaskalcker.com\/pt-pt\/wp-json\/wp\/v2\/pages\/13929","targetHints":{"allow":["GET"]}}],"collection":[{"href":"https:\/\/andreaskalcker.com\/pt-pt\/wp-json\/wp\/v2\/pages"}],"about":[{"href":"https:\/\/andreaskalcker.com\/pt-pt\/wp-json\/wp\/v2\/types\/page"}],"author":[{"embeddable":true,"href":"https:\/\/andreaskalcker.com\/pt-pt\/wp-json\/wp\/v2\/users\/1"}],"replies":[{"embeddable":true,"href":"https:\/\/andreaskalcker.com\/pt-pt\/wp-json\/wp\/v2\/comments?post=13929"}],"version-history":[{"count":0,"href":"https:\/\/andreaskalcker.com\/pt-pt\/wp-json\/wp\/v2\/pages\/13929\/revisions"}],"wp:attachment":[{"href":"https:\/\/andreaskalcker.com\/pt-pt\/wp-json\/wp\/v2\/media?parent=13929"}],"curies":[{"name":"wp","href":"https:\/\/api.w.org\/{rel}","templated":true}]}}