{"id":14351,"date":"2024-03-18T08:28:42","date_gmt":"2024-03-18T07:28:42","guid":{"rendered":"https:\/\/andreaskalcker.com\/ia-pergunta-a-nossa-inteligencia-artificial\/"},"modified":"2025-02-17T11:31:07","modified_gmt":"2025-02-17T10:31:07","slug":"ia-pergunta-a-nossa-inteligencia-artificial","status":"publish","type":"page","link":"https:\/\/andreaskalcker.com\/pt-pt\/ia-pergunta-a-nossa-inteligencia-artificial\/","title":{"rendered":"IA Pergunta \u00e0 nossa intelig\u00eancia artificial"},"content":{"rendered":"\t\t<div data-elementor-type=\"wp-page\" data-elementor-id=\"14351\" class=\"elementor elementor-14351 elementor-11870\" data-elementor-post-type=\"page\">\n\t\t\t\t\t\t<section class=\"elementor-section elementor-top-section elementor-element elementor-element-505c104a elementor-section-boxed elementor-section-height-default elementor-section-height-default wpr-particle-no wpr-jarallax-no wpr-parallax-no wpr-sticky-section-no\" data-id=\"505c104a\" data-element_type=\"section\" data-settings=\"{&quot;background_background&quot;:&quot;gradient&quot;,&quot;background_motion_fx_motion_fx_scrolling&quot;:&quot;yes&quot;,&quot;background_motion_fx_motion_fx_mouse&quot;:&quot;yes&quot;,&quot;background_motion_fx_mouseTrack_effect&quot;:&quot;yes&quot;,&quot;background_motion_fx_devices&quot;:[&quot;desktop&quot;,&quot;tablet&quot;,&quot;mobile&quot;],&quot;background_motion_fx_mouseTrack_speed&quot;:{&quot;unit&quot;:&quot;px&quot;,&quot;size&quot;:1,&quot;sizes&quot;:[]}}\">\n\t\t\t\t\t\t<div class=\"elementor-container elementor-column-gap-default\">\n\t\t\t\t\t<div class=\"elementor-column elementor-col-100 elementor-top-column elementor-element elementor-element-b9d58d9\" data-id=\"b9d58d9\" data-element_type=\"column\">\n\t\t\t<div class=\"elementor-widget-wrap elementor-element-populated\">\n\t\t\t\t\t\t<div class=\"elementor-element elementor-element-4e1bedf1 elementor-widget elementor-widget-heading\" data-id=\"4e1bedf1\" data-element_type=\"widget\" data-widget_type=\"heading.default\">\n\t\t\t\t<div class=\"elementor-widget-container\">\n\t\t\t\t\t<h2 class=\"elementor-heading-title elementor-size-default\">IA Pergunta \u00e0 nossa intelig\u00eancia artificial<\/h2>\t\t\t\t<\/div>\n\t\t\t\t<\/div>\n\t\t\t\t\t<\/div>\n\t\t<\/div>\n\t\t\t\t\t<\/div>\n\t\t<\/section>\n\t\t\t\t<section class=\"elementor-section elementor-top-section elementor-element elementor-element-651a4b5 elementor-section-boxed elementor-section-height-default elementor-section-height-default wpr-particle-no wpr-jarallax-no wpr-parallax-no wpr-sticky-section-no\" data-id=\"651a4b5\" data-element_type=\"section\">\n\t\t\t\t\t\t<div class=\"elementor-container elementor-column-gap-default\">\n\t\t\t\t\t<div class=\"elementor-column elementor-col-100 elementor-top-column elementor-element elementor-element-358b473\" data-id=\"358b473\" data-element_type=\"column\">\n\t\t\t<div class=\"elementor-widget-wrap elementor-element-populated\">\n\t\t\t\t\t\t<div class=\"elementor-element elementor-element-1d65db0 elementor-widget elementor-widget-text-editor\" data-id=\"1d65db0\" data-element_type=\"widget\" data-widget_type=\"text-editor.default\">\n\t\t\t\t<div class=\"elementor-widget-container\">\n\t\t\t\t\t\t\t\t\t<p><strong>Bem-vindo \u00e0 nossa plataforma de assist\u00eancia inteligente<\/strong><\/p><p><strong> <\/strong><\/p><p>Nesta sec\u00e7\u00e3o do nosso s\u00edtio Web, oferecemos-te uma ferramenta \u00fanica e poderosa: o acesso direto ao nosso assistente de intelig\u00eancia artificial, concebido para te orientar e fornecer respostas r\u00e1pidas sobre os conte\u00fados e recursos dispon\u00edveis no nosso s\u00edtio. Esta ferramenta \u00e9 <b>publicada a t\u00edtulo experimental<\/b>.<\/p><p> <\/p><p>Este assistente \u00e9 um recurso extraordin\u00e1rio para te ajudar a navegar na nossa vasta gama de informa\u00e7\u00f5es, artigos, investiga\u00e7\u00e3o e muito mais. No entanto, \u00e9 fundamental compreender que, embora esta ferramenta esteja aqui para facilitar a tua procura de conhecimento e resolver as tuas d\u00favidas de forma eficiente, <strong>n\u00e3o representa as palavras ou conselhos diretos de Andreas Kalcker<\/strong>.<\/p><p> <\/p><p>A intelig\u00eancia artificial \u00e9 uma tecnologia avan\u00e7ada que aprende com grandes quantidades de informa\u00e7\u00e3o e se esfor\u00e7a por fornecer respostas exactas e relevantes. No entanto, como todas as tecnologias, n\u00e3o \u00e9 infal\u00edvel. \u00c9 poss\u00edvel que, ocasionalmente, as informa\u00e7\u00f5es fornecidas por este assistente n\u00e3o sejam totalmente exactas ou estejam desactualizadas em rela\u00e7\u00e3o \u00e0s \u00faltimas descobertas ou publica\u00e7\u00f5es no nosso s\u00edtio Web oficial, <a href=\"https:\/\/andreaskalcker.com\/pt-pt\/\" target=\"_blank\" rel=\"noopener\">andreaskalcker.com.<\/a><\/p><p> <\/p><p>Por isso, pedimos-te que utilizes este servi\u00e7o como um ponto de partida, uma primeira ajuda na tua procura de informa\u00e7\u00e3o. Mas lembra-te sempre de <strong>verificar as informa\u00e7\u00f5es com o conte\u00fado publicado diretamente no nosso s\u00edtio Web oficial<\/strong>. Desta forma, garante que as decis\u00f5es que toma se baseiam nas informa\u00e7\u00f5es mais exactas e actualizadas dispon\u00edveis.<\/p><p> <\/p><p>O nosso objetivo \u00e9 dar-te conhecimentos e facultar-te o acesso a informa\u00e7\u00f5es vitais. Estamos aqui para te ajudar, mas o teu discernimento e verifica\u00e7\u00e3o s\u00e3o fundamentais para uma experi\u00eancia de informa\u00e7\u00e3o completa e exacta.<\/p><p> <\/p><p><strong>Como utilizar este servi\u00e7o<\/strong><\/p><p><strong> <\/strong><\/p><p>Clica no bot\u00e3o flutuante deste s\u00edtio Web com a imagem do andreas AI e introduz a tua pergunta no campo de texto fornecido e o nosso assistente de intelig\u00eancia artificial trabalhar\u00e1 para te dar uma resposta com base no vasto conte\u00fado dispon\u00edvel no nosso s\u00edtio. Quer tenhas d\u00favidas sobre uma investiga\u00e7\u00e3o espec\u00edfica, procures artigos relacionados com um determinado t\u00f3pico ou precises de orienta\u00e7\u00e3o sobre onde encontrar determinados recursos, o nosso assistente foi concebido para ajudar.<\/p><p> <\/p><p><b>Lembra-te: as informa\u00e7\u00f5es fornecidas por esta ferramenta s\u00e3o um guia. O teu melhor recurso ser\u00e1 sempre o conte\u00fado validado fornecido diretamente por Andreas Kalcker e a sua equipa em <a href=\"https:\/\/andreaskalcker.com\/pt-pt\/\" target=\"_blank\" rel=\"noopener\">andreaskalcker.com.<\/a><\/b><\/p><p> <\/p><p><strong>Obrigado pela tua visita e pelo teu interesse. Estamos aqui para te ajudar a descobrir e explorar!<\/strong><\/p>\t\t\t\t\t\t\t\t<\/div>\n\t\t\t\t<\/div>\n\t\t\t\t<div class=\"elementor-element elementor-element-d033a3d elementor-widget elementor-widget-html\" data-id=\"d033a3d\" data-element_type=\"widget\" data-widget_type=\"html.default\">\n\t\t\t\t<div class=\"elementor-widget-container\">\n\t\t\t\t\t<script>var script = document.createElement(\"script\");\n                    script.async = true;\n                    script.id = \"chatbotscript\";\n                    script.dataset.accountid = \"hyk2IvGD5SGuGBiDWtrGgg==\";\n                    script.dataset.websiteid = \"hiW1WmQNNIba1r5TlLDQgg==\";\n                    script.src = \"https:\/\/app.robofy.ai\/bot\/js\/encChatWidget.js?v=\" + new Date().getTime();\n                    document.head.appendChild(script);\n            <\/script>\t\t\t\t<\/div>\n\t\t\t\t<\/div>\n\t\t\t\t\t<\/div>\n\t\t<\/div>\n\t\t\t\t\t<\/div>\n\t\t<\/section>\n\t\t\t\t<\/div>\n\t\t","protected":false},"excerpt":{"rendered":"<p>Bem-vindo \u00e0 nossa plataforma de assist\u00eancia inteligente Nesta sec\u00e7\u00e3o do nosso s\u00edtio Web, oferecemos-te uma ferramenta \u00fanica e poderosa: o acesso direto ao nosso assistente de intelig\u00eancia artificial, concebido para te orientar e fornecer respostas r\u00e1pidas sobre os conte\u00fados e recursos dispon\u00edveis no nosso s\u00edtio. Esta ferramenta \u00e9 publicada a t\u00edtulo experimental. Este assistente \u00e9 um recurso extraordin\u00e1rio para te ajudar a navegar na nossa vasta gama de informa\u00e7\u00f5es, artigos, investiga\u00e7\u00e3o e muito mais. No entanto, \u00e9 fundamental compreender que, embora esta ferramenta esteja aqui para facilitar a tua procura de conhecimento e resolver as tuas d\u00favidas de forma eficiente, n\u00e3o representa as palavras ou conselhos diretos de Andreas Kalcker. A intelig\u00eancia artificial \u00e9 uma tecnologia avan\u00e7ada que aprende com grandes quantidades de informa\u00e7\u00e3o e se esfor\u00e7a por fornecer respostas exactas e relevantes. No entanto, como todas as tecnologias, n\u00e3o \u00e9 infal\u00edvel. \u00c9 poss\u00edvel que, ocasionalmente, as informa\u00e7\u00f5es fornecidas por este assistente n\u00e3o sejam totalmente exactas ou estejam desactualizadas em rela\u00e7\u00e3o \u00e0s \u00faltimas descobertas ou publica\u00e7\u00f5es no nosso s\u00edtio Web oficial, andreaskalcker.com. Por isso, pedimos-te que utilizes este servi\u00e7o como um ponto de partida, uma primeira ajuda na tua procura de informa\u00e7\u00e3o. Mas lembra-te sempre de verificar as informa\u00e7\u00f5es com o conte\u00fado publicado diretamente no nosso s\u00edtio Web oficial. Desta forma, garante que as decis\u00f5es que toma se baseiam nas informa\u00e7\u00f5es mais exactas e actualizadas dispon\u00edveis. O nosso objetivo \u00e9 dar-te conhecimentos e facultar-te o acesso a informa\u00e7\u00f5es vitais. Estamos aqui para te ajudar, mas o teu discernimento e verifica\u00e7\u00e3o s\u00e3o fundamentais para uma experi\u00eancia de informa\u00e7\u00e3o completa e exacta. Como utilizar este servi\u00e7o Clica no bot\u00e3o flutuante deste s\u00edtio Web com a imagem do andreas AI e introduz a tua pergunta no campo de texto fornecido e o nosso assistente de intelig\u00eancia artificial trabalhar\u00e1 para te dar uma resposta com base no vasto conte\u00fado dispon\u00edvel no nosso s\u00edtio. Quer tenhas d\u00favidas sobre uma investiga\u00e7\u00e3o espec\u00edfica, procures artigos relacionados com um determinado t\u00f3pico ou precises de orienta\u00e7\u00e3o sobre onde encontrar determinados recursos, o nosso assistente foi concebido para ajudar. Lembra-te: as informa\u00e7\u00f5es fornecidas por esta ferramenta s\u00e3o um guia. O teu melhor recurso ser\u00e1 sempre o conte\u00fado validado fornecido diretamente por Andreas Kalcker e a sua equipa em andreaskalcker.com. Obrigado pela tua visita e pelo teu interesse. Estamos aqui para te ajudar a descobrir e explorar!<\/p>\n","protected":false},"author":1,"featured_media":0,"parent":0,"menu_order":0,"comment_status":"closed","ping_status":"closed","template":"","meta":{"footnotes":""},"class_list":["post-14351","page","type-page","status-publish"],"yoast_head":"<!-- This site is optimized with the Yoast SEO Premium plugin v22.2 (Yoast SEO v25.8) - https:\/\/yoast.com\/wordpress\/plugins\/seo\/ -->\n<title>IA Pergunta \u00e0 nossa intelig\u00eancia artificial - Andreas Kalcker<\/title>\n<meta name=\"robots\" content=\"index, follow, max-snippet:-1, max-image-preview:large, max-video-preview:-1\" \/>\n<link rel=\"canonical\" href=\"https:\/\/andreaskalcker.com\/ia-pregunta-a-nuestra-inteligencia-artificial\/\" \/>\n<meta property=\"og:locale\" content=\"pt_PT\" \/>\n<meta property=\"og:type\" content=\"article\" \/>\n<meta property=\"og:title\" content=\"IA Pergunta \u00e0 nossa intelig\u00eancia artificial\" \/>\n<meta property=\"og:description\" content=\"Bem-vindo \u00e0 nossa plataforma de assist\u00eancia inteligente Nesta sec\u00e7\u00e3o do nosso s\u00edtio Web, oferecemos-te uma ferramenta \u00fanica e poderosa: o acesso direto ao nosso assistente de intelig\u00eancia artificial, concebido para te orientar e fornecer respostas r\u00e1pidas sobre os conte\u00fados e recursos dispon\u00edveis no nosso s\u00edtio. Esta ferramenta \u00e9 publicada a t\u00edtulo experimental. Este assistente \u00e9 um recurso extraordin\u00e1rio para te ajudar a navegar na nossa vasta gama de informa\u00e7\u00f5es, artigos, investiga\u00e7\u00e3o e muito mais. No entanto, \u00e9 fundamental compreender que, embora esta ferramenta esteja aqui para facilitar a tua procura de conhecimento e resolver as tuas d\u00favidas de forma eficiente, n\u00e3o representa as palavras ou conselhos diretos de Andreas Kalcker. A intelig\u00eancia artificial \u00e9 uma tecnologia avan\u00e7ada que aprende com grandes quantidades de informa\u00e7\u00e3o e se esfor\u00e7a por fornecer respostas exactas e relevantes. No entanto, como todas as tecnologias, n\u00e3o \u00e9 infal\u00edvel. \u00c9 poss\u00edvel que, ocasionalmente, as informa\u00e7\u00f5es fornecidas por este assistente n\u00e3o sejam totalmente exactas ou estejam desactualizadas em rela\u00e7\u00e3o \u00e0s \u00faltimas descobertas ou publica\u00e7\u00f5es no nosso s\u00edtio Web oficial, andreaskalcker.com. Por isso, pedimos-te que utilizes este servi\u00e7o como um ponto de partida, uma primeira ajuda na tua procura de informa\u00e7\u00e3o. Mas lembra-te sempre de verificar as informa\u00e7\u00f5es com o conte\u00fado publicado diretamente no nosso s\u00edtio Web oficial. Desta forma, garante que as decis\u00f5es que toma se baseiam nas informa\u00e7\u00f5es mais exactas e actualizadas dispon\u00edveis. O nosso objetivo \u00e9 dar-te conhecimentos e facultar-te o acesso a informa\u00e7\u00f5es vitais. Estamos aqui para te ajudar, mas o teu discernimento e verifica\u00e7\u00e3o s\u00e3o fundamentais para uma experi\u00eancia de informa\u00e7\u00e3o completa e exacta. Como utilizar este servi\u00e7o Clica no bot\u00e3o flutuante deste s\u00edtio Web com a imagem do andreas AI e introduz a tua pergunta no campo de texto fornecido e o nosso assistente de intelig\u00eancia artificial trabalhar\u00e1 para te dar uma resposta com base no vasto conte\u00fado dispon\u00edvel no nosso s\u00edtio. Quer tenhas d\u00favidas sobre uma investiga\u00e7\u00e3o espec\u00edfica, procures artigos relacionados com um determinado t\u00f3pico ou precises de orienta\u00e7\u00e3o sobre onde encontrar determinados recursos, o nosso assistente foi concebido para ajudar. Lembra-te: as informa\u00e7\u00f5es fornecidas por esta ferramenta s\u00e3o um guia. O teu melhor recurso ser\u00e1 sempre o conte\u00fado validado fornecido diretamente por Andreas Kalcker e a sua equipa em andreaskalcker.com. Obrigado pela tua visita e pelo teu interesse. Estamos aqui para te ajudar a descobrir e explorar!\" \/>\n<meta property=\"og:url\" content=\"https:\/\/andreaskalcker.com\/ia-pregunta-a-nuestra-inteligencia-artificial\/\" \/>\n<meta property=\"og:site_name\" content=\"Andreas Kalcker\" \/>\n<meta property=\"article:modified_time\" content=\"2025-02-17T10:31:07+00:00\" \/>\n<meta name=\"twitter:card\" content=\"summary_large_image\" \/>\n<meta name=\"twitter:label1\" content=\"Tempo estimado de leitura\" \/>\n\t<meta name=\"twitter:data1\" content=\"2 minutos\" \/>\n<script type=\"application\/ld+json\" class=\"yoast-schema-graph\">{\"@context\":\"https:\/\/schema.org\",\"@graph\":[{\"@type\":\"WebPage\",\"@id\":\"https:\/\/andreaskalcker.com\/ia-pregunta-a-nuestra-inteligencia-artificial\/\",\"url\":\"https:\/\/andreaskalcker.com\/ia-pregunta-a-nuestra-inteligencia-artificial\/\",\"name\":\"IA Pergunta \u00e0 nossa intelig\u00eancia artificial - Andreas Kalcker\",\"isPartOf\":{\"@id\":\"https:\/\/andreaskalcker.com\/#website\"},\"datePublished\":\"2024-03-18T07:28:42+00:00\",\"dateModified\":\"2025-02-17T10:31:07+00:00\",\"breadcrumb\":{\"@id\":\"https:\/\/andreaskalcker.com\/ia-pregunta-a-nuestra-inteligencia-artificial\/#breadcrumb\"},\"inLanguage\":\"pt-PT\",\"potentialAction\":[{\"@type\":\"ReadAction\",\"target\":[\"https:\/\/andreaskalcker.com\/ia-pregunta-a-nuestra-inteligencia-artificial\/\"]}]},{\"@type\":\"BreadcrumbList\",\"@id\":\"https:\/\/andreaskalcker.com\/ia-pregunta-a-nuestra-inteligencia-artificial\/#breadcrumb\",\"itemListElement\":[{\"@type\":\"ListItem\",\"position\":1,\"name\":\"Portada\",\"item\":\"https:\/\/andreaskalcker.com\/\"},{\"@type\":\"ListItem\",\"position\":2,\"name\":\"IA Pergunta \u00e0 nossa intelig\u00eancia artificial\"}]},{\"@type\":\"WebSite\",\"@id\":\"https:\/\/andreaskalcker.com\/#website\",\"url\":\"https:\/\/andreaskalcker.com\/\",\"name\":\"Andreas Kalcker\",\"description\":\"Official website\",\"potentialAction\":[{\"@type\":\"SearchAction\",\"target\":{\"@type\":\"EntryPoint\",\"urlTemplate\":\"https:\/\/andreaskalcker.com\/?s={search_term_string}\"},\"query-input\":{\"@type\":\"PropertyValueSpecification\",\"valueRequired\":true,\"valueName\":\"search_term_string\"}}],\"inLanguage\":\"pt-PT\"}]}<\/script>\n<!-- \/ Yoast SEO Premium plugin. -->","yoast_head_json":{"title":"IA Pergunta \u00e0 nossa intelig\u00eancia artificial - Andreas Kalcker","robots":{"index":"index","follow":"follow","max-snippet":"max-snippet:-1","max-image-preview":"max-image-preview:large","max-video-preview":"max-video-preview:-1"},"canonical":"https:\/\/andreaskalcker.com\/ia-pregunta-a-nuestra-inteligencia-artificial\/","og_locale":"pt_PT","og_type":"article","og_title":"IA Pergunta \u00e0 nossa intelig\u00eancia artificial","og_description":"Bem-vindo \u00e0 nossa plataforma de assist\u00eancia inteligente Nesta sec\u00e7\u00e3o do nosso s\u00edtio Web, oferecemos-te uma ferramenta \u00fanica e poderosa: o acesso direto ao nosso assistente de intelig\u00eancia artificial, concebido para te orientar e fornecer respostas r\u00e1pidas sobre os conte\u00fados e recursos dispon\u00edveis no nosso s\u00edtio. Esta ferramenta \u00e9 publicada a t\u00edtulo experimental. Este assistente \u00e9 um recurso extraordin\u00e1rio para te ajudar a navegar na nossa vasta gama de informa\u00e7\u00f5es, artigos, investiga\u00e7\u00e3o e muito mais. No entanto, \u00e9 fundamental compreender que, embora esta ferramenta esteja aqui para facilitar a tua procura de conhecimento e resolver as tuas d\u00favidas de forma eficiente, n\u00e3o representa as palavras ou conselhos diretos de Andreas Kalcker. A intelig\u00eancia artificial \u00e9 uma tecnologia avan\u00e7ada que aprende com grandes quantidades de informa\u00e7\u00e3o e se esfor\u00e7a por fornecer respostas exactas e relevantes. No entanto, como todas as tecnologias, n\u00e3o \u00e9 infal\u00edvel. \u00c9 poss\u00edvel que, ocasionalmente, as informa\u00e7\u00f5es fornecidas por este assistente n\u00e3o sejam totalmente exactas ou estejam desactualizadas em rela\u00e7\u00e3o \u00e0s \u00faltimas descobertas ou publica\u00e7\u00f5es no nosso s\u00edtio Web oficial, andreaskalcker.com. Por isso, pedimos-te que utilizes este servi\u00e7o como um ponto de partida, uma primeira ajuda na tua procura de informa\u00e7\u00e3o. Mas lembra-te sempre de verificar as informa\u00e7\u00f5es com o conte\u00fado publicado diretamente no nosso s\u00edtio Web oficial. Desta forma, garante que as decis\u00f5es que toma se baseiam nas informa\u00e7\u00f5es mais exactas e actualizadas dispon\u00edveis. O nosso objetivo \u00e9 dar-te conhecimentos e facultar-te o acesso a informa\u00e7\u00f5es vitais. Estamos aqui para te ajudar, mas o teu discernimento e verifica\u00e7\u00e3o s\u00e3o fundamentais para uma experi\u00eancia de informa\u00e7\u00e3o completa e exacta. Como utilizar este servi\u00e7o Clica no bot\u00e3o flutuante deste s\u00edtio Web com a imagem do andreas AI e introduz a tua pergunta no campo de texto fornecido e o nosso assistente de intelig\u00eancia artificial trabalhar\u00e1 para te dar uma resposta com base no vasto conte\u00fado dispon\u00edvel no nosso s\u00edtio. Quer tenhas d\u00favidas sobre uma investiga\u00e7\u00e3o espec\u00edfica, procures artigos relacionados com um determinado t\u00f3pico ou precises de orienta\u00e7\u00e3o sobre onde encontrar determinados recursos, o nosso assistente foi concebido para ajudar. Lembra-te: as informa\u00e7\u00f5es fornecidas por esta ferramenta s\u00e3o um guia. O teu melhor recurso ser\u00e1 sempre o conte\u00fado validado fornecido diretamente por Andreas Kalcker e a sua equipa em andreaskalcker.com. Obrigado pela tua visita e pelo teu interesse. Estamos aqui para te ajudar a descobrir e explorar!","og_url":"https:\/\/andreaskalcker.com\/ia-pregunta-a-nuestra-inteligencia-artificial\/","og_site_name":"Andreas Kalcker","article_modified_time":"2025-02-17T10:31:07+00:00","twitter_card":"summary_large_image","twitter_misc":{"Tempo estimado de leitura":"2 minutos"},"schema":{"@context":"https:\/\/schema.org","@graph":[{"@type":"WebPage","@id":"https:\/\/andreaskalcker.com\/ia-pregunta-a-nuestra-inteligencia-artificial\/","url":"https:\/\/andreaskalcker.com\/ia-pregunta-a-nuestra-inteligencia-artificial\/","name":"IA Pergunta \u00e0 nossa intelig\u00eancia artificial - Andreas Kalcker","isPartOf":{"@id":"https:\/\/andreaskalcker.com\/#website"},"datePublished":"2024-03-18T07:28:42+00:00","dateModified":"2025-02-17T10:31:07+00:00","breadcrumb":{"@id":"https:\/\/andreaskalcker.com\/ia-pregunta-a-nuestra-inteligencia-artificial\/#breadcrumb"},"inLanguage":"pt-PT","potentialAction":[{"@type":"ReadAction","target":["https:\/\/andreaskalcker.com\/ia-pregunta-a-nuestra-inteligencia-artificial\/"]}]},{"@type":"BreadcrumbList","@id":"https:\/\/andreaskalcker.com\/ia-pregunta-a-nuestra-inteligencia-artificial\/#breadcrumb","itemListElement":[{"@type":"ListItem","position":1,"name":"Portada","item":"https:\/\/andreaskalcker.com\/"},{"@type":"ListItem","position":2,"name":"IA Pergunta \u00e0 nossa intelig\u00eancia artificial"}]},{"@type":"WebSite","@id":"https:\/\/andreaskalcker.com\/#website","url":"https:\/\/andreaskalcker.com\/","name":"Andreas Kalcker","description":"Official website","potentialAction":[{"@type":"SearchAction","target":{"@type":"EntryPoint","urlTemplate":"https:\/\/andreaskalcker.com\/?s={search_term_string}"},"query-input":{"@type":"PropertyValueSpecification","valueRequired":true,"valueName":"search_term_string"}}],"inLanguage":"pt-PT"}]}},"_links":{"self":[{"href":"https:\/\/andreaskalcker.com\/pt-pt\/wp-json\/wp\/v2\/pages\/14351","targetHints":{"allow":["GET"]}}],"collection":[{"href":"https:\/\/andreaskalcker.com\/pt-pt\/wp-json\/wp\/v2\/pages"}],"about":[{"href":"https:\/\/andreaskalcker.com\/pt-pt\/wp-json\/wp\/v2\/types\/page"}],"author":[{"embeddable":true,"href":"https:\/\/andreaskalcker.com\/pt-pt\/wp-json\/wp\/v2\/users\/1"}],"replies":[{"embeddable":true,"href":"https:\/\/andreaskalcker.com\/pt-pt\/wp-json\/wp\/v2\/comments?post=14351"}],"version-history":[{"count":0,"href":"https:\/\/andreaskalcker.com\/pt-pt\/wp-json\/wp\/v2\/pages\/14351\/revisions"}],"wp:attachment":[{"href":"https:\/\/andreaskalcker.com\/pt-pt\/wp-json\/wp\/v2\/media?parent=14351"}],"curies":[{"name":"wp","href":"https:\/\/api.w.org\/{rel}","templated":true}]}}